{"id":1512,"date":"2026-01-17T16:04:13","date_gmt":"2026-01-17T16:04:13","guid":{"rendered":"https:\/\/teammutantecuador.com\/?post_type=product&#038;p=1512"},"modified":"2026-01-20T16:01:47","modified_gmt":"2026-01-20T16:01:47","slug":"cytomel-0-25-mcg-mutant-pharma","status":"publish","type":"product","link":"https:\/\/teammutantecuador.com\/?product=cytomel-0-25-mcg-mutant-pharma","title":{"rendered":"Cytomel 0.25 MCG Mutant Pharma"},"content":{"rendered":"<p>Cytomel 0.25 mcg\u00a0(Liotironina\u00a0de sodio) es una hormona tiroidea fabricada sint\u00e9ticamente. Est\u00e1 especialmente constituida por el L-is\u00f3mero de la hormona tiroidea natural triyodotironina (T3).<\/p>\n<p>Las hormonas tiroideas estimulan la tasa metab\u00f3lica basal y est\u00e1n involucradas en muchas funciones celulares, como el metabolismo de prote\u00ednas, grasas y carbohidratos.<\/p>\n<p>La Liotironina de sodio se usa m\u00e9dicamente para tratar el hipotiroidismo, una afecci\u00f3n en la que la gl\u00e1ndula tiroides no produce niveles suficientes de hormona tiroidea.<\/p>\n<p>El hipotiroidismo generalmente se diagnostica con un perfil de hormonas s\u00e9ricas (T3, T4 y TSH) y puede manifestarse con s\u00edntomas que incluyen p\u00e9rdida de energ\u00eda, letargo, aumento de peso, p\u00e9rdida de cabello y cambios en las texturas de la piel.<\/p>\n<p>Cytomel T3 es la hormona tiroidea m\u00e1s activa en el cuerpo y, consecuentemente, la liotironina s\u00f3dica se considera un medicamento tiroideo m\u00e1s potente que la levotiroxina s\u00f3dica (T4).<\/p>\n<p>Los culturistas y los atletas se sienten atra\u00eddos por la liotironina s\u00f3dica T3 por su capacidad para aumentar el metabolismo y apoyar la descomposici\u00f3n de la grasa corporal.<\/p>\n<p>Utilizado con mayor frecuencia durante la preparaci\u00f3n de competencias o per\u00edodos de \u201d corte \u201d, se dice que el medicamento ayuda significativamente en la p\u00e9rdida de grasa,\u00a0incluso en niveles m\u00e1s altos de ingesta cal\u00f3rica de lo que normalmente ser\u00eda permisivo para dicha p\u00e9rdida de grasa.<\/p>\n<p>Para este fin, el medicamento tambi\u00e9n se usa com\u00fanmente en conjunci\u00f3n con otros agentes\u00a0para la p\u00e9rdida de grasa como\u00a0la hormona de crecimiento humana<a href=\"https:\/\/www.universaldeesteroides.com\/productos\/hormona-de-crecimiento-humano-hgh-somatropin\/\">\u00a0<\/a>o beta agonista.<\/p>\n<p>&nbsp;<\/p>\n<h3>ADMINISTRACI\u00d3N<\/h3>\n<p>Cuando se usa para tratar el hipotiroidismo leve, la dosis de inicio recomendada t\u00edpica es de 25 mcg al d\u00eda. La dosis diaria entonces puede aumentarse en no m\u00e1s de 25 mcg cada 1 a 2 semanas. La dosis de mantenimiento establecida generalmente es de 25-75 mcg por d\u00eda.<\/p>\n<p>&nbsp;<\/p>\n<h3>PRESENTACI\u00d3N<\/h3>\n<p>Tarro de 100 tabletas de 0.25 mcg<\/p>\n","protected":false},"excerpt":{"rendered":"<p>Cytomel 0.25 mcg\u00a0(Liotironina\u00a0de sodio) es una hormona tiroidea fabricada sint\u00e9ticamente. Est\u00e1 especialmente constituida por el L-is\u00f3mero de la hormona tiroidea natural triyodotironina (T3).<\/p>\n","protected":false},"featured_media":1769,"comment_status":"open","ping_status":"closed","template":"","meta":[],"product_brand":[],"product_cat":[392],"product_tag":[105,188,154,183],"class_list":{"0":"post-1512","1":"product","2":"type-product","3":"status-publish","4":"has-post-thumbnail","6":"product_cat-anabolicos","7":"product_tag-anabolico","8":"product_tag-cytomel","9":"product_tag-mutant-pharma","10":"product_tag-orales","12":"first","13":"instock","14":"shipping-taxable","15":"purchasable","16":"product-type-simple"},"yoast_head":"<!-- This site is optimized with the Yoast SEO plugin v26.8 - https:\/\/yoast.com\/product\/yoast-seo-wordpress\/ -->\n<title>Cytomel 0.25 MCG Mutant Pharma - Team Mutan Ecuador<\/title>\n<meta name=\"description\" content=\"Cytomel 0.25 mcg\u00a0(Liotironina\u00a0de sodio) es una hormona tiroidea fabricada sint\u00e9ticamente. Est\u00e1 especialmente constituida por el L-is\u00f3mero de la hormona tiroidea natural triyodotironina (T3).\" \/>\n<meta name=\"robots\" content=\"index, follow, max-snippet:-1, max-image-preview:large, max-video-preview:-1\" \/>\n<link rel=\"canonical\" href=\"https:\/\/teammutantecuador.com\/?product=cytomel-0-25-mcg-mutant-pharma\" \/>\n<meta property=\"og:locale\" content=\"es_ES\" \/>\n<meta property=\"og:type\" content=\"article\" \/>\n<meta property=\"og:title\" content=\"Cytomel 0.25 MCG Mutant Pharma - Team Mutan Ecuador\" \/>\n<meta property=\"og:description\" content=\"Cytomel 0.25 mcg\u00a0(Liotironina\u00a0de sodio) es una hormona tiroidea fabricada sint\u00e9ticamente. Est\u00e1 especialmente constituida por el L-is\u00f3mero de la hormona tiroidea natural triyodotironina (T3).\" \/>\n<meta property=\"og:url\" content=\"https:\/\/teammutantecuador.com\/?product=cytomel-0-25-mcg-mutant-pharma\" \/>\n<meta property=\"og:site_name\" content=\"Team Mutan Ecuador\" \/>\n<meta property=\"article:modified_time\" content=\"2026-01-20T16:01:47+00:00\" \/>\n<meta property=\"og:image\" content=\"https:\/\/teammutantecuador.com\/wp-content\/uploads\/2026\/01\/Diseno-sin-titulo-2026-01-17T000321.650.jpg\" \/>\n\t<meta property=\"og:image:width\" content=\"800\" \/>\n\t<meta property=\"og:image:height\" content=\"800\" \/>\n\t<meta property=\"og:image:type\" content=\"image\/jpeg\" \/>\n<meta name=\"twitter:card\" content=\"summary_large_image\" \/>\n<meta name=\"twitter:label1\" content=\"Tiempo de lectura\" \/>\n\t<meta name=\"twitter:data1\" content=\"2 minutos\" \/>\n<script type=\"application\/ld+json\" class=\"yoast-schema-graph\">{\"@context\":\"https:\/\/schema.org\",\"@graph\":[{\"@type\":\"WebPage\",\"@id\":\"https:\/\/teammutantecuador.com\/?product=cytomel-0-25-mcg-mutant-pharma\",\"url\":\"https:\/\/teammutantecuador.com\/?product=cytomel-0-25-mcg-mutant-pharma\",\"name\":\"Cytomel 0.25 MCG Mutant Pharma - Team Mutan Ecuador\",\"isPartOf\":{\"@id\":\"https:\/\/teammutantecuador.com\/#website\"},\"primaryImageOfPage\":{\"@id\":\"https:\/\/teammutantecuador.com\/?product=cytomel-0-25-mcg-mutant-pharma#primaryimage\"},\"image\":{\"@id\":\"https:\/\/teammutantecuador.com\/?product=cytomel-0-25-mcg-mutant-pharma#primaryimage\"},\"thumbnailUrl\":\"https:\/\/teammutantecuador.com\/wp-content\/uploads\/2026\/01\/Diseno-sin-titulo-2026-01-17T000321.650.jpg\",\"datePublished\":\"2026-01-17T16:04:13+00:00\",\"dateModified\":\"2026-01-20T16:01:47+00:00\",\"description\":\"Cytomel 0.25 mcg\u00a0(Liotironina\u00a0de sodio) es una hormona tiroidea fabricada sint\u00e9ticamente. Est\u00e1 especialmente constituida por el L-is\u00f3mero de la hormona tiroidea natural triyodotironina (T3).\",\"breadcrumb\":{\"@id\":\"https:\/\/teammutantecuador.com\/?product=cytomel-0-25-mcg-mutant-pharma#breadcrumb\"},\"inLanguage\":\"es\",\"potentialAction\":[{\"@type\":\"ReadAction\",\"target\":[\"https:\/\/teammutantecuador.com\/?product=cytomel-0-25-mcg-mutant-pharma\"]}]},{\"@type\":\"ImageObject\",\"inLanguage\":\"es\",\"@id\":\"https:\/\/teammutantecuador.com\/?product=cytomel-0-25-mcg-mutant-pharma#primaryimage\",\"url\":\"https:\/\/teammutantecuador.com\/wp-content\/uploads\/2026\/01\/Diseno-sin-titulo-2026-01-17T000321.650.jpg\",\"contentUrl\":\"https:\/\/teammutantecuador.com\/wp-content\/uploads\/2026\/01\/Diseno-sin-titulo-2026-01-17T000321.650.jpg\",\"width\":800,\"height\":800,\"caption\":\"cytomel mutant\"},{\"@type\":\"BreadcrumbList\",\"@id\":\"https:\/\/teammutantecuador.com\/?product=cytomel-0-25-mcg-mutant-pharma#breadcrumb\",\"itemListElement\":[{\"@type\":\"ListItem\",\"position\":1,\"name\":\"Portada\",\"item\":\"https:\/\/teammutantecuador.com\/\"},{\"@type\":\"ListItem\",\"position\":2,\"name\":\"Shop\",\"item\":\"https:\/\/teammutantecuador.com\/?page_id=6\"},{\"@type\":\"ListItem\",\"position\":3,\"name\":\"Cytomel 0.25 MCG Mutant Pharma\"}]},{\"@type\":\"WebSite\",\"@id\":\"https:\/\/teammutantecuador.com\/#website\",\"url\":\"https:\/\/teammutantecuador.com\/\",\"name\":\"Team Mutan Ecuador\",\"description\":\"Just another WordPress site\",\"publisher\":{\"@id\":\"https:\/\/teammutantecuador.com\/#organization\"},\"potentialAction\":[{\"@type\":\"SearchAction\",\"target\":{\"@type\":\"EntryPoint\",\"urlTemplate\":\"https:\/\/teammutantecuador.com\/?s={search_term_string}\"},\"query-input\":{\"@type\":\"PropertyValueSpecification\",\"valueRequired\":true,\"valueName\":\"search_term_string\"}}],\"inLanguage\":\"es\"},{\"@type\":\"Organization\",\"@id\":\"https:\/\/teammutantecuador.com\/#organization\",\"name\":\"Team Mutan Ecuador\",\"url\":\"https:\/\/teammutantecuador.com\/\",\"logo\":{\"@type\":\"ImageObject\",\"inLanguage\":\"es\",\"@id\":\"https:\/\/teammutantecuador.com\/#\/schema\/logo\/image\/\",\"url\":\"https:\/\/teammutantecuador.com\/wp-content\/uploads\/2026\/01\/Diseno-sin-titulo-97.png\",\"contentUrl\":\"https:\/\/teammutantecuador.com\/wp-content\/uploads\/2026\/01\/Diseno-sin-titulo-97.png\",\"width\":500,\"height\":300,\"caption\":\"Team Mutan Ecuador\"},\"image\":{\"@id\":\"https:\/\/teammutantecuador.com\/#\/schema\/logo\/image\/\"}}]}<\/script>\n<!-- \/ Yoast SEO plugin. -->","yoast_head_json":{"title":"Cytomel 0.25 MCG Mutant Pharma - Team Mutan Ecuador","description":"Cytomel 0.25 mcg\u00a0(Liotironina\u00a0de sodio) es una hormona tiroidea fabricada sint\u00e9ticamente. Est\u00e1 especialmente constituida por el L-is\u00f3mero de la hormona tiroidea natural triyodotironina (T3).","robots":{"index":"index","follow":"follow","max-snippet":"max-snippet:-1","max-image-preview":"max-image-preview:large","max-video-preview":"max-video-preview:-1"},"canonical":"https:\/\/teammutantecuador.com\/?product=cytomel-0-25-mcg-mutant-pharma","og_locale":"es_ES","og_type":"article","og_title":"Cytomel 0.25 MCG Mutant Pharma - Team Mutan Ecuador","og_description":"Cytomel 0.25 mcg\u00a0(Liotironina\u00a0de sodio) es una hormona tiroidea fabricada sint\u00e9ticamente. Est\u00e1 especialmente constituida por el L-is\u00f3mero de la hormona tiroidea natural triyodotironina (T3).","og_url":"https:\/\/teammutantecuador.com\/?product=cytomel-0-25-mcg-mutant-pharma","og_site_name":"Team Mutan Ecuador","article_modified_time":"2026-01-20T16:01:47+00:00","og_image":[{"width":800,"height":800,"url":"https:\/\/teammutantecuador.com\/wp-content\/uploads\/2026\/01\/Diseno-sin-titulo-2026-01-17T000321.650.jpg","type":"image\/jpeg"}],"twitter_card":"summary_large_image","twitter_misc":{"Tiempo de lectura":"2 minutos"},"schema":{"@context":"https:\/\/schema.org","@graph":[{"@type":"WebPage","@id":"https:\/\/teammutantecuador.com\/?product=cytomel-0-25-mcg-mutant-pharma","url":"https:\/\/teammutantecuador.com\/?product=cytomel-0-25-mcg-mutant-pharma","name":"Cytomel 0.25 MCG Mutant Pharma - Team Mutan Ecuador","isPartOf":{"@id":"https:\/\/teammutantecuador.com\/#website"},"primaryImageOfPage":{"@id":"https:\/\/teammutantecuador.com\/?product=cytomel-0-25-mcg-mutant-pharma#primaryimage"},"image":{"@id":"https:\/\/teammutantecuador.com\/?product=cytomel-0-25-mcg-mutant-pharma#primaryimage"},"thumbnailUrl":"https:\/\/teammutantecuador.com\/wp-content\/uploads\/2026\/01\/Diseno-sin-titulo-2026-01-17T000321.650.jpg","datePublished":"2026-01-17T16:04:13+00:00","dateModified":"2026-01-20T16:01:47+00:00","description":"Cytomel 0.25 mcg\u00a0(Liotironina\u00a0de sodio) es una hormona tiroidea fabricada sint\u00e9ticamente. Est\u00e1 especialmente constituida por el L-is\u00f3mero de la hormona tiroidea natural triyodotironina (T3).","breadcrumb":{"@id":"https:\/\/teammutantecuador.com\/?product=cytomel-0-25-mcg-mutant-pharma#breadcrumb"},"inLanguage":"es","potentialAction":[{"@type":"ReadAction","target":["https:\/\/teammutantecuador.com\/?product=cytomel-0-25-mcg-mutant-pharma"]}]},{"@type":"ImageObject","inLanguage":"es","@id":"https:\/\/teammutantecuador.com\/?product=cytomel-0-25-mcg-mutant-pharma#primaryimage","url":"https:\/\/teammutantecuador.com\/wp-content\/uploads\/2026\/01\/Diseno-sin-titulo-2026-01-17T000321.650.jpg","contentUrl":"https:\/\/teammutantecuador.com\/wp-content\/uploads\/2026\/01\/Diseno-sin-titulo-2026-01-17T000321.650.jpg","width":800,"height":800,"caption":"cytomel mutant"},{"@type":"BreadcrumbList","@id":"https:\/\/teammutantecuador.com\/?product=cytomel-0-25-mcg-mutant-pharma#breadcrumb","itemListElement":[{"@type":"ListItem","position":1,"name":"Portada","item":"https:\/\/teammutantecuador.com\/"},{"@type":"ListItem","position":2,"name":"Shop","item":"https:\/\/teammutantecuador.com\/?page_id=6"},{"@type":"ListItem","position":3,"name":"Cytomel 0.25 MCG Mutant Pharma"}]},{"@type":"WebSite","@id":"https:\/\/teammutantecuador.com\/#website","url":"https:\/\/teammutantecuador.com\/","name":"Team Mutan Ecuador","description":"Just another WordPress site","publisher":{"@id":"https:\/\/teammutantecuador.com\/#organization"},"potentialAction":[{"@type":"SearchAction","target":{"@type":"EntryPoint","urlTemplate":"https:\/\/teammutantecuador.com\/?s={search_term_string}"},"query-input":{"@type":"PropertyValueSpecification","valueRequired":true,"valueName":"search_term_string"}}],"inLanguage":"es"},{"@type":"Organization","@id":"https:\/\/teammutantecuador.com\/#organization","name":"Team Mutan Ecuador","url":"https:\/\/teammutantecuador.com\/","logo":{"@type":"ImageObject","inLanguage":"es","@id":"https:\/\/teammutantecuador.com\/#\/schema\/logo\/image\/","url":"https:\/\/teammutantecuador.com\/wp-content\/uploads\/2026\/01\/Diseno-sin-titulo-97.png","contentUrl":"https:\/\/teammutantecuador.com\/wp-content\/uploads\/2026\/01\/Diseno-sin-titulo-97.png","width":500,"height":300,"caption":"Team Mutan Ecuador"},"image":{"@id":"https:\/\/teammutantecuador.com\/#\/schema\/logo\/image\/"}}]}},"_links":{"self":[{"href":"https:\/\/teammutantecuador.com\/index.php?rest_route=\/wp\/v2\/product\/1512","targetHints":{"allow":["GET"]}}],"collection":[{"href":"https:\/\/teammutantecuador.com\/index.php?rest_route=\/wp\/v2\/product"}],"about":[{"href":"https:\/\/teammutantecuador.com\/index.php?rest_route=\/wp\/v2\/types\/product"}],"replies":[{"embeddable":true,"href":"https:\/\/teammutantecuador.com\/index.php?rest_route=%2Fwp%2Fv2%2Fcomments&post=1512"}],"wp:featuredmedia":[{"embeddable":true,"href":"https:\/\/teammutantecuador.com\/index.php?rest_route=\/wp\/v2\/media\/1769"}],"wp:attachment":[{"href":"https:\/\/teammutantecuador.com\/index.php?rest_route=%2Fwp%2Fv2%2Fmedia&parent=1512"}],"wp:term":[{"taxonomy":"product_brand","embeddable":true,"href":"https:\/\/teammutantecuador.com\/index.php?rest_route=%2Fwp%2Fv2%2Fproduct_brand&post=1512"},{"taxonomy":"product_cat","embeddable":true,"href":"https:\/\/teammutantecuador.com\/index.php?rest_route=%2Fwp%2Fv2%2Fproduct_cat&post=1512"},{"taxonomy":"product_tag","embeddable":true,"href":"https:\/\/teammutantecuador.com\/index.php?rest_route=%2Fwp%2Fv2%2Fproduct_tag&post=1512"}],"curies":[{"name":"wp","href":"https:\/\/api.w.org\/{rel}","templated":true}]}}