{"id":1511,"date":"2026-01-17T16:04:13","date_gmt":"2026-01-17T16:04:13","guid":{"rendered":"https:\/\/teammutantecuador.com\/?post_type=product&#038;p=1511"},"modified":"2026-01-20T16:46:00","modified_gmt":"2026-01-20T16:46:00","slug":"winstrol-oral-10-mg-mutant-pharma","status":"publish","type":"product","link":"https:\/\/teammutantecuador.com\/?product=winstrol-oral-10-mg-mutant-pharma","title":{"rendered":"Winstrol Oral 10 Mg Mutant Pharma"},"content":{"rendered":"<p dir=\"ltr\"><strong>Winstrol Oral<\/strong> 10 mg\u00a0es un esteroide muy eficaz,\u00a0y por ello es el preferido por la mayor\u00eda de los atletas.<\/p>\n<p dir=\"ltr\">Este compuesto es un derivado de la dehidrotestosterona, aunque su actividad es mucho m\u00e1s suave que este andr\u00f3geno en la naturaleza.<\/p>\n<p dir=\"ltr\">Est\u00e1 clasificado t\u00e9cnicamente como un <strong>esteroide anab\u00f3lico<\/strong>, ha demostrado exhibir una tendencia levemente m\u00e1s grande para el crecimiento muscular que una actividad androg\u00e9nica en estudios tempranos.<\/p>\n<p dir=\"ltr\">El <strong>Winstrol Oral<\/strong> en su lugar proporciona un crecimiento muscular de calidad.<\/p>\n<h3 dir=\"ltr\">CARACTER\u00cdSTICAS<\/h3>\n<p dir=\"ltr\">Debido a que el <strong>Winstrol<\/strong> no se convierte en estr\u00f3geno, no es necesario un anti estr\u00f3geno cuando se utiliza este esteroide, y la ginecomastia no es una preocupaci\u00f3n incluso entre los individuos sensibles.<\/p>\n<p dir=\"ltr\"><strong>Winstrol Oral<\/strong> 5 mg produce un aspecto magro en el cuerpo, sin ning\u00fan temor de exceso de retenci\u00f3n de l\u00edquidos subcut\u00e1neos.<\/p>\n<p dir=\"ltr\">Tambi\u00e9n es muy popular entre los atletas en deportes combinados de fuerza\/velocidad tales como de pista y campo.<\/p>\n<p dir=\"ltr\">Basado en estas caracter\u00edsticas la aplicaci\u00f3n principal del Winstrol se define claramente en culturismo:<i>\u00a0preparaci\u00f3n para una competici\u00f3n.<\/i><\/p>\n<p dir=\"ltr\">Para prop\u00f3sitos de volumen, un andr\u00f3geno m\u00e1s fuerte como la<strong>\u00a0Testosterona<\/strong>,\u00a0suele agregarse.<\/p>\n<p dir=\"ltr\">Otros esteroides que los atletas combinan exitosamente con El <strong>Winstrol Oral<\/strong>\u00a0 para la preparaci\u00f3n ante una competencia son: <a href=\"https:\/\/quitofitness.com\/producto\/masteron-100-mg\/\"><strong>Masteron<\/strong><\/a>,\u00a0<a href=\"https:\/\/quitofitness.com\/producto\/boldenone-300\/\"><b>Boldenona<\/b><\/a>,\u00a0Halotestin, Anavar, <a href=\"https:\/\/quitofitness.com\/producto\/testo-enandato-300-mg-mutant-pharma\/\">Testosterona Enantato<\/a>,\u00a0<a href=\"https:\/\/quitofitness.com\/producto\/primobolan-100\/\"><b>Primobolan Depot<\/b>,<\/a>\u00a0y\u00a0<a href=\"https:\/\/quitofitness.com\/producto\/hcg-pregnyl-5000ui\/\"><strong>HGH<\/strong><\/a>.<\/p>\n<p dir=\"ltr\">El resultado debe ser una ganancia considerable en la masa muscular nueva, con un nivel m\u00e1s c\u00f3modo de retenci\u00f3n de agua y grasa.<\/p>\n<h2 dir=\"ltr\"><\/h2>\n<h3 dir=\"ltr\">DOSIS RECOMENDADA<\/h3>\n<p dir=\"ltr\">Para los hombres la dosis habitual de <strong>Winstrol Oral<\/strong> es de 15-30\u00a0mg por d\u00eda.<\/p>\n<p dir=\"ltr\">Las mujeres tomar\u00e1n en el rango de 5-10 mg diarios,\u00a0las atletas femeninas suelen encontrar el <strong>Winstrol<\/strong> muy tolerable.<\/p>\n<h3 dir=\"ltr\">PRESENTACI\u00d3N<\/h3>\n<p dir=\"ltr\">Tarro de 100 tabletas de 10 mg\u00a0c\/u.<\/p>\n","protected":false},"excerpt":{"rendered":"<p dir=\"ltr\">Winstrol Oral 10 mg\u00a0es un esteroide muy eficaz,\u00a0y por ello es el preferido por la mayor\u00eda de los atletas.<\/p>\n<p dir=\"ltr\">Este compuesto es un derivado de la dehidrotestosterona, aunque su actividad es mucho m\u00e1s suave que este andr\u00f3geno en la naturaleza.<\/p>\n","protected":false},"featured_media":1825,"comment_status":"open","ping_status":"closed","template":"","meta":[],"product_brand":[151],"product_cat":[392],"product_tag":[105,124,154,183,187,126],"class_list":{"0":"post-1511","1":"product","2":"type-product","3":"status-publish","4":"has-post-thumbnail","6":"product_brand-mutant-pharma","7":"product_cat-anabolicos","8":"product_tag-anabolico","9":"product_tag-estanozolol","10":"product_tag-mutant-pharma","11":"product_tag-orales","12":"product_tag-wins","13":"product_tag-winstrol","15":"first","16":"instock","17":"shipping-taxable","18":"purchasable","19":"product-type-simple"},"yoast_head":"<!-- This site is optimized with the Yoast SEO plugin v26.8 - https:\/\/yoast.com\/product\/yoast-seo-wordpress\/ -->\n<title>Winstrol Oral 10 Mg Mutant Pharma - Team Mutan Ecuador<\/title>\n<meta name=\"description\" content=\"Winstrol Oral 10 mg\u00a0es un esteroide muy eficaz,\u00a0y por ello es el preferido por la mayor\u00eda de los atletas.Este compuesto es un derivado de la dehidrotestosterona, aunque su actividad es mucho m\u00e1s suave que este andr\u00f3geno en la naturaleza.\" \/>\n<meta name=\"robots\" content=\"index, follow, max-snippet:-1, max-image-preview:large, max-video-preview:-1\" \/>\n<link rel=\"canonical\" href=\"https:\/\/teammutantecuador.com\/?product=winstrol-oral-10-mg-mutant-pharma\" \/>\n<meta property=\"og:locale\" content=\"es_ES\" \/>\n<meta property=\"og:type\" content=\"article\" \/>\n<meta property=\"og:title\" content=\"Winstrol Oral 10 Mg Mutant Pharma - Team Mutan Ecuador\" \/>\n<meta property=\"og:description\" content=\"Winstrol Oral 10 mg\u00a0es un esteroide muy eficaz,\u00a0y por ello es el preferido por la mayor\u00eda de los atletas.Este compuesto es un derivado de la dehidrotestosterona, aunque su actividad es mucho m\u00e1s suave que este andr\u00f3geno en la naturaleza.\" \/>\n<meta property=\"og:url\" content=\"https:\/\/teammutantecuador.com\/?product=winstrol-oral-10-mg-mutant-pharma\" \/>\n<meta property=\"og:site_name\" content=\"Team Mutan Ecuador\" \/>\n<meta property=\"article:modified_time\" content=\"2026-01-20T16:46:00+00:00\" \/>\n<meta property=\"og:image\" content=\"https:\/\/teammutantecuador.com\/wp-content\/uploads\/2026\/01\/Primobolan-100-Mg-Mutant-Pharma-26.jpg\" \/>\n\t<meta property=\"og:image:width\" content=\"800\" \/>\n\t<meta property=\"og:image:height\" content=\"800\" \/>\n\t<meta property=\"og:image:type\" content=\"image\/jpeg\" \/>\n<meta name=\"twitter:card\" content=\"summary_large_image\" \/>\n<meta name=\"twitter:label1\" content=\"Tiempo de lectura\" \/>\n\t<meta name=\"twitter:data1\" content=\"2 minutos\" \/>\n<script type=\"application\/ld+json\" class=\"yoast-schema-graph\">{\"@context\":\"https:\/\/schema.org\",\"@graph\":[{\"@type\":\"WebPage\",\"@id\":\"https:\/\/teammutantecuador.com\/?product=winstrol-oral-10-mg-mutant-pharma\",\"url\":\"https:\/\/teammutantecuador.com\/?product=winstrol-oral-10-mg-mutant-pharma\",\"name\":\"Winstrol Oral 10 Mg Mutant Pharma - Team Mutan Ecuador\",\"isPartOf\":{\"@id\":\"https:\/\/teammutantecuador.com\/#website\"},\"primaryImageOfPage\":{\"@id\":\"https:\/\/teammutantecuador.com\/?product=winstrol-oral-10-mg-mutant-pharma#primaryimage\"},\"image\":{\"@id\":\"https:\/\/teammutantecuador.com\/?product=winstrol-oral-10-mg-mutant-pharma#primaryimage\"},\"thumbnailUrl\":\"https:\/\/teammutantecuador.com\/wp-content\/uploads\/2026\/01\/Primobolan-100-Mg-Mutant-Pharma-26.jpg\",\"datePublished\":\"2026-01-17T16:04:13+00:00\",\"dateModified\":\"2026-01-20T16:46:00+00:00\",\"description\":\"Winstrol Oral 10 mg\u00a0es un esteroide muy eficaz,\u00a0y por ello es el preferido por la mayor\u00eda de los atletas.Este compuesto es un derivado de la dehidrotestosterona, aunque su actividad es mucho m\u00e1s suave que este andr\u00f3geno en la naturaleza.\",\"breadcrumb\":{\"@id\":\"https:\/\/teammutantecuador.com\/?product=winstrol-oral-10-mg-mutant-pharma#breadcrumb\"},\"inLanguage\":\"es\",\"potentialAction\":[{\"@type\":\"ReadAction\",\"target\":[\"https:\/\/teammutantecuador.com\/?product=winstrol-oral-10-mg-mutant-pharma\"]}]},{\"@type\":\"ImageObject\",\"inLanguage\":\"es\",\"@id\":\"https:\/\/teammutantecuador.com\/?product=winstrol-oral-10-mg-mutant-pharma#primaryimage\",\"url\":\"https:\/\/teammutantecuador.com\/wp-content\/uploads\/2026\/01\/Primobolan-100-Mg-Mutant-Pharma-26.jpg\",\"contentUrl\":\"https:\/\/teammutantecuador.com\/wp-content\/uploads\/2026\/01\/Primobolan-100-Mg-Mutant-Pharma-26.jpg\",\"width\":800,\"height\":800,\"caption\":\"Winstrol 100 Mg X 20 ML Mutant Pharma\"},{\"@type\":\"BreadcrumbList\",\"@id\":\"https:\/\/teammutantecuador.com\/?product=winstrol-oral-10-mg-mutant-pharma#breadcrumb\",\"itemListElement\":[{\"@type\":\"ListItem\",\"position\":1,\"name\":\"Portada\",\"item\":\"https:\/\/teammutantecuador.com\/\"},{\"@type\":\"ListItem\",\"position\":2,\"name\":\"Shop\",\"item\":\"https:\/\/teammutantecuador.com\/?page_id=6\"},{\"@type\":\"ListItem\",\"position\":3,\"name\":\"Winstrol Oral 10 Mg Mutant Pharma\"}]},{\"@type\":\"WebSite\",\"@id\":\"https:\/\/teammutantecuador.com\/#website\",\"url\":\"https:\/\/teammutantecuador.com\/\",\"name\":\"Team Mutan Ecuador\",\"description\":\"Just another WordPress site\",\"publisher\":{\"@id\":\"https:\/\/teammutantecuador.com\/#organization\"},\"potentialAction\":[{\"@type\":\"SearchAction\",\"target\":{\"@type\":\"EntryPoint\",\"urlTemplate\":\"https:\/\/teammutantecuador.com\/?s={search_term_string}\"},\"query-input\":{\"@type\":\"PropertyValueSpecification\",\"valueRequired\":true,\"valueName\":\"search_term_string\"}}],\"inLanguage\":\"es\"},{\"@type\":\"Organization\",\"@id\":\"https:\/\/teammutantecuador.com\/#organization\",\"name\":\"Team Mutan Ecuador\",\"url\":\"https:\/\/teammutantecuador.com\/\",\"logo\":{\"@type\":\"ImageObject\",\"inLanguage\":\"es\",\"@id\":\"https:\/\/teammutantecuador.com\/#\/schema\/logo\/image\/\",\"url\":\"https:\/\/teammutantecuador.com\/wp-content\/uploads\/2026\/01\/Diseno-sin-titulo-97.png\",\"contentUrl\":\"https:\/\/teammutantecuador.com\/wp-content\/uploads\/2026\/01\/Diseno-sin-titulo-97.png\",\"width\":500,\"height\":300,\"caption\":\"Team Mutan Ecuador\"},\"image\":{\"@id\":\"https:\/\/teammutantecuador.com\/#\/schema\/logo\/image\/\"}}]}<\/script>\n<!-- \/ Yoast SEO plugin. -->","yoast_head_json":{"title":"Winstrol Oral 10 Mg Mutant Pharma - Team Mutan Ecuador","description":"Winstrol Oral 10 mg\u00a0es un esteroide muy eficaz,\u00a0y por ello es el preferido por la mayor\u00eda de los atletas.Este compuesto es un derivado de la dehidrotestosterona, aunque su actividad es mucho m\u00e1s suave que este andr\u00f3geno en la naturaleza.","robots":{"index":"index","follow":"follow","max-snippet":"max-snippet:-1","max-image-preview":"max-image-preview:large","max-video-preview":"max-video-preview:-1"},"canonical":"https:\/\/teammutantecuador.com\/?product=winstrol-oral-10-mg-mutant-pharma","og_locale":"es_ES","og_type":"article","og_title":"Winstrol Oral 10 Mg Mutant Pharma - Team Mutan Ecuador","og_description":"Winstrol Oral 10 mg\u00a0es un esteroide muy eficaz,\u00a0y por ello es el preferido por la mayor\u00eda de los atletas.Este compuesto es un derivado de la dehidrotestosterona, aunque su actividad es mucho m\u00e1s suave que este andr\u00f3geno en la naturaleza.","og_url":"https:\/\/teammutantecuador.com\/?product=winstrol-oral-10-mg-mutant-pharma","og_site_name":"Team Mutan Ecuador","article_modified_time":"2026-01-20T16:46:00+00:00","og_image":[{"width":800,"height":800,"url":"https:\/\/teammutantecuador.com\/wp-content\/uploads\/2026\/01\/Primobolan-100-Mg-Mutant-Pharma-26.jpg","type":"image\/jpeg"}],"twitter_card":"summary_large_image","twitter_misc":{"Tiempo de lectura":"2 minutos"},"schema":{"@context":"https:\/\/schema.org","@graph":[{"@type":"WebPage","@id":"https:\/\/teammutantecuador.com\/?product=winstrol-oral-10-mg-mutant-pharma","url":"https:\/\/teammutantecuador.com\/?product=winstrol-oral-10-mg-mutant-pharma","name":"Winstrol Oral 10 Mg Mutant Pharma - Team Mutan Ecuador","isPartOf":{"@id":"https:\/\/teammutantecuador.com\/#website"},"primaryImageOfPage":{"@id":"https:\/\/teammutantecuador.com\/?product=winstrol-oral-10-mg-mutant-pharma#primaryimage"},"image":{"@id":"https:\/\/teammutantecuador.com\/?product=winstrol-oral-10-mg-mutant-pharma#primaryimage"},"thumbnailUrl":"https:\/\/teammutantecuador.com\/wp-content\/uploads\/2026\/01\/Primobolan-100-Mg-Mutant-Pharma-26.jpg","datePublished":"2026-01-17T16:04:13+00:00","dateModified":"2026-01-20T16:46:00+00:00","description":"Winstrol Oral 10 mg\u00a0es un esteroide muy eficaz,\u00a0y por ello es el preferido por la mayor\u00eda de los atletas.Este compuesto es un derivado de la dehidrotestosterona, aunque su actividad es mucho m\u00e1s suave que este andr\u00f3geno en la naturaleza.","breadcrumb":{"@id":"https:\/\/teammutantecuador.com\/?product=winstrol-oral-10-mg-mutant-pharma#breadcrumb"},"inLanguage":"es","potentialAction":[{"@type":"ReadAction","target":["https:\/\/teammutantecuador.com\/?product=winstrol-oral-10-mg-mutant-pharma"]}]},{"@type":"ImageObject","inLanguage":"es","@id":"https:\/\/teammutantecuador.com\/?product=winstrol-oral-10-mg-mutant-pharma#primaryimage","url":"https:\/\/teammutantecuador.com\/wp-content\/uploads\/2026\/01\/Primobolan-100-Mg-Mutant-Pharma-26.jpg","contentUrl":"https:\/\/teammutantecuador.com\/wp-content\/uploads\/2026\/01\/Primobolan-100-Mg-Mutant-Pharma-26.jpg","width":800,"height":800,"caption":"Winstrol 100 Mg X 20 ML Mutant Pharma"},{"@type":"BreadcrumbList","@id":"https:\/\/teammutantecuador.com\/?product=winstrol-oral-10-mg-mutant-pharma#breadcrumb","itemListElement":[{"@type":"ListItem","position":1,"name":"Portada","item":"https:\/\/teammutantecuador.com\/"},{"@type":"ListItem","position":2,"name":"Shop","item":"https:\/\/teammutantecuador.com\/?page_id=6"},{"@type":"ListItem","position":3,"name":"Winstrol Oral 10 Mg Mutant Pharma"}]},{"@type":"WebSite","@id":"https:\/\/teammutantecuador.com\/#website","url":"https:\/\/teammutantecuador.com\/","name":"Team Mutan Ecuador","description":"Just another WordPress site","publisher":{"@id":"https:\/\/teammutantecuador.com\/#organization"},"potentialAction":[{"@type":"SearchAction","target":{"@type":"EntryPoint","urlTemplate":"https:\/\/teammutantecuador.com\/?s={search_term_string}"},"query-input":{"@type":"PropertyValueSpecification","valueRequired":true,"valueName":"search_term_string"}}],"inLanguage":"es"},{"@type":"Organization","@id":"https:\/\/teammutantecuador.com\/#organization","name":"Team Mutan Ecuador","url":"https:\/\/teammutantecuador.com\/","logo":{"@type":"ImageObject","inLanguage":"es","@id":"https:\/\/teammutantecuador.com\/#\/schema\/logo\/image\/","url":"https:\/\/teammutantecuador.com\/wp-content\/uploads\/2026\/01\/Diseno-sin-titulo-97.png","contentUrl":"https:\/\/teammutantecuador.com\/wp-content\/uploads\/2026\/01\/Diseno-sin-titulo-97.png","width":500,"height":300,"caption":"Team Mutan Ecuador"},"image":{"@id":"https:\/\/teammutantecuador.com\/#\/schema\/logo\/image\/"}}]}},"_links":{"self":[{"href":"https:\/\/teammutantecuador.com\/index.php?rest_route=\/wp\/v2\/product\/1511","targetHints":{"allow":["GET"]}}],"collection":[{"href":"https:\/\/teammutantecuador.com\/index.php?rest_route=\/wp\/v2\/product"}],"about":[{"href":"https:\/\/teammutantecuador.com\/index.php?rest_route=\/wp\/v2\/types\/product"}],"replies":[{"embeddable":true,"href":"https:\/\/teammutantecuador.com\/index.php?rest_route=%2Fwp%2Fv2%2Fcomments&post=1511"}],"wp:featuredmedia":[{"embeddable":true,"href":"https:\/\/teammutantecuador.com\/index.php?rest_route=\/wp\/v2\/media\/1825"}],"wp:attachment":[{"href":"https:\/\/teammutantecuador.com\/index.php?rest_route=%2Fwp%2Fv2%2Fmedia&parent=1511"}],"wp:term":[{"taxonomy":"product_brand","embeddable":true,"href":"https:\/\/teammutantecuador.com\/index.php?rest_route=%2Fwp%2Fv2%2Fproduct_brand&post=1511"},{"taxonomy":"product_cat","embeddable":true,"href":"https:\/\/teammutantecuador.com\/index.php?rest_route=%2Fwp%2Fv2%2Fproduct_cat&post=1511"},{"taxonomy":"product_tag","embeddable":true,"href":"https:\/\/teammutantecuador.com\/index.php?rest_route=%2Fwp%2Fv2%2Fproduct_tag&post=1511"}],"curies":[{"name":"wp","href":"https:\/\/api.w.org\/{rel}","templated":true}]}}