{"id":1510,"date":"2026-01-17T16:04:09","date_gmt":"2026-01-17T16:04:09","guid":{"rendered":"https:\/\/teammutantecuador.com\/?post_type=product&#038;p=1510"},"modified":"2026-01-20T16:05:41","modified_gmt":"2026-01-20T16:05:41","slug":"dianabol-20-mg-mutant-pharma","status":"publish","type":"product","link":"https:\/\/teammutantecuador.com\/?product=dianabol-20-mg-mutant-pharma","title":{"rendered":"Dianabol 20 Mg Mutant Pharma"},"content":{"rendered":"<p dir=\"ltr\">Dianabol 20 mg\u00a0proporciona muchos beneficios, el m\u00e1s importante de todo est\u00e1 en su capacidad para proporcionar un r\u00e1pido aumento de la masa muscular en general.<\/p>\n<p dir=\"ltr\">El Dianabol aumenta la s\u00edntesis de prote\u00ednas de una manera m\u00e1s pronunciada que otros esteroides.<\/p>\n<p dir=\"ltr\">Lo que lo distingue de otros anab\u00f3licos es que tiene la capacidad para aumentar en gran medida la glucogenolisis, en t\u00e9rminos simples este aumento en la glucogen\u00f3lisis significa que los hidratos de carbono que consumes en tu dieta son m\u00e1s valiosos, cada gramo de hidrato de carbono se utiliza en un mayor grado cuando el Dianabol est\u00e1 presente en el cuerpo.<\/p>\n<p dir=\"ltr\">Por esta raz\u00f3n, sobre todo en c\u00edrculos del deporte competitivo el Dianabol 20 mg de Mutant Pharma\u00a0se ha mantenido como un elemento b\u00e1sico para muchos culturistas en \u00e9pocas de volumen, ya que la ingesta de hidratos de carbono normalmente es mucho mayor que en la de una dieta de definici\u00f3n\/competici\u00f3n.<\/p>\n<p dir=\"ltr\">\n<h3 dir=\"ltr\">DOSIFICACI\u00d3N RECOMENDADA<\/h3>\n<p dir=\"ltr\">Para mejorar el rendimiento\/ganancia muscular, el Dianabol 20 mg se utiliza de forma temporal y corta, por lo general una duraci\u00f3n de \u00a06 semanas seguido de 6 semanas de descanso.<\/p>\n<p dir=\"ltr\">Una dosis diaria de 15-20 mg es m\u00e1s com\u00fan, y por lo general produce resultados muy satisfactorios.<\/p>\n<p dir=\"ltr\">\n<h3 dir=\"ltr\">PRESENTACI\u00d3N<\/h3>\n<p dir=\"ltr\">Tarro de 100 capsulas X\u00a020 mg c\/u.<\/p>\n","protected":false},"excerpt":{"rendered":"<p>Dianabol 20 mg\u00a0proporciona muchos beneficios, el m\u00e1s importante de todo est\u00e1 en su capacidad para proporcionar un r\u00e1pido aumento de la masa muscular en general.<\/p>\n","protected":false},"featured_media":1774,"comment_status":"open","ping_status":"closed","template":"","meta":[],"product_brand":[151],"product_cat":[392],"product_tag":[105,133,186,154,183],"class_list":{"0":"post-1510","1":"product","2":"type-product","3":"status-publish","4":"has-post-thumbnail","6":"product_brand-mutant-pharma","7":"product_cat-anabolicos","8":"product_tag-anabolico","9":"product_tag-dianabol","10":"product_tag-metandrostenolone","11":"product_tag-mutant-pharma","12":"product_tag-orales","14":"first","15":"instock","16":"shipping-taxable","17":"purchasable","18":"product-type-simple"},"yoast_head":"<!-- This site is optimized with the Yoast SEO plugin v26.8 - https:\/\/yoast.com\/product\/yoast-seo-wordpress\/ -->\n<title>Dianabol 20 Mg Mutant Pharma - Team Mutan Ecuador<\/title>\n<meta name=\"description\" content=\"Dianabol 20 mg\u00a0proporciona muchos beneficios, el m\u00e1s importante de todo est\u00e1 en su capacidad para proporcionar un r\u00e1pido aumento de la masa muscular en general.\" \/>\n<meta name=\"robots\" content=\"index, follow, max-snippet:-1, max-image-preview:large, max-video-preview:-1\" \/>\n<link rel=\"canonical\" href=\"https:\/\/teammutantecuador.com\/?product=dianabol-20-mg-mutant-pharma\" \/>\n<meta property=\"og:locale\" content=\"es_ES\" \/>\n<meta property=\"og:type\" content=\"article\" \/>\n<meta property=\"og:title\" content=\"Dianabol 20 Mg Mutant Pharma - Team Mutan Ecuador\" \/>\n<meta property=\"og:description\" content=\"Dianabol 20 mg\u00a0proporciona muchos beneficios, el m\u00e1s importante de todo est\u00e1 en su capacidad para proporcionar un r\u00e1pido aumento de la masa muscular en general.\" \/>\n<meta property=\"og:url\" content=\"https:\/\/teammutantecuador.com\/?product=dianabol-20-mg-mutant-pharma\" \/>\n<meta property=\"og:site_name\" content=\"Team Mutan Ecuador\" \/>\n<meta property=\"article:modified_time\" content=\"2026-01-20T16:05:41+00:00\" \/>\n<meta property=\"og:image\" content=\"https:\/\/teammutantecuador.com\/wp-content\/uploads\/2026\/01\/Diseno-sin-titulo-2026-01-17T001102.377.jpg\" \/>\n\t<meta property=\"og:image:width\" content=\"800\" \/>\n\t<meta property=\"og:image:height\" content=\"800\" \/>\n\t<meta property=\"og:image:type\" content=\"image\/jpeg\" \/>\n<meta name=\"twitter:card\" content=\"summary_large_image\" \/>\n<meta name=\"twitter:label1\" content=\"Tiempo de lectura\" \/>\n\t<meta name=\"twitter:data1\" content=\"1 minuto\" \/>\n<script type=\"application\/ld+json\" class=\"yoast-schema-graph\">{\"@context\":\"https:\/\/schema.org\",\"@graph\":[{\"@type\":\"WebPage\",\"@id\":\"https:\/\/teammutantecuador.com\/?product=dianabol-20-mg-mutant-pharma\",\"url\":\"https:\/\/teammutantecuador.com\/?product=dianabol-20-mg-mutant-pharma\",\"name\":\"Dianabol 20 Mg Mutant Pharma - Team Mutan Ecuador\",\"isPartOf\":{\"@id\":\"https:\/\/teammutantecuador.com\/#website\"},\"primaryImageOfPage\":{\"@id\":\"https:\/\/teammutantecuador.com\/?product=dianabol-20-mg-mutant-pharma#primaryimage\"},\"image\":{\"@id\":\"https:\/\/teammutantecuador.com\/?product=dianabol-20-mg-mutant-pharma#primaryimage\"},\"thumbnailUrl\":\"https:\/\/teammutantecuador.com\/wp-content\/uploads\/2026\/01\/Diseno-sin-titulo-2026-01-17T001102.377.jpg\",\"datePublished\":\"2026-01-17T16:04:09+00:00\",\"dateModified\":\"2026-01-20T16:05:41+00:00\",\"description\":\"Dianabol 20 mg\u00a0proporciona muchos beneficios, el m\u00e1s importante de todo est\u00e1 en su capacidad para proporcionar un r\u00e1pido aumento de la masa muscular en general.\",\"breadcrumb\":{\"@id\":\"https:\/\/teammutantecuador.com\/?product=dianabol-20-mg-mutant-pharma#breadcrumb\"},\"inLanguage\":\"es\",\"potentialAction\":[{\"@type\":\"ReadAction\",\"target\":[\"https:\/\/teammutantecuador.com\/?product=dianabol-20-mg-mutant-pharma\"]}]},{\"@type\":\"ImageObject\",\"inLanguage\":\"es\",\"@id\":\"https:\/\/teammutantecuador.com\/?product=dianabol-20-mg-mutant-pharma#primaryimage\",\"url\":\"https:\/\/teammutantecuador.com\/wp-content\/uploads\/2026\/01\/Diseno-sin-titulo-2026-01-17T001102.377.jpg\",\"contentUrl\":\"https:\/\/teammutantecuador.com\/wp-content\/uploads\/2026\/01\/Diseno-sin-titulo-2026-01-17T001102.377.jpg\",\"width\":800,\"height\":800,\"caption\":\"Dianabol 20 Mg Mutant Pharma\"},{\"@type\":\"BreadcrumbList\",\"@id\":\"https:\/\/teammutantecuador.com\/?product=dianabol-20-mg-mutant-pharma#breadcrumb\",\"itemListElement\":[{\"@type\":\"ListItem\",\"position\":1,\"name\":\"Portada\",\"item\":\"https:\/\/teammutantecuador.com\/\"},{\"@type\":\"ListItem\",\"position\":2,\"name\":\"Shop\",\"item\":\"https:\/\/teammutantecuador.com\/?page_id=6\"},{\"@type\":\"ListItem\",\"position\":3,\"name\":\"Dianabol 20 Mg Mutant Pharma\"}]},{\"@type\":\"WebSite\",\"@id\":\"https:\/\/teammutantecuador.com\/#website\",\"url\":\"https:\/\/teammutantecuador.com\/\",\"name\":\"Team Mutan Ecuador\",\"description\":\"Just another WordPress site\",\"publisher\":{\"@id\":\"https:\/\/teammutantecuador.com\/#organization\"},\"potentialAction\":[{\"@type\":\"SearchAction\",\"target\":{\"@type\":\"EntryPoint\",\"urlTemplate\":\"https:\/\/teammutantecuador.com\/?s={search_term_string}\"},\"query-input\":{\"@type\":\"PropertyValueSpecification\",\"valueRequired\":true,\"valueName\":\"search_term_string\"}}],\"inLanguage\":\"es\"},{\"@type\":\"Organization\",\"@id\":\"https:\/\/teammutantecuador.com\/#organization\",\"name\":\"Team Mutan Ecuador\",\"url\":\"https:\/\/teammutantecuador.com\/\",\"logo\":{\"@type\":\"ImageObject\",\"inLanguage\":\"es\",\"@id\":\"https:\/\/teammutantecuador.com\/#\/schema\/logo\/image\/\",\"url\":\"https:\/\/teammutantecuador.com\/wp-content\/uploads\/2026\/01\/Diseno-sin-titulo-97.png\",\"contentUrl\":\"https:\/\/teammutantecuador.com\/wp-content\/uploads\/2026\/01\/Diseno-sin-titulo-97.png\",\"width\":500,\"height\":300,\"caption\":\"Team Mutan Ecuador\"},\"image\":{\"@id\":\"https:\/\/teammutantecuador.com\/#\/schema\/logo\/image\/\"}}]}<\/script>\n<!-- \/ Yoast SEO plugin. -->","yoast_head_json":{"title":"Dianabol 20 Mg Mutant Pharma - Team Mutan Ecuador","description":"Dianabol 20 mg\u00a0proporciona muchos beneficios, el m\u00e1s importante de todo est\u00e1 en su capacidad para proporcionar un r\u00e1pido aumento de la masa muscular en general.","robots":{"index":"index","follow":"follow","max-snippet":"max-snippet:-1","max-image-preview":"max-image-preview:large","max-video-preview":"max-video-preview:-1"},"canonical":"https:\/\/teammutantecuador.com\/?product=dianabol-20-mg-mutant-pharma","og_locale":"es_ES","og_type":"article","og_title":"Dianabol 20 Mg Mutant Pharma - Team Mutan Ecuador","og_description":"Dianabol 20 mg\u00a0proporciona muchos beneficios, el m\u00e1s importante de todo est\u00e1 en su capacidad para proporcionar un r\u00e1pido aumento de la masa muscular en general.","og_url":"https:\/\/teammutantecuador.com\/?product=dianabol-20-mg-mutant-pharma","og_site_name":"Team Mutan Ecuador","article_modified_time":"2026-01-20T16:05:41+00:00","og_image":[{"width":800,"height":800,"url":"https:\/\/teammutantecuador.com\/wp-content\/uploads\/2026\/01\/Diseno-sin-titulo-2026-01-17T001102.377.jpg","type":"image\/jpeg"}],"twitter_card":"summary_large_image","twitter_misc":{"Tiempo de lectura":"1 minuto"},"schema":{"@context":"https:\/\/schema.org","@graph":[{"@type":"WebPage","@id":"https:\/\/teammutantecuador.com\/?product=dianabol-20-mg-mutant-pharma","url":"https:\/\/teammutantecuador.com\/?product=dianabol-20-mg-mutant-pharma","name":"Dianabol 20 Mg Mutant Pharma - Team Mutan Ecuador","isPartOf":{"@id":"https:\/\/teammutantecuador.com\/#website"},"primaryImageOfPage":{"@id":"https:\/\/teammutantecuador.com\/?product=dianabol-20-mg-mutant-pharma#primaryimage"},"image":{"@id":"https:\/\/teammutantecuador.com\/?product=dianabol-20-mg-mutant-pharma#primaryimage"},"thumbnailUrl":"https:\/\/teammutantecuador.com\/wp-content\/uploads\/2026\/01\/Diseno-sin-titulo-2026-01-17T001102.377.jpg","datePublished":"2026-01-17T16:04:09+00:00","dateModified":"2026-01-20T16:05:41+00:00","description":"Dianabol 20 mg\u00a0proporciona muchos beneficios, el m\u00e1s importante de todo est\u00e1 en su capacidad para proporcionar un r\u00e1pido aumento de la masa muscular en general.","breadcrumb":{"@id":"https:\/\/teammutantecuador.com\/?product=dianabol-20-mg-mutant-pharma#breadcrumb"},"inLanguage":"es","potentialAction":[{"@type":"ReadAction","target":["https:\/\/teammutantecuador.com\/?product=dianabol-20-mg-mutant-pharma"]}]},{"@type":"ImageObject","inLanguage":"es","@id":"https:\/\/teammutantecuador.com\/?product=dianabol-20-mg-mutant-pharma#primaryimage","url":"https:\/\/teammutantecuador.com\/wp-content\/uploads\/2026\/01\/Diseno-sin-titulo-2026-01-17T001102.377.jpg","contentUrl":"https:\/\/teammutantecuador.com\/wp-content\/uploads\/2026\/01\/Diseno-sin-titulo-2026-01-17T001102.377.jpg","width":800,"height":800,"caption":"Dianabol 20 Mg Mutant Pharma"},{"@type":"BreadcrumbList","@id":"https:\/\/teammutantecuador.com\/?product=dianabol-20-mg-mutant-pharma#breadcrumb","itemListElement":[{"@type":"ListItem","position":1,"name":"Portada","item":"https:\/\/teammutantecuador.com\/"},{"@type":"ListItem","position":2,"name":"Shop","item":"https:\/\/teammutantecuador.com\/?page_id=6"},{"@type":"ListItem","position":3,"name":"Dianabol 20 Mg Mutant Pharma"}]},{"@type":"WebSite","@id":"https:\/\/teammutantecuador.com\/#website","url":"https:\/\/teammutantecuador.com\/","name":"Team Mutan Ecuador","description":"Just another WordPress site","publisher":{"@id":"https:\/\/teammutantecuador.com\/#organization"},"potentialAction":[{"@type":"SearchAction","target":{"@type":"EntryPoint","urlTemplate":"https:\/\/teammutantecuador.com\/?s={search_term_string}"},"query-input":{"@type":"PropertyValueSpecification","valueRequired":true,"valueName":"search_term_string"}}],"inLanguage":"es"},{"@type":"Organization","@id":"https:\/\/teammutantecuador.com\/#organization","name":"Team Mutan Ecuador","url":"https:\/\/teammutantecuador.com\/","logo":{"@type":"ImageObject","inLanguage":"es","@id":"https:\/\/teammutantecuador.com\/#\/schema\/logo\/image\/","url":"https:\/\/teammutantecuador.com\/wp-content\/uploads\/2026\/01\/Diseno-sin-titulo-97.png","contentUrl":"https:\/\/teammutantecuador.com\/wp-content\/uploads\/2026\/01\/Diseno-sin-titulo-97.png","width":500,"height":300,"caption":"Team Mutan Ecuador"},"image":{"@id":"https:\/\/teammutantecuador.com\/#\/schema\/logo\/image\/"}}]}},"_links":{"self":[{"href":"https:\/\/teammutantecuador.com\/index.php?rest_route=\/wp\/v2\/product\/1510","targetHints":{"allow":["GET"]}}],"collection":[{"href":"https:\/\/teammutantecuador.com\/index.php?rest_route=\/wp\/v2\/product"}],"about":[{"href":"https:\/\/teammutantecuador.com\/index.php?rest_route=\/wp\/v2\/types\/product"}],"replies":[{"embeddable":true,"href":"https:\/\/teammutantecuador.com\/index.php?rest_route=%2Fwp%2Fv2%2Fcomments&post=1510"}],"wp:featuredmedia":[{"embeddable":true,"href":"https:\/\/teammutantecuador.com\/index.php?rest_route=\/wp\/v2\/media\/1774"}],"wp:attachment":[{"href":"https:\/\/teammutantecuador.com\/index.php?rest_route=%2Fwp%2Fv2%2Fmedia&parent=1510"}],"wp:term":[{"taxonomy":"product_brand","embeddable":true,"href":"https:\/\/teammutantecuador.com\/index.php?rest_route=%2Fwp%2Fv2%2Fproduct_brand&post=1510"},{"taxonomy":"product_cat","embeddable":true,"href":"https:\/\/teammutantecuador.com\/index.php?rest_route=%2Fwp%2Fv2%2Fproduct_cat&post=1510"},{"taxonomy":"product_tag","embeddable":true,"href":"https:\/\/teammutantecuador.com\/index.php?rest_route=%2Fwp%2Fv2%2Fproduct_tag&post=1510"}],"curies":[{"name":"wp","href":"https:\/\/api.w.org\/{rel}","templated":true}]}}