{"id":1507,"date":"2026-01-17T16:04:09","date_gmt":"2026-01-17T16:04:09","guid":{"rendered":"https:\/\/teammutantecuador.com\/?post_type=product&#038;p=1507"},"modified":"2026-01-19T11:51:57","modified_gmt":"2026-01-19T11:51:57","slug":"anadrol-50-mg","status":"publish","type":"product","link":"https:\/\/teammutantecuador.com\/?product=anadrol-50-mg","title":{"rendered":"ANADROL 50 MG"},"content":{"rendered":"<p>Anadrol 50 mg es el esteroide oral m\u00e1s fuerte y al mismo tiempo el m\u00e1s efectivo. Es un 17 alfa alquilatado, por lo que a su paso por el h\u00edgado no es afectado por sus enzimas. Debe ser tomado temporalmente para evitar da\u00f1os al h\u00edgado.<\/p>\n<p>CARACTER\u00cdSTICAS DEL ANADROL 50 MG<br \/>\nAnadrol 50 mg no causa una ganancia muscular cualitativa sino cuantitativa. Causa retenci\u00f3n h\u00eddrica y si no se cuida la dieta algo de grasa.<\/p>\n<p>Da una enorme ganancia de fuerza, y permite que los atletas que tienen problemas en sus articulaciones puedan realizar sus entrenamientos sin dolor.<\/p>\n<p>El alto efecto androg\u00e9nico de Anadrol 50 estimula la regeneraci\u00f3n del cuerpo de modo que el a veces temido s\u00edndrome de \u201csobre entrenamiento\u201d es muy improbable.<\/p>\n<p>Tomando Anadrol 50 durante 5-6 semanas deben ser capaces de ganar hasta 10 kilos.<\/p>\n<p>Junto con dieta e ingesta simult\u00e1nea de Nolvadex y Proviron, puede reducir retenci\u00f3n de agua significativamente para que sea posible un aumento notable y s\u00f3lido de la masa muscular.<\/p>\n<p>Se recomienda su uso con una testosterona inyectable como Sustanon o Testosterona Enantato<\/p>\n<p>MODO DE USO<br \/>\nAqu\u00e9llos que prueben por primera vez el Anadrol 50 mg deben iniciar con una 1 tableta diariamente.<\/p>\n<p>Despu\u00e9s de unos d\u00edas o aun mejor, despu\u00e9s de una semana, la dosificaci\u00f3n diaria puede aumentarse a 75 mg diariamente, en la siguiente semana puede aumentar a 2 tabletas por d\u00eda, y cuando llegue a la ultima semana deber\u00e1 bajar a 1 tableta.<\/p>\n<p>No se debe tomar por m\u00e1s de 6 semanas.<\/p>\n","protected":false},"excerpt":{"rendered":"<p>Anadrol 50 mg es el esteroide oral m\u00e1s fuerte y al mismo tiempo el m\u00e1s efectivo<\/p>\n","protected":false},"featured_media":1758,"comment_status":"open","ping_status":"closed","template":"","meta":[],"product_brand":[151],"product_cat":[392],"product_tag":[105,182,154,183,184],"class_list":{"0":"post-1507","1":"product","2":"type-product","3":"status-publish","4":"has-post-thumbnail","6":"product_brand-mutant-pharma","7":"product_cat-anabolicos","8":"product_tag-anabolico","9":"product_tag-anadrol","10":"product_tag-mutant-pharma","11":"product_tag-orales","12":"product_tag-oxymetholone","14":"first","15":"instock","16":"shipping-taxable","17":"purchasable","18":"product-type-simple"},"yoast_head":"<!-- This site is optimized with the Yoast SEO plugin v26.8 - https:\/\/yoast.com\/product\/yoast-seo-wordpress\/ -->\n<title>ANADROL 50 MG - Team Mutan Ecuador<\/title>\n<meta name=\"description\" content=\"Anadrol 50 mg es el esteroide oral m\u00e1s fuerte y al mismo tiempo el m\u00e1s efectivo\" \/>\n<meta name=\"robots\" content=\"index, follow, max-snippet:-1, max-image-preview:large, max-video-preview:-1\" \/>\n<link rel=\"canonical\" href=\"https:\/\/teammutantecuador.com\/?product=anadrol-50-mg\" \/>\n<meta property=\"og:locale\" content=\"es_ES\" \/>\n<meta property=\"og:type\" content=\"article\" \/>\n<meta property=\"og:title\" content=\"ANADROL 50 MG - Team Mutan Ecuador\" \/>\n<meta property=\"og:description\" content=\"Anadrol 50 mg es el esteroide oral m\u00e1s fuerte y al mismo tiempo el m\u00e1s efectivo\" \/>\n<meta property=\"og:url\" content=\"https:\/\/teammutantecuador.com\/?product=anadrol-50-mg\" \/>\n<meta property=\"og:site_name\" content=\"Team Mutan Ecuador\" \/>\n<meta property=\"article:modified_time\" content=\"2026-01-19T11:51:57+00:00\" \/>\n<meta property=\"og:image\" content=\"https:\/\/teammutantecuador.com\/wp-content\/uploads\/2026\/01\/Diseno-sin-titulo-2026-01-16T232842.706.jpg\" \/>\n\t<meta property=\"og:image:width\" content=\"800\" \/>\n\t<meta property=\"og:image:height\" content=\"800\" \/>\n\t<meta property=\"og:image:type\" content=\"image\/jpeg\" \/>\n<meta name=\"twitter:card\" content=\"summary_large_image\" \/>\n<meta name=\"twitter:label1\" content=\"Tiempo de lectura\" \/>\n\t<meta name=\"twitter:data1\" content=\"2 minutos\" \/>\n<script type=\"application\/ld+json\" class=\"yoast-schema-graph\">{\"@context\":\"https:\/\/schema.org\",\"@graph\":[{\"@type\":\"WebPage\",\"@id\":\"https:\/\/teammutantecuador.com\/?product=anadrol-50-mg\",\"url\":\"https:\/\/teammutantecuador.com\/?product=anadrol-50-mg\",\"name\":\"ANADROL 50 MG - Team Mutan Ecuador\",\"isPartOf\":{\"@id\":\"https:\/\/teammutantecuador.com\/#website\"},\"primaryImageOfPage\":{\"@id\":\"https:\/\/teammutantecuador.com\/?product=anadrol-50-mg#primaryimage\"},\"image\":{\"@id\":\"https:\/\/teammutantecuador.com\/?product=anadrol-50-mg#primaryimage\"},\"thumbnailUrl\":\"https:\/\/teammutantecuador.com\/wp-content\/uploads\/2026\/01\/Diseno-sin-titulo-2026-01-16T232842.706.jpg\",\"datePublished\":\"2026-01-17T16:04:09+00:00\",\"dateModified\":\"2026-01-19T11:51:57+00:00\",\"description\":\"Anadrol 50 mg es el esteroide oral m\u00e1s fuerte y al mismo tiempo el m\u00e1s efectivo\",\"breadcrumb\":{\"@id\":\"https:\/\/teammutantecuador.com\/?product=anadrol-50-mg#breadcrumb\"},\"inLanguage\":\"es\",\"potentialAction\":[{\"@type\":\"ReadAction\",\"target\":[\"https:\/\/teammutantecuador.com\/?product=anadrol-50-mg\"]}]},{\"@type\":\"ImageObject\",\"inLanguage\":\"es\",\"@id\":\"https:\/\/teammutantecuador.com\/?product=anadrol-50-mg#primaryimage\",\"url\":\"https:\/\/teammutantecuador.com\/wp-content\/uploads\/2026\/01\/Diseno-sin-titulo-2026-01-16T232842.706.jpg\",\"contentUrl\":\"https:\/\/teammutantecuador.com\/wp-content\/uploads\/2026\/01\/Diseno-sin-titulo-2026-01-16T232842.706.jpg\",\"width\":800,\"height\":800,\"caption\":\"anadrol mutant\"},{\"@type\":\"BreadcrumbList\",\"@id\":\"https:\/\/teammutantecuador.com\/?product=anadrol-50-mg#breadcrumb\",\"itemListElement\":[{\"@type\":\"ListItem\",\"position\":1,\"name\":\"Portada\",\"item\":\"https:\/\/teammutantecuador.com\/\"},{\"@type\":\"ListItem\",\"position\":2,\"name\":\"Shop\",\"item\":\"https:\/\/teammutantecuador.com\/?page_id=6\"},{\"@type\":\"ListItem\",\"position\":3,\"name\":\"ANADROL 50 MG\"}]},{\"@type\":\"WebSite\",\"@id\":\"https:\/\/teammutantecuador.com\/#website\",\"url\":\"https:\/\/teammutantecuador.com\/\",\"name\":\"Team Mutan Ecuador\",\"description\":\"Just another WordPress site\",\"publisher\":{\"@id\":\"https:\/\/teammutantecuador.com\/#organization\"},\"potentialAction\":[{\"@type\":\"SearchAction\",\"target\":{\"@type\":\"EntryPoint\",\"urlTemplate\":\"https:\/\/teammutantecuador.com\/?s={search_term_string}\"},\"query-input\":{\"@type\":\"PropertyValueSpecification\",\"valueRequired\":true,\"valueName\":\"search_term_string\"}}],\"inLanguage\":\"es\"},{\"@type\":\"Organization\",\"@id\":\"https:\/\/teammutantecuador.com\/#organization\",\"name\":\"Team Mutan Ecuador\",\"url\":\"https:\/\/teammutantecuador.com\/\",\"logo\":{\"@type\":\"ImageObject\",\"inLanguage\":\"es\",\"@id\":\"https:\/\/teammutantecuador.com\/#\/schema\/logo\/image\/\",\"url\":\"https:\/\/teammutantecuador.com\/wp-content\/uploads\/2026\/01\/Diseno-sin-titulo-97.png\",\"contentUrl\":\"https:\/\/teammutantecuador.com\/wp-content\/uploads\/2026\/01\/Diseno-sin-titulo-97.png\",\"width\":500,\"height\":300,\"caption\":\"Team Mutan Ecuador\"},\"image\":{\"@id\":\"https:\/\/teammutantecuador.com\/#\/schema\/logo\/image\/\"}}]}<\/script>\n<!-- \/ Yoast SEO plugin. -->","yoast_head_json":{"title":"ANADROL 50 MG - Team Mutan Ecuador","description":"Anadrol 50 mg es el esteroide oral m\u00e1s fuerte y al mismo tiempo el m\u00e1s efectivo","robots":{"index":"index","follow":"follow","max-snippet":"max-snippet:-1","max-image-preview":"max-image-preview:large","max-video-preview":"max-video-preview:-1"},"canonical":"https:\/\/teammutantecuador.com\/?product=anadrol-50-mg","og_locale":"es_ES","og_type":"article","og_title":"ANADROL 50 MG - Team Mutan Ecuador","og_description":"Anadrol 50 mg es el esteroide oral m\u00e1s fuerte y al mismo tiempo el m\u00e1s efectivo","og_url":"https:\/\/teammutantecuador.com\/?product=anadrol-50-mg","og_site_name":"Team Mutan Ecuador","article_modified_time":"2026-01-19T11:51:57+00:00","og_image":[{"width":800,"height":800,"url":"https:\/\/teammutantecuador.com\/wp-content\/uploads\/2026\/01\/Diseno-sin-titulo-2026-01-16T232842.706.jpg","type":"image\/jpeg"}],"twitter_card":"summary_large_image","twitter_misc":{"Tiempo de lectura":"2 minutos"},"schema":{"@context":"https:\/\/schema.org","@graph":[{"@type":"WebPage","@id":"https:\/\/teammutantecuador.com\/?product=anadrol-50-mg","url":"https:\/\/teammutantecuador.com\/?product=anadrol-50-mg","name":"ANADROL 50 MG - Team Mutan Ecuador","isPartOf":{"@id":"https:\/\/teammutantecuador.com\/#website"},"primaryImageOfPage":{"@id":"https:\/\/teammutantecuador.com\/?product=anadrol-50-mg#primaryimage"},"image":{"@id":"https:\/\/teammutantecuador.com\/?product=anadrol-50-mg#primaryimage"},"thumbnailUrl":"https:\/\/teammutantecuador.com\/wp-content\/uploads\/2026\/01\/Diseno-sin-titulo-2026-01-16T232842.706.jpg","datePublished":"2026-01-17T16:04:09+00:00","dateModified":"2026-01-19T11:51:57+00:00","description":"Anadrol 50 mg es el esteroide oral m\u00e1s fuerte y al mismo tiempo el m\u00e1s efectivo","breadcrumb":{"@id":"https:\/\/teammutantecuador.com\/?product=anadrol-50-mg#breadcrumb"},"inLanguage":"es","potentialAction":[{"@type":"ReadAction","target":["https:\/\/teammutantecuador.com\/?product=anadrol-50-mg"]}]},{"@type":"ImageObject","inLanguage":"es","@id":"https:\/\/teammutantecuador.com\/?product=anadrol-50-mg#primaryimage","url":"https:\/\/teammutantecuador.com\/wp-content\/uploads\/2026\/01\/Diseno-sin-titulo-2026-01-16T232842.706.jpg","contentUrl":"https:\/\/teammutantecuador.com\/wp-content\/uploads\/2026\/01\/Diseno-sin-titulo-2026-01-16T232842.706.jpg","width":800,"height":800,"caption":"anadrol mutant"},{"@type":"BreadcrumbList","@id":"https:\/\/teammutantecuador.com\/?product=anadrol-50-mg#breadcrumb","itemListElement":[{"@type":"ListItem","position":1,"name":"Portada","item":"https:\/\/teammutantecuador.com\/"},{"@type":"ListItem","position":2,"name":"Shop","item":"https:\/\/teammutantecuador.com\/?page_id=6"},{"@type":"ListItem","position":3,"name":"ANADROL 50 MG"}]},{"@type":"WebSite","@id":"https:\/\/teammutantecuador.com\/#website","url":"https:\/\/teammutantecuador.com\/","name":"Team Mutan Ecuador","description":"Just another WordPress site","publisher":{"@id":"https:\/\/teammutantecuador.com\/#organization"},"potentialAction":[{"@type":"SearchAction","target":{"@type":"EntryPoint","urlTemplate":"https:\/\/teammutantecuador.com\/?s={search_term_string}"},"query-input":{"@type":"PropertyValueSpecification","valueRequired":true,"valueName":"search_term_string"}}],"inLanguage":"es"},{"@type":"Organization","@id":"https:\/\/teammutantecuador.com\/#organization","name":"Team Mutan Ecuador","url":"https:\/\/teammutantecuador.com\/","logo":{"@type":"ImageObject","inLanguage":"es","@id":"https:\/\/teammutantecuador.com\/#\/schema\/logo\/image\/","url":"https:\/\/teammutantecuador.com\/wp-content\/uploads\/2026\/01\/Diseno-sin-titulo-97.png","contentUrl":"https:\/\/teammutantecuador.com\/wp-content\/uploads\/2026\/01\/Diseno-sin-titulo-97.png","width":500,"height":300,"caption":"Team Mutan Ecuador"},"image":{"@id":"https:\/\/teammutantecuador.com\/#\/schema\/logo\/image\/"}}]}},"_links":{"self":[{"href":"https:\/\/teammutantecuador.com\/index.php?rest_route=\/wp\/v2\/product\/1507","targetHints":{"allow":["GET"]}}],"collection":[{"href":"https:\/\/teammutantecuador.com\/index.php?rest_route=\/wp\/v2\/product"}],"about":[{"href":"https:\/\/teammutantecuador.com\/index.php?rest_route=\/wp\/v2\/types\/product"}],"replies":[{"embeddable":true,"href":"https:\/\/teammutantecuador.com\/index.php?rest_route=%2Fwp%2Fv2%2Fcomments&post=1507"}],"wp:featuredmedia":[{"embeddable":true,"href":"https:\/\/teammutantecuador.com\/index.php?rest_route=\/wp\/v2\/media\/1758"}],"wp:attachment":[{"href":"https:\/\/teammutantecuador.com\/index.php?rest_route=%2Fwp%2Fv2%2Fmedia&parent=1507"}],"wp:term":[{"taxonomy":"product_brand","embeddable":true,"href":"https:\/\/teammutantecuador.com\/index.php?rest_route=%2Fwp%2Fv2%2Fproduct_brand&post=1507"},{"taxonomy":"product_cat","embeddable":true,"href":"https:\/\/teammutantecuador.com\/index.php?rest_route=%2Fwp%2Fv2%2Fproduct_cat&post=1507"},{"taxonomy":"product_tag","embeddable":true,"href":"https:\/\/teammutantecuador.com\/index.php?rest_route=%2Fwp%2Fv2%2Fproduct_tag&post=1507"}],"curies":[{"name":"wp","href":"https:\/\/api.w.org\/{rel}","templated":true}]}}