{"id":1506,"date":"2026-01-17T16:04:09","date_gmt":"2026-01-17T16:04:09","guid":{"rendered":"https:\/\/teammutantecuador.com\/?post_type=product&#038;p=1506"},"modified":"2026-01-21T11:27:05","modified_gmt":"2026-01-21T11:27:05","slug":"clomifeno-25-mg-mutant-pharma","status":"publish","type":"product","link":"https:\/\/teammutantecuador.com\/?product=clomifeno-25-mg-mutant-pharma","title":{"rendered":"Clomifeno 25 MG Mutant Pharma"},"content":{"rendered":"<p dir=\"ltr\">Clomifeno\u00a025 mg\u00a0y su efecto\u00a0especialmente beneficioso para el atleta al finalizar un ciclo de esteroides, cuando los niveles end\u00f3genos de testosterona est\u00e1n deprimidos. Si no se reestablecen dichos niveles end\u00f3genos de testosterona a sus valores normales una vez que se hayan descontinuado los esteroides anab\u00f3licos, es muy probable que ocurra una dram\u00e1tica pedida de tama\u00f1o muscular y fuerza.<\/p>\n<p dir=\"ltr\">\n<p dir=\"ltr\">Debido a que a menudo es deseable un empuj\u00f3n inmediato en la producci\u00f3n de testosterona, muchos prefieren combinar Clomifen 25 mg con\u00a0HCG\u00a0(gonadotrofina cori\u00f3nica humana) a partir de la tercera semana despues de haber descontinuado el ciclo.<\/p>\n<p dir=\"ltr\">\n<h3 dir=\"ltr\">DOSIFICACI\u00d3N RECOMENDABLE<\/h3>\n<p dir=\"ltr\">\n<p dir=\"ltr\">Los usuarios masculinos generalmente encuentran que la ingesta diaria de 50 mg\u00a0(2 tabletas) por unas 4\u00a0semanas retornar\u00e1 la producci\u00f3n de testosterona a un nivel aceptable. Este aumento en la testosterona debe ocurrir lentamente pero uniformemente a lo largo del per\u00edodo de ingesta.<\/p>\n<p dir=\"ltr\">\n<h3 dir=\"ltr\">PRESENTACI\u00d3N<\/h3>\n<p dir=\"ltr\">Tarro de 30 tabletas \/ 25 mg<\/p>\n","protected":false},"excerpt":{"rendered":"<p>Clomifeno\u00a025 mg\u00a0y su efecto\u00a0especialmente beneficioso para el atleta al finalizar un ciclo de esteroides, cuando los niveles end\u00f3genos de testosterona est\u00e1n deprimidos<\/p>\n","protected":false},"featured_media":1852,"comment_status":"open","ping_status":"closed","template":"","meta":[],"product_brand":[151],"product_cat":[143],"product_tag":[181,154],"class_list":{"0":"post-1506","1":"product","2":"type-product","3":"status-publish","4":"has-post-thumbnail","6":"product_brand-mutant-pharma","7":"product_cat-post-ciclo","8":"product_tag-clomifero","9":"product_tag-mutant-pharma","11":"first","12":"instock","13":"sale","14":"shipping-taxable","15":"purchasable","16":"product-type-simple"},"yoast_head":"<!-- This site is optimized with the Yoast SEO plugin v26.8 - https:\/\/yoast.com\/product\/yoast-seo-wordpress\/ -->\n<title>Clomifeno 25 MG Mutant Pharma - Team Mutan Ecuador<\/title>\n<meta name=\"description\" content=\"Clomifeno\u00a025 mg\u00a0y su efecto\u00a0especialmente beneficioso para el atleta al finalizar un ciclo de esteroides, cuando los niveles end\u00f3genos de testosterona est\u00e1n deprimidos\" \/>\n<meta name=\"robots\" content=\"index, follow, max-snippet:-1, max-image-preview:large, max-video-preview:-1\" \/>\n<link rel=\"canonical\" href=\"https:\/\/teammutantecuador.com\/?product=clomifeno-25-mg-mutant-pharma\" \/>\n<meta property=\"og:locale\" content=\"es_ES\" \/>\n<meta property=\"og:type\" content=\"article\" \/>\n<meta property=\"og:title\" content=\"Clomifeno 25 MG Mutant Pharma - Team Mutan Ecuador\" \/>\n<meta property=\"og:description\" content=\"Clomifeno\u00a025 mg\u00a0y su efecto\u00a0especialmente beneficioso para el atleta al finalizar un ciclo de esteroides, cuando los niveles end\u00f3genos de testosterona est\u00e1n deprimidos\" \/>\n<meta property=\"og:url\" content=\"https:\/\/teammutantecuador.com\/?product=clomifeno-25-mg-mutant-pharma\" \/>\n<meta property=\"og:site_name\" content=\"Team Mutan Ecuador\" \/>\n<meta property=\"article:modified_time\" content=\"2026-01-21T11:27:05+00:00\" \/>\n<meta property=\"og:image\" content=\"https:\/\/teammutantecuador.com\/wp-content\/uploads\/2026\/01\/Diseno-sin-titulo-2026-01-17T000321.650-1.jpg\" \/>\n\t<meta property=\"og:image:width\" content=\"800\" \/>\n\t<meta property=\"og:image:height\" content=\"800\" \/>\n\t<meta property=\"og:image:type\" content=\"image\/jpeg\" \/>\n<meta name=\"twitter:card\" content=\"summary_large_image\" \/>\n<meta name=\"twitter:label1\" content=\"Tiempo de lectura\" \/>\n\t<meta name=\"twitter:data1\" content=\"1 minuto\" \/>\n<script type=\"application\/ld+json\" class=\"yoast-schema-graph\">{\"@context\":\"https:\/\/schema.org\",\"@graph\":[{\"@type\":\"WebPage\",\"@id\":\"https:\/\/teammutantecuador.com\/?product=clomifeno-25-mg-mutant-pharma\",\"url\":\"https:\/\/teammutantecuador.com\/?product=clomifeno-25-mg-mutant-pharma\",\"name\":\"Clomifeno 25 MG Mutant Pharma - Team Mutan Ecuador\",\"isPartOf\":{\"@id\":\"https:\/\/teammutantecuador.com\/#website\"},\"primaryImageOfPage\":{\"@id\":\"https:\/\/teammutantecuador.com\/?product=clomifeno-25-mg-mutant-pharma#primaryimage\"},\"image\":{\"@id\":\"https:\/\/teammutantecuador.com\/?product=clomifeno-25-mg-mutant-pharma#primaryimage\"},\"thumbnailUrl\":\"https:\/\/teammutantecuador.com\/wp-content\/uploads\/2026\/01\/Diseno-sin-titulo-2026-01-17T000321.650-1.jpg\",\"datePublished\":\"2026-01-17T16:04:09+00:00\",\"dateModified\":\"2026-01-21T11:27:05+00:00\",\"description\":\"Clomifeno\u00a025 mg\u00a0y su efecto\u00a0especialmente beneficioso para el atleta al finalizar un ciclo de esteroides, cuando los niveles end\u00f3genos de testosterona est\u00e1n deprimidos\",\"breadcrumb\":{\"@id\":\"https:\/\/teammutantecuador.com\/?product=clomifeno-25-mg-mutant-pharma#breadcrumb\"},\"inLanguage\":\"es\",\"potentialAction\":[{\"@type\":\"ReadAction\",\"target\":[\"https:\/\/teammutantecuador.com\/?product=clomifeno-25-mg-mutant-pharma\"]}]},{\"@type\":\"ImageObject\",\"inLanguage\":\"es\",\"@id\":\"https:\/\/teammutantecuador.com\/?product=clomifeno-25-mg-mutant-pharma#primaryimage\",\"url\":\"https:\/\/teammutantecuador.com\/wp-content\/uploads\/2026\/01\/Diseno-sin-titulo-2026-01-17T000321.650-1.jpg\",\"contentUrl\":\"https:\/\/teammutantecuador.com\/wp-content\/uploads\/2026\/01\/Diseno-sin-titulo-2026-01-17T000321.650-1.jpg\",\"width\":800,\"height\":800,\"caption\":\"Clomifeno 25 MG Mutant Pharma\"},{\"@type\":\"BreadcrumbList\",\"@id\":\"https:\/\/teammutantecuador.com\/?product=clomifeno-25-mg-mutant-pharma#breadcrumb\",\"itemListElement\":[{\"@type\":\"ListItem\",\"position\":1,\"name\":\"Portada\",\"item\":\"https:\/\/teammutantecuador.com\/\"},{\"@type\":\"ListItem\",\"position\":2,\"name\":\"Shop\",\"item\":\"https:\/\/teammutantecuador.com\/?page_id=6\"},{\"@type\":\"ListItem\",\"position\":3,\"name\":\"Clomifeno 25 MG Mutant Pharma\"}]},{\"@type\":\"WebSite\",\"@id\":\"https:\/\/teammutantecuador.com\/#website\",\"url\":\"https:\/\/teammutantecuador.com\/\",\"name\":\"Team Mutan Ecuador\",\"description\":\"Just another WordPress site\",\"publisher\":{\"@id\":\"https:\/\/teammutantecuador.com\/#organization\"},\"potentialAction\":[{\"@type\":\"SearchAction\",\"target\":{\"@type\":\"EntryPoint\",\"urlTemplate\":\"https:\/\/teammutantecuador.com\/?s={search_term_string}\"},\"query-input\":{\"@type\":\"PropertyValueSpecification\",\"valueRequired\":true,\"valueName\":\"search_term_string\"}}],\"inLanguage\":\"es\"},{\"@type\":\"Organization\",\"@id\":\"https:\/\/teammutantecuador.com\/#organization\",\"name\":\"Team Mutan Ecuador\",\"url\":\"https:\/\/teammutantecuador.com\/\",\"logo\":{\"@type\":\"ImageObject\",\"inLanguage\":\"es\",\"@id\":\"https:\/\/teammutantecuador.com\/#\/schema\/logo\/image\/\",\"url\":\"https:\/\/teammutantecuador.com\/wp-content\/uploads\/2026\/01\/Diseno-sin-titulo-97.png\",\"contentUrl\":\"https:\/\/teammutantecuador.com\/wp-content\/uploads\/2026\/01\/Diseno-sin-titulo-97.png\",\"width\":500,\"height\":300,\"caption\":\"Team Mutan Ecuador\"},\"image\":{\"@id\":\"https:\/\/teammutantecuador.com\/#\/schema\/logo\/image\/\"}}]}<\/script>\n<!-- \/ Yoast SEO plugin. -->","yoast_head_json":{"title":"Clomifeno 25 MG Mutant Pharma - Team Mutan Ecuador","description":"Clomifeno\u00a025 mg\u00a0y su efecto\u00a0especialmente beneficioso para el atleta al finalizar un ciclo de esteroides, cuando los niveles end\u00f3genos de testosterona est\u00e1n deprimidos","robots":{"index":"index","follow":"follow","max-snippet":"max-snippet:-1","max-image-preview":"max-image-preview:large","max-video-preview":"max-video-preview:-1"},"canonical":"https:\/\/teammutantecuador.com\/?product=clomifeno-25-mg-mutant-pharma","og_locale":"es_ES","og_type":"article","og_title":"Clomifeno 25 MG Mutant Pharma - Team Mutan Ecuador","og_description":"Clomifeno\u00a025 mg\u00a0y su efecto\u00a0especialmente beneficioso para el atleta al finalizar un ciclo de esteroides, cuando los niveles end\u00f3genos de testosterona est\u00e1n deprimidos","og_url":"https:\/\/teammutantecuador.com\/?product=clomifeno-25-mg-mutant-pharma","og_site_name":"Team Mutan Ecuador","article_modified_time":"2026-01-21T11:27:05+00:00","og_image":[{"width":800,"height":800,"url":"https:\/\/teammutantecuador.com\/wp-content\/uploads\/2026\/01\/Diseno-sin-titulo-2026-01-17T000321.650-1.jpg","type":"image\/jpeg"}],"twitter_card":"summary_large_image","twitter_misc":{"Tiempo de lectura":"1 minuto"},"schema":{"@context":"https:\/\/schema.org","@graph":[{"@type":"WebPage","@id":"https:\/\/teammutantecuador.com\/?product=clomifeno-25-mg-mutant-pharma","url":"https:\/\/teammutantecuador.com\/?product=clomifeno-25-mg-mutant-pharma","name":"Clomifeno 25 MG Mutant Pharma - Team Mutan Ecuador","isPartOf":{"@id":"https:\/\/teammutantecuador.com\/#website"},"primaryImageOfPage":{"@id":"https:\/\/teammutantecuador.com\/?product=clomifeno-25-mg-mutant-pharma#primaryimage"},"image":{"@id":"https:\/\/teammutantecuador.com\/?product=clomifeno-25-mg-mutant-pharma#primaryimage"},"thumbnailUrl":"https:\/\/teammutantecuador.com\/wp-content\/uploads\/2026\/01\/Diseno-sin-titulo-2026-01-17T000321.650-1.jpg","datePublished":"2026-01-17T16:04:09+00:00","dateModified":"2026-01-21T11:27:05+00:00","description":"Clomifeno\u00a025 mg\u00a0y su efecto\u00a0especialmente beneficioso para el atleta al finalizar un ciclo de esteroides, cuando los niveles end\u00f3genos de testosterona est\u00e1n deprimidos","breadcrumb":{"@id":"https:\/\/teammutantecuador.com\/?product=clomifeno-25-mg-mutant-pharma#breadcrumb"},"inLanguage":"es","potentialAction":[{"@type":"ReadAction","target":["https:\/\/teammutantecuador.com\/?product=clomifeno-25-mg-mutant-pharma"]}]},{"@type":"ImageObject","inLanguage":"es","@id":"https:\/\/teammutantecuador.com\/?product=clomifeno-25-mg-mutant-pharma#primaryimage","url":"https:\/\/teammutantecuador.com\/wp-content\/uploads\/2026\/01\/Diseno-sin-titulo-2026-01-17T000321.650-1.jpg","contentUrl":"https:\/\/teammutantecuador.com\/wp-content\/uploads\/2026\/01\/Diseno-sin-titulo-2026-01-17T000321.650-1.jpg","width":800,"height":800,"caption":"Clomifeno 25 MG Mutant Pharma"},{"@type":"BreadcrumbList","@id":"https:\/\/teammutantecuador.com\/?product=clomifeno-25-mg-mutant-pharma#breadcrumb","itemListElement":[{"@type":"ListItem","position":1,"name":"Portada","item":"https:\/\/teammutantecuador.com\/"},{"@type":"ListItem","position":2,"name":"Shop","item":"https:\/\/teammutantecuador.com\/?page_id=6"},{"@type":"ListItem","position":3,"name":"Clomifeno 25 MG Mutant Pharma"}]},{"@type":"WebSite","@id":"https:\/\/teammutantecuador.com\/#website","url":"https:\/\/teammutantecuador.com\/","name":"Team Mutan Ecuador","description":"Just another WordPress site","publisher":{"@id":"https:\/\/teammutantecuador.com\/#organization"},"potentialAction":[{"@type":"SearchAction","target":{"@type":"EntryPoint","urlTemplate":"https:\/\/teammutantecuador.com\/?s={search_term_string}"},"query-input":{"@type":"PropertyValueSpecification","valueRequired":true,"valueName":"search_term_string"}}],"inLanguage":"es"},{"@type":"Organization","@id":"https:\/\/teammutantecuador.com\/#organization","name":"Team Mutan Ecuador","url":"https:\/\/teammutantecuador.com\/","logo":{"@type":"ImageObject","inLanguage":"es","@id":"https:\/\/teammutantecuador.com\/#\/schema\/logo\/image\/","url":"https:\/\/teammutantecuador.com\/wp-content\/uploads\/2026\/01\/Diseno-sin-titulo-97.png","contentUrl":"https:\/\/teammutantecuador.com\/wp-content\/uploads\/2026\/01\/Diseno-sin-titulo-97.png","width":500,"height":300,"caption":"Team Mutan Ecuador"},"image":{"@id":"https:\/\/teammutantecuador.com\/#\/schema\/logo\/image\/"}}]}},"_links":{"self":[{"href":"https:\/\/teammutantecuador.com\/index.php?rest_route=\/wp\/v2\/product\/1506","targetHints":{"allow":["GET"]}}],"collection":[{"href":"https:\/\/teammutantecuador.com\/index.php?rest_route=\/wp\/v2\/product"}],"about":[{"href":"https:\/\/teammutantecuador.com\/index.php?rest_route=\/wp\/v2\/types\/product"}],"replies":[{"embeddable":true,"href":"https:\/\/teammutantecuador.com\/index.php?rest_route=%2Fwp%2Fv2%2Fcomments&post=1506"}],"wp:featuredmedia":[{"embeddable":true,"href":"https:\/\/teammutantecuador.com\/index.php?rest_route=\/wp\/v2\/media\/1852"}],"wp:attachment":[{"href":"https:\/\/teammutantecuador.com\/index.php?rest_route=%2Fwp%2Fv2%2Fmedia&parent=1506"}],"wp:term":[{"taxonomy":"product_brand","embeddable":true,"href":"https:\/\/teammutantecuador.com\/index.php?rest_route=%2Fwp%2Fv2%2Fproduct_brand&post=1506"},{"taxonomy":"product_cat","embeddable":true,"href":"https:\/\/teammutantecuador.com\/index.php?rest_route=%2Fwp%2Fv2%2Fproduct_cat&post=1506"},{"taxonomy":"product_tag","embeddable":true,"href":"https:\/\/teammutantecuador.com\/index.php?rest_route=%2Fwp%2Fv2%2Fproduct_tag&post=1506"}],"curies":[{"name":"wp","href":"https:\/\/api.w.org\/{rel}","templated":true}]}}