{"id":1505,"date":"2026-01-17T16:04:09","date_gmt":"2026-01-17T16:04:09","guid":{"rendered":"https:\/\/teammutantecuador.com\/?post_type=product&#038;p=1505"},"modified":"2026-01-21T11:25:05","modified_gmt":"2026-01-21T11:25:05","slug":"proviron-25-mg-mutant-pharma","status":"publish","type":"product","link":"https:\/\/teammutantecuador.com\/?product=proviron-25-mg-mutant-pharma","title":{"rendered":"Proviron 25 Mg Mutant Pharma"},"content":{"rendered":"<p dir=\"ltr\"><strong>Proviron<\/strong> 25 mg<b>\u00a0<\/b>tambien conocido como <strong>mesterolona<\/strong>\u00a0es usado principalmente como <strong>antiestrog\u00e9nico<\/strong>. Act\u00faa como un inhibidor de aromatasa en el cuerpo previniendo o disminuyendo la conversi\u00f3n de esteroides en estr\u00f3genos.<\/p>\n<p dir=\"ltr\">El efecto anti aromatizaci\u00f3n es preferido dado que es m\u00e1s directo y eficiente lidiando con el problema de los efectos secundarios estrog\u00e9nicos.<\/p>\n<p dir=\"ltr\">La mayor\u00eda de los atletas prefieren usar <strong>Proviron<\/strong> y <a href=\"https:\/\/quitofitness.com\/producto\/nolvadex-20-mg\/\">Nolvadex ( Tamoxifeno )<\/a>, especialmente durante ciclos fuertemente estrog\u00e9nicos. Con cada uno de ellos atacando a los estr\u00f3genos desde diferentes \u00e1ngulos, los efectos secundarios son frecuentemente minimizados.<\/p>\n<p dir=\"ltr\">El Proviron 25 mg es especialmente beneficioso cuando anab\u00f3licos como el\u00a0<span style=\"color: #0782c1;\"><b><u>Winstrol<\/u><\/b><\/span>\u00a0la\u00a0<a href=\"https:\/\/quitofitness.com\/producto\/anavar-10-mg\/\"><b>oxandrolona<\/b><\/a>\u00a0y el<a href=\"https:\/\/quitofitness.com\/producto\/primobolan-100\/\"> Primobolan<\/a> est\u00e1n siendo utilizados solos, dado que el contenido androg\u00e9nico de estas drogas es relativamente bajo.<\/p>\n<p dir=\"ltr\">El Proviron puede suplementar una muy necesaria carga androg\u00e9nica y dar un incremento en la dureza y densidad muscular.<\/p>\n<p dir=\"ltr\">Una tableta utilizada junto con 10 \u00f3 20 mg de\u00a0<b>Nolvadex<\/b><b>\u00a0<\/b>puede ser m\u00e1s eficiente para el endurecimiento muscular, creando un ambiente donde el cuerpo es mucho m\u00e1s proclive a quemar grasa corporal (especialmente las \u00e1reas problem\u00e1ticas femeninas como las caderas y los muslos).<\/p>\n<h3 dir=\"ltr\">FORMA DE USO<\/h3>\n<p dir=\"ltr\">La dosificaci\u00f3n t\u00edpica para hombres es de 1 a 2 tabletas de 25 mg al d\u00eda\u00a0y es usada frecuentemente a lo largo de la duraci\u00f3n de un ciclo fuerte.<\/p>\n<p dir=\"ltr\">Las mujeres con una\u00a0tableta de 25 mg las har\u00e1 alcanzar eficientemente el radio andr\u00f3geno\/estr\u00f3geno y puede tener un gran impacto en el f\u00edsico.<\/p>\n<p dir=\"ltr\">Como se mencion\u00f3 antes es combinado frecuentemente con tamoxifeno cuando se est\u00e1n tomando esteroides fuertemente estrog\u00e9nicos (<a href=\"https:\/\/quitofitness.com\/producto\/dianabol-20-mg\/\">Dianabol<\/a>,\u00a0<b>testosterona<\/b>), etc.<\/p>\n<h3 dir=\"ltr\">PRESENTACI\u00d3N<\/h3>\n<p dir=\"ltr\">Tarro de 50 capsulas\u00a0x 25 mg c\/u.<\/p>\n","protected":false},"excerpt":{"rendered":"<p>Proviron 25 mg<b>\u00a0<\/b>tambien conocido como mesterolona\u00a0es usado principalmente como antiestrog\u00e9nico. Act\u00faa como un inhibidor de aromatasa en el cuerpo previniendo o disminuyendo la conversi\u00f3n de esteroides en estr\u00f3genos.<\/p>\n","protected":false},"featured_media":1850,"comment_status":"open","ping_status":"closed","template":"","meta":[],"product_brand":[151],"product_cat":[143],"product_tag":[178,154,179,180],"class_list":{"0":"post-1505","1":"product","2":"type-product","3":"status-publish","4":"has-post-thumbnail","6":"product_brand-mutant-pharma","7":"product_cat-post-ciclo","8":"product_tag-mesterolona","9":"product_tag-mutant-pharma","10":"product_tag-post-ciclo","11":"product_tag-proviron","13":"first","14":"instock","15":"sale","16":"shipping-taxable","17":"purchasable","18":"product-type-simple"},"yoast_head":"<!-- This site is optimized with the Yoast SEO plugin v26.8 - https:\/\/yoast.com\/product\/yoast-seo-wordpress\/ -->\n<title>Proviron 25 Mg Mutant Pharma - Team Mutan Ecuador<\/title>\n<meta name=\"description\" content=\"Proviron 25 mg\u00a0tambien conocido como mesterolona\u00a0es usado principalmente como antiestrog\u00e9nico. Act\u00faa como un inhibidor de aromatasa en el cuerpo previniendo o disminuyendo la conversi\u00f3n de esteroides en estr\u00f3genos.\" \/>\n<meta name=\"robots\" content=\"index, follow, max-snippet:-1, max-image-preview:large, max-video-preview:-1\" \/>\n<link rel=\"canonical\" href=\"https:\/\/teammutantecuador.com\/?product=proviron-25-mg-mutant-pharma\" \/>\n<meta property=\"og:locale\" content=\"es_ES\" \/>\n<meta property=\"og:type\" content=\"article\" \/>\n<meta property=\"og:title\" content=\"Proviron 25 Mg Mutant Pharma - Team Mutan Ecuador\" \/>\n<meta property=\"og:description\" content=\"Proviron 25 mg\u00a0tambien conocido como mesterolona\u00a0es usado principalmente como antiestrog\u00e9nico. Act\u00faa como un inhibidor de aromatasa en el cuerpo previniendo o disminuyendo la conversi\u00f3n de esteroides en estr\u00f3genos.\" \/>\n<meta property=\"og:url\" content=\"https:\/\/teammutantecuador.com\/?product=proviron-25-mg-mutant-pharma\" \/>\n<meta property=\"og:site_name\" content=\"Team Mutan Ecuador\" \/>\n<meta property=\"article:modified_time\" content=\"2026-01-21T11:25:05+00:00\" \/>\n<meta property=\"og:image\" content=\"https:\/\/teammutantecuador.com\/wp-content\/uploads\/2026\/01\/Primobolan-100-Mg-Mutant-Pharma-5-1.jpg\" \/>\n\t<meta property=\"og:image:width\" content=\"800\" \/>\n\t<meta property=\"og:image:height\" content=\"800\" \/>\n\t<meta property=\"og:image:type\" content=\"image\/jpeg\" \/>\n<meta name=\"twitter:card\" content=\"summary_large_image\" \/>\n<meta name=\"twitter:label1\" content=\"Tiempo de lectura\" \/>\n\t<meta name=\"twitter:data1\" content=\"2 minutos\" \/>\n<script type=\"application\/ld+json\" class=\"yoast-schema-graph\">{\"@context\":\"https:\/\/schema.org\",\"@graph\":[{\"@type\":\"WebPage\",\"@id\":\"https:\/\/teammutantecuador.com\/?product=proviron-25-mg-mutant-pharma\",\"url\":\"https:\/\/teammutantecuador.com\/?product=proviron-25-mg-mutant-pharma\",\"name\":\"Proviron 25 Mg Mutant Pharma - Team Mutan Ecuador\",\"isPartOf\":{\"@id\":\"https:\/\/teammutantecuador.com\/#website\"},\"primaryImageOfPage\":{\"@id\":\"https:\/\/teammutantecuador.com\/?product=proviron-25-mg-mutant-pharma#primaryimage\"},\"image\":{\"@id\":\"https:\/\/teammutantecuador.com\/?product=proviron-25-mg-mutant-pharma#primaryimage\"},\"thumbnailUrl\":\"https:\/\/teammutantecuador.com\/wp-content\/uploads\/2026\/01\/Primobolan-100-Mg-Mutant-Pharma-5-1.jpg\",\"datePublished\":\"2026-01-17T16:04:09+00:00\",\"dateModified\":\"2026-01-21T11:25:05+00:00\",\"description\":\"Proviron 25 mg\u00a0tambien conocido como mesterolona\u00a0es usado principalmente como antiestrog\u00e9nico. Act\u00faa como un inhibidor de aromatasa en el cuerpo previniendo o disminuyendo la conversi\u00f3n de esteroides en estr\u00f3genos.\",\"breadcrumb\":{\"@id\":\"https:\/\/teammutantecuador.com\/?product=proviron-25-mg-mutant-pharma#breadcrumb\"},\"inLanguage\":\"es\",\"potentialAction\":[{\"@type\":\"ReadAction\",\"target\":[\"https:\/\/teammutantecuador.com\/?product=proviron-25-mg-mutant-pharma\"]}]},{\"@type\":\"ImageObject\",\"inLanguage\":\"es\",\"@id\":\"https:\/\/teammutantecuador.com\/?product=proviron-25-mg-mutant-pharma#primaryimage\",\"url\":\"https:\/\/teammutantecuador.com\/wp-content\/uploads\/2026\/01\/Primobolan-100-Mg-Mutant-Pharma-5-1.jpg\",\"contentUrl\":\"https:\/\/teammutantecuador.com\/wp-content\/uploads\/2026\/01\/Primobolan-100-Mg-Mutant-Pharma-5-1.jpg\",\"width\":800,\"height\":800,\"caption\":\"Proviron 25 Mg Mutant Pharma\"},{\"@type\":\"BreadcrumbList\",\"@id\":\"https:\/\/teammutantecuador.com\/?product=proviron-25-mg-mutant-pharma#breadcrumb\",\"itemListElement\":[{\"@type\":\"ListItem\",\"position\":1,\"name\":\"Portada\",\"item\":\"https:\/\/teammutantecuador.com\/\"},{\"@type\":\"ListItem\",\"position\":2,\"name\":\"Shop\",\"item\":\"https:\/\/teammutantecuador.com\/?page_id=6\"},{\"@type\":\"ListItem\",\"position\":3,\"name\":\"Proviron 25 Mg Mutant Pharma\"}]},{\"@type\":\"WebSite\",\"@id\":\"https:\/\/teammutantecuador.com\/#website\",\"url\":\"https:\/\/teammutantecuador.com\/\",\"name\":\"Team Mutan Ecuador\",\"description\":\"Just another WordPress site\",\"publisher\":{\"@id\":\"https:\/\/teammutantecuador.com\/#organization\"},\"potentialAction\":[{\"@type\":\"SearchAction\",\"target\":{\"@type\":\"EntryPoint\",\"urlTemplate\":\"https:\/\/teammutantecuador.com\/?s={search_term_string}\"},\"query-input\":{\"@type\":\"PropertyValueSpecification\",\"valueRequired\":true,\"valueName\":\"search_term_string\"}}],\"inLanguage\":\"es\"},{\"@type\":\"Organization\",\"@id\":\"https:\/\/teammutantecuador.com\/#organization\",\"name\":\"Team Mutan Ecuador\",\"url\":\"https:\/\/teammutantecuador.com\/\",\"logo\":{\"@type\":\"ImageObject\",\"inLanguage\":\"es\",\"@id\":\"https:\/\/teammutantecuador.com\/#\/schema\/logo\/image\/\",\"url\":\"https:\/\/teammutantecuador.com\/wp-content\/uploads\/2026\/01\/Diseno-sin-titulo-97.png\",\"contentUrl\":\"https:\/\/teammutantecuador.com\/wp-content\/uploads\/2026\/01\/Diseno-sin-titulo-97.png\",\"width\":500,\"height\":300,\"caption\":\"Team Mutan Ecuador\"},\"image\":{\"@id\":\"https:\/\/teammutantecuador.com\/#\/schema\/logo\/image\/\"}}]}<\/script>\n<!-- \/ Yoast SEO plugin. -->","yoast_head_json":{"title":"Proviron 25 Mg Mutant Pharma - Team Mutan Ecuador","description":"Proviron 25 mg\u00a0tambien conocido como mesterolona\u00a0es usado principalmente como antiestrog\u00e9nico. Act\u00faa como un inhibidor de aromatasa en el cuerpo previniendo o disminuyendo la conversi\u00f3n de esteroides en estr\u00f3genos.","robots":{"index":"index","follow":"follow","max-snippet":"max-snippet:-1","max-image-preview":"max-image-preview:large","max-video-preview":"max-video-preview:-1"},"canonical":"https:\/\/teammutantecuador.com\/?product=proviron-25-mg-mutant-pharma","og_locale":"es_ES","og_type":"article","og_title":"Proviron 25 Mg Mutant Pharma - Team Mutan Ecuador","og_description":"Proviron 25 mg\u00a0tambien conocido como mesterolona\u00a0es usado principalmente como antiestrog\u00e9nico. Act\u00faa como un inhibidor de aromatasa en el cuerpo previniendo o disminuyendo la conversi\u00f3n de esteroides en estr\u00f3genos.","og_url":"https:\/\/teammutantecuador.com\/?product=proviron-25-mg-mutant-pharma","og_site_name":"Team Mutan Ecuador","article_modified_time":"2026-01-21T11:25:05+00:00","og_image":[{"width":800,"height":800,"url":"https:\/\/teammutantecuador.com\/wp-content\/uploads\/2026\/01\/Primobolan-100-Mg-Mutant-Pharma-5-1.jpg","type":"image\/jpeg"}],"twitter_card":"summary_large_image","twitter_misc":{"Tiempo de lectura":"2 minutos"},"schema":{"@context":"https:\/\/schema.org","@graph":[{"@type":"WebPage","@id":"https:\/\/teammutantecuador.com\/?product=proviron-25-mg-mutant-pharma","url":"https:\/\/teammutantecuador.com\/?product=proviron-25-mg-mutant-pharma","name":"Proviron 25 Mg Mutant Pharma - Team Mutan Ecuador","isPartOf":{"@id":"https:\/\/teammutantecuador.com\/#website"},"primaryImageOfPage":{"@id":"https:\/\/teammutantecuador.com\/?product=proviron-25-mg-mutant-pharma#primaryimage"},"image":{"@id":"https:\/\/teammutantecuador.com\/?product=proviron-25-mg-mutant-pharma#primaryimage"},"thumbnailUrl":"https:\/\/teammutantecuador.com\/wp-content\/uploads\/2026\/01\/Primobolan-100-Mg-Mutant-Pharma-5-1.jpg","datePublished":"2026-01-17T16:04:09+00:00","dateModified":"2026-01-21T11:25:05+00:00","description":"Proviron 25 mg\u00a0tambien conocido como mesterolona\u00a0es usado principalmente como antiestrog\u00e9nico. Act\u00faa como un inhibidor de aromatasa en el cuerpo previniendo o disminuyendo la conversi\u00f3n de esteroides en estr\u00f3genos.","breadcrumb":{"@id":"https:\/\/teammutantecuador.com\/?product=proviron-25-mg-mutant-pharma#breadcrumb"},"inLanguage":"es","potentialAction":[{"@type":"ReadAction","target":["https:\/\/teammutantecuador.com\/?product=proviron-25-mg-mutant-pharma"]}]},{"@type":"ImageObject","inLanguage":"es","@id":"https:\/\/teammutantecuador.com\/?product=proviron-25-mg-mutant-pharma#primaryimage","url":"https:\/\/teammutantecuador.com\/wp-content\/uploads\/2026\/01\/Primobolan-100-Mg-Mutant-Pharma-5-1.jpg","contentUrl":"https:\/\/teammutantecuador.com\/wp-content\/uploads\/2026\/01\/Primobolan-100-Mg-Mutant-Pharma-5-1.jpg","width":800,"height":800,"caption":"Proviron 25 Mg Mutant Pharma"},{"@type":"BreadcrumbList","@id":"https:\/\/teammutantecuador.com\/?product=proviron-25-mg-mutant-pharma#breadcrumb","itemListElement":[{"@type":"ListItem","position":1,"name":"Portada","item":"https:\/\/teammutantecuador.com\/"},{"@type":"ListItem","position":2,"name":"Shop","item":"https:\/\/teammutantecuador.com\/?page_id=6"},{"@type":"ListItem","position":3,"name":"Proviron 25 Mg Mutant Pharma"}]},{"@type":"WebSite","@id":"https:\/\/teammutantecuador.com\/#website","url":"https:\/\/teammutantecuador.com\/","name":"Team Mutan Ecuador","description":"Just another WordPress site","publisher":{"@id":"https:\/\/teammutantecuador.com\/#organization"},"potentialAction":[{"@type":"SearchAction","target":{"@type":"EntryPoint","urlTemplate":"https:\/\/teammutantecuador.com\/?s={search_term_string}"},"query-input":{"@type":"PropertyValueSpecification","valueRequired":true,"valueName":"search_term_string"}}],"inLanguage":"es"},{"@type":"Organization","@id":"https:\/\/teammutantecuador.com\/#organization","name":"Team Mutan Ecuador","url":"https:\/\/teammutantecuador.com\/","logo":{"@type":"ImageObject","inLanguage":"es","@id":"https:\/\/teammutantecuador.com\/#\/schema\/logo\/image\/","url":"https:\/\/teammutantecuador.com\/wp-content\/uploads\/2026\/01\/Diseno-sin-titulo-97.png","contentUrl":"https:\/\/teammutantecuador.com\/wp-content\/uploads\/2026\/01\/Diseno-sin-titulo-97.png","width":500,"height":300,"caption":"Team Mutan Ecuador"},"image":{"@id":"https:\/\/teammutantecuador.com\/#\/schema\/logo\/image\/"}}]}},"_links":{"self":[{"href":"https:\/\/teammutantecuador.com\/index.php?rest_route=\/wp\/v2\/product\/1505","targetHints":{"allow":["GET"]}}],"collection":[{"href":"https:\/\/teammutantecuador.com\/index.php?rest_route=\/wp\/v2\/product"}],"about":[{"href":"https:\/\/teammutantecuador.com\/index.php?rest_route=\/wp\/v2\/types\/product"}],"replies":[{"embeddable":true,"href":"https:\/\/teammutantecuador.com\/index.php?rest_route=%2Fwp%2Fv2%2Fcomments&post=1505"}],"wp:featuredmedia":[{"embeddable":true,"href":"https:\/\/teammutantecuador.com\/index.php?rest_route=\/wp\/v2\/media\/1850"}],"wp:attachment":[{"href":"https:\/\/teammutantecuador.com\/index.php?rest_route=%2Fwp%2Fv2%2Fmedia&parent=1505"}],"wp:term":[{"taxonomy":"product_brand","embeddable":true,"href":"https:\/\/teammutantecuador.com\/index.php?rest_route=%2Fwp%2Fv2%2Fproduct_brand&post=1505"},{"taxonomy":"product_cat","embeddable":true,"href":"https:\/\/teammutantecuador.com\/index.php?rest_route=%2Fwp%2Fv2%2Fproduct_cat&post=1505"},{"taxonomy":"product_tag","embeddable":true,"href":"https:\/\/teammutantecuador.com\/index.php?rest_route=%2Fwp%2Fv2%2Fproduct_tag&post=1505"}],"curies":[{"name":"wp","href":"https:\/\/api.w.org\/{rel}","templated":true}]}}