{"id":1502,"date":"2026-01-17T16:04:08","date_gmt":"2026-01-17T16:04:08","guid":{"rendered":"https:\/\/teammutantecuador.com\/?post_type=product&#038;p=1502"},"modified":"2026-01-21T11:29:23","modified_gmt":"2026-01-21T11:29:23","slug":"ostarine-10-mg-mutant-pharma-100-tab","status":"publish","type":"product","link":"https:\/\/teammutantecuador.com\/?product=ostarine-10-mg-mutant-pharma-100-tab","title":{"rendered":"Ostarine 10 Mg Mutant Pharma 100 TAB"},"content":{"rendered":"<p dir=\"ltr\">Ostarine 10 Mutant, tambi\u00e9n conocido como MK 2866 es un SARM que ha sido estudiado en diferentes areas terapeuticas en la clase de los SARMS, incluyendo para el tratamiento del cancer caquexia (desgaste muscular), cancer de mama, y estres por incontinencia urinaria.<\/p>\n<p dir=\"ltr\">Para muchos en la comunidad fitness, este ha provehido algun sentido de estabilidad y seguridad\u00a0\u00a0al compararse con otras drogas de la categoria SARMS y p\u00e9ptidos.<\/p>\n<p dir=\"ltr\">Hasta ahora, Ostarine 10 Mk 2886 ha establecido un registro consistente de eficacia como un agente similar androg\u00e9nico. Por ejemplo, en un estudio con hombres y mujeres saludables mayores de edad, con una dosis de 3mg por\u00a0 dia durante 12 semanas result\u00f3 en un incremento significativo del 3% in LBM. Tambien\u00a0\u00a0hubo una significativa reduccion de grasa de 0.6 kg. La\u00a0funcion f\u00edsica mejorada medida por la potencia para la subida de escalones aument\u00f3 en un 15%.<\/p>\n<p dir=\"ltr\">Reflej\u00f3 una mejora en la sensibilidad a la insulina. En el ejercicio anaer\u00f3bico con la misma muestra de poblaci\u00f3n mayor, la fuerza y potencia para hacer prensa para piernas aument\u00f3 m\u00e1s de 22 libras.<\/p>\n<p dir=\"ltr\">Ostarine 10 Mutant\u00a0es ampliamente tomada en la comunidad deportiva para la ganancia de masa muscular y volumen acompa\u00f1ada de una notable reducci\u00f3n del \u00edndice de grasa corporal, generalmente como una alternativa a los anab\u00f3licos esteroides.<\/p>\n<p dir=\"ltr\">\n<h3 dir=\"ltr\">PUNTOS\u00a0IMPORTANTES DEL OSTARINE 10 MUTANT<\/h3>\n<p dir=\"ltr\">\n<ul dir=\"ltr\">\n<li>Efecto anab\u00f3lico moderado<\/li>\n<li>Supresi\u00f3n moderada del eje\u00a0hipotal\u00e1mico-pituitario-testicular<\/li>\n<li>Suave y moderado con la hepatoxicidad<\/li>\n<li>Moderado en cambios lip\u00eddicos.<\/li>\n<\/ul>\n<p dir=\"ltr\">\n<h3 dir=\"ltr\">PRESENTACI\u00d3N<\/h3>\n<p dir=\"ltr\">Tarro de 100 tabletas x 10 mg.<\/p>\n","protected":false},"excerpt":{"rendered":"<p>Ostarine 10 Mutant, tambi\u00e9n conocido como MK 2866 es un SARM que ha sido estudiado en diferentes areas terapeuticas en la clase de los SARMS<\/p>\n","protected":false},"featured_media":1854,"comment_status":"open","ping_status":"closed","template":"","meta":[],"product_brand":[151],"product_cat":[170],"product_tag":[154,174],"class_list":{"0":"post-1502","1":"product","2":"type-product","3":"status-publish","4":"has-post-thumbnail","6":"product_brand-mutant-pharma","7":"product_cat-sarms","8":"product_tag-mutant-pharma","9":"product_tag-ostarine","11":"first","12":"instock","13":"sale","14":"shipping-taxable","15":"purchasable","16":"product-type-simple"},"yoast_head":"<!-- This site is optimized with the Yoast SEO plugin v26.8 - https:\/\/yoast.com\/product\/yoast-seo-wordpress\/ -->\n<title>Ostarine 10 Mg Mutant Pharma 100 TAB - Team Mutan Ecuador<\/title>\n<meta name=\"description\" content=\"Ostarine 10 Mutant, tambi\u00e9n conocido como MK 2866 es un SARM que ha sido estudiado en diferentes areas terapeuticas en la clase de los SARMS\" \/>\n<meta name=\"robots\" content=\"index, follow, max-snippet:-1, max-image-preview:large, max-video-preview:-1\" \/>\n<link rel=\"canonical\" href=\"https:\/\/teammutantecuador.com\/?product=ostarine-10-mg-mutant-pharma-100-tab\" \/>\n<meta property=\"og:locale\" content=\"es_ES\" \/>\n<meta property=\"og:type\" content=\"article\" \/>\n<meta property=\"og:title\" content=\"Ostarine 10 Mg Mutant Pharma 100 TAB - Team Mutan Ecuador\" \/>\n<meta property=\"og:description\" content=\"Ostarine 10 Mutant, tambi\u00e9n conocido como MK 2866 es un SARM que ha sido estudiado en diferentes areas terapeuticas en la clase de los SARMS\" \/>\n<meta property=\"og:url\" content=\"https:\/\/teammutantecuador.com\/?product=ostarine-10-mg-mutant-pharma-100-tab\" \/>\n<meta property=\"og:site_name\" content=\"Team Mutan Ecuador\" \/>\n<meta property=\"article:modified_time\" content=\"2026-01-21T11:29:23+00:00\" \/>\n<meta property=\"og:image\" content=\"https:\/\/teammutantecuador.com\/wp-content\/uploads\/2026\/01\/Primobolan-100-Mg-Mutant-Pharma-39.jpg\" \/>\n\t<meta property=\"og:image:width\" content=\"800\" \/>\n\t<meta property=\"og:image:height\" content=\"800\" \/>\n\t<meta property=\"og:image:type\" content=\"image\/jpeg\" \/>\n<meta name=\"twitter:card\" content=\"summary_large_image\" \/>\n<meta name=\"twitter:label1\" content=\"Tiempo de lectura\" \/>\n\t<meta name=\"twitter:data1\" content=\"2 minutos\" \/>\n<script type=\"application\/ld+json\" class=\"yoast-schema-graph\">{\"@context\":\"https:\/\/schema.org\",\"@graph\":[{\"@type\":\"WebPage\",\"@id\":\"https:\/\/teammutantecuador.com\/?product=ostarine-10-mg-mutant-pharma-100-tab\",\"url\":\"https:\/\/teammutantecuador.com\/?product=ostarine-10-mg-mutant-pharma-100-tab\",\"name\":\"Ostarine 10 Mg Mutant Pharma 100 TAB - Team Mutan Ecuador\",\"isPartOf\":{\"@id\":\"https:\/\/teammutantecuador.com\/#website\"},\"primaryImageOfPage\":{\"@id\":\"https:\/\/teammutantecuador.com\/?product=ostarine-10-mg-mutant-pharma-100-tab#primaryimage\"},\"image\":{\"@id\":\"https:\/\/teammutantecuador.com\/?product=ostarine-10-mg-mutant-pharma-100-tab#primaryimage\"},\"thumbnailUrl\":\"https:\/\/teammutantecuador.com\/wp-content\/uploads\/2026\/01\/Primobolan-100-Mg-Mutant-Pharma-39.jpg\",\"datePublished\":\"2026-01-17T16:04:08+00:00\",\"dateModified\":\"2026-01-21T11:29:23+00:00\",\"description\":\"Ostarine 10 Mutant, tambi\u00e9n conocido como MK 2866 es un SARM que ha sido estudiado en diferentes areas terapeuticas en la clase de los SARMS\",\"breadcrumb\":{\"@id\":\"https:\/\/teammutantecuador.com\/?product=ostarine-10-mg-mutant-pharma-100-tab#breadcrumb\"},\"inLanguage\":\"es\",\"potentialAction\":[{\"@type\":\"ReadAction\",\"target\":[\"https:\/\/teammutantecuador.com\/?product=ostarine-10-mg-mutant-pharma-100-tab\"]}]},{\"@type\":\"ImageObject\",\"inLanguage\":\"es\",\"@id\":\"https:\/\/teammutantecuador.com\/?product=ostarine-10-mg-mutant-pharma-100-tab#primaryimage\",\"url\":\"https:\/\/teammutantecuador.com\/wp-content\/uploads\/2026\/01\/Primobolan-100-Mg-Mutant-Pharma-39.jpg\",\"contentUrl\":\"https:\/\/teammutantecuador.com\/wp-content\/uploads\/2026\/01\/Primobolan-100-Mg-Mutant-Pharma-39.jpg\",\"width\":800,\"height\":800,\"caption\":\"Ostarine 10 Mg Mutant Pharma 100 TAB\"},{\"@type\":\"BreadcrumbList\",\"@id\":\"https:\/\/teammutantecuador.com\/?product=ostarine-10-mg-mutant-pharma-100-tab#breadcrumb\",\"itemListElement\":[{\"@type\":\"ListItem\",\"position\":1,\"name\":\"Portada\",\"item\":\"https:\/\/teammutantecuador.com\/\"},{\"@type\":\"ListItem\",\"position\":2,\"name\":\"Shop\",\"item\":\"https:\/\/teammutantecuador.com\/?page_id=6\"},{\"@type\":\"ListItem\",\"position\":3,\"name\":\"Ostarine 10 Mg Mutant Pharma 100 TAB\"}]},{\"@type\":\"WebSite\",\"@id\":\"https:\/\/teammutantecuador.com\/#website\",\"url\":\"https:\/\/teammutantecuador.com\/\",\"name\":\"Team Mutan Ecuador\",\"description\":\"Just another WordPress site\",\"publisher\":{\"@id\":\"https:\/\/teammutantecuador.com\/#organization\"},\"potentialAction\":[{\"@type\":\"SearchAction\",\"target\":{\"@type\":\"EntryPoint\",\"urlTemplate\":\"https:\/\/teammutantecuador.com\/?s={search_term_string}\"},\"query-input\":{\"@type\":\"PropertyValueSpecification\",\"valueRequired\":true,\"valueName\":\"search_term_string\"}}],\"inLanguage\":\"es\"},{\"@type\":\"Organization\",\"@id\":\"https:\/\/teammutantecuador.com\/#organization\",\"name\":\"Team Mutan Ecuador\",\"url\":\"https:\/\/teammutantecuador.com\/\",\"logo\":{\"@type\":\"ImageObject\",\"inLanguage\":\"es\",\"@id\":\"https:\/\/teammutantecuador.com\/#\/schema\/logo\/image\/\",\"url\":\"https:\/\/teammutantecuador.com\/wp-content\/uploads\/2026\/01\/Diseno-sin-titulo-97.png\",\"contentUrl\":\"https:\/\/teammutantecuador.com\/wp-content\/uploads\/2026\/01\/Diseno-sin-titulo-97.png\",\"width\":500,\"height\":300,\"caption\":\"Team Mutan Ecuador\"},\"image\":{\"@id\":\"https:\/\/teammutantecuador.com\/#\/schema\/logo\/image\/\"}}]}<\/script>\n<!-- \/ Yoast SEO plugin. -->","yoast_head_json":{"title":"Ostarine 10 Mg Mutant Pharma 100 TAB - Team Mutan Ecuador","description":"Ostarine 10 Mutant, tambi\u00e9n conocido como MK 2866 es un SARM que ha sido estudiado en diferentes areas terapeuticas en la clase de los SARMS","robots":{"index":"index","follow":"follow","max-snippet":"max-snippet:-1","max-image-preview":"max-image-preview:large","max-video-preview":"max-video-preview:-1"},"canonical":"https:\/\/teammutantecuador.com\/?product=ostarine-10-mg-mutant-pharma-100-tab","og_locale":"es_ES","og_type":"article","og_title":"Ostarine 10 Mg Mutant Pharma 100 TAB - Team Mutan Ecuador","og_description":"Ostarine 10 Mutant, tambi\u00e9n conocido como MK 2866 es un SARM que ha sido estudiado en diferentes areas terapeuticas en la clase de los SARMS","og_url":"https:\/\/teammutantecuador.com\/?product=ostarine-10-mg-mutant-pharma-100-tab","og_site_name":"Team Mutan Ecuador","article_modified_time":"2026-01-21T11:29:23+00:00","og_image":[{"width":800,"height":800,"url":"https:\/\/teammutantecuador.com\/wp-content\/uploads\/2026\/01\/Primobolan-100-Mg-Mutant-Pharma-39.jpg","type":"image\/jpeg"}],"twitter_card":"summary_large_image","twitter_misc":{"Tiempo de lectura":"2 minutos"},"schema":{"@context":"https:\/\/schema.org","@graph":[{"@type":"WebPage","@id":"https:\/\/teammutantecuador.com\/?product=ostarine-10-mg-mutant-pharma-100-tab","url":"https:\/\/teammutantecuador.com\/?product=ostarine-10-mg-mutant-pharma-100-tab","name":"Ostarine 10 Mg Mutant Pharma 100 TAB - Team Mutan Ecuador","isPartOf":{"@id":"https:\/\/teammutantecuador.com\/#website"},"primaryImageOfPage":{"@id":"https:\/\/teammutantecuador.com\/?product=ostarine-10-mg-mutant-pharma-100-tab#primaryimage"},"image":{"@id":"https:\/\/teammutantecuador.com\/?product=ostarine-10-mg-mutant-pharma-100-tab#primaryimage"},"thumbnailUrl":"https:\/\/teammutantecuador.com\/wp-content\/uploads\/2026\/01\/Primobolan-100-Mg-Mutant-Pharma-39.jpg","datePublished":"2026-01-17T16:04:08+00:00","dateModified":"2026-01-21T11:29:23+00:00","description":"Ostarine 10 Mutant, tambi\u00e9n conocido como MK 2866 es un SARM que ha sido estudiado en diferentes areas terapeuticas en la clase de los SARMS","breadcrumb":{"@id":"https:\/\/teammutantecuador.com\/?product=ostarine-10-mg-mutant-pharma-100-tab#breadcrumb"},"inLanguage":"es","potentialAction":[{"@type":"ReadAction","target":["https:\/\/teammutantecuador.com\/?product=ostarine-10-mg-mutant-pharma-100-tab"]}]},{"@type":"ImageObject","inLanguage":"es","@id":"https:\/\/teammutantecuador.com\/?product=ostarine-10-mg-mutant-pharma-100-tab#primaryimage","url":"https:\/\/teammutantecuador.com\/wp-content\/uploads\/2026\/01\/Primobolan-100-Mg-Mutant-Pharma-39.jpg","contentUrl":"https:\/\/teammutantecuador.com\/wp-content\/uploads\/2026\/01\/Primobolan-100-Mg-Mutant-Pharma-39.jpg","width":800,"height":800,"caption":"Ostarine 10 Mg Mutant Pharma 100 TAB"},{"@type":"BreadcrumbList","@id":"https:\/\/teammutantecuador.com\/?product=ostarine-10-mg-mutant-pharma-100-tab#breadcrumb","itemListElement":[{"@type":"ListItem","position":1,"name":"Portada","item":"https:\/\/teammutantecuador.com\/"},{"@type":"ListItem","position":2,"name":"Shop","item":"https:\/\/teammutantecuador.com\/?page_id=6"},{"@type":"ListItem","position":3,"name":"Ostarine 10 Mg Mutant Pharma 100 TAB"}]},{"@type":"WebSite","@id":"https:\/\/teammutantecuador.com\/#website","url":"https:\/\/teammutantecuador.com\/","name":"Team Mutan Ecuador","description":"Just another WordPress site","publisher":{"@id":"https:\/\/teammutantecuador.com\/#organization"},"potentialAction":[{"@type":"SearchAction","target":{"@type":"EntryPoint","urlTemplate":"https:\/\/teammutantecuador.com\/?s={search_term_string}"},"query-input":{"@type":"PropertyValueSpecification","valueRequired":true,"valueName":"search_term_string"}}],"inLanguage":"es"},{"@type":"Organization","@id":"https:\/\/teammutantecuador.com\/#organization","name":"Team Mutan Ecuador","url":"https:\/\/teammutantecuador.com\/","logo":{"@type":"ImageObject","inLanguage":"es","@id":"https:\/\/teammutantecuador.com\/#\/schema\/logo\/image\/","url":"https:\/\/teammutantecuador.com\/wp-content\/uploads\/2026\/01\/Diseno-sin-titulo-97.png","contentUrl":"https:\/\/teammutantecuador.com\/wp-content\/uploads\/2026\/01\/Diseno-sin-titulo-97.png","width":500,"height":300,"caption":"Team Mutan Ecuador"},"image":{"@id":"https:\/\/teammutantecuador.com\/#\/schema\/logo\/image\/"}}]}},"_links":{"self":[{"href":"https:\/\/teammutantecuador.com\/index.php?rest_route=\/wp\/v2\/product\/1502","targetHints":{"allow":["GET"]}}],"collection":[{"href":"https:\/\/teammutantecuador.com\/index.php?rest_route=\/wp\/v2\/product"}],"about":[{"href":"https:\/\/teammutantecuador.com\/index.php?rest_route=\/wp\/v2\/types\/product"}],"replies":[{"embeddable":true,"href":"https:\/\/teammutantecuador.com\/index.php?rest_route=%2Fwp%2Fv2%2Fcomments&post=1502"}],"wp:featuredmedia":[{"embeddable":true,"href":"https:\/\/teammutantecuador.com\/index.php?rest_route=\/wp\/v2\/media\/1854"}],"wp:attachment":[{"href":"https:\/\/teammutantecuador.com\/index.php?rest_route=%2Fwp%2Fv2%2Fmedia&parent=1502"}],"wp:term":[{"taxonomy":"product_brand","embeddable":true,"href":"https:\/\/teammutantecuador.com\/index.php?rest_route=%2Fwp%2Fv2%2Fproduct_brand&post=1502"},{"taxonomy":"product_cat","embeddable":true,"href":"https:\/\/teammutantecuador.com\/index.php?rest_route=%2Fwp%2Fv2%2Fproduct_cat&post=1502"},{"taxonomy":"product_tag","embeddable":true,"href":"https:\/\/teammutantecuador.com\/index.php?rest_route=%2Fwp%2Fv2%2Fproduct_tag&post=1502"}],"curies":[{"name":"wp","href":"https:\/\/api.w.org\/{rel}","templated":true}]}}