{"id":1501,"date":"2026-01-17T16:04:08","date_gmt":"2026-01-17T16:04:08","guid":{"rendered":"https:\/\/teammutantecuador.com\/?post_type=product&#038;p=1501"},"modified":"2026-01-21T11:28:00","modified_gmt":"2026-01-21T11:28:00","slug":"rad-140-muntant-pharma-testolon-100-tab","status":"publish","type":"product","link":"https:\/\/teammutantecuador.com\/?product=rad-140-muntant-pharma-testolon-100-tab","title":{"rendered":"RAD 140 Muntant Pharma Testolon 100 tab"},"content":{"rendered":"<p><strong>RAD 140 Mutant Pharma<\/strong>\u00a0 es un modulador selectivo no esteroideo del receptor de andr\u00f3genos (<strong>SARM<\/strong>). Los medicamentos de esta clase imitan muchas de las acciones beneficiosas de los esteroides anab\u00f3licos, pero a menudo se eliminan estructuralmente de estos medicamentos. Esto a menudo permite una separaci\u00f3n anab\u00f3lico-androg\u00e9nica mucho mayor y un potencial de efectos secundarios diferentes.<\/p>\n<p>El objetivo es\u00a0maximizar t\u00edpicamente la estimulaci\u00f3n de los efectos anab\u00f3licos \u00f3seos y musculares, y minimizar otros efectos secundarios androg\u00e9nicos, particularmente en la pr\u00f3stata. <strong>Testolone<\/strong>\u00a0se usa com\u00fanmente en comunidad deportiva como una alternativa de desarrollo muscular a los esteroides anab\u00f3licos.<\/p>\n<p>Los estudios in vitro muestran que<strong> RAD 140<\/strong> tiene una afinidad de uni\u00f3n al receptor de andr\u00f3genos (AR) mucho mayor que la testosterona e incluso la dihidrotestosterona. Parece favorecer tambi\u00e9n la actividad en los m\u00fasculos y los huesos, con solo un d\u00e9bil efecto potencialmente antagonista en los tejidos androg\u00e9nicos. La especificidad del receptor AR tambi\u00e9n parece alta.<\/p>\n<p><strong>RAD 140<\/strong> Mutant no interact\u00faa con otros receptores de hormonas esteroides en ning\u00fan grado apreciable, salvo una interacci\u00f3n extremadamente d\u00e9bil con la progesterona.\u00a0Todo esto sugiere que es un medicamento con un perfil anab\u00f3lico refinado.\u00a0Tal actividad anab\u00f3lica selectiva est\u00e1 muy en l\u00ednea con el objetivo cl\u00ednico de la mayor\u00eda de los SARMS.<\/p>\n<p>Durante los estudios del\u00a0<strong>RAD 140<\/strong> en ratas, tuvo un efecto anab\u00f3lico m\u00e1s fuerte que el propionato de testosterona miligramo por miligramo.\u00a0Se observ\u00f3 un efecto similar con TP, pero a una dosis 40% mayor.<br \/>\nPor otro lado, <strong>RAD 140<\/strong> era mucho menos androg\u00e9nico. Se requiri\u00f3 una dosis 60 veces mayor para producir el mismo crecimiento de pr\u00f3stata.<\/p>\n<p>Por un lado, solo se informaron elevaciones m\u00ednimas en los niveles de transaminasas de enzimas hep\u00e1ticas, incluso en las dosis m\u00e1s altas probadas.\u00a0Esto sugiere que tiene un bajo nivel de toxicidad hep\u00e1tica. La toxicidad hep\u00e1tica a menudo es alta en los andr\u00f3genos orales, lo que ha sido un inconveniente significativo que impide su uso m\u00e1s amplio en la terap\u00e9utica. Sin embargo, Testolone exhibi\u00f3 efectos cl\u00e1sicos de \u00abandr\u00f3genos orales\u00bb sobre los l\u00edpidos en suero. Su abuso podr\u00eda aumentar el riesgo de enfermedad cardiovascular. RAD 140 parece exhibir una serie de propiedades favorables en el papel.\u00a0Este podr\u00eda ser un constructor muscular no esteroideo efectivo, con SARM reducido como la androgenicidad en ciertos tejidos.<\/p>\n<p>&nbsp;<\/p>\n<h3>PUNTOS IMPORTANTES<\/h3>\n<p>&nbsp;<\/p>\n<ul>\n<li>Efecto anab\u00f3lico moderado<\/li>\n<li>Baja hepatotoxicidad<\/li>\n<li>Eficacia \/ seguridad desconocida<\/li>\n<\/ul>\n<p>&nbsp;<\/p>\n<h3>PRESENTACI\u00d3N<\/h3>\n<p>Tarro de 100 tabletas de 10\u00a0mg c\/u.<\/p>\n<p>&nbsp;<\/p>\n<h3>ADMINISTRACI\u00d3N<\/h3>\n<p>Cuando se usa con fines f\u00edsicos o para mejorar el rendimiento, RAD 140 se toma com\u00fanmente en una dosis de 10-20 mg por d\u00eda (hombres). Las mujeres generalmente optan por 5-10 mg diarios, ya que se desconoce su propensi\u00f3n a producir efectos secundarios virilizantes. Los ciclos de\u00a0RAD 140 generalmente duran de 6 a 12 semanas. Los informes anecd\u00f3ticos sugieren que este medicamento tiene un notable efecto anab\u00f3lico.<\/p>\n","protected":false},"excerpt":{"rendered":"<p>RAD 140 Mutant\u00a0 es un modulador selectivo no esteroideo del receptor de andr\u00f3genos (SARM). Los medicamentos de esta clase imitan muchas de las acciones beneficiosas de los esteroides anab\u00f3licos<\/p>\n","protected":false},"featured_media":1853,"comment_status":"open","ping_status":"closed","template":"","meta":[],"product_brand":[151],"product_cat":[170],"product_tag":[154,172,171,173],"class_list":{"0":"post-1501","1":"product","2":"type-product","3":"status-publish","4":"has-post-thumbnail","6":"product_brand-mutant-pharma","7":"product_cat-sarms","8":"product_tag-mutant-pharma","9":"product_tag-rad-140","10":"product_tag-sarms","11":"product_tag-testolon","13":"first","14":"instock","15":"sale","16":"shipping-taxable","17":"purchasable","18":"product-type-simple"},"yoast_head":"<!-- This site is optimized with the Yoast SEO plugin v26.8 - https:\/\/yoast.com\/product\/yoast-seo-wordpress\/ -->\n<title>RAD 140 Muntant Pharma Testolon 100 tab - Team Mutan Ecuador<\/title>\n<meta name=\"description\" content=\"RAD 140 Mutant\u00a0 es un modulador selectivo no esteroideo del receptor de andr\u00f3genos (SARM). Los medicamentos de esta clase imitan muchas de las acciones beneficiosas de los esteroides anab\u00f3licos\" \/>\n<meta name=\"robots\" content=\"index, follow, max-snippet:-1, max-image-preview:large, max-video-preview:-1\" \/>\n<link rel=\"canonical\" href=\"https:\/\/teammutantecuador.com\/?product=rad-140-muntant-pharma-testolon-100-tab\" \/>\n<meta property=\"og:locale\" content=\"es_ES\" \/>\n<meta property=\"og:type\" content=\"article\" \/>\n<meta property=\"og:title\" content=\"RAD 140 Muntant Pharma Testolon 100 tab - Team Mutan Ecuador\" \/>\n<meta property=\"og:description\" content=\"RAD 140 Mutant\u00a0 es un modulador selectivo no esteroideo del receptor de andr\u00f3genos (SARM). Los medicamentos de esta clase imitan muchas de las acciones beneficiosas de los esteroides anab\u00f3licos\" \/>\n<meta property=\"og:url\" content=\"https:\/\/teammutantecuador.com\/?product=rad-140-muntant-pharma-testolon-100-tab\" \/>\n<meta property=\"og:site_name\" content=\"Team Mutan Ecuador\" \/>\n<meta property=\"article:modified_time\" content=\"2026-01-21T11:28:00+00:00\" \/>\n<meta property=\"og:image\" content=\"https:\/\/teammutantecuador.com\/wp-content\/uploads\/2026\/01\/Primobolan-100-Mg-Mutant-Pharma-42.jpg\" \/>\n\t<meta property=\"og:image:width\" content=\"800\" \/>\n\t<meta property=\"og:image:height\" content=\"800\" \/>\n\t<meta property=\"og:image:type\" content=\"image\/jpeg\" \/>\n<meta name=\"twitter:card\" content=\"summary_large_image\" \/>\n<meta name=\"twitter:label1\" content=\"Tiempo de lectura\" \/>\n\t<meta name=\"twitter:data1\" content=\"3 minutos\" \/>\n<script type=\"application\/ld+json\" class=\"yoast-schema-graph\">{\"@context\":\"https:\/\/schema.org\",\"@graph\":[{\"@type\":\"WebPage\",\"@id\":\"https:\/\/teammutantecuador.com\/?product=rad-140-muntant-pharma-testolon-100-tab\",\"url\":\"https:\/\/teammutantecuador.com\/?product=rad-140-muntant-pharma-testolon-100-tab\",\"name\":\"RAD 140 Muntant Pharma Testolon 100 tab - Team Mutan Ecuador\",\"isPartOf\":{\"@id\":\"https:\/\/teammutantecuador.com\/#website\"},\"primaryImageOfPage\":{\"@id\":\"https:\/\/teammutantecuador.com\/?product=rad-140-muntant-pharma-testolon-100-tab#primaryimage\"},\"image\":{\"@id\":\"https:\/\/teammutantecuador.com\/?product=rad-140-muntant-pharma-testolon-100-tab#primaryimage\"},\"thumbnailUrl\":\"https:\/\/teammutantecuador.com\/wp-content\/uploads\/2026\/01\/Primobolan-100-Mg-Mutant-Pharma-42.jpg\",\"datePublished\":\"2026-01-17T16:04:08+00:00\",\"dateModified\":\"2026-01-21T11:28:00+00:00\",\"description\":\"RAD 140 Mutant\u00a0 es un modulador selectivo no esteroideo del receptor de andr\u00f3genos (SARM). Los medicamentos de esta clase imitan muchas de las acciones beneficiosas de los esteroides anab\u00f3licos\",\"breadcrumb\":{\"@id\":\"https:\/\/teammutantecuador.com\/?product=rad-140-muntant-pharma-testolon-100-tab#breadcrumb\"},\"inLanguage\":\"es\",\"potentialAction\":[{\"@type\":\"ReadAction\",\"target\":[\"https:\/\/teammutantecuador.com\/?product=rad-140-muntant-pharma-testolon-100-tab\"]}]},{\"@type\":\"ImageObject\",\"inLanguage\":\"es\",\"@id\":\"https:\/\/teammutantecuador.com\/?product=rad-140-muntant-pharma-testolon-100-tab#primaryimage\",\"url\":\"https:\/\/teammutantecuador.com\/wp-content\/uploads\/2026\/01\/Primobolan-100-Mg-Mutant-Pharma-42.jpg\",\"contentUrl\":\"https:\/\/teammutantecuador.com\/wp-content\/uploads\/2026\/01\/Primobolan-100-Mg-Mutant-Pharma-42.jpg\",\"width\":800,\"height\":800,\"caption\":\"RAD 140 Muntant Pharma Testolon 100 tab\"},{\"@type\":\"BreadcrumbList\",\"@id\":\"https:\/\/teammutantecuador.com\/?product=rad-140-muntant-pharma-testolon-100-tab#breadcrumb\",\"itemListElement\":[{\"@type\":\"ListItem\",\"position\":1,\"name\":\"Portada\",\"item\":\"https:\/\/teammutantecuador.com\/\"},{\"@type\":\"ListItem\",\"position\":2,\"name\":\"Shop\",\"item\":\"https:\/\/teammutantecuador.com\/?page_id=6\"},{\"@type\":\"ListItem\",\"position\":3,\"name\":\"RAD 140 Muntant Pharma Testolon 100 tab\"}]},{\"@type\":\"WebSite\",\"@id\":\"https:\/\/teammutantecuador.com\/#website\",\"url\":\"https:\/\/teammutantecuador.com\/\",\"name\":\"Team Mutan Ecuador\",\"description\":\"Just another WordPress site\",\"publisher\":{\"@id\":\"https:\/\/teammutantecuador.com\/#organization\"},\"potentialAction\":[{\"@type\":\"SearchAction\",\"target\":{\"@type\":\"EntryPoint\",\"urlTemplate\":\"https:\/\/teammutantecuador.com\/?s={search_term_string}\"},\"query-input\":{\"@type\":\"PropertyValueSpecification\",\"valueRequired\":true,\"valueName\":\"search_term_string\"}}],\"inLanguage\":\"es\"},{\"@type\":\"Organization\",\"@id\":\"https:\/\/teammutantecuador.com\/#organization\",\"name\":\"Team Mutan Ecuador\",\"url\":\"https:\/\/teammutantecuador.com\/\",\"logo\":{\"@type\":\"ImageObject\",\"inLanguage\":\"es\",\"@id\":\"https:\/\/teammutantecuador.com\/#\/schema\/logo\/image\/\",\"url\":\"https:\/\/teammutantecuador.com\/wp-content\/uploads\/2026\/01\/Diseno-sin-titulo-97.png\",\"contentUrl\":\"https:\/\/teammutantecuador.com\/wp-content\/uploads\/2026\/01\/Diseno-sin-titulo-97.png\",\"width\":500,\"height\":300,\"caption\":\"Team Mutan Ecuador\"},\"image\":{\"@id\":\"https:\/\/teammutantecuador.com\/#\/schema\/logo\/image\/\"}}]}<\/script>\n<!-- \/ Yoast SEO plugin. -->","yoast_head_json":{"title":"RAD 140 Muntant Pharma Testolon 100 tab - Team Mutan Ecuador","description":"RAD 140 Mutant\u00a0 es un modulador selectivo no esteroideo del receptor de andr\u00f3genos (SARM). Los medicamentos de esta clase imitan muchas de las acciones beneficiosas de los esteroides anab\u00f3licos","robots":{"index":"index","follow":"follow","max-snippet":"max-snippet:-1","max-image-preview":"max-image-preview:large","max-video-preview":"max-video-preview:-1"},"canonical":"https:\/\/teammutantecuador.com\/?product=rad-140-muntant-pharma-testolon-100-tab","og_locale":"es_ES","og_type":"article","og_title":"RAD 140 Muntant Pharma Testolon 100 tab - Team Mutan Ecuador","og_description":"RAD 140 Mutant\u00a0 es un modulador selectivo no esteroideo del receptor de andr\u00f3genos (SARM). Los medicamentos de esta clase imitan muchas de las acciones beneficiosas de los esteroides anab\u00f3licos","og_url":"https:\/\/teammutantecuador.com\/?product=rad-140-muntant-pharma-testolon-100-tab","og_site_name":"Team Mutan Ecuador","article_modified_time":"2026-01-21T11:28:00+00:00","og_image":[{"width":800,"height":800,"url":"https:\/\/teammutantecuador.com\/wp-content\/uploads\/2026\/01\/Primobolan-100-Mg-Mutant-Pharma-42.jpg","type":"image\/jpeg"}],"twitter_card":"summary_large_image","twitter_misc":{"Tiempo de lectura":"3 minutos"},"schema":{"@context":"https:\/\/schema.org","@graph":[{"@type":"WebPage","@id":"https:\/\/teammutantecuador.com\/?product=rad-140-muntant-pharma-testolon-100-tab","url":"https:\/\/teammutantecuador.com\/?product=rad-140-muntant-pharma-testolon-100-tab","name":"RAD 140 Muntant Pharma Testolon 100 tab - Team Mutan Ecuador","isPartOf":{"@id":"https:\/\/teammutantecuador.com\/#website"},"primaryImageOfPage":{"@id":"https:\/\/teammutantecuador.com\/?product=rad-140-muntant-pharma-testolon-100-tab#primaryimage"},"image":{"@id":"https:\/\/teammutantecuador.com\/?product=rad-140-muntant-pharma-testolon-100-tab#primaryimage"},"thumbnailUrl":"https:\/\/teammutantecuador.com\/wp-content\/uploads\/2026\/01\/Primobolan-100-Mg-Mutant-Pharma-42.jpg","datePublished":"2026-01-17T16:04:08+00:00","dateModified":"2026-01-21T11:28:00+00:00","description":"RAD 140 Mutant\u00a0 es un modulador selectivo no esteroideo del receptor de andr\u00f3genos (SARM). Los medicamentos de esta clase imitan muchas de las acciones beneficiosas de los esteroides anab\u00f3licos","breadcrumb":{"@id":"https:\/\/teammutantecuador.com\/?product=rad-140-muntant-pharma-testolon-100-tab#breadcrumb"},"inLanguage":"es","potentialAction":[{"@type":"ReadAction","target":["https:\/\/teammutantecuador.com\/?product=rad-140-muntant-pharma-testolon-100-tab"]}]},{"@type":"ImageObject","inLanguage":"es","@id":"https:\/\/teammutantecuador.com\/?product=rad-140-muntant-pharma-testolon-100-tab#primaryimage","url":"https:\/\/teammutantecuador.com\/wp-content\/uploads\/2026\/01\/Primobolan-100-Mg-Mutant-Pharma-42.jpg","contentUrl":"https:\/\/teammutantecuador.com\/wp-content\/uploads\/2026\/01\/Primobolan-100-Mg-Mutant-Pharma-42.jpg","width":800,"height":800,"caption":"RAD 140 Muntant Pharma Testolon 100 tab"},{"@type":"BreadcrumbList","@id":"https:\/\/teammutantecuador.com\/?product=rad-140-muntant-pharma-testolon-100-tab#breadcrumb","itemListElement":[{"@type":"ListItem","position":1,"name":"Portada","item":"https:\/\/teammutantecuador.com\/"},{"@type":"ListItem","position":2,"name":"Shop","item":"https:\/\/teammutantecuador.com\/?page_id=6"},{"@type":"ListItem","position":3,"name":"RAD 140 Muntant Pharma Testolon 100 tab"}]},{"@type":"WebSite","@id":"https:\/\/teammutantecuador.com\/#website","url":"https:\/\/teammutantecuador.com\/","name":"Team Mutan Ecuador","description":"Just another WordPress site","publisher":{"@id":"https:\/\/teammutantecuador.com\/#organization"},"potentialAction":[{"@type":"SearchAction","target":{"@type":"EntryPoint","urlTemplate":"https:\/\/teammutantecuador.com\/?s={search_term_string}"},"query-input":{"@type":"PropertyValueSpecification","valueRequired":true,"valueName":"search_term_string"}}],"inLanguage":"es"},{"@type":"Organization","@id":"https:\/\/teammutantecuador.com\/#organization","name":"Team Mutan Ecuador","url":"https:\/\/teammutantecuador.com\/","logo":{"@type":"ImageObject","inLanguage":"es","@id":"https:\/\/teammutantecuador.com\/#\/schema\/logo\/image\/","url":"https:\/\/teammutantecuador.com\/wp-content\/uploads\/2026\/01\/Diseno-sin-titulo-97.png","contentUrl":"https:\/\/teammutantecuador.com\/wp-content\/uploads\/2026\/01\/Diseno-sin-titulo-97.png","width":500,"height":300,"caption":"Team Mutan Ecuador"},"image":{"@id":"https:\/\/teammutantecuador.com\/#\/schema\/logo\/image\/"}}]}},"_links":{"self":[{"href":"https:\/\/teammutantecuador.com\/index.php?rest_route=\/wp\/v2\/product\/1501","targetHints":{"allow":["GET"]}}],"collection":[{"href":"https:\/\/teammutantecuador.com\/index.php?rest_route=\/wp\/v2\/product"}],"about":[{"href":"https:\/\/teammutantecuador.com\/index.php?rest_route=\/wp\/v2\/types\/product"}],"replies":[{"embeddable":true,"href":"https:\/\/teammutantecuador.com\/index.php?rest_route=%2Fwp%2Fv2%2Fcomments&post=1501"}],"wp:featuredmedia":[{"embeddable":true,"href":"https:\/\/teammutantecuador.com\/index.php?rest_route=\/wp\/v2\/media\/1853"}],"wp:attachment":[{"href":"https:\/\/teammutantecuador.com\/index.php?rest_route=%2Fwp%2Fv2%2Fmedia&parent=1501"}],"wp:term":[{"taxonomy":"product_brand","embeddable":true,"href":"https:\/\/teammutantecuador.com\/index.php?rest_route=%2Fwp%2Fv2%2Fproduct_brand&post=1501"},{"taxonomy":"product_cat","embeddable":true,"href":"https:\/\/teammutantecuador.com\/index.php?rest_route=%2Fwp%2Fv2%2Fproduct_cat&post=1501"},{"taxonomy":"product_tag","embeddable":true,"href":"https:\/\/teammutantecuador.com\/index.php?rest_route=%2Fwp%2Fv2%2Fproduct_tag&post=1501"}],"curies":[{"name":"wp","href":"https:\/\/api.w.org\/{rel}","templated":true}]}}