{"id":1500,"date":"2026-01-17T16:04:08","date_gmt":"2026-01-17T16:04:08","guid":{"rendered":"https:\/\/teammutantecuador.com\/?post_type=product&#038;p=1500"},"modified":"2026-01-21T11:29:56","modified_gmt":"2026-01-21T11:29:56","slug":"ligandrol-5-mg-mutant-pharma","status":"publish","type":"product","link":"https:\/\/teammutantecuador.com\/?product=ligandrol-5-mg-mutant-pharma","title":{"rendered":"Ligandrol 5 Mg Mutant Pharma"},"content":{"rendered":"<p dir=\"ltr\">Ligandrol 5 mg Mutant, tambi\u00e9n conocido como LGD-4033 o VK5211, es un Modulador selectivo del receptor de andr\u00f3genos de segunda generaci\u00f3n (SARM). Aunque com\u00fanmente es un no-esteroide en su estructura, las sustancias de esta clase estan estrechamente relacionados a los anab\u00f3licos esteroides en actividad. Ellos se unen al mismo receptor androg\u00e9nico y ejerce efectos anab\u00f3licos similares.\u00a0e imparten efectos anab\u00f3licos similares.<\/p>\n<p dir=\"ltr\">Sin embargo, los SARMS tienden a hacerlo\u00a0con mucha m\u00e1s selectividad tisular. Como tal, podemos notar una separaci\u00f3n m\u00e1s grande de efectos anab\u00f3licos y androg\u00e9nicos.<\/p>\n<p dir=\"ltr\">El Ligandrol 5 mg Mutant ofrece beneficios similares a los tradicionales anab\u00f3licos androg\u00e9nicos, pero con muchos menos efectos secundarios.<\/p>\n<p dir=\"ltr\">Estudios tempranos sobre el Ligandrol\u00a0sugieren que tiene un perfil favorable seguro, por un lado, no produjo cambios en los valores de las enzimas hepaticas. En dosis que produce construcci\u00f3n de masa muscular, la hepatoxicidad no parece ser un problema como s\u00ed muestran ser otros SARMS.<\/p>\n<p dir=\"ltr\">El Ligandrol 5 mg es com\u00fanmente usado por la comunidad fitness como un agente constructor de masa muscular y como alternativa a los anab\u00f3licos androg\u00e9nicos tradicionales. Aqu\u00ed, tiene una reputaci\u00f3n de ser uno de los SARMS m\u00e1s efectivos y\u00a0selectivos disponibles.<\/p>\n<p dir=\"ltr\">Construye m\u00fasclo eficientemente y rara vez produce problemas con exceso de androgenicidad.<\/p>\n<p dir=\"ltr\">Cuando el inter\u00e9s es por la fuerza y potencia para los entrenos, suele darsele reconocimiento al Ligandrol por encima del Ostarine.<\/p>\n<h2 dir=\"ltr\"><\/h2>\n<h3 dir=\"ltr\">PUNTOS IMPORTANTES DEL LIGANDROL 5 MG<\/h3>\n<ul dir=\"ltr\">\n<li>De efecto anab\u00f3lico moderado y fuerte<\/li>\n<li>De efectos androg\u00e9cog\u00e9nicos d\u00e9biles<\/li>\n<li>Supresi\u00f3n moderada del eje\u00a0hipotal\u00e1mico-pituitario-testicular<\/li>\n<li>Hepatoxicidad leve<\/li>\n<li>Cambios lip\u00eddicos leves<\/li>\n<li>Con frecuencia esta sustancia produce incrementos de moderados a sustanciales en la masa corporal magra, y las ganancias son descritas por ser cualitativas y cuantitativas similares a los agantes anab\u00f3licos moderados tales como el stanozolol o la oxandrolona.<\/li>\n<\/ul>\n<p dir=\"ltr\">\n<h3 dir=\"ltr\">PRESENTACI\u00d3N<\/h3>\n<p dir=\"ltr\">Tarro de 100 tabletas de 5 mg<\/p>\n<p dir=\"ltr\">\n<h3 dir=\"ltr\">ADMINISTRACI\u00d3N<\/h3>\n<p dir=\"ltr\">Para el desarrollo f\u00edsico Ligandrol\u00a0es comunmente tomado en dosis de 2 a 10 mg por d\u00eda. Las mujeres usualmente toman dosis m\u00e1s bajas que los hombres. Los ciclos con esta sustancia duran de 4 a 8 semanas.<\/p>\n","protected":false},"excerpt":{"rendered":"<p>Ligandrol 5 mg Mutant, tambi\u00e9n conocido como LGD-4033 o VK5211, es un Modulador selectivo del receptor de andr\u00f3genos de segunda generaci\u00f3n (SARM)<\/p>\n","protected":false},"featured_media":1855,"comment_status":"open","ping_status":"closed","template":"","meta":[],"product_brand":[151],"product_cat":[170],"product_tag":[154,171],"class_list":{"0":"post-1500","1":"product","2":"type-product","3":"status-publish","4":"has-post-thumbnail","6":"product_brand-mutant-pharma","7":"product_cat-sarms","8":"product_tag-mutant-pharma","9":"product_tag-sarms","11":"first","12":"instock","13":"sale","14":"shipping-taxable","15":"purchasable","16":"product-type-simple"},"yoast_head":"<!-- This site is optimized with the Yoast SEO plugin v26.8 - https:\/\/yoast.com\/product\/yoast-seo-wordpress\/ -->\n<title>Ligandrol 5 Mg Mutant Pharma - Team Mutan Ecuador<\/title>\n<meta name=\"description\" content=\"Ligandrol 5 mg Mutant, tambi\u00e9n conocido como LGD-4033 o VK5211, es un Modulador selectivo del receptor de andr\u00f3genos de segunda generaci\u00f3n (SARM)\" \/>\n<meta name=\"robots\" content=\"index, follow, max-snippet:-1, max-image-preview:large, max-video-preview:-1\" \/>\n<link rel=\"canonical\" href=\"https:\/\/teammutantecuador.com\/?product=ligandrol-5-mg-mutant-pharma\" \/>\n<meta property=\"og:locale\" content=\"es_ES\" \/>\n<meta property=\"og:type\" content=\"article\" \/>\n<meta property=\"og:title\" content=\"Ligandrol 5 Mg Mutant Pharma - Team Mutan Ecuador\" \/>\n<meta property=\"og:description\" content=\"Ligandrol 5 mg Mutant, tambi\u00e9n conocido como LGD-4033 o VK5211, es un Modulador selectivo del receptor de andr\u00f3genos de segunda generaci\u00f3n (SARM)\" \/>\n<meta property=\"og:url\" content=\"https:\/\/teammutantecuador.com\/?product=ligandrol-5-mg-mutant-pharma\" \/>\n<meta property=\"og:site_name\" content=\"Team Mutan Ecuador\" \/>\n<meta property=\"article:modified_time\" content=\"2026-01-21T11:29:56+00:00\" \/>\n<meta property=\"og:image\" content=\"https:\/\/teammutantecuador.com\/wp-content\/uploads\/2026\/01\/Primobolan-100-Mg-Mutant-Pharma-34.jpg\" \/>\n\t<meta property=\"og:image:width\" content=\"800\" \/>\n\t<meta property=\"og:image:height\" content=\"800\" \/>\n\t<meta property=\"og:image:type\" content=\"image\/jpeg\" \/>\n<meta name=\"twitter:card\" content=\"summary_large_image\" \/>\n<meta name=\"twitter:label1\" content=\"Tiempo de lectura\" \/>\n\t<meta name=\"twitter:data1\" content=\"2 minutos\" \/>\n<script type=\"application\/ld+json\" class=\"yoast-schema-graph\">{\"@context\":\"https:\/\/schema.org\",\"@graph\":[{\"@type\":\"WebPage\",\"@id\":\"https:\/\/teammutantecuador.com\/?product=ligandrol-5-mg-mutant-pharma\",\"url\":\"https:\/\/teammutantecuador.com\/?product=ligandrol-5-mg-mutant-pharma\",\"name\":\"Ligandrol 5 Mg Mutant Pharma - Team Mutan Ecuador\",\"isPartOf\":{\"@id\":\"https:\/\/teammutantecuador.com\/#website\"},\"primaryImageOfPage\":{\"@id\":\"https:\/\/teammutantecuador.com\/?product=ligandrol-5-mg-mutant-pharma#primaryimage\"},\"image\":{\"@id\":\"https:\/\/teammutantecuador.com\/?product=ligandrol-5-mg-mutant-pharma#primaryimage\"},\"thumbnailUrl\":\"https:\/\/teammutantecuador.com\/wp-content\/uploads\/2026\/01\/Primobolan-100-Mg-Mutant-Pharma-34.jpg\",\"datePublished\":\"2026-01-17T16:04:08+00:00\",\"dateModified\":\"2026-01-21T11:29:56+00:00\",\"description\":\"Ligandrol 5 mg Mutant, tambi\u00e9n conocido como LGD-4033 o VK5211, es un Modulador selectivo del receptor de andr\u00f3genos de segunda generaci\u00f3n (SARM)\",\"breadcrumb\":{\"@id\":\"https:\/\/teammutantecuador.com\/?product=ligandrol-5-mg-mutant-pharma#breadcrumb\"},\"inLanguage\":\"es\",\"potentialAction\":[{\"@type\":\"ReadAction\",\"target\":[\"https:\/\/teammutantecuador.com\/?product=ligandrol-5-mg-mutant-pharma\"]}]},{\"@type\":\"ImageObject\",\"inLanguage\":\"es\",\"@id\":\"https:\/\/teammutantecuador.com\/?product=ligandrol-5-mg-mutant-pharma#primaryimage\",\"url\":\"https:\/\/teammutantecuador.com\/wp-content\/uploads\/2026\/01\/Primobolan-100-Mg-Mutant-Pharma-34.jpg\",\"contentUrl\":\"https:\/\/teammutantecuador.com\/wp-content\/uploads\/2026\/01\/Primobolan-100-Mg-Mutant-Pharma-34.jpg\",\"width\":800,\"height\":800,\"caption\":\"Ligandrol 5 Mg Mutant Pharma\"},{\"@type\":\"BreadcrumbList\",\"@id\":\"https:\/\/teammutantecuador.com\/?product=ligandrol-5-mg-mutant-pharma#breadcrumb\",\"itemListElement\":[{\"@type\":\"ListItem\",\"position\":1,\"name\":\"Portada\",\"item\":\"https:\/\/teammutantecuador.com\/\"},{\"@type\":\"ListItem\",\"position\":2,\"name\":\"Shop\",\"item\":\"https:\/\/teammutantecuador.com\/?page_id=6\"},{\"@type\":\"ListItem\",\"position\":3,\"name\":\"Ligandrol 5 Mg Mutant Pharma\"}]},{\"@type\":\"WebSite\",\"@id\":\"https:\/\/teammutantecuador.com\/#website\",\"url\":\"https:\/\/teammutantecuador.com\/\",\"name\":\"Team Mutan Ecuador\",\"description\":\"Just another WordPress site\",\"publisher\":{\"@id\":\"https:\/\/teammutantecuador.com\/#organization\"},\"potentialAction\":[{\"@type\":\"SearchAction\",\"target\":{\"@type\":\"EntryPoint\",\"urlTemplate\":\"https:\/\/teammutantecuador.com\/?s={search_term_string}\"},\"query-input\":{\"@type\":\"PropertyValueSpecification\",\"valueRequired\":true,\"valueName\":\"search_term_string\"}}],\"inLanguage\":\"es\"},{\"@type\":\"Organization\",\"@id\":\"https:\/\/teammutantecuador.com\/#organization\",\"name\":\"Team Mutan Ecuador\",\"url\":\"https:\/\/teammutantecuador.com\/\",\"logo\":{\"@type\":\"ImageObject\",\"inLanguage\":\"es\",\"@id\":\"https:\/\/teammutantecuador.com\/#\/schema\/logo\/image\/\",\"url\":\"https:\/\/teammutantecuador.com\/wp-content\/uploads\/2026\/01\/Diseno-sin-titulo-97.png\",\"contentUrl\":\"https:\/\/teammutantecuador.com\/wp-content\/uploads\/2026\/01\/Diseno-sin-titulo-97.png\",\"width\":500,\"height\":300,\"caption\":\"Team Mutan Ecuador\"},\"image\":{\"@id\":\"https:\/\/teammutantecuador.com\/#\/schema\/logo\/image\/\"}}]}<\/script>\n<!-- \/ Yoast SEO plugin. -->","yoast_head_json":{"title":"Ligandrol 5 Mg Mutant Pharma - Team Mutan Ecuador","description":"Ligandrol 5 mg Mutant, tambi\u00e9n conocido como LGD-4033 o VK5211, es un Modulador selectivo del receptor de andr\u00f3genos de segunda generaci\u00f3n (SARM)","robots":{"index":"index","follow":"follow","max-snippet":"max-snippet:-1","max-image-preview":"max-image-preview:large","max-video-preview":"max-video-preview:-1"},"canonical":"https:\/\/teammutantecuador.com\/?product=ligandrol-5-mg-mutant-pharma","og_locale":"es_ES","og_type":"article","og_title":"Ligandrol 5 Mg Mutant Pharma - Team Mutan Ecuador","og_description":"Ligandrol 5 mg Mutant, tambi\u00e9n conocido como LGD-4033 o VK5211, es un Modulador selectivo del receptor de andr\u00f3genos de segunda generaci\u00f3n (SARM)","og_url":"https:\/\/teammutantecuador.com\/?product=ligandrol-5-mg-mutant-pharma","og_site_name":"Team Mutan Ecuador","article_modified_time":"2026-01-21T11:29:56+00:00","og_image":[{"width":800,"height":800,"url":"https:\/\/teammutantecuador.com\/wp-content\/uploads\/2026\/01\/Primobolan-100-Mg-Mutant-Pharma-34.jpg","type":"image\/jpeg"}],"twitter_card":"summary_large_image","twitter_misc":{"Tiempo de lectura":"2 minutos"},"schema":{"@context":"https:\/\/schema.org","@graph":[{"@type":"WebPage","@id":"https:\/\/teammutantecuador.com\/?product=ligandrol-5-mg-mutant-pharma","url":"https:\/\/teammutantecuador.com\/?product=ligandrol-5-mg-mutant-pharma","name":"Ligandrol 5 Mg Mutant Pharma - Team Mutan Ecuador","isPartOf":{"@id":"https:\/\/teammutantecuador.com\/#website"},"primaryImageOfPage":{"@id":"https:\/\/teammutantecuador.com\/?product=ligandrol-5-mg-mutant-pharma#primaryimage"},"image":{"@id":"https:\/\/teammutantecuador.com\/?product=ligandrol-5-mg-mutant-pharma#primaryimage"},"thumbnailUrl":"https:\/\/teammutantecuador.com\/wp-content\/uploads\/2026\/01\/Primobolan-100-Mg-Mutant-Pharma-34.jpg","datePublished":"2026-01-17T16:04:08+00:00","dateModified":"2026-01-21T11:29:56+00:00","description":"Ligandrol 5 mg Mutant, tambi\u00e9n conocido como LGD-4033 o VK5211, es un Modulador selectivo del receptor de andr\u00f3genos de segunda generaci\u00f3n (SARM)","breadcrumb":{"@id":"https:\/\/teammutantecuador.com\/?product=ligandrol-5-mg-mutant-pharma#breadcrumb"},"inLanguage":"es","potentialAction":[{"@type":"ReadAction","target":["https:\/\/teammutantecuador.com\/?product=ligandrol-5-mg-mutant-pharma"]}]},{"@type":"ImageObject","inLanguage":"es","@id":"https:\/\/teammutantecuador.com\/?product=ligandrol-5-mg-mutant-pharma#primaryimage","url":"https:\/\/teammutantecuador.com\/wp-content\/uploads\/2026\/01\/Primobolan-100-Mg-Mutant-Pharma-34.jpg","contentUrl":"https:\/\/teammutantecuador.com\/wp-content\/uploads\/2026\/01\/Primobolan-100-Mg-Mutant-Pharma-34.jpg","width":800,"height":800,"caption":"Ligandrol 5 Mg Mutant Pharma"},{"@type":"BreadcrumbList","@id":"https:\/\/teammutantecuador.com\/?product=ligandrol-5-mg-mutant-pharma#breadcrumb","itemListElement":[{"@type":"ListItem","position":1,"name":"Portada","item":"https:\/\/teammutantecuador.com\/"},{"@type":"ListItem","position":2,"name":"Shop","item":"https:\/\/teammutantecuador.com\/?page_id=6"},{"@type":"ListItem","position":3,"name":"Ligandrol 5 Mg Mutant Pharma"}]},{"@type":"WebSite","@id":"https:\/\/teammutantecuador.com\/#website","url":"https:\/\/teammutantecuador.com\/","name":"Team Mutan Ecuador","description":"Just another WordPress site","publisher":{"@id":"https:\/\/teammutantecuador.com\/#organization"},"potentialAction":[{"@type":"SearchAction","target":{"@type":"EntryPoint","urlTemplate":"https:\/\/teammutantecuador.com\/?s={search_term_string}"},"query-input":{"@type":"PropertyValueSpecification","valueRequired":true,"valueName":"search_term_string"}}],"inLanguage":"es"},{"@type":"Organization","@id":"https:\/\/teammutantecuador.com\/#organization","name":"Team Mutan Ecuador","url":"https:\/\/teammutantecuador.com\/","logo":{"@type":"ImageObject","inLanguage":"es","@id":"https:\/\/teammutantecuador.com\/#\/schema\/logo\/image\/","url":"https:\/\/teammutantecuador.com\/wp-content\/uploads\/2026\/01\/Diseno-sin-titulo-97.png","contentUrl":"https:\/\/teammutantecuador.com\/wp-content\/uploads\/2026\/01\/Diseno-sin-titulo-97.png","width":500,"height":300,"caption":"Team Mutan Ecuador"},"image":{"@id":"https:\/\/teammutantecuador.com\/#\/schema\/logo\/image\/"}}]}},"_links":{"self":[{"href":"https:\/\/teammutantecuador.com\/index.php?rest_route=\/wp\/v2\/product\/1500","targetHints":{"allow":["GET"]}}],"collection":[{"href":"https:\/\/teammutantecuador.com\/index.php?rest_route=\/wp\/v2\/product"}],"about":[{"href":"https:\/\/teammutantecuador.com\/index.php?rest_route=\/wp\/v2\/types\/product"}],"replies":[{"embeddable":true,"href":"https:\/\/teammutantecuador.com\/index.php?rest_route=%2Fwp%2Fv2%2Fcomments&post=1500"}],"wp:featuredmedia":[{"embeddable":true,"href":"https:\/\/teammutantecuador.com\/index.php?rest_route=\/wp\/v2\/media\/1855"}],"wp:attachment":[{"href":"https:\/\/teammutantecuador.com\/index.php?rest_route=%2Fwp%2Fv2%2Fmedia&parent=1500"}],"wp:term":[{"taxonomy":"product_brand","embeddable":true,"href":"https:\/\/teammutantecuador.com\/index.php?rest_route=%2Fwp%2Fv2%2Fproduct_brand&post=1500"},{"taxonomy":"product_cat","embeddable":true,"href":"https:\/\/teammutantecuador.com\/index.php?rest_route=%2Fwp%2Fv2%2Fproduct_cat&post=1500"},{"taxonomy":"product_tag","embeddable":true,"href":"https:\/\/teammutantecuador.com\/index.php?rest_route=%2Fwp%2Fv2%2Fproduct_tag&post=1500"}],"curies":[{"name":"wp","href":"https:\/\/api.w.org\/{rel}","templated":true}]}}