{"id":1498,"date":"2026-01-17T16:04:08","date_gmt":"2026-01-17T16:04:08","guid":{"rendered":"https:\/\/teammutantecuador.com\/?post_type=product&#038;p=1498"},"modified":"2026-01-17T16:04:11","modified_gmt":"2026-01-17T16:04:11","slug":"evl-bcaa-5000-polvo-30-servicios","status":"publish","type":"product","link":"https:\/\/teammutantecuador.com\/?product=evl-bcaa-5000-polvo-30-servicios","title":{"rendered":"EVL BCAA 5000 (Polvo) 30 Servicios"},"content":{"rendered":"<p>Hechas de la m\u00e1s alta calidad de BCAAS probadas 2:1:1 de la tasa de leucina a isleucina para valorar las BCAAS son directamente absorbidas por los m\u00fasculos, jugando un papel importante en la alimentaci\u00f3n de los m\u00fasculos durante los entrenamientos y la recuperaci\u00f3n de apoyo inmediatamente.<\/p>\n<h4><\/h4>\n<p><strong>Instrucciones para BCAA5000:<\/strong><br \/>\nPolvo: como suplemento diet\u00e9tico, mezcle 1 cucharada con agua, jugo o la bebida de recuperaci\u00f3n de su elecci\u00f3n. Consuma 1 porci\u00f3n, 1 a 3 veces al d\u00eda. Para un mejor uso, tome 30-45 minutos antes de los entrenamientos y \/ o inmediatamente despu\u00e9s de los entrenamientos.<\/p>\n","protected":false},"excerpt":{"rendered":"<p>Hechas de la m\u00e1s alta calidad de BCAAS probadas 2:1:1 de la tasa de leucina a isleucina para valorar las BCAAS son directamente absorbidas por los m\u00fasculos<\/p>\n","protected":false},"featured_media":0,"comment_status":"open","ping_status":"closed","template":"","meta":[],"product_brand":[],"product_cat":[352],"product_tag":[169,165],"class_list":{"0":"post-1498","1":"product","2":"type-product","3":"status-publish","5":"product_cat-bcaas","6":"product_tag-bcaa","7":"product_tag-evl","9":"first","10":"instock","11":"shipping-taxable","12":"purchasable","13":"product-type-simple"},"yoast_head":"<!-- This site is optimized with the Yoast SEO plugin v26.8 - https:\/\/yoast.com\/product\/yoast-seo-wordpress\/ -->\n<title>EVL BCAA 5000 (Polvo) 30 Servicios - Team Mutan Ecuador<\/title>\n<meta name=\"description\" content=\"Hechas de la m\u00e1s alta calidad de BCAAS probadas 2:1:1 de la tasa de leucina a isleucina para valorar las BCAAS son directamente absorbidas por los m\u00fasculos, jugando un papel importante en la alimentaci\u00f3n de los m\u00fasculos durante los entrenamientos y la recuperaci\u00f3n de apoyo inmediatamente.\" \/>\n<meta name=\"robots\" content=\"index, follow, max-snippet:-1, max-image-preview:large, max-video-preview:-1\" \/>\n<link rel=\"canonical\" href=\"https:\/\/teammutantecuador.com\/?product=evl-bcaa-5000-polvo-30-servicios\" \/>\n<meta property=\"og:locale\" content=\"es_ES\" \/>\n<meta property=\"og:type\" content=\"article\" \/>\n<meta property=\"og:title\" content=\"EVL BCAA 5000 (Polvo) 30 Servicios - Team Mutan Ecuador\" \/>\n<meta property=\"og:description\" content=\"Hechas de la m\u00e1s alta calidad de BCAAS probadas 2:1:1 de la tasa de leucina a isleucina para valorar las BCAAS son directamente absorbidas por los m\u00fasculos, jugando un papel importante en la alimentaci\u00f3n de los m\u00fasculos durante los entrenamientos y la recuperaci\u00f3n de apoyo inmediatamente.\" \/>\n<meta property=\"og:url\" content=\"https:\/\/teammutantecuador.com\/?product=evl-bcaa-5000-polvo-30-servicios\" \/>\n<meta property=\"og:site_name\" content=\"Team Mutan Ecuador\" \/>\n<meta property=\"article:modified_time\" content=\"2026-01-17T16:04:11+00:00\" \/>\n<meta name=\"twitter:card\" content=\"summary_large_image\" \/>\n<meta name=\"twitter:label1\" content=\"Tiempo de lectura\" \/>\n\t<meta name=\"twitter:data1\" content=\"1 minuto\" \/>\n<script type=\"application\/ld+json\" class=\"yoast-schema-graph\">{\"@context\":\"https:\/\/schema.org\",\"@graph\":[{\"@type\":\"WebPage\",\"@id\":\"https:\/\/teammutantecuador.com\/?product=evl-bcaa-5000-polvo-30-servicios\",\"url\":\"https:\/\/teammutantecuador.com\/?product=evl-bcaa-5000-polvo-30-servicios\",\"name\":\"EVL BCAA 5000 (Polvo) 30 Servicios - Team Mutan Ecuador\",\"isPartOf\":{\"@id\":\"https:\/\/teammutantecuador.com\/#website\"},\"datePublished\":\"2026-01-17T16:04:08+00:00\",\"dateModified\":\"2026-01-17T16:04:11+00:00\",\"description\":\"Hechas de la m\u00e1s alta calidad de BCAAS probadas 2:1:1 de la tasa de leucina a isleucina para valorar las BCAAS son directamente absorbidas por los m\u00fasculos, jugando un papel importante en la alimentaci\u00f3n de los m\u00fasculos durante los entrenamientos y la recuperaci\u00f3n de apoyo inmediatamente.\",\"breadcrumb\":{\"@id\":\"https:\/\/teammutantecuador.com\/?product=evl-bcaa-5000-polvo-30-servicios#breadcrumb\"},\"inLanguage\":\"es\",\"potentialAction\":[{\"@type\":\"ReadAction\",\"target\":[\"https:\/\/teammutantecuador.com\/?product=evl-bcaa-5000-polvo-30-servicios\"]}]},{\"@type\":\"BreadcrumbList\",\"@id\":\"https:\/\/teammutantecuador.com\/?product=evl-bcaa-5000-polvo-30-servicios#breadcrumb\",\"itemListElement\":[{\"@type\":\"ListItem\",\"position\":1,\"name\":\"Portada\",\"item\":\"https:\/\/teammutantecuador.com\/\"},{\"@type\":\"ListItem\",\"position\":2,\"name\":\"Shop\",\"item\":\"https:\/\/teammutantecuador.com\/?page_id=6\"},{\"@type\":\"ListItem\",\"position\":3,\"name\":\"EVL BCAA 5000 (Polvo) 30 Servicios\"}]},{\"@type\":\"WebSite\",\"@id\":\"https:\/\/teammutantecuador.com\/#website\",\"url\":\"https:\/\/teammutantecuador.com\/\",\"name\":\"Team Mutan Ecuador\",\"description\":\"Just another WordPress site\",\"publisher\":{\"@id\":\"https:\/\/teammutantecuador.com\/#organization\"},\"potentialAction\":[{\"@type\":\"SearchAction\",\"target\":{\"@type\":\"EntryPoint\",\"urlTemplate\":\"https:\/\/teammutantecuador.com\/?s={search_term_string}\"},\"query-input\":{\"@type\":\"PropertyValueSpecification\",\"valueRequired\":true,\"valueName\":\"search_term_string\"}}],\"inLanguage\":\"es\"},{\"@type\":\"Organization\",\"@id\":\"https:\/\/teammutantecuador.com\/#organization\",\"name\":\"Team Mutan Ecuador\",\"url\":\"https:\/\/teammutantecuador.com\/\",\"logo\":{\"@type\":\"ImageObject\",\"inLanguage\":\"es\",\"@id\":\"https:\/\/teammutantecuador.com\/#\/schema\/logo\/image\/\",\"url\":\"https:\/\/teammutantecuador.com\/wp-content\/uploads\/2026\/01\/Diseno-sin-titulo-97.png\",\"contentUrl\":\"https:\/\/teammutantecuador.com\/wp-content\/uploads\/2026\/01\/Diseno-sin-titulo-97.png\",\"width\":500,\"height\":300,\"caption\":\"Team Mutan Ecuador\"},\"image\":{\"@id\":\"https:\/\/teammutantecuador.com\/#\/schema\/logo\/image\/\"}}]}<\/script>\n<!-- \/ Yoast SEO plugin. -->","yoast_head_json":{"title":"EVL BCAA 5000 (Polvo) 30 Servicios - Team Mutan Ecuador","description":"Hechas de la m\u00e1s alta calidad de BCAAS probadas 2:1:1 de la tasa de leucina a isleucina para valorar las BCAAS son directamente absorbidas por los m\u00fasculos, jugando un papel importante en la alimentaci\u00f3n de los m\u00fasculos durante los entrenamientos y la recuperaci\u00f3n de apoyo inmediatamente.","robots":{"index":"index","follow":"follow","max-snippet":"max-snippet:-1","max-image-preview":"max-image-preview:large","max-video-preview":"max-video-preview:-1"},"canonical":"https:\/\/teammutantecuador.com\/?product=evl-bcaa-5000-polvo-30-servicios","og_locale":"es_ES","og_type":"article","og_title":"EVL BCAA 5000 (Polvo) 30 Servicios - Team Mutan Ecuador","og_description":"Hechas de la m\u00e1s alta calidad de BCAAS probadas 2:1:1 de la tasa de leucina a isleucina para valorar las BCAAS son directamente absorbidas por los m\u00fasculos, jugando un papel importante en la alimentaci\u00f3n de los m\u00fasculos durante los entrenamientos y la recuperaci\u00f3n de apoyo inmediatamente.","og_url":"https:\/\/teammutantecuador.com\/?product=evl-bcaa-5000-polvo-30-servicios","og_site_name":"Team Mutan Ecuador","article_modified_time":"2026-01-17T16:04:11+00:00","twitter_card":"summary_large_image","twitter_misc":{"Tiempo de lectura":"1 minuto"},"schema":{"@context":"https:\/\/schema.org","@graph":[{"@type":"WebPage","@id":"https:\/\/teammutantecuador.com\/?product=evl-bcaa-5000-polvo-30-servicios","url":"https:\/\/teammutantecuador.com\/?product=evl-bcaa-5000-polvo-30-servicios","name":"EVL BCAA 5000 (Polvo) 30 Servicios - Team Mutan Ecuador","isPartOf":{"@id":"https:\/\/teammutantecuador.com\/#website"},"datePublished":"2026-01-17T16:04:08+00:00","dateModified":"2026-01-17T16:04:11+00:00","description":"Hechas de la m\u00e1s alta calidad de BCAAS probadas 2:1:1 de la tasa de leucina a isleucina para valorar las BCAAS son directamente absorbidas por los m\u00fasculos, jugando un papel importante en la alimentaci\u00f3n de los m\u00fasculos durante los entrenamientos y la recuperaci\u00f3n de apoyo inmediatamente.","breadcrumb":{"@id":"https:\/\/teammutantecuador.com\/?product=evl-bcaa-5000-polvo-30-servicios#breadcrumb"},"inLanguage":"es","potentialAction":[{"@type":"ReadAction","target":["https:\/\/teammutantecuador.com\/?product=evl-bcaa-5000-polvo-30-servicios"]}]},{"@type":"BreadcrumbList","@id":"https:\/\/teammutantecuador.com\/?product=evl-bcaa-5000-polvo-30-servicios#breadcrumb","itemListElement":[{"@type":"ListItem","position":1,"name":"Portada","item":"https:\/\/teammutantecuador.com\/"},{"@type":"ListItem","position":2,"name":"Shop","item":"https:\/\/teammutantecuador.com\/?page_id=6"},{"@type":"ListItem","position":3,"name":"EVL BCAA 5000 (Polvo) 30 Servicios"}]},{"@type":"WebSite","@id":"https:\/\/teammutantecuador.com\/#website","url":"https:\/\/teammutantecuador.com\/","name":"Team Mutan Ecuador","description":"Just another WordPress site","publisher":{"@id":"https:\/\/teammutantecuador.com\/#organization"},"potentialAction":[{"@type":"SearchAction","target":{"@type":"EntryPoint","urlTemplate":"https:\/\/teammutantecuador.com\/?s={search_term_string}"},"query-input":{"@type":"PropertyValueSpecification","valueRequired":true,"valueName":"search_term_string"}}],"inLanguage":"es"},{"@type":"Organization","@id":"https:\/\/teammutantecuador.com\/#organization","name":"Team Mutan Ecuador","url":"https:\/\/teammutantecuador.com\/","logo":{"@type":"ImageObject","inLanguage":"es","@id":"https:\/\/teammutantecuador.com\/#\/schema\/logo\/image\/","url":"https:\/\/teammutantecuador.com\/wp-content\/uploads\/2026\/01\/Diseno-sin-titulo-97.png","contentUrl":"https:\/\/teammutantecuador.com\/wp-content\/uploads\/2026\/01\/Diseno-sin-titulo-97.png","width":500,"height":300,"caption":"Team Mutan Ecuador"},"image":{"@id":"https:\/\/teammutantecuador.com\/#\/schema\/logo\/image\/"}}]}},"_links":{"self":[{"href":"https:\/\/teammutantecuador.com\/index.php?rest_route=\/wp\/v2\/product\/1498","targetHints":{"allow":["GET"]}}],"collection":[{"href":"https:\/\/teammutantecuador.com\/index.php?rest_route=\/wp\/v2\/product"}],"about":[{"href":"https:\/\/teammutantecuador.com\/index.php?rest_route=\/wp\/v2\/types\/product"}],"replies":[{"embeddable":true,"href":"https:\/\/teammutantecuador.com\/index.php?rest_route=%2Fwp%2Fv2%2Fcomments&post=1498"}],"wp:attachment":[{"href":"https:\/\/teammutantecuador.com\/index.php?rest_route=%2Fwp%2Fv2%2Fmedia&parent=1498"}],"wp:term":[{"taxonomy":"product_brand","embeddable":true,"href":"https:\/\/teammutantecuador.com\/index.php?rest_route=%2Fwp%2Fv2%2Fproduct_brand&post=1498"},{"taxonomy":"product_cat","embeddable":true,"href":"https:\/\/teammutantecuador.com\/index.php?rest_route=%2Fwp%2Fv2%2Fproduct_cat&post=1498"},{"taxonomy":"product_tag","embeddable":true,"href":"https:\/\/teammutantecuador.com\/index.php?rest_route=%2Fwp%2Fv2%2Fproduct_tag&post=1498"}],"curies":[{"name":"wp","href":"https:\/\/api.w.org\/{rel}","templated":true}]}}