{"id":1497,"date":"2026-01-17T16:04:08","date_gmt":"2026-01-17T16:04:08","guid":{"rendered":"https:\/\/teammutantecuador.com\/?post_type=product&#038;p=1497"},"modified":"2026-01-17T16:04:11","modified_gmt":"2026-01-17T16:04:11","slug":"atlhetica-bcaa-30-serv","status":"publish","type":"product","link":"https:\/\/teammutantecuador.com\/?product=atlhetica-bcaa-30-serv","title":{"rendered":"Atlhetica Bcaa (30 serv)"},"content":{"rendered":"<p><strong>\u00bfQu\u00e9 es ATLHETICA Bcaa 30sv?<\/strong><br \/>\nATLHETICA Bcaa 30sv es un suplemento alimenticio de amino\u00e1cidos de cadena ramificada en polvo, en la proporci\u00f3n de 2 partes de leucina, 1 parte de isoleucina y 1 parte de valina, agregada con vitamina B6, contribuyendo a una mejor absorci\u00f3n de la f\u00f3rmula<\/p>\n<p><strong>\u00bfPara qu\u00e9 sirve ATLHETICA Bcaa 30sv?<\/strong><br \/>\nATLHETICA Bcaa 30sv son los amino\u00e1cidos de cadena ramificada ayudan en la recuperaci\u00f3n muscular post entrenamiento favoreciendo la s\u00edntesis de prote\u00ednas musculares.<br \/>\n<strong><br \/>\n\u00bfC\u00f3mo se destaca ATLHETICA Bcaa 30sv?<\/strong><br \/>\nATLHETICA Bcaa 30sv se destaca por<br \/>\n&#8211; Ayuda en la recuperaci\u00f3n muscular<br \/>\n&#8211; Ayuda en el aumento de masa muscular<br \/>\n&#8211; Previene la p\u00e9rdida de masa muscular<br \/>\n&#8211; Adici\u00f3n de vitamina B6 (piridoxina)<br \/>\n&#8211; Favorece el rendimiento muscular.<\/p>\n<p><strong>\u00bfC\u00f3mo consumir ATLHETICA Bcaa 30sv?<\/strong><br \/>\nPuedes consumir ATLHETICA Bcaa 30sv 1 Scoop diario post entrenamiento.<br \/>\n-Recomendaci\u00f3n: Asesorate siempre de un profesional m\u00e9dico o nutricionista para un consumo apropiado.<\/p>\n<p><strong>\u00bfEn qu\u00e9 formato se encuentra ATLHETICA Bcaa 30sv?<\/strong><br \/>\nATLHETICA Bcaa se encuentra en el formato de 210 grs o 30 servicios.<\/p>\n<p><strong>\u00bfCon qu\u00e9 otro producto puedo combinar ATLHETICA Bcaa 30sv?<\/strong><br \/>\nPuedes combinar ATLHETICA Bcaa 30sv con una de las \u00a0mejores proteinas del mercado best whey<\/p>\n","protected":false},"excerpt":{"rendered":"<p>&#x2714; Atlhetica Bcaa 30sv<br \/>\n&#x2714; 30 servicios<br \/>\n&#x2714; 2 grs de Bcaa<br \/>\n&#x2714; Libre de Az\u00facar<br \/>\n&#x2714; Adicionado con Vitamina B6<\/p>\n","protected":false},"featured_media":0,"comment_status":"open","ping_status":"closed","template":"","meta":[],"product_brand":[],"product_cat":[352],"product_tag":[166,169],"class_list":{"0":"post-1497","1":"product","2":"type-product","3":"status-publish","5":"product_cat-bcaas","6":"product_tag-atlhetica","7":"product_tag-bcaa","9":"first","10":"instock","11":"shipping-taxable","12":"purchasable","13":"product-type-simple"},"yoast_head":"<!-- This site is optimized with the Yoast SEO plugin v26.8 - https:\/\/yoast.com\/product\/yoast-seo-wordpress\/ -->\n<title>Atlhetica Bcaa (30 serv) - Team Mutan Ecuador<\/title>\n<meta name=\"description\" content=\"ATLHETICA Bcaa 30sv es un suplemento alimenticio de amino\u00e1cidos de cadena ramificada en polvo, en la proporci\u00f3n de 2 partes de leucina, 1 parte de isoleucina y 1 parte de valina, agregada con vitamina B6, contribuyendo a una mejor absorci\u00f3n de la f\u00f3rmula\" \/>\n<meta name=\"robots\" content=\"index, follow, max-snippet:-1, max-image-preview:large, max-video-preview:-1\" \/>\n<link rel=\"canonical\" href=\"https:\/\/teammutantecuador.com\/?product=atlhetica-bcaa-30-serv\" \/>\n<meta property=\"og:locale\" content=\"es_ES\" \/>\n<meta property=\"og:type\" content=\"article\" \/>\n<meta property=\"og:title\" content=\"Atlhetica Bcaa (30 serv) - Team Mutan Ecuador\" \/>\n<meta property=\"og:description\" content=\"ATLHETICA Bcaa 30sv es un suplemento alimenticio de amino\u00e1cidos de cadena ramificada en polvo, en la proporci\u00f3n de 2 partes de leucina, 1 parte de isoleucina y 1 parte de valina, agregada con vitamina B6, contribuyendo a una mejor absorci\u00f3n de la f\u00f3rmula\" \/>\n<meta property=\"og:url\" content=\"https:\/\/teammutantecuador.com\/?product=atlhetica-bcaa-30-serv\" \/>\n<meta property=\"og:site_name\" content=\"Team Mutan Ecuador\" \/>\n<meta property=\"article:modified_time\" content=\"2026-01-17T16:04:11+00:00\" \/>\n<meta name=\"twitter:card\" content=\"summary_large_image\" \/>\n<meta name=\"twitter:label1\" content=\"Tiempo de lectura\" \/>\n\t<meta name=\"twitter:data1\" content=\"1 minuto\" \/>\n<script type=\"application\/ld+json\" class=\"yoast-schema-graph\">{\"@context\":\"https:\/\/schema.org\",\"@graph\":[{\"@type\":\"WebPage\",\"@id\":\"https:\/\/teammutantecuador.com\/?product=atlhetica-bcaa-30-serv\",\"url\":\"https:\/\/teammutantecuador.com\/?product=atlhetica-bcaa-30-serv\",\"name\":\"Atlhetica Bcaa (30 serv) - Team Mutan Ecuador\",\"isPartOf\":{\"@id\":\"https:\/\/teammutantecuador.com\/#website\"},\"datePublished\":\"2026-01-17T16:04:08+00:00\",\"dateModified\":\"2026-01-17T16:04:11+00:00\",\"description\":\"ATLHETICA Bcaa 30sv es un suplemento alimenticio de amino\u00e1cidos de cadena ramificada en polvo, en la proporci\u00f3n de 2 partes de leucina, 1 parte de isoleucina y 1 parte de valina, agregada con vitamina B6, contribuyendo a una mejor absorci\u00f3n de la f\u00f3rmula\",\"breadcrumb\":{\"@id\":\"https:\/\/teammutantecuador.com\/?product=atlhetica-bcaa-30-serv#breadcrumb\"},\"inLanguage\":\"es\",\"potentialAction\":[{\"@type\":\"ReadAction\",\"target\":[\"https:\/\/teammutantecuador.com\/?product=atlhetica-bcaa-30-serv\"]}]},{\"@type\":\"BreadcrumbList\",\"@id\":\"https:\/\/teammutantecuador.com\/?product=atlhetica-bcaa-30-serv#breadcrumb\",\"itemListElement\":[{\"@type\":\"ListItem\",\"position\":1,\"name\":\"Portada\",\"item\":\"https:\/\/teammutantecuador.com\/\"},{\"@type\":\"ListItem\",\"position\":2,\"name\":\"Shop\",\"item\":\"https:\/\/teammutantecuador.com\/?page_id=6\"},{\"@type\":\"ListItem\",\"position\":3,\"name\":\"Atlhetica Bcaa (30 serv)\"}]},{\"@type\":\"WebSite\",\"@id\":\"https:\/\/teammutantecuador.com\/#website\",\"url\":\"https:\/\/teammutantecuador.com\/\",\"name\":\"Team Mutan Ecuador\",\"description\":\"Just another WordPress site\",\"publisher\":{\"@id\":\"https:\/\/teammutantecuador.com\/#organization\"},\"potentialAction\":[{\"@type\":\"SearchAction\",\"target\":{\"@type\":\"EntryPoint\",\"urlTemplate\":\"https:\/\/teammutantecuador.com\/?s={search_term_string}\"},\"query-input\":{\"@type\":\"PropertyValueSpecification\",\"valueRequired\":true,\"valueName\":\"search_term_string\"}}],\"inLanguage\":\"es\"},{\"@type\":\"Organization\",\"@id\":\"https:\/\/teammutantecuador.com\/#organization\",\"name\":\"Team Mutan Ecuador\",\"url\":\"https:\/\/teammutantecuador.com\/\",\"logo\":{\"@type\":\"ImageObject\",\"inLanguage\":\"es\",\"@id\":\"https:\/\/teammutantecuador.com\/#\/schema\/logo\/image\/\",\"url\":\"https:\/\/teammutantecuador.com\/wp-content\/uploads\/2026\/01\/Diseno-sin-titulo-97.png\",\"contentUrl\":\"https:\/\/teammutantecuador.com\/wp-content\/uploads\/2026\/01\/Diseno-sin-titulo-97.png\",\"width\":500,\"height\":300,\"caption\":\"Team Mutan Ecuador\"},\"image\":{\"@id\":\"https:\/\/teammutantecuador.com\/#\/schema\/logo\/image\/\"}}]}<\/script>\n<!-- \/ Yoast SEO plugin. -->","yoast_head_json":{"title":"Atlhetica Bcaa (30 serv) - Team Mutan Ecuador","description":"ATLHETICA Bcaa 30sv es un suplemento alimenticio de amino\u00e1cidos de cadena ramificada en polvo, en la proporci\u00f3n de 2 partes de leucina, 1 parte de isoleucina y 1 parte de valina, agregada con vitamina B6, contribuyendo a una mejor absorci\u00f3n de la f\u00f3rmula","robots":{"index":"index","follow":"follow","max-snippet":"max-snippet:-1","max-image-preview":"max-image-preview:large","max-video-preview":"max-video-preview:-1"},"canonical":"https:\/\/teammutantecuador.com\/?product=atlhetica-bcaa-30-serv","og_locale":"es_ES","og_type":"article","og_title":"Atlhetica Bcaa (30 serv) - Team Mutan Ecuador","og_description":"ATLHETICA Bcaa 30sv es un suplemento alimenticio de amino\u00e1cidos de cadena ramificada en polvo, en la proporci\u00f3n de 2 partes de leucina, 1 parte de isoleucina y 1 parte de valina, agregada con vitamina B6, contribuyendo a una mejor absorci\u00f3n de la f\u00f3rmula","og_url":"https:\/\/teammutantecuador.com\/?product=atlhetica-bcaa-30-serv","og_site_name":"Team Mutan Ecuador","article_modified_time":"2026-01-17T16:04:11+00:00","twitter_card":"summary_large_image","twitter_misc":{"Tiempo de lectura":"1 minuto"},"schema":{"@context":"https:\/\/schema.org","@graph":[{"@type":"WebPage","@id":"https:\/\/teammutantecuador.com\/?product=atlhetica-bcaa-30-serv","url":"https:\/\/teammutantecuador.com\/?product=atlhetica-bcaa-30-serv","name":"Atlhetica Bcaa (30 serv) - Team Mutan Ecuador","isPartOf":{"@id":"https:\/\/teammutantecuador.com\/#website"},"datePublished":"2026-01-17T16:04:08+00:00","dateModified":"2026-01-17T16:04:11+00:00","description":"ATLHETICA Bcaa 30sv es un suplemento alimenticio de amino\u00e1cidos de cadena ramificada en polvo, en la proporci\u00f3n de 2 partes de leucina, 1 parte de isoleucina y 1 parte de valina, agregada con vitamina B6, contribuyendo a una mejor absorci\u00f3n de la f\u00f3rmula","breadcrumb":{"@id":"https:\/\/teammutantecuador.com\/?product=atlhetica-bcaa-30-serv#breadcrumb"},"inLanguage":"es","potentialAction":[{"@type":"ReadAction","target":["https:\/\/teammutantecuador.com\/?product=atlhetica-bcaa-30-serv"]}]},{"@type":"BreadcrumbList","@id":"https:\/\/teammutantecuador.com\/?product=atlhetica-bcaa-30-serv#breadcrumb","itemListElement":[{"@type":"ListItem","position":1,"name":"Portada","item":"https:\/\/teammutantecuador.com\/"},{"@type":"ListItem","position":2,"name":"Shop","item":"https:\/\/teammutantecuador.com\/?page_id=6"},{"@type":"ListItem","position":3,"name":"Atlhetica Bcaa (30 serv)"}]},{"@type":"WebSite","@id":"https:\/\/teammutantecuador.com\/#website","url":"https:\/\/teammutantecuador.com\/","name":"Team Mutan Ecuador","description":"Just another WordPress site","publisher":{"@id":"https:\/\/teammutantecuador.com\/#organization"},"potentialAction":[{"@type":"SearchAction","target":{"@type":"EntryPoint","urlTemplate":"https:\/\/teammutantecuador.com\/?s={search_term_string}"},"query-input":{"@type":"PropertyValueSpecification","valueRequired":true,"valueName":"search_term_string"}}],"inLanguage":"es"},{"@type":"Organization","@id":"https:\/\/teammutantecuador.com\/#organization","name":"Team Mutan Ecuador","url":"https:\/\/teammutantecuador.com\/","logo":{"@type":"ImageObject","inLanguage":"es","@id":"https:\/\/teammutantecuador.com\/#\/schema\/logo\/image\/","url":"https:\/\/teammutantecuador.com\/wp-content\/uploads\/2026\/01\/Diseno-sin-titulo-97.png","contentUrl":"https:\/\/teammutantecuador.com\/wp-content\/uploads\/2026\/01\/Diseno-sin-titulo-97.png","width":500,"height":300,"caption":"Team Mutan Ecuador"},"image":{"@id":"https:\/\/teammutantecuador.com\/#\/schema\/logo\/image\/"}}]}},"_links":{"self":[{"href":"https:\/\/teammutantecuador.com\/index.php?rest_route=\/wp\/v2\/product\/1497","targetHints":{"allow":["GET"]}}],"collection":[{"href":"https:\/\/teammutantecuador.com\/index.php?rest_route=\/wp\/v2\/product"}],"about":[{"href":"https:\/\/teammutantecuador.com\/index.php?rest_route=\/wp\/v2\/types\/product"}],"replies":[{"embeddable":true,"href":"https:\/\/teammutantecuador.com\/index.php?rest_route=%2Fwp%2Fv2%2Fcomments&post=1497"}],"wp:attachment":[{"href":"https:\/\/teammutantecuador.com\/index.php?rest_route=%2Fwp%2Fv2%2Fmedia&parent=1497"}],"wp:term":[{"taxonomy":"product_brand","embeddable":true,"href":"https:\/\/teammutantecuador.com\/index.php?rest_route=%2Fwp%2Fv2%2Fproduct_brand&post=1497"},{"taxonomy":"product_cat","embeddable":true,"href":"https:\/\/teammutantecuador.com\/index.php?rest_route=%2Fwp%2Fv2%2Fproduct_cat&post=1497"},{"taxonomy":"product_tag","embeddable":true,"href":"https:\/\/teammutantecuador.com\/index.php?rest_route=%2Fwp%2Fv2%2Fproduct_tag&post=1497"}],"curies":[{"name":"wp","href":"https:\/\/api.w.org\/{rel}","templated":true}]}}