{"id":1494,"date":"2026-01-17T16:04:08","date_gmt":"2026-01-17T16:04:08","guid":{"rendered":"https:\/\/teammutantecuador.com\/?post_type=product&#038;p=1494"},"modified":"2026-01-17T16:04:11","modified_gmt":"2026-01-17T16:04:11","slug":"atlhetica-best-whey","status":"publish","type":"product","link":"https:\/\/teammutantecuador.com\/?product=atlhetica-best-whey","title":{"rendered":"Atlhetica Best Whey"},"content":{"rendered":"<p><strong>\u00bfQue es ATLHETICA Best Whey ?<\/strong><br \/>\nBEST WHEY de Atlhetica Nutrition es una mezcla de prote\u00ednas que contiene los 3 mejores tipos de prote\u00edna de suero, son: prote\u00edna de suero concentrada, prote\u00edna de suero aislada y prote\u00edna de suero hidrolizada<\/p>\n<p><strong>\u00bfPara qu\u00e9 sirve ATLHETICA Best Whey?<\/strong><br \/>\nLa Cantidad de prote\u00edna ideal para aumentar y mantener la masa muscular. Dise\u00f1ado especialmente para aquellos que valoran, adem\u00e1s de la calidad nutricional, el sabor cuando consumen su suplemento proteico.<\/p>\n<p><strong>\u00bfC\u00f3mo se destaca ATLHETICA Best Whey?<\/strong><br \/>\nATLHETICA Best Whey se destaca por<br \/>\n&#8211; Tener 13 sabores distintos<br \/>\n&#8211; Ganancia y mantenimiento de la masa muscular.<br \/>\n&#8211; Contribuye y aporta lo necesario para una dieta equilibrada<\/p>\n<p><strong>\u00bfC\u00f3mo consumir ATLHETICA Best Whey?<\/strong><br \/>\nPrepare el servicio dosis (25 g) de BEST WHEY antes del entrenamiento y despu\u00e9s del entrenamiento o seg\u00fan lo aconseje un nutricionista o m\u00e9dico.<br \/>\n-Recomendaci\u00f3n: Asesorate siempre de un profesional m\u00e9dico o nutricionista para un consumo apropiado.<\/p>\n<p><strong>\u00bfCon qu\u00e9 otro producto puedo combinar ATLHETICA Best Whey?<\/strong><br \/>\nAtlhetica Best whey puedes combinarlo con lo que m\u00e1s te guste puedes agregarles amino\u00e1cidos para lograr una mayor recuperaci\u00f3n o agregarle complementos como snack\u00b4s.<\/p>\n","protected":false},"excerpt":{"rendered":"<p>&#x2714; Proteina ATLHETICA Best Whey<br \/>\n&#x2714; 1 porcion<br \/>\n&#x2714; 25 grs proteina<br \/>\n&#x2714; 0 grs de azucar<br \/>\n&#x2714; Contiene BCAA<\/p>\n","protected":false},"featured_media":0,"comment_status":"open","ping_status":"closed","template":"","meta":[],"product_brand":[],"product_cat":[357],"product_tag":[167,59,56,103],"class_list":{"0":"post-1494","1":"product","2":"type-product","3":"status-publish","5":"product_cat-proteinas-2","6":"product_tag-athletica","7":"product_tag-proteina","8":"product_tag-proteinas","9":"product_tag-whey","11":"first","12":"instock","13":"shipping-taxable","14":"purchasable","15":"product-type-simple"},"yoast_head":"<!-- This site is optimized with the Yoast SEO plugin v26.8 - https:\/\/yoast.com\/product\/yoast-seo-wordpress\/ -->\n<title>Atlhetica Best Whey - Team Mutan Ecuador<\/title>\n<meta name=\"description\" content=\"BEST WHEY de Atlhetica Nutrition es una mezcla de prote\u00ednas que contiene los 3 mejores tipos de prote\u00edna de suero, son: prote\u00edna de suero concentrada, prote\u00edna de suero aislada y prote\u00edna de suero hidrolizada\" \/>\n<meta name=\"robots\" content=\"index, follow, max-snippet:-1, max-image-preview:large, max-video-preview:-1\" \/>\n<link rel=\"canonical\" href=\"https:\/\/teammutantecuador.com\/?product=atlhetica-best-whey\" \/>\n<meta property=\"og:locale\" content=\"es_ES\" \/>\n<meta property=\"og:type\" content=\"article\" \/>\n<meta property=\"og:title\" content=\"Atlhetica Best Whey - Team Mutan Ecuador\" \/>\n<meta property=\"og:description\" content=\"BEST WHEY de Atlhetica Nutrition es una mezcla de prote\u00ednas que contiene los 3 mejores tipos de prote\u00edna de suero, son: prote\u00edna de suero concentrada, prote\u00edna de suero aislada y prote\u00edna de suero hidrolizada\" \/>\n<meta property=\"og:url\" content=\"https:\/\/teammutantecuador.com\/?product=atlhetica-best-whey\" \/>\n<meta property=\"og:site_name\" content=\"Team Mutan Ecuador\" \/>\n<meta property=\"article:modified_time\" content=\"2026-01-17T16:04:11+00:00\" \/>\n<meta name=\"twitter:card\" content=\"summary_large_image\" \/>\n<meta name=\"twitter:label1\" content=\"Tiempo de lectura\" \/>\n\t<meta name=\"twitter:data1\" content=\"1 minuto\" \/>\n<script type=\"application\/ld+json\" class=\"yoast-schema-graph\">{\"@context\":\"https:\/\/schema.org\",\"@graph\":[{\"@type\":\"WebPage\",\"@id\":\"https:\/\/teammutantecuador.com\/?product=atlhetica-best-whey\",\"url\":\"https:\/\/teammutantecuador.com\/?product=atlhetica-best-whey\",\"name\":\"Atlhetica Best Whey - Team Mutan Ecuador\",\"isPartOf\":{\"@id\":\"https:\/\/teammutantecuador.com\/#website\"},\"datePublished\":\"2026-01-17T16:04:08+00:00\",\"dateModified\":\"2026-01-17T16:04:11+00:00\",\"description\":\"BEST WHEY de Atlhetica Nutrition es una mezcla de prote\u00ednas que contiene los 3 mejores tipos de prote\u00edna de suero, son: prote\u00edna de suero concentrada, prote\u00edna de suero aislada y prote\u00edna de suero hidrolizada\",\"breadcrumb\":{\"@id\":\"https:\/\/teammutantecuador.com\/?product=atlhetica-best-whey#breadcrumb\"},\"inLanguage\":\"es\",\"potentialAction\":[{\"@type\":\"ReadAction\",\"target\":[\"https:\/\/teammutantecuador.com\/?product=atlhetica-best-whey\"]}]},{\"@type\":\"BreadcrumbList\",\"@id\":\"https:\/\/teammutantecuador.com\/?product=atlhetica-best-whey#breadcrumb\",\"itemListElement\":[{\"@type\":\"ListItem\",\"position\":1,\"name\":\"Portada\",\"item\":\"https:\/\/teammutantecuador.com\/\"},{\"@type\":\"ListItem\",\"position\":2,\"name\":\"Shop\",\"item\":\"https:\/\/teammutantecuador.com\/?page_id=6\"},{\"@type\":\"ListItem\",\"position\":3,\"name\":\"Atlhetica Best Whey\"}]},{\"@type\":\"WebSite\",\"@id\":\"https:\/\/teammutantecuador.com\/#website\",\"url\":\"https:\/\/teammutantecuador.com\/\",\"name\":\"Team Mutan Ecuador\",\"description\":\"Just another WordPress site\",\"publisher\":{\"@id\":\"https:\/\/teammutantecuador.com\/#organization\"},\"potentialAction\":[{\"@type\":\"SearchAction\",\"target\":{\"@type\":\"EntryPoint\",\"urlTemplate\":\"https:\/\/teammutantecuador.com\/?s={search_term_string}\"},\"query-input\":{\"@type\":\"PropertyValueSpecification\",\"valueRequired\":true,\"valueName\":\"search_term_string\"}}],\"inLanguage\":\"es\"},{\"@type\":\"Organization\",\"@id\":\"https:\/\/teammutantecuador.com\/#organization\",\"name\":\"Team Mutan Ecuador\",\"url\":\"https:\/\/teammutantecuador.com\/\",\"logo\":{\"@type\":\"ImageObject\",\"inLanguage\":\"es\",\"@id\":\"https:\/\/teammutantecuador.com\/#\/schema\/logo\/image\/\",\"url\":\"https:\/\/teammutantecuador.com\/wp-content\/uploads\/2026\/01\/Diseno-sin-titulo-97.png\",\"contentUrl\":\"https:\/\/teammutantecuador.com\/wp-content\/uploads\/2026\/01\/Diseno-sin-titulo-97.png\",\"width\":500,\"height\":300,\"caption\":\"Team Mutan Ecuador\"},\"image\":{\"@id\":\"https:\/\/teammutantecuador.com\/#\/schema\/logo\/image\/\"}}]}<\/script>\n<!-- \/ Yoast SEO plugin. -->","yoast_head_json":{"title":"Atlhetica Best Whey - Team Mutan Ecuador","description":"BEST WHEY de Atlhetica Nutrition es una mezcla de prote\u00ednas que contiene los 3 mejores tipos de prote\u00edna de suero, son: prote\u00edna de suero concentrada, prote\u00edna de suero aislada y prote\u00edna de suero hidrolizada","robots":{"index":"index","follow":"follow","max-snippet":"max-snippet:-1","max-image-preview":"max-image-preview:large","max-video-preview":"max-video-preview:-1"},"canonical":"https:\/\/teammutantecuador.com\/?product=atlhetica-best-whey","og_locale":"es_ES","og_type":"article","og_title":"Atlhetica Best Whey - Team Mutan Ecuador","og_description":"BEST WHEY de Atlhetica Nutrition es una mezcla de prote\u00ednas que contiene los 3 mejores tipos de prote\u00edna de suero, son: prote\u00edna de suero concentrada, prote\u00edna de suero aislada y prote\u00edna de suero hidrolizada","og_url":"https:\/\/teammutantecuador.com\/?product=atlhetica-best-whey","og_site_name":"Team Mutan Ecuador","article_modified_time":"2026-01-17T16:04:11+00:00","twitter_card":"summary_large_image","twitter_misc":{"Tiempo de lectura":"1 minuto"},"schema":{"@context":"https:\/\/schema.org","@graph":[{"@type":"WebPage","@id":"https:\/\/teammutantecuador.com\/?product=atlhetica-best-whey","url":"https:\/\/teammutantecuador.com\/?product=atlhetica-best-whey","name":"Atlhetica Best Whey - Team Mutan Ecuador","isPartOf":{"@id":"https:\/\/teammutantecuador.com\/#website"},"datePublished":"2026-01-17T16:04:08+00:00","dateModified":"2026-01-17T16:04:11+00:00","description":"BEST WHEY de Atlhetica Nutrition es una mezcla de prote\u00ednas que contiene los 3 mejores tipos de prote\u00edna de suero, son: prote\u00edna de suero concentrada, prote\u00edna de suero aislada y prote\u00edna de suero hidrolizada","breadcrumb":{"@id":"https:\/\/teammutantecuador.com\/?product=atlhetica-best-whey#breadcrumb"},"inLanguage":"es","potentialAction":[{"@type":"ReadAction","target":["https:\/\/teammutantecuador.com\/?product=atlhetica-best-whey"]}]},{"@type":"BreadcrumbList","@id":"https:\/\/teammutantecuador.com\/?product=atlhetica-best-whey#breadcrumb","itemListElement":[{"@type":"ListItem","position":1,"name":"Portada","item":"https:\/\/teammutantecuador.com\/"},{"@type":"ListItem","position":2,"name":"Shop","item":"https:\/\/teammutantecuador.com\/?page_id=6"},{"@type":"ListItem","position":3,"name":"Atlhetica Best Whey"}]},{"@type":"WebSite","@id":"https:\/\/teammutantecuador.com\/#website","url":"https:\/\/teammutantecuador.com\/","name":"Team Mutan Ecuador","description":"Just another WordPress site","publisher":{"@id":"https:\/\/teammutantecuador.com\/#organization"},"potentialAction":[{"@type":"SearchAction","target":{"@type":"EntryPoint","urlTemplate":"https:\/\/teammutantecuador.com\/?s={search_term_string}"},"query-input":{"@type":"PropertyValueSpecification","valueRequired":true,"valueName":"search_term_string"}}],"inLanguage":"es"},{"@type":"Organization","@id":"https:\/\/teammutantecuador.com\/#organization","name":"Team Mutan Ecuador","url":"https:\/\/teammutantecuador.com\/","logo":{"@type":"ImageObject","inLanguage":"es","@id":"https:\/\/teammutantecuador.com\/#\/schema\/logo\/image\/","url":"https:\/\/teammutantecuador.com\/wp-content\/uploads\/2026\/01\/Diseno-sin-titulo-97.png","contentUrl":"https:\/\/teammutantecuador.com\/wp-content\/uploads\/2026\/01\/Diseno-sin-titulo-97.png","width":500,"height":300,"caption":"Team Mutan Ecuador"},"image":{"@id":"https:\/\/teammutantecuador.com\/#\/schema\/logo\/image\/"}}]}},"_links":{"self":[{"href":"https:\/\/teammutantecuador.com\/index.php?rest_route=\/wp\/v2\/product\/1494","targetHints":{"allow":["GET"]}}],"collection":[{"href":"https:\/\/teammutantecuador.com\/index.php?rest_route=\/wp\/v2\/product"}],"about":[{"href":"https:\/\/teammutantecuador.com\/index.php?rest_route=\/wp\/v2\/types\/product"}],"replies":[{"embeddable":true,"href":"https:\/\/teammutantecuador.com\/index.php?rest_route=%2Fwp%2Fv2%2Fcomments&post=1494"}],"wp:attachment":[{"href":"https:\/\/teammutantecuador.com\/index.php?rest_route=%2Fwp%2Fv2%2Fmedia&parent=1494"}],"wp:term":[{"taxonomy":"product_brand","embeddable":true,"href":"https:\/\/teammutantecuador.com\/index.php?rest_route=%2Fwp%2Fv2%2Fproduct_brand&post=1494"},{"taxonomy":"product_cat","embeddable":true,"href":"https:\/\/teammutantecuador.com\/index.php?rest_route=%2Fwp%2Fv2%2Fproduct_cat&post=1494"},{"taxonomy":"product_tag","embeddable":true,"href":"https:\/\/teammutantecuador.com\/index.php?rest_route=%2Fwp%2Fv2%2Fproduct_tag&post=1494"}],"curies":[{"name":"wp","href":"https:\/\/api.w.org\/{rel}","templated":true}]}}