{"id":1493,"date":"2026-01-17T16:04:08","date_gmt":"2026-01-17T16:04:08","guid":{"rendered":"https:\/\/teammutantecuador.com\/?post_type=product&#038;p=1493"},"modified":"2026-01-17T16:04:10","modified_gmt":"2026-01-17T16:04:10","slug":"atlhetica-protein-premium-4-lb","status":"publish","type":"product","link":"https:\/\/teammutantecuador.com\/?product=atlhetica-protein-premium-4-lb","title":{"rendered":"Atlhetica Protein Premium (4 lb)"},"content":{"rendered":"<p><strong>\u00bfQu\u00e9 es ATLHETICA Protein Premium?<\/strong><br \/>\nATLHETICA Protein Premium es un completo suplemento proteico para atletas, compuesto por una mezcla exclusiva de 8 diferentes tipos de prote\u00ednas de alto valor biol\u00f3gico. Posee 27 grs de prote\u00ednas de suero de leche por porci\u00f3n,bajo contenido de sodio,exento de az\u00facares.<br \/>\nTipos de Prote\u00edna<br \/>\n&#8211; Prote\u00edna concentrada de suero de leche.<br \/>\n&#8211; Prote\u00edna isolada de soya.<br \/>\n&#8211; Prote\u00edna isolada de suero de leche.<br \/>\n&#8211; Prote\u00edna hidrolisada de suero de leche.<br \/>\n&#8211; Proteina isolada y hidrolisada de carne.<br \/>\n&#8211; Proteina de albumina de huevo.<br \/>\n&#8211; Prote\u00edna de caseinato.<\/p>\n<p><strong>\u00bfPara qu\u00e9 sirve ATLHETICA Protein Premium?<\/strong><br \/>\nATLHETICA Protein Premium Es la mejor opci\u00f3n para satisfacer tus necesidades diarias de prote\u00ednas. Atlhetica Protein Premium contiene 27 grs de prote\u00edna , 8 tipos de prote\u00edna de alta calidad .Esta combinaci\u00f3n ofrece beneficios \u00fanicos de \u00abalimentos integrales\u00bb al tiempo que impulsa la s\u00edntesis de prote\u00ednas para maximizar su crecimiento y reparaci\u00f3n del m\u00fasculo magro.<\/p>\n<p><strong>\u00bfC\u00f3mo se destaca ATLHETICA Protein Premium?<\/strong><br \/>\nATLHETICA Protein Premium se destaca por<br \/>\n&#8211; Ayuda a la reparaci\u00f3n muscular<br \/>\n&#8211; Contiene 6 grs de Bcaa<br \/>\n&#8211; 1450 mg de valina<br \/>\n&#8211; 1570 mg de Isoleucina<br \/>\n&#8211; 2700 mg de Leucina<br \/>\n&#8211; Sin adicion de azucar<\/p>\n<p><strong>\u00bfC\u00f3mo consumir ATLHETICA Protein Premium?<\/strong><br \/>\nATLHETICA Protein Premium Mezclar 1 Scoop con 200-250 ml de agua o leche. Agitar durante 20 segundos o hasta que se haya diluido por completo.<br \/>\nPuedes tomarlo antes y despu\u00e9s del entrenamiento, y tambi\u00e9n entre comidas.<br \/>\n-Recomendaci\u00f3n: Asesorate siempre de un profesional m\u00e9dico o nutricionista para un consumo apropiado.<\/p>\n<p><strong>\u00bfEn qu\u00e9 formato se encuentra ATLHETICA Protein Premium?<\/strong><br \/>\nATLHETICA Protein Premium se encuentra en el formato de 4lbs o 1.8 kg.<\/p>\n<p><strong>\u00bfCon qu\u00e9 otro producto puedo combinar ATLHETICA Protein Premium?<\/strong><br \/>\nPuedes combinar ATLHETICA Protein Premium con Glutaminas o creatinas para tener un mayor rendimiento y recuperaci\u00f3n muscular.<\/p>\n","protected":false},"excerpt":{"rendered":"<p>&#x2714; ATLHETICA Protein Premium 4lb<br \/>\n&#x2714; 39 a 40 Servicios<br \/>\n&#x2714; 27 grs prote\u00edna<br \/>\n&#x2714; 6 grs de Bcaa<br \/>\n&#x2714; Sin az\u00facar a\u00f1adida.<\/p>\n","protected":false},"featured_media":0,"comment_status":"open","ping_status":"closed","template":"","meta":[],"product_brand":[],"product_cat":[357],"product_tag":[166,59],"class_list":{"0":"post-1493","1":"product","2":"type-product","3":"status-publish","5":"product_cat-proteinas-2","6":"product_tag-atlhetica","7":"product_tag-proteina","9":"first","10":"instock","11":"shipping-taxable","12":"purchasable","13":"product-type-simple"},"yoast_head":"<!-- This site is optimized with the Yoast SEO plugin v26.8 - https:\/\/yoast.com\/product\/yoast-seo-wordpress\/ -->\n<title>Atlhetica Protein Premium (4 lb) - Team Mutan Ecuador<\/title>\n<meta name=\"description\" content=\"ATLHETICA Protein Premium es un completo suplemento proteico para atletas, compuesto por una mezcla exclusiva de 8 diferentes tipos de prote\u00ednas de alto valor biol\u00f3gico\" \/>\n<meta name=\"robots\" content=\"index, follow, max-snippet:-1, max-image-preview:large, max-video-preview:-1\" \/>\n<link rel=\"canonical\" href=\"https:\/\/teammutantecuador.com\/?product=atlhetica-protein-premium-4-lb\" \/>\n<meta property=\"og:locale\" content=\"es_ES\" \/>\n<meta property=\"og:type\" content=\"article\" \/>\n<meta property=\"og:title\" content=\"Atlhetica Protein Premium (4 lb) - Team Mutan Ecuador\" \/>\n<meta property=\"og:description\" content=\"ATLHETICA Protein Premium es un completo suplemento proteico para atletas, compuesto por una mezcla exclusiva de 8 diferentes tipos de prote\u00ednas de alto valor biol\u00f3gico\" \/>\n<meta property=\"og:url\" content=\"https:\/\/teammutantecuador.com\/?product=atlhetica-protein-premium-4-lb\" \/>\n<meta property=\"og:site_name\" content=\"Team Mutan Ecuador\" \/>\n<meta property=\"article:modified_time\" content=\"2026-01-17T16:04:10+00:00\" \/>\n<meta name=\"twitter:card\" content=\"summary_large_image\" \/>\n<meta name=\"twitter:label1\" content=\"Tiempo de lectura\" \/>\n\t<meta name=\"twitter:data1\" content=\"2 minutos\" \/>\n<script type=\"application\/ld+json\" class=\"yoast-schema-graph\">{\"@context\":\"https:\/\/schema.org\",\"@graph\":[{\"@type\":\"WebPage\",\"@id\":\"https:\/\/teammutantecuador.com\/?product=atlhetica-protein-premium-4-lb\",\"url\":\"https:\/\/teammutantecuador.com\/?product=atlhetica-protein-premium-4-lb\",\"name\":\"Atlhetica Protein Premium (4 lb) - Team Mutan Ecuador\",\"isPartOf\":{\"@id\":\"https:\/\/teammutantecuador.com\/#website\"},\"datePublished\":\"2026-01-17T16:04:08+00:00\",\"dateModified\":\"2026-01-17T16:04:10+00:00\",\"description\":\"ATLHETICA Protein Premium es un completo suplemento proteico para atletas, compuesto por una mezcla exclusiva de 8 diferentes tipos de prote\u00ednas de alto valor biol\u00f3gico\",\"breadcrumb\":{\"@id\":\"https:\/\/teammutantecuador.com\/?product=atlhetica-protein-premium-4-lb#breadcrumb\"},\"inLanguage\":\"es\",\"potentialAction\":[{\"@type\":\"ReadAction\",\"target\":[\"https:\/\/teammutantecuador.com\/?product=atlhetica-protein-premium-4-lb\"]}]},{\"@type\":\"BreadcrumbList\",\"@id\":\"https:\/\/teammutantecuador.com\/?product=atlhetica-protein-premium-4-lb#breadcrumb\",\"itemListElement\":[{\"@type\":\"ListItem\",\"position\":1,\"name\":\"Portada\",\"item\":\"https:\/\/teammutantecuador.com\/\"},{\"@type\":\"ListItem\",\"position\":2,\"name\":\"Shop\",\"item\":\"https:\/\/teammutantecuador.com\/?page_id=6\"},{\"@type\":\"ListItem\",\"position\":3,\"name\":\"Atlhetica Protein Premium (4 lb)\"}]},{\"@type\":\"WebSite\",\"@id\":\"https:\/\/teammutantecuador.com\/#website\",\"url\":\"https:\/\/teammutantecuador.com\/\",\"name\":\"Team Mutan Ecuador\",\"description\":\"Just another WordPress site\",\"publisher\":{\"@id\":\"https:\/\/teammutantecuador.com\/#organization\"},\"potentialAction\":[{\"@type\":\"SearchAction\",\"target\":{\"@type\":\"EntryPoint\",\"urlTemplate\":\"https:\/\/teammutantecuador.com\/?s={search_term_string}\"},\"query-input\":{\"@type\":\"PropertyValueSpecification\",\"valueRequired\":true,\"valueName\":\"search_term_string\"}}],\"inLanguage\":\"es\"},{\"@type\":\"Organization\",\"@id\":\"https:\/\/teammutantecuador.com\/#organization\",\"name\":\"Team Mutan Ecuador\",\"url\":\"https:\/\/teammutantecuador.com\/\",\"logo\":{\"@type\":\"ImageObject\",\"inLanguage\":\"es\",\"@id\":\"https:\/\/teammutantecuador.com\/#\/schema\/logo\/image\/\",\"url\":\"https:\/\/teammutantecuador.com\/wp-content\/uploads\/2026\/01\/Diseno-sin-titulo-97.png\",\"contentUrl\":\"https:\/\/teammutantecuador.com\/wp-content\/uploads\/2026\/01\/Diseno-sin-titulo-97.png\",\"width\":500,\"height\":300,\"caption\":\"Team Mutan Ecuador\"},\"image\":{\"@id\":\"https:\/\/teammutantecuador.com\/#\/schema\/logo\/image\/\"}}]}<\/script>\n<!-- \/ Yoast SEO plugin. -->","yoast_head_json":{"title":"Atlhetica Protein Premium (4 lb) - Team Mutan Ecuador","description":"ATLHETICA Protein Premium es un completo suplemento proteico para atletas, compuesto por una mezcla exclusiva de 8 diferentes tipos de prote\u00ednas de alto valor biol\u00f3gico","robots":{"index":"index","follow":"follow","max-snippet":"max-snippet:-1","max-image-preview":"max-image-preview:large","max-video-preview":"max-video-preview:-1"},"canonical":"https:\/\/teammutantecuador.com\/?product=atlhetica-protein-premium-4-lb","og_locale":"es_ES","og_type":"article","og_title":"Atlhetica Protein Premium (4 lb) - Team Mutan Ecuador","og_description":"ATLHETICA Protein Premium es un completo suplemento proteico para atletas, compuesto por una mezcla exclusiva de 8 diferentes tipos de prote\u00ednas de alto valor biol\u00f3gico","og_url":"https:\/\/teammutantecuador.com\/?product=atlhetica-protein-premium-4-lb","og_site_name":"Team Mutan Ecuador","article_modified_time":"2026-01-17T16:04:10+00:00","twitter_card":"summary_large_image","twitter_misc":{"Tiempo de lectura":"2 minutos"},"schema":{"@context":"https:\/\/schema.org","@graph":[{"@type":"WebPage","@id":"https:\/\/teammutantecuador.com\/?product=atlhetica-protein-premium-4-lb","url":"https:\/\/teammutantecuador.com\/?product=atlhetica-protein-premium-4-lb","name":"Atlhetica Protein Premium (4 lb) - Team Mutan Ecuador","isPartOf":{"@id":"https:\/\/teammutantecuador.com\/#website"},"datePublished":"2026-01-17T16:04:08+00:00","dateModified":"2026-01-17T16:04:10+00:00","description":"ATLHETICA Protein Premium es un completo suplemento proteico para atletas, compuesto por una mezcla exclusiva de 8 diferentes tipos de prote\u00ednas de alto valor biol\u00f3gico","breadcrumb":{"@id":"https:\/\/teammutantecuador.com\/?product=atlhetica-protein-premium-4-lb#breadcrumb"},"inLanguage":"es","potentialAction":[{"@type":"ReadAction","target":["https:\/\/teammutantecuador.com\/?product=atlhetica-protein-premium-4-lb"]}]},{"@type":"BreadcrumbList","@id":"https:\/\/teammutantecuador.com\/?product=atlhetica-protein-premium-4-lb#breadcrumb","itemListElement":[{"@type":"ListItem","position":1,"name":"Portada","item":"https:\/\/teammutantecuador.com\/"},{"@type":"ListItem","position":2,"name":"Shop","item":"https:\/\/teammutantecuador.com\/?page_id=6"},{"@type":"ListItem","position":3,"name":"Atlhetica Protein Premium (4 lb)"}]},{"@type":"WebSite","@id":"https:\/\/teammutantecuador.com\/#website","url":"https:\/\/teammutantecuador.com\/","name":"Team Mutan Ecuador","description":"Just another WordPress site","publisher":{"@id":"https:\/\/teammutantecuador.com\/#organization"},"potentialAction":[{"@type":"SearchAction","target":{"@type":"EntryPoint","urlTemplate":"https:\/\/teammutantecuador.com\/?s={search_term_string}"},"query-input":{"@type":"PropertyValueSpecification","valueRequired":true,"valueName":"search_term_string"}}],"inLanguage":"es"},{"@type":"Organization","@id":"https:\/\/teammutantecuador.com\/#organization","name":"Team Mutan Ecuador","url":"https:\/\/teammutantecuador.com\/","logo":{"@type":"ImageObject","inLanguage":"es","@id":"https:\/\/teammutantecuador.com\/#\/schema\/logo\/image\/","url":"https:\/\/teammutantecuador.com\/wp-content\/uploads\/2026\/01\/Diseno-sin-titulo-97.png","contentUrl":"https:\/\/teammutantecuador.com\/wp-content\/uploads\/2026\/01\/Diseno-sin-titulo-97.png","width":500,"height":300,"caption":"Team Mutan Ecuador"},"image":{"@id":"https:\/\/teammutantecuador.com\/#\/schema\/logo\/image\/"}}]}},"_links":{"self":[{"href":"https:\/\/teammutantecuador.com\/index.php?rest_route=\/wp\/v2\/product\/1493","targetHints":{"allow":["GET"]}}],"collection":[{"href":"https:\/\/teammutantecuador.com\/index.php?rest_route=\/wp\/v2\/product"}],"about":[{"href":"https:\/\/teammutantecuador.com\/index.php?rest_route=\/wp\/v2\/types\/product"}],"replies":[{"embeddable":true,"href":"https:\/\/teammutantecuador.com\/index.php?rest_route=%2Fwp%2Fv2%2Fcomments&post=1493"}],"wp:attachment":[{"href":"https:\/\/teammutantecuador.com\/index.php?rest_route=%2Fwp%2Fv2%2Fmedia&parent=1493"}],"wp:term":[{"taxonomy":"product_brand","embeddable":true,"href":"https:\/\/teammutantecuador.com\/index.php?rest_route=%2Fwp%2Fv2%2Fproduct_brand&post=1493"},{"taxonomy":"product_cat","embeddable":true,"href":"https:\/\/teammutantecuador.com\/index.php?rest_route=%2Fwp%2Fv2%2Fproduct_cat&post=1493"},{"taxonomy":"product_tag","embeddable":true,"href":"https:\/\/teammutantecuador.com\/index.php?rest_route=%2Fwp%2Fv2%2Fproduct_tag&post=1493"}],"curies":[{"name":"wp","href":"https:\/\/api.w.org\/{rel}","templated":true}]}}