{"id":1491,"date":"2026-01-17T16:04:08","date_gmt":"2026-01-17T16:04:08","guid":{"rendered":"https:\/\/teammutantecuador.com\/?post_type=product&#038;p=1491"},"modified":"2026-01-17T16:04:10","modified_gmt":"2026-01-17T16:04:10","slug":"engn-pre-entreno","status":"publish","type":"product","link":"https:\/\/teammutantecuador.com\/?product=engn-pre-entreno","title":{"rendered":"ENGN PRE-ENTRENO"},"content":{"rendered":"<div class=\"s1 highlight-title\">COMBUSTIBLE PRE-ENTRENAMIENTO DE PR\u00d3XIMA GENERACI\u00d3N<\/div>\n<p class=\"p1\">Para alcanzar su m\u00e1ximo potencial, necesita la energ\u00eda y el enfoque mental \u00f3ptimos para lograr sus objetivos.\u00a0La f\u00f3rmula de vanguardia de\u00a0<strong>ENGN<\/strong>\u00a0est\u00e1 dise\u00f1ada para ser el combustible pre-entrenamiento m\u00e1s completo que sobrealimenta su conexi\u00f3n entre la mente y los m\u00fasculos junto con su energ\u00eda, potencia, bombas y rendimiento.\u00a0Adem\u00e1s, est\u00e1 formulado para evitar el colapso de otros entrenamientos previos en una f\u00f3rmula limpia con cero az\u00facar, cero carbohidratos y cero calor\u00edas.\u00a0\u00a1Nunca se conforme, evolucione con\u00a0<strong>ENGN<\/strong>\u00a0para impulsar sus resultados!<\/p>\n<div class=\"highlight-title\">NUNCA SE CONFORME, EVOLUCIONE CON ENGN PARA IMPULSAR SUS RESULTADOS<\/div>\n<div><\/div>\n<div>\n<div class=\"highlight-title\">\u00bfPOR QU\u00c9 ENGN\u00ae ES M\u00c1S AVANZADO QUE CUALQUIER OTRO PRE-ENTRENAMIENTO?<\/div>\n<p>RESULTADOS!\u00a0\u00a1La f\u00f3rmula revolucionaria de\u00a0<strong>ENGN\u00ae<\/strong>\u00a0tiene que ver con el progreso que cambia el juego cada vez que ingresa al gimnasio, campo, oct\u00e1gono, escenario o cancha!\u00a0En pocas palabras, nunca nos conformamos y formulamos\u00a0<strong>ENGN\u00ae<\/strong> para brindarle el enfoque de visi\u00f3n de t\u00fanel, estado mental positivo, impulso, fuerza, bombeos y energ\u00eda sin igual, \u00a1menos posibilidades de choque, para los mejores entrenamientos que haya tenido!<\/p>\n<ul>\n<li>ENERG\u00cdA INTENSA *<\/li>\n<li>ENFOQUE M\u00c1XIMO *<\/li>\n<li>BOMBAS AMPLIFICADAS *<\/li>\n<li>PODER EXPLOSIVO<\/li>\n<li>MAYOR RESISTENCIA\n<div><\/div>\n<div><\/div>\n<div class=\"four columns\">\n<p>ENFOQUE MENTAL INTENSO<\/p>\n<p><strong>Huperzine A:<\/strong>\u00a0apoya el enfoque y la concentraci\u00f3n mental durante el entrenamiento.<\/p>\n<hr \/>\n<p><strong>L-teanina:<\/strong>\u00a0amino\u00e1cido clave que aumenta los niveles de neurotransmisores calmantes del cerebro y apoya una mejor concentraci\u00f3n mental y es sin\u00e9rgico con la cafe\u00edna.<\/p>\n<hr \/>\n<p><strong>Bitartrato de colina:<\/strong>\u00a0apoya la actividad muscular y la velocidad mental.<\/p>\n<hr \/>\n<p><strong>L-Tirosina:<\/strong>\u00a0Amino\u00e1cido esencial que apoya la concentraci\u00f3n y mejora el estado de \u00e1nimo durante el entrenamiento.<\/p>\n<\/div>\n<div class=\"four columns\">\n<div class=\"highlight-title highlight-subtitle\">ENERG\u00cdA Y RESISTENCIA<\/div>\n<p><strong>Cafe\u00edna anhidra + Cafe\u00edna VitaShure:<\/strong>\u00a0Energ\u00eda de 2 etapas que maximiza r\u00e1pidamente la intensidad del entrenamiento, retrasa la fatiga y expande la resistencia muscular.\u00a0VitaShure agrega energ\u00eda de liberaci\u00f3n sostenida para impulsar entrenamientos m\u00e1s largos e intensos mientras promueve una mayor concentraci\u00f3n mental.<\/p>\n<hr \/>\n<p><strong>CarnoSyn Beta Alanine:<\/strong>\u00a0aumenta la resistencia al respaldar la amortiguaci\u00f3n del \u00e1cido l\u00e1ctico en los m\u00fasculos para reducir la fatiga.<\/p>\n<hr \/>\n<p><strong>AGMASS Agmatine Sulfate:<\/strong>\u00a0Potente metabolito de la arginina, que\u00a0<strong>favorece<\/strong>\u00a0el flujo sangu\u00edneo y el \u00f3xido n\u00edtrico.<\/p>\n<\/div>\n<div class=\"four columns\">\n<div class=\"highlight-title highlight-subtitle\">COMPLEJO DE VITAMINAS DE RENDIMIENTO<\/div>\n<p><strong>Vitamina B6:<\/strong>\u00a0Esencial para el metabolismo de prote\u00ednas, carbohidratos y \u00e1cidos grasos para producir energ\u00eda, y tiene efectos sobre el procesamiento mental, el estado de \u00e1nimo y el equilibrio hormonal.<\/p>\n<hr \/>\n<p><strong>Vitamina B12:<\/strong>\u00a0apoya la energ\u00eda y la resistencia durante el entrenamiento apoyando el metabolismo de los carbohidratos en energ\u00eda.<\/p>\n<hr \/>\n<p><strong>Niacina:<\/strong>\u00a0aumenta el metabolismo de los carbohidratos para producir energ\u00eda.<\/p>\n<\/div>\n<div class=\"four columns\">\n<div class=\"highlight-title highlight-subtitle\">FORTALEZA Y DESARROLLO MUSCULAR<\/div>\n<p><strong>Monohidrato de creatina:<\/strong>\u00a0apoya el rendimiento deportivo y aumenta la fuerza.\u00a0Ayuda en la producci\u00f3n de trifosfato de adenosina (ATP).\u00a0El ATP proporciona la energ\u00eda para las contracciones musculares.<\/p>\n<hr \/>\n<p><strong>Beta\u00edna:<\/strong>\u00a0ayuda a elevar la producci\u00f3n y la potencia durante el entrenamiento, adem\u00e1s de retrasar la fatiga y apoyar las bombas.<\/p>\n<\/div>\n<\/li>\n<\/ul>\n<\/div>\n","protected":false},"excerpt":{"rendered":"<p>Para alcanzar su m\u00e1ximo potencial, necesita la energ\u00eda y el enfoque mental \u00f3ptimos para lograr sus objetivos.<\/p>\n<ul>\n<li>ENERG\u00cdA INTENSA *<\/li>\n<li>ENFOQUE M\u00c1XIMO *<\/li>\n<li>BOMBAS AMPLIFICADAS *<\/li>\n<li>PODER EXPLOSIVO<\/li>\n<li>MAYOR RESISTENCIA\n<div><\/div>\n<\/li>\n<\/ul>\n","protected":false},"featured_media":0,"comment_status":"open","ping_status":"closed","template":"","meta":[],"product_brand":[],"product_cat":[365],"product_tag":[165,70,71],"class_list":{"0":"post-1491","1":"product","2":"type-product","3":"status-publish","5":"product_cat-pre-entreno","6":"product_tag-evl","7":"product_tag-pre-entreno","8":"product_tag-pre-workour","10":"first","11":"instock","12":"shipping-taxable","13":"purchasable","14":"product-type-simple"},"yoast_head":"<!-- This site is optimized with the Yoast SEO plugin v26.8 - https:\/\/yoast.com\/product\/yoast-seo-wordpress\/ -->\n<title>ENGN PRE-ENTRENO - Team Mutan Ecuador<\/title>\n<meta name=\"description\" content=\"Para alcanzar su m\u00e1ximo potencial, necesita la energ\u00eda y el enfoque mental \u00f3ptimos para lograr sus objetivos\" \/>\n<meta name=\"robots\" content=\"index, follow, max-snippet:-1, max-image-preview:large, max-video-preview:-1\" \/>\n<link rel=\"canonical\" href=\"https:\/\/teammutantecuador.com\/?product=engn-pre-entreno\" \/>\n<meta property=\"og:locale\" content=\"es_ES\" \/>\n<meta property=\"og:type\" content=\"article\" \/>\n<meta property=\"og:title\" content=\"ENGN PRE-ENTRENO - Team Mutan Ecuador\" \/>\n<meta property=\"og:description\" content=\"Para alcanzar su m\u00e1ximo potencial, necesita la energ\u00eda y el enfoque mental \u00f3ptimos para lograr sus objetivos\" \/>\n<meta property=\"og:url\" content=\"https:\/\/teammutantecuador.com\/?product=engn-pre-entreno\" \/>\n<meta property=\"og:site_name\" content=\"Team Mutan Ecuador\" \/>\n<meta property=\"article:modified_time\" content=\"2026-01-17T16:04:10+00:00\" \/>\n<meta name=\"twitter:card\" content=\"summary_large_image\" \/>\n<meta name=\"twitter:label1\" content=\"Tiempo de lectura\" \/>\n\t<meta name=\"twitter:data1\" content=\"3 minutos\" \/>\n<script type=\"application\/ld+json\" class=\"yoast-schema-graph\">{\"@context\":\"https:\/\/schema.org\",\"@graph\":[{\"@type\":\"WebPage\",\"@id\":\"https:\/\/teammutantecuador.com\/?product=engn-pre-entreno\",\"url\":\"https:\/\/teammutantecuador.com\/?product=engn-pre-entreno\",\"name\":\"ENGN PRE-ENTRENO - Team Mutan Ecuador\",\"isPartOf\":{\"@id\":\"https:\/\/teammutantecuador.com\/#website\"},\"datePublished\":\"2026-01-17T16:04:08+00:00\",\"dateModified\":\"2026-01-17T16:04:10+00:00\",\"description\":\"Para alcanzar su m\u00e1ximo potencial, necesita la energ\u00eda y el enfoque mental \u00f3ptimos para lograr sus objetivos\",\"breadcrumb\":{\"@id\":\"https:\/\/teammutantecuador.com\/?product=engn-pre-entreno#breadcrumb\"},\"inLanguage\":\"es\",\"potentialAction\":[{\"@type\":\"ReadAction\",\"target\":[\"https:\/\/teammutantecuador.com\/?product=engn-pre-entreno\"]}]},{\"@type\":\"BreadcrumbList\",\"@id\":\"https:\/\/teammutantecuador.com\/?product=engn-pre-entreno#breadcrumb\",\"itemListElement\":[{\"@type\":\"ListItem\",\"position\":1,\"name\":\"Portada\",\"item\":\"https:\/\/teammutantecuador.com\/\"},{\"@type\":\"ListItem\",\"position\":2,\"name\":\"Shop\",\"item\":\"https:\/\/teammutantecuador.com\/?page_id=6\"},{\"@type\":\"ListItem\",\"position\":3,\"name\":\"ENGN PRE-ENTRENO\"}]},{\"@type\":\"WebSite\",\"@id\":\"https:\/\/teammutantecuador.com\/#website\",\"url\":\"https:\/\/teammutantecuador.com\/\",\"name\":\"Team Mutan Ecuador\",\"description\":\"Just another WordPress site\",\"publisher\":{\"@id\":\"https:\/\/teammutantecuador.com\/#organization\"},\"potentialAction\":[{\"@type\":\"SearchAction\",\"target\":{\"@type\":\"EntryPoint\",\"urlTemplate\":\"https:\/\/teammutantecuador.com\/?s={search_term_string}\"},\"query-input\":{\"@type\":\"PropertyValueSpecification\",\"valueRequired\":true,\"valueName\":\"search_term_string\"}}],\"inLanguage\":\"es\"},{\"@type\":\"Organization\",\"@id\":\"https:\/\/teammutantecuador.com\/#organization\",\"name\":\"Team Mutan Ecuador\",\"url\":\"https:\/\/teammutantecuador.com\/\",\"logo\":{\"@type\":\"ImageObject\",\"inLanguage\":\"es\",\"@id\":\"https:\/\/teammutantecuador.com\/#\/schema\/logo\/image\/\",\"url\":\"https:\/\/teammutantecuador.com\/wp-content\/uploads\/2026\/01\/Diseno-sin-titulo-97.png\",\"contentUrl\":\"https:\/\/teammutantecuador.com\/wp-content\/uploads\/2026\/01\/Diseno-sin-titulo-97.png\",\"width\":500,\"height\":300,\"caption\":\"Team Mutan Ecuador\"},\"image\":{\"@id\":\"https:\/\/teammutantecuador.com\/#\/schema\/logo\/image\/\"}}]}<\/script>\n<!-- \/ Yoast SEO plugin. -->","yoast_head_json":{"title":"ENGN PRE-ENTRENO - Team Mutan Ecuador","description":"Para alcanzar su m\u00e1ximo potencial, necesita la energ\u00eda y el enfoque mental \u00f3ptimos para lograr sus objetivos","robots":{"index":"index","follow":"follow","max-snippet":"max-snippet:-1","max-image-preview":"max-image-preview:large","max-video-preview":"max-video-preview:-1"},"canonical":"https:\/\/teammutantecuador.com\/?product=engn-pre-entreno","og_locale":"es_ES","og_type":"article","og_title":"ENGN PRE-ENTRENO - Team Mutan Ecuador","og_description":"Para alcanzar su m\u00e1ximo potencial, necesita la energ\u00eda y el enfoque mental \u00f3ptimos para lograr sus objetivos","og_url":"https:\/\/teammutantecuador.com\/?product=engn-pre-entreno","og_site_name":"Team Mutan Ecuador","article_modified_time":"2026-01-17T16:04:10+00:00","twitter_card":"summary_large_image","twitter_misc":{"Tiempo de lectura":"3 minutos"},"schema":{"@context":"https:\/\/schema.org","@graph":[{"@type":"WebPage","@id":"https:\/\/teammutantecuador.com\/?product=engn-pre-entreno","url":"https:\/\/teammutantecuador.com\/?product=engn-pre-entreno","name":"ENGN PRE-ENTRENO - Team Mutan Ecuador","isPartOf":{"@id":"https:\/\/teammutantecuador.com\/#website"},"datePublished":"2026-01-17T16:04:08+00:00","dateModified":"2026-01-17T16:04:10+00:00","description":"Para alcanzar su m\u00e1ximo potencial, necesita la energ\u00eda y el enfoque mental \u00f3ptimos para lograr sus objetivos","breadcrumb":{"@id":"https:\/\/teammutantecuador.com\/?product=engn-pre-entreno#breadcrumb"},"inLanguage":"es","potentialAction":[{"@type":"ReadAction","target":["https:\/\/teammutantecuador.com\/?product=engn-pre-entreno"]}]},{"@type":"BreadcrumbList","@id":"https:\/\/teammutantecuador.com\/?product=engn-pre-entreno#breadcrumb","itemListElement":[{"@type":"ListItem","position":1,"name":"Portada","item":"https:\/\/teammutantecuador.com\/"},{"@type":"ListItem","position":2,"name":"Shop","item":"https:\/\/teammutantecuador.com\/?page_id=6"},{"@type":"ListItem","position":3,"name":"ENGN PRE-ENTRENO"}]},{"@type":"WebSite","@id":"https:\/\/teammutantecuador.com\/#website","url":"https:\/\/teammutantecuador.com\/","name":"Team Mutan Ecuador","description":"Just another WordPress site","publisher":{"@id":"https:\/\/teammutantecuador.com\/#organization"},"potentialAction":[{"@type":"SearchAction","target":{"@type":"EntryPoint","urlTemplate":"https:\/\/teammutantecuador.com\/?s={search_term_string}"},"query-input":{"@type":"PropertyValueSpecification","valueRequired":true,"valueName":"search_term_string"}}],"inLanguage":"es"},{"@type":"Organization","@id":"https:\/\/teammutantecuador.com\/#organization","name":"Team Mutan Ecuador","url":"https:\/\/teammutantecuador.com\/","logo":{"@type":"ImageObject","inLanguage":"es","@id":"https:\/\/teammutantecuador.com\/#\/schema\/logo\/image\/","url":"https:\/\/teammutantecuador.com\/wp-content\/uploads\/2026\/01\/Diseno-sin-titulo-97.png","contentUrl":"https:\/\/teammutantecuador.com\/wp-content\/uploads\/2026\/01\/Diseno-sin-titulo-97.png","width":500,"height":300,"caption":"Team Mutan Ecuador"},"image":{"@id":"https:\/\/teammutantecuador.com\/#\/schema\/logo\/image\/"}}]}},"_links":{"self":[{"href":"https:\/\/teammutantecuador.com\/index.php?rest_route=\/wp\/v2\/product\/1491","targetHints":{"allow":["GET"]}}],"collection":[{"href":"https:\/\/teammutantecuador.com\/index.php?rest_route=\/wp\/v2\/product"}],"about":[{"href":"https:\/\/teammutantecuador.com\/index.php?rest_route=\/wp\/v2\/types\/product"}],"replies":[{"embeddable":true,"href":"https:\/\/teammutantecuador.com\/index.php?rest_route=%2Fwp%2Fv2%2Fcomments&post=1491"}],"wp:attachment":[{"href":"https:\/\/teammutantecuador.com\/index.php?rest_route=%2Fwp%2Fv2%2Fmedia&parent=1491"}],"wp:term":[{"taxonomy":"product_brand","embeddable":true,"href":"https:\/\/teammutantecuador.com\/index.php?rest_route=%2Fwp%2Fv2%2Fproduct_brand&post=1491"},{"taxonomy":"product_cat","embeddable":true,"href":"https:\/\/teammutantecuador.com\/index.php?rest_route=%2Fwp%2Fv2%2Fproduct_cat&post=1491"},{"taxonomy":"product_tag","embeddable":true,"href":"https:\/\/teammutantecuador.com\/index.php?rest_route=%2Fwp%2Fv2%2Fproduct_tag&post=1491"}],"curies":[{"name":"wp","href":"https:\/\/api.w.org\/{rel}","templated":true}]}}