{"id":1486,"date":"2026-01-17T16:04:08","date_gmt":"2026-01-17T16:04:08","guid":{"rendered":"https:\/\/teammutantecuador.com\/?post_type=product&#038;p=1486"},"modified":"2026-01-17T16:04:10","modified_gmt":"2026-01-17T16:04:10","slug":"mutant-whey-10-lib-vainilla","status":"publish","type":"product","link":"https:\/\/teammutantecuador.com\/?product=mutant-whey-10-lib-vainilla","title":{"rendered":"Mutant Whey 10 Lib Vainilla"},"content":{"rendered":"<ul>\n<li>Aporta 22 gramos de prote\u00edna de suero por scoop.<\/li>\n<li>La mitad de colesterol que las prote\u00ednas de la competencia.<\/li>\n<li>Totalmente libre de aspartamo, endulzado con sucralosa.<\/li>\n<\/ul>\n<p><strong>MUTANT WHEY<\/strong>\u00a0de PVL se ha convertido en muy poco tiempo en una de las mejores mezclas de prot\u00edna de suero. Es una mezcla \u00fanica de 5 tipos de prote\u00edna de suero que favorece un incre\u00edble crecimiento muscular y aumenta la retenci\u00f3n de nitr\u00f3geno, Si, la prote\u00edna whey ayuda a conseguir m\u00fasculo, pero MUTANT WHEY hace que ocurra mejor y m\u00e1s rapido.<\/p>\n<p><strong>MUTANT WHEY<\/strong>\u00a0de PVL ha sido desarrollada tras muchos meses de ardua investigaci\u00f3n. Es la primera prote\u00edna del mundo que contiene prote\u00ednas especialmente seleccioinadas, cada una con un indice de absorci\u00f3n \u00fanico. Esta f\u00f3rmula con 5 tipos de prote\u00edna permite que cada fuente llegue en momentos distintos a los receptores de prote\u00edna del sistema digestivo, de n\u00famero muy reducido.\u00bfEsto qu\u00e9 significa? &#8211; Que no se malgasta nada de proe\u00edna, y tiene una absorci\u00f3n del 100%. Cada una de estas cinco fuentes son 100% completas y ricas en amino\u00e1cidos de cadena ramificada (BCAA) y glutamina, para acelerar la recuperaci\u00f3n.<\/p>\n","protected":false},"excerpt":{"rendered":"<ul>\n<li>Aporta 22 gramos de prote\u00edna de suero por scoop.<\/li>\n<li>La mitad de colesterol que las prote\u00ednas de la competencia.<\/li>\n<li>Totalmente libre de aspartamo, endulzado con sucralosa<\/li>\n<\/ul>\n","protected":false},"featured_media":0,"comment_status":"open","ping_status":"closed","template":"","meta":[],"product_brand":[],"product_cat":[363,357],"product_tag":[371,103,92],"class_list":{"0":"post-1486","1":"product","2":"type-product","3":"status-publish","5":"product_cat-premiun","6":"product_cat-proteinas-2","7":"product_tag-mutant","8":"product_tag-whey","9":"product_tag-whey-protein","11":"first","12":"instock","13":"shipping-taxable","14":"purchasable","15":"product-type-simple"},"yoast_head":"<!-- This site is optimized with the Yoast SEO plugin v26.8 - https:\/\/yoast.com\/product\/yoast-seo-wordpress\/ -->\n<title>Mutant Whey 10 Lib Vainilla - Team Mutan Ecuador<\/title>\n<meta name=\"robots\" content=\"index, follow, max-snippet:-1, max-image-preview:large, max-video-preview:-1\" \/>\n<link rel=\"canonical\" href=\"https:\/\/teammutantecuador.com\/?product=mutant-whey-10-lib-vainilla\" \/>\n<meta property=\"og:locale\" content=\"es_ES\" \/>\n<meta property=\"og:type\" content=\"article\" \/>\n<meta property=\"og:title\" content=\"Mutant Whey 10 Lib Vainilla - Team Mutan Ecuador\" \/>\n<meta property=\"og:description\" content=\"Aporta 22 gramos de prote\u00edna de suero por scoop.  La mitad de colesterol que las prote\u00ednas de la competencia.  Totalmente libre de aspartamo, endulzado con sucralosa\" \/>\n<meta property=\"og:url\" content=\"https:\/\/teammutantecuador.com\/?product=mutant-whey-10-lib-vainilla\" \/>\n<meta property=\"og:site_name\" content=\"Team Mutan Ecuador\" \/>\n<meta property=\"article:modified_time\" content=\"2026-01-17T16:04:10+00:00\" \/>\n<meta name=\"twitter:card\" content=\"summary_large_image\" \/>\n<meta name=\"twitter:label1\" content=\"Tiempo de lectura\" \/>\n\t<meta name=\"twitter:data1\" content=\"1 minuto\" \/>\n<script type=\"application\/ld+json\" class=\"yoast-schema-graph\">{\"@context\":\"https:\/\/schema.org\",\"@graph\":[{\"@type\":\"WebPage\",\"@id\":\"https:\/\/teammutantecuador.com\/?product=mutant-whey-10-lib-vainilla\",\"url\":\"https:\/\/teammutantecuador.com\/?product=mutant-whey-10-lib-vainilla\",\"name\":\"Mutant Whey 10 Lib Vainilla - Team Mutan Ecuador\",\"isPartOf\":{\"@id\":\"https:\/\/teammutantecuador.com\/#website\"},\"datePublished\":\"2026-01-17T16:04:08+00:00\",\"dateModified\":\"2026-01-17T16:04:10+00:00\",\"breadcrumb\":{\"@id\":\"https:\/\/teammutantecuador.com\/?product=mutant-whey-10-lib-vainilla#breadcrumb\"},\"inLanguage\":\"es\",\"potentialAction\":[{\"@type\":\"ReadAction\",\"target\":[\"https:\/\/teammutantecuador.com\/?product=mutant-whey-10-lib-vainilla\"]}]},{\"@type\":\"BreadcrumbList\",\"@id\":\"https:\/\/teammutantecuador.com\/?product=mutant-whey-10-lib-vainilla#breadcrumb\",\"itemListElement\":[{\"@type\":\"ListItem\",\"position\":1,\"name\":\"Portada\",\"item\":\"https:\/\/teammutantecuador.com\/\"},{\"@type\":\"ListItem\",\"position\":2,\"name\":\"Shop\",\"item\":\"https:\/\/teammutantecuador.com\/?page_id=6\"},{\"@type\":\"ListItem\",\"position\":3,\"name\":\"Mutant Whey 10 Lib Vainilla\"}]},{\"@type\":\"WebSite\",\"@id\":\"https:\/\/teammutantecuador.com\/#website\",\"url\":\"https:\/\/teammutantecuador.com\/\",\"name\":\"Team Mutan Ecuador\",\"description\":\"Just another WordPress site\",\"publisher\":{\"@id\":\"https:\/\/teammutantecuador.com\/#organization\"},\"potentialAction\":[{\"@type\":\"SearchAction\",\"target\":{\"@type\":\"EntryPoint\",\"urlTemplate\":\"https:\/\/teammutantecuador.com\/?s={search_term_string}\"},\"query-input\":{\"@type\":\"PropertyValueSpecification\",\"valueRequired\":true,\"valueName\":\"search_term_string\"}}],\"inLanguage\":\"es\"},{\"@type\":\"Organization\",\"@id\":\"https:\/\/teammutantecuador.com\/#organization\",\"name\":\"Team Mutan Ecuador\",\"url\":\"https:\/\/teammutantecuador.com\/\",\"logo\":{\"@type\":\"ImageObject\",\"inLanguage\":\"es\",\"@id\":\"https:\/\/teammutantecuador.com\/#\/schema\/logo\/image\/\",\"url\":\"https:\/\/teammutantecuador.com\/wp-content\/uploads\/2026\/01\/Diseno-sin-titulo-97.png\",\"contentUrl\":\"https:\/\/teammutantecuador.com\/wp-content\/uploads\/2026\/01\/Diseno-sin-titulo-97.png\",\"width\":500,\"height\":300,\"caption\":\"Team Mutan Ecuador\"},\"image\":{\"@id\":\"https:\/\/teammutantecuador.com\/#\/schema\/logo\/image\/\"}}]}<\/script>\n<!-- \/ Yoast SEO plugin. -->","yoast_head_json":{"title":"Mutant Whey 10 Lib Vainilla - Team Mutan Ecuador","robots":{"index":"index","follow":"follow","max-snippet":"max-snippet:-1","max-image-preview":"max-image-preview:large","max-video-preview":"max-video-preview:-1"},"canonical":"https:\/\/teammutantecuador.com\/?product=mutant-whey-10-lib-vainilla","og_locale":"es_ES","og_type":"article","og_title":"Mutant Whey 10 Lib Vainilla - Team Mutan Ecuador","og_description":"Aporta 22 gramos de prote\u00edna de suero por scoop.  La mitad de colesterol que las prote\u00ednas de la competencia.  Totalmente libre de aspartamo, endulzado con sucralosa","og_url":"https:\/\/teammutantecuador.com\/?product=mutant-whey-10-lib-vainilla","og_site_name":"Team Mutan Ecuador","article_modified_time":"2026-01-17T16:04:10+00:00","twitter_card":"summary_large_image","twitter_misc":{"Tiempo de lectura":"1 minuto"},"schema":{"@context":"https:\/\/schema.org","@graph":[{"@type":"WebPage","@id":"https:\/\/teammutantecuador.com\/?product=mutant-whey-10-lib-vainilla","url":"https:\/\/teammutantecuador.com\/?product=mutant-whey-10-lib-vainilla","name":"Mutant Whey 10 Lib Vainilla - Team Mutan Ecuador","isPartOf":{"@id":"https:\/\/teammutantecuador.com\/#website"},"datePublished":"2026-01-17T16:04:08+00:00","dateModified":"2026-01-17T16:04:10+00:00","breadcrumb":{"@id":"https:\/\/teammutantecuador.com\/?product=mutant-whey-10-lib-vainilla#breadcrumb"},"inLanguage":"es","potentialAction":[{"@type":"ReadAction","target":["https:\/\/teammutantecuador.com\/?product=mutant-whey-10-lib-vainilla"]}]},{"@type":"BreadcrumbList","@id":"https:\/\/teammutantecuador.com\/?product=mutant-whey-10-lib-vainilla#breadcrumb","itemListElement":[{"@type":"ListItem","position":1,"name":"Portada","item":"https:\/\/teammutantecuador.com\/"},{"@type":"ListItem","position":2,"name":"Shop","item":"https:\/\/teammutantecuador.com\/?page_id=6"},{"@type":"ListItem","position":3,"name":"Mutant Whey 10 Lib Vainilla"}]},{"@type":"WebSite","@id":"https:\/\/teammutantecuador.com\/#website","url":"https:\/\/teammutantecuador.com\/","name":"Team Mutan Ecuador","description":"Just another WordPress site","publisher":{"@id":"https:\/\/teammutantecuador.com\/#organization"},"potentialAction":[{"@type":"SearchAction","target":{"@type":"EntryPoint","urlTemplate":"https:\/\/teammutantecuador.com\/?s={search_term_string}"},"query-input":{"@type":"PropertyValueSpecification","valueRequired":true,"valueName":"search_term_string"}}],"inLanguage":"es"},{"@type":"Organization","@id":"https:\/\/teammutantecuador.com\/#organization","name":"Team Mutan Ecuador","url":"https:\/\/teammutantecuador.com\/","logo":{"@type":"ImageObject","inLanguage":"es","@id":"https:\/\/teammutantecuador.com\/#\/schema\/logo\/image\/","url":"https:\/\/teammutantecuador.com\/wp-content\/uploads\/2026\/01\/Diseno-sin-titulo-97.png","contentUrl":"https:\/\/teammutantecuador.com\/wp-content\/uploads\/2026\/01\/Diseno-sin-titulo-97.png","width":500,"height":300,"caption":"Team Mutan Ecuador"},"image":{"@id":"https:\/\/teammutantecuador.com\/#\/schema\/logo\/image\/"}}]}},"_links":{"self":[{"href":"https:\/\/teammutantecuador.com\/index.php?rest_route=\/wp\/v2\/product\/1486","targetHints":{"allow":["GET"]}}],"collection":[{"href":"https:\/\/teammutantecuador.com\/index.php?rest_route=\/wp\/v2\/product"}],"about":[{"href":"https:\/\/teammutantecuador.com\/index.php?rest_route=\/wp\/v2\/types\/product"}],"replies":[{"embeddable":true,"href":"https:\/\/teammutantecuador.com\/index.php?rest_route=%2Fwp%2Fv2%2Fcomments&post=1486"}],"wp:attachment":[{"href":"https:\/\/teammutantecuador.com\/index.php?rest_route=%2Fwp%2Fv2%2Fmedia&parent=1486"}],"wp:term":[{"taxonomy":"product_brand","embeddable":true,"href":"https:\/\/teammutantecuador.com\/index.php?rest_route=%2Fwp%2Fv2%2Fproduct_brand&post=1486"},{"taxonomy":"product_cat","embeddable":true,"href":"https:\/\/teammutantecuador.com\/index.php?rest_route=%2Fwp%2Fv2%2Fproduct_cat&post=1486"},{"taxonomy":"product_tag","embeddable":true,"href":"https:\/\/teammutantecuador.com\/index.php?rest_route=%2Fwp%2Fv2%2Fproduct_tag&post=1486"}],"curies":[{"name":"wp","href":"https:\/\/api.w.org\/{rel}","templated":true}]}}