{"id":1484,"date":"2026-01-17T16:04:08","date_gmt":"2026-01-17T16:04:08","guid":{"rendered":"https:\/\/teammutantecuador.com\/?post_type=product&#038;p=1484"},"modified":"2026-01-17T16:04:09","modified_gmt":"2026-01-17T16:04:09","slug":"nitraflex-blue-rasperry-300gm","status":"publish","type":"product","link":"https:\/\/teammutantecuador.com\/?product=nitraflex-blue-rasperry-300gm","title":{"rendered":"Nitraflex Blue Rasperry  300Gm"},"content":{"rendered":"<ul class=\"a-unordered-list a-vertical a-spacing-none\">\n<li><span class=\"a-list-item\">Hiperemia y potenciaci\u00f3n de la testosterona PWD (CFB y compuestos vasoactivos escl\u00ednicamente).<\/span><\/li>\n<li><span class=\"a-list-item\">La concentraci\u00f3n m\u00e1s alta (m\u00e1s de 3 veces de resistencia): potencia 1-Scoop.<\/span><\/li>\n<li><span class=\"a-list-item\"><span class=\"a-list-item\"><span class=\"a-list-item\">La hiperemia reactiva describe el aumento del flujo sangu\u00edneo muscular que se produce durante el ejercicio de resistencia de alta intensidad y produce la \u00abbomba\u00bb asociada con aumentos del tama\u00f1o muscular.<\/span><\/span><\/span><strong data-redactor-tag=\"strong\"><span data-verified=\"redactor\" data-redactor-tag=\"span\" data-redactor-style=\"font-size: large;\">F\u00f3rmula de entrenamiento de alta intensidad<\/span><\/strong>\n<div>Esta f\u00f3rmula de preentrenamiento de alta intensidad cl\u00ednicamente probada tiene ingredientes potentes para ayudar a aumentar la energ\u00eda, el estado de alerta, la fuerza, la resistencia, las bombas y la testosterona libre durante los entrenamientos. *<\/div>\n<div><\/div>\n<p>Nitraflex pre-entrenamiento ofrece resultados de entrenamiento r\u00e1pidos y explosivos para un cuerpo m\u00e1s poderoso, que incluye energ\u00eda, resistencia, \u00f3xido n\u00edtrico (NO) y niveles de testosterona. * Contiene m\u00fasculo comprobado L-citrulina malato, L-arginina, L-arginina alfa- amino\u00e1cidos de cetoglutarato (AKG) y\u00a0ructoborato de\u00a0calcio F\u00a0(CFB), una forma natural de boro de alta potencia que se ha demostrado que es compatible con la testosterona libre. *<\/p>\n<p><strong>Propiedades \u00fanicas de algunos de los compuestos clave en Nitraflex:<\/strong><\/p>\n<p><strong>Porci\u00f3n de<\/strong>\u00a0\u00a01 cucharada\u00a0<strong>*:<\/strong>\u00a0solo se necesita 1 cucharada (1 porci\u00f3n).\u00a0No exceda 1 cucharada en un solo per\u00edodo de 24 horas.\u00a0No tome NITRAFLEX dentro de las 5 horas antes de acostarse.<\/p>\n<p><strong>Alto \u00edndice de citrulina: arginina: la<\/strong>\u00a0arginina es un precursor comprobado del \u00f3xido n\u00edtrico (NO), un vasodilatador.\u00a0Lo que la mayor\u00eda de la gente no sabe es que la suplementaci\u00f3n con arginina estimula la actividad de la arginasa, una enzima que descompone la arginina.\u00a0Con el tiempo, esto puede resultar en una reducci\u00f3n de los niveles de arginina y NO, lo que a su vez har\u00e1 que su f\u00f3rmula preentrenamiento deje de funcionar.\u00a0La investigaci\u00f3n sugiere que suplementar con una alta proporci\u00f3n de citrulina a arginina puede reducir este riesgo al evitar la sobreestimulaci\u00f3n de la arginasa *.<\/p>\n<p><strong>CFB ayuda a apoyar la testosterona<\/strong>\u00a0: en un estudio cl\u00ednico, se\u00a0demostr\u00f3 que\u00a0el\u00a0fructoborato de\u00a0calcio\u00a0(CFB) aumenta la testosterona total y libre dentro de las 3 horas de una dosis \u00fanica equivalente a poco m\u00e1s de 2 cucharadas de Nitraflex. * Un estudio a m\u00e1s largo plazo inform\u00f3 un aumento en testosterona hasta en un 29%.<\/p>\n<p><strong>Dosis efectiva de beta-alanina *: el<\/strong>\u00a0beta-alanina potenciador del rendimiento cl\u00ednicamente probado no fue \u00abpolvo de hadas\u00bb en esta f\u00f3rmula.\u00a0M\u00e1s bien, agregamos una dosis poderosa que usted sentir\u00e1 trabajando despu\u00e9s de su primera porci\u00f3n.\u00a0(Puede promover una ligera sensaci\u00f3n de hormigueo cerebral). *<\/p>\n<p><strong>Sin creatina: la<\/strong>\u00a0creatina provoca la retenci\u00f3n de l\u00edquidos, lo que puede dificultar a\u00fan m\u00e1s el aspecto muscular seco y duro.\u00a0NITRAFLEX no contiene creatina, por lo que es ideal para la preparaci\u00f3n previa al concurso y el f\u00edsico muscular magro *<\/p>\n<p><strong>Potenciadores cognitivos *:<\/strong>\u00a0NITRAFLEX contiene proporciones \u00fanicas de compuestos cient\u00edficamente validados que lo ayudan a permanecer alerta, intenso y concentrado mientras vuela de un set a otro con las venas completamente dilatadas y los m\u00fasculos bombeados al extremo.\u00a0(DMAE) *.<\/p>\n<p><strong data-redactor-tag=\"strong\">Tama\u00f1o:\u00a0<\/strong>30 porciones (300 g).<\/li>\n<\/ul>\n","protected":false},"excerpt":{"rendered":"<ul class=\"a-unordered-list a-vertical a-spacing-none\">\n<li><span class=\"a-list-item\">Hiperemia y potenciaci\u00f3n de la testosterona PWD (CFB y compuestos vasoactivos escl\u00ednicamente).<\/span><\/li>\n<li><span class=\"a-list-item\">La concentraci\u00f3n m\u00e1s alta (m\u00e1s de 3 veces de resistencia): potencia 1-Scoop.<\/span><\/li>\n<li><span class=\"a-list-item\">La hiperemia reactiva describe el aumento del flujo sangu\u00edneo muscular que se produce durante el ejercicio de resistencia de alta intensidad y produce la \u00abbomba\u00bb asociada con aumentos del tama\u00f1o muscular.<\/span><\/li>\n<\/ul>\n","protected":false},"featured_media":0,"comment_status":"open","ping_status":"closed","template":"","meta":[],"product_brand":[],"product_cat":[365,363,375],"product_tag":[85,70,71,87],"class_list":{"0":"post-1484","1":"product","2":"type-product","3":"status-publish","5":"product_cat-pre-entreno","6":"product_cat-premiun","7":"product_cat-testosterona","8":"product_tag-gatsport","9":"product_tag-pre-entreno","10":"product_tag-pre-workour","11":"product_tag-tetosterona","13":"first","14":"instock","15":"shipping-taxable","16":"purchasable","17":"product-type-simple"},"yoast_head":"<!-- This site is optimized with the Yoast SEO plugin v26.8 - https:\/\/yoast.com\/product\/yoast-seo-wordpress\/ -->\n<title>Nitraflex Blue Rasperry 300Gm - Team Mutan Ecuador<\/title>\n<meta name=\"description\" content=\"Hiperemia y potenciaci\u00f3n de la testosterona PWD (CFB y compuestos vasoactivos escl\u00ednicamente).La concentraci\u00f3n m\u00e1s alta (m\u00e1s de 3 veces de resistencia): potencia 1-Scoop.La hiperemia reactiva describe el aumento del flujo sangu\u00edneo muscular que se produce durante el ejercicio de resistencia de alta intensidad y produce la &quot;bomba&quot; asociada con aumentos del tama\u00f1o muscular.\" \/>\n<meta name=\"robots\" content=\"index, follow, max-snippet:-1, max-image-preview:large, max-video-preview:-1\" \/>\n<link rel=\"canonical\" href=\"https:\/\/teammutantecuador.com\/?product=nitraflex-blue-rasperry-300gm\" \/>\n<meta property=\"og:locale\" content=\"es_ES\" \/>\n<meta property=\"og:type\" content=\"article\" \/>\n<meta property=\"og:title\" content=\"Nitraflex Blue Rasperry 300Gm - Team Mutan Ecuador\" \/>\n<meta property=\"og:description\" content=\"Hiperemia y potenciaci\u00f3n de la testosterona PWD (CFB y compuestos vasoactivos escl\u00ednicamente).La concentraci\u00f3n m\u00e1s alta (m\u00e1s de 3 veces de resistencia): potencia 1-Scoop.La hiperemia reactiva describe el aumento del flujo sangu\u00edneo muscular que se produce durante el ejercicio de resistencia de alta intensidad y produce la &quot;bomba&quot; asociada con aumentos del tama\u00f1o muscular.\" \/>\n<meta property=\"og:url\" content=\"https:\/\/teammutantecuador.com\/?product=nitraflex-blue-rasperry-300gm\" \/>\n<meta property=\"og:site_name\" content=\"Team Mutan Ecuador\" \/>\n<meta property=\"article:modified_time\" content=\"2026-01-17T16:04:09+00:00\" \/>\n<meta name=\"twitter:card\" content=\"summary_large_image\" \/>\n<meta name=\"twitter:label1\" content=\"Tiempo de lectura\" \/>\n\t<meta name=\"twitter:data1\" content=\"3 minutos\" \/>\n<script type=\"application\/ld+json\" class=\"yoast-schema-graph\">{\"@context\":\"https:\/\/schema.org\",\"@graph\":[{\"@type\":\"WebPage\",\"@id\":\"https:\/\/teammutantecuador.com\/?product=nitraflex-blue-rasperry-300gm\",\"url\":\"https:\/\/teammutantecuador.com\/?product=nitraflex-blue-rasperry-300gm\",\"name\":\"Nitraflex Blue Rasperry 300Gm - Team Mutan Ecuador\",\"isPartOf\":{\"@id\":\"https:\/\/teammutantecuador.com\/#website\"},\"datePublished\":\"2026-01-17T16:04:08+00:00\",\"dateModified\":\"2026-01-17T16:04:09+00:00\",\"description\":\"Hiperemia y potenciaci\u00f3n de la testosterona PWD (CFB y compuestos vasoactivos escl\u00ednicamente).La concentraci\u00f3n m\u00e1s alta (m\u00e1s de 3 veces de resistencia): potencia 1-Scoop.La hiperemia reactiva describe el aumento del flujo sangu\u00edneo muscular que se produce durante el ejercicio de resistencia de alta intensidad y produce la \\\"bomba\\\" asociada con aumentos del tama\u00f1o muscular.\",\"breadcrumb\":{\"@id\":\"https:\/\/teammutantecuador.com\/?product=nitraflex-blue-rasperry-300gm#breadcrumb\"},\"inLanguage\":\"es\",\"potentialAction\":[{\"@type\":\"ReadAction\",\"target\":[\"https:\/\/teammutantecuador.com\/?product=nitraflex-blue-rasperry-300gm\"]}]},{\"@type\":\"BreadcrumbList\",\"@id\":\"https:\/\/teammutantecuador.com\/?product=nitraflex-blue-rasperry-300gm#breadcrumb\",\"itemListElement\":[{\"@type\":\"ListItem\",\"position\":1,\"name\":\"Portada\",\"item\":\"https:\/\/teammutantecuador.com\/\"},{\"@type\":\"ListItem\",\"position\":2,\"name\":\"Shop\",\"item\":\"https:\/\/teammutantecuador.com\/?page_id=6\"},{\"@type\":\"ListItem\",\"position\":3,\"name\":\"Nitraflex Blue Rasperry 300Gm\"}]},{\"@type\":\"WebSite\",\"@id\":\"https:\/\/teammutantecuador.com\/#website\",\"url\":\"https:\/\/teammutantecuador.com\/\",\"name\":\"Team Mutan Ecuador\",\"description\":\"Just another WordPress site\",\"publisher\":{\"@id\":\"https:\/\/teammutantecuador.com\/#organization\"},\"potentialAction\":[{\"@type\":\"SearchAction\",\"target\":{\"@type\":\"EntryPoint\",\"urlTemplate\":\"https:\/\/teammutantecuador.com\/?s={search_term_string}\"},\"query-input\":{\"@type\":\"PropertyValueSpecification\",\"valueRequired\":true,\"valueName\":\"search_term_string\"}}],\"inLanguage\":\"es\"},{\"@type\":\"Organization\",\"@id\":\"https:\/\/teammutantecuador.com\/#organization\",\"name\":\"Team Mutan Ecuador\",\"url\":\"https:\/\/teammutantecuador.com\/\",\"logo\":{\"@type\":\"ImageObject\",\"inLanguage\":\"es\",\"@id\":\"https:\/\/teammutantecuador.com\/#\/schema\/logo\/image\/\",\"url\":\"https:\/\/teammutantecuador.com\/wp-content\/uploads\/2026\/01\/Diseno-sin-titulo-97.png\",\"contentUrl\":\"https:\/\/teammutantecuador.com\/wp-content\/uploads\/2026\/01\/Diseno-sin-titulo-97.png\",\"width\":500,\"height\":300,\"caption\":\"Team Mutan Ecuador\"},\"image\":{\"@id\":\"https:\/\/teammutantecuador.com\/#\/schema\/logo\/image\/\"}}]}<\/script>\n<!-- \/ Yoast SEO plugin. -->","yoast_head_json":{"title":"Nitraflex Blue Rasperry 300Gm - Team Mutan Ecuador","description":"Hiperemia y potenciaci\u00f3n de la testosterona PWD (CFB y compuestos vasoactivos escl\u00ednicamente).La concentraci\u00f3n m\u00e1s alta (m\u00e1s de 3 veces de resistencia): potencia 1-Scoop.La hiperemia reactiva describe el aumento del flujo sangu\u00edneo muscular que se produce durante el ejercicio de resistencia de alta intensidad y produce la \"bomba\" asociada con aumentos del tama\u00f1o muscular.","robots":{"index":"index","follow":"follow","max-snippet":"max-snippet:-1","max-image-preview":"max-image-preview:large","max-video-preview":"max-video-preview:-1"},"canonical":"https:\/\/teammutantecuador.com\/?product=nitraflex-blue-rasperry-300gm","og_locale":"es_ES","og_type":"article","og_title":"Nitraflex Blue Rasperry 300Gm - Team Mutan Ecuador","og_description":"Hiperemia y potenciaci\u00f3n de la testosterona PWD (CFB y compuestos vasoactivos escl\u00ednicamente).La concentraci\u00f3n m\u00e1s alta (m\u00e1s de 3 veces de resistencia): potencia 1-Scoop.La hiperemia reactiva describe el aumento del flujo sangu\u00edneo muscular que se produce durante el ejercicio de resistencia de alta intensidad y produce la \"bomba\" asociada con aumentos del tama\u00f1o muscular.","og_url":"https:\/\/teammutantecuador.com\/?product=nitraflex-blue-rasperry-300gm","og_site_name":"Team Mutan Ecuador","article_modified_time":"2026-01-17T16:04:09+00:00","twitter_card":"summary_large_image","twitter_misc":{"Tiempo de lectura":"3 minutos"},"schema":{"@context":"https:\/\/schema.org","@graph":[{"@type":"WebPage","@id":"https:\/\/teammutantecuador.com\/?product=nitraflex-blue-rasperry-300gm","url":"https:\/\/teammutantecuador.com\/?product=nitraflex-blue-rasperry-300gm","name":"Nitraflex Blue Rasperry 300Gm - Team Mutan Ecuador","isPartOf":{"@id":"https:\/\/teammutantecuador.com\/#website"},"datePublished":"2026-01-17T16:04:08+00:00","dateModified":"2026-01-17T16:04:09+00:00","description":"Hiperemia y potenciaci\u00f3n de la testosterona PWD (CFB y compuestos vasoactivos escl\u00ednicamente).La concentraci\u00f3n m\u00e1s alta (m\u00e1s de 3 veces de resistencia): potencia 1-Scoop.La hiperemia reactiva describe el aumento del flujo sangu\u00edneo muscular que se produce durante el ejercicio de resistencia de alta intensidad y produce la \"bomba\" asociada con aumentos del tama\u00f1o muscular.","breadcrumb":{"@id":"https:\/\/teammutantecuador.com\/?product=nitraflex-blue-rasperry-300gm#breadcrumb"},"inLanguage":"es","potentialAction":[{"@type":"ReadAction","target":["https:\/\/teammutantecuador.com\/?product=nitraflex-blue-rasperry-300gm"]}]},{"@type":"BreadcrumbList","@id":"https:\/\/teammutantecuador.com\/?product=nitraflex-blue-rasperry-300gm#breadcrumb","itemListElement":[{"@type":"ListItem","position":1,"name":"Portada","item":"https:\/\/teammutantecuador.com\/"},{"@type":"ListItem","position":2,"name":"Shop","item":"https:\/\/teammutantecuador.com\/?page_id=6"},{"@type":"ListItem","position":3,"name":"Nitraflex Blue Rasperry 300Gm"}]},{"@type":"WebSite","@id":"https:\/\/teammutantecuador.com\/#website","url":"https:\/\/teammutantecuador.com\/","name":"Team Mutan Ecuador","description":"Just another WordPress site","publisher":{"@id":"https:\/\/teammutantecuador.com\/#organization"},"potentialAction":[{"@type":"SearchAction","target":{"@type":"EntryPoint","urlTemplate":"https:\/\/teammutantecuador.com\/?s={search_term_string}"},"query-input":{"@type":"PropertyValueSpecification","valueRequired":true,"valueName":"search_term_string"}}],"inLanguage":"es"},{"@type":"Organization","@id":"https:\/\/teammutantecuador.com\/#organization","name":"Team Mutan Ecuador","url":"https:\/\/teammutantecuador.com\/","logo":{"@type":"ImageObject","inLanguage":"es","@id":"https:\/\/teammutantecuador.com\/#\/schema\/logo\/image\/","url":"https:\/\/teammutantecuador.com\/wp-content\/uploads\/2026\/01\/Diseno-sin-titulo-97.png","contentUrl":"https:\/\/teammutantecuador.com\/wp-content\/uploads\/2026\/01\/Diseno-sin-titulo-97.png","width":500,"height":300,"caption":"Team Mutan Ecuador"},"image":{"@id":"https:\/\/teammutantecuador.com\/#\/schema\/logo\/image\/"}}]}},"_links":{"self":[{"href":"https:\/\/teammutantecuador.com\/index.php?rest_route=\/wp\/v2\/product\/1484","targetHints":{"allow":["GET"]}}],"collection":[{"href":"https:\/\/teammutantecuador.com\/index.php?rest_route=\/wp\/v2\/product"}],"about":[{"href":"https:\/\/teammutantecuador.com\/index.php?rest_route=\/wp\/v2\/types\/product"}],"replies":[{"embeddable":true,"href":"https:\/\/teammutantecuador.com\/index.php?rest_route=%2Fwp%2Fv2%2Fcomments&post=1484"}],"wp:attachment":[{"href":"https:\/\/teammutantecuador.com\/index.php?rest_route=%2Fwp%2Fv2%2Fmedia&parent=1484"}],"wp:term":[{"taxonomy":"product_brand","embeddable":true,"href":"https:\/\/teammutantecuador.com\/index.php?rest_route=%2Fwp%2Fv2%2Fproduct_brand&post=1484"},{"taxonomy":"product_cat","embeddable":true,"href":"https:\/\/teammutantecuador.com\/index.php?rest_route=%2Fwp%2Fv2%2Fproduct_cat&post=1484"},{"taxonomy":"product_tag","embeddable":true,"href":"https:\/\/teammutantecuador.com\/index.php?rest_route=%2Fwp%2Fv2%2Fproduct_tag&post=1484"}],"curies":[{"name":"wp","href":"https:\/\/api.w.org\/{rel}","templated":true}]}}