{"id":1477,"date":"2026-01-17T16:04:03","date_gmt":"2026-01-17T16:04:03","guid":{"rendered":"https:\/\/teammutantecuador.com\/?post_type=product&#038;p=1477"},"modified":"2026-01-17T16:04:07","modified_gmt":"2026-01-17T16:04:07","slug":"creatine-5000-evl","status":"publish","type":"product","link":"https:\/\/teammutantecuador.com\/?product=creatine-5000-evl","title":{"rendered":"Creatine 5000 EVL"},"content":{"rendered":"<p id=\"title\" class=\"a-size-large a-spacing-none\"><span id=\"productTitle\" class=\"a-size-large product-title-word-break\">Monohidrato de creatina pura en cada porci\u00f3n en polvo sin sabor (60 porciones)<\/span><\/p>\n<ul class=\"a-unordered-list a-vertical a-spacing-mini\">\n<li><span class=\"a-list-item\">0.18\u00a0oz de monohidrato de creatina para una reparaci\u00f3n muscular m\u00e1xima, fuerza y rendimiento.<\/span><\/li>\n<li><span class=\"a-list-item\">Cient\u00edficamente superior \u2013 Fabricado en Estados Unidos.<\/span><\/li>\n<li><span class=\"a-list-item\">Soporta masa muscular magra, maximiza el rendimiento y aumenta la fuerza. *<\/span><\/li>\n<li><span class=\"a-list-item\">Ayudas en la producci\u00f3n de trifosfato de adenosina (ATP) que suministra energ\u00eda a la funci\u00f3n celular. *<\/span><\/li>\n<li>\n<h3 class=\"a-spacing-mini\">Creatina micronizada 100% pura<\/h3>\n<h4 class=\"a-spacing-mini a-color-secondary a-text-italic\">#1 en Rendimiento y Construcci\u00f3n Muscular<\/h4>\n<p class=\"a-spacing-base\">Cuando se trata de construir m\u00fasculo, el monohidrato de creatina es la forma m\u00e1s investigada que se conoce como el suplemento #1 para mejorar el rendimiento en el gimnasio. Creatina 100% Micronizada 5000 de Evlution Nutrition tiene 0.18 oz de creatina pura micronizada monohidrato para dar a tus c\u00e9lulas musculares la capacidad de producir m\u00e1s energ\u00eda para aumentar el rendimiento, la potencia, la fuerza y el crecimiento muscular. Y siempre est\u00e1 hecho con la m\u00e1s alta calidad para asegurarse de que lo que pones dentro produce los mejores resultados en el exterior.<\/p>\n<\/li>\n<li>\n<h3 class=\"a-spacing-mini\">Crecimiento muscular magra<\/h3>\n<p class=\"a-spacing-base\">La creatina es conocida como uno de los suplementos m\u00e1s efectivos para ganar masa muscular y apoyar el crecimiento de la fibra muscular. La creatina aumenta la s\u00edntesis de prote\u00ednas del cuerpo dentro de las fibras musculares, lo que puede mejorar su masa muscular. El desencadenamiento de los m\u00fasculos para crecer ocurre cuando est\u00e1n sobrecargados bajo ejercicio intenso. La creatina te permite empujar m\u00e1s fuerte y m\u00e1s pesado para desencadenar naturalmente mayores ganancias musculares.<\/p>\n<\/li>\n<\/ul>\n","protected":false},"excerpt":{"rendered":"<p id=\"title\" class=\"a-size-large a-spacing-none\"><span id=\"productTitle\" class=\"a-size-large product-title-word-break\">Monohidrato de creatina pura en cada porci\u00f3n en polvo sin sabor (60 porciones)<\/span><\/p>\n<ul class=\"a-unordered-list a-vertical a-spacing-mini\">\n<li><span class=\"a-list-item\">0.18\u00a0oz de monohidrato de creatina para una reparaci\u00f3n muscular m\u00e1xima, fuerza y rendimiento.<\/span><\/li>\n<li><span class=\"a-list-item\">Cient\u00edficamente superior \u2013 Fabricado en Estados Unidos.<\/span><\/li>\n<li><span class=\"a-list-item\">Soporta masa muscular magra, maximiza el rendimiento y aumenta la fuerza. *<\/span><\/li>\n<li><span class=\"a-list-item\">Ayudas en la producci\u00f3n de trifosfato de adenosina (ATP) que suministra energ\u00eda a la funci\u00f3n celular. *<\/span><\/li>\n<\/ul>\n","protected":false},"featured_media":0,"comment_status":"open","ping_status":"closed","template":"","meta":[],"product_brand":[],"product_cat":[77],"product_tag":[78],"class_list":{"0":"post-1477","1":"product","2":"type-product","3":"status-publish","5":"product_cat-creatinas","6":"product_tag-creatina","8":"first","9":"instock","10":"shipping-taxable","11":"purchasable","12":"product-type-simple"},"yoast_head":"<!-- This site is optimized with the Yoast SEO plugin v26.8 - https:\/\/yoast.com\/product\/yoast-seo-wordpress\/ -->\n<title>Creatine 5000 EVL - Team Mutan Ecuador<\/title>\n<meta name=\"description\" content=\"Monohidrato de creatina pura en cada porci\u00f3n en polvo sin sabor (60 porciones) 0.18\u00a0oz de monohidrato de creatina para una reparaci\u00f3n muscular m\u00e1xima, fuerza y rendimiento.\" \/>\n<meta name=\"robots\" content=\"index, follow, max-snippet:-1, max-image-preview:large, max-video-preview:-1\" \/>\n<link rel=\"canonical\" href=\"https:\/\/teammutantecuador.com\/?product=creatine-5000-evl\" \/>\n<meta property=\"og:locale\" content=\"es_ES\" \/>\n<meta property=\"og:type\" content=\"article\" \/>\n<meta property=\"og:title\" content=\"Creatine 5000 EVL - Team Mutan Ecuador\" \/>\n<meta property=\"og:description\" content=\"Monohidrato de creatina pura en cada porci\u00f3n en polvo sin sabor (60 porciones) 0.18\u00a0oz de monohidrato de creatina para una reparaci\u00f3n muscular m\u00e1xima, fuerza y rendimiento.\" \/>\n<meta property=\"og:url\" content=\"https:\/\/teammutantecuador.com\/?product=creatine-5000-evl\" \/>\n<meta property=\"og:site_name\" content=\"Team Mutan Ecuador\" \/>\n<meta property=\"article:modified_time\" content=\"2026-01-17T16:04:07+00:00\" \/>\n<meta name=\"twitter:card\" content=\"summary_large_image\" \/>\n<meta name=\"twitter:label1\" content=\"Tiempo de lectura\" \/>\n\t<meta name=\"twitter:data1\" content=\"2 minutos\" \/>\n<script type=\"application\/ld+json\" class=\"yoast-schema-graph\">{\"@context\":\"https:\/\/schema.org\",\"@graph\":[{\"@type\":\"WebPage\",\"@id\":\"https:\/\/teammutantecuador.com\/?product=creatine-5000-evl\",\"url\":\"https:\/\/teammutantecuador.com\/?product=creatine-5000-evl\",\"name\":\"Creatine 5000 EVL - Team Mutan Ecuador\",\"isPartOf\":{\"@id\":\"https:\/\/teammutantecuador.com\/#website\"},\"datePublished\":\"2026-01-17T16:04:03+00:00\",\"dateModified\":\"2026-01-17T16:04:07+00:00\",\"description\":\"Monohidrato de creatina pura en cada porci\u00f3n en polvo sin sabor (60 porciones) 0.18\u00a0oz de monohidrato de creatina para una reparaci\u00f3n muscular m\u00e1xima, fuerza y rendimiento.\",\"breadcrumb\":{\"@id\":\"https:\/\/teammutantecuador.com\/?product=creatine-5000-evl#breadcrumb\"},\"inLanguage\":\"es\",\"potentialAction\":[{\"@type\":\"ReadAction\",\"target\":[\"https:\/\/teammutantecuador.com\/?product=creatine-5000-evl\"]}]},{\"@type\":\"BreadcrumbList\",\"@id\":\"https:\/\/teammutantecuador.com\/?product=creatine-5000-evl#breadcrumb\",\"itemListElement\":[{\"@type\":\"ListItem\",\"position\":1,\"name\":\"Portada\",\"item\":\"https:\/\/teammutantecuador.com\/\"},{\"@type\":\"ListItem\",\"position\":2,\"name\":\"Shop\",\"item\":\"https:\/\/teammutantecuador.com\/?page_id=6\"},{\"@type\":\"ListItem\",\"position\":3,\"name\":\"Creatine 5000 EVL\"}]},{\"@type\":\"WebSite\",\"@id\":\"https:\/\/teammutantecuador.com\/#website\",\"url\":\"https:\/\/teammutantecuador.com\/\",\"name\":\"Team Mutan Ecuador\",\"description\":\"Just another WordPress site\",\"publisher\":{\"@id\":\"https:\/\/teammutantecuador.com\/#organization\"},\"potentialAction\":[{\"@type\":\"SearchAction\",\"target\":{\"@type\":\"EntryPoint\",\"urlTemplate\":\"https:\/\/teammutantecuador.com\/?s={search_term_string}\"},\"query-input\":{\"@type\":\"PropertyValueSpecification\",\"valueRequired\":true,\"valueName\":\"search_term_string\"}}],\"inLanguage\":\"es\"},{\"@type\":\"Organization\",\"@id\":\"https:\/\/teammutantecuador.com\/#organization\",\"name\":\"Team Mutan Ecuador\",\"url\":\"https:\/\/teammutantecuador.com\/\",\"logo\":{\"@type\":\"ImageObject\",\"inLanguage\":\"es\",\"@id\":\"https:\/\/teammutantecuador.com\/#\/schema\/logo\/image\/\",\"url\":\"https:\/\/teammutantecuador.com\/wp-content\/uploads\/2026\/01\/Diseno-sin-titulo-97.png\",\"contentUrl\":\"https:\/\/teammutantecuador.com\/wp-content\/uploads\/2026\/01\/Diseno-sin-titulo-97.png\",\"width\":500,\"height\":300,\"caption\":\"Team Mutan Ecuador\"},\"image\":{\"@id\":\"https:\/\/teammutantecuador.com\/#\/schema\/logo\/image\/\"}}]}<\/script>\n<!-- \/ Yoast SEO plugin. -->","yoast_head_json":{"title":"Creatine 5000 EVL - Team Mutan Ecuador","description":"Monohidrato de creatina pura en cada porci\u00f3n en polvo sin sabor (60 porciones) 0.18\u00a0oz de monohidrato de creatina para una reparaci\u00f3n muscular m\u00e1xima, fuerza y rendimiento.","robots":{"index":"index","follow":"follow","max-snippet":"max-snippet:-1","max-image-preview":"max-image-preview:large","max-video-preview":"max-video-preview:-1"},"canonical":"https:\/\/teammutantecuador.com\/?product=creatine-5000-evl","og_locale":"es_ES","og_type":"article","og_title":"Creatine 5000 EVL - Team Mutan Ecuador","og_description":"Monohidrato de creatina pura en cada porci\u00f3n en polvo sin sabor (60 porciones) 0.18\u00a0oz de monohidrato de creatina para una reparaci\u00f3n muscular m\u00e1xima, fuerza y rendimiento.","og_url":"https:\/\/teammutantecuador.com\/?product=creatine-5000-evl","og_site_name":"Team Mutan Ecuador","article_modified_time":"2026-01-17T16:04:07+00:00","twitter_card":"summary_large_image","twitter_misc":{"Tiempo de lectura":"2 minutos"},"schema":{"@context":"https:\/\/schema.org","@graph":[{"@type":"WebPage","@id":"https:\/\/teammutantecuador.com\/?product=creatine-5000-evl","url":"https:\/\/teammutantecuador.com\/?product=creatine-5000-evl","name":"Creatine 5000 EVL - Team Mutan Ecuador","isPartOf":{"@id":"https:\/\/teammutantecuador.com\/#website"},"datePublished":"2026-01-17T16:04:03+00:00","dateModified":"2026-01-17T16:04:07+00:00","description":"Monohidrato de creatina pura en cada porci\u00f3n en polvo sin sabor (60 porciones) 0.18\u00a0oz de monohidrato de creatina para una reparaci\u00f3n muscular m\u00e1xima, fuerza y rendimiento.","breadcrumb":{"@id":"https:\/\/teammutantecuador.com\/?product=creatine-5000-evl#breadcrumb"},"inLanguage":"es","potentialAction":[{"@type":"ReadAction","target":["https:\/\/teammutantecuador.com\/?product=creatine-5000-evl"]}]},{"@type":"BreadcrumbList","@id":"https:\/\/teammutantecuador.com\/?product=creatine-5000-evl#breadcrumb","itemListElement":[{"@type":"ListItem","position":1,"name":"Portada","item":"https:\/\/teammutantecuador.com\/"},{"@type":"ListItem","position":2,"name":"Shop","item":"https:\/\/teammutantecuador.com\/?page_id=6"},{"@type":"ListItem","position":3,"name":"Creatine 5000 EVL"}]},{"@type":"WebSite","@id":"https:\/\/teammutantecuador.com\/#website","url":"https:\/\/teammutantecuador.com\/","name":"Team Mutan Ecuador","description":"Just another WordPress site","publisher":{"@id":"https:\/\/teammutantecuador.com\/#organization"},"potentialAction":[{"@type":"SearchAction","target":{"@type":"EntryPoint","urlTemplate":"https:\/\/teammutantecuador.com\/?s={search_term_string}"},"query-input":{"@type":"PropertyValueSpecification","valueRequired":true,"valueName":"search_term_string"}}],"inLanguage":"es"},{"@type":"Organization","@id":"https:\/\/teammutantecuador.com\/#organization","name":"Team Mutan Ecuador","url":"https:\/\/teammutantecuador.com\/","logo":{"@type":"ImageObject","inLanguage":"es","@id":"https:\/\/teammutantecuador.com\/#\/schema\/logo\/image\/","url":"https:\/\/teammutantecuador.com\/wp-content\/uploads\/2026\/01\/Diseno-sin-titulo-97.png","contentUrl":"https:\/\/teammutantecuador.com\/wp-content\/uploads\/2026\/01\/Diseno-sin-titulo-97.png","width":500,"height":300,"caption":"Team Mutan Ecuador"},"image":{"@id":"https:\/\/teammutantecuador.com\/#\/schema\/logo\/image\/"}}]}},"_links":{"self":[{"href":"https:\/\/teammutantecuador.com\/index.php?rest_route=\/wp\/v2\/product\/1477","targetHints":{"allow":["GET"]}}],"collection":[{"href":"https:\/\/teammutantecuador.com\/index.php?rest_route=\/wp\/v2\/product"}],"about":[{"href":"https:\/\/teammutantecuador.com\/index.php?rest_route=\/wp\/v2\/types\/product"}],"replies":[{"embeddable":true,"href":"https:\/\/teammutantecuador.com\/index.php?rest_route=%2Fwp%2Fv2%2Fcomments&post=1477"}],"wp:attachment":[{"href":"https:\/\/teammutantecuador.com\/index.php?rest_route=%2Fwp%2Fv2%2Fmedia&parent=1477"}],"wp:term":[{"taxonomy":"product_brand","embeddable":true,"href":"https:\/\/teammutantecuador.com\/index.php?rest_route=%2Fwp%2Fv2%2Fproduct_brand&post=1477"},{"taxonomy":"product_cat","embeddable":true,"href":"https:\/\/teammutantecuador.com\/index.php?rest_route=%2Fwp%2Fv2%2Fproduct_cat&post=1477"},{"taxonomy":"product_tag","embeddable":true,"href":"https:\/\/teammutantecuador.com\/index.php?rest_route=%2Fwp%2Fv2%2Fproduct_tag&post=1477"}],"curies":[{"name":"wp","href":"https:\/\/api.w.org\/{rel}","templated":true}]}}