{"id":1474,"date":"2026-01-17T16:04:03","date_gmt":"2026-01-17T16:04:03","guid":{"rendered":"https:\/\/teammutantecuador.com\/?post_type=product&#038;p=1474"},"modified":"2026-01-20T16:23:26","modified_gmt":"2026-01-20T16:23:26","slug":"primobolan-100-mg-mutant-pharma","status":"publish","type":"product","link":"https:\/\/teammutantecuador.com\/?product=primobolan-100-mg-mutant-pharma","title":{"rendered":"Primobolan 100 Mg Mutant Pharma"},"content":{"rendered":"<p><strong>Primobolan<\/strong> 100 mg posee fuertes caracter\u00edsticas anab\u00f3licas y de muy bajas propiedades androg\u00e9nicas. Sus propiedades anab\u00f3licas son consideradas ligeramente menos fuertes que el <a href=\"https:\/\/quitofitness.com\/producto\/decadurabolin-300-mg\/\">Decadurabolin<\/a> por cada miligramo.<\/p>\n<p>El <strong>Primobolan<\/strong> 100 mg es usado comunmente durante ciclos de corte y definici\u00f3n, cuando se busca ganacias magras y no un incremento \u00bben crudo\u00bb del volumen general.<\/p>\n<p>Los atletas han favorecido por mucho las propiedades de la combinaci\u00f3n del fuerte anab\u00f3lico y debil androg\u00e9nico que posee esta sustancia, ya que tampoco posee actividad entrog\u00e9nica la cual la hace muy deseada para la construcci\u00f3n de masa muscular magra sin efectos secundarios.<\/p>\n<p><strong>CARACTER\u00cdSTICAS DEL PRIMOBOLAN<\/strong><br \/>\nEl<strong> primobolan<\/strong> no es considerado un esteroide hepato-t\u00f3xico. Estudios clinicos han fallado procurando demostrar una relaci\u00f3n entre el consumo de <strong>primobolan<\/strong> y estr\u00e9s hep\u00e1tico. Lo anterior manteniendo dosis moderadas y cl\u00ednicas.<\/p>\n<p>Se recomienda minimizar la ingesta de grasas saturadas, colesterol y carbohidratos simples durante el tiempo que dure el uso del primobolan, ello con el fin de evitar afecciones en el sistema cardiovascular.<\/p>\n<p>El consumo de Omega 3 (fish oil) es recomendado junto con <strong>primobolan<\/strong>. 3000 mg de Omega por d\u00eda debe ser suficiente.<\/p>\n<p><strong>MODO DE USO<\/strong><br \/>\nEl protocolo de dosis semanal va desde 200 &#8211; 400 mg tomado durante un ciclo de 6 &#8211; 12 semanas.<\/p>\n<p>Mujeres. dosis de 50 &#8211; 100 mg por semana, durante un ciclo de 5 &#8211; 6 semanas.<\/p>\n<p><strong>PRESENTACI\u00d3N<\/strong><br \/>\nAmpolla de 10 mL x 100 mg de concentraci\u00f3n.<\/p>\n","protected":false},"excerpt":{"rendered":"<p>Primobolan 100 mg posee fuertes caracter\u00edsticas anab\u00f3licas y de muy bajas propiedades androg\u00e9nicas. Sus propiedades anab\u00f3licas son consideradas ligeramente menos fuertes que el Decadurabolin por cada miligramo.<\/p>\n","protected":false},"featured_media":1792,"comment_status":"open","ping_status":"closed","template":"","meta":[],"product_brand":[151],"product_cat":[392],"product_tag":[105,154,160],"class_list":{"0":"post-1474","1":"product","2":"type-product","3":"status-publish","4":"has-post-thumbnail","6":"product_brand-mutant-pharma","7":"product_cat-anabolicos","8":"product_tag-anabolico","9":"product_tag-mutant-pharma","10":"product_tag-primobolona","12":"first","13":"instock","14":"sale","15":"shipping-taxable","16":"purchasable","17":"product-type-simple"},"yoast_head":"<!-- This site is optimized with the Yoast SEO plugin v26.8 - https:\/\/yoast.com\/product\/yoast-seo-wordpress\/ -->\n<title>Primobolan 100 Mg Mutant Pharma - Team Mutan Ecuador<\/title>\n<meta name=\"description\" content=\"Primobolan 100 mg posee fuertes caracter\u00edsticas anab\u00f3licas y de muy bajas propiedades androg\u00e9nicas. Sus propiedades anab\u00f3licas son consideradas ligeramente menos fuertes que el Decadurabolin por cada miligramo.\" \/>\n<meta name=\"robots\" content=\"index, follow, max-snippet:-1, max-image-preview:large, max-video-preview:-1\" \/>\n<link rel=\"canonical\" href=\"https:\/\/teammutantecuador.com\/?product=primobolan-100-mg-mutant-pharma\" \/>\n<meta property=\"og:locale\" content=\"es_ES\" \/>\n<meta property=\"og:type\" content=\"article\" \/>\n<meta property=\"og:title\" content=\"Primobolan 100 Mg Mutant Pharma - Team Mutan Ecuador\" \/>\n<meta property=\"og:description\" content=\"Primobolan 100 mg posee fuertes caracter\u00edsticas anab\u00f3licas y de muy bajas propiedades androg\u00e9nicas. Sus propiedades anab\u00f3licas son consideradas ligeramente menos fuertes que el Decadurabolin por cada miligramo.\" \/>\n<meta property=\"og:url\" content=\"https:\/\/teammutantecuador.com\/?product=primobolan-100-mg-mutant-pharma\" \/>\n<meta property=\"og:site_name\" content=\"Team Mutan Ecuador\" \/>\n<meta property=\"article:modified_time\" content=\"2026-01-20T16:23:26+00:00\" \/>\n<meta property=\"og:image\" content=\"https:\/\/teammutantecuador.com\/wp-content\/uploads\/2026\/01\/Primobolan-100-Mg-Mutant-Pharma.jpg\" \/>\n\t<meta property=\"og:image:width\" content=\"800\" \/>\n\t<meta property=\"og:image:height\" content=\"800\" \/>\n\t<meta property=\"og:image:type\" content=\"image\/jpeg\" \/>\n<meta name=\"twitter:card\" content=\"summary_large_image\" \/>\n<meta name=\"twitter:label1\" content=\"Tiempo de lectura\" \/>\n\t<meta name=\"twitter:data1\" content=\"2 minutos\" \/>\n<script type=\"application\/ld+json\" class=\"yoast-schema-graph\">{\"@context\":\"https:\/\/schema.org\",\"@graph\":[{\"@type\":\"WebPage\",\"@id\":\"https:\/\/teammutantecuador.com\/?product=primobolan-100-mg-mutant-pharma\",\"url\":\"https:\/\/teammutantecuador.com\/?product=primobolan-100-mg-mutant-pharma\",\"name\":\"Primobolan 100 Mg Mutant Pharma - Team Mutan Ecuador\",\"isPartOf\":{\"@id\":\"https:\/\/teammutantecuador.com\/#website\"},\"primaryImageOfPage\":{\"@id\":\"https:\/\/teammutantecuador.com\/?product=primobolan-100-mg-mutant-pharma#primaryimage\"},\"image\":{\"@id\":\"https:\/\/teammutantecuador.com\/?product=primobolan-100-mg-mutant-pharma#primaryimage\"},\"thumbnailUrl\":\"https:\/\/teammutantecuador.com\/wp-content\/uploads\/2026\/01\/Primobolan-100-Mg-Mutant-Pharma.jpg\",\"datePublished\":\"2026-01-17T16:04:03+00:00\",\"dateModified\":\"2026-01-20T16:23:26+00:00\",\"description\":\"Primobolan 100 mg posee fuertes caracter\u00edsticas anab\u00f3licas y de muy bajas propiedades androg\u00e9nicas. Sus propiedades anab\u00f3licas son consideradas ligeramente menos fuertes que el Decadurabolin por cada miligramo.\",\"breadcrumb\":{\"@id\":\"https:\/\/teammutantecuador.com\/?product=primobolan-100-mg-mutant-pharma#breadcrumb\"},\"inLanguage\":\"es\",\"potentialAction\":[{\"@type\":\"ReadAction\",\"target\":[\"https:\/\/teammutantecuador.com\/?product=primobolan-100-mg-mutant-pharma\"]}]},{\"@type\":\"ImageObject\",\"inLanguage\":\"es\",\"@id\":\"https:\/\/teammutantecuador.com\/?product=primobolan-100-mg-mutant-pharma#primaryimage\",\"url\":\"https:\/\/teammutantecuador.com\/wp-content\/uploads\/2026\/01\/Primobolan-100-Mg-Mutant-Pharma.jpg\",\"contentUrl\":\"https:\/\/teammutantecuador.com\/wp-content\/uploads\/2026\/01\/Primobolan-100-Mg-Mutant-Pharma.jpg\",\"width\":800,\"height\":800,\"caption\":\"Primobolan 100 Mg Mutant Pharma\"},{\"@type\":\"BreadcrumbList\",\"@id\":\"https:\/\/teammutantecuador.com\/?product=primobolan-100-mg-mutant-pharma#breadcrumb\",\"itemListElement\":[{\"@type\":\"ListItem\",\"position\":1,\"name\":\"Portada\",\"item\":\"https:\/\/teammutantecuador.com\/\"},{\"@type\":\"ListItem\",\"position\":2,\"name\":\"Shop\",\"item\":\"https:\/\/teammutantecuador.com\/?page_id=6\"},{\"@type\":\"ListItem\",\"position\":3,\"name\":\"Primobolan 100 Mg Mutant Pharma\"}]},{\"@type\":\"WebSite\",\"@id\":\"https:\/\/teammutantecuador.com\/#website\",\"url\":\"https:\/\/teammutantecuador.com\/\",\"name\":\"Team Mutan Ecuador\",\"description\":\"Just another WordPress site\",\"publisher\":{\"@id\":\"https:\/\/teammutantecuador.com\/#organization\"},\"potentialAction\":[{\"@type\":\"SearchAction\",\"target\":{\"@type\":\"EntryPoint\",\"urlTemplate\":\"https:\/\/teammutantecuador.com\/?s={search_term_string}\"},\"query-input\":{\"@type\":\"PropertyValueSpecification\",\"valueRequired\":true,\"valueName\":\"search_term_string\"}}],\"inLanguage\":\"es\"},{\"@type\":\"Organization\",\"@id\":\"https:\/\/teammutantecuador.com\/#organization\",\"name\":\"Team Mutan Ecuador\",\"url\":\"https:\/\/teammutantecuador.com\/\",\"logo\":{\"@type\":\"ImageObject\",\"inLanguage\":\"es\",\"@id\":\"https:\/\/teammutantecuador.com\/#\/schema\/logo\/image\/\",\"url\":\"https:\/\/teammutantecuador.com\/wp-content\/uploads\/2026\/01\/Diseno-sin-titulo-97.png\",\"contentUrl\":\"https:\/\/teammutantecuador.com\/wp-content\/uploads\/2026\/01\/Diseno-sin-titulo-97.png\",\"width\":500,\"height\":300,\"caption\":\"Team Mutan Ecuador\"},\"image\":{\"@id\":\"https:\/\/teammutantecuador.com\/#\/schema\/logo\/image\/\"}}]}<\/script>\n<!-- \/ Yoast SEO plugin. -->","yoast_head_json":{"title":"Primobolan 100 Mg Mutant Pharma - Team Mutan Ecuador","description":"Primobolan 100 mg posee fuertes caracter\u00edsticas anab\u00f3licas y de muy bajas propiedades androg\u00e9nicas. Sus propiedades anab\u00f3licas son consideradas ligeramente menos fuertes que el Decadurabolin por cada miligramo.","robots":{"index":"index","follow":"follow","max-snippet":"max-snippet:-1","max-image-preview":"max-image-preview:large","max-video-preview":"max-video-preview:-1"},"canonical":"https:\/\/teammutantecuador.com\/?product=primobolan-100-mg-mutant-pharma","og_locale":"es_ES","og_type":"article","og_title":"Primobolan 100 Mg Mutant Pharma - Team Mutan Ecuador","og_description":"Primobolan 100 mg posee fuertes caracter\u00edsticas anab\u00f3licas y de muy bajas propiedades androg\u00e9nicas. Sus propiedades anab\u00f3licas son consideradas ligeramente menos fuertes que el Decadurabolin por cada miligramo.","og_url":"https:\/\/teammutantecuador.com\/?product=primobolan-100-mg-mutant-pharma","og_site_name":"Team Mutan Ecuador","article_modified_time":"2026-01-20T16:23:26+00:00","og_image":[{"width":800,"height":800,"url":"https:\/\/teammutantecuador.com\/wp-content\/uploads\/2026\/01\/Primobolan-100-Mg-Mutant-Pharma.jpg","type":"image\/jpeg"}],"twitter_card":"summary_large_image","twitter_misc":{"Tiempo de lectura":"2 minutos"},"schema":{"@context":"https:\/\/schema.org","@graph":[{"@type":"WebPage","@id":"https:\/\/teammutantecuador.com\/?product=primobolan-100-mg-mutant-pharma","url":"https:\/\/teammutantecuador.com\/?product=primobolan-100-mg-mutant-pharma","name":"Primobolan 100 Mg Mutant Pharma - Team Mutan Ecuador","isPartOf":{"@id":"https:\/\/teammutantecuador.com\/#website"},"primaryImageOfPage":{"@id":"https:\/\/teammutantecuador.com\/?product=primobolan-100-mg-mutant-pharma#primaryimage"},"image":{"@id":"https:\/\/teammutantecuador.com\/?product=primobolan-100-mg-mutant-pharma#primaryimage"},"thumbnailUrl":"https:\/\/teammutantecuador.com\/wp-content\/uploads\/2026\/01\/Primobolan-100-Mg-Mutant-Pharma.jpg","datePublished":"2026-01-17T16:04:03+00:00","dateModified":"2026-01-20T16:23:26+00:00","description":"Primobolan 100 mg posee fuertes caracter\u00edsticas anab\u00f3licas y de muy bajas propiedades androg\u00e9nicas. Sus propiedades anab\u00f3licas son consideradas ligeramente menos fuertes que el Decadurabolin por cada miligramo.","breadcrumb":{"@id":"https:\/\/teammutantecuador.com\/?product=primobolan-100-mg-mutant-pharma#breadcrumb"},"inLanguage":"es","potentialAction":[{"@type":"ReadAction","target":["https:\/\/teammutantecuador.com\/?product=primobolan-100-mg-mutant-pharma"]}]},{"@type":"ImageObject","inLanguage":"es","@id":"https:\/\/teammutantecuador.com\/?product=primobolan-100-mg-mutant-pharma#primaryimage","url":"https:\/\/teammutantecuador.com\/wp-content\/uploads\/2026\/01\/Primobolan-100-Mg-Mutant-Pharma.jpg","contentUrl":"https:\/\/teammutantecuador.com\/wp-content\/uploads\/2026\/01\/Primobolan-100-Mg-Mutant-Pharma.jpg","width":800,"height":800,"caption":"Primobolan 100 Mg Mutant Pharma"},{"@type":"BreadcrumbList","@id":"https:\/\/teammutantecuador.com\/?product=primobolan-100-mg-mutant-pharma#breadcrumb","itemListElement":[{"@type":"ListItem","position":1,"name":"Portada","item":"https:\/\/teammutantecuador.com\/"},{"@type":"ListItem","position":2,"name":"Shop","item":"https:\/\/teammutantecuador.com\/?page_id=6"},{"@type":"ListItem","position":3,"name":"Primobolan 100 Mg Mutant Pharma"}]},{"@type":"WebSite","@id":"https:\/\/teammutantecuador.com\/#website","url":"https:\/\/teammutantecuador.com\/","name":"Team Mutan Ecuador","description":"Just another WordPress site","publisher":{"@id":"https:\/\/teammutantecuador.com\/#organization"},"potentialAction":[{"@type":"SearchAction","target":{"@type":"EntryPoint","urlTemplate":"https:\/\/teammutantecuador.com\/?s={search_term_string}"},"query-input":{"@type":"PropertyValueSpecification","valueRequired":true,"valueName":"search_term_string"}}],"inLanguage":"es"},{"@type":"Organization","@id":"https:\/\/teammutantecuador.com\/#organization","name":"Team Mutan Ecuador","url":"https:\/\/teammutantecuador.com\/","logo":{"@type":"ImageObject","inLanguage":"es","@id":"https:\/\/teammutantecuador.com\/#\/schema\/logo\/image\/","url":"https:\/\/teammutantecuador.com\/wp-content\/uploads\/2026\/01\/Diseno-sin-titulo-97.png","contentUrl":"https:\/\/teammutantecuador.com\/wp-content\/uploads\/2026\/01\/Diseno-sin-titulo-97.png","width":500,"height":300,"caption":"Team Mutan Ecuador"},"image":{"@id":"https:\/\/teammutantecuador.com\/#\/schema\/logo\/image\/"}}]}},"_links":{"self":[{"href":"https:\/\/teammutantecuador.com\/index.php?rest_route=\/wp\/v2\/product\/1474","targetHints":{"allow":["GET"]}}],"collection":[{"href":"https:\/\/teammutantecuador.com\/index.php?rest_route=\/wp\/v2\/product"}],"about":[{"href":"https:\/\/teammutantecuador.com\/index.php?rest_route=\/wp\/v2\/types\/product"}],"replies":[{"embeddable":true,"href":"https:\/\/teammutantecuador.com\/index.php?rest_route=%2Fwp%2Fv2%2Fcomments&post=1474"}],"wp:featuredmedia":[{"embeddable":true,"href":"https:\/\/teammutantecuador.com\/index.php?rest_route=\/wp\/v2\/media\/1792"}],"wp:attachment":[{"href":"https:\/\/teammutantecuador.com\/index.php?rest_route=%2Fwp%2Fv2%2Fmedia&parent=1474"}],"wp:term":[{"taxonomy":"product_brand","embeddable":true,"href":"https:\/\/teammutantecuador.com\/index.php?rest_route=%2Fwp%2Fv2%2Fproduct_brand&post=1474"},{"taxonomy":"product_cat","embeddable":true,"href":"https:\/\/teammutantecuador.com\/index.php?rest_route=%2Fwp%2Fv2%2Fproduct_cat&post=1474"},{"taxonomy":"product_tag","embeddable":true,"href":"https:\/\/teammutantecuador.com\/index.php?rest_route=%2Fwp%2Fv2%2Fproduct_tag&post=1474"}],"curies":[{"name":"wp","href":"https:\/\/api.w.org\/{rel}","templated":true}]}}