{"id":1473,"date":"2026-01-17T16:04:03","date_gmt":"2026-01-17T16:04:03","guid":{"rendered":"https:\/\/teammutantecuador.com\/?post_type=product&#038;p=1473"},"modified":"2026-01-20T16:40:44","modified_gmt":"2026-01-20T16:40:44","slug":"trenbolone-enandato-200-mg-mutant-pharma","status":"publish","type":"product","link":"https:\/\/teammutantecuador.com\/?product=trenbolone-enandato-200-mg-mutant-pharma","title":{"rendered":"Trenbolone Enandato 200 Mg Mutant Pharma"},"content":{"rendered":"<p><strong>Trembolona Enantato<\/strong> tiene la capacidad de estimular el aumento de s\u00edntesis de prote\u00edna que prueba ser \u00fatil en la formaci\u00f3n de nuevos tejidos. A su vez, esto promueve el<strong> crecimiento muscular<\/strong> e <strong>hipertrofia<\/strong>.<\/p>\n<p>La <strong>Trembolona Enantato<\/strong> es com\u00fanmente utilizado por los luchadores de MMA, ciclismo y boxeo, ya que ayuda principalmente con la velocidad y fuerza.<\/p>\n<p>Puede demostrar una eficacia en la reducci\u00f3n de los niveles de grasa corporal ya que tiene un fuerte efecto de reducci\u00f3n de cortisol, Adem\u00e1s de la capacidad de uni\u00f3n al receptor de gluco-corticoides.<\/p>\n<p>RESULTADOS CON TREMBOLONA ENANTATO<br \/>\nRetenci\u00f3n de nitr\u00f3geno mayor<\/p>\n<p>Mejorado del m\u00fasculo masa<\/p>\n<p>Funci\u00f3n muscular mejorada<\/p>\n<p>S\u00edntesis de la prote\u00edna mejora<\/p>\n<p>Fuerza del cuerpo mayor<\/p>\n<p>La Trembolona, en general, goza de una alta reputaci\u00f3n en todo el mundo debido a los resultados sorprendentes, especialmente debido a sus propiedades anti-catab\u00f3licas adem\u00e1s de su capacidad para inhibir el cortisol y otras hormonas catab\u00f3licas en el cuerpo humano.<\/p>\n<p>Hay muchas similitudes entre la<strong> Trembolona Acetato<\/strong> y <strong>Trembolona Enantato<\/strong>, pero tambi\u00e9n hay varias diferencias claves, entre ellas estan:<\/p>\n<p>(<strong>Trembolona Enantato<\/strong> se caracteriza por tener menos \u00e9steres y picos que suben lentamente, saliendo lentamente del sistema. Por otro lado, Trembolona Acetato tiene m\u00e1s \u00e9steres, picos comparativamente m\u00e1s r\u00e1pido y tambi\u00e9n deja el sistema m\u00e1s r\u00e1pido).<\/p>\n<p>PILAS QUE VAN BIEN CON TREMBOLONA<br \/>\nSi el deseo es realizar un ciclo de definici\u00f3n puede incluir Oxandrolona, <a href=\"https:\/\/quitofitness.com\/producto\/clembuterol\/\">Clenbuterol<\/a>, <a href=\"https:\/\/quitofitness.com\/producto\/testo-propionato100-mg-mutant-pharma\/\">Testosterona propionato<\/a> y Winstrol, las mejores ganancias provienen de un ciclo de m\u00ednimo ocho semanas.<\/p>\n<p>Si se desea un ciclo de volumen puede incluir <a href=\"https:\/\/quitofitness.com\/producto\/testo-enandato-300-mg-mutant-pharma\/\">Testosterona enantato<\/a>, <a href=\"https:\/\/quitofitness.com\/producto\/dianabol-20-mg\/\">Dianabol<\/a>, <a href=\"https:\/\/quitofitness.com\/producto\/decadurabolin-300-mg\/\">Deca<\/a> o <a href=\"https:\/\/quitofitness.com\/producto\/boldenone-300\/\">Boldenona<\/a>.<\/p>\n<p>DOSIFICACI\u00d3N<br \/>\nLas dosis van desde 150 &#8211; 300 mg por semana tomada por 6 &#8211; 10 semanas consecutivas<\/p>\n<p>PRESENTACI\u00d3N<br \/>\nAmpolla de 10 mL x 200 mg de concentraci\u00f3n.<\/p>\n","protected":false},"excerpt":{"rendered":"<p>Trembolona Enantato tiene la capacidad de estimular el aumento de s\u00edntesis de prote\u00edna que prueba ser \u00fatil en la formaci\u00f3n de nuevos tejidos. A su vez, esto promueve el crecimiento muscular e hipertrofia.<\/p>\n","protected":false},"featured_media":1816,"comment_status":"open","ping_status":"closed","template":"","meta":[],"product_brand":[151],"product_cat":[392],"product_tag":[105,154,158,159],"class_list":{"0":"post-1473","1":"product","2":"type-product","3":"status-publish","4":"has-post-thumbnail","6":"product_brand-mutant-pharma","7":"product_cat-anabolicos","8":"product_tag-anabolico","9":"product_tag-mutant-pharma","10":"product_tag-trembolona-enantato","11":"product_tag-trenbolona","13":"first","14":"instock","15":"sale","16":"shipping-taxable","17":"purchasable","18":"product-type-simple"},"yoast_head":"<!-- This site is optimized with the Yoast SEO plugin v26.8 - https:\/\/yoast.com\/product\/yoast-seo-wordpress\/ -->\n<title>Trenbolone Enandato 200 Mg Mutant Pharma - Team Mutan Ecuador<\/title>\n<meta name=\"description\" content=\"Trembolona Enantato tiene la capacidad de estimular el aumento de s\u00edntesis de prote\u00edna que prueba ser \u00fatil en la formaci\u00f3n de nuevos tejidos. A su vez, esto promueve el crecimiento muscular e hipertrofia.\" \/>\n<meta name=\"robots\" content=\"index, follow, max-snippet:-1, max-image-preview:large, max-video-preview:-1\" \/>\n<link rel=\"canonical\" href=\"https:\/\/teammutantecuador.com\/?product=trenbolone-enandato-200-mg-mutant-pharma\" \/>\n<meta property=\"og:locale\" content=\"es_ES\" \/>\n<meta property=\"og:type\" content=\"article\" \/>\n<meta property=\"og:title\" content=\"Trenbolone Enandato 200 Mg Mutant Pharma - Team Mutan Ecuador\" \/>\n<meta property=\"og:description\" content=\"Trembolona Enantato tiene la capacidad de estimular el aumento de s\u00edntesis de prote\u00edna que prueba ser \u00fatil en la formaci\u00f3n de nuevos tejidos. A su vez, esto promueve el crecimiento muscular e hipertrofia.\" \/>\n<meta property=\"og:url\" content=\"https:\/\/teammutantecuador.com\/?product=trenbolone-enandato-200-mg-mutant-pharma\" \/>\n<meta property=\"og:site_name\" content=\"Team Mutan Ecuador\" \/>\n<meta property=\"article:modified_time\" content=\"2026-01-20T16:40:44+00:00\" \/>\n<meta property=\"og:image\" content=\"https:\/\/teammutantecuador.com\/wp-content\/uploads\/2026\/01\/Primobolan-100-Mg-Mutant-Pharma-20.jpg\" \/>\n\t<meta property=\"og:image:width\" content=\"800\" \/>\n\t<meta property=\"og:image:height\" content=\"800\" \/>\n\t<meta property=\"og:image:type\" content=\"image\/jpeg\" \/>\n<meta name=\"twitter:card\" content=\"summary_large_image\" \/>\n<meta name=\"twitter:label1\" content=\"Tiempo de lectura\" \/>\n\t<meta name=\"twitter:data1\" content=\"2 minutos\" \/>\n<script type=\"application\/ld+json\" class=\"yoast-schema-graph\">{\"@context\":\"https:\/\/schema.org\",\"@graph\":[{\"@type\":\"WebPage\",\"@id\":\"https:\/\/teammutantecuador.com\/?product=trenbolone-enandato-200-mg-mutant-pharma\",\"url\":\"https:\/\/teammutantecuador.com\/?product=trenbolone-enandato-200-mg-mutant-pharma\",\"name\":\"Trenbolone Enandato 200 Mg Mutant Pharma - Team Mutan Ecuador\",\"isPartOf\":{\"@id\":\"https:\/\/teammutantecuador.com\/#website\"},\"primaryImageOfPage\":{\"@id\":\"https:\/\/teammutantecuador.com\/?product=trenbolone-enandato-200-mg-mutant-pharma#primaryimage\"},\"image\":{\"@id\":\"https:\/\/teammutantecuador.com\/?product=trenbolone-enandato-200-mg-mutant-pharma#primaryimage\"},\"thumbnailUrl\":\"https:\/\/teammutantecuador.com\/wp-content\/uploads\/2026\/01\/Primobolan-100-Mg-Mutant-Pharma-20.jpg\",\"datePublished\":\"2026-01-17T16:04:03+00:00\",\"dateModified\":\"2026-01-20T16:40:44+00:00\",\"description\":\"Trembolona Enantato tiene la capacidad de estimular el aumento de s\u00edntesis de prote\u00edna que prueba ser \u00fatil en la formaci\u00f3n de nuevos tejidos. A su vez, esto promueve el crecimiento muscular e hipertrofia.\",\"breadcrumb\":{\"@id\":\"https:\/\/teammutantecuador.com\/?product=trenbolone-enandato-200-mg-mutant-pharma#breadcrumb\"},\"inLanguage\":\"es\",\"potentialAction\":[{\"@type\":\"ReadAction\",\"target\":[\"https:\/\/teammutantecuador.com\/?product=trenbolone-enandato-200-mg-mutant-pharma\"]}]},{\"@type\":\"ImageObject\",\"inLanguage\":\"es\",\"@id\":\"https:\/\/teammutantecuador.com\/?product=trenbolone-enandato-200-mg-mutant-pharma#primaryimage\",\"url\":\"https:\/\/teammutantecuador.com\/wp-content\/uploads\/2026\/01\/Primobolan-100-Mg-Mutant-Pharma-20.jpg\",\"contentUrl\":\"https:\/\/teammutantecuador.com\/wp-content\/uploads\/2026\/01\/Primobolan-100-Mg-Mutant-Pharma-20.jpg\",\"width\":800,\"height\":800,\"caption\":\"Trembolona Acetato Trenbolic 100mg 5ml Cooper Pharma\"},{\"@type\":\"BreadcrumbList\",\"@id\":\"https:\/\/teammutantecuador.com\/?product=trenbolone-enandato-200-mg-mutant-pharma#breadcrumb\",\"itemListElement\":[{\"@type\":\"ListItem\",\"position\":1,\"name\":\"Portada\",\"item\":\"https:\/\/teammutantecuador.com\/\"},{\"@type\":\"ListItem\",\"position\":2,\"name\":\"Shop\",\"item\":\"https:\/\/teammutantecuador.com\/?page_id=6\"},{\"@type\":\"ListItem\",\"position\":3,\"name\":\"Trenbolone Enandato 200 Mg Mutant Pharma\"}]},{\"@type\":\"WebSite\",\"@id\":\"https:\/\/teammutantecuador.com\/#website\",\"url\":\"https:\/\/teammutantecuador.com\/\",\"name\":\"Team Mutan Ecuador\",\"description\":\"Just another WordPress site\",\"publisher\":{\"@id\":\"https:\/\/teammutantecuador.com\/#organization\"},\"potentialAction\":[{\"@type\":\"SearchAction\",\"target\":{\"@type\":\"EntryPoint\",\"urlTemplate\":\"https:\/\/teammutantecuador.com\/?s={search_term_string}\"},\"query-input\":{\"@type\":\"PropertyValueSpecification\",\"valueRequired\":true,\"valueName\":\"search_term_string\"}}],\"inLanguage\":\"es\"},{\"@type\":\"Organization\",\"@id\":\"https:\/\/teammutantecuador.com\/#organization\",\"name\":\"Team Mutan Ecuador\",\"url\":\"https:\/\/teammutantecuador.com\/\",\"logo\":{\"@type\":\"ImageObject\",\"inLanguage\":\"es\",\"@id\":\"https:\/\/teammutantecuador.com\/#\/schema\/logo\/image\/\",\"url\":\"https:\/\/teammutantecuador.com\/wp-content\/uploads\/2026\/01\/Diseno-sin-titulo-97.png\",\"contentUrl\":\"https:\/\/teammutantecuador.com\/wp-content\/uploads\/2026\/01\/Diseno-sin-titulo-97.png\",\"width\":500,\"height\":300,\"caption\":\"Team Mutan Ecuador\"},\"image\":{\"@id\":\"https:\/\/teammutantecuador.com\/#\/schema\/logo\/image\/\"}}]}<\/script>\n<!-- \/ Yoast SEO plugin. -->","yoast_head_json":{"title":"Trenbolone Enandato 200 Mg Mutant Pharma - Team Mutan Ecuador","description":"Trembolona Enantato tiene la capacidad de estimular el aumento de s\u00edntesis de prote\u00edna que prueba ser \u00fatil en la formaci\u00f3n de nuevos tejidos. A su vez, esto promueve el crecimiento muscular e hipertrofia.","robots":{"index":"index","follow":"follow","max-snippet":"max-snippet:-1","max-image-preview":"max-image-preview:large","max-video-preview":"max-video-preview:-1"},"canonical":"https:\/\/teammutantecuador.com\/?product=trenbolone-enandato-200-mg-mutant-pharma","og_locale":"es_ES","og_type":"article","og_title":"Trenbolone Enandato 200 Mg Mutant Pharma - Team Mutan Ecuador","og_description":"Trembolona Enantato tiene la capacidad de estimular el aumento de s\u00edntesis de prote\u00edna que prueba ser \u00fatil en la formaci\u00f3n de nuevos tejidos. A su vez, esto promueve el crecimiento muscular e hipertrofia.","og_url":"https:\/\/teammutantecuador.com\/?product=trenbolone-enandato-200-mg-mutant-pharma","og_site_name":"Team Mutan Ecuador","article_modified_time":"2026-01-20T16:40:44+00:00","og_image":[{"width":800,"height":800,"url":"https:\/\/teammutantecuador.com\/wp-content\/uploads\/2026\/01\/Primobolan-100-Mg-Mutant-Pharma-20.jpg","type":"image\/jpeg"}],"twitter_card":"summary_large_image","twitter_misc":{"Tiempo de lectura":"2 minutos"},"schema":{"@context":"https:\/\/schema.org","@graph":[{"@type":"WebPage","@id":"https:\/\/teammutantecuador.com\/?product=trenbolone-enandato-200-mg-mutant-pharma","url":"https:\/\/teammutantecuador.com\/?product=trenbolone-enandato-200-mg-mutant-pharma","name":"Trenbolone Enandato 200 Mg Mutant Pharma - Team Mutan Ecuador","isPartOf":{"@id":"https:\/\/teammutantecuador.com\/#website"},"primaryImageOfPage":{"@id":"https:\/\/teammutantecuador.com\/?product=trenbolone-enandato-200-mg-mutant-pharma#primaryimage"},"image":{"@id":"https:\/\/teammutantecuador.com\/?product=trenbolone-enandato-200-mg-mutant-pharma#primaryimage"},"thumbnailUrl":"https:\/\/teammutantecuador.com\/wp-content\/uploads\/2026\/01\/Primobolan-100-Mg-Mutant-Pharma-20.jpg","datePublished":"2026-01-17T16:04:03+00:00","dateModified":"2026-01-20T16:40:44+00:00","description":"Trembolona Enantato tiene la capacidad de estimular el aumento de s\u00edntesis de prote\u00edna que prueba ser \u00fatil en la formaci\u00f3n de nuevos tejidos. A su vez, esto promueve el crecimiento muscular e hipertrofia.","breadcrumb":{"@id":"https:\/\/teammutantecuador.com\/?product=trenbolone-enandato-200-mg-mutant-pharma#breadcrumb"},"inLanguage":"es","potentialAction":[{"@type":"ReadAction","target":["https:\/\/teammutantecuador.com\/?product=trenbolone-enandato-200-mg-mutant-pharma"]}]},{"@type":"ImageObject","inLanguage":"es","@id":"https:\/\/teammutantecuador.com\/?product=trenbolone-enandato-200-mg-mutant-pharma#primaryimage","url":"https:\/\/teammutantecuador.com\/wp-content\/uploads\/2026\/01\/Primobolan-100-Mg-Mutant-Pharma-20.jpg","contentUrl":"https:\/\/teammutantecuador.com\/wp-content\/uploads\/2026\/01\/Primobolan-100-Mg-Mutant-Pharma-20.jpg","width":800,"height":800,"caption":"Trembolona Acetato Trenbolic 100mg 5ml Cooper Pharma"},{"@type":"BreadcrumbList","@id":"https:\/\/teammutantecuador.com\/?product=trenbolone-enandato-200-mg-mutant-pharma#breadcrumb","itemListElement":[{"@type":"ListItem","position":1,"name":"Portada","item":"https:\/\/teammutantecuador.com\/"},{"@type":"ListItem","position":2,"name":"Shop","item":"https:\/\/teammutantecuador.com\/?page_id=6"},{"@type":"ListItem","position":3,"name":"Trenbolone Enandato 200 Mg Mutant Pharma"}]},{"@type":"WebSite","@id":"https:\/\/teammutantecuador.com\/#website","url":"https:\/\/teammutantecuador.com\/","name":"Team Mutan Ecuador","description":"Just another WordPress site","publisher":{"@id":"https:\/\/teammutantecuador.com\/#organization"},"potentialAction":[{"@type":"SearchAction","target":{"@type":"EntryPoint","urlTemplate":"https:\/\/teammutantecuador.com\/?s={search_term_string}"},"query-input":{"@type":"PropertyValueSpecification","valueRequired":true,"valueName":"search_term_string"}}],"inLanguage":"es"},{"@type":"Organization","@id":"https:\/\/teammutantecuador.com\/#organization","name":"Team Mutan Ecuador","url":"https:\/\/teammutantecuador.com\/","logo":{"@type":"ImageObject","inLanguage":"es","@id":"https:\/\/teammutantecuador.com\/#\/schema\/logo\/image\/","url":"https:\/\/teammutantecuador.com\/wp-content\/uploads\/2026\/01\/Diseno-sin-titulo-97.png","contentUrl":"https:\/\/teammutantecuador.com\/wp-content\/uploads\/2026\/01\/Diseno-sin-titulo-97.png","width":500,"height":300,"caption":"Team Mutan Ecuador"},"image":{"@id":"https:\/\/teammutantecuador.com\/#\/schema\/logo\/image\/"}}]}},"_links":{"self":[{"href":"https:\/\/teammutantecuador.com\/index.php?rest_route=\/wp\/v2\/product\/1473","targetHints":{"allow":["GET"]}}],"collection":[{"href":"https:\/\/teammutantecuador.com\/index.php?rest_route=\/wp\/v2\/product"}],"about":[{"href":"https:\/\/teammutantecuador.com\/index.php?rest_route=\/wp\/v2\/types\/product"}],"replies":[{"embeddable":true,"href":"https:\/\/teammutantecuador.com\/index.php?rest_route=%2Fwp%2Fv2%2Fcomments&post=1473"}],"wp:featuredmedia":[{"embeddable":true,"href":"https:\/\/teammutantecuador.com\/index.php?rest_route=\/wp\/v2\/media\/1816"}],"wp:attachment":[{"href":"https:\/\/teammutantecuador.com\/index.php?rest_route=%2Fwp%2Fv2%2Fmedia&parent=1473"}],"wp:term":[{"taxonomy":"product_brand","embeddable":true,"href":"https:\/\/teammutantecuador.com\/index.php?rest_route=%2Fwp%2Fv2%2Fproduct_brand&post=1473"},{"taxonomy":"product_cat","embeddable":true,"href":"https:\/\/teammutantecuador.com\/index.php?rest_route=%2Fwp%2Fv2%2Fproduct_cat&post=1473"},{"taxonomy":"product_tag","embeddable":true,"href":"https:\/\/teammutantecuador.com\/index.php?rest_route=%2Fwp%2Fv2%2Fproduct_tag&post=1473"}],"curies":[{"name":"wp","href":"https:\/\/api.w.org\/{rel}","templated":true}]}}