{"id":1472,"date":"2026-01-17T16:04:03","date_gmt":"2026-01-17T16:04:03","guid":{"rendered":"https:\/\/teammutantecuador.com\/?post_type=product&#038;p=1472"},"modified":"2026-01-20T16:28:03","modified_gmt":"2026-01-20T16:28:03","slug":"sustanon-300-mg-mutant-pharma","status":"publish","type":"product","link":"https:\/\/teammutantecuador.com\/?product=sustanon-300-mg-mutant-pharma","title":{"rendered":"Sustanon 300 MG Mutant Pharma"},"content":{"rendered":"<p><strong>Sustanon 300<\/strong> mg es el resultado de una mejora de las testosteronas est\u00e1ndares como la <strong>Enantato<\/strong> y<strong> Cipionato<\/strong>, las cuales proveen una duraci\u00f3n de actividad m\u00e1s corta.<\/p>\n<p><strong>Sustanon 300<\/strong> mg es una sustancia anab\u00f3lica muy fuerte con actividad androg\u00e9nica pronunciada. Es m\u00e1s comunmente usada en ciclos de volumen proveyendo fuerza y ganancias excepcionales en la masa muscular.<\/p>\n<p>Esta sustancia est\u00e1 dise\u00f1ada para alcanzar r\u00e1pidamente picos altos de niveles de <strong>testosterona<\/strong>, (24-48 horas despues de la inyecci\u00f3n), y mantiene concentraciones fisiologicas por aproximadamente 21 d\u00edas.<\/p>\n<p>CARACTER\u00cdSTICAS DEL SUSTANON<br \/>\nEl <strong>sustanon<\/strong> es <strong>testosterona<\/strong>, por lo que se considera un esteroide moderadamente estrog\u00e9nico. Los efectos secundarios con dosis altas pueden ser posibles.<\/p>\n<p>Puede ser necesario el uso de un anti-estrog\u00e9nico como el <a href=\"https:\/\/quitofitness.com\/producto\/clomifeno-25-mg-mutant-pharma\/\">clomifeno<\/a> o el <a href=\"https:\/\/quitofitness.com\/producto\/nolvadex-20-mg\/\">tamoxifeno<\/a> para prevenir los efectos secundarios de los estr\u00f3genos. Tambien se puede alternar con el uso de un inhinidor de aromatasa como el Arimidex que reemplaza a los anteriores.<\/p>\n<p>Su actividad estrog\u00e9nica hace al <strong>Sustanon<\/strong> m\u00e1s ideal en fases y ciclos de volumen y musculatura \u00bben crudo\u00bb donde la retenci\u00f3n de agua a\u00f1adir\u00e1 m\u00e1s tama\u00f1o en volumen y fuerza.<\/p>\n<p>Dosis moderadas de <strong>Sustanon<\/strong> semanalmente no causan intoxicaci\u00f3n hep\u00e1tica.<\/p>\n<p>Se recomienda el consumo de Omega 3 (fish oil) durante el ciclo, 3000 miligramos de Omega diariamente ser\u00e1n suficientes para evitar afecciones al sistema cardiovascular.<\/p>\n<p>MODO DE USO<br \/>\nLa dosis usual entre atletas va desde 250 &#8211; 750 mg semanalmente en ciclos de 6 &#8211; 12 semanas. Los principiantes deben mantenerse en dosis de 300 mg por semana.<\/p>\n<p>PRESENTAC\u00d3N<br \/>\nAmpolla de 10 mL x 300 mg de concentraci\u00f3n.<\/p>\n","protected":false},"excerpt":{"rendered":"<p>Sustanon 300 mg es el resultado de una mejora de las testosteronas est\u00e1ndares como la Enantato y Cipionato, las cuales proveen una duraci\u00f3n de actividad m\u00e1s corta.<\/p>\n","protected":false},"featured_media":1799,"comment_status":"open","ping_status":"closed","template":"","meta":[],"product_brand":[151],"product_cat":[392],"product_tag":[105,156,157,100],"class_list":{"0":"post-1472","1":"product","2":"type-product","3":"status-publish","4":"has-post-thumbnail","6":"product_brand-mutant-pharma","7":"product_cat-anabolicos","8":"product_tag-anabolico","9":"product_tag-durasteston","10":"product_tag-sustanon","11":"product_tag-testosterona","13":"first","14":"instock","15":"sale","16":"shipping-taxable","17":"purchasable","18":"product-type-simple"},"yoast_head":"<!-- This site is optimized with the Yoast SEO plugin v26.8 - https:\/\/yoast.com\/product\/yoast-seo-wordpress\/ -->\n<title>Sustanon 300 MG Mutant Pharma - Team Mutan Ecuador<\/title>\n<meta name=\"description\" content=\"Sustanon 300 mg es el resultado de una mejora de las testosteronas est\u00e1ndares como la Enantato y Cipionato, las cuales proveen una duraci\u00f3n de actividad m\u00e1s corta.\" \/>\n<meta name=\"robots\" content=\"index, follow, max-snippet:-1, max-image-preview:large, max-video-preview:-1\" \/>\n<link rel=\"canonical\" href=\"https:\/\/teammutantecuador.com\/?product=sustanon-300-mg-mutant-pharma\" \/>\n<meta property=\"og:locale\" content=\"es_ES\" \/>\n<meta property=\"og:type\" content=\"article\" \/>\n<meta property=\"og:title\" content=\"Sustanon 300 MG Mutant Pharma - Team Mutan Ecuador\" \/>\n<meta property=\"og:description\" content=\"Sustanon 300 mg es el resultado de una mejora de las testosteronas est\u00e1ndares como la Enantato y Cipionato, las cuales proveen una duraci\u00f3n de actividad m\u00e1s corta.\" \/>\n<meta property=\"og:url\" content=\"https:\/\/teammutantecuador.com\/?product=sustanon-300-mg-mutant-pharma\" \/>\n<meta property=\"og:site_name\" content=\"Team Mutan Ecuador\" \/>\n<meta property=\"article:modified_time\" content=\"2026-01-20T16:28:03+00:00\" \/>\n<meta property=\"og:image\" content=\"https:\/\/teammutantecuador.com\/wp-content\/uploads\/2026\/01\/Primobolan-100-Mg-Mutant-Pharma-5.jpg\" \/>\n\t<meta property=\"og:image:width\" content=\"800\" \/>\n\t<meta property=\"og:image:height\" content=\"800\" \/>\n\t<meta property=\"og:image:type\" content=\"image\/jpeg\" \/>\n<meta name=\"twitter:card\" content=\"summary_large_image\" \/>\n<meta name=\"twitter:label1\" content=\"Tiempo de lectura\" \/>\n\t<meta name=\"twitter:data1\" content=\"2 minutos\" \/>\n<script type=\"application\/ld+json\" class=\"yoast-schema-graph\">{\"@context\":\"https:\/\/schema.org\",\"@graph\":[{\"@type\":\"WebPage\",\"@id\":\"https:\/\/teammutantecuador.com\/?product=sustanon-300-mg-mutant-pharma\",\"url\":\"https:\/\/teammutantecuador.com\/?product=sustanon-300-mg-mutant-pharma\",\"name\":\"Sustanon 300 MG Mutant Pharma - Team Mutan Ecuador\",\"isPartOf\":{\"@id\":\"https:\/\/teammutantecuador.com\/#website\"},\"primaryImageOfPage\":{\"@id\":\"https:\/\/teammutantecuador.com\/?product=sustanon-300-mg-mutant-pharma#primaryimage\"},\"image\":{\"@id\":\"https:\/\/teammutantecuador.com\/?product=sustanon-300-mg-mutant-pharma#primaryimage\"},\"thumbnailUrl\":\"https:\/\/teammutantecuador.com\/wp-content\/uploads\/2026\/01\/Primobolan-100-Mg-Mutant-Pharma-5.jpg\",\"datePublished\":\"2026-01-17T16:04:03+00:00\",\"dateModified\":\"2026-01-20T16:28:03+00:00\",\"description\":\"Sustanon 300 mg es el resultado de una mejora de las testosteronas est\u00e1ndares como la Enantato y Cipionato, las cuales proveen una duraci\u00f3n de actividad m\u00e1s corta.\",\"breadcrumb\":{\"@id\":\"https:\/\/teammutantecuador.com\/?product=sustanon-300-mg-mutant-pharma#breadcrumb\"},\"inLanguage\":\"es\",\"potentialAction\":[{\"@type\":\"ReadAction\",\"target\":[\"https:\/\/teammutantecuador.com\/?product=sustanon-300-mg-mutant-pharma\"]}]},{\"@type\":\"ImageObject\",\"inLanguage\":\"es\",\"@id\":\"https:\/\/teammutantecuador.com\/?product=sustanon-300-mg-mutant-pharma#primaryimage\",\"url\":\"https:\/\/teammutantecuador.com\/wp-content\/uploads\/2026\/01\/Primobolan-100-Mg-Mutant-Pharma-5.jpg\",\"contentUrl\":\"https:\/\/teammutantecuador.com\/wp-content\/uploads\/2026\/01\/Primobolan-100-Mg-Mutant-Pharma-5.jpg\",\"width\":800,\"height\":800,\"caption\":\"Sustanon 300 MG Mutant Pharma\"},{\"@type\":\"BreadcrumbList\",\"@id\":\"https:\/\/teammutantecuador.com\/?product=sustanon-300-mg-mutant-pharma#breadcrumb\",\"itemListElement\":[{\"@type\":\"ListItem\",\"position\":1,\"name\":\"Portada\",\"item\":\"https:\/\/teammutantecuador.com\/\"},{\"@type\":\"ListItem\",\"position\":2,\"name\":\"Shop\",\"item\":\"https:\/\/teammutantecuador.com\/?page_id=6\"},{\"@type\":\"ListItem\",\"position\":3,\"name\":\"Sustanon 300 MG Mutant Pharma\"}]},{\"@type\":\"WebSite\",\"@id\":\"https:\/\/teammutantecuador.com\/#website\",\"url\":\"https:\/\/teammutantecuador.com\/\",\"name\":\"Team Mutan Ecuador\",\"description\":\"Just another WordPress site\",\"publisher\":{\"@id\":\"https:\/\/teammutantecuador.com\/#organization\"},\"potentialAction\":[{\"@type\":\"SearchAction\",\"target\":{\"@type\":\"EntryPoint\",\"urlTemplate\":\"https:\/\/teammutantecuador.com\/?s={search_term_string}\"},\"query-input\":{\"@type\":\"PropertyValueSpecification\",\"valueRequired\":true,\"valueName\":\"search_term_string\"}}],\"inLanguage\":\"es\"},{\"@type\":\"Organization\",\"@id\":\"https:\/\/teammutantecuador.com\/#organization\",\"name\":\"Team Mutan Ecuador\",\"url\":\"https:\/\/teammutantecuador.com\/\",\"logo\":{\"@type\":\"ImageObject\",\"inLanguage\":\"es\",\"@id\":\"https:\/\/teammutantecuador.com\/#\/schema\/logo\/image\/\",\"url\":\"https:\/\/teammutantecuador.com\/wp-content\/uploads\/2026\/01\/Diseno-sin-titulo-97.png\",\"contentUrl\":\"https:\/\/teammutantecuador.com\/wp-content\/uploads\/2026\/01\/Diseno-sin-titulo-97.png\",\"width\":500,\"height\":300,\"caption\":\"Team Mutan Ecuador\"},\"image\":{\"@id\":\"https:\/\/teammutantecuador.com\/#\/schema\/logo\/image\/\"}}]}<\/script>\n<!-- \/ Yoast SEO plugin. -->","yoast_head_json":{"title":"Sustanon 300 MG Mutant Pharma - Team Mutan Ecuador","description":"Sustanon 300 mg es el resultado de una mejora de las testosteronas est\u00e1ndares como la Enantato y Cipionato, las cuales proveen una duraci\u00f3n de actividad m\u00e1s corta.","robots":{"index":"index","follow":"follow","max-snippet":"max-snippet:-1","max-image-preview":"max-image-preview:large","max-video-preview":"max-video-preview:-1"},"canonical":"https:\/\/teammutantecuador.com\/?product=sustanon-300-mg-mutant-pharma","og_locale":"es_ES","og_type":"article","og_title":"Sustanon 300 MG Mutant Pharma - Team Mutan Ecuador","og_description":"Sustanon 300 mg es el resultado de una mejora de las testosteronas est\u00e1ndares como la Enantato y Cipionato, las cuales proveen una duraci\u00f3n de actividad m\u00e1s corta.","og_url":"https:\/\/teammutantecuador.com\/?product=sustanon-300-mg-mutant-pharma","og_site_name":"Team Mutan Ecuador","article_modified_time":"2026-01-20T16:28:03+00:00","og_image":[{"width":800,"height":800,"url":"https:\/\/teammutantecuador.com\/wp-content\/uploads\/2026\/01\/Primobolan-100-Mg-Mutant-Pharma-5.jpg","type":"image\/jpeg"}],"twitter_card":"summary_large_image","twitter_misc":{"Tiempo de lectura":"2 minutos"},"schema":{"@context":"https:\/\/schema.org","@graph":[{"@type":"WebPage","@id":"https:\/\/teammutantecuador.com\/?product=sustanon-300-mg-mutant-pharma","url":"https:\/\/teammutantecuador.com\/?product=sustanon-300-mg-mutant-pharma","name":"Sustanon 300 MG Mutant Pharma - Team Mutan Ecuador","isPartOf":{"@id":"https:\/\/teammutantecuador.com\/#website"},"primaryImageOfPage":{"@id":"https:\/\/teammutantecuador.com\/?product=sustanon-300-mg-mutant-pharma#primaryimage"},"image":{"@id":"https:\/\/teammutantecuador.com\/?product=sustanon-300-mg-mutant-pharma#primaryimage"},"thumbnailUrl":"https:\/\/teammutantecuador.com\/wp-content\/uploads\/2026\/01\/Primobolan-100-Mg-Mutant-Pharma-5.jpg","datePublished":"2026-01-17T16:04:03+00:00","dateModified":"2026-01-20T16:28:03+00:00","description":"Sustanon 300 mg es el resultado de una mejora de las testosteronas est\u00e1ndares como la Enantato y Cipionato, las cuales proveen una duraci\u00f3n de actividad m\u00e1s corta.","breadcrumb":{"@id":"https:\/\/teammutantecuador.com\/?product=sustanon-300-mg-mutant-pharma#breadcrumb"},"inLanguage":"es","potentialAction":[{"@type":"ReadAction","target":["https:\/\/teammutantecuador.com\/?product=sustanon-300-mg-mutant-pharma"]}]},{"@type":"ImageObject","inLanguage":"es","@id":"https:\/\/teammutantecuador.com\/?product=sustanon-300-mg-mutant-pharma#primaryimage","url":"https:\/\/teammutantecuador.com\/wp-content\/uploads\/2026\/01\/Primobolan-100-Mg-Mutant-Pharma-5.jpg","contentUrl":"https:\/\/teammutantecuador.com\/wp-content\/uploads\/2026\/01\/Primobolan-100-Mg-Mutant-Pharma-5.jpg","width":800,"height":800,"caption":"Sustanon 300 MG Mutant Pharma"},{"@type":"BreadcrumbList","@id":"https:\/\/teammutantecuador.com\/?product=sustanon-300-mg-mutant-pharma#breadcrumb","itemListElement":[{"@type":"ListItem","position":1,"name":"Portada","item":"https:\/\/teammutantecuador.com\/"},{"@type":"ListItem","position":2,"name":"Shop","item":"https:\/\/teammutantecuador.com\/?page_id=6"},{"@type":"ListItem","position":3,"name":"Sustanon 300 MG Mutant Pharma"}]},{"@type":"WebSite","@id":"https:\/\/teammutantecuador.com\/#website","url":"https:\/\/teammutantecuador.com\/","name":"Team Mutan Ecuador","description":"Just another WordPress site","publisher":{"@id":"https:\/\/teammutantecuador.com\/#organization"},"potentialAction":[{"@type":"SearchAction","target":{"@type":"EntryPoint","urlTemplate":"https:\/\/teammutantecuador.com\/?s={search_term_string}"},"query-input":{"@type":"PropertyValueSpecification","valueRequired":true,"valueName":"search_term_string"}}],"inLanguage":"es"},{"@type":"Organization","@id":"https:\/\/teammutantecuador.com\/#organization","name":"Team Mutan Ecuador","url":"https:\/\/teammutantecuador.com\/","logo":{"@type":"ImageObject","inLanguage":"es","@id":"https:\/\/teammutantecuador.com\/#\/schema\/logo\/image\/","url":"https:\/\/teammutantecuador.com\/wp-content\/uploads\/2026\/01\/Diseno-sin-titulo-97.png","contentUrl":"https:\/\/teammutantecuador.com\/wp-content\/uploads\/2026\/01\/Diseno-sin-titulo-97.png","width":500,"height":300,"caption":"Team Mutan Ecuador"},"image":{"@id":"https:\/\/teammutantecuador.com\/#\/schema\/logo\/image\/"}}]}},"_links":{"self":[{"href":"https:\/\/teammutantecuador.com\/index.php?rest_route=\/wp\/v2\/product\/1472","targetHints":{"allow":["GET"]}}],"collection":[{"href":"https:\/\/teammutantecuador.com\/index.php?rest_route=\/wp\/v2\/product"}],"about":[{"href":"https:\/\/teammutantecuador.com\/index.php?rest_route=\/wp\/v2\/types\/product"}],"replies":[{"embeddable":true,"href":"https:\/\/teammutantecuador.com\/index.php?rest_route=%2Fwp%2Fv2%2Fcomments&post=1472"}],"wp:featuredmedia":[{"embeddable":true,"href":"https:\/\/teammutantecuador.com\/index.php?rest_route=\/wp\/v2\/media\/1799"}],"wp:attachment":[{"href":"https:\/\/teammutantecuador.com\/index.php?rest_route=%2Fwp%2Fv2%2Fmedia&parent=1472"}],"wp:term":[{"taxonomy":"product_brand","embeddable":true,"href":"https:\/\/teammutantecuador.com\/index.php?rest_route=%2Fwp%2Fv2%2Fproduct_brand&post=1472"},{"taxonomy":"product_cat","embeddable":true,"href":"https:\/\/teammutantecuador.com\/index.php?rest_route=%2Fwp%2Fv2%2Fproduct_cat&post=1472"},{"taxonomy":"product_tag","embeddable":true,"href":"https:\/\/teammutantecuador.com\/index.php?rest_route=%2Fwp%2Fv2%2Fproduct_tag&post=1472"}],"curies":[{"name":"wp","href":"https:\/\/api.w.org\/{rel}","templated":true}]}}