{"id":1469,"date":"2026-01-17T16:04:03","date_gmt":"2026-01-17T16:04:03","guid":{"rendered":"https:\/\/teammutantecuador.com\/?post_type=product&#038;p=1469"},"modified":"2026-01-20T16:32:36","modified_gmt":"2026-01-20T16:32:36","slug":"testo-enandato-300-mg-mutant-pharma","status":"publish","type":"product","link":"https:\/\/teammutantecuador.com\/?product=testo-enandato-300-mg-mutant-pharma","title":{"rendered":"Testo Enandato 300 Mg Mutant Pharma"},"content":{"rendered":"<p><strong>Enantato de Testo<\/strong> 300 mg es una testosterona androg\u00e9nica inyectable de lenta acci\u00f3n. La testosterona enantato est\u00e1 dise\u00f1ada para liberarse en el torrente sangu\u00edneo por aproximadamente 2 &#8211; 3 semanas.<\/p>\n<p>La <strong>Testosterona Enantato<\/strong> es altamente valorada por los atletas por su habilidad para promover fuertes incrementos en la fuerza y de la masa muscular.<\/p>\n<p>CARACTER\u00cdSTICAS<br \/>\nLa <strong>Enantato de Testo<\/strong> es considerada como un esteroide de moderada acci\u00f3n estrog\u00e9nica y de equilibrada acci\u00f3n anab\u00f3lica y androg\u00e9nica.<\/p>\n<p>Un anti-estrog\u00e9nico como el tamoxifeno puede ser necesario para prevenir los efectos secundarios asociados con los estr\u00f3genos.<\/p>\n<p>Su acci\u00f3n estrog\u00e9nica moderada la hace m\u00e1s ideal para fases de volumen donde la retenci\u00f3n de agua aportar\u00e1 m\u00e1s ganancias \u00bben crudo\u00bb y al tama\u00f1o en general.<\/p>\n<p>A pesar de la creencia que la testosterona intoxica el h\u00edgado, estudios han demostrado que la testosterona no produce cambios significativos en los valores de las enzimas hep\u00e1ticas. En todo caso dosis muy altas aumentar\u00e1n las probabilidades de efectos secundarios.<\/p>\n<p>MODO DE USO<br \/>\nLa dosis usual recomendada va desde 200 &#8211; 600 mg semanalmente, tomada en ciclos de 6 &#8211; 12 semanas. Los principiantes no deben exceder los 300 mg por semana.<\/p>\n<p>PRESENTACI\u00d3N<br \/>\nAmpolla de 10 mL de 300 mg de concentraci\u00f3n.<\/p>\n","protected":false},"excerpt":{"rendered":"<p>Enantato de Testo 300 mg es una testosterona androg\u00e9nica inyectable de lenta acci\u00f3n. La testosterona enantato est\u00e1 dise\u00f1ada para liberarse en el torrente sangu\u00edneo por aproximadamente 2 &#8211; 3 semanas.<\/p>\n","protected":false},"featured_media":1806,"comment_status":"open","ping_status":"closed","template":"","meta":[],"product_brand":[151],"product_cat":[392],"product_tag":[105,116,154,100],"class_list":{"0":"post-1469","1":"product","2":"type-product","3":"status-publish","4":"has-post-thumbnail","6":"product_brand-mutant-pharma","7":"product_cat-anabolicos","8":"product_tag-anabolico","9":"product_tag-enandato","10":"product_tag-mutant-pharma","11":"product_tag-testosterona","13":"first","14":"instock","15":"sale","16":"shipping-taxable","17":"purchasable","18":"product-type-simple"},"yoast_head":"<!-- This site is optimized with the Yoast SEO plugin v26.8 - https:\/\/yoast.com\/product\/yoast-seo-wordpress\/ -->\n<title>Testo Enandato 300 Mg Mutant Pharma - Team Mutan Ecuador<\/title>\n<meta name=\"description\" content=\"Enantato de Testo 300 mg es una testosterona androg\u00e9nica inyectable de lenta acci\u00f3n. La testosterona enantato est\u00e1 dise\u00f1ada para liberarse en el torrente sangu\u00edneo por aproximadamente 2 - 3 semanas.\" \/>\n<meta name=\"robots\" content=\"index, follow, max-snippet:-1, max-image-preview:large, max-video-preview:-1\" \/>\n<link rel=\"canonical\" href=\"https:\/\/teammutantecuador.com\/?product=testo-enandato-300-mg-mutant-pharma\" \/>\n<meta property=\"og:locale\" content=\"es_ES\" \/>\n<meta property=\"og:type\" content=\"article\" \/>\n<meta property=\"og:title\" content=\"Testo Enandato 300 Mg Mutant Pharma - Team Mutan Ecuador\" \/>\n<meta property=\"og:description\" content=\"Enantato de Testo 300 mg es una testosterona androg\u00e9nica inyectable de lenta acci\u00f3n. La testosterona enantato est\u00e1 dise\u00f1ada para liberarse en el torrente sangu\u00edneo por aproximadamente 2 - 3 semanas.\" \/>\n<meta property=\"og:url\" content=\"https:\/\/teammutantecuador.com\/?product=testo-enandato-300-mg-mutant-pharma\" \/>\n<meta property=\"og:site_name\" content=\"Team Mutan Ecuador\" \/>\n<meta property=\"article:modified_time\" content=\"2026-01-20T16:32:36+00:00\" \/>\n<meta property=\"og:image\" content=\"https:\/\/teammutantecuador.com\/wp-content\/uploads\/2026\/01\/Primobolan-100-Mg-Mutant-Pharma-10.jpg\" \/>\n\t<meta property=\"og:image:width\" content=\"800\" \/>\n\t<meta property=\"og:image:height\" content=\"800\" \/>\n\t<meta property=\"og:image:type\" content=\"image\/jpeg\" \/>\n<meta name=\"twitter:card\" content=\"summary_large_image\" \/>\n<meta name=\"twitter:label1\" content=\"Tiempo de lectura\" \/>\n\t<meta name=\"twitter:data1\" content=\"1 minuto\" \/>\n<script type=\"application\/ld+json\" class=\"yoast-schema-graph\">{\"@context\":\"https:\/\/schema.org\",\"@graph\":[{\"@type\":\"WebPage\",\"@id\":\"https:\/\/teammutantecuador.com\/?product=testo-enandato-300-mg-mutant-pharma\",\"url\":\"https:\/\/teammutantecuador.com\/?product=testo-enandato-300-mg-mutant-pharma\",\"name\":\"Testo Enandato 300 Mg Mutant Pharma - Team Mutan Ecuador\",\"isPartOf\":{\"@id\":\"https:\/\/teammutantecuador.com\/#website\"},\"primaryImageOfPage\":{\"@id\":\"https:\/\/teammutantecuador.com\/?product=testo-enandato-300-mg-mutant-pharma#primaryimage\"},\"image\":{\"@id\":\"https:\/\/teammutantecuador.com\/?product=testo-enandato-300-mg-mutant-pharma#primaryimage\"},\"thumbnailUrl\":\"https:\/\/teammutantecuador.com\/wp-content\/uploads\/2026\/01\/Primobolan-100-Mg-Mutant-Pharma-10.jpg\",\"datePublished\":\"2026-01-17T16:04:03+00:00\",\"dateModified\":\"2026-01-20T16:32:36+00:00\",\"description\":\"Enantato de Testo 300 mg es una testosterona androg\u00e9nica inyectable de lenta acci\u00f3n. La testosterona enantato est\u00e1 dise\u00f1ada para liberarse en el torrente sangu\u00edneo por aproximadamente 2 - 3 semanas.\",\"breadcrumb\":{\"@id\":\"https:\/\/teammutantecuador.com\/?product=testo-enandato-300-mg-mutant-pharma#breadcrumb\"},\"inLanguage\":\"es\",\"potentialAction\":[{\"@type\":\"ReadAction\",\"target\":[\"https:\/\/teammutantecuador.com\/?product=testo-enandato-300-mg-mutant-pharma\"]}]},{\"@type\":\"ImageObject\",\"inLanguage\":\"es\",\"@id\":\"https:\/\/teammutantecuador.com\/?product=testo-enandato-300-mg-mutant-pharma#primaryimage\",\"url\":\"https:\/\/teammutantecuador.com\/wp-content\/uploads\/2026\/01\/Primobolan-100-Mg-Mutant-Pharma-10.jpg\",\"contentUrl\":\"https:\/\/teammutantecuador.com\/wp-content\/uploads\/2026\/01\/Primobolan-100-Mg-Mutant-Pharma-10.jpg\",\"width\":800,\"height\":800,\"caption\":\"Testo Enandato 300 Mg Mutant Pharma\"},{\"@type\":\"BreadcrumbList\",\"@id\":\"https:\/\/teammutantecuador.com\/?product=testo-enandato-300-mg-mutant-pharma#breadcrumb\",\"itemListElement\":[{\"@type\":\"ListItem\",\"position\":1,\"name\":\"Portada\",\"item\":\"https:\/\/teammutantecuador.com\/\"},{\"@type\":\"ListItem\",\"position\":2,\"name\":\"Shop\",\"item\":\"https:\/\/teammutantecuador.com\/?page_id=6\"},{\"@type\":\"ListItem\",\"position\":3,\"name\":\"Testo Enandato 300 Mg Mutant Pharma\"}]},{\"@type\":\"WebSite\",\"@id\":\"https:\/\/teammutantecuador.com\/#website\",\"url\":\"https:\/\/teammutantecuador.com\/\",\"name\":\"Team Mutan Ecuador\",\"description\":\"Just another WordPress site\",\"publisher\":{\"@id\":\"https:\/\/teammutantecuador.com\/#organization\"},\"potentialAction\":[{\"@type\":\"SearchAction\",\"target\":{\"@type\":\"EntryPoint\",\"urlTemplate\":\"https:\/\/teammutantecuador.com\/?s={search_term_string}\"},\"query-input\":{\"@type\":\"PropertyValueSpecification\",\"valueRequired\":true,\"valueName\":\"search_term_string\"}}],\"inLanguage\":\"es\"},{\"@type\":\"Organization\",\"@id\":\"https:\/\/teammutantecuador.com\/#organization\",\"name\":\"Team Mutan Ecuador\",\"url\":\"https:\/\/teammutantecuador.com\/\",\"logo\":{\"@type\":\"ImageObject\",\"inLanguage\":\"es\",\"@id\":\"https:\/\/teammutantecuador.com\/#\/schema\/logo\/image\/\",\"url\":\"https:\/\/teammutantecuador.com\/wp-content\/uploads\/2026\/01\/Diseno-sin-titulo-97.png\",\"contentUrl\":\"https:\/\/teammutantecuador.com\/wp-content\/uploads\/2026\/01\/Diseno-sin-titulo-97.png\",\"width\":500,\"height\":300,\"caption\":\"Team Mutan Ecuador\"},\"image\":{\"@id\":\"https:\/\/teammutantecuador.com\/#\/schema\/logo\/image\/\"}}]}<\/script>\n<!-- \/ Yoast SEO plugin. -->","yoast_head_json":{"title":"Testo Enandato 300 Mg Mutant Pharma - Team Mutan Ecuador","description":"Enantato de Testo 300 mg es una testosterona androg\u00e9nica inyectable de lenta acci\u00f3n. La testosterona enantato est\u00e1 dise\u00f1ada para liberarse en el torrente sangu\u00edneo por aproximadamente 2 - 3 semanas.","robots":{"index":"index","follow":"follow","max-snippet":"max-snippet:-1","max-image-preview":"max-image-preview:large","max-video-preview":"max-video-preview:-1"},"canonical":"https:\/\/teammutantecuador.com\/?product=testo-enandato-300-mg-mutant-pharma","og_locale":"es_ES","og_type":"article","og_title":"Testo Enandato 300 Mg Mutant Pharma - Team Mutan Ecuador","og_description":"Enantato de Testo 300 mg es una testosterona androg\u00e9nica inyectable de lenta acci\u00f3n. La testosterona enantato est\u00e1 dise\u00f1ada para liberarse en el torrente sangu\u00edneo por aproximadamente 2 - 3 semanas.","og_url":"https:\/\/teammutantecuador.com\/?product=testo-enandato-300-mg-mutant-pharma","og_site_name":"Team Mutan Ecuador","article_modified_time":"2026-01-20T16:32:36+00:00","og_image":[{"width":800,"height":800,"url":"https:\/\/teammutantecuador.com\/wp-content\/uploads\/2026\/01\/Primobolan-100-Mg-Mutant-Pharma-10.jpg","type":"image\/jpeg"}],"twitter_card":"summary_large_image","twitter_misc":{"Tiempo de lectura":"1 minuto"},"schema":{"@context":"https:\/\/schema.org","@graph":[{"@type":"WebPage","@id":"https:\/\/teammutantecuador.com\/?product=testo-enandato-300-mg-mutant-pharma","url":"https:\/\/teammutantecuador.com\/?product=testo-enandato-300-mg-mutant-pharma","name":"Testo Enandato 300 Mg Mutant Pharma - Team Mutan Ecuador","isPartOf":{"@id":"https:\/\/teammutantecuador.com\/#website"},"primaryImageOfPage":{"@id":"https:\/\/teammutantecuador.com\/?product=testo-enandato-300-mg-mutant-pharma#primaryimage"},"image":{"@id":"https:\/\/teammutantecuador.com\/?product=testo-enandato-300-mg-mutant-pharma#primaryimage"},"thumbnailUrl":"https:\/\/teammutantecuador.com\/wp-content\/uploads\/2026\/01\/Primobolan-100-Mg-Mutant-Pharma-10.jpg","datePublished":"2026-01-17T16:04:03+00:00","dateModified":"2026-01-20T16:32:36+00:00","description":"Enantato de Testo 300 mg es una testosterona androg\u00e9nica inyectable de lenta acci\u00f3n. La testosterona enantato est\u00e1 dise\u00f1ada para liberarse en el torrente sangu\u00edneo por aproximadamente 2 - 3 semanas.","breadcrumb":{"@id":"https:\/\/teammutantecuador.com\/?product=testo-enandato-300-mg-mutant-pharma#breadcrumb"},"inLanguage":"es","potentialAction":[{"@type":"ReadAction","target":["https:\/\/teammutantecuador.com\/?product=testo-enandato-300-mg-mutant-pharma"]}]},{"@type":"ImageObject","inLanguage":"es","@id":"https:\/\/teammutantecuador.com\/?product=testo-enandato-300-mg-mutant-pharma#primaryimage","url":"https:\/\/teammutantecuador.com\/wp-content\/uploads\/2026\/01\/Primobolan-100-Mg-Mutant-Pharma-10.jpg","contentUrl":"https:\/\/teammutantecuador.com\/wp-content\/uploads\/2026\/01\/Primobolan-100-Mg-Mutant-Pharma-10.jpg","width":800,"height":800,"caption":"Testo Enandato 300 Mg Mutant Pharma"},{"@type":"BreadcrumbList","@id":"https:\/\/teammutantecuador.com\/?product=testo-enandato-300-mg-mutant-pharma#breadcrumb","itemListElement":[{"@type":"ListItem","position":1,"name":"Portada","item":"https:\/\/teammutantecuador.com\/"},{"@type":"ListItem","position":2,"name":"Shop","item":"https:\/\/teammutantecuador.com\/?page_id=6"},{"@type":"ListItem","position":3,"name":"Testo Enandato 300 Mg Mutant Pharma"}]},{"@type":"WebSite","@id":"https:\/\/teammutantecuador.com\/#website","url":"https:\/\/teammutantecuador.com\/","name":"Team Mutan Ecuador","description":"Just another WordPress site","publisher":{"@id":"https:\/\/teammutantecuador.com\/#organization"},"potentialAction":[{"@type":"SearchAction","target":{"@type":"EntryPoint","urlTemplate":"https:\/\/teammutantecuador.com\/?s={search_term_string}"},"query-input":{"@type":"PropertyValueSpecification","valueRequired":true,"valueName":"search_term_string"}}],"inLanguage":"es"},{"@type":"Organization","@id":"https:\/\/teammutantecuador.com\/#organization","name":"Team Mutan Ecuador","url":"https:\/\/teammutantecuador.com\/","logo":{"@type":"ImageObject","inLanguage":"es","@id":"https:\/\/teammutantecuador.com\/#\/schema\/logo\/image\/","url":"https:\/\/teammutantecuador.com\/wp-content\/uploads\/2026\/01\/Diseno-sin-titulo-97.png","contentUrl":"https:\/\/teammutantecuador.com\/wp-content\/uploads\/2026\/01\/Diseno-sin-titulo-97.png","width":500,"height":300,"caption":"Team Mutan Ecuador"},"image":{"@id":"https:\/\/teammutantecuador.com\/#\/schema\/logo\/image\/"}}]}},"_links":{"self":[{"href":"https:\/\/teammutantecuador.com\/index.php?rest_route=\/wp\/v2\/product\/1469","targetHints":{"allow":["GET"]}}],"collection":[{"href":"https:\/\/teammutantecuador.com\/index.php?rest_route=\/wp\/v2\/product"}],"about":[{"href":"https:\/\/teammutantecuador.com\/index.php?rest_route=\/wp\/v2\/types\/product"}],"replies":[{"embeddable":true,"href":"https:\/\/teammutantecuador.com\/index.php?rest_route=%2Fwp%2Fv2%2Fcomments&post=1469"}],"wp:featuredmedia":[{"embeddable":true,"href":"https:\/\/teammutantecuador.com\/index.php?rest_route=\/wp\/v2\/media\/1806"}],"wp:attachment":[{"href":"https:\/\/teammutantecuador.com\/index.php?rest_route=%2Fwp%2Fv2%2Fmedia&parent=1469"}],"wp:term":[{"taxonomy":"product_brand","embeddable":true,"href":"https:\/\/teammutantecuador.com\/index.php?rest_route=%2Fwp%2Fv2%2Fproduct_brand&post=1469"},{"taxonomy":"product_cat","embeddable":true,"href":"https:\/\/teammutantecuador.com\/index.php?rest_route=%2Fwp%2Fv2%2Fproduct_cat&post=1469"},{"taxonomy":"product_tag","embeddable":true,"href":"https:\/\/teammutantecuador.com\/index.php?rest_route=%2Fwp%2Fv2%2Fproduct_tag&post=1469"}],"curies":[{"name":"wp","href":"https:\/\/api.w.org\/{rel}","templated":true}]}}