{"id":1466,"date":"2026-01-17T16:04:03","date_gmt":"2026-01-17T16:04:03","guid":{"rendered":"https:\/\/teammutantecuador.com\/?post_type=product&#038;p=1466"},"modified":"2026-01-19T12:03:24","modified_gmt":"2026-01-19T12:03:24","slug":"boldenone-300","status":"publish","type":"product","link":"https:\/\/teammutantecuador.com\/?product=boldenone-300","title":{"rendered":"BOLDENONE 300 Mutant"},"content":{"rendered":"<p>Boldenona 300 mg es un anab\u00f3lico esteroide que exhibe propiedades anab\u00f3licas fuertes y androg\u00e9nicas moderadas.<\/p>\n<p>Boldenona 300 mg no es un constructor de masa muscular r\u00e1pido, pues proporciona un aumento lento pero constante de fuerza y masa muscular de calidad. Los efectos m\u00e1s positivos de este anab\u00f3lico se ven cuando se utiliza para ciclos largos de 10 semanas.<\/p>\n<p>El m\u00fasculo ganado no debe ser un volumen exagerado como el que se ve con los andr\u00f3genos, pero en su lugar un aspecto muy definido y s\u00f3lido. El tama\u00f1o muscular ganado en un ciclo de Boldenona puede ser retenido despu\u00e9s de que el anab\u00f3lico se ha interrumpido.<\/p>\n<p>Se puede crear una serie de combinaciones de f\u00e1rmacos con \u00e9l dependiendo del resultado deseado. Para volumen muscular, se puede juntar con el Anadrol o una testosterona inyectable. El resultado deber\u00eda ser una ganancia incre\u00edble de tama\u00f1o muscular y fuerza, sin la misma intensidad de efectos secundarios si se usa el andr\u00f3geno (a una dosis m\u00e1s alta) por s\u00ed sola.<\/p>\n<p>Cuando se utiliza en un ciclo de definici\u00f3n muscular, la dureza del m\u00fasculo y la densidad puede ser mejorado en gran medida al combinar Boldenona 300 mg con un esteroide no aromatizable tales como el acetato de trembolona, Halotestin, o Winstrol.<\/p>\n<p>MODO DE USO<br \/>\n200 &#8211; 400 mg semanalmente.<\/p>\n<p>PRESENTACI\u00d3N<br \/>\nAmpolla de 10 mL de 300 mg de Boldenona Undecilenato.<\/p>\n","protected":false},"excerpt":{"rendered":"<p>Boldenona 300 mg es un anab\u00f3lico esteroide que exhibe propiedades anab\u00f3licas fuertes y androg\u00e9nicas moderadas.<\/p>\n<p>Boldenona 300 mg no es un constructor de masa muscular r\u00e1pido, pues proporciona un aumento lento pero constante de fuerza y masa muscular de calidad. Los efectos m\u00e1s positivos de este anab\u00f3lico se ven cuando se utiliza para ciclos largos de 10 semanas.<\/p>\n","protected":false},"featured_media":1766,"comment_status":"open","ping_status":"closed","template":"","meta":[],"product_brand":[151],"product_cat":[392],"product_tag":[105,152],"class_list":{"0":"post-1466","1":"product","2":"type-product","3":"status-publish","4":"has-post-thumbnail","6":"product_brand-mutant-pharma","7":"product_cat-anabolicos","8":"product_tag-anabolico","9":"product_tag-boldenone","11":"first","12":"instock","13":"sale","14":"shipping-taxable","15":"purchasable","16":"product-type-simple"},"yoast_head":"<!-- This site is optimized with the Yoast SEO plugin v26.8 - https:\/\/yoast.com\/product\/yoast-seo-wordpress\/ -->\n<title>BOLDENONE 300 Mutant - Team Mutan Ecuador<\/title>\n<meta name=\"description\" content=\"Boldenona 300 mg es un anab\u00f3lico esteroide que exhibe propiedades anab\u00f3licas fuertes y androg\u00e9nicas moderadas. Boldenona 300 mg no es un constructor de masa muscular r\u00e1pido, pues proporciona un aumento lento pero constante de fuerza y masa muscular de calidad. Los efectos m\u00e1s positivos de este anab\u00f3lico se ven cuando se utiliza para ciclos largos de 10 semanas.\" \/>\n<meta name=\"robots\" content=\"index, follow, max-snippet:-1, max-image-preview:large, max-video-preview:-1\" \/>\n<link rel=\"canonical\" href=\"https:\/\/teammutantecuador.com\/?product=boldenone-300\" \/>\n<meta property=\"og:locale\" content=\"es_ES\" \/>\n<meta property=\"og:type\" content=\"article\" \/>\n<meta property=\"og:title\" content=\"BOLDENONE 300 Mutant - Team Mutan Ecuador\" \/>\n<meta property=\"og:description\" content=\"Boldenona 300 mg es un anab\u00f3lico esteroide que exhibe propiedades anab\u00f3licas fuertes y androg\u00e9nicas moderadas. Boldenona 300 mg no es un constructor de masa muscular r\u00e1pido, pues proporciona un aumento lento pero constante de fuerza y masa muscular de calidad. Los efectos m\u00e1s positivos de este anab\u00f3lico se ven cuando se utiliza para ciclos largos de 10 semanas.\" \/>\n<meta property=\"og:url\" content=\"https:\/\/teammutantecuador.com\/?product=boldenone-300\" \/>\n<meta property=\"og:site_name\" content=\"Team Mutan Ecuador\" \/>\n<meta property=\"article:modified_time\" content=\"2026-01-19T12:03:24+00:00\" \/>\n<meta property=\"og:image\" content=\"https:\/\/teammutantecuador.com\/wp-content\/uploads\/2026\/01\/Diseno-sin-titulo-2026-01-16T235605.159.jpg\" \/>\n\t<meta property=\"og:image:width\" content=\"800\" \/>\n\t<meta property=\"og:image:height\" content=\"800\" \/>\n\t<meta property=\"og:image:type\" content=\"image\/jpeg\" \/>\n<meta name=\"twitter:card\" content=\"summary_large_image\" \/>\n<meta name=\"twitter:label1\" content=\"Tiempo de lectura\" \/>\n\t<meta name=\"twitter:data1\" content=\"2 minutos\" \/>\n<script type=\"application\/ld+json\" class=\"yoast-schema-graph\">{\"@context\":\"https:\/\/schema.org\",\"@graph\":[{\"@type\":\"WebPage\",\"@id\":\"https:\/\/teammutantecuador.com\/?product=boldenone-300\",\"url\":\"https:\/\/teammutantecuador.com\/?product=boldenone-300\",\"name\":\"BOLDENONE 300 Mutant - Team Mutan Ecuador\",\"isPartOf\":{\"@id\":\"https:\/\/teammutantecuador.com\/#website\"},\"primaryImageOfPage\":{\"@id\":\"https:\/\/teammutantecuador.com\/?product=boldenone-300#primaryimage\"},\"image\":{\"@id\":\"https:\/\/teammutantecuador.com\/?product=boldenone-300#primaryimage\"},\"thumbnailUrl\":\"https:\/\/teammutantecuador.com\/wp-content\/uploads\/2026\/01\/Diseno-sin-titulo-2026-01-16T235605.159.jpg\",\"datePublished\":\"2026-01-17T16:04:03+00:00\",\"dateModified\":\"2026-01-19T12:03:24+00:00\",\"description\":\"Boldenona 300 mg es un anab\u00f3lico esteroide que exhibe propiedades anab\u00f3licas fuertes y androg\u00e9nicas moderadas. Boldenona 300 mg no es un constructor de masa muscular r\u00e1pido, pues proporciona un aumento lento pero constante de fuerza y masa muscular de calidad. Los efectos m\u00e1s positivos de este anab\u00f3lico se ven cuando se utiliza para ciclos largos de 10 semanas.\",\"breadcrumb\":{\"@id\":\"https:\/\/teammutantecuador.com\/?product=boldenone-300#breadcrumb\"},\"inLanguage\":\"es\",\"potentialAction\":[{\"@type\":\"ReadAction\",\"target\":[\"https:\/\/teammutantecuador.com\/?product=boldenone-300\"]}]},{\"@type\":\"ImageObject\",\"inLanguage\":\"es\",\"@id\":\"https:\/\/teammutantecuador.com\/?product=boldenone-300#primaryimage\",\"url\":\"https:\/\/teammutantecuador.com\/wp-content\/uploads\/2026\/01\/Diseno-sin-titulo-2026-01-16T235605.159.jpg\",\"contentUrl\":\"https:\/\/teammutantecuador.com\/wp-content\/uploads\/2026\/01\/Diseno-sin-titulo-2026-01-16T235605.159.jpg\",\"width\":800,\"height\":800,\"caption\":\"Boldenona Gold 250 mg Landerland\"},{\"@type\":\"BreadcrumbList\",\"@id\":\"https:\/\/teammutantecuador.com\/?product=boldenone-300#breadcrumb\",\"itemListElement\":[{\"@type\":\"ListItem\",\"position\":1,\"name\":\"Portada\",\"item\":\"https:\/\/teammutantecuador.com\/\"},{\"@type\":\"ListItem\",\"position\":2,\"name\":\"Shop\",\"item\":\"https:\/\/teammutantecuador.com\/?page_id=6\"},{\"@type\":\"ListItem\",\"position\":3,\"name\":\"BOLDENONE 300 Mutant\"}]},{\"@type\":\"WebSite\",\"@id\":\"https:\/\/teammutantecuador.com\/#website\",\"url\":\"https:\/\/teammutantecuador.com\/\",\"name\":\"Team Mutan Ecuador\",\"description\":\"Just another WordPress site\",\"publisher\":{\"@id\":\"https:\/\/teammutantecuador.com\/#organization\"},\"potentialAction\":[{\"@type\":\"SearchAction\",\"target\":{\"@type\":\"EntryPoint\",\"urlTemplate\":\"https:\/\/teammutantecuador.com\/?s={search_term_string}\"},\"query-input\":{\"@type\":\"PropertyValueSpecification\",\"valueRequired\":true,\"valueName\":\"search_term_string\"}}],\"inLanguage\":\"es\"},{\"@type\":\"Organization\",\"@id\":\"https:\/\/teammutantecuador.com\/#organization\",\"name\":\"Team Mutan Ecuador\",\"url\":\"https:\/\/teammutantecuador.com\/\",\"logo\":{\"@type\":\"ImageObject\",\"inLanguage\":\"es\",\"@id\":\"https:\/\/teammutantecuador.com\/#\/schema\/logo\/image\/\",\"url\":\"https:\/\/teammutantecuador.com\/wp-content\/uploads\/2026\/01\/Diseno-sin-titulo-97.png\",\"contentUrl\":\"https:\/\/teammutantecuador.com\/wp-content\/uploads\/2026\/01\/Diseno-sin-titulo-97.png\",\"width\":500,\"height\":300,\"caption\":\"Team Mutan Ecuador\"},\"image\":{\"@id\":\"https:\/\/teammutantecuador.com\/#\/schema\/logo\/image\/\"}}]}<\/script>\n<!-- \/ Yoast SEO plugin. -->","yoast_head_json":{"title":"BOLDENONE 300 Mutant - Team Mutan Ecuador","description":"Boldenona 300 mg es un anab\u00f3lico esteroide que exhibe propiedades anab\u00f3licas fuertes y androg\u00e9nicas moderadas. Boldenona 300 mg no es un constructor de masa muscular r\u00e1pido, pues proporciona un aumento lento pero constante de fuerza y masa muscular de calidad. Los efectos m\u00e1s positivos de este anab\u00f3lico se ven cuando se utiliza para ciclos largos de 10 semanas.","robots":{"index":"index","follow":"follow","max-snippet":"max-snippet:-1","max-image-preview":"max-image-preview:large","max-video-preview":"max-video-preview:-1"},"canonical":"https:\/\/teammutantecuador.com\/?product=boldenone-300","og_locale":"es_ES","og_type":"article","og_title":"BOLDENONE 300 Mutant - Team Mutan Ecuador","og_description":"Boldenona 300 mg es un anab\u00f3lico esteroide que exhibe propiedades anab\u00f3licas fuertes y androg\u00e9nicas moderadas. Boldenona 300 mg no es un constructor de masa muscular r\u00e1pido, pues proporciona un aumento lento pero constante de fuerza y masa muscular de calidad. Los efectos m\u00e1s positivos de este anab\u00f3lico se ven cuando se utiliza para ciclos largos de 10 semanas.","og_url":"https:\/\/teammutantecuador.com\/?product=boldenone-300","og_site_name":"Team Mutan Ecuador","article_modified_time":"2026-01-19T12:03:24+00:00","og_image":[{"width":800,"height":800,"url":"https:\/\/teammutantecuador.com\/wp-content\/uploads\/2026\/01\/Diseno-sin-titulo-2026-01-16T235605.159.jpg","type":"image\/jpeg"}],"twitter_card":"summary_large_image","twitter_misc":{"Tiempo de lectura":"2 minutos"},"schema":{"@context":"https:\/\/schema.org","@graph":[{"@type":"WebPage","@id":"https:\/\/teammutantecuador.com\/?product=boldenone-300","url":"https:\/\/teammutantecuador.com\/?product=boldenone-300","name":"BOLDENONE 300 Mutant - Team Mutan Ecuador","isPartOf":{"@id":"https:\/\/teammutantecuador.com\/#website"},"primaryImageOfPage":{"@id":"https:\/\/teammutantecuador.com\/?product=boldenone-300#primaryimage"},"image":{"@id":"https:\/\/teammutantecuador.com\/?product=boldenone-300#primaryimage"},"thumbnailUrl":"https:\/\/teammutantecuador.com\/wp-content\/uploads\/2026\/01\/Diseno-sin-titulo-2026-01-16T235605.159.jpg","datePublished":"2026-01-17T16:04:03+00:00","dateModified":"2026-01-19T12:03:24+00:00","description":"Boldenona 300 mg es un anab\u00f3lico esteroide que exhibe propiedades anab\u00f3licas fuertes y androg\u00e9nicas moderadas. Boldenona 300 mg no es un constructor de masa muscular r\u00e1pido, pues proporciona un aumento lento pero constante de fuerza y masa muscular de calidad. Los efectos m\u00e1s positivos de este anab\u00f3lico se ven cuando se utiliza para ciclos largos de 10 semanas.","breadcrumb":{"@id":"https:\/\/teammutantecuador.com\/?product=boldenone-300#breadcrumb"},"inLanguage":"es","potentialAction":[{"@type":"ReadAction","target":["https:\/\/teammutantecuador.com\/?product=boldenone-300"]}]},{"@type":"ImageObject","inLanguage":"es","@id":"https:\/\/teammutantecuador.com\/?product=boldenone-300#primaryimage","url":"https:\/\/teammutantecuador.com\/wp-content\/uploads\/2026\/01\/Diseno-sin-titulo-2026-01-16T235605.159.jpg","contentUrl":"https:\/\/teammutantecuador.com\/wp-content\/uploads\/2026\/01\/Diseno-sin-titulo-2026-01-16T235605.159.jpg","width":800,"height":800,"caption":"Boldenona Gold 250 mg Landerland"},{"@type":"BreadcrumbList","@id":"https:\/\/teammutantecuador.com\/?product=boldenone-300#breadcrumb","itemListElement":[{"@type":"ListItem","position":1,"name":"Portada","item":"https:\/\/teammutantecuador.com\/"},{"@type":"ListItem","position":2,"name":"Shop","item":"https:\/\/teammutantecuador.com\/?page_id=6"},{"@type":"ListItem","position":3,"name":"BOLDENONE 300 Mutant"}]},{"@type":"WebSite","@id":"https:\/\/teammutantecuador.com\/#website","url":"https:\/\/teammutantecuador.com\/","name":"Team Mutan Ecuador","description":"Just another WordPress site","publisher":{"@id":"https:\/\/teammutantecuador.com\/#organization"},"potentialAction":[{"@type":"SearchAction","target":{"@type":"EntryPoint","urlTemplate":"https:\/\/teammutantecuador.com\/?s={search_term_string}"},"query-input":{"@type":"PropertyValueSpecification","valueRequired":true,"valueName":"search_term_string"}}],"inLanguage":"es"},{"@type":"Organization","@id":"https:\/\/teammutantecuador.com\/#organization","name":"Team Mutan Ecuador","url":"https:\/\/teammutantecuador.com\/","logo":{"@type":"ImageObject","inLanguage":"es","@id":"https:\/\/teammutantecuador.com\/#\/schema\/logo\/image\/","url":"https:\/\/teammutantecuador.com\/wp-content\/uploads\/2026\/01\/Diseno-sin-titulo-97.png","contentUrl":"https:\/\/teammutantecuador.com\/wp-content\/uploads\/2026\/01\/Diseno-sin-titulo-97.png","width":500,"height":300,"caption":"Team Mutan Ecuador"},"image":{"@id":"https:\/\/teammutantecuador.com\/#\/schema\/logo\/image\/"}}]}},"_links":{"self":[{"href":"https:\/\/teammutantecuador.com\/index.php?rest_route=\/wp\/v2\/product\/1466","targetHints":{"allow":["GET"]}}],"collection":[{"href":"https:\/\/teammutantecuador.com\/index.php?rest_route=\/wp\/v2\/product"}],"about":[{"href":"https:\/\/teammutantecuador.com\/index.php?rest_route=\/wp\/v2\/types\/product"}],"replies":[{"embeddable":true,"href":"https:\/\/teammutantecuador.com\/index.php?rest_route=%2Fwp%2Fv2%2Fcomments&post=1466"}],"wp:featuredmedia":[{"embeddable":true,"href":"https:\/\/teammutantecuador.com\/index.php?rest_route=\/wp\/v2\/media\/1766"}],"wp:attachment":[{"href":"https:\/\/teammutantecuador.com\/index.php?rest_route=%2Fwp%2Fv2%2Fmedia&parent=1466"}],"wp:term":[{"taxonomy":"product_brand","embeddable":true,"href":"https:\/\/teammutantecuador.com\/index.php?rest_route=%2Fwp%2Fv2%2Fproduct_brand&post=1466"},{"taxonomy":"product_cat","embeddable":true,"href":"https:\/\/teammutantecuador.com\/index.php?rest_route=%2Fwp%2Fv2%2Fproduct_cat&post=1466"},{"taxonomy":"product_tag","embeddable":true,"href":"https:\/\/teammutantecuador.com\/index.php?rest_route=%2Fwp%2Fv2%2Fproduct_tag&post=1466"}],"curies":[{"name":"wp","href":"https:\/\/api.w.org\/{rel}","templated":true}]}}