{"id":1465,"date":"2026-01-17T16:04:03","date_gmt":"2026-01-17T16:04:03","guid":{"rendered":"https:\/\/teammutantecuador.com\/?post_type=product&#038;p=1465"},"modified":"2026-01-20T16:03:15","modified_gmt":"2026-01-20T16:03:15","slug":"decadurabolin-300-mg-mutant-pharma","status":"publish","type":"product","link":"https:\/\/teammutantecuador.com\/?product=decadurabolin-300-mg-mutant-pharma","title":{"rendered":"Decadurabolin 300 mg Mutant Pharma"},"content":{"rendered":"<p>Decadurabolin 300 mg es la forma inyectable del anab\u00f3lico conocido como la Nandrolona decanoato, \u00e9sta es muy similar a la testosterona en su estructura, aunque con la ausencia del \u00e1tomo de carbono en la posici\u00f3n 19th.<\/p>\n<p>Al igual que la testosterona, el decadurabolin exhibe propiedades anab\u00f3licas ralativamente fuertes aunque con propiedades androg\u00e9nicas m\u00e1s d\u00e9biles. <\/p>\n<p>Las propiedades suaves del Decadurabolin 300 mg la ha convertido de uno de los anab\u00f3licos inyectables m\u00e1s populares mundialmente, altamente favorecida por los atletas por su habilidad para promover un incremento significativo en la fuerza y en las ganancias de la masa muscular de calidad sin las consecuencias de los andr\u00f3genos ni estr\u00f3genos.<\/p>\n<p>El Decadurabolin no es un 17 alfa alquilatado y no se conoce ningun tipo de hepatoxicidad. La intoxicaci\u00f3n hep\u00e1tica con la Nandrolona es improbable.<\/p>\n<p>MODO DE USO<br \/>\nLa dosis usual va desde los 200 &#8211; 600 mg semanalmente, tomado en un ciclo de 8 a 12 semanas. Los principiantes no deben exceder los 300 mg por semana.<\/p>\n<p>PRESENTACI\u00d3N<br \/>\nAmpolla de 10 mL x 300 mg de concentraci\u00f3n.<\/p>\n","protected":false},"excerpt":{"rendered":"<p>Cypionate de Testosterona 250mg<\/p>\n","protected":false},"featured_media":1772,"comment_status":"open","ping_status":"closed","template":"","meta":[],"product_brand":[],"product_cat":[392],"product_tag":[105,149,150],"class_list":{"0":"post-1465","1":"product","2":"type-product","3":"status-publish","4":"has-post-thumbnail","6":"product_cat-anabolicos","7":"product_tag-anabolico","8":"product_tag-deca","9":"product_tag-decadurabolin","11":"first","12":"instock","13":"sale","14":"shipping-taxable","15":"purchasable","16":"product-type-simple"},"yoast_head":"<!-- This site is optimized with the Yoast SEO plugin v26.8 - https:\/\/yoast.com\/product\/yoast-seo-wordpress\/ -->\n<title>Decadurabolin 300 mg Mutant Pharma - Team Mutan Ecuador<\/title>\n<meta name=\"description\" content=\"Decadurabolin 300 mg es la forma inyectable del anab\u00f3lico conocido como la Nandrolona decanoato, \u00e9sta es muy similar a la testosterona en su estructura, aunque con la ausencia del \u00e1tomo de carbono en la posici\u00f3n 19th.Al igual que la testosterona, el decadurabolin exhibe propiedades anab\u00f3licas ralativamente fuertes aunque con propiedades androg\u00e9nicas m\u00e1s d\u00e9biles.\" \/>\n<meta name=\"robots\" content=\"index, follow, max-snippet:-1, max-image-preview:large, max-video-preview:-1\" \/>\n<link rel=\"canonical\" href=\"https:\/\/teammutantecuador.com\/?product=decadurabolin-300-mg-mutant-pharma\" \/>\n<meta property=\"og:locale\" content=\"es_ES\" \/>\n<meta property=\"og:type\" content=\"article\" \/>\n<meta property=\"og:title\" content=\"Decadurabolin 300 mg Mutant Pharma - Team Mutan Ecuador\" \/>\n<meta property=\"og:description\" content=\"Decadurabolin 300 mg es la forma inyectable del anab\u00f3lico conocido como la Nandrolona decanoato, \u00e9sta es muy similar a la testosterona en su estructura, aunque con la ausencia del \u00e1tomo de carbono en la posici\u00f3n 19th.Al igual que la testosterona, el decadurabolin exhibe propiedades anab\u00f3licas ralativamente fuertes aunque con propiedades androg\u00e9nicas m\u00e1s d\u00e9biles.\" \/>\n<meta property=\"og:url\" content=\"https:\/\/teammutantecuador.com\/?product=decadurabolin-300-mg-mutant-pharma\" \/>\n<meta property=\"og:site_name\" content=\"Team Mutan Ecuador\" \/>\n<meta property=\"article:modified_time\" content=\"2026-01-20T16:03:15+00:00\" \/>\n<meta property=\"og:image\" content=\"https:\/\/teammutantecuador.com\/wp-content\/uploads\/2026\/01\/Diseno-sin-titulo-2026-01-17T000702.473.jpg\" \/>\n\t<meta property=\"og:image:width\" content=\"800\" \/>\n\t<meta property=\"og:image:height\" content=\"800\" \/>\n\t<meta property=\"og:image:type\" content=\"image\/jpeg\" \/>\n<meta name=\"twitter:card\" content=\"summary_large_image\" \/>\n<meta name=\"twitter:label1\" content=\"Tiempo de lectura\" \/>\n\t<meta name=\"twitter:data1\" content=\"1 minuto\" \/>\n<script type=\"application\/ld+json\" class=\"yoast-schema-graph\">{\"@context\":\"https:\/\/schema.org\",\"@graph\":[{\"@type\":\"WebPage\",\"@id\":\"https:\/\/teammutantecuador.com\/?product=decadurabolin-300-mg-mutant-pharma\",\"url\":\"https:\/\/teammutantecuador.com\/?product=decadurabolin-300-mg-mutant-pharma\",\"name\":\"Decadurabolin 300 mg Mutant Pharma - Team Mutan Ecuador\",\"isPartOf\":{\"@id\":\"https:\/\/teammutantecuador.com\/#website\"},\"primaryImageOfPage\":{\"@id\":\"https:\/\/teammutantecuador.com\/?product=decadurabolin-300-mg-mutant-pharma#primaryimage\"},\"image\":{\"@id\":\"https:\/\/teammutantecuador.com\/?product=decadurabolin-300-mg-mutant-pharma#primaryimage\"},\"thumbnailUrl\":\"https:\/\/teammutantecuador.com\/wp-content\/uploads\/2026\/01\/Diseno-sin-titulo-2026-01-17T000702.473.jpg\",\"datePublished\":\"2026-01-17T16:04:03+00:00\",\"dateModified\":\"2026-01-20T16:03:15+00:00\",\"description\":\"Decadurabolin 300 mg es la forma inyectable del anab\u00f3lico conocido como la Nandrolona decanoato, \u00e9sta es muy similar a la testosterona en su estructura, aunque con la ausencia del \u00e1tomo de carbono en la posici\u00f3n 19th.Al igual que la testosterona, el decadurabolin exhibe propiedades anab\u00f3licas ralativamente fuertes aunque con propiedades androg\u00e9nicas m\u00e1s d\u00e9biles.\",\"breadcrumb\":{\"@id\":\"https:\/\/teammutantecuador.com\/?product=decadurabolin-300-mg-mutant-pharma#breadcrumb\"},\"inLanguage\":\"es\",\"potentialAction\":[{\"@type\":\"ReadAction\",\"target\":[\"https:\/\/teammutantecuador.com\/?product=decadurabolin-300-mg-mutant-pharma\"]}]},{\"@type\":\"ImageObject\",\"inLanguage\":\"es\",\"@id\":\"https:\/\/teammutantecuador.com\/?product=decadurabolin-300-mg-mutant-pharma#primaryimage\",\"url\":\"https:\/\/teammutantecuador.com\/wp-content\/uploads\/2026\/01\/Diseno-sin-titulo-2026-01-17T000702.473.jpg\",\"contentUrl\":\"https:\/\/teammutantecuador.com\/wp-content\/uploads\/2026\/01\/Diseno-sin-titulo-2026-01-17T000702.473.jpg\",\"width\":800,\"height\":800,\"caption\":\"Decadurabolin 300 mg Mutant Pharma\"},{\"@type\":\"BreadcrumbList\",\"@id\":\"https:\/\/teammutantecuador.com\/?product=decadurabolin-300-mg-mutant-pharma#breadcrumb\",\"itemListElement\":[{\"@type\":\"ListItem\",\"position\":1,\"name\":\"Portada\",\"item\":\"https:\/\/teammutantecuador.com\/\"},{\"@type\":\"ListItem\",\"position\":2,\"name\":\"Shop\",\"item\":\"https:\/\/teammutantecuador.com\/?page_id=6\"},{\"@type\":\"ListItem\",\"position\":3,\"name\":\"Decadurabolin 300 mg Mutant Pharma\"}]},{\"@type\":\"WebSite\",\"@id\":\"https:\/\/teammutantecuador.com\/#website\",\"url\":\"https:\/\/teammutantecuador.com\/\",\"name\":\"Team Mutan Ecuador\",\"description\":\"Just another WordPress site\",\"publisher\":{\"@id\":\"https:\/\/teammutantecuador.com\/#organization\"},\"potentialAction\":[{\"@type\":\"SearchAction\",\"target\":{\"@type\":\"EntryPoint\",\"urlTemplate\":\"https:\/\/teammutantecuador.com\/?s={search_term_string}\"},\"query-input\":{\"@type\":\"PropertyValueSpecification\",\"valueRequired\":true,\"valueName\":\"search_term_string\"}}],\"inLanguage\":\"es\"},{\"@type\":\"Organization\",\"@id\":\"https:\/\/teammutantecuador.com\/#organization\",\"name\":\"Team Mutan Ecuador\",\"url\":\"https:\/\/teammutantecuador.com\/\",\"logo\":{\"@type\":\"ImageObject\",\"inLanguage\":\"es\",\"@id\":\"https:\/\/teammutantecuador.com\/#\/schema\/logo\/image\/\",\"url\":\"https:\/\/teammutantecuador.com\/wp-content\/uploads\/2026\/01\/Diseno-sin-titulo-97.png\",\"contentUrl\":\"https:\/\/teammutantecuador.com\/wp-content\/uploads\/2026\/01\/Diseno-sin-titulo-97.png\",\"width\":500,\"height\":300,\"caption\":\"Team Mutan Ecuador\"},\"image\":{\"@id\":\"https:\/\/teammutantecuador.com\/#\/schema\/logo\/image\/\"}}]}<\/script>\n<!-- \/ Yoast SEO plugin. -->","yoast_head_json":{"title":"Decadurabolin 300 mg Mutant Pharma - Team Mutan Ecuador","description":"Decadurabolin 300 mg es la forma inyectable del anab\u00f3lico conocido como la Nandrolona decanoato, \u00e9sta es muy similar a la testosterona en su estructura, aunque con la ausencia del \u00e1tomo de carbono en la posici\u00f3n 19th.Al igual que la testosterona, el decadurabolin exhibe propiedades anab\u00f3licas ralativamente fuertes aunque con propiedades androg\u00e9nicas m\u00e1s d\u00e9biles.","robots":{"index":"index","follow":"follow","max-snippet":"max-snippet:-1","max-image-preview":"max-image-preview:large","max-video-preview":"max-video-preview:-1"},"canonical":"https:\/\/teammutantecuador.com\/?product=decadurabolin-300-mg-mutant-pharma","og_locale":"es_ES","og_type":"article","og_title":"Decadurabolin 300 mg Mutant Pharma - Team Mutan Ecuador","og_description":"Decadurabolin 300 mg es la forma inyectable del anab\u00f3lico conocido como la Nandrolona decanoato, \u00e9sta es muy similar a la testosterona en su estructura, aunque con la ausencia del \u00e1tomo de carbono en la posici\u00f3n 19th.Al igual que la testosterona, el decadurabolin exhibe propiedades anab\u00f3licas ralativamente fuertes aunque con propiedades androg\u00e9nicas m\u00e1s d\u00e9biles.","og_url":"https:\/\/teammutantecuador.com\/?product=decadurabolin-300-mg-mutant-pharma","og_site_name":"Team Mutan Ecuador","article_modified_time":"2026-01-20T16:03:15+00:00","og_image":[{"width":800,"height":800,"url":"https:\/\/teammutantecuador.com\/wp-content\/uploads\/2026\/01\/Diseno-sin-titulo-2026-01-17T000702.473.jpg","type":"image\/jpeg"}],"twitter_card":"summary_large_image","twitter_misc":{"Tiempo de lectura":"1 minuto"},"schema":{"@context":"https:\/\/schema.org","@graph":[{"@type":"WebPage","@id":"https:\/\/teammutantecuador.com\/?product=decadurabolin-300-mg-mutant-pharma","url":"https:\/\/teammutantecuador.com\/?product=decadurabolin-300-mg-mutant-pharma","name":"Decadurabolin 300 mg Mutant Pharma - Team Mutan Ecuador","isPartOf":{"@id":"https:\/\/teammutantecuador.com\/#website"},"primaryImageOfPage":{"@id":"https:\/\/teammutantecuador.com\/?product=decadurabolin-300-mg-mutant-pharma#primaryimage"},"image":{"@id":"https:\/\/teammutantecuador.com\/?product=decadurabolin-300-mg-mutant-pharma#primaryimage"},"thumbnailUrl":"https:\/\/teammutantecuador.com\/wp-content\/uploads\/2026\/01\/Diseno-sin-titulo-2026-01-17T000702.473.jpg","datePublished":"2026-01-17T16:04:03+00:00","dateModified":"2026-01-20T16:03:15+00:00","description":"Decadurabolin 300 mg es la forma inyectable del anab\u00f3lico conocido como la Nandrolona decanoato, \u00e9sta es muy similar a la testosterona en su estructura, aunque con la ausencia del \u00e1tomo de carbono en la posici\u00f3n 19th.Al igual que la testosterona, el decadurabolin exhibe propiedades anab\u00f3licas ralativamente fuertes aunque con propiedades androg\u00e9nicas m\u00e1s d\u00e9biles.","breadcrumb":{"@id":"https:\/\/teammutantecuador.com\/?product=decadurabolin-300-mg-mutant-pharma#breadcrumb"},"inLanguage":"es","potentialAction":[{"@type":"ReadAction","target":["https:\/\/teammutantecuador.com\/?product=decadurabolin-300-mg-mutant-pharma"]}]},{"@type":"ImageObject","inLanguage":"es","@id":"https:\/\/teammutantecuador.com\/?product=decadurabolin-300-mg-mutant-pharma#primaryimage","url":"https:\/\/teammutantecuador.com\/wp-content\/uploads\/2026\/01\/Diseno-sin-titulo-2026-01-17T000702.473.jpg","contentUrl":"https:\/\/teammutantecuador.com\/wp-content\/uploads\/2026\/01\/Diseno-sin-titulo-2026-01-17T000702.473.jpg","width":800,"height":800,"caption":"Decadurabolin 300 mg Mutant Pharma"},{"@type":"BreadcrumbList","@id":"https:\/\/teammutantecuador.com\/?product=decadurabolin-300-mg-mutant-pharma#breadcrumb","itemListElement":[{"@type":"ListItem","position":1,"name":"Portada","item":"https:\/\/teammutantecuador.com\/"},{"@type":"ListItem","position":2,"name":"Shop","item":"https:\/\/teammutantecuador.com\/?page_id=6"},{"@type":"ListItem","position":3,"name":"Decadurabolin 300 mg Mutant Pharma"}]},{"@type":"WebSite","@id":"https:\/\/teammutantecuador.com\/#website","url":"https:\/\/teammutantecuador.com\/","name":"Team Mutan Ecuador","description":"Just another WordPress site","publisher":{"@id":"https:\/\/teammutantecuador.com\/#organization"},"potentialAction":[{"@type":"SearchAction","target":{"@type":"EntryPoint","urlTemplate":"https:\/\/teammutantecuador.com\/?s={search_term_string}"},"query-input":{"@type":"PropertyValueSpecification","valueRequired":true,"valueName":"search_term_string"}}],"inLanguage":"es"},{"@type":"Organization","@id":"https:\/\/teammutantecuador.com\/#organization","name":"Team Mutan Ecuador","url":"https:\/\/teammutantecuador.com\/","logo":{"@type":"ImageObject","inLanguage":"es","@id":"https:\/\/teammutantecuador.com\/#\/schema\/logo\/image\/","url":"https:\/\/teammutantecuador.com\/wp-content\/uploads\/2026\/01\/Diseno-sin-titulo-97.png","contentUrl":"https:\/\/teammutantecuador.com\/wp-content\/uploads\/2026\/01\/Diseno-sin-titulo-97.png","width":500,"height":300,"caption":"Team Mutan Ecuador"},"image":{"@id":"https:\/\/teammutantecuador.com\/#\/schema\/logo\/image\/"}}]}},"_links":{"self":[{"href":"https:\/\/teammutantecuador.com\/index.php?rest_route=\/wp\/v2\/product\/1465","targetHints":{"allow":["GET"]}}],"collection":[{"href":"https:\/\/teammutantecuador.com\/index.php?rest_route=\/wp\/v2\/product"}],"about":[{"href":"https:\/\/teammutantecuador.com\/index.php?rest_route=\/wp\/v2\/types\/product"}],"replies":[{"embeddable":true,"href":"https:\/\/teammutantecuador.com\/index.php?rest_route=%2Fwp%2Fv2%2Fcomments&post=1465"}],"wp:featuredmedia":[{"embeddable":true,"href":"https:\/\/teammutantecuador.com\/index.php?rest_route=\/wp\/v2\/media\/1772"}],"wp:attachment":[{"href":"https:\/\/teammutantecuador.com\/index.php?rest_route=%2Fwp%2Fv2%2Fmedia&parent=1465"}],"wp:term":[{"taxonomy":"product_brand","embeddable":true,"href":"https:\/\/teammutantecuador.com\/index.php?rest_route=%2Fwp%2Fv2%2Fproduct_brand&post=1465"},{"taxonomy":"product_cat","embeddable":true,"href":"https:\/\/teammutantecuador.com\/index.php?rest_route=%2Fwp%2Fv2%2Fproduct_cat&post=1465"},{"taxonomy":"product_tag","embeddable":true,"href":"https:\/\/teammutantecuador.com\/index.php?rest_route=%2Fwp%2Fv2%2Fproduct_tag&post=1465"}],"curies":[{"name":"wp","href":"https:\/\/api.w.org\/{rel}","templated":true}]}}