{"id":1462,"date":"2026-01-17T16:04:03","date_gmt":"2026-01-17T16:04:03","guid":{"rendered":"https:\/\/teammutantecuador.com\/?post_type=product&#038;p=1462"},"modified":"2026-01-21T11:28:45","modified_gmt":"2026-01-21T11:28:45","slug":"oxa-oxanbolic-10mg-50comp-cooper-pharma","status":"publish","type":"product","link":"https:\/\/teammutantecuador.com\/?product=oxa-oxanbolic-10mg-50comp-cooper-pharma","title":{"rendered":"Oxa Oxanbolic 10mg 50comp Cooper Pharma"},"content":{"rendered":"<p>Oxa Oxanbolic 10mg 50comp Cooper Pharma<br \/>\nForma de administraci\u00f3n:<br \/>\nCompuesto activo: Oxandrolona<br \/>\nDosis recomendada: Entre 20 mg \u2013 40 mg diario.<br \/>\nTipo: Ciclo de incremento de fuerza \/ Masa muscular magra \/ Definicion corte y secado<br \/>\nProtecci\u00f3n durante el tratamiento: Se recomienda el uso de un hepatoprotector.<br \/>\nNivel: Para todos los usuarios.<br \/>\nEFECTOS POSITIVOS DE LA OXA<br \/>\nGran aumento de fuerza sin aumentar de peso<br \/>\nAumento de masa magra<br \/>\nLos efectos secundarios como la androgenidad son nulos<br \/>\nINFORMACI\u00d3N DE LA OXA<br \/>\nOxa es uno de los esteroides preferidos por culturistas y amantes del fitness, ya que es uno de los anab\u00f3licos m\u00e1s ligeros y eficaces que proporciona fuerza en procesos de definicion sin correr el riesgo de sufrir grandes efectos secundarios androg\u00e9nicos. Estas caracter\u00edsticas tambi\u00e9n hacen que sea tomada en cuenta por muchos levantadores de pesas.<\/p>\n<p>El modo de acci\u00f3n es diferente al de los otros esteroides anab\u00f3licos, ya que la mayor\u00eda de estos tienen la propiedad de aumentar la fuerza del atleta a trav\u00e9s del aumento del volumen muscular y la retenci\u00f3n de l\u00edquido.<\/p>\n<p>Sin embargo, en lugar de aportar fuerza al aumentar el volumen, mejora la resistencia de la masa muscular ya existente a trav\u00e9s del aumento de la s\u00edntesis de proteinas y creatina que se origina dentro de las c\u00e9lulas musculares, originando un aumento de la fuerza mayor en comparaci\u00f3n con otros esteroides, pero sin ning\u00fan incremento de peso.<\/p>\n<p>Es por esta raz\u00f3n que es un f\u00e1rmaco que est\u00e1 hecho a la medida para los levantadores de pesa, ya que solo buscan el aumento de fuerza manteni\u00e9ndose dentro de una cierta categor\u00eda de peso.<\/p>\n<p>DEFINICION MUSCULAR Y OXANDROLONA<br \/>\nTambi\u00e9n se utiliza en definicion producto de la combusti\u00f3n de grasa y la tonificaci\u00f3n muscular. Aunque esta propiedad parece ser suficiente para ser uno de los f\u00e1rmacos favoritos para las mujeres, la ausencia total de los efectos secundarios androg\u00e9nicos es en realidad la raz\u00f3n de su popularidad. Ss entonces un medicamento de efectos ligeros , puesto que no afecta el metabolismo y los ciclos hormonales femeninos cuando se utiliza dentro de las dosis recomendadas.<\/p>\n<p>No causa problemas de acn\u00e9, hipertrofia del cl\u00edtoris en las mujeres, profundizaci\u00f3n de la voz, calvicie, entre otros problemas virilizantes t\u00edpicos.<\/p>\n<p>Oxa no ocasiona retenci\u00f3n de l\u00edquidos, adem\u00e1s que no influye de manera negativa sobre la producci\u00f3n de las hormonas naturales del cuerpo, en otras palabras, no afecta la producci\u00f3n end\u00f3gena de la testosterona durante el ciclo.<\/p>\n<p>De igual manera no desequilibra los niveles de la hormona estr\u00f3geno, puesto que lo aromatiza y no existe el riesgo de causar ginecomastia en los hombres, o trastornos del ciclo estrog\u00e9nico en las mujeres.<\/p>\n<p>Algunos de los posibles efectos secundarios que pueden llegar a presentarse en algunos usuarios son n\u00e1useas y v\u00f3mitos, y en los casos m\u00e1s extremos diarrea.<\/p>\n<p>Por ser un esteroide oral alfa-alquilados 17 puede resultar t\u00f3xico para el sistema hep\u00e1tico cuando se administran altas dosis durante un largo periodo de tiempo. Para evitar problemas en el h\u00edgado, los usuarios generalmente utilizan dosis moderadas en un ciclo de Oxandrolona durante un mes como m\u00e1ximo. Tambi\u00e9n se recomienda el uso de protectores hep\u00e1ticos para promover la recuperaci\u00f3n de las c\u00e9lulas sanas del h\u00edgado.<\/p>\n<p>\u00bfCOMO SE SUELE UTILIZAR LA OXANDROLONA?<br \/>\nLa dosis utilizada de oxa generalmente por los usuarios var\u00eda entre los 20 \u2013 40 mg diarios en los hombres, y entre los 10 \u2013 20 mg en las mujeres, en un lapso de tiempo no mayor a un mes.<\/p>\n<p>En algunos casos en los que se busque un aumento de peso y fuerza, oxandrolona se puede combinar bien con un anab\u00f3lico m\u00e1s fuerte de testosterona o Deca. Esta mezcla causa un aumento de masa muscular magra y densa. Algunos levantadores de pesas se inclinan m\u00e1s por la mezcla de Anavar y Halotestin, ya que causa un aumento exagerado en la fuerza y con un importante incremento de musculatura densa.<\/p>\n<p>Oxandrolone es un esteroide artificial, similar a la testosterona, un esteroide natural que ocurre en el cuerpo. Oxandrolone es un esteroide \u201canab\u00f3lico\u201d que promueve el crecimiento del tejido muscular.<\/p>\n<p>Oxandrolone se usa para ayudarle a recuperar el peso perdido despu\u00e9s de una cirug\u00eda, un trauma severo o infecciones cr\u00f3nicas. Oxandrolone tambi\u00e9n se utiliza en personas que no pueden obtener o mantener un peso saludable por razones m\u00e9dicas desconocidas.<\/p>\n<p>Oxandrolone tambi\u00e9n se usa para disminuir la p\u00e9rdida de masa muscular causada por medicamentos esteroides y para reducir el dolor de huesos en personas con osteoporosis.<\/p>\n<p>Oxandrolone puede tambi\u00e9n usarse para fines no mencionados en esta gu\u00eda del medicamento.<\/p>\n<div>Oxandrolona (cuyo nombre qu\u00edmico es 17b-hidroxy-17a-methyl-2-oxa-5a-androstano-3-ona) es un anab\u00f3lico medio con muy baja actividad androg\u00e9nica.<\/div>\n<div><\/div>\n<div>\n<p><b>Perfil:<\/b><\/p>\n<ul>\n<li>Actividad: 8 a 12 horas<\/li>\n<li>Dosis media hombres: de 30 a 60 mg.\/ d\u00eda<\/li>\n<li>Dosis media mujeres: de 5 a 20 mg.\/d\u00eda<\/li>\n<li>Toxicidad hep\u00e1tica: Baja<\/li>\n<li>Tasa de aromatizaci\u00f3n: No<\/li>\n<li>Conversi\u00f3n DHT: Baja<\/li>\n<li>Disminuir la funci\u00f3n HPTA: Baja a moderada<\/li>\n<li>Tasa Anab\u00f3lico \/ androg\u00e9nico: 322 \/ 24<\/li>\n<li>Derivado de: Dihidrotestosterona<\/li>\n<\/ul>\n<p>Este esteroide es conocido como un buen agente promotor de fuerza y ganancias con calidad muscular, com\u00fanmente usado para ciclos de definici\u00f3n por su poca retenci\u00f3n hidrica. Combinado con winstrol, Primobolan, Master\u00f3n, Trembolona, o cualquier anabolizante, incluso testosterona, puede producir crecimiento muscular y dureza sin retenci\u00f3n de l\u00edquidos. Debo aclarar que todos los anabolizantes crean masa muscular y fuerza, lo que pasa que los que no retienen l\u00edquidos son los utilizados para definici\u00f3n como en este caso la Oxandrolona.<\/p>\n<p>Estudios que usan dosificaciones bajas de este compuesto muestran interferencias m\u00ednimas con la producci\u00f3n natural de testosterona. De igual modo cuando se usa exclusivamente este compuesto en cantidades peque\u00f1as por lo general no hay necesidad de usar las drogas auxiliares como Clomid, Nolvadex o HCG.<\/p>\n<p>Adem\u00e1s, no influye significativamente en la producci\u00f3n normal de testosterona del cuerpo (eje HPTA) con dosis bajas (20 mg). Cuando las dosis son altas, el cuerpo humano reacciona mediante la reducci\u00f3n de la producci\u00f3n de LH (hormona luteinizante), pensando que la producci\u00f3n de testosterona end\u00f3gena es demasiado alta, lo que a su vez elimina una mayor estimulaci\u00f3n de las c\u00e9lulas de Leydig en los test\u00edculos, causando atrofia testicular (encogimiento). La Oxandrolona utilizada en una dosis de 20 mg \/ d\u00eda suprimi\u00f3 la testosterona end\u00f3gena en un 67% despu\u00e9s de 12 semanas de tratamiento.<\/p>\n<p>En un estudio aleatorio, los pacientes con quemaduras del 40% de la superficie corporal fueron seleccionados para recibir un cuidado est\u00e1ndar a las quemaduras, unos con oxandrolona, \u200b\u200by otros sin oxandrolona. Los tratados con oxandrolona mostraron composici\u00f3n mejorada corporal, la masa muscular se preservo y hubo un menor tiempo de estancia hospitalaria. Anavar se dise\u00f1\u00f3 como un anab\u00f3lico sumamente suave, que pudiera usarse de manera segura como un estimulante de crecimiento en ni\u00f1os. Uno piensa inmediatamente en la preocupaci\u00f3n est\u00e1ndar, \u201clos esteroides impedir\u00e1n el crecimiento\u201d. Pero realmente es el exceso de estr\u00f3genos producido por la mayor\u00eda de los esteroides los culpables de este problema, as\u00ed como es la raz\u00f3n por del qu\u00e9 las mujeres dejan de crecer m\u00e1s pronto y tienen una media estatura m\u00e1s corta que los hombres. La oxandrolona no aromatizar\u00e1, y por consiguiente el efecto anab\u00f3lico del compuesto puede realmente promover crecimiento lineal. Las mujeres normalmente toleran bien esta droga en dosis bajas, y una vez se prescribi\u00f3 para el tratamiento de la osteoporosis.<\/p>\n<p>Una vez la oxandrolona tambi\u00e9n fue vista como una posible droga para aquellos que padecen des\u00f3rdenes de colesterol alto o triglic\u00e9ridos. Los estudios iniciales mostraron que el compuesto es capaz de bajar el colesterol total y los valores de los triglic\u00e9ridos en ciertos tipos de pacientes hiperlipidemicos, lo que inicialmente se pensaba que significaba un potencial para esta droga como un agente hypo-l\u00edpido (que disminuye los l\u00edpidos). Posteriormente con una investigaci\u00f3n un poco m\u00e1s extensa encontramos sin embargo, que el lapso mientras se usa esta droga puede ser relacionado con la disminuci\u00f3n de los valores totales de colesterol, de tal modo que ocurre una redistribuci\u00f3n en la proporci\u00f3n del colesterol bueno (HDL) al malo (LDL), normalmente moviendo los valores hacia una direcci\u00f3n desfavorable.<\/p>\n<p>Esto por supuesto negar\u00eda cualquier efecto positivo que la droga podr\u00eda tener sobre los triglic\u00e9ridos o el colesterol total, y de hecho la hace un peligro en t\u00e9rminos de riesgo card\u00edaco cuando es tomada por periodos de tiempo prolongados. Hoy en d\u00eda entendemos que como un grupo los esteroides anab\u00f3licos \/ androg\u00e9nicos producen cambios muy desfavorables en los perfiles de los l\u00edpidos, y no son realmente \u00fatiles en des\u00f3rdenes del metabolismo de los l\u00edpidos.<\/p>\n<p>FORMA FARMAC\u00c9UTICA: Oral<\/p>\n<p>PRESENTACI\u00d3N: 50 Tabletas\/10mg<\/p>\n<p>FORMULA CADA TABLETA CONTIENE: Oxandrolona \u2026\u2026\u2026\u2026\u2026 10 mg<\/p>\n<p>INDICACIONES:<\/p>\n<p>\u2022 Excelente para el uso femenino, por no tener efectos androgenicos.<br \/>\n\u2022 Para mayor quema de grasa<br \/>\n\u2022 Reducci\u00f3n de grasa corporal<br \/>\n\u2022 Pre competencia culturista \u2013 fase definici\u00f3n y corte.<\/p>\n<\/div>\n","protected":false},"excerpt":{"rendered":"<p>Oxa Oxanbolic 10mg 50comp Cooper Pharma<br \/>\nForma de administraci\u00f3n:<br \/>\nCompuesto activo: Oxandrolona<br \/>\nDosis recomendada: Entre 20 mg \u2013 40 mg diario.<br \/>\nTipo: Ciclo de incremento de fuerza \/ Masa muscular magra \/ Definicion corte y secado<br \/>\nProtecci\u00f3n durante el tratamiento: Se recomienda el uso de un hepatoprotector.<br \/>\nNivel: Para todos los usuarios.<\/p>\n","protected":false},"featured_media":1786,"comment_status":"open","ping_status":"closed","template":"","meta":[],"product_brand":[112],"product_cat":[392],"product_tag":[105,142],"class_list":{"0":"post-1462","1":"product","2":"type-product","3":"status-publish","4":"has-post-thumbnail","6":"product_brand-cooper-pharma","7":"product_cat-anabolicos","8":"product_tag-anabolico","9":"product_tag-oxandrolona","11":"first","12":"instock","13":"sale","14":"shipping-taxable","15":"purchasable","16":"product-type-simple"},"yoast_head":"<!-- This site is optimized with the Yoast SEO plugin v26.8 - https:\/\/yoast.com\/product\/yoast-seo-wordpress\/ -->\n<title>Oxa Oxanbolic 10mg 50comp Cooper Pharma - Team Mutan Ecuador<\/title>\n<meta name=\"description\" content=\"Oxa Oxanbolic 10mg 50comp Cooper Pharma Forma de administraci\u00f3n:Compuesto activo: OxandrolonaDosis recomendada: Entre 20 mg \u2013 40 mg diario.Tipo: Ciclo de incremento de fuerza \/ Masa muscular magra \/ Definicion corte y secadoProtecci\u00f3n durante el tratamiento: Se recomienda el uso de un hepatoprotector.Nivel: Para todos los usuarios.\" \/>\n<meta name=\"robots\" content=\"index, follow, max-snippet:-1, max-image-preview:large, max-video-preview:-1\" \/>\n<link rel=\"canonical\" href=\"https:\/\/teammutantecuador.com\/?product=oxa-oxanbolic-10mg-50comp-cooper-pharma\" \/>\n<meta property=\"og:locale\" content=\"es_ES\" \/>\n<meta property=\"og:type\" content=\"article\" \/>\n<meta property=\"og:title\" content=\"Oxa Oxanbolic 10mg 50comp Cooper Pharma - Team Mutan Ecuador\" \/>\n<meta property=\"og:description\" content=\"Oxa Oxanbolic 10mg 50comp Cooper Pharma Forma de administraci\u00f3n:Compuesto activo: OxandrolonaDosis recomendada: Entre 20 mg \u2013 40 mg diario.Tipo: Ciclo de incremento de fuerza \/ Masa muscular magra \/ Definicion corte y secadoProtecci\u00f3n durante el tratamiento: Se recomienda el uso de un hepatoprotector.Nivel: Para todos los usuarios.\" \/>\n<meta property=\"og:url\" content=\"https:\/\/teammutantecuador.com\/?product=oxa-oxanbolic-10mg-50comp-cooper-pharma\" \/>\n<meta property=\"og:site_name\" content=\"Team Mutan Ecuador\" \/>\n<meta property=\"article:modified_time\" content=\"2026-01-21T11:28:45+00:00\" \/>\n<meta property=\"og:image\" content=\"https:\/\/teammutantecuador.com\/wp-content\/uploads\/2026\/01\/Diseno-sin-titulo-2026-01-17T004056.166.jpg\" \/>\n\t<meta property=\"og:image:width\" content=\"800\" \/>\n\t<meta property=\"og:image:height\" content=\"800\" \/>\n\t<meta property=\"og:image:type\" content=\"image\/jpeg\" \/>\n<meta name=\"twitter:card\" content=\"summary_large_image\" \/>\n<meta name=\"twitter:label1\" content=\"Tiempo de lectura\" \/>\n\t<meta name=\"twitter:data1\" content=\"7 minutos\" \/>\n<script type=\"application\/ld+json\" class=\"yoast-schema-graph\">{\"@context\":\"https:\/\/schema.org\",\"@graph\":[{\"@type\":\"WebPage\",\"@id\":\"https:\/\/teammutantecuador.com\/?product=oxa-oxanbolic-10mg-50comp-cooper-pharma\",\"url\":\"https:\/\/teammutantecuador.com\/?product=oxa-oxanbolic-10mg-50comp-cooper-pharma\",\"name\":\"Oxa Oxanbolic 10mg 50comp Cooper Pharma - Team Mutan Ecuador\",\"isPartOf\":{\"@id\":\"https:\/\/teammutantecuador.com\/#website\"},\"primaryImageOfPage\":{\"@id\":\"https:\/\/teammutantecuador.com\/?product=oxa-oxanbolic-10mg-50comp-cooper-pharma#primaryimage\"},\"image\":{\"@id\":\"https:\/\/teammutantecuador.com\/?product=oxa-oxanbolic-10mg-50comp-cooper-pharma#primaryimage\"},\"thumbnailUrl\":\"https:\/\/teammutantecuador.com\/wp-content\/uploads\/2026\/01\/Diseno-sin-titulo-2026-01-17T004056.166.jpg\",\"datePublished\":\"2026-01-17T16:04:03+00:00\",\"dateModified\":\"2026-01-21T11:28:45+00:00\",\"description\":\"Oxa Oxanbolic 10mg 50comp Cooper Pharma Forma de administraci\u00f3n:Compuesto activo: OxandrolonaDosis recomendada: Entre 20 mg \u2013 40 mg diario.Tipo: Ciclo de incremento de fuerza \/ Masa muscular magra \/ Definicion corte y secadoProtecci\u00f3n durante el tratamiento: Se recomienda el uso de un hepatoprotector.Nivel: Para todos los usuarios.\",\"breadcrumb\":{\"@id\":\"https:\/\/teammutantecuador.com\/?product=oxa-oxanbolic-10mg-50comp-cooper-pharma#breadcrumb\"},\"inLanguage\":\"es\",\"potentialAction\":[{\"@type\":\"ReadAction\",\"target\":[\"https:\/\/teammutantecuador.com\/?product=oxa-oxanbolic-10mg-50comp-cooper-pharma\"]}]},{\"@type\":\"ImageObject\",\"inLanguage\":\"es\",\"@id\":\"https:\/\/teammutantecuador.com\/?product=oxa-oxanbolic-10mg-50comp-cooper-pharma#primaryimage\",\"url\":\"https:\/\/teammutantecuador.com\/wp-content\/uploads\/2026\/01\/Diseno-sin-titulo-2026-01-17T004056.166.jpg\",\"contentUrl\":\"https:\/\/teammutantecuador.com\/wp-content\/uploads\/2026\/01\/Diseno-sin-titulo-2026-01-17T004056.166.jpg\",\"width\":800,\"height\":800,\"caption\":\"Oxa Oxanbolic 10mg 50comp Cooper Pharma\"},{\"@type\":\"BreadcrumbList\",\"@id\":\"https:\/\/teammutantecuador.com\/?product=oxa-oxanbolic-10mg-50comp-cooper-pharma#breadcrumb\",\"itemListElement\":[{\"@type\":\"ListItem\",\"position\":1,\"name\":\"Portada\",\"item\":\"https:\/\/teammutantecuador.com\/\"},{\"@type\":\"ListItem\",\"position\":2,\"name\":\"Shop\",\"item\":\"https:\/\/teammutantecuador.com\/?page_id=6\"},{\"@type\":\"ListItem\",\"position\":3,\"name\":\"Oxa Oxanbolic 10mg 50comp Cooper Pharma\"}]},{\"@type\":\"WebSite\",\"@id\":\"https:\/\/teammutantecuador.com\/#website\",\"url\":\"https:\/\/teammutantecuador.com\/\",\"name\":\"Team Mutan Ecuador\",\"description\":\"Just another WordPress site\",\"publisher\":{\"@id\":\"https:\/\/teammutantecuador.com\/#organization\"},\"potentialAction\":[{\"@type\":\"SearchAction\",\"target\":{\"@type\":\"EntryPoint\",\"urlTemplate\":\"https:\/\/teammutantecuador.com\/?s={search_term_string}\"},\"query-input\":{\"@type\":\"PropertyValueSpecification\",\"valueRequired\":true,\"valueName\":\"search_term_string\"}}],\"inLanguage\":\"es\"},{\"@type\":\"Organization\",\"@id\":\"https:\/\/teammutantecuador.com\/#organization\",\"name\":\"Team Mutan Ecuador\",\"url\":\"https:\/\/teammutantecuador.com\/\",\"logo\":{\"@type\":\"ImageObject\",\"inLanguage\":\"es\",\"@id\":\"https:\/\/teammutantecuador.com\/#\/schema\/logo\/image\/\",\"url\":\"https:\/\/teammutantecuador.com\/wp-content\/uploads\/2026\/01\/Diseno-sin-titulo-97.png\",\"contentUrl\":\"https:\/\/teammutantecuador.com\/wp-content\/uploads\/2026\/01\/Diseno-sin-titulo-97.png\",\"width\":500,\"height\":300,\"caption\":\"Team Mutan Ecuador\"},\"image\":{\"@id\":\"https:\/\/teammutantecuador.com\/#\/schema\/logo\/image\/\"}}]}<\/script>\n<!-- \/ Yoast SEO plugin. -->","yoast_head_json":{"title":"Oxa Oxanbolic 10mg 50comp Cooper Pharma - Team Mutan Ecuador","description":"Oxa Oxanbolic 10mg 50comp Cooper Pharma Forma de administraci\u00f3n:Compuesto activo: OxandrolonaDosis recomendada: Entre 20 mg \u2013 40 mg diario.Tipo: Ciclo de incremento de fuerza \/ Masa muscular magra \/ Definicion corte y secadoProtecci\u00f3n durante el tratamiento: Se recomienda el uso de un hepatoprotector.Nivel: Para todos los usuarios.","robots":{"index":"index","follow":"follow","max-snippet":"max-snippet:-1","max-image-preview":"max-image-preview:large","max-video-preview":"max-video-preview:-1"},"canonical":"https:\/\/teammutantecuador.com\/?product=oxa-oxanbolic-10mg-50comp-cooper-pharma","og_locale":"es_ES","og_type":"article","og_title":"Oxa Oxanbolic 10mg 50comp Cooper Pharma - Team Mutan Ecuador","og_description":"Oxa Oxanbolic 10mg 50comp Cooper Pharma Forma de administraci\u00f3n:Compuesto activo: OxandrolonaDosis recomendada: Entre 20 mg \u2013 40 mg diario.Tipo: Ciclo de incremento de fuerza \/ Masa muscular magra \/ Definicion corte y secadoProtecci\u00f3n durante el tratamiento: Se recomienda el uso de un hepatoprotector.Nivel: Para todos los usuarios.","og_url":"https:\/\/teammutantecuador.com\/?product=oxa-oxanbolic-10mg-50comp-cooper-pharma","og_site_name":"Team Mutan Ecuador","article_modified_time":"2026-01-21T11:28:45+00:00","og_image":[{"width":800,"height":800,"url":"https:\/\/teammutantecuador.com\/wp-content\/uploads\/2026\/01\/Diseno-sin-titulo-2026-01-17T004056.166.jpg","type":"image\/jpeg"}],"twitter_card":"summary_large_image","twitter_misc":{"Tiempo de lectura":"7 minutos"},"schema":{"@context":"https:\/\/schema.org","@graph":[{"@type":"WebPage","@id":"https:\/\/teammutantecuador.com\/?product=oxa-oxanbolic-10mg-50comp-cooper-pharma","url":"https:\/\/teammutantecuador.com\/?product=oxa-oxanbolic-10mg-50comp-cooper-pharma","name":"Oxa Oxanbolic 10mg 50comp Cooper Pharma - Team Mutan Ecuador","isPartOf":{"@id":"https:\/\/teammutantecuador.com\/#website"},"primaryImageOfPage":{"@id":"https:\/\/teammutantecuador.com\/?product=oxa-oxanbolic-10mg-50comp-cooper-pharma#primaryimage"},"image":{"@id":"https:\/\/teammutantecuador.com\/?product=oxa-oxanbolic-10mg-50comp-cooper-pharma#primaryimage"},"thumbnailUrl":"https:\/\/teammutantecuador.com\/wp-content\/uploads\/2026\/01\/Diseno-sin-titulo-2026-01-17T004056.166.jpg","datePublished":"2026-01-17T16:04:03+00:00","dateModified":"2026-01-21T11:28:45+00:00","description":"Oxa Oxanbolic 10mg 50comp Cooper Pharma Forma de administraci\u00f3n:Compuesto activo: OxandrolonaDosis recomendada: Entre 20 mg \u2013 40 mg diario.Tipo: Ciclo de incremento de fuerza \/ Masa muscular magra \/ Definicion corte y secadoProtecci\u00f3n durante el tratamiento: Se recomienda el uso de un hepatoprotector.Nivel: Para todos los usuarios.","breadcrumb":{"@id":"https:\/\/teammutantecuador.com\/?product=oxa-oxanbolic-10mg-50comp-cooper-pharma#breadcrumb"},"inLanguage":"es","potentialAction":[{"@type":"ReadAction","target":["https:\/\/teammutantecuador.com\/?product=oxa-oxanbolic-10mg-50comp-cooper-pharma"]}]},{"@type":"ImageObject","inLanguage":"es","@id":"https:\/\/teammutantecuador.com\/?product=oxa-oxanbolic-10mg-50comp-cooper-pharma#primaryimage","url":"https:\/\/teammutantecuador.com\/wp-content\/uploads\/2026\/01\/Diseno-sin-titulo-2026-01-17T004056.166.jpg","contentUrl":"https:\/\/teammutantecuador.com\/wp-content\/uploads\/2026\/01\/Diseno-sin-titulo-2026-01-17T004056.166.jpg","width":800,"height":800,"caption":"Oxa Oxanbolic 10mg 50comp Cooper Pharma"},{"@type":"BreadcrumbList","@id":"https:\/\/teammutantecuador.com\/?product=oxa-oxanbolic-10mg-50comp-cooper-pharma#breadcrumb","itemListElement":[{"@type":"ListItem","position":1,"name":"Portada","item":"https:\/\/teammutantecuador.com\/"},{"@type":"ListItem","position":2,"name":"Shop","item":"https:\/\/teammutantecuador.com\/?page_id=6"},{"@type":"ListItem","position":3,"name":"Oxa Oxanbolic 10mg 50comp Cooper Pharma"}]},{"@type":"WebSite","@id":"https:\/\/teammutantecuador.com\/#website","url":"https:\/\/teammutantecuador.com\/","name":"Team Mutan Ecuador","description":"Just another WordPress site","publisher":{"@id":"https:\/\/teammutantecuador.com\/#organization"},"potentialAction":[{"@type":"SearchAction","target":{"@type":"EntryPoint","urlTemplate":"https:\/\/teammutantecuador.com\/?s={search_term_string}"},"query-input":{"@type":"PropertyValueSpecification","valueRequired":true,"valueName":"search_term_string"}}],"inLanguage":"es"},{"@type":"Organization","@id":"https:\/\/teammutantecuador.com\/#organization","name":"Team Mutan Ecuador","url":"https:\/\/teammutantecuador.com\/","logo":{"@type":"ImageObject","inLanguage":"es","@id":"https:\/\/teammutantecuador.com\/#\/schema\/logo\/image\/","url":"https:\/\/teammutantecuador.com\/wp-content\/uploads\/2026\/01\/Diseno-sin-titulo-97.png","contentUrl":"https:\/\/teammutantecuador.com\/wp-content\/uploads\/2026\/01\/Diseno-sin-titulo-97.png","width":500,"height":300,"caption":"Team Mutan Ecuador"},"image":{"@id":"https:\/\/teammutantecuador.com\/#\/schema\/logo\/image\/"}}]}},"_links":{"self":[{"href":"https:\/\/teammutantecuador.com\/index.php?rest_route=\/wp\/v2\/product\/1462","targetHints":{"allow":["GET"]}}],"collection":[{"href":"https:\/\/teammutantecuador.com\/index.php?rest_route=\/wp\/v2\/product"}],"about":[{"href":"https:\/\/teammutantecuador.com\/index.php?rest_route=\/wp\/v2\/types\/product"}],"replies":[{"embeddable":true,"href":"https:\/\/teammutantecuador.com\/index.php?rest_route=%2Fwp%2Fv2%2Fcomments&post=1462"}],"wp:featuredmedia":[{"embeddable":true,"href":"https:\/\/teammutantecuador.com\/index.php?rest_route=\/wp\/v2\/media\/1786"}],"wp:attachment":[{"href":"https:\/\/teammutantecuador.com\/index.php?rest_route=%2Fwp%2Fv2%2Fmedia&parent=1462"}],"wp:term":[{"taxonomy":"product_brand","embeddable":true,"href":"https:\/\/teammutantecuador.com\/index.php?rest_route=%2Fwp%2Fv2%2Fproduct_brand&post=1462"},{"taxonomy":"product_cat","embeddable":true,"href":"https:\/\/teammutantecuador.com\/index.php?rest_route=%2Fwp%2Fv2%2Fproduct_cat&post=1462"},{"taxonomy":"product_tag","embeddable":true,"href":"https:\/\/teammutantecuador.com\/index.php?rest_route=%2Fwp%2Fv2%2Fproduct_tag&post=1462"}],"curies":[{"name":"wp","href":"https:\/\/api.w.org\/{rel}","templated":true}]}}