{"id":1460,"date":"2026-01-17T16:04:03","date_gmt":"2026-01-17T16:04:03","guid":{"rendered":"https:\/\/teammutantecuador.com\/?post_type=product&#038;p=1460"},"modified":"2026-01-20T16:42:27","modified_gmt":"2026-01-20T16:42:27","slug":"turinabol-turbolic-10mg-50comp-cooper-pharma","status":"publish","type":"product","link":"https:\/\/teammutantecuador.com\/?product=turinabol-turbolic-10mg-50comp-cooper-pharma","title":{"rendered":"Turinabol Turbolic 10mg\/50comp Cooper Pharma"},"content":{"rendered":"<p><strong>Turbolic Turinabol Cooper Pharma<\/strong><\/p>\n<p>Turinabol es un esteroide anab\u00f3lico oral. Es un esteroide anab\u00f3lico con una calidad y una baja de andr\u00f3genos.\u00a0<strong>Por lo tanto se utiliza principalmente para el aumento de peso, sino tambi\u00e9n para el aumento de la fuerza<\/strong>.<br \/>\nForma de administraci\u00f3n:<br \/>\nCompuesto activo: Chlorodehydromethyltestosterone<br \/>\nDosis recomendada: Entre 20 \u2013 60 mg al d\u00eda. Puede variar de acuerdo al peso corporal.<br \/>\nTipo: Ciclo de definici\u00f3n \/ volumen \/ fuerza.<br \/>\nProtecci\u00f3n durante el tratamiento: Se recomienda el uso de un protector hep\u00e1tico.<br \/>\nNivel: Para todos los usuarios.<br \/>\nEfectos positivos<br \/>\nGanancia de masa en poco tiempo.<br \/>\nDesarrollo de masa muscular magra y duradera.<br \/>\nIncremento en la fuerza.<br \/>\nPoco riesgo de retenci\u00f3n de l\u00edquido.<br \/>\nInformaci\u00f3n<br \/>\nTambi\u00e9n conocido como T-bol, es un esteroide <strong>anab\u00f3lico oral<\/strong>. Es muy utilizado por los culturistas por su capacidad de aumentar la masa muscular, el peso y la fuerza. El incremento de peso suele ser de calidad, sin retenci\u00f3n de l\u00edquido. Este f\u00e1rmaco fue desarrollado a partir de una versi\u00f3n metilada de la 4 \u2013 chloro testosterona en los a\u00f1os 60 por investigadores de la Alemania del Este, con la finalidad de proporcionarle m\u00e1s fuerza y musculatura a los deportistas de las distintas disciplinas sin que estos fueran detectados por los respectivos controles antidopajes propios de las competiciones como los Juegos Ol\u00edmpicos, Mundiales y otros eventos deportivos nacionales.<\/p>\n<p>Es muy popular en los deportes, sobre todo si se tiene como prioridad conseguir una musculatura fuerte, voluminosa y duradera. El <strong>Turinabol<\/strong> se compara con el Dianabol ya que su base est\u00e1 compuesta de las mismas mol\u00e9culas. En el contexto de las competiciones deportivas, los usuarios lo prefieren porque luego de un descanso de 15 d\u00edas, todos los elementos qu\u00edmicos del f\u00e1rmaco han sido expulsados del organismo a trav\u00e9s de la orina.<\/p>\n<p>Tiene efectos anab\u00f3licos muy similares a los de la testosterona, con la ventaja de que tiene poca o ninguna actividad androg\u00e9nica, lo cual lo convierte en un excelente aliado<\/p>\n<p>Dianabol y Anavar, con efectos anab\u00f3licos moderados y pocos efectos secundarios. Sin embargo, hay que prestar atenci\u00f3n al riesgo de hepatotoxicidad, para lo cual el uso simult\u00e1neo de un protector hep\u00e1tico como Biletan o Silimarian es necesario.<\/p>\n<p>Es recomendable no exceder las 6 semanas de ciclo. Por \u00faltimo, para la reactivaci\u00f3n de la producci\u00f3n natural de testosterona, utilice Clomid o Nolvadex durante unos 20 d\u00edas.<\/p>\n<h2>Los efectos positivos de Turinabol<\/h2>\n<p>Como se inform\u00f3 anteriormente, el Turinabol proporciona el m\u00fasculo m\u00e1s eficiente y de mayor duraci\u00f3n. El atleta que utiliza, por tanto, no debe esperar para obtener r\u00e1pidamente la fuerza, los m\u00fasculos y peso. Es un esteroide anab\u00f3lico que puede ser descrito como anab\u00f3lico \u201ca largo plazo\u201d.<\/p>\n<p>Gracias a su baja dosis, que es absorbido r\u00e1pidamente por el cuerpo que a su vez evacuar lo m\u00e1s r\u00e1pidamente metabolitos en la orina. Los controles antidopaje normalmente no detectan estos Turinabol si el atleta se detiene la medicaci\u00f3n en 5 d\u00edas antes de una competici\u00f3n.<\/p>\n<p>El Turinabol es un producto que, a priori no causa retenci\u00f3n de agua debido a su agua de equilibrio y minerales. En realidad, es menos que otros andr\u00f3genos anab\u00f3licos, as\u00ed conocida\u00a0Dianabol\u00a0por ejemplo. Adem\u00e1s, esta propiedad permite que pueda ser utilizado f\u00e1cilmente por las mujeres. Sin embargo se debe tener cuidado de no exceder los tiempos de fabricaci\u00f3n recomendadas.<\/p>\n<blockquote><p>Por \u00faltimo, la sustituci\u00f3n por cloro impide la interacci\u00f3n con la aromatasa. As\u00ed que hay muy poco riesgo de ginecomastia o la conversi\u00f3n a DHT.<\/p><\/blockquote>\n<p>En conclusi\u00f3n,<strong>\u00a0El Turinabol es una gran esteroides para preparar su cuerpo<\/strong>\u00a0forma \u201cnatural\u201d. Su capacidad para proporcionar los m\u00fasculos profundos y completos que muchos atletas tambi\u00e9n lo utilizan en reposo (fuera de temporada). Esto permite que se preparen sin aumentar de peso, sino por el fortalecimiento de sus m\u00fasculos.<\/p>\n<h2>Los efectos secundarios de Turinabol<\/h2>\n<p>En lugar de efectos negativos es m\u00e1s efectos secundarios que pueden ocurrir por el Abuso de la Dosis. Debido a que, como hemos visto, el Turinabol esteroides en realidad relativamente \u201csuave\u201d.<\/p>\n<p>En primer lugar\u00a0<strong>es evidente que la cura de Turinabol no debe extenderse m\u00e1s all\u00e1 de semana 6 u 8 semanas en promedio<\/strong>.. El consumo de las dosis normales de Turinabol (sobre 20mg por d\u00eda), habr\u00e1 una disminuci\u00f3n en los niveles end\u00f3genos de testosterona. Aunque el Turinabol disminuye esta tasa testosterona como un valor\u00a0<strong>de al 60 70% de su valor inicial<\/strong>, Puede ser necesario a la ingesta de testosterona ex\u00f3gena como\u00a0Enanthathe de Testosterona, (Proviron Depot, Testoviron, Enanbolic,\u00a0Sustanon, Susobolic). No debes Olvidar que una vez finalizado tu Ciclo, debes realizar tu Terapia Post Ciclo con los Siguientes Medicmentos:\u00a0Clombolic,\u00a0Novalbolic,\u00a0Ovigyl.<\/p>\n","protected":false},"excerpt":{"rendered":"<p>Turbolic Turinabol Cooper Pharma<br \/>\nForma de administraci\u00f3n:<br \/>\nCompuesto activo: Chlorodehydromethyltestosterone<br \/>\nDosis recomendada: Entre 20 \u2013 60 mg al d\u00eda. Puede variar de acuerdo al peso corporal.<br \/>\nTipo: Ciclo de definici\u00f3n \/ volumen \/ fuerza.<br \/>\nProtecci\u00f3n durante el tratamiento: Se recomienda el uso de un protector hep\u00e1tico.<br \/>\nNivel: Para todos los usuarios.<\/p>\n","protected":false},"featured_media":1820,"comment_status":"open","ping_status":"closed","template":"","meta":[],"product_brand":[112],"product_cat":[392],"product_tag":[105,135,106,107,136,137],"class_list":{"0":"post-1460","1":"product","2":"type-product","3":"status-publish","4":"has-post-thumbnail","6":"product_brand-cooper-pharma","7":"product_cat-anabolicos","8":"product_tag-anabolico","9":"product_tag-clorohidrometiltestosterona","10":"product_tag-cooper","11":"product_tag-cooper-pharma","12":"product_tag-turbolic","13":"product_tag-turinabol","15":"first","16":"instock","17":"sale","18":"shipping-taxable","19":"purchasable","20":"product-type-simple"},"yoast_head":"<!-- This site is optimized with the Yoast SEO plugin v26.8 - https:\/\/yoast.com\/product\/yoast-seo-wordpress\/ -->\n<title>Turinabol Turbolic 10mg\/50comp Cooper Pharma - Team Mutan Ecuador<\/title>\n<meta name=\"description\" content=\"Turinabol es un esteroide anab\u00f3lico oral. Es un esteroide anab\u00f3lico con una calidad y una baja de andr\u00f3genos.\u00a0Por lo tanto se utiliza principalmente para el aumento de peso, sino tambi\u00e9n para el aumento de la fuerza.\" \/>\n<meta name=\"robots\" content=\"index, follow, max-snippet:-1, max-image-preview:large, max-video-preview:-1\" \/>\n<link rel=\"canonical\" href=\"https:\/\/teammutantecuador.com\/?product=turinabol-turbolic-10mg-50comp-cooper-pharma\" \/>\n<meta property=\"og:locale\" content=\"es_ES\" \/>\n<meta property=\"og:type\" content=\"article\" \/>\n<meta property=\"og:title\" content=\"Turinabol Turbolic 10mg\/50comp Cooper Pharma - Team Mutan Ecuador\" \/>\n<meta property=\"og:description\" content=\"Turinabol es un esteroide anab\u00f3lico oral. Es un esteroide anab\u00f3lico con una calidad y una baja de andr\u00f3genos.\u00a0Por lo tanto se utiliza principalmente para el aumento de peso, sino tambi\u00e9n para el aumento de la fuerza.\" \/>\n<meta property=\"og:url\" content=\"https:\/\/teammutantecuador.com\/?product=turinabol-turbolic-10mg-50comp-cooper-pharma\" \/>\n<meta property=\"og:site_name\" content=\"Team Mutan Ecuador\" \/>\n<meta property=\"article:modified_time\" content=\"2026-01-20T16:42:27+00:00\" \/>\n<meta property=\"og:image\" content=\"https:\/\/teammutantecuador.com\/wp-content\/uploads\/2026\/01\/Primobolan-100-Mg-Mutant-Pharma-21.jpg\" \/>\n\t<meta property=\"og:image:width\" content=\"800\" \/>\n\t<meta property=\"og:image:height\" content=\"800\" \/>\n\t<meta property=\"og:image:type\" content=\"image\/jpeg\" \/>\n<meta name=\"twitter:card\" content=\"summary_large_image\" \/>\n<meta name=\"twitter:label1\" content=\"Tiempo de lectura\" \/>\n\t<meta name=\"twitter:data1\" content=\"4 minutos\" \/>\n<script type=\"application\/ld+json\" class=\"yoast-schema-graph\">{\"@context\":\"https:\/\/schema.org\",\"@graph\":[{\"@type\":\"WebPage\",\"@id\":\"https:\/\/teammutantecuador.com\/?product=turinabol-turbolic-10mg-50comp-cooper-pharma\",\"url\":\"https:\/\/teammutantecuador.com\/?product=turinabol-turbolic-10mg-50comp-cooper-pharma\",\"name\":\"Turinabol Turbolic 10mg\/50comp Cooper Pharma - Team Mutan Ecuador\",\"isPartOf\":{\"@id\":\"https:\/\/teammutantecuador.com\/#website\"},\"primaryImageOfPage\":{\"@id\":\"https:\/\/teammutantecuador.com\/?product=turinabol-turbolic-10mg-50comp-cooper-pharma#primaryimage\"},\"image\":{\"@id\":\"https:\/\/teammutantecuador.com\/?product=turinabol-turbolic-10mg-50comp-cooper-pharma#primaryimage\"},\"thumbnailUrl\":\"https:\/\/teammutantecuador.com\/wp-content\/uploads\/2026\/01\/Primobolan-100-Mg-Mutant-Pharma-21.jpg\",\"datePublished\":\"2026-01-17T16:04:03+00:00\",\"dateModified\":\"2026-01-20T16:42:27+00:00\",\"description\":\"Turinabol es un esteroide anab\u00f3lico oral. Es un esteroide anab\u00f3lico con una calidad y una baja de andr\u00f3genos.\u00a0Por lo tanto se utiliza principalmente para el aumento de peso, sino tambi\u00e9n para el aumento de la fuerza.\",\"breadcrumb\":{\"@id\":\"https:\/\/teammutantecuador.com\/?product=turinabol-turbolic-10mg-50comp-cooper-pharma#breadcrumb\"},\"inLanguage\":\"es\",\"potentialAction\":[{\"@type\":\"ReadAction\",\"target\":[\"https:\/\/teammutantecuador.com\/?product=turinabol-turbolic-10mg-50comp-cooper-pharma\"]}]},{\"@type\":\"ImageObject\",\"inLanguage\":\"es\",\"@id\":\"https:\/\/teammutantecuador.com\/?product=turinabol-turbolic-10mg-50comp-cooper-pharma#primaryimage\",\"url\":\"https:\/\/teammutantecuador.com\/wp-content\/uploads\/2026\/01\/Primobolan-100-Mg-Mutant-Pharma-21.jpg\",\"contentUrl\":\"https:\/\/teammutantecuador.com\/wp-content\/uploads\/2026\/01\/Primobolan-100-Mg-Mutant-Pharma-21.jpg\",\"width\":800,\"height\":800,\"caption\":\"Turinabol Turbolic 10mg\/50comp Cooper Pharma\"},{\"@type\":\"BreadcrumbList\",\"@id\":\"https:\/\/teammutantecuador.com\/?product=turinabol-turbolic-10mg-50comp-cooper-pharma#breadcrumb\",\"itemListElement\":[{\"@type\":\"ListItem\",\"position\":1,\"name\":\"Portada\",\"item\":\"https:\/\/teammutantecuador.com\/\"},{\"@type\":\"ListItem\",\"position\":2,\"name\":\"Shop\",\"item\":\"https:\/\/teammutantecuador.com\/?page_id=6\"},{\"@type\":\"ListItem\",\"position\":3,\"name\":\"Turinabol Turbolic 10mg\/50comp Cooper Pharma\"}]},{\"@type\":\"WebSite\",\"@id\":\"https:\/\/teammutantecuador.com\/#website\",\"url\":\"https:\/\/teammutantecuador.com\/\",\"name\":\"Team Mutan Ecuador\",\"description\":\"Just another WordPress site\",\"publisher\":{\"@id\":\"https:\/\/teammutantecuador.com\/#organization\"},\"potentialAction\":[{\"@type\":\"SearchAction\",\"target\":{\"@type\":\"EntryPoint\",\"urlTemplate\":\"https:\/\/teammutantecuador.com\/?s={search_term_string}\"},\"query-input\":{\"@type\":\"PropertyValueSpecification\",\"valueRequired\":true,\"valueName\":\"search_term_string\"}}],\"inLanguage\":\"es\"},{\"@type\":\"Organization\",\"@id\":\"https:\/\/teammutantecuador.com\/#organization\",\"name\":\"Team Mutan Ecuador\",\"url\":\"https:\/\/teammutantecuador.com\/\",\"logo\":{\"@type\":\"ImageObject\",\"inLanguage\":\"es\",\"@id\":\"https:\/\/teammutantecuador.com\/#\/schema\/logo\/image\/\",\"url\":\"https:\/\/teammutantecuador.com\/wp-content\/uploads\/2026\/01\/Diseno-sin-titulo-97.png\",\"contentUrl\":\"https:\/\/teammutantecuador.com\/wp-content\/uploads\/2026\/01\/Diseno-sin-titulo-97.png\",\"width\":500,\"height\":300,\"caption\":\"Team Mutan Ecuador\"},\"image\":{\"@id\":\"https:\/\/teammutantecuador.com\/#\/schema\/logo\/image\/\"}}]}<\/script>\n<!-- \/ Yoast SEO plugin. -->","yoast_head_json":{"title":"Turinabol Turbolic 10mg\/50comp Cooper Pharma - Team Mutan Ecuador","description":"Turinabol es un esteroide anab\u00f3lico oral. Es un esteroide anab\u00f3lico con una calidad y una baja de andr\u00f3genos.\u00a0Por lo tanto se utiliza principalmente para el aumento de peso, sino tambi\u00e9n para el aumento de la fuerza.","robots":{"index":"index","follow":"follow","max-snippet":"max-snippet:-1","max-image-preview":"max-image-preview:large","max-video-preview":"max-video-preview:-1"},"canonical":"https:\/\/teammutantecuador.com\/?product=turinabol-turbolic-10mg-50comp-cooper-pharma","og_locale":"es_ES","og_type":"article","og_title":"Turinabol Turbolic 10mg\/50comp Cooper Pharma - Team Mutan Ecuador","og_description":"Turinabol es un esteroide anab\u00f3lico oral. Es un esteroide anab\u00f3lico con una calidad y una baja de andr\u00f3genos.\u00a0Por lo tanto se utiliza principalmente para el aumento de peso, sino tambi\u00e9n para el aumento de la fuerza.","og_url":"https:\/\/teammutantecuador.com\/?product=turinabol-turbolic-10mg-50comp-cooper-pharma","og_site_name":"Team Mutan Ecuador","article_modified_time":"2026-01-20T16:42:27+00:00","og_image":[{"width":800,"height":800,"url":"https:\/\/teammutantecuador.com\/wp-content\/uploads\/2026\/01\/Primobolan-100-Mg-Mutant-Pharma-21.jpg","type":"image\/jpeg"}],"twitter_card":"summary_large_image","twitter_misc":{"Tiempo de lectura":"4 minutos"},"schema":{"@context":"https:\/\/schema.org","@graph":[{"@type":"WebPage","@id":"https:\/\/teammutantecuador.com\/?product=turinabol-turbolic-10mg-50comp-cooper-pharma","url":"https:\/\/teammutantecuador.com\/?product=turinabol-turbolic-10mg-50comp-cooper-pharma","name":"Turinabol Turbolic 10mg\/50comp Cooper Pharma - Team Mutan Ecuador","isPartOf":{"@id":"https:\/\/teammutantecuador.com\/#website"},"primaryImageOfPage":{"@id":"https:\/\/teammutantecuador.com\/?product=turinabol-turbolic-10mg-50comp-cooper-pharma#primaryimage"},"image":{"@id":"https:\/\/teammutantecuador.com\/?product=turinabol-turbolic-10mg-50comp-cooper-pharma#primaryimage"},"thumbnailUrl":"https:\/\/teammutantecuador.com\/wp-content\/uploads\/2026\/01\/Primobolan-100-Mg-Mutant-Pharma-21.jpg","datePublished":"2026-01-17T16:04:03+00:00","dateModified":"2026-01-20T16:42:27+00:00","description":"Turinabol es un esteroide anab\u00f3lico oral. Es un esteroide anab\u00f3lico con una calidad y una baja de andr\u00f3genos.\u00a0Por lo tanto se utiliza principalmente para el aumento de peso, sino tambi\u00e9n para el aumento de la fuerza.","breadcrumb":{"@id":"https:\/\/teammutantecuador.com\/?product=turinabol-turbolic-10mg-50comp-cooper-pharma#breadcrumb"},"inLanguage":"es","potentialAction":[{"@type":"ReadAction","target":["https:\/\/teammutantecuador.com\/?product=turinabol-turbolic-10mg-50comp-cooper-pharma"]}]},{"@type":"ImageObject","inLanguage":"es","@id":"https:\/\/teammutantecuador.com\/?product=turinabol-turbolic-10mg-50comp-cooper-pharma#primaryimage","url":"https:\/\/teammutantecuador.com\/wp-content\/uploads\/2026\/01\/Primobolan-100-Mg-Mutant-Pharma-21.jpg","contentUrl":"https:\/\/teammutantecuador.com\/wp-content\/uploads\/2026\/01\/Primobolan-100-Mg-Mutant-Pharma-21.jpg","width":800,"height":800,"caption":"Turinabol Turbolic 10mg\/50comp Cooper Pharma"},{"@type":"BreadcrumbList","@id":"https:\/\/teammutantecuador.com\/?product=turinabol-turbolic-10mg-50comp-cooper-pharma#breadcrumb","itemListElement":[{"@type":"ListItem","position":1,"name":"Portada","item":"https:\/\/teammutantecuador.com\/"},{"@type":"ListItem","position":2,"name":"Shop","item":"https:\/\/teammutantecuador.com\/?page_id=6"},{"@type":"ListItem","position":3,"name":"Turinabol Turbolic 10mg\/50comp Cooper Pharma"}]},{"@type":"WebSite","@id":"https:\/\/teammutantecuador.com\/#website","url":"https:\/\/teammutantecuador.com\/","name":"Team Mutan Ecuador","description":"Just another WordPress site","publisher":{"@id":"https:\/\/teammutantecuador.com\/#organization"},"potentialAction":[{"@type":"SearchAction","target":{"@type":"EntryPoint","urlTemplate":"https:\/\/teammutantecuador.com\/?s={search_term_string}"},"query-input":{"@type":"PropertyValueSpecification","valueRequired":true,"valueName":"search_term_string"}}],"inLanguage":"es"},{"@type":"Organization","@id":"https:\/\/teammutantecuador.com\/#organization","name":"Team Mutan Ecuador","url":"https:\/\/teammutantecuador.com\/","logo":{"@type":"ImageObject","inLanguage":"es","@id":"https:\/\/teammutantecuador.com\/#\/schema\/logo\/image\/","url":"https:\/\/teammutantecuador.com\/wp-content\/uploads\/2026\/01\/Diseno-sin-titulo-97.png","contentUrl":"https:\/\/teammutantecuador.com\/wp-content\/uploads\/2026\/01\/Diseno-sin-titulo-97.png","width":500,"height":300,"caption":"Team Mutan Ecuador"},"image":{"@id":"https:\/\/teammutantecuador.com\/#\/schema\/logo\/image\/"}}]}},"_links":{"self":[{"href":"https:\/\/teammutantecuador.com\/index.php?rest_route=\/wp\/v2\/product\/1460","targetHints":{"allow":["GET"]}}],"collection":[{"href":"https:\/\/teammutantecuador.com\/index.php?rest_route=\/wp\/v2\/product"}],"about":[{"href":"https:\/\/teammutantecuador.com\/index.php?rest_route=\/wp\/v2\/types\/product"}],"replies":[{"embeddable":true,"href":"https:\/\/teammutantecuador.com\/index.php?rest_route=%2Fwp%2Fv2%2Fcomments&post=1460"}],"wp:featuredmedia":[{"embeddable":true,"href":"https:\/\/teammutantecuador.com\/index.php?rest_route=\/wp\/v2\/media\/1820"}],"wp:attachment":[{"href":"https:\/\/teammutantecuador.com\/index.php?rest_route=%2Fwp%2Fv2%2Fmedia&parent=1460"}],"wp:term":[{"taxonomy":"product_brand","embeddable":true,"href":"https:\/\/teammutantecuador.com\/index.php?rest_route=%2Fwp%2Fv2%2Fproduct_brand&post=1460"},{"taxonomy":"product_cat","embeddable":true,"href":"https:\/\/teammutantecuador.com\/index.php?rest_route=%2Fwp%2Fv2%2Fproduct_cat&post=1460"},{"taxonomy":"product_tag","embeddable":true,"href":"https:\/\/teammutantecuador.com\/index.php?rest_route=%2Fwp%2Fv2%2Fproduct_tag&post=1460"}],"curies":[{"name":"wp","href":"https:\/\/api.w.org\/{rel}","templated":true}]}}