{"id":1459,"date":"2026-01-17T16:04:03","date_gmt":"2026-01-17T16:04:03","guid":{"rendered":"https:\/\/teammutantecuador.com\/?post_type=product&#038;p=1459"},"modified":"2026-01-20T16:06:52","modified_gmt":"2026-01-20T16:06:52","slug":"dianabol-diabolic-10mg-50comp-cooper-pharma","status":"publish","type":"product","link":"https:\/\/teammutantecuador.com\/?product=dianabol-diabolic-10mg-50comp-cooper-pharma","title":{"rendered":"Dianabol Diabolic 10mg 50comp Cooper Pharma"},"content":{"rendered":"<p>Dianabol Diabolic 10mg 100comp Cooper Pharma<br \/>\nForma farmaceutica de Diabolic Dianabol<\/p>\n<p>Diabolic Cooper Pharma formula el dianabol es uno\u00a0de\u00a0los esteroides\u00a0orales\u00a0m\u00e1s\u00a0com\u00fanmente\u00a0utilizados.\u00a0Su nombre qu\u00edmico\u00a0es\u00a0la Metandrostenolona\u00a0o Metanedienona,\u00a017-alpha-methyl-17beta-ydroxil-androsta-l.4dien-3-on.<\/p>\n<p>Clase de medicamento: Esteroide Anabolico Oral<br \/>\nVida activa: 8hrs<br \/>\nDosis media: Hombres 25-50 mg \/ d\u00eda<br \/>\nToxicidad hep\u00e1tica: Alta (Debe utilizar protectores hep\u00e1ticos)<br \/>\nTasa de aromatizaci\u00f3n: Alta (se deben usar protectores antiestrogenicos)<br \/>\nConversi\u00f3n DHT: Baja<br \/>\nDisminuci\u00f3n de la funci\u00f3n ATAR: Si<br \/>\nTasa Anab\u00f3lico \/ androg\u00e9nico: 90-210: 40-60<br \/>\nSustancia activa:\u2028 Metandrostenolona 10mg\/comp<br \/>\nDiab\u00f3lic Dianabol es el nombre del Dianabol de la marca de Cooper Pharma. Este laboratorio es relativamente nuevo en el mercado, pero en un corto per\u00edodo de tiempo se hizo muy conocido por los culturistas de todo el mundo por sus productos de alta calidad. El principio activo de Diab\u00f3lic Dianabol es Metandrostenolona 10mg por comprimido. Este tipo de medicamento tambi\u00e9n se conoce entre los culturistas como D-bol, Anabol, Dianabol, Methan, Methanabol, etc.<br \/>\nDiab\u00f3lic Dianabol es un esteroide oral, que tiene un gran efecto sobre el metabolismo de las prote\u00ednas y su efecto androg\u00e9nico se manifiesta en la acumulaci\u00f3n de la masa muscular y fuerza. A menudo se le llama un \u201cesteroide de masa\u201d, ya que en las primeras seis semanas es normal obtener 1 a 2 kilos de peso corporal por semana. Es importante saber que este esteroide manifiesta una notable retenci\u00f3n de agua y aromatiza f\u00e1cilmente. Para evitar estos efectos se recomienda tomar Anastrozol, Tamoxifeno o Proviron, seg\u00fan sea necesario<\/p>\n<p>La dosis debe ser programadas en relaci\u00f3n a los objetivos individuales, para los culturistas experimentados la dosis diaria debe ser de alrededor 20 \u2013 60 mg. Los novatos no necesitan m\u00e1s de 15 -. 30 mg por d\u00eda. Despu\u00e9s de ocho semanas, cuando el efecto comienza a disminuir y si se desea continuar el ciclo, la dosis de Diab\u00f3lic Dianabol no debe ser aumentada, se puede cambiar por esteroides inyectables como Deca Durabolin o Primobolan. Si usted elige Deca Durabolin, la dosis debe ser de 200 mg por semana, si es Primobolan la misma dosis de 200 mg por semana deber\u00eda ser suficiente.<\/p>\n<p>Tambi\u00e9n puede empezar a tomar Diab\u00f3lic Dianabol 20 \u2013 30 mg al d\u00eda y Deca Durabolin 200 -. 400 mg por semana. Si usted est\u00e1 m\u00e1s interesado en fuerza y en un menor grado en la masa corporal, se puede combinar Diab\u00f3lic Dianabol con oxandrolona o estanozolol en comprimidos. Diab\u00f3lic Dianabol tiene muchos efectos secundarios potenciales, pero son raros cuando la dosis diaria es de hasta 30 mg. Este esteroide es 17-alfa alquilado, por lo que puede ser t\u00f3xico para el h\u00edgado cuando se toma en la dosis alta y durante un largo per\u00edodo de tiempo. Es por esto que recomendamos la utilizaci\u00f3n de protectores hep\u00e1ticos como Silimarina, Biletan o Liv.52 siempre que se utilice este producto Diab\u00f3lic convierte fuertemente en estr\u00f3genos y en algunos atletas causa ginecomastia, tambi\u00e9n activa la gl\u00e1ndula seb\u00e1cea la cual puede causar acn\u00e9 vulgaris en la cara, cuello, pecho, espalda y hombros.. Para evitar estos efectos se recomienda utilizar productos tales como Anastrozol Nolvadex y Proviron.<\/p>\n<p><b>Uso cl\u00ednico de Dianabol<\/b><br \/>\n<b><br \/>\n<\/b>Se ha mostrado que Dianabol aumenta la glucolisis anaer\u00f3bica, lo que genera\u00a0un incremento del \u00e1cido l\u00e1ctico producido por el organismo. Esto es positivo,\u00a0ya que los m\u00fasculos se sirven del \u00e1cido l\u00e1ctico para crear gluc\u00f3geno, lo que a\u00a0su vez proporciona energ\u00eda en el metabolismo anaer\u00f3bico. El \u00e1cido l\u00e1ctico es, asimismo, una sustancia qu\u00edmica clave para la eliminaci\u00f3n de los carbohidratos de la dieta, lo que significa que hay menos posibilidades de engordar mientras se utiliza Dianabol.<\/p>\n<p>Un estudio sobre osteoporosis \u00a0mostr\u00f3 que, con una dosis de s\u00f3lo 2,5 mg al d\u00eda durante 9 meses, Dianabol fue m\u00e1s efectivo que suplementos de calcio en la reducci\u00f3n de la actividad osteopor\u00f3tica, y tambi\u00e9n se mostr\u00f3 que aumentaba la masa muscular de forma m\u00e1s efectiva. Otro estudio sobre osteoporosis, de 24 meses de duraci\u00f3n, mostr\u00f3 el efecto de Dianabol sobre la osteoporosis; \u00e9ste aument\u00f3 el total de calcio y de potasio del organismo. Esto puede no ser de inter\u00e9s para culturistas, pero la acci\u00f3n del calcio es muy importante para el culturismo, ya que \u00e9ste transporta una gran cantidad de amino\u00e1cidos y creatina, que son fundamentales para el crecimiento muscular. El potasio tambi\u00e9n es muy importante, ya que ayuda en casos de contracci\u00f3n muscular, en la transmisi\u00f3n de se\u00f1ales nerviosas y en la liberaci\u00f3n de insulina; por ello, tambi\u00e9n es una sustancia muy anab\u00f3lica.<\/p>\n<p>Otro estudio muy interesante , aunque no muy significativo en t\u00e9rminos de culturismo, mostr\u00f3 que Dianabol aumenta la sensibilidad de las c\u00e9lulas tumorales lar\u00edngeas a la radioterapia, y concluy\u00f3 \u201crecomendando el uso de esta hormona durante procesos de radioterapia en pacientes con c\u00e1ncer de laringe\u201d.<\/p>\n<p><b>Aromatizaci\u00f3n<\/b><br \/>\n<b><br \/>\n<\/b>Frecuentemente se produce aromatizaci\u00f3n con Dianabol, es decir que se transforma en estr\u00f3genos, por lo que usar Nolvadex es muy importante mientras\u00a0se use este producto \u00a0de suma importancia el\u00a0LivoPlus\u00a0y\u00a0Estrogenex Hitech. Tambi\u00e9n produce retenci\u00f3n de l\u00edquidos como consecuencia de la aromatizaci\u00f3n y probablemente de modificaciones en el equilibrio hidomineral, por lo que debemos controlar la presi\u00f3n sangu\u00ednea y tener a mano alg\u00fan diur\u00e9tico por si hiciera falta.<\/p>\n<p><b>Toxicidad hep\u00e1tica del dianabol<\/b><br \/>\n<b><br \/>\n<\/b>Al ser un compuesto Alfa Alkilatado C 17 es bastante t\u00f3xico para el h\u00edgado, con lo cual a\u00f1adir\u00a0Silimarina (LivoPlus)\u00a0es indispensable y a la vez no prolongar su uso por mas de 6 \u2013 7 semanas.<\/p>\n<p>En dosificaciones altas y en periodos m\u00e1s largos, el Dianabol (Anabolex) es t\u00f3xico en el h\u00edgado, incluso una dosificaci\u00f3n de s\u00f3lo 10 mg\/d\u00eda puede aumentar los valores hep\u00e1ticos, sin embargo, despu\u00e9s de la interrupci\u00f3n de la droga, los valores vuelven a la normalidad.<br \/>\nUn estudio sobre ratas mostr\u00f3 que, independientemente de la dosis o del tiempo de administraci\u00f3n, Dianabol produce cambios en la actividad enzim\u00e1tica que desembocan en una hipertrofia de los hepatocitos, lo que muestra la toxicidad de Dianabol sobre el h\u00edgado.<\/p>\n<p>Sin embargo, en otro estudio se descubri\u00f3 que Nerobol (el equivalente ruso de Dianabol) favorece la r\u00e1pida normalizaci\u00f3n de las alteraciones funcionales y metab\u00f3licas del h\u00edgado, lo que se contradice con las pruebas anteriores. Esto muestra que la idea de que Dianabol es peligroso no es tan negativa como algunos podr\u00edan pensar.<\/p>\n<p><b>Dosis<\/b><br \/>\n<b><br \/>\n<\/b>La dosis pueden variar entre 15 y 20 mg. para principiantes \u2013 intermedios y entre 20 \u2013 40 mg. por d\u00eda para los atletas avanzados, aunque halla atletas que llegan incluso a 50 mg.\u00a0A partir de los 30 mg. los efectos secundarios pueden\u00a0verse agravados y pasar de los 40 \u2013 50 mg. simplemente es aumentar los efectos secundarios sin ning\u00fan beneficio.<\/p>\n<p>FORMA FARMAC\u00c9UTICA: Oral<\/p>\n<p>PRESENTACI\u00d3N: 50 Tabletas\/10mg<\/p>\n<p>FORMULA CADA TABLETA CONTIENE: Methandienone \u2026\u2026\u2026\u2026\u2026 10 mg<\/p>\n","protected":false},"excerpt":{"rendered":"<p>Dianabol Diabolic 10mg 100comp Cooper Pharma<br \/>\nForma farmaceutica de Diabolic Dianabol<\/p>\n<p>Clase de medicamento: Esteroide Anabolico Oral<br \/>\nVida activa: 8hrs<br \/>\nDosis media: Hombres 25-50 mg \/ d\u00eda<br \/>\nToxicidad hep\u00e1tica: Alta (Debe utilizar protectores hep\u00e1ticos)<br \/>\nTasa de aromatizaci\u00f3n: Alta (se deben usar protectores antiestrogenicos)<br \/>\nConversi\u00f3n DHT: Baja<br \/>\nDisminuci\u00f3n de la funci\u00f3n ATAR: Si<br \/>\nTasa Anab\u00f3lico \/ androg\u00e9nico: 90-210: 40-60<br \/>\nSustancia activa:\u2028 Metandrostenolona 10mg\/comp<\/p>\n","protected":false},"featured_media":1775,"comment_status":"open","ping_status":"closed","template":"","meta":[],"product_brand":[112],"product_cat":[392],"product_tag":[105,106,107,132,133,134],"class_list":{"0":"post-1459","1":"product","2":"type-product","3":"status-publish","4":"has-post-thumbnail","6":"product_brand-cooper-pharma","7":"product_cat-anabolicos","8":"product_tag-anabolico","9":"product_tag-cooper","10":"product_tag-cooper-pharma","11":"product_tag-diabolic","12":"product_tag-dianabol","13":"product_tag-methandienone","15":"first","16":"instock","17":"sale","18":"shipping-taxable","19":"purchasable","20":"product-type-simple"},"yoast_head":"<!-- This site is optimized with the Yoast SEO plugin v26.8 - https:\/\/yoast.com\/product\/yoast-seo-wordpress\/ -->\n<title>Dianabol Diabolic 10mg 50comp Cooper Pharma - Team Mutan Ecuador<\/title>\n<meta name=\"description\" content=\"Diabolic Cooper Pharma formula el dianabol es uno\u00a0de\u00a0los esteroides\u00a0orales\u00a0m\u00e1s\u00a0com\u00fanmente\u00a0utilizados.\u00a0Su nombre qu\u00edmico\u00a0es\u00a0la Metandrostenolona\u00a0o Metanedienona,\u00a017-alpha-methyl-17beta-ydroxil-androsta-l.4dien-3-on.\" \/>\n<meta name=\"robots\" content=\"index, follow, max-snippet:-1, max-image-preview:large, max-video-preview:-1\" \/>\n<link rel=\"canonical\" href=\"https:\/\/teammutantecuador.com\/?product=dianabol-diabolic-10mg-50comp-cooper-pharma\" \/>\n<meta property=\"og:locale\" content=\"es_ES\" \/>\n<meta property=\"og:type\" content=\"article\" \/>\n<meta property=\"og:title\" content=\"Dianabol Diabolic 10mg 50comp Cooper Pharma - Team Mutan Ecuador\" \/>\n<meta property=\"og:description\" content=\"Diabolic Cooper Pharma formula el dianabol es uno\u00a0de\u00a0los esteroides\u00a0orales\u00a0m\u00e1s\u00a0com\u00fanmente\u00a0utilizados.\u00a0Su nombre qu\u00edmico\u00a0es\u00a0la Metandrostenolona\u00a0o Metanedienona,\u00a017-alpha-methyl-17beta-ydroxil-androsta-l.4dien-3-on.\" \/>\n<meta property=\"og:url\" content=\"https:\/\/teammutantecuador.com\/?product=dianabol-diabolic-10mg-50comp-cooper-pharma\" \/>\n<meta property=\"og:site_name\" content=\"Team Mutan Ecuador\" \/>\n<meta property=\"article:modified_time\" content=\"2026-01-20T16:06:52+00:00\" \/>\n<meta property=\"og:image\" content=\"https:\/\/teammutantecuador.com\/wp-content\/uploads\/2026\/01\/Diseno-sin-titulo-2026-01-17T001330.760.jpg\" \/>\n\t<meta property=\"og:image:width\" content=\"800\" \/>\n\t<meta property=\"og:image:height\" content=\"800\" \/>\n\t<meta property=\"og:image:type\" content=\"image\/jpeg\" \/>\n<meta name=\"twitter:card\" content=\"summary_large_image\" \/>\n<meta name=\"twitter:label1\" content=\"Tiempo de lectura\" \/>\n\t<meta name=\"twitter:data1\" content=\"5 minutos\" \/>\n<script type=\"application\/ld+json\" class=\"yoast-schema-graph\">{\"@context\":\"https:\/\/schema.org\",\"@graph\":[{\"@type\":\"WebPage\",\"@id\":\"https:\/\/teammutantecuador.com\/?product=dianabol-diabolic-10mg-50comp-cooper-pharma\",\"url\":\"https:\/\/teammutantecuador.com\/?product=dianabol-diabolic-10mg-50comp-cooper-pharma\",\"name\":\"Dianabol Diabolic 10mg 50comp Cooper Pharma - Team Mutan Ecuador\",\"isPartOf\":{\"@id\":\"https:\/\/teammutantecuador.com\/#website\"},\"primaryImageOfPage\":{\"@id\":\"https:\/\/teammutantecuador.com\/?product=dianabol-diabolic-10mg-50comp-cooper-pharma#primaryimage\"},\"image\":{\"@id\":\"https:\/\/teammutantecuador.com\/?product=dianabol-diabolic-10mg-50comp-cooper-pharma#primaryimage\"},\"thumbnailUrl\":\"https:\/\/teammutantecuador.com\/wp-content\/uploads\/2026\/01\/Diseno-sin-titulo-2026-01-17T001330.760.jpg\",\"datePublished\":\"2026-01-17T16:04:03+00:00\",\"dateModified\":\"2026-01-20T16:06:52+00:00\",\"description\":\"Diabolic Cooper Pharma formula el dianabol es uno\u00a0de\u00a0los esteroides\u00a0orales\u00a0m\u00e1s\u00a0com\u00fanmente\u00a0utilizados.\u00a0Su nombre qu\u00edmico\u00a0es\u00a0la Metandrostenolona\u00a0o Metanedienona,\u00a017-alpha-methyl-17beta-ydroxil-androsta-l.4dien-3-on.\",\"breadcrumb\":{\"@id\":\"https:\/\/teammutantecuador.com\/?product=dianabol-diabolic-10mg-50comp-cooper-pharma#breadcrumb\"},\"inLanguage\":\"es\",\"potentialAction\":[{\"@type\":\"ReadAction\",\"target\":[\"https:\/\/teammutantecuador.com\/?product=dianabol-diabolic-10mg-50comp-cooper-pharma\"]}]},{\"@type\":\"ImageObject\",\"inLanguage\":\"es\",\"@id\":\"https:\/\/teammutantecuador.com\/?product=dianabol-diabolic-10mg-50comp-cooper-pharma#primaryimage\",\"url\":\"https:\/\/teammutantecuador.com\/wp-content\/uploads\/2026\/01\/Diseno-sin-titulo-2026-01-17T001330.760.jpg\",\"contentUrl\":\"https:\/\/teammutantecuador.com\/wp-content\/uploads\/2026\/01\/Diseno-sin-titulo-2026-01-17T001330.760.jpg\",\"width\":800,\"height\":800,\"caption\":\"Dianabol Diabolic 10mg 50comp Cooper Pharma\"},{\"@type\":\"BreadcrumbList\",\"@id\":\"https:\/\/teammutantecuador.com\/?product=dianabol-diabolic-10mg-50comp-cooper-pharma#breadcrumb\",\"itemListElement\":[{\"@type\":\"ListItem\",\"position\":1,\"name\":\"Portada\",\"item\":\"https:\/\/teammutantecuador.com\/\"},{\"@type\":\"ListItem\",\"position\":2,\"name\":\"Shop\",\"item\":\"https:\/\/teammutantecuador.com\/?page_id=6\"},{\"@type\":\"ListItem\",\"position\":3,\"name\":\"Dianabol Diabolic 10mg 50comp Cooper Pharma\"}]},{\"@type\":\"WebSite\",\"@id\":\"https:\/\/teammutantecuador.com\/#website\",\"url\":\"https:\/\/teammutantecuador.com\/\",\"name\":\"Team Mutan Ecuador\",\"description\":\"Just another WordPress site\",\"publisher\":{\"@id\":\"https:\/\/teammutantecuador.com\/#organization\"},\"potentialAction\":[{\"@type\":\"SearchAction\",\"target\":{\"@type\":\"EntryPoint\",\"urlTemplate\":\"https:\/\/teammutantecuador.com\/?s={search_term_string}\"},\"query-input\":{\"@type\":\"PropertyValueSpecification\",\"valueRequired\":true,\"valueName\":\"search_term_string\"}}],\"inLanguage\":\"es\"},{\"@type\":\"Organization\",\"@id\":\"https:\/\/teammutantecuador.com\/#organization\",\"name\":\"Team Mutan Ecuador\",\"url\":\"https:\/\/teammutantecuador.com\/\",\"logo\":{\"@type\":\"ImageObject\",\"inLanguage\":\"es\",\"@id\":\"https:\/\/teammutantecuador.com\/#\/schema\/logo\/image\/\",\"url\":\"https:\/\/teammutantecuador.com\/wp-content\/uploads\/2026\/01\/Diseno-sin-titulo-97.png\",\"contentUrl\":\"https:\/\/teammutantecuador.com\/wp-content\/uploads\/2026\/01\/Diseno-sin-titulo-97.png\",\"width\":500,\"height\":300,\"caption\":\"Team Mutan Ecuador\"},\"image\":{\"@id\":\"https:\/\/teammutantecuador.com\/#\/schema\/logo\/image\/\"}}]}<\/script>\n<!-- \/ Yoast SEO plugin. -->","yoast_head_json":{"title":"Dianabol Diabolic 10mg 50comp Cooper Pharma - Team Mutan Ecuador","description":"Diabolic Cooper Pharma formula el dianabol es uno\u00a0de\u00a0los esteroides\u00a0orales\u00a0m\u00e1s\u00a0com\u00fanmente\u00a0utilizados.\u00a0Su nombre qu\u00edmico\u00a0es\u00a0la Metandrostenolona\u00a0o Metanedienona,\u00a017-alpha-methyl-17beta-ydroxil-androsta-l.4dien-3-on.","robots":{"index":"index","follow":"follow","max-snippet":"max-snippet:-1","max-image-preview":"max-image-preview:large","max-video-preview":"max-video-preview:-1"},"canonical":"https:\/\/teammutantecuador.com\/?product=dianabol-diabolic-10mg-50comp-cooper-pharma","og_locale":"es_ES","og_type":"article","og_title":"Dianabol Diabolic 10mg 50comp Cooper Pharma - Team Mutan Ecuador","og_description":"Diabolic Cooper Pharma formula el dianabol es uno\u00a0de\u00a0los esteroides\u00a0orales\u00a0m\u00e1s\u00a0com\u00fanmente\u00a0utilizados.\u00a0Su nombre qu\u00edmico\u00a0es\u00a0la Metandrostenolona\u00a0o Metanedienona,\u00a017-alpha-methyl-17beta-ydroxil-androsta-l.4dien-3-on.","og_url":"https:\/\/teammutantecuador.com\/?product=dianabol-diabolic-10mg-50comp-cooper-pharma","og_site_name":"Team Mutan Ecuador","article_modified_time":"2026-01-20T16:06:52+00:00","og_image":[{"width":800,"height":800,"url":"https:\/\/teammutantecuador.com\/wp-content\/uploads\/2026\/01\/Diseno-sin-titulo-2026-01-17T001330.760.jpg","type":"image\/jpeg"}],"twitter_card":"summary_large_image","twitter_misc":{"Tiempo de lectura":"5 minutos"},"schema":{"@context":"https:\/\/schema.org","@graph":[{"@type":"WebPage","@id":"https:\/\/teammutantecuador.com\/?product=dianabol-diabolic-10mg-50comp-cooper-pharma","url":"https:\/\/teammutantecuador.com\/?product=dianabol-diabolic-10mg-50comp-cooper-pharma","name":"Dianabol Diabolic 10mg 50comp Cooper Pharma - Team Mutan Ecuador","isPartOf":{"@id":"https:\/\/teammutantecuador.com\/#website"},"primaryImageOfPage":{"@id":"https:\/\/teammutantecuador.com\/?product=dianabol-diabolic-10mg-50comp-cooper-pharma#primaryimage"},"image":{"@id":"https:\/\/teammutantecuador.com\/?product=dianabol-diabolic-10mg-50comp-cooper-pharma#primaryimage"},"thumbnailUrl":"https:\/\/teammutantecuador.com\/wp-content\/uploads\/2026\/01\/Diseno-sin-titulo-2026-01-17T001330.760.jpg","datePublished":"2026-01-17T16:04:03+00:00","dateModified":"2026-01-20T16:06:52+00:00","description":"Diabolic Cooper Pharma formula el dianabol es uno\u00a0de\u00a0los esteroides\u00a0orales\u00a0m\u00e1s\u00a0com\u00fanmente\u00a0utilizados.\u00a0Su nombre qu\u00edmico\u00a0es\u00a0la Metandrostenolona\u00a0o Metanedienona,\u00a017-alpha-methyl-17beta-ydroxil-androsta-l.4dien-3-on.","breadcrumb":{"@id":"https:\/\/teammutantecuador.com\/?product=dianabol-diabolic-10mg-50comp-cooper-pharma#breadcrumb"},"inLanguage":"es","potentialAction":[{"@type":"ReadAction","target":["https:\/\/teammutantecuador.com\/?product=dianabol-diabolic-10mg-50comp-cooper-pharma"]}]},{"@type":"ImageObject","inLanguage":"es","@id":"https:\/\/teammutantecuador.com\/?product=dianabol-diabolic-10mg-50comp-cooper-pharma#primaryimage","url":"https:\/\/teammutantecuador.com\/wp-content\/uploads\/2026\/01\/Diseno-sin-titulo-2026-01-17T001330.760.jpg","contentUrl":"https:\/\/teammutantecuador.com\/wp-content\/uploads\/2026\/01\/Diseno-sin-titulo-2026-01-17T001330.760.jpg","width":800,"height":800,"caption":"Dianabol Diabolic 10mg 50comp Cooper Pharma"},{"@type":"BreadcrumbList","@id":"https:\/\/teammutantecuador.com\/?product=dianabol-diabolic-10mg-50comp-cooper-pharma#breadcrumb","itemListElement":[{"@type":"ListItem","position":1,"name":"Portada","item":"https:\/\/teammutantecuador.com\/"},{"@type":"ListItem","position":2,"name":"Shop","item":"https:\/\/teammutantecuador.com\/?page_id=6"},{"@type":"ListItem","position":3,"name":"Dianabol Diabolic 10mg 50comp Cooper Pharma"}]},{"@type":"WebSite","@id":"https:\/\/teammutantecuador.com\/#website","url":"https:\/\/teammutantecuador.com\/","name":"Team Mutan Ecuador","description":"Just another WordPress site","publisher":{"@id":"https:\/\/teammutantecuador.com\/#organization"},"potentialAction":[{"@type":"SearchAction","target":{"@type":"EntryPoint","urlTemplate":"https:\/\/teammutantecuador.com\/?s={search_term_string}"},"query-input":{"@type":"PropertyValueSpecification","valueRequired":true,"valueName":"search_term_string"}}],"inLanguage":"es"},{"@type":"Organization","@id":"https:\/\/teammutantecuador.com\/#organization","name":"Team Mutan Ecuador","url":"https:\/\/teammutantecuador.com\/","logo":{"@type":"ImageObject","inLanguage":"es","@id":"https:\/\/teammutantecuador.com\/#\/schema\/logo\/image\/","url":"https:\/\/teammutantecuador.com\/wp-content\/uploads\/2026\/01\/Diseno-sin-titulo-97.png","contentUrl":"https:\/\/teammutantecuador.com\/wp-content\/uploads\/2026\/01\/Diseno-sin-titulo-97.png","width":500,"height":300,"caption":"Team Mutan Ecuador"},"image":{"@id":"https:\/\/teammutantecuador.com\/#\/schema\/logo\/image\/"}}]}},"_links":{"self":[{"href":"https:\/\/teammutantecuador.com\/index.php?rest_route=\/wp\/v2\/product\/1459","targetHints":{"allow":["GET"]}}],"collection":[{"href":"https:\/\/teammutantecuador.com\/index.php?rest_route=\/wp\/v2\/product"}],"about":[{"href":"https:\/\/teammutantecuador.com\/index.php?rest_route=\/wp\/v2\/types\/product"}],"replies":[{"embeddable":true,"href":"https:\/\/teammutantecuador.com\/index.php?rest_route=%2Fwp%2Fv2%2Fcomments&post=1459"}],"wp:featuredmedia":[{"embeddable":true,"href":"https:\/\/teammutantecuador.com\/index.php?rest_route=\/wp\/v2\/media\/1775"}],"wp:attachment":[{"href":"https:\/\/teammutantecuador.com\/index.php?rest_route=%2Fwp%2Fv2%2Fmedia&parent=1459"}],"wp:term":[{"taxonomy":"product_brand","embeddable":true,"href":"https:\/\/teammutantecuador.com\/index.php?rest_route=%2Fwp%2Fv2%2Fproduct_brand&post=1459"},{"taxonomy":"product_cat","embeddable":true,"href":"https:\/\/teammutantecuador.com\/index.php?rest_route=%2Fwp%2Fv2%2Fproduct_cat&post=1459"},{"taxonomy":"product_tag","embeddable":true,"href":"https:\/\/teammutantecuador.com\/index.php?rest_route=%2Fwp%2Fv2%2Fproduct_tag&post=1459"}],"curies":[{"name":"wp","href":"https:\/\/api.w.org\/{rel}","templated":true}]}}