{"id":1457,"date":"2026-01-17T16:04:02","date_gmt":"2026-01-17T16:04:02","guid":{"rendered":"https:\/\/teammutantecuador.com\/?post_type=product&#038;p=1457"},"modified":"2026-01-20T16:30:07","modified_gmt":"2026-01-20T16:30:07","slug":"sustanon-susobolic-250mg-10ml-cooper-pharma","status":"publish","type":"product","link":"https:\/\/teammutantecuador.com\/?product=sustanon-susobolic-250mg-10ml-cooper-pharma","title":{"rendered":"Sustanon Susobolic 250mg 10ml Cooper Pharma"},"content":{"rendered":"<p>Sustanon Susobolic 250mg 10ml Cooper Pharma<\/p>\n<p>Sustanon 250 (mezcla de testosteronas inyectables en base oleosa). conocido tambi\u00e9n como <strong>Polysteron<\/strong>, Testomix, T\u00edpicamente contiene cuatro diferentes \u00e9steres de testosterona: el sustituto perfecto del nebido o mezcla de testosterona.<\/p>\n<p>\u2013 <strong>Propionato de testosterona<\/strong>. 30mg<br \/>\n\u2013 <strong>Testosterona fenilpropionato<\/strong>. 60mg<br \/>\n\u2013 <strong>Isocaproato testosterona<\/strong>.60mg<br \/>\n\u2013 <strong>Decanoato de testosterona<\/strong>. 100mg , aunque una versi\u00f3n de dosis baja tambi\u00e9n se produce. para un total de mezcla de testosterona de 250mg.<\/p>\n<p>Laboratorio: Cooper Pharma<br \/>\nAdministraci\u00f3n: Inyecci\u00f3n Intramuscular profunda<br \/>\nIngredientes: Mix de testosteronas<br \/>\nConcentraci\u00f3n: 250mg \/ ml<br \/>\nPresentaci\u00f3n: 10 ampollas de 1 ml cada una.<br \/>\nDosis: Entre 250 a 1000mg \/ semana<br \/>\nTipo: Aumento masa muscular \/ Fuerza<br \/>\nProtecci\u00f3n durante el tratamiento: Se debe utilizar Antiestrogenicos y Protectores hep\u00e1ticos<br \/>\nTerapia pct post ciclo: Se debe utilizar Post Ciclo<br \/>\nNivel: Todos los usuarios<br \/>\nSustanon Susobolic es una mezcla de cuatro testosteronas diferentes que tiene un efecto sinergico. Debido a la combinacion de los compuestos, tiene un mejor efecto que el enantato de testosterona, cipionato, y propionato exclusivamente. Segundo, el efecto de las cuatro testosteronas es liberado poco a poco a lo largo del tiempo, por lo que entra rapidamente en el sistema y surte efecto durante varias semanas. Combina testosteronas de r\u00e1pida liberaci\u00f3n, media, y lenta liberaci\u00f3n. Debido al propionato (\u00e9ster de r\u00e1pida liberaci\u00f3n) es efectivo desde el primer dia y debido al decanotao (\u00e9ster de lenta liberaci\u00f3n) permanece activo durante 3 \u2013 4 semanas. Por consiguiente es recomendable para construir rapidamente masa muscular y fuerza. Este compuesto produce menos retencion de agua y tambien aromatiza menos que el enantato de testosterona o el cipionato. Se inyecta por lo menos una vez a la semana.<\/p>\n<p>Este producto se toma como m\u00ednimo 8 semanas y m\u00e1ximo 12 semanas .<\/p>\n<p>Protecciones Contra Los Efectos Secundarios<br \/>\nPara obtener m\u00e1s informaci\u00f3n sobre la protecci\u00f3n necesaria durante su ciclo, por favor haga clic AQUI!<\/p>\n<h2><b>Indicaciones como administrar Sustanon<\/b><strong>?<\/strong><\/h2>\n<p><b>Posolog\u00eda:<\/b>\u00a0<b>M\u00e9todo de administraci\u00f3n:\u00a0<\/b>Soluci\u00f3n inyectable.\u00a0<b>Posolg\u00eda:\u00a0<\/b>Susobolic \u2013 Testo Mix (polysteron-sustanon) (1 ampolla corresponde a 250 mg mezcla de Testosterona) se inyecta cada 3 a 4 semanas, para tratamientos como: Hipogonadismo, tratamiento de paciente Transgenero, Sindrome de Klinefelter.\u00a0 Las inyecciones con esta frecuencia permiten mantener concentraciones suficientes de testosterona y no ocasionan acumulaci\u00f3n. Las inyecciones deben administrarse muy despacio. Tesotmix, tiene que inyectarse exclusivamente por v\u00eda intramuscular. Se ha de tener especial cuidado para evitar la inyecci\u00f3n intravascular. Ver Instrucciones de uso\/manejo para evitar lesiones en la apertura.<\/p>\n<p>Sustanon 250 probablemente sea la m\u00e1s buscada de las testosteronas inyectables. Sin embargo, se debe recalcar el potencia de esta combinaci\u00f3n de testosterona , (recuerde el efecto de las cuatro testosteronas es liberado poco a poco a lo largo del tiempo, cada ester se ira liberando en el cuerpo).<\/p>\n<p>Debido al propionato incluido en el esteroide, Sustanon es efectivo desde el primer d\u00eda, y el decanoato incluido en el compuesto, permanece activo durante 3 \u2013 4 semanas.<\/p>\n<h3><strong>SUSTANON APLICADO PARA HIPERTROFIA MUSCULAR \u2013 FISICOCULTURISMO Y SUS BENEFICIOS:<\/strong><\/h3>\n<p>Es com\u00fanmente usado como una droga de bulking, proporcionando los beneficios extraordinarios en fuerza y masa muscular. Es el mejor esteroides anab\u00f3lico para el inicio de un ciclo de esteroides, pues su componentes de esteres cortos act\u00faan desde el primer d\u00eda de su aplicaci\u00f3n.<br \/>\nSustanon tiene un notable efecto androg\u00e9nico que viene acompa\u00f1ado de un efecto anab\u00f3lico fuerte. Por consiguiente es recomendable para construir masa muscular, incrementando la libido sexual y fuerza. Con este compuesto ocurre un r\u00e1pido aumento en fuerza y peso corporal. Los atletas que usan Sustanon informan un crecimiento muscular s\u00f3lido debido a que este compuesto produce menos retenci\u00f3n de agua y tambi\u00e9n aromatiza menos que el Enantato de testosterona o el Cypionato. De hecho muchos bodybuilders que usan testosterona y luchan contra la notable retenci\u00f3n de agua y un nivel de estrogenos elevado prefieren Sustanon en lugar de otras testosteronas Depot.<\/p>\n<p>Sustanon TestoMix es ideal para ciclos de ganancia muscular y fuerza y crear una sinergia perfecta con orales como el Winstrol, anadrol y dianabol. y tambi\u00e9n con el inyectable como winstrol.<\/p>\n<p>Se recomienda ciclos m\u00e1ximo de 8 a 12 semanas, para luego iniciar inmediatamente la terapia Post Ciclo (HCG \u2013 novalbolic \u2013 Clombolic). Con el fin reactivar el Eje Hipotalomo, Hipofisiario, Testicular y genera la producci\u00f3n de testosterona y hormonas sexuales endone o natural del cuerpo.<\/p>\n<p><strong>SUSOBOLIC MODO DE EMPLEO:<\/strong><br \/>\nViene en liquido oleoso para inyecci\u00f3n intramuscular. El propionato es de acci\u00f3n corta, el fenilpropionato y el isocaproato tienen duraci\u00f3n media, y el caproato tiene acci\u00f3n prolongada. Es generalmente bien tolerado sin provocar da\u00f1o hep\u00e1tico. Su efecto m\u00e1ximo comienza r\u00e1pidamente y se mantiene durante tres semanas, para luego ir disminuyendo su efecto gradualmente.<\/p>\n<p><strong>PRESENTACI\u00d3N:<\/strong><br \/>\n250 mg \u2013 10 Ampolla de 1 cc<\/p>\n","protected":false},"excerpt":{"rendered":"<p>Sustanon Susobolic 250mg 10ml Cooper Pharma<br \/>\nLaboratorio: Cooper Pharma<br \/>\nAdministraci\u00f3n: Inyecci\u00f3n Intramuscular profunda<br \/>\nIngredientes: Mix de testosteronas<br \/>\nConcentraci\u00f3n: 250mg \/ ml<br \/>\nPresentaci\u00f3n: 10 ampollas de 1 ml cada una.<br \/>\nDosis: Entre 250 a 1000mg \/ semana<br \/>\nTipo: Aumento masa muscular \/ Fuerza<br \/>\nProtecci\u00f3n durante el tratamiento: Se debe utilizar Antiestrogenicos y Protectores hep\u00e1ticos<br \/>\nTerapia pct post ciclo: Se debe utilizar Post Ciclo<br \/>\nNivel: Todos los usuarios<\/p>\n","protected":false},"featured_media":1803,"comment_status":"open","ping_status":"closed","template":"","meta":[],"product_brand":[112],"product_cat":[392],"product_tag":[105,87],"class_list":{"0":"post-1457","1":"product","2":"type-product","3":"status-publish","4":"has-post-thumbnail","6":"product_brand-cooper-pharma","7":"product_cat-anabolicos","8":"product_tag-anabolico","9":"product_tag-tetosterona","11":"first","12":"instock","13":"sale","14":"shipping-taxable","15":"purchasable","16":"product-type-simple"},"yoast_head":"<!-- This site is optimized with the Yoast SEO plugin v26.8 - https:\/\/yoast.com\/product\/yoast-seo-wordpress\/ -->\n<title>Sustanon Susobolic 250mg 10ml Cooper Pharma - Team Mutan Ecuador<\/title>\n<meta name=\"description\" content=\"Sustanon 250 (mezcla de testosteronas inyectables en base oleosa). conocido tambi\u00e9n como Polysteron, Testomix, T\u00edpicamente contiene cuatro diferentes \u00e9steres de testosterona: el sustituto perfecto del nebido o mezcla de testosterona.\" \/>\n<meta name=\"robots\" content=\"index, follow, max-snippet:-1, max-image-preview:large, max-video-preview:-1\" \/>\n<link rel=\"canonical\" href=\"https:\/\/teammutantecuador.com\/?product=sustanon-susobolic-250mg-10ml-cooper-pharma\" \/>\n<meta property=\"og:locale\" content=\"es_ES\" \/>\n<meta property=\"og:type\" content=\"article\" \/>\n<meta property=\"og:title\" content=\"Sustanon Susobolic 250mg 10ml Cooper Pharma - Team Mutan Ecuador\" \/>\n<meta property=\"og:description\" content=\"Sustanon 250 (mezcla de testosteronas inyectables en base oleosa). conocido tambi\u00e9n como Polysteron, Testomix, T\u00edpicamente contiene cuatro diferentes \u00e9steres de testosterona: el sustituto perfecto del nebido o mezcla de testosterona.\" \/>\n<meta property=\"og:url\" content=\"https:\/\/teammutantecuador.com\/?product=sustanon-susobolic-250mg-10ml-cooper-pharma\" \/>\n<meta property=\"og:site_name\" content=\"Team Mutan Ecuador\" \/>\n<meta property=\"article:modified_time\" content=\"2026-01-20T16:30:07+00:00\" \/>\n<meta property=\"og:image\" content=\"https:\/\/teammutantecuador.com\/wp-content\/uploads\/2026\/01\/Primobolan-100-Mg-Mutant-Pharma-7.jpg\" \/>\n\t<meta property=\"og:image:width\" content=\"800\" \/>\n\t<meta property=\"og:image:height\" content=\"800\" \/>\n\t<meta property=\"og:image:type\" content=\"image\/jpeg\" \/>\n<meta name=\"twitter:card\" content=\"summary_large_image\" \/>\n<meta name=\"twitter:label1\" content=\"Tiempo de lectura\" \/>\n\t<meta name=\"twitter:data1\" content=\"4 minutos\" \/>\n<script type=\"application\/ld+json\" class=\"yoast-schema-graph\">{\"@context\":\"https:\/\/schema.org\",\"@graph\":[{\"@type\":\"WebPage\",\"@id\":\"https:\/\/teammutantecuador.com\/?product=sustanon-susobolic-250mg-10ml-cooper-pharma\",\"url\":\"https:\/\/teammutantecuador.com\/?product=sustanon-susobolic-250mg-10ml-cooper-pharma\",\"name\":\"Sustanon Susobolic 250mg 10ml Cooper Pharma - Team Mutan Ecuador\",\"isPartOf\":{\"@id\":\"https:\/\/teammutantecuador.com\/#website\"},\"primaryImageOfPage\":{\"@id\":\"https:\/\/teammutantecuador.com\/?product=sustanon-susobolic-250mg-10ml-cooper-pharma#primaryimage\"},\"image\":{\"@id\":\"https:\/\/teammutantecuador.com\/?product=sustanon-susobolic-250mg-10ml-cooper-pharma#primaryimage\"},\"thumbnailUrl\":\"https:\/\/teammutantecuador.com\/wp-content\/uploads\/2026\/01\/Primobolan-100-Mg-Mutant-Pharma-7.jpg\",\"datePublished\":\"2026-01-17T16:04:02+00:00\",\"dateModified\":\"2026-01-20T16:30:07+00:00\",\"description\":\"Sustanon 250 (mezcla de testosteronas inyectables en base oleosa). conocido tambi\u00e9n como Polysteron, Testomix, T\u00edpicamente contiene cuatro diferentes \u00e9steres de testosterona: el sustituto perfecto del nebido o mezcla de testosterona.\",\"breadcrumb\":{\"@id\":\"https:\/\/teammutantecuador.com\/?product=sustanon-susobolic-250mg-10ml-cooper-pharma#breadcrumb\"},\"inLanguage\":\"es\",\"potentialAction\":[{\"@type\":\"ReadAction\",\"target\":[\"https:\/\/teammutantecuador.com\/?product=sustanon-susobolic-250mg-10ml-cooper-pharma\"]}]},{\"@type\":\"ImageObject\",\"inLanguage\":\"es\",\"@id\":\"https:\/\/teammutantecuador.com\/?product=sustanon-susobolic-250mg-10ml-cooper-pharma#primaryimage\",\"url\":\"https:\/\/teammutantecuador.com\/wp-content\/uploads\/2026\/01\/Primobolan-100-Mg-Mutant-Pharma-7.jpg\",\"contentUrl\":\"https:\/\/teammutantecuador.com\/wp-content\/uploads\/2026\/01\/Primobolan-100-Mg-Mutant-Pharma-7.jpg\",\"width\":800,\"height\":800,\"caption\":\"Sustanon Susobolic 250mg 10ml Cooper Pharma\"},{\"@type\":\"BreadcrumbList\",\"@id\":\"https:\/\/teammutantecuador.com\/?product=sustanon-susobolic-250mg-10ml-cooper-pharma#breadcrumb\",\"itemListElement\":[{\"@type\":\"ListItem\",\"position\":1,\"name\":\"Portada\",\"item\":\"https:\/\/teammutantecuador.com\/\"},{\"@type\":\"ListItem\",\"position\":2,\"name\":\"Shop\",\"item\":\"https:\/\/teammutantecuador.com\/?page_id=6\"},{\"@type\":\"ListItem\",\"position\":3,\"name\":\"Sustanon Susobolic 250mg 10ml Cooper Pharma\"}]},{\"@type\":\"WebSite\",\"@id\":\"https:\/\/teammutantecuador.com\/#website\",\"url\":\"https:\/\/teammutantecuador.com\/\",\"name\":\"Team Mutan Ecuador\",\"description\":\"Just another WordPress site\",\"publisher\":{\"@id\":\"https:\/\/teammutantecuador.com\/#organization\"},\"potentialAction\":[{\"@type\":\"SearchAction\",\"target\":{\"@type\":\"EntryPoint\",\"urlTemplate\":\"https:\/\/teammutantecuador.com\/?s={search_term_string}\"},\"query-input\":{\"@type\":\"PropertyValueSpecification\",\"valueRequired\":true,\"valueName\":\"search_term_string\"}}],\"inLanguage\":\"es\"},{\"@type\":\"Organization\",\"@id\":\"https:\/\/teammutantecuador.com\/#organization\",\"name\":\"Team Mutan Ecuador\",\"url\":\"https:\/\/teammutantecuador.com\/\",\"logo\":{\"@type\":\"ImageObject\",\"inLanguage\":\"es\",\"@id\":\"https:\/\/teammutantecuador.com\/#\/schema\/logo\/image\/\",\"url\":\"https:\/\/teammutantecuador.com\/wp-content\/uploads\/2026\/01\/Diseno-sin-titulo-97.png\",\"contentUrl\":\"https:\/\/teammutantecuador.com\/wp-content\/uploads\/2026\/01\/Diseno-sin-titulo-97.png\",\"width\":500,\"height\":300,\"caption\":\"Team Mutan Ecuador\"},\"image\":{\"@id\":\"https:\/\/teammutantecuador.com\/#\/schema\/logo\/image\/\"}}]}<\/script>\n<!-- \/ Yoast SEO plugin. -->","yoast_head_json":{"title":"Sustanon Susobolic 250mg 10ml Cooper Pharma - Team Mutan Ecuador","description":"Sustanon 250 (mezcla de testosteronas inyectables en base oleosa). conocido tambi\u00e9n como Polysteron, Testomix, T\u00edpicamente contiene cuatro diferentes \u00e9steres de testosterona: el sustituto perfecto del nebido o mezcla de testosterona.","robots":{"index":"index","follow":"follow","max-snippet":"max-snippet:-1","max-image-preview":"max-image-preview:large","max-video-preview":"max-video-preview:-1"},"canonical":"https:\/\/teammutantecuador.com\/?product=sustanon-susobolic-250mg-10ml-cooper-pharma","og_locale":"es_ES","og_type":"article","og_title":"Sustanon Susobolic 250mg 10ml Cooper Pharma - Team Mutan Ecuador","og_description":"Sustanon 250 (mezcla de testosteronas inyectables en base oleosa). conocido tambi\u00e9n como Polysteron, Testomix, T\u00edpicamente contiene cuatro diferentes \u00e9steres de testosterona: el sustituto perfecto del nebido o mezcla de testosterona.","og_url":"https:\/\/teammutantecuador.com\/?product=sustanon-susobolic-250mg-10ml-cooper-pharma","og_site_name":"Team Mutan Ecuador","article_modified_time":"2026-01-20T16:30:07+00:00","og_image":[{"width":800,"height":800,"url":"https:\/\/teammutantecuador.com\/wp-content\/uploads\/2026\/01\/Primobolan-100-Mg-Mutant-Pharma-7.jpg","type":"image\/jpeg"}],"twitter_card":"summary_large_image","twitter_misc":{"Tiempo de lectura":"4 minutos"},"schema":{"@context":"https:\/\/schema.org","@graph":[{"@type":"WebPage","@id":"https:\/\/teammutantecuador.com\/?product=sustanon-susobolic-250mg-10ml-cooper-pharma","url":"https:\/\/teammutantecuador.com\/?product=sustanon-susobolic-250mg-10ml-cooper-pharma","name":"Sustanon Susobolic 250mg 10ml Cooper Pharma - Team Mutan Ecuador","isPartOf":{"@id":"https:\/\/teammutantecuador.com\/#website"},"primaryImageOfPage":{"@id":"https:\/\/teammutantecuador.com\/?product=sustanon-susobolic-250mg-10ml-cooper-pharma#primaryimage"},"image":{"@id":"https:\/\/teammutantecuador.com\/?product=sustanon-susobolic-250mg-10ml-cooper-pharma#primaryimage"},"thumbnailUrl":"https:\/\/teammutantecuador.com\/wp-content\/uploads\/2026\/01\/Primobolan-100-Mg-Mutant-Pharma-7.jpg","datePublished":"2026-01-17T16:04:02+00:00","dateModified":"2026-01-20T16:30:07+00:00","description":"Sustanon 250 (mezcla de testosteronas inyectables en base oleosa). conocido tambi\u00e9n como Polysteron, Testomix, T\u00edpicamente contiene cuatro diferentes \u00e9steres de testosterona: el sustituto perfecto del nebido o mezcla de testosterona.","breadcrumb":{"@id":"https:\/\/teammutantecuador.com\/?product=sustanon-susobolic-250mg-10ml-cooper-pharma#breadcrumb"},"inLanguage":"es","potentialAction":[{"@type":"ReadAction","target":["https:\/\/teammutantecuador.com\/?product=sustanon-susobolic-250mg-10ml-cooper-pharma"]}]},{"@type":"ImageObject","inLanguage":"es","@id":"https:\/\/teammutantecuador.com\/?product=sustanon-susobolic-250mg-10ml-cooper-pharma#primaryimage","url":"https:\/\/teammutantecuador.com\/wp-content\/uploads\/2026\/01\/Primobolan-100-Mg-Mutant-Pharma-7.jpg","contentUrl":"https:\/\/teammutantecuador.com\/wp-content\/uploads\/2026\/01\/Primobolan-100-Mg-Mutant-Pharma-7.jpg","width":800,"height":800,"caption":"Sustanon Susobolic 250mg 10ml Cooper Pharma"},{"@type":"BreadcrumbList","@id":"https:\/\/teammutantecuador.com\/?product=sustanon-susobolic-250mg-10ml-cooper-pharma#breadcrumb","itemListElement":[{"@type":"ListItem","position":1,"name":"Portada","item":"https:\/\/teammutantecuador.com\/"},{"@type":"ListItem","position":2,"name":"Shop","item":"https:\/\/teammutantecuador.com\/?page_id=6"},{"@type":"ListItem","position":3,"name":"Sustanon Susobolic 250mg 10ml Cooper Pharma"}]},{"@type":"WebSite","@id":"https:\/\/teammutantecuador.com\/#website","url":"https:\/\/teammutantecuador.com\/","name":"Team Mutan Ecuador","description":"Just another WordPress site","publisher":{"@id":"https:\/\/teammutantecuador.com\/#organization"},"potentialAction":[{"@type":"SearchAction","target":{"@type":"EntryPoint","urlTemplate":"https:\/\/teammutantecuador.com\/?s={search_term_string}"},"query-input":{"@type":"PropertyValueSpecification","valueRequired":true,"valueName":"search_term_string"}}],"inLanguage":"es"},{"@type":"Organization","@id":"https:\/\/teammutantecuador.com\/#organization","name":"Team Mutan Ecuador","url":"https:\/\/teammutantecuador.com\/","logo":{"@type":"ImageObject","inLanguage":"es","@id":"https:\/\/teammutantecuador.com\/#\/schema\/logo\/image\/","url":"https:\/\/teammutantecuador.com\/wp-content\/uploads\/2026\/01\/Diseno-sin-titulo-97.png","contentUrl":"https:\/\/teammutantecuador.com\/wp-content\/uploads\/2026\/01\/Diseno-sin-titulo-97.png","width":500,"height":300,"caption":"Team Mutan Ecuador"},"image":{"@id":"https:\/\/teammutantecuador.com\/#\/schema\/logo\/image\/"}}]}},"_links":{"self":[{"href":"https:\/\/teammutantecuador.com\/index.php?rest_route=\/wp\/v2\/product\/1457","targetHints":{"allow":["GET"]}}],"collection":[{"href":"https:\/\/teammutantecuador.com\/index.php?rest_route=\/wp\/v2\/product"}],"about":[{"href":"https:\/\/teammutantecuador.com\/index.php?rest_route=\/wp\/v2\/types\/product"}],"replies":[{"embeddable":true,"href":"https:\/\/teammutantecuador.com\/index.php?rest_route=%2Fwp%2Fv2%2Fcomments&post=1457"}],"wp:featuredmedia":[{"embeddable":true,"href":"https:\/\/teammutantecuador.com\/index.php?rest_route=\/wp\/v2\/media\/1803"}],"wp:attachment":[{"href":"https:\/\/teammutantecuador.com\/index.php?rest_route=%2Fwp%2Fv2%2Fmedia&parent=1457"}],"wp:term":[{"taxonomy":"product_brand","embeddable":true,"href":"https:\/\/teammutantecuador.com\/index.php?rest_route=%2Fwp%2Fv2%2Fproduct_brand&post=1457"},{"taxonomy":"product_cat","embeddable":true,"href":"https:\/\/teammutantecuador.com\/index.php?rest_route=%2Fwp%2Fv2%2Fproduct_cat&post=1457"},{"taxonomy":"product_tag","embeddable":true,"href":"https:\/\/teammutantecuador.com\/index.php?rest_route=%2Fwp%2Fv2%2Fproduct_tag&post=1457"}],"curies":[{"name":"wp","href":"https:\/\/api.w.org\/{rel}","templated":true}]}}