{"id":1456,"date":"2026-01-17T16:04:02","date_gmt":"2026-01-17T16:04:02","guid":{"rendered":"https:\/\/teammutantecuador.com\/?post_type=product&#038;p=1456"},"modified":"2026-01-20T16:38:18","modified_gmt":"2026-01-20T16:38:18","slug":"trembolona-acetato-trenbolic-100mg-5ml-cooper-pharma","status":"publish","type":"product","link":"https:\/\/teammutantecuador.com\/?product=trembolona-acetato-trenbolic-100mg-5ml-cooper-pharma","title":{"rendered":"Trembolona Acetato Trenbolic 100mg 5ml Cooper Pharma"},"content":{"rendered":"<p>Trembolona Acetato Trenbolic Cooper Pharma<br \/>\nForma de administraci\u00f3n: Inyecci\u00f3n intramuscular<br \/>\nCompuesto activo: Enantato de trembolona.<br \/>\nDosis: Entre 100 a 1000 mg\/semana.<br \/>\nTipo: Ciclo de incremento de masa muscular \/ volumen \/ fuerza.<br \/>\nNivel: Avanzado<br \/>\nTrembolona Acetato Trenbolic es fabricada por Cooper Pharma, farmaceutica altamente calificada existente desde hace 30 a\u00f1os, con certificaciones y acreditaciones internacional; ISO, GMP, WHO-GMP, TGA-Australia, FDA. Cooper Pharma Limited es un fabricante l\u00edder de medicamentos gen\u00e9ricos y \u00e9ticos con sede en Delhi, la capital de la India.<\/p>\n<p>BENEFICIOS DE TREMBOLIC<br \/>\n\u2022 Utilizado en periodos de pre-competencia y definici\u00f3n extrema, para concursos de fitness y fisiculturismo<br \/>\n\u2022 Ciclos de Volumen con calidad muscular y definici\u00f3n para fisiculturistas.<br \/>\n\u2022 Ganancias r\u00e1pidas de masa limpia.<br \/>\n\u2022 Estimulante del vigor. Mejora la condici\u00f3n f\u00edsica del atleta.<br \/>\n\u2022 Ayuda a promover el crecimiento muscular, promueven la sanaci\u00f3n de lesiones traum\u00e1ticas y ayudan a los atletas a mejorar su rendimiento.<\/p>\n<p>DESCRIPCION DE TREMBOLIC<br \/>\nTrembolona Acetato es un andr\u00f3geno muy potente con actividad anab\u00f3lica fuerte. Es muy adecuado para la r\u00e1pida acumulaci\u00f3n de fuerza y masa muscular, usualmente proporcionando al usuario resultados excepcionales en un per\u00edodo de tiempo relativamente corto. El efecto anab\u00f3lico de esta sustancia es a menudo comparado con agentes de carga populares, tales como la testosterona o Dianabol, con una diferencia muy importante.<\/p>\n<p>No convierte al estr\u00f3geno. Este es de hecho un compuesto muy singular ya que los f\u00e1rmacos de masas, casi como una regla, se aromatizan (o causan otros problemas relacionados con estr\u00f3genos) en gran medida. Cuando pensamos en tomar esteroides leves (con respecto al estr\u00f3geno) por lo general se espera el crecimiento muscular mucho m\u00e1s d\u00e9bil, pero no as\u00ed con trenbolona.<\/p>\n<p>Aqu\u00ed no tenemos que preocuparnos por los efectos secundarios relacionados con el estr\u00f3geno. No hay retenci\u00f3n de agua notable, por lo que la masa obtenida durante un ciclo de trenbolona ser\u00e1 muy dura y definida (siempre que los niveles de grasa son lo suficientemente bajos).<\/p>\n<p>El alto nivel de andr\u00f3genos resultantes de este esteroide, en ausencia es el exceso de estr\u00f3genos, tambi\u00e9n puede acelerar la quema de grasa corporal. El resultado deber\u00eda ser un f\u00edsico mucho m\u00e1s duro y con definici\u00f3n.<\/p>\n<p>Suprimir\u00e1 tambi\u00e9n la producci\u00f3n natural de testosterona r\u00e1pidamente, aclarando que los estr\u00f3genos no son los \u00fanicos culpables en este asunto. Esto podr\u00eda necesitar el uso de una droga estimulante de la testosterona como Clomid o clomifeno, Nolvadex\u00ae y\/o HCG con el fin de evitar una pronunciada ca\u00edda en el momento en que se descontin\u00faa su uso, Esto podr\u00eda tener que ver con su actividad progestacional. Aunque est\u00e1 listado como un esteroide \u201cno-progestacional\u201d en la literatura, varios estudios demuestran claramente que la trembolona se vincula con estos receptores. Como sabemos que todos los esteroides sexuales promueven la inhibici\u00f3n de la retroalimentaci\u00f3n negativa de la producci\u00f3n de testosterona, incluyendo las progestinas, este mecanismo no puede ser excluido.<\/p>\n<p>Sabemos tambi\u00e9n que los efectos de los estr\u00f3genos parecen incrementarse con elevados niveles de progesterona induci\u00e9ndose los efectos secundarios que podr\u00edan no ser aparentes con el nivel dado de estr\u00f3genos en el cuerpo. Sin embargo, mientras notamos que los efectos secundarios de los estr\u00f3genos no parecen ser reportados con el uso de trembolona, podr\u00eda ser razonable concluir que alg\u00fan tipo de precauci\u00f3n deber\u00eda ser tomada con este componente (particularmente cuando es utilizado con otros esteroides estrog\u00e9nicos).<\/p>\n<p>La l\u00f3gica nos lleva a concluir que sin elevados niveles de estr\u00f3genos la ligera naturaleza progestacional de la trembolona podr\u00eda fallar en inducir efectos secundarios, aunque deber\u00eda tener el potencial de bajar los umbrales de los efectos secundarios cuando otros esteroides estrog\u00e9nicos son utilizados concomitantemente para mejorar la acci\u00f3n de esta hormona. Esta teor\u00eda, por supuesto, no puede ser demostrada en este momento.<\/p>\n<p>Es de las sustancias favoritas de los fisiculturistas por ayudar a conseguir un f\u00edsico muy duro y magro, ideal para los culturistas competitivos.<\/p>\n<p>Trenbolona es notablemente m\u00e1s potente que la testosterona, y tiene un efecto que es hasta tres veces m\u00e1s fuerte en un miligramo por miligramo. Del mismo modo que podemos esperar para ver un cierto nivel de efectos secundarios androg\u00e9nicos con el uso de este compuesto. La piel grasa, el comportamiento agresivo, el acn\u00e9 y la p\u00e9rdida del cabello son por lo tanto probables.<\/p>\n<p>Puedes complementar tu investigacion sobre este producto en el siguiente LINK<\/p>\n","protected":false},"excerpt":{"rendered":"<p>Trembolona Acetato Trenbolic Cooper Pharma<br \/>\nForma de administraci\u00f3n: Inyecci\u00f3n intramuscular<br \/>\nCompuesto activo: Enantato de trembolona.<br \/>\nDosis: Entre 100 a 1000 mg\/semana.<br \/>\nTipo: Ciclo de incremento de masa muscular \/ volumen \/ fuerza.<br \/>\nNivel: Avanzado<\/p>\n","protected":false},"featured_media":1812,"comment_status":"open","ping_status":"closed","template":"","meta":[],"product_brand":[112],"product_cat":[392],"product_tag":[127,105,106,107,117,128],"class_list":{"0":"post-1456","1":"product","2":"type-product","3":"status-publish","4":"has-post-thumbnail","6":"product_brand-cooper-pharma","7":"product_cat-anabolicos","8":"product_tag-acetato","9":"product_tag-anabolico","10":"product_tag-cooper","11":"product_tag-cooper-pharma","12":"product_tag-trembolona","13":"product_tag-trenbolic","15":"first","16":"instock","17":"sale","18":"shipping-taxable","19":"purchasable","20":"product-type-simple"},"yoast_head":"<!-- This site is optimized with the Yoast SEO plugin v26.8 - https:\/\/yoast.com\/product\/yoast-seo-wordpress\/ -->\n<title>Trembolona Acetato Trenbolic 100mg 5ml Cooper Pharma - Team Mutan Ecuador<\/title>\n<meta name=\"description\" content=\"Trembolona Acetato Trenbolic Cooper Pharma Forma de administraci\u00f3n: Inyecci\u00f3n intramuscularCompuesto activo: Enantato de trembolona.Dosis: Entre 100 a 1000 mg\/semana.Tipo: Ciclo de incremento de masa muscular \/ volumen \/ fuerza.Nivel: Avanzado\" \/>\n<meta name=\"robots\" content=\"index, follow, max-snippet:-1, max-image-preview:large, max-video-preview:-1\" \/>\n<link rel=\"canonical\" href=\"https:\/\/teammutantecuador.com\/?product=trembolona-acetato-trenbolic-100mg-5ml-cooper-pharma\" \/>\n<meta property=\"og:locale\" content=\"es_ES\" \/>\n<meta property=\"og:type\" content=\"article\" \/>\n<meta property=\"og:title\" content=\"Trembolona Acetato Trenbolic 100mg 5ml Cooper Pharma - Team Mutan Ecuador\" \/>\n<meta property=\"og:description\" content=\"Trembolona Acetato Trenbolic Cooper Pharma Forma de administraci\u00f3n: Inyecci\u00f3n intramuscularCompuesto activo: Enantato de trembolona.Dosis: Entre 100 a 1000 mg\/semana.Tipo: Ciclo de incremento de masa muscular \/ volumen \/ fuerza.Nivel: Avanzado\" \/>\n<meta property=\"og:url\" content=\"https:\/\/teammutantecuador.com\/?product=trembolona-acetato-trenbolic-100mg-5ml-cooper-pharma\" \/>\n<meta property=\"og:site_name\" content=\"Team Mutan Ecuador\" \/>\n<meta property=\"article:modified_time\" content=\"2026-01-20T16:38:18+00:00\" \/>\n<meta property=\"og:image\" content=\"https:\/\/teammutantecuador.com\/wp-content\/uploads\/2026\/01\/Primobolan-100-Mg-Mutant-Pharma-17.jpg\" \/>\n\t<meta property=\"og:image:width\" content=\"800\" \/>\n\t<meta property=\"og:image:height\" content=\"800\" \/>\n\t<meta property=\"og:image:type\" content=\"image\/jpeg\" \/>\n<meta name=\"twitter:card\" content=\"summary_large_image\" \/>\n<meta name=\"twitter:label1\" content=\"Tiempo de lectura\" \/>\n\t<meta name=\"twitter:data1\" content=\"4 minutos\" \/>\n<script type=\"application\/ld+json\" class=\"yoast-schema-graph\">{\"@context\":\"https:\/\/schema.org\",\"@graph\":[{\"@type\":\"WebPage\",\"@id\":\"https:\/\/teammutantecuador.com\/?product=trembolona-acetato-trenbolic-100mg-5ml-cooper-pharma\",\"url\":\"https:\/\/teammutantecuador.com\/?product=trembolona-acetato-trenbolic-100mg-5ml-cooper-pharma\",\"name\":\"Trembolona Acetato Trenbolic 100mg 5ml Cooper Pharma - Team Mutan Ecuador\",\"isPartOf\":{\"@id\":\"https:\/\/teammutantecuador.com\/#website\"},\"primaryImageOfPage\":{\"@id\":\"https:\/\/teammutantecuador.com\/?product=trembolona-acetato-trenbolic-100mg-5ml-cooper-pharma#primaryimage\"},\"image\":{\"@id\":\"https:\/\/teammutantecuador.com\/?product=trembolona-acetato-trenbolic-100mg-5ml-cooper-pharma#primaryimage\"},\"thumbnailUrl\":\"https:\/\/teammutantecuador.com\/wp-content\/uploads\/2026\/01\/Primobolan-100-Mg-Mutant-Pharma-17.jpg\",\"datePublished\":\"2026-01-17T16:04:02+00:00\",\"dateModified\":\"2026-01-20T16:38:18+00:00\",\"description\":\"Trembolona Acetato Trenbolic Cooper Pharma Forma de administraci\u00f3n: Inyecci\u00f3n intramuscularCompuesto activo: Enantato de trembolona.Dosis: Entre 100 a 1000 mg\/semana.Tipo: Ciclo de incremento de masa muscular \/ volumen \/ fuerza.Nivel: Avanzado\",\"breadcrumb\":{\"@id\":\"https:\/\/teammutantecuador.com\/?product=trembolona-acetato-trenbolic-100mg-5ml-cooper-pharma#breadcrumb\"},\"inLanguage\":\"es\",\"potentialAction\":[{\"@type\":\"ReadAction\",\"target\":[\"https:\/\/teammutantecuador.com\/?product=trembolona-acetato-trenbolic-100mg-5ml-cooper-pharma\"]}]},{\"@type\":\"ImageObject\",\"inLanguage\":\"es\",\"@id\":\"https:\/\/teammutantecuador.com\/?product=trembolona-acetato-trenbolic-100mg-5ml-cooper-pharma#primaryimage\",\"url\":\"https:\/\/teammutantecuador.com\/wp-content\/uploads\/2026\/01\/Primobolan-100-Mg-Mutant-Pharma-17.jpg\",\"contentUrl\":\"https:\/\/teammutantecuador.com\/wp-content\/uploads\/2026\/01\/Primobolan-100-Mg-Mutant-Pharma-17.jpg\",\"width\":800,\"height\":800,\"caption\":\"Trembolona Acetato Trenbolic 100mg 5ml Cooper Pharma\"},{\"@type\":\"BreadcrumbList\",\"@id\":\"https:\/\/teammutantecuador.com\/?product=trembolona-acetato-trenbolic-100mg-5ml-cooper-pharma#breadcrumb\",\"itemListElement\":[{\"@type\":\"ListItem\",\"position\":1,\"name\":\"Portada\",\"item\":\"https:\/\/teammutantecuador.com\/\"},{\"@type\":\"ListItem\",\"position\":2,\"name\":\"Shop\",\"item\":\"https:\/\/teammutantecuador.com\/?page_id=6\"},{\"@type\":\"ListItem\",\"position\":3,\"name\":\"Trembolona Acetato Trenbolic 100mg 5ml Cooper Pharma\"}]},{\"@type\":\"WebSite\",\"@id\":\"https:\/\/teammutantecuador.com\/#website\",\"url\":\"https:\/\/teammutantecuador.com\/\",\"name\":\"Team Mutan Ecuador\",\"description\":\"Just another WordPress site\",\"publisher\":{\"@id\":\"https:\/\/teammutantecuador.com\/#organization\"},\"potentialAction\":[{\"@type\":\"SearchAction\",\"target\":{\"@type\":\"EntryPoint\",\"urlTemplate\":\"https:\/\/teammutantecuador.com\/?s={search_term_string}\"},\"query-input\":{\"@type\":\"PropertyValueSpecification\",\"valueRequired\":true,\"valueName\":\"search_term_string\"}}],\"inLanguage\":\"es\"},{\"@type\":\"Organization\",\"@id\":\"https:\/\/teammutantecuador.com\/#organization\",\"name\":\"Team Mutan Ecuador\",\"url\":\"https:\/\/teammutantecuador.com\/\",\"logo\":{\"@type\":\"ImageObject\",\"inLanguage\":\"es\",\"@id\":\"https:\/\/teammutantecuador.com\/#\/schema\/logo\/image\/\",\"url\":\"https:\/\/teammutantecuador.com\/wp-content\/uploads\/2026\/01\/Diseno-sin-titulo-97.png\",\"contentUrl\":\"https:\/\/teammutantecuador.com\/wp-content\/uploads\/2026\/01\/Diseno-sin-titulo-97.png\",\"width\":500,\"height\":300,\"caption\":\"Team Mutan Ecuador\"},\"image\":{\"@id\":\"https:\/\/teammutantecuador.com\/#\/schema\/logo\/image\/\"}}]}<\/script>\n<!-- \/ Yoast SEO plugin. -->","yoast_head_json":{"title":"Trembolona Acetato Trenbolic 100mg 5ml Cooper Pharma - Team Mutan Ecuador","description":"Trembolona Acetato Trenbolic Cooper Pharma Forma de administraci\u00f3n: Inyecci\u00f3n intramuscularCompuesto activo: Enantato de trembolona.Dosis: Entre 100 a 1000 mg\/semana.Tipo: Ciclo de incremento de masa muscular \/ volumen \/ fuerza.Nivel: Avanzado","robots":{"index":"index","follow":"follow","max-snippet":"max-snippet:-1","max-image-preview":"max-image-preview:large","max-video-preview":"max-video-preview:-1"},"canonical":"https:\/\/teammutantecuador.com\/?product=trembolona-acetato-trenbolic-100mg-5ml-cooper-pharma","og_locale":"es_ES","og_type":"article","og_title":"Trembolona Acetato Trenbolic 100mg 5ml Cooper Pharma - Team Mutan Ecuador","og_description":"Trembolona Acetato Trenbolic Cooper Pharma Forma de administraci\u00f3n: Inyecci\u00f3n intramuscularCompuesto activo: Enantato de trembolona.Dosis: Entre 100 a 1000 mg\/semana.Tipo: Ciclo de incremento de masa muscular \/ volumen \/ fuerza.Nivel: Avanzado","og_url":"https:\/\/teammutantecuador.com\/?product=trembolona-acetato-trenbolic-100mg-5ml-cooper-pharma","og_site_name":"Team Mutan Ecuador","article_modified_time":"2026-01-20T16:38:18+00:00","og_image":[{"width":800,"height":800,"url":"https:\/\/teammutantecuador.com\/wp-content\/uploads\/2026\/01\/Primobolan-100-Mg-Mutant-Pharma-17.jpg","type":"image\/jpeg"}],"twitter_card":"summary_large_image","twitter_misc":{"Tiempo de lectura":"4 minutos"},"schema":{"@context":"https:\/\/schema.org","@graph":[{"@type":"WebPage","@id":"https:\/\/teammutantecuador.com\/?product=trembolona-acetato-trenbolic-100mg-5ml-cooper-pharma","url":"https:\/\/teammutantecuador.com\/?product=trembolona-acetato-trenbolic-100mg-5ml-cooper-pharma","name":"Trembolona Acetato Trenbolic 100mg 5ml Cooper Pharma - Team Mutan Ecuador","isPartOf":{"@id":"https:\/\/teammutantecuador.com\/#website"},"primaryImageOfPage":{"@id":"https:\/\/teammutantecuador.com\/?product=trembolona-acetato-trenbolic-100mg-5ml-cooper-pharma#primaryimage"},"image":{"@id":"https:\/\/teammutantecuador.com\/?product=trembolona-acetato-trenbolic-100mg-5ml-cooper-pharma#primaryimage"},"thumbnailUrl":"https:\/\/teammutantecuador.com\/wp-content\/uploads\/2026\/01\/Primobolan-100-Mg-Mutant-Pharma-17.jpg","datePublished":"2026-01-17T16:04:02+00:00","dateModified":"2026-01-20T16:38:18+00:00","description":"Trembolona Acetato Trenbolic Cooper Pharma Forma de administraci\u00f3n: Inyecci\u00f3n intramuscularCompuesto activo: Enantato de trembolona.Dosis: Entre 100 a 1000 mg\/semana.Tipo: Ciclo de incremento de masa muscular \/ volumen \/ fuerza.Nivel: Avanzado","breadcrumb":{"@id":"https:\/\/teammutantecuador.com\/?product=trembolona-acetato-trenbolic-100mg-5ml-cooper-pharma#breadcrumb"},"inLanguage":"es","potentialAction":[{"@type":"ReadAction","target":["https:\/\/teammutantecuador.com\/?product=trembolona-acetato-trenbolic-100mg-5ml-cooper-pharma"]}]},{"@type":"ImageObject","inLanguage":"es","@id":"https:\/\/teammutantecuador.com\/?product=trembolona-acetato-trenbolic-100mg-5ml-cooper-pharma#primaryimage","url":"https:\/\/teammutantecuador.com\/wp-content\/uploads\/2026\/01\/Primobolan-100-Mg-Mutant-Pharma-17.jpg","contentUrl":"https:\/\/teammutantecuador.com\/wp-content\/uploads\/2026\/01\/Primobolan-100-Mg-Mutant-Pharma-17.jpg","width":800,"height":800,"caption":"Trembolona Acetato Trenbolic 100mg 5ml Cooper Pharma"},{"@type":"BreadcrumbList","@id":"https:\/\/teammutantecuador.com\/?product=trembolona-acetato-trenbolic-100mg-5ml-cooper-pharma#breadcrumb","itemListElement":[{"@type":"ListItem","position":1,"name":"Portada","item":"https:\/\/teammutantecuador.com\/"},{"@type":"ListItem","position":2,"name":"Shop","item":"https:\/\/teammutantecuador.com\/?page_id=6"},{"@type":"ListItem","position":3,"name":"Trembolona Acetato Trenbolic 100mg 5ml Cooper Pharma"}]},{"@type":"WebSite","@id":"https:\/\/teammutantecuador.com\/#website","url":"https:\/\/teammutantecuador.com\/","name":"Team Mutan Ecuador","description":"Just another WordPress site","publisher":{"@id":"https:\/\/teammutantecuador.com\/#organization"},"potentialAction":[{"@type":"SearchAction","target":{"@type":"EntryPoint","urlTemplate":"https:\/\/teammutantecuador.com\/?s={search_term_string}"},"query-input":{"@type":"PropertyValueSpecification","valueRequired":true,"valueName":"search_term_string"}}],"inLanguage":"es"},{"@type":"Organization","@id":"https:\/\/teammutantecuador.com\/#organization","name":"Team Mutan Ecuador","url":"https:\/\/teammutantecuador.com\/","logo":{"@type":"ImageObject","inLanguage":"es","@id":"https:\/\/teammutantecuador.com\/#\/schema\/logo\/image\/","url":"https:\/\/teammutantecuador.com\/wp-content\/uploads\/2026\/01\/Diseno-sin-titulo-97.png","contentUrl":"https:\/\/teammutantecuador.com\/wp-content\/uploads\/2026\/01\/Diseno-sin-titulo-97.png","width":500,"height":300,"caption":"Team Mutan Ecuador"},"image":{"@id":"https:\/\/teammutantecuador.com\/#\/schema\/logo\/image\/"}}]}},"_links":{"self":[{"href":"https:\/\/teammutantecuador.com\/index.php?rest_route=\/wp\/v2\/product\/1456","targetHints":{"allow":["GET"]}}],"collection":[{"href":"https:\/\/teammutantecuador.com\/index.php?rest_route=\/wp\/v2\/product"}],"about":[{"href":"https:\/\/teammutantecuador.com\/index.php?rest_route=\/wp\/v2\/types\/product"}],"replies":[{"embeddable":true,"href":"https:\/\/teammutantecuador.com\/index.php?rest_route=%2Fwp%2Fv2%2Fcomments&post=1456"}],"wp:featuredmedia":[{"embeddable":true,"href":"https:\/\/teammutantecuador.com\/index.php?rest_route=\/wp\/v2\/media\/1812"}],"wp:attachment":[{"href":"https:\/\/teammutantecuador.com\/index.php?rest_route=%2Fwp%2Fv2%2Fmedia&parent=1456"}],"wp:term":[{"taxonomy":"product_brand","embeddable":true,"href":"https:\/\/teammutantecuador.com\/index.php?rest_route=%2Fwp%2Fv2%2Fproduct_brand&post=1456"},{"taxonomy":"product_cat","embeddable":true,"href":"https:\/\/teammutantecuador.com\/index.php?rest_route=%2Fwp%2Fv2%2Fproduct_cat&post=1456"},{"taxonomy":"product_tag","embeddable":true,"href":"https:\/\/teammutantecuador.com\/index.php?rest_route=%2Fwp%2Fv2%2Fproduct_tag&post=1456"}],"curies":[{"name":"wp","href":"https:\/\/api.w.org\/{rel}","templated":true}]}}