{"id":1455,"date":"2026-01-17T16:04:02","date_gmt":"2026-01-17T16:04:02","guid":{"rendered":"https:\/\/teammutantecuador.com\/?post_type=product&#038;p=1455"},"modified":"2026-01-20T16:43:09","modified_gmt":"2026-01-20T16:43:09","slug":"winobolic-estanozolol-cooper-pharma-50mg","status":"publish","type":"product","link":"https:\/\/teammutantecuador.com\/?product=winobolic-estanozolol-cooper-pharma-50mg","title":{"rendered":"Winobolic Estanozolol Cooper Pharma 50mg"},"content":{"rendered":"<p>Winobolic Estanozolol Cooper Pharma<br \/>\nForma farmaceutica de Winobolic Cooper Pharma<\/p>\n<p>Clase de medicamento: Esteroide Anabolico Inyectable<br \/>\nVida activa: 8hrs<br \/>\nDosis media: Hombres 30 \u2013 100mg\/d\u00eda. Mujeres 2,5 a 10mg\/d\u00eda<br \/>\nToxicidad hepatica: Alta (Debe utilizar protectores hep\u00e1ticos)<br \/>\nTasa de aromatizaci\u00f3n: Ninguna<br \/>\nConversi\u00f3n DHT: Ninguno<br \/>\nDisminuci\u00f3n de la funci\u00f3n ATAR: Baja (aun as\u00ed recomendamos usar Post Ciclo)<br \/>\nTasa Anab\u00f3lico \/ androg\u00e9nico: 320: 30<br \/>\nSustancia activa:\u2028 Estanozolol 50mg\/ml<br \/>\nEl estanozolol es uno de los esteroides anab\u00f3licos m\u00e1s populares y conocidos entre los culturistas. Para estanozolol, Cooper Pharma utiliza el nombre de marca Winobolic Estanozolol . El componente activo es estanozolol de 50 mg por ml.<\/p>\n<p>La raz\u00f3n principal por la que este esteroide es tan popular es tal vez porque no convierte al estr\u00f3geno y utilizar un f\u00e1rmaco antiestrogenico no es necesario durante el uso de estanozolol. Adem\u00e1s, no produce retenci\u00f3n de agua ni ginecomastia.<\/p>\n<p>La dosis d\u00eda por medio de Winobolic Estanozolol suele ser de 50 mg. No se recomienda utilizar solo, se toma en combinaci\u00f3n con otros esteroides dependiendo de las metas deseadas. Se puede combinar con testosterona, Dianabol u oximetolona si el objetivo es obtener mayor volumen. En este caso estanozolol va a equilibrar el ciclo un poco, dando buen efecto anab\u00f3lico con nula actividad estrog\u00e9nica. El resultado de esta combinaci\u00f3n ser\u00e1 un aumento de la masa muscular con un bajo nivel de retenci\u00f3n de agua y grasa. Stanoxyl 10 Estanozolol se puede utilizar en combinaci\u00f3n con Propionato de testosterona, Oxandrolona, Trembolona o Halotestin. Dicha combinaci\u00f3n es por lo general para los concursos y las fases de dieta de definici\u00f3n. El resultado ser\u00e1 un aspecto muy definido y gran tono muscular.<\/p>\n<p>Efectos secundarios: El estanozolol es un 17 alfa-alquilatado es por eso que los consumidores de este producto tienen considerar estrictamente la utilizaci\u00f3n de protector hep\u00e1tico. Debido a la toxicidad hep\u00e1tica se recomienda a aquellos que toman este esteroide limitar su uso a no m\u00e1s de 8 semanas. Si ha decidido usar Stanoxyl 10 Estanozolol por un per\u00edodo de tiempo m\u00e1s largo, usted debe controlar sus valores hep\u00e1ticos a trav\u00e9s de an\u00e1lisis de sangre para asegurarse de que no se produzcan da\u00f1os. Otros efectos secundarios son: acn\u00e9 y el agravamiento de la calvicie de patr\u00f3n masculino.<\/p>\n","protected":false},"excerpt":{"rendered":"<p>Winobolic Estanozolol Cooper Pharma<br \/>\nForma farmaceutica de Winobolic Cooper Pharma<\/p>\n<p>Clase de medicamento: Esteroide Anabolico Inyectable<br \/>\nVida activa: 8hrs<br \/>\nDosis media: Hombres 30 \u2013 100mg\/d\u00eda. Mujeres 2,5 a 10mg\/d\u00eda<br \/>\nToxicidad hepatica: Alta (Debe utilizar protectores hep\u00e1ticos)<br \/>\nTasa de aromatizaci\u00f3n: Ninguna<br \/>\nConversi\u00f3n DHT: Ninguno<br \/>\nDisminuci\u00f3n de la funci\u00f3n ATAR: Baja (aun as\u00ed recomendamos usar Post Ciclo)<br \/>\nTasa Anab\u00f3lico \/ androg\u00e9nico: 320: 30<br \/>\nSustancia activa:\u2028 Estanozolol 50mg\/ml<\/p>\n","protected":false},"featured_media":1821,"comment_status":"open","ping_status":"closed","template":"","meta":[],"product_brand":[112],"product_cat":[392],"product_tag":[105,106,107,124,125,126],"class_list":{"0":"post-1455","1":"product","2":"type-product","3":"status-publish","4":"has-post-thumbnail","6":"product_brand-cooper-pharma","7":"product_cat-anabolicos","8":"product_tag-anabolico","9":"product_tag-cooper","10":"product_tag-cooper-pharma","11":"product_tag-estanozolol","12":"product_tag-winobolic","13":"product_tag-winstrol","15":"first","16":"instock","17":"sale","18":"shipping-taxable","19":"purchasable","20":"product-type-simple"},"yoast_head":"<!-- This site is optimized with the Yoast SEO plugin v26.8 - https:\/\/yoast.com\/product\/yoast-seo-wordpress\/ -->\n<title>Winobolic Estanozolol Cooper Pharma 50mg - Team Mutan Ecuador<\/title>\n<meta name=\"description\" content=\"Winobolic Estanozolol Cooper Pharma Forma farmaceutica de Winobolic Cooper PharmaClase de medicamento: Esteroide Anabolico InyectableVida activa: 8hrsDosis media: Hombres 30 \u2013 100mg\/d\u00eda. Mujeres 2,5 a 10mg\/d\u00edaToxicidad hepatica: Alta (Debe utilizar protectores hep\u00e1ticos)Tasa de aromatizaci\u00f3n: NingunaConversi\u00f3n DHT: NingunoDisminuci\u00f3n de la funci\u00f3n ATAR: Baja (aun as\u00ed recomendamos usar Post Ciclo)Tasa Anab\u00f3lico \/ androg\u00e9nico: 320: 30Sustancia activa:\u2028 Estanozolol 50mg\/ml\" \/>\n<meta name=\"robots\" content=\"index, follow, max-snippet:-1, max-image-preview:large, max-video-preview:-1\" \/>\n<link rel=\"canonical\" href=\"https:\/\/teammutantecuador.com\/?product=winobolic-estanozolol-cooper-pharma-50mg\" \/>\n<meta property=\"og:locale\" content=\"es_ES\" \/>\n<meta property=\"og:type\" content=\"article\" \/>\n<meta property=\"og:title\" content=\"Winobolic Estanozolol Cooper Pharma 50mg - Team Mutan Ecuador\" \/>\n<meta property=\"og:description\" content=\"Winobolic Estanozolol Cooper Pharma Forma farmaceutica de Winobolic Cooper PharmaClase de medicamento: Esteroide Anabolico InyectableVida activa: 8hrsDosis media: Hombres 30 \u2013 100mg\/d\u00eda. Mujeres 2,5 a 10mg\/d\u00edaToxicidad hepatica: Alta (Debe utilizar protectores hep\u00e1ticos)Tasa de aromatizaci\u00f3n: NingunaConversi\u00f3n DHT: NingunoDisminuci\u00f3n de la funci\u00f3n ATAR: Baja (aun as\u00ed recomendamos usar Post Ciclo)Tasa Anab\u00f3lico \/ androg\u00e9nico: 320: 30Sustancia activa:\u2028 Estanozolol 50mg\/ml\" \/>\n<meta property=\"og:url\" content=\"https:\/\/teammutantecuador.com\/?product=winobolic-estanozolol-cooper-pharma-50mg\" \/>\n<meta property=\"og:site_name\" content=\"Team Mutan Ecuador\" \/>\n<meta property=\"article:modified_time\" content=\"2026-01-20T16:43:09+00:00\" \/>\n<meta property=\"og:image\" content=\"https:\/\/teammutantecuador.com\/wp-content\/uploads\/2026\/01\/Primobolan-100-Mg-Mutant-Pharma-22.jpg\" \/>\n\t<meta property=\"og:image:width\" content=\"800\" \/>\n\t<meta property=\"og:image:height\" content=\"800\" \/>\n\t<meta property=\"og:image:type\" content=\"image\/jpeg\" \/>\n<meta name=\"twitter:card\" content=\"summary_large_image\" \/>\n<meta name=\"twitter:label1\" content=\"Tiempo de lectura\" \/>\n\t<meta name=\"twitter:data1\" content=\"2 minutos\" \/>\n<script type=\"application\/ld+json\" class=\"yoast-schema-graph\">{\"@context\":\"https:\/\/schema.org\",\"@graph\":[{\"@type\":\"WebPage\",\"@id\":\"https:\/\/teammutantecuador.com\/?product=winobolic-estanozolol-cooper-pharma-50mg\",\"url\":\"https:\/\/teammutantecuador.com\/?product=winobolic-estanozolol-cooper-pharma-50mg\",\"name\":\"Winobolic Estanozolol Cooper Pharma 50mg - Team Mutan Ecuador\",\"isPartOf\":{\"@id\":\"https:\/\/teammutantecuador.com\/#website\"},\"primaryImageOfPage\":{\"@id\":\"https:\/\/teammutantecuador.com\/?product=winobolic-estanozolol-cooper-pharma-50mg#primaryimage\"},\"image\":{\"@id\":\"https:\/\/teammutantecuador.com\/?product=winobolic-estanozolol-cooper-pharma-50mg#primaryimage\"},\"thumbnailUrl\":\"https:\/\/teammutantecuador.com\/wp-content\/uploads\/2026\/01\/Primobolan-100-Mg-Mutant-Pharma-22.jpg\",\"datePublished\":\"2026-01-17T16:04:02+00:00\",\"dateModified\":\"2026-01-20T16:43:09+00:00\",\"description\":\"Winobolic Estanozolol Cooper Pharma Forma farmaceutica de Winobolic Cooper PharmaClase de medicamento: Esteroide Anabolico InyectableVida activa: 8hrsDosis media: Hombres 30 \u2013 100mg\/d\u00eda. Mujeres 2,5 a 10mg\/d\u00edaToxicidad hepatica: Alta (Debe utilizar protectores hep\u00e1ticos)Tasa de aromatizaci\u00f3n: NingunaConversi\u00f3n DHT: NingunoDisminuci\u00f3n de la funci\u00f3n ATAR: Baja (aun as\u00ed recomendamos usar Post Ciclo)Tasa Anab\u00f3lico \/ androg\u00e9nico: 320: 30Sustancia activa:\\u2028 Estanozolol 50mg\/ml\",\"breadcrumb\":{\"@id\":\"https:\/\/teammutantecuador.com\/?product=winobolic-estanozolol-cooper-pharma-50mg#breadcrumb\"},\"inLanguage\":\"es\",\"potentialAction\":[{\"@type\":\"ReadAction\",\"target\":[\"https:\/\/teammutantecuador.com\/?product=winobolic-estanozolol-cooper-pharma-50mg\"]}]},{\"@type\":\"ImageObject\",\"inLanguage\":\"es\",\"@id\":\"https:\/\/teammutantecuador.com\/?product=winobolic-estanozolol-cooper-pharma-50mg#primaryimage\",\"url\":\"https:\/\/teammutantecuador.com\/wp-content\/uploads\/2026\/01\/Primobolan-100-Mg-Mutant-Pharma-22.jpg\",\"contentUrl\":\"https:\/\/teammutantecuador.com\/wp-content\/uploads\/2026\/01\/Primobolan-100-Mg-Mutant-Pharma-22.jpg\",\"width\":800,\"height\":800,\"caption\":\"Winobolic Estanozolol Cooper Pharma 50mg\"},{\"@type\":\"BreadcrumbList\",\"@id\":\"https:\/\/teammutantecuador.com\/?product=winobolic-estanozolol-cooper-pharma-50mg#breadcrumb\",\"itemListElement\":[{\"@type\":\"ListItem\",\"position\":1,\"name\":\"Portada\",\"item\":\"https:\/\/teammutantecuador.com\/\"},{\"@type\":\"ListItem\",\"position\":2,\"name\":\"Shop\",\"item\":\"https:\/\/teammutantecuador.com\/?page_id=6\"},{\"@type\":\"ListItem\",\"position\":3,\"name\":\"Winobolic Estanozolol Cooper Pharma 50mg\"}]},{\"@type\":\"WebSite\",\"@id\":\"https:\/\/teammutantecuador.com\/#website\",\"url\":\"https:\/\/teammutantecuador.com\/\",\"name\":\"Team Mutan Ecuador\",\"description\":\"Just another WordPress site\",\"publisher\":{\"@id\":\"https:\/\/teammutantecuador.com\/#organization\"},\"potentialAction\":[{\"@type\":\"SearchAction\",\"target\":{\"@type\":\"EntryPoint\",\"urlTemplate\":\"https:\/\/teammutantecuador.com\/?s={search_term_string}\"},\"query-input\":{\"@type\":\"PropertyValueSpecification\",\"valueRequired\":true,\"valueName\":\"search_term_string\"}}],\"inLanguage\":\"es\"},{\"@type\":\"Organization\",\"@id\":\"https:\/\/teammutantecuador.com\/#organization\",\"name\":\"Team Mutan Ecuador\",\"url\":\"https:\/\/teammutantecuador.com\/\",\"logo\":{\"@type\":\"ImageObject\",\"inLanguage\":\"es\",\"@id\":\"https:\/\/teammutantecuador.com\/#\/schema\/logo\/image\/\",\"url\":\"https:\/\/teammutantecuador.com\/wp-content\/uploads\/2026\/01\/Diseno-sin-titulo-97.png\",\"contentUrl\":\"https:\/\/teammutantecuador.com\/wp-content\/uploads\/2026\/01\/Diseno-sin-titulo-97.png\",\"width\":500,\"height\":300,\"caption\":\"Team Mutan Ecuador\"},\"image\":{\"@id\":\"https:\/\/teammutantecuador.com\/#\/schema\/logo\/image\/\"}}]}<\/script>\n<!-- \/ Yoast SEO plugin. -->","yoast_head_json":{"title":"Winobolic Estanozolol Cooper Pharma 50mg - Team Mutan Ecuador","description":"Winobolic Estanozolol Cooper Pharma Forma farmaceutica de Winobolic Cooper PharmaClase de medicamento: Esteroide Anabolico InyectableVida activa: 8hrsDosis media: Hombres 30 \u2013 100mg\/d\u00eda. Mujeres 2,5 a 10mg\/d\u00edaToxicidad hepatica: Alta (Debe utilizar protectores hep\u00e1ticos)Tasa de aromatizaci\u00f3n: NingunaConversi\u00f3n DHT: NingunoDisminuci\u00f3n de la funci\u00f3n ATAR: Baja (aun as\u00ed recomendamos usar Post Ciclo)Tasa Anab\u00f3lico \/ androg\u00e9nico: 320: 30Sustancia activa:\u2028 Estanozolol 50mg\/ml","robots":{"index":"index","follow":"follow","max-snippet":"max-snippet:-1","max-image-preview":"max-image-preview:large","max-video-preview":"max-video-preview:-1"},"canonical":"https:\/\/teammutantecuador.com\/?product=winobolic-estanozolol-cooper-pharma-50mg","og_locale":"es_ES","og_type":"article","og_title":"Winobolic Estanozolol Cooper Pharma 50mg - Team Mutan Ecuador","og_description":"Winobolic Estanozolol Cooper Pharma Forma farmaceutica de Winobolic Cooper PharmaClase de medicamento: Esteroide Anabolico InyectableVida activa: 8hrsDosis media: Hombres 30 \u2013 100mg\/d\u00eda. Mujeres 2,5 a 10mg\/d\u00edaToxicidad hepatica: Alta (Debe utilizar protectores hep\u00e1ticos)Tasa de aromatizaci\u00f3n: NingunaConversi\u00f3n DHT: NingunoDisminuci\u00f3n de la funci\u00f3n ATAR: Baja (aun as\u00ed recomendamos usar Post Ciclo)Tasa Anab\u00f3lico \/ androg\u00e9nico: 320: 30Sustancia activa:\u2028 Estanozolol 50mg\/ml","og_url":"https:\/\/teammutantecuador.com\/?product=winobolic-estanozolol-cooper-pharma-50mg","og_site_name":"Team Mutan Ecuador","article_modified_time":"2026-01-20T16:43:09+00:00","og_image":[{"width":800,"height":800,"url":"https:\/\/teammutantecuador.com\/wp-content\/uploads\/2026\/01\/Primobolan-100-Mg-Mutant-Pharma-22.jpg","type":"image\/jpeg"}],"twitter_card":"summary_large_image","twitter_misc":{"Tiempo de lectura":"2 minutos"},"schema":{"@context":"https:\/\/schema.org","@graph":[{"@type":"WebPage","@id":"https:\/\/teammutantecuador.com\/?product=winobolic-estanozolol-cooper-pharma-50mg","url":"https:\/\/teammutantecuador.com\/?product=winobolic-estanozolol-cooper-pharma-50mg","name":"Winobolic Estanozolol Cooper Pharma 50mg - Team Mutan Ecuador","isPartOf":{"@id":"https:\/\/teammutantecuador.com\/#website"},"primaryImageOfPage":{"@id":"https:\/\/teammutantecuador.com\/?product=winobolic-estanozolol-cooper-pharma-50mg#primaryimage"},"image":{"@id":"https:\/\/teammutantecuador.com\/?product=winobolic-estanozolol-cooper-pharma-50mg#primaryimage"},"thumbnailUrl":"https:\/\/teammutantecuador.com\/wp-content\/uploads\/2026\/01\/Primobolan-100-Mg-Mutant-Pharma-22.jpg","datePublished":"2026-01-17T16:04:02+00:00","dateModified":"2026-01-20T16:43:09+00:00","description":"Winobolic Estanozolol Cooper Pharma Forma farmaceutica de Winobolic Cooper PharmaClase de medicamento: Esteroide Anabolico InyectableVida activa: 8hrsDosis media: Hombres 30 \u2013 100mg\/d\u00eda. Mujeres 2,5 a 10mg\/d\u00edaToxicidad hepatica: Alta (Debe utilizar protectores hep\u00e1ticos)Tasa de aromatizaci\u00f3n: NingunaConversi\u00f3n DHT: NingunoDisminuci\u00f3n de la funci\u00f3n ATAR: Baja (aun as\u00ed recomendamos usar Post Ciclo)Tasa Anab\u00f3lico \/ androg\u00e9nico: 320: 30Sustancia activa:\u2028 Estanozolol 50mg\/ml","breadcrumb":{"@id":"https:\/\/teammutantecuador.com\/?product=winobolic-estanozolol-cooper-pharma-50mg#breadcrumb"},"inLanguage":"es","potentialAction":[{"@type":"ReadAction","target":["https:\/\/teammutantecuador.com\/?product=winobolic-estanozolol-cooper-pharma-50mg"]}]},{"@type":"ImageObject","inLanguage":"es","@id":"https:\/\/teammutantecuador.com\/?product=winobolic-estanozolol-cooper-pharma-50mg#primaryimage","url":"https:\/\/teammutantecuador.com\/wp-content\/uploads\/2026\/01\/Primobolan-100-Mg-Mutant-Pharma-22.jpg","contentUrl":"https:\/\/teammutantecuador.com\/wp-content\/uploads\/2026\/01\/Primobolan-100-Mg-Mutant-Pharma-22.jpg","width":800,"height":800,"caption":"Winobolic Estanozolol Cooper Pharma 50mg"},{"@type":"BreadcrumbList","@id":"https:\/\/teammutantecuador.com\/?product=winobolic-estanozolol-cooper-pharma-50mg#breadcrumb","itemListElement":[{"@type":"ListItem","position":1,"name":"Portada","item":"https:\/\/teammutantecuador.com\/"},{"@type":"ListItem","position":2,"name":"Shop","item":"https:\/\/teammutantecuador.com\/?page_id=6"},{"@type":"ListItem","position":3,"name":"Winobolic Estanozolol Cooper Pharma 50mg"}]},{"@type":"WebSite","@id":"https:\/\/teammutantecuador.com\/#website","url":"https:\/\/teammutantecuador.com\/","name":"Team Mutan Ecuador","description":"Just another WordPress site","publisher":{"@id":"https:\/\/teammutantecuador.com\/#organization"},"potentialAction":[{"@type":"SearchAction","target":{"@type":"EntryPoint","urlTemplate":"https:\/\/teammutantecuador.com\/?s={search_term_string}"},"query-input":{"@type":"PropertyValueSpecification","valueRequired":true,"valueName":"search_term_string"}}],"inLanguage":"es"},{"@type":"Organization","@id":"https:\/\/teammutantecuador.com\/#organization","name":"Team Mutan Ecuador","url":"https:\/\/teammutantecuador.com\/","logo":{"@type":"ImageObject","inLanguage":"es","@id":"https:\/\/teammutantecuador.com\/#\/schema\/logo\/image\/","url":"https:\/\/teammutantecuador.com\/wp-content\/uploads\/2026\/01\/Diseno-sin-titulo-97.png","contentUrl":"https:\/\/teammutantecuador.com\/wp-content\/uploads\/2026\/01\/Diseno-sin-titulo-97.png","width":500,"height":300,"caption":"Team Mutan Ecuador"},"image":{"@id":"https:\/\/teammutantecuador.com\/#\/schema\/logo\/image\/"}}]}},"_links":{"self":[{"href":"https:\/\/teammutantecuador.com\/index.php?rest_route=\/wp\/v2\/product\/1455","targetHints":{"allow":["GET"]}}],"collection":[{"href":"https:\/\/teammutantecuador.com\/index.php?rest_route=\/wp\/v2\/product"}],"about":[{"href":"https:\/\/teammutantecuador.com\/index.php?rest_route=\/wp\/v2\/types\/product"}],"replies":[{"embeddable":true,"href":"https:\/\/teammutantecuador.com\/index.php?rest_route=%2Fwp%2Fv2%2Fcomments&post=1455"}],"wp:featuredmedia":[{"embeddable":true,"href":"https:\/\/teammutantecuador.com\/index.php?rest_route=\/wp\/v2\/media\/1821"}],"wp:attachment":[{"href":"https:\/\/teammutantecuador.com\/index.php?rest_route=%2Fwp%2Fv2%2Fmedia&parent=1455"}],"wp:term":[{"taxonomy":"product_brand","embeddable":true,"href":"https:\/\/teammutantecuador.com\/index.php?rest_route=%2Fwp%2Fv2%2Fproduct_brand&post=1455"},{"taxonomy":"product_cat","embeddable":true,"href":"https:\/\/teammutantecuador.com\/index.php?rest_route=%2Fwp%2Fv2%2Fproduct_cat&post=1455"},{"taxonomy":"product_tag","embeddable":true,"href":"https:\/\/teammutantecuador.com\/index.php?rest_route=%2Fwp%2Fv2%2Fproduct_tag&post=1455"}],"curies":[{"name":"wp","href":"https:\/\/api.w.org\/{rel}","templated":true}]}}