{"id":1454,"date":"2026-01-17T16:04:02","date_gmt":"2026-01-17T16:04:02","guid":{"rendered":"https:\/\/teammutantecuador.com\/?post_type=product&#038;p=1454"},"modified":"2026-01-20T16:10:28","modified_gmt":"2026-01-20T16:10:28","slug":"enantato-de-testosterona-enanbolic-250mg-10ml-cooper-pharma","status":"publish","type":"product","link":"https:\/\/teammutantecuador.com\/?product=enantato-de-testosterona-enanbolic-250mg-10ml-cooper-pharma","title":{"rendered":"Enantato de testosterona Enanbolic 250mg 10ml Cooper Pharma"},"content":{"rendered":"<p>Enantato de testosterona Enanbolic 250mg 10ml Cooper Pharma<br \/>\nForma de administraci\u00f3n: Inyecci\u00f3n.<br \/>\nCompuesto activo: Enantato de testosterona.<br \/>\nDosis: Entre 250 y 1000 mg\/semana.<br \/>\nTipo: Ciclo de incremento de masa muscular \/ volumen \/ fuerza.<br \/>\nProtecci\u00f3n durante el tratamiento: Se recomienda el uso de un Antiestr\u00f3geno.<br \/>\nNivel: Para todos los usuarios.<br \/>\nEfectos positivos de Enantato<br \/>\nEs un esteroide de grandes efectos anab\u00f3licos.<br \/>\nPromueve el crecimiento acelerado de masa muscular.<br \/>\nIncrementa de manera significativa la fuerza.<br \/>\nEfectos negativos de Enantato de Testosterona<br \/>\nSus efectos son retardados, aproximadamente de 2 a 3 semanas.<br \/>\nEn algunas personas puede provocar aumento de la presi\u00f3n arterial, agresi\u00f3n y acn\u00e9.<br \/>\nCausa retenci\u00f3n de l\u00edquido.<br \/>\nInformaci\u00f3n sobre el Enantato<br \/>\nLa hormona testosterona posee efectos anab\u00f3licos muy potentes, y es por ello que muchos atletas y culturistas utilizan los \u00e9steres de dicha hormona para promover el crecimiento acelerado y poderoso de la masa muscular. Es importante saber que la testosterona puede presentarse en la forma de varios \u00e9steres (Cipionato, Decanoato, enantato, heptilato, propionato, undecanoato, etc).<\/p>\n<p>El enantato de testosterona es uno de los \u00e9steres de esta hormona masculina de efectos retardados que m\u00e1s se utiliza en el mundo del culturismo. Su duraci\u00f3n de actividad en el organismo es de 15 a 21 d\u00edas, raz\u00f3n por la cual solo es necesario realizar una inyecci\u00f3n a la semana de una dosis que se encuentre entre los est\u00e1ndares recomendados para mantener un nivel elevado de testosterona. La dosis m\u00e1s utilizada es la de 500 mg\/semana.<\/p>\n<p>Ganancias<br \/>\nEl enantato de testosterona provoca un aumento significativo de la fuerza y el peso en muy poco tiempo, de igual manera promueve un efecto adelgazante ya que incrementa la liberaci\u00f3n de la grasa de los adipocitos (c\u00e9lulas almacenadoras de grasa) y adem\u00e1s bloquea la reserva de l\u00edpidos en el cuerpo. El enantato puede causar retenci\u00f3n de l\u00edquidos y ginecomastia, pero las mismas se pueden controlar con el uso de antiestr\u00f3genos como Nolvadex y Proviron. Al igual que la mayor\u00eda de los andr\u00f3genos potentes, es necesario realizar una terapia post ciclo para reactivar la producci\u00f3n natural de testosterona.<\/p>\n<p>Tambi\u00e9n se puede utilizar el enantato de testosterona para aumentar los niveles de resistencia, y reducir el dolor de las articulaciones y tendones, gracias al incremento de la retenci\u00f3n de gl\u00f3bulos rojos y l\u00edquido en el organismo.<\/p>\n<p>Si se quiere lograr un aumento de peso y fuerza a gran escala, generalmente los culturistas utilizan enantato de testosterona combinado con alg\u00fan esteroide como Oximetolona (Anadrol).<\/p>\n<p>Puedes complementar esta informacion con el siguiente Link<\/p>\n","protected":false},"excerpt":{"rendered":"<p>Enantato de testosterona Enanbolic 250mg 10ml Cooper Pharma<br \/>\nForma de administraci\u00f3n: Inyecci\u00f3n.<br \/>\nCompuesto activo: Enantato de testosterona.<br \/>\nDosis: Entre 250 y 1000 mg\/semana.<br \/>\nTipo: Ciclo de incremento de masa muscular \/ volumen \/ fuerza.<br \/>\nProtecci\u00f3n durante el tratamiento: Se recomienda el uso de un Antiestr\u00f3geno.<br \/>\nNivel: Para todos los usuarios.<\/p>\n","protected":false},"featured_media":1778,"comment_status":"open","ping_status":"closed","template":"","meta":[],"product_brand":[112],"product_cat":[392],"product_tag":[105,106,107,123,116,87],"class_list":{"0":"post-1454","1":"product","2":"type-product","3":"status-publish","4":"has-post-thumbnail","6":"product_brand-cooper-pharma","7":"product_cat-anabolicos","8":"product_tag-anabolico","9":"product_tag-cooper","10":"product_tag-cooper-pharma","11":"product_tag-enanbolic","12":"product_tag-enandato","13":"product_tag-tetosterona","15":"first","16":"instock","17":"sale","18":"shipping-taxable","19":"purchasable","20":"product-type-simple"},"yoast_head":"<!-- This site is optimized with the Yoast SEO plugin v26.8 - https:\/\/yoast.com\/product\/yoast-seo-wordpress\/ -->\n<title>Enantato de testosterona Enanbolic 250mg 10ml Cooper Pharma - Team Mutan Ecuador<\/title>\n<meta name=\"description\" content=\"Enantato de testosterona Enanbolic 250mg 10ml Cooper Pharma Forma de administraci\u00f3n: Inyecci\u00f3n.Compuesto activo: Enantato de testosterona.Dosis: Entre 250 y 1000 mg\/semana.Tipo: Ciclo de incremento de masa muscular \/ volumen \/ fuerza.Protecci\u00f3n durante el tratamiento: Se recomienda el uso de un Antiestr\u00f3geno.Nivel: Para todos los usuarios.\" \/>\n<meta name=\"robots\" content=\"index, follow, max-snippet:-1, max-image-preview:large, max-video-preview:-1\" \/>\n<link rel=\"canonical\" href=\"https:\/\/teammutantecuador.com\/?product=enantato-de-testosterona-enanbolic-250mg-10ml-cooper-pharma\" \/>\n<meta property=\"og:locale\" content=\"es_ES\" \/>\n<meta property=\"og:type\" content=\"article\" \/>\n<meta property=\"og:title\" content=\"Enantato de testosterona Enanbolic 250mg 10ml Cooper Pharma - Team Mutan Ecuador\" \/>\n<meta property=\"og:description\" content=\"Enantato de testosterona Enanbolic 250mg 10ml Cooper Pharma Forma de administraci\u00f3n: Inyecci\u00f3n.Compuesto activo: Enantato de testosterona.Dosis: Entre 250 y 1000 mg\/semana.Tipo: Ciclo de incremento de masa muscular \/ volumen \/ fuerza.Protecci\u00f3n durante el tratamiento: Se recomienda el uso de un Antiestr\u00f3geno.Nivel: Para todos los usuarios.\" \/>\n<meta property=\"og:url\" content=\"https:\/\/teammutantecuador.com\/?product=enantato-de-testosterona-enanbolic-250mg-10ml-cooper-pharma\" \/>\n<meta property=\"og:site_name\" content=\"Team Mutan Ecuador\" \/>\n<meta property=\"article:modified_time\" content=\"2026-01-20T16:10:28+00:00\" \/>\n<meta property=\"og:image\" content=\"https:\/\/teammutantecuador.com\/wp-content\/uploads\/2026\/01\/Diseno-sin-titulo-2026-01-17T002611.421.jpg\" \/>\n\t<meta property=\"og:image:width\" content=\"800\" \/>\n\t<meta property=\"og:image:height\" content=\"800\" \/>\n\t<meta property=\"og:image:type\" content=\"image\/jpeg\" \/>\n<meta name=\"twitter:card\" content=\"summary_large_image\" \/>\n<meta name=\"twitter:label1\" content=\"Tiempo de lectura\" \/>\n\t<meta name=\"twitter:data1\" content=\"2 minutos\" \/>\n<script type=\"application\/ld+json\" class=\"yoast-schema-graph\">{\"@context\":\"https:\/\/schema.org\",\"@graph\":[{\"@type\":\"WebPage\",\"@id\":\"https:\/\/teammutantecuador.com\/?product=enantato-de-testosterona-enanbolic-250mg-10ml-cooper-pharma\",\"url\":\"https:\/\/teammutantecuador.com\/?product=enantato-de-testosterona-enanbolic-250mg-10ml-cooper-pharma\",\"name\":\"Enantato de testosterona Enanbolic 250mg 10ml Cooper Pharma - Team Mutan Ecuador\",\"isPartOf\":{\"@id\":\"https:\/\/teammutantecuador.com\/#website\"},\"primaryImageOfPage\":{\"@id\":\"https:\/\/teammutantecuador.com\/?product=enantato-de-testosterona-enanbolic-250mg-10ml-cooper-pharma#primaryimage\"},\"image\":{\"@id\":\"https:\/\/teammutantecuador.com\/?product=enantato-de-testosterona-enanbolic-250mg-10ml-cooper-pharma#primaryimage\"},\"thumbnailUrl\":\"https:\/\/teammutantecuador.com\/wp-content\/uploads\/2026\/01\/Diseno-sin-titulo-2026-01-17T002611.421.jpg\",\"datePublished\":\"2026-01-17T16:04:02+00:00\",\"dateModified\":\"2026-01-20T16:10:28+00:00\",\"description\":\"Enantato de testosterona Enanbolic 250mg 10ml Cooper Pharma Forma de administraci\u00f3n: Inyecci\u00f3n.Compuesto activo: Enantato de testosterona.Dosis: Entre 250 y 1000 mg\/semana.Tipo: Ciclo de incremento de masa muscular \/ volumen \/ fuerza.Protecci\u00f3n durante el tratamiento: Se recomienda el uso de un Antiestr\u00f3geno.Nivel: Para todos los usuarios.\",\"breadcrumb\":{\"@id\":\"https:\/\/teammutantecuador.com\/?product=enantato-de-testosterona-enanbolic-250mg-10ml-cooper-pharma#breadcrumb\"},\"inLanguage\":\"es\",\"potentialAction\":[{\"@type\":\"ReadAction\",\"target\":[\"https:\/\/teammutantecuador.com\/?product=enantato-de-testosterona-enanbolic-250mg-10ml-cooper-pharma\"]}]},{\"@type\":\"ImageObject\",\"inLanguage\":\"es\",\"@id\":\"https:\/\/teammutantecuador.com\/?product=enantato-de-testosterona-enanbolic-250mg-10ml-cooper-pharma#primaryimage\",\"url\":\"https:\/\/teammutantecuador.com\/wp-content\/uploads\/2026\/01\/Diseno-sin-titulo-2026-01-17T002611.421.jpg\",\"contentUrl\":\"https:\/\/teammutantecuador.com\/wp-content\/uploads\/2026\/01\/Diseno-sin-titulo-2026-01-17T002611.421.jpg\",\"width\":800,\"height\":800,\"caption\":\"Enantato de testosterona Enanbolic 250mg 10ml Cooper Pharma\"},{\"@type\":\"BreadcrumbList\",\"@id\":\"https:\/\/teammutantecuador.com\/?product=enantato-de-testosterona-enanbolic-250mg-10ml-cooper-pharma#breadcrumb\",\"itemListElement\":[{\"@type\":\"ListItem\",\"position\":1,\"name\":\"Portada\",\"item\":\"https:\/\/teammutantecuador.com\/\"},{\"@type\":\"ListItem\",\"position\":2,\"name\":\"Shop\",\"item\":\"https:\/\/teammutantecuador.com\/?page_id=6\"},{\"@type\":\"ListItem\",\"position\":3,\"name\":\"Enantato de testosterona Enanbolic 250mg 10ml Cooper Pharma\"}]},{\"@type\":\"WebSite\",\"@id\":\"https:\/\/teammutantecuador.com\/#website\",\"url\":\"https:\/\/teammutantecuador.com\/\",\"name\":\"Team Mutan Ecuador\",\"description\":\"Just another WordPress site\",\"publisher\":{\"@id\":\"https:\/\/teammutantecuador.com\/#organization\"},\"potentialAction\":[{\"@type\":\"SearchAction\",\"target\":{\"@type\":\"EntryPoint\",\"urlTemplate\":\"https:\/\/teammutantecuador.com\/?s={search_term_string}\"},\"query-input\":{\"@type\":\"PropertyValueSpecification\",\"valueRequired\":true,\"valueName\":\"search_term_string\"}}],\"inLanguage\":\"es\"},{\"@type\":\"Organization\",\"@id\":\"https:\/\/teammutantecuador.com\/#organization\",\"name\":\"Team Mutan Ecuador\",\"url\":\"https:\/\/teammutantecuador.com\/\",\"logo\":{\"@type\":\"ImageObject\",\"inLanguage\":\"es\",\"@id\":\"https:\/\/teammutantecuador.com\/#\/schema\/logo\/image\/\",\"url\":\"https:\/\/teammutantecuador.com\/wp-content\/uploads\/2026\/01\/Diseno-sin-titulo-97.png\",\"contentUrl\":\"https:\/\/teammutantecuador.com\/wp-content\/uploads\/2026\/01\/Diseno-sin-titulo-97.png\",\"width\":500,\"height\":300,\"caption\":\"Team Mutan Ecuador\"},\"image\":{\"@id\":\"https:\/\/teammutantecuador.com\/#\/schema\/logo\/image\/\"}}]}<\/script>\n<!-- \/ Yoast SEO plugin. -->","yoast_head_json":{"title":"Enantato de testosterona Enanbolic 250mg 10ml Cooper Pharma - Team Mutan Ecuador","description":"Enantato de testosterona Enanbolic 250mg 10ml Cooper Pharma Forma de administraci\u00f3n: Inyecci\u00f3n.Compuesto activo: Enantato de testosterona.Dosis: Entre 250 y 1000 mg\/semana.Tipo: Ciclo de incremento de masa muscular \/ volumen \/ fuerza.Protecci\u00f3n durante el tratamiento: Se recomienda el uso de un Antiestr\u00f3geno.Nivel: Para todos los usuarios.","robots":{"index":"index","follow":"follow","max-snippet":"max-snippet:-1","max-image-preview":"max-image-preview:large","max-video-preview":"max-video-preview:-1"},"canonical":"https:\/\/teammutantecuador.com\/?product=enantato-de-testosterona-enanbolic-250mg-10ml-cooper-pharma","og_locale":"es_ES","og_type":"article","og_title":"Enantato de testosterona Enanbolic 250mg 10ml Cooper Pharma - Team Mutan Ecuador","og_description":"Enantato de testosterona Enanbolic 250mg 10ml Cooper Pharma Forma de administraci\u00f3n: Inyecci\u00f3n.Compuesto activo: Enantato de testosterona.Dosis: Entre 250 y 1000 mg\/semana.Tipo: Ciclo de incremento de masa muscular \/ volumen \/ fuerza.Protecci\u00f3n durante el tratamiento: Se recomienda el uso de un Antiestr\u00f3geno.Nivel: Para todos los usuarios.","og_url":"https:\/\/teammutantecuador.com\/?product=enantato-de-testosterona-enanbolic-250mg-10ml-cooper-pharma","og_site_name":"Team Mutan Ecuador","article_modified_time":"2026-01-20T16:10:28+00:00","og_image":[{"width":800,"height":800,"url":"https:\/\/teammutantecuador.com\/wp-content\/uploads\/2026\/01\/Diseno-sin-titulo-2026-01-17T002611.421.jpg","type":"image\/jpeg"}],"twitter_card":"summary_large_image","twitter_misc":{"Tiempo de lectura":"2 minutos"},"schema":{"@context":"https:\/\/schema.org","@graph":[{"@type":"WebPage","@id":"https:\/\/teammutantecuador.com\/?product=enantato-de-testosterona-enanbolic-250mg-10ml-cooper-pharma","url":"https:\/\/teammutantecuador.com\/?product=enantato-de-testosterona-enanbolic-250mg-10ml-cooper-pharma","name":"Enantato de testosterona Enanbolic 250mg 10ml Cooper Pharma - Team Mutan Ecuador","isPartOf":{"@id":"https:\/\/teammutantecuador.com\/#website"},"primaryImageOfPage":{"@id":"https:\/\/teammutantecuador.com\/?product=enantato-de-testosterona-enanbolic-250mg-10ml-cooper-pharma#primaryimage"},"image":{"@id":"https:\/\/teammutantecuador.com\/?product=enantato-de-testosterona-enanbolic-250mg-10ml-cooper-pharma#primaryimage"},"thumbnailUrl":"https:\/\/teammutantecuador.com\/wp-content\/uploads\/2026\/01\/Diseno-sin-titulo-2026-01-17T002611.421.jpg","datePublished":"2026-01-17T16:04:02+00:00","dateModified":"2026-01-20T16:10:28+00:00","description":"Enantato de testosterona Enanbolic 250mg 10ml Cooper Pharma Forma de administraci\u00f3n: Inyecci\u00f3n.Compuesto activo: Enantato de testosterona.Dosis: Entre 250 y 1000 mg\/semana.Tipo: Ciclo de incremento de masa muscular \/ volumen \/ fuerza.Protecci\u00f3n durante el tratamiento: Se recomienda el uso de un Antiestr\u00f3geno.Nivel: Para todos los usuarios.","breadcrumb":{"@id":"https:\/\/teammutantecuador.com\/?product=enantato-de-testosterona-enanbolic-250mg-10ml-cooper-pharma#breadcrumb"},"inLanguage":"es","potentialAction":[{"@type":"ReadAction","target":["https:\/\/teammutantecuador.com\/?product=enantato-de-testosterona-enanbolic-250mg-10ml-cooper-pharma"]}]},{"@type":"ImageObject","inLanguage":"es","@id":"https:\/\/teammutantecuador.com\/?product=enantato-de-testosterona-enanbolic-250mg-10ml-cooper-pharma#primaryimage","url":"https:\/\/teammutantecuador.com\/wp-content\/uploads\/2026\/01\/Diseno-sin-titulo-2026-01-17T002611.421.jpg","contentUrl":"https:\/\/teammutantecuador.com\/wp-content\/uploads\/2026\/01\/Diseno-sin-titulo-2026-01-17T002611.421.jpg","width":800,"height":800,"caption":"Enantato de testosterona Enanbolic 250mg 10ml Cooper Pharma"},{"@type":"BreadcrumbList","@id":"https:\/\/teammutantecuador.com\/?product=enantato-de-testosterona-enanbolic-250mg-10ml-cooper-pharma#breadcrumb","itemListElement":[{"@type":"ListItem","position":1,"name":"Portada","item":"https:\/\/teammutantecuador.com\/"},{"@type":"ListItem","position":2,"name":"Shop","item":"https:\/\/teammutantecuador.com\/?page_id=6"},{"@type":"ListItem","position":3,"name":"Enantato de testosterona Enanbolic 250mg 10ml Cooper Pharma"}]},{"@type":"WebSite","@id":"https:\/\/teammutantecuador.com\/#website","url":"https:\/\/teammutantecuador.com\/","name":"Team Mutan Ecuador","description":"Just another WordPress site","publisher":{"@id":"https:\/\/teammutantecuador.com\/#organization"},"potentialAction":[{"@type":"SearchAction","target":{"@type":"EntryPoint","urlTemplate":"https:\/\/teammutantecuador.com\/?s={search_term_string}"},"query-input":{"@type":"PropertyValueSpecification","valueRequired":true,"valueName":"search_term_string"}}],"inLanguage":"es"},{"@type":"Organization","@id":"https:\/\/teammutantecuador.com\/#organization","name":"Team Mutan Ecuador","url":"https:\/\/teammutantecuador.com\/","logo":{"@type":"ImageObject","inLanguage":"es","@id":"https:\/\/teammutantecuador.com\/#\/schema\/logo\/image\/","url":"https:\/\/teammutantecuador.com\/wp-content\/uploads\/2026\/01\/Diseno-sin-titulo-97.png","contentUrl":"https:\/\/teammutantecuador.com\/wp-content\/uploads\/2026\/01\/Diseno-sin-titulo-97.png","width":500,"height":300,"caption":"Team Mutan Ecuador"},"image":{"@id":"https:\/\/teammutantecuador.com\/#\/schema\/logo\/image\/"}}]}},"_links":{"self":[{"href":"https:\/\/teammutantecuador.com\/index.php?rest_route=\/wp\/v2\/product\/1454","targetHints":{"allow":["GET"]}}],"collection":[{"href":"https:\/\/teammutantecuador.com\/index.php?rest_route=\/wp\/v2\/product"}],"about":[{"href":"https:\/\/teammutantecuador.com\/index.php?rest_route=\/wp\/v2\/types\/product"}],"replies":[{"embeddable":true,"href":"https:\/\/teammutantecuador.com\/index.php?rest_route=%2Fwp%2Fv2%2Fcomments&post=1454"}],"wp:featuredmedia":[{"embeddable":true,"href":"https:\/\/teammutantecuador.com\/index.php?rest_route=\/wp\/v2\/media\/1778"}],"wp:attachment":[{"href":"https:\/\/teammutantecuador.com\/index.php?rest_route=%2Fwp%2Fv2%2Fmedia&parent=1454"}],"wp:term":[{"taxonomy":"product_brand","embeddable":true,"href":"https:\/\/teammutantecuador.com\/index.php?rest_route=%2Fwp%2Fv2%2Fproduct_brand&post=1454"},{"taxonomy":"product_cat","embeddable":true,"href":"https:\/\/teammutantecuador.com\/index.php?rest_route=%2Fwp%2Fv2%2Fproduct_cat&post=1454"},{"taxonomy":"product_tag","embeddable":true,"href":"https:\/\/teammutantecuador.com\/index.php?rest_route=%2Fwp%2Fv2%2Fproduct_tag&post=1454"}],"curies":[{"name":"wp","href":"https:\/\/api.w.org\/{rel}","templated":true}]}}