{"id":1453,"date":"2026-01-17T16:04:02","date_gmt":"2026-01-17T16:04:02","guid":{"rendered":"https:\/\/teammutantecuador.com\/?post_type=product&#038;p=1453"},"modified":"2026-01-20T16:14:17","modified_gmt":"2026-01-20T16:14:17","slug":"masterbolic-masteron-100mg-10-ampollas-cooper-pharma","status":"publish","type":"product","link":"https:\/\/teammutantecuador.com\/?product=masterbolic-masteron-100mg-10-ampollas-cooper-pharma","title":{"rendered":"Masterbolic Masteron 100mg 10 ampollas Cooper Pharma"},"content":{"rendered":"<p>Masterbolic Masteron 100mg 10 ampollas Cooper Pharma<br \/>\nForma de administraci\u00f3n: Inyecci\u00f3n.<br \/>\nCompuesto activo: Propionato de drostanolona.<br \/>\nDosis recomendada: Entre 200 y 500 mg a la semana.<br \/>\nTipo: Ciclo de masa magra \/ definici\u00f3n \/ acabado.<br \/>\nNivel: Para todos los usuarios.<br \/>\nEfectos positivos de Masterbolic<br \/>\nIncremento de masa muscular de calidad y definici\u00f3n.<br \/>\nDesaparece r\u00e1pidamente del organismo sin dejar rastro.<br \/>\nPoca retenci\u00f3n de l\u00edquidos.<br \/>\nDisminuye el riesgo de hipertensi\u00f3n arterial.<br \/>\nEs de acci\u00f3n antiestrog\u00e9nica, por lo cual no hay riesgo de sufrir ginecomastia.<br \/>\nEfectos negativos de Masterbolic Masteron<br \/>\nCuando se exceda la dosis recomendada puede ocasionar acn\u00e9 y calvicie.<br \/>\nInformaci\u00f3n sobre Masterbolic Masteron<br \/>\nEs un f\u00e1rmaco que proporciona a los usuarios un alto nivel de hormonas masculinas, por su gran potencia androg\u00e9nica. Masteron es un \u00e9ster de propionato de drostanolona, el cual es un esteroide anab\u00f3lico inyectable derivado de la dihidrotestosterona (DHT). Es por esto que tiene efectos virilizantes, entre los cuales tenemos una musculatura densa y duradera y con poca retenci\u00f3n de l\u00edquidos. A pesar de esto, el aumento de masa es m\u00ednimo, por lo que este medicamento se utiliza durante los ciclos de secado o definici\u00f3n, en combinaci\u00f3n con otros esteroides de adelgazamiento para maximizar su efecto.<\/p>\n<p>Sin embargo, aunque Masteron provee masa muscular densa, no permite disminuir la retenci\u00f3n de grasa. Tambi\u00e9n puede ocasionar la mejora de la calidad de masa muscular ganada durante un ciclo de esteroides cuando se combina con otros anab\u00f3licos como la testosterona. Por otra parte, este f\u00e1rmaco cuenta con una gran popularidad entre los culturistas y atletas ya que desaparece muy r\u00e1pido del organismo y sin dejar rastro, esto significa que se puede continuar el tratamiento de Masteron por 10 o 12 d\u00edas antes de una competici\u00f3n, y no ser\u00e1 detectado durante alg\u00fan chequeo.<\/p>\n<p>Al ser un esteroide anab\u00f3lico de potencia androg\u00e9nica elevada, es inevitable que ocasione algunos efectos secundarios t\u00edpicos de la virilizaci\u00f3n, como lo son el acn\u00e9 y la calvicie. La calvicie puede tratarse para su prevenci\u00f3n con el uso de champ\u00fa y un tratamiento espec\u00edfico. Claro est\u00e1, la magnitud de los s\u00edntomas siempre va a depender de la dosis y la duraci\u00f3n del f\u00e1rmaco. Es por esta raz\u00f3n que Masteron se utiliza por lo general en dosis moderadas, y por un lapso de tiempo no mayor a las 10 semanas.No causa retenci\u00f3n de l\u00edquidos y no hay riesgo de aumento en la presi\u00f3n arterial por el uso de este medicamento. Su acci\u00f3n no es netamente androg\u00e9nica, tambi\u00e9n tiene efectos anti estrog\u00e9nicos, por lo cual es excelente para la prevenci\u00f3n de la ginecomastia.<\/p>\n<p>Por ser un esteroide que permanece por un poco tiempo en el organismo, generalmente, la inyecci\u00f3n se realiza cada dos d\u00edas, con un aproximado de 100 mg para los hombres. Por otra parte, la inyecci\u00f3n en las mujeres suele ser cada 4 d\u00edas, con un aproximado de 100 mg.<\/p>\n<p>En su forma de Propionato, Masteron es recomendable para los ciclos cortos, o en su defecto, al final de un ciclo normal, ya que proporciona una transici\u00f3n entre los niveles sangu\u00edneos elevados y anab\u00f3licamente efectivos a niveles m\u00e1s bajos, lo cual tendr\u00e1 como efecto una recuperaci\u00f3n de la producci\u00f3n natural de testosterona.<\/p>\n<p>Masterobolic esteroide sumamente valorado por los bodybuilders profesionales. La gran popularidad de este esteroide inyectable en los c\u00edrculos de bodybuilders es debida a las extraordinarias caracter\u00edsticas incluidas en la sustancia. El propionato de drostanolona es un derivado sint\u00e9tico de la dihydrotestosterona (DTH). Esto hace que el masteron no aromatice en ninguna dosificaci\u00f3n y por lo tanto no puede convertirse en estr\u00f3genos. Esta caracteristica tan peculiar es confirmada por el fabricante belga, Sarva Syntex, en la inserci\u00f3n del paquete adjunto: \u201c\u2026Masteron es un esteroide con fuertes caracter\u00edsticas antiestrog\u00e9nicas\u2026\u201d Debido a que Masteron es un esteroide predominantemente androg\u00e9nico, el atleta puede aumentar su nivel de andr\u00f3genos sin correr el riesgo de aumentar sus niveles de estr\u00f3genos. Esto produce una dureza y agudeza de los m\u00fasculos dram\u00e1ticamente mejorada. Uno debe, sin embargo, hacer notar que Masteron no mejora autom\u00e1ticamente la calidad de m\u00fasculos en todos los usuarios.Un requisito previo es que el nivel de grasa corporal del atleta debe estar muy bajo. En este caso Masteron puede ser entonces el factor decisivo entre un m\u00fasculo liso, plano o uno duro y muy definido. Con este prop\u00f3sito Masteron se usa a menudo s\u00f3lo durante las \u00faltimas cuatro semanas antes de una competici\u00f3n para que los m\u00fasculos consigan el \u00faltimo \u201cpuntapi\u00e9\u201d. Masteron es especialmente eficaz en combinaci\u00f3n con esteroides como Winstrol, Parabolan, Primobolan Depot, Anavar y tambi\u00e9n Testoviron Depot.<\/p>\n<p>FORMA FARMACEUTICA: Soluci\u00f3n inyectable. Veh\u00edculo oleoso de color Transparente.<\/p>\n<p>PRESENTACI\u00d3N: 10 Ampollas 1ml\/ 100 mg<\/p>\n<p>FORMULA CADA ML CONTIENE:<br \/>\nPropionato de Drostanolona\u2026\u2026\u2026\u2026\u2026\u2026\u2026100 mg\/ml<\/p>\n","protected":false},"excerpt":{"rendered":"<p>Masterbolic Masteron 100mg 10 ampollas Cooper Pharma<br \/>\nForma de administraci\u00f3n: Inyecci\u00f3n.<br \/>\nCompuesto activo: Propionato de drostanolona.<br \/>\nDosis recomendada: Entre 200 y 500 mg a la semana.<br \/>\nTipo: Ciclo de masa magra \/ definici\u00f3n \/ acabado.<br \/>\nNivel: Para todos los usuarios.<\/p>\n","protected":false},"featured_media":1780,"comment_status":"open","ping_status":"closed","template":"","meta":[],"product_brand":[112],"product_cat":[392],"product_tag":[105,106,107,121,122,87],"class_list":{"0":"post-1453","1":"product","2":"type-product","3":"status-publish","4":"has-post-thumbnail","6":"product_brand-cooper-pharma","7":"product_cat-anabolicos","8":"product_tag-anabolico","9":"product_tag-cooper","10":"product_tag-cooper-pharma","11":"product_tag-drostanolona","12":"product_tag-masterbolic","13":"product_tag-tetosterona","15":"first","16":"instock","17":"sale","18":"shipping-taxable","19":"purchasable","20":"product-type-simple"},"yoast_head":"<!-- This site is optimized with the Yoast SEO plugin v26.8 - https:\/\/yoast.com\/product\/yoast-seo-wordpress\/ -->\n<title>Masterbolic Masteron 100mg 10 ampollas Cooper Pharma - Team Mutan Ecuador<\/title>\n<meta name=\"description\" content=\"Masterbolic Masteron 100mg 10 ampollas Cooper Pharma Forma de administraci\u00f3n: Inyecci\u00f3n.Compuesto activo: Propionato de drostanolona.Dosis recomendada: Entre 200 y 500 mg a la semana.Tipo: Ciclo de masa magra \/ definici\u00f3n \/ acabado.Nivel: Para todos los usuarios.\" \/>\n<meta name=\"robots\" content=\"index, follow, max-snippet:-1, max-image-preview:large, max-video-preview:-1\" \/>\n<link rel=\"canonical\" href=\"https:\/\/teammutantecuador.com\/?product=masterbolic-masteron-100mg-10-ampollas-cooper-pharma\" \/>\n<meta property=\"og:locale\" content=\"es_ES\" \/>\n<meta property=\"og:type\" content=\"article\" \/>\n<meta property=\"og:title\" content=\"Masterbolic Masteron 100mg 10 ampollas Cooper Pharma - Team Mutan Ecuador\" \/>\n<meta property=\"og:description\" content=\"Masterbolic Masteron 100mg 10 ampollas Cooper Pharma Forma de administraci\u00f3n: Inyecci\u00f3n.Compuesto activo: Propionato de drostanolona.Dosis recomendada: Entre 200 y 500 mg a la semana.Tipo: Ciclo de masa magra \/ definici\u00f3n \/ acabado.Nivel: Para todos los usuarios.\" \/>\n<meta property=\"og:url\" content=\"https:\/\/teammutantecuador.com\/?product=masterbolic-masteron-100mg-10-ampollas-cooper-pharma\" \/>\n<meta property=\"og:site_name\" content=\"Team Mutan Ecuador\" \/>\n<meta property=\"article:modified_time\" content=\"2026-01-20T16:14:17+00:00\" \/>\n<meta property=\"og:image\" content=\"https:\/\/teammutantecuador.com\/wp-content\/uploads\/2026\/01\/Diseno-sin-titulo-2026-01-17T003157.806.jpg\" \/>\n\t<meta property=\"og:image:width\" content=\"800\" \/>\n\t<meta property=\"og:image:height\" content=\"800\" \/>\n\t<meta property=\"og:image:type\" content=\"image\/jpeg\" \/>\n<meta name=\"twitter:card\" content=\"summary_large_image\" \/>\n<meta name=\"twitter:label1\" content=\"Tiempo de lectura\" \/>\n\t<meta name=\"twitter:data1\" content=\"4 minutos\" \/>\n<script type=\"application\/ld+json\" class=\"yoast-schema-graph\">{\"@context\":\"https:\/\/schema.org\",\"@graph\":[{\"@type\":\"WebPage\",\"@id\":\"https:\/\/teammutantecuador.com\/?product=masterbolic-masteron-100mg-10-ampollas-cooper-pharma\",\"url\":\"https:\/\/teammutantecuador.com\/?product=masterbolic-masteron-100mg-10-ampollas-cooper-pharma\",\"name\":\"Masterbolic Masteron 100mg 10 ampollas Cooper Pharma - Team Mutan Ecuador\",\"isPartOf\":{\"@id\":\"https:\/\/teammutantecuador.com\/#website\"},\"primaryImageOfPage\":{\"@id\":\"https:\/\/teammutantecuador.com\/?product=masterbolic-masteron-100mg-10-ampollas-cooper-pharma#primaryimage\"},\"image\":{\"@id\":\"https:\/\/teammutantecuador.com\/?product=masterbolic-masteron-100mg-10-ampollas-cooper-pharma#primaryimage\"},\"thumbnailUrl\":\"https:\/\/teammutantecuador.com\/wp-content\/uploads\/2026\/01\/Diseno-sin-titulo-2026-01-17T003157.806.jpg\",\"datePublished\":\"2026-01-17T16:04:02+00:00\",\"dateModified\":\"2026-01-20T16:14:17+00:00\",\"description\":\"Masterbolic Masteron 100mg 10 ampollas Cooper Pharma Forma de administraci\u00f3n: Inyecci\u00f3n.Compuesto activo: Propionato de drostanolona.Dosis recomendada: Entre 200 y 500 mg a la semana.Tipo: Ciclo de masa magra \/ definici\u00f3n \/ acabado.Nivel: Para todos los usuarios.\",\"breadcrumb\":{\"@id\":\"https:\/\/teammutantecuador.com\/?product=masterbolic-masteron-100mg-10-ampollas-cooper-pharma#breadcrumb\"},\"inLanguage\":\"es\",\"potentialAction\":[{\"@type\":\"ReadAction\",\"target\":[\"https:\/\/teammutantecuador.com\/?product=masterbolic-masteron-100mg-10-ampollas-cooper-pharma\"]}]},{\"@type\":\"ImageObject\",\"inLanguage\":\"es\",\"@id\":\"https:\/\/teammutantecuador.com\/?product=masterbolic-masteron-100mg-10-ampollas-cooper-pharma#primaryimage\",\"url\":\"https:\/\/teammutantecuador.com\/wp-content\/uploads\/2026\/01\/Diseno-sin-titulo-2026-01-17T003157.806.jpg\",\"contentUrl\":\"https:\/\/teammutantecuador.com\/wp-content\/uploads\/2026\/01\/Diseno-sin-titulo-2026-01-17T003157.806.jpg\",\"width\":800,\"height\":800,\"caption\":\"Masterbolic Masteron 100mg 10 ampollas Cooper Pharma\"},{\"@type\":\"BreadcrumbList\",\"@id\":\"https:\/\/teammutantecuador.com\/?product=masterbolic-masteron-100mg-10-ampollas-cooper-pharma#breadcrumb\",\"itemListElement\":[{\"@type\":\"ListItem\",\"position\":1,\"name\":\"Portada\",\"item\":\"https:\/\/teammutantecuador.com\/\"},{\"@type\":\"ListItem\",\"position\":2,\"name\":\"Shop\",\"item\":\"https:\/\/teammutantecuador.com\/?page_id=6\"},{\"@type\":\"ListItem\",\"position\":3,\"name\":\"Masterbolic Masteron 100mg 10 ampollas Cooper Pharma\"}]},{\"@type\":\"WebSite\",\"@id\":\"https:\/\/teammutantecuador.com\/#website\",\"url\":\"https:\/\/teammutantecuador.com\/\",\"name\":\"Team Mutan Ecuador\",\"description\":\"Just another WordPress site\",\"publisher\":{\"@id\":\"https:\/\/teammutantecuador.com\/#organization\"},\"potentialAction\":[{\"@type\":\"SearchAction\",\"target\":{\"@type\":\"EntryPoint\",\"urlTemplate\":\"https:\/\/teammutantecuador.com\/?s={search_term_string}\"},\"query-input\":{\"@type\":\"PropertyValueSpecification\",\"valueRequired\":true,\"valueName\":\"search_term_string\"}}],\"inLanguage\":\"es\"},{\"@type\":\"Organization\",\"@id\":\"https:\/\/teammutantecuador.com\/#organization\",\"name\":\"Team Mutan Ecuador\",\"url\":\"https:\/\/teammutantecuador.com\/\",\"logo\":{\"@type\":\"ImageObject\",\"inLanguage\":\"es\",\"@id\":\"https:\/\/teammutantecuador.com\/#\/schema\/logo\/image\/\",\"url\":\"https:\/\/teammutantecuador.com\/wp-content\/uploads\/2026\/01\/Diseno-sin-titulo-97.png\",\"contentUrl\":\"https:\/\/teammutantecuador.com\/wp-content\/uploads\/2026\/01\/Diseno-sin-titulo-97.png\",\"width\":500,\"height\":300,\"caption\":\"Team Mutan Ecuador\"},\"image\":{\"@id\":\"https:\/\/teammutantecuador.com\/#\/schema\/logo\/image\/\"}}]}<\/script>\n<!-- \/ Yoast SEO plugin. -->","yoast_head_json":{"title":"Masterbolic Masteron 100mg 10 ampollas Cooper Pharma - Team Mutan Ecuador","description":"Masterbolic Masteron 100mg 10 ampollas Cooper Pharma Forma de administraci\u00f3n: Inyecci\u00f3n.Compuesto activo: Propionato de drostanolona.Dosis recomendada: Entre 200 y 500 mg a la semana.Tipo: Ciclo de masa magra \/ definici\u00f3n \/ acabado.Nivel: Para todos los usuarios.","robots":{"index":"index","follow":"follow","max-snippet":"max-snippet:-1","max-image-preview":"max-image-preview:large","max-video-preview":"max-video-preview:-1"},"canonical":"https:\/\/teammutantecuador.com\/?product=masterbolic-masteron-100mg-10-ampollas-cooper-pharma","og_locale":"es_ES","og_type":"article","og_title":"Masterbolic Masteron 100mg 10 ampollas Cooper Pharma - Team Mutan Ecuador","og_description":"Masterbolic Masteron 100mg 10 ampollas Cooper Pharma Forma de administraci\u00f3n: Inyecci\u00f3n.Compuesto activo: Propionato de drostanolona.Dosis recomendada: Entre 200 y 500 mg a la semana.Tipo: Ciclo de masa magra \/ definici\u00f3n \/ acabado.Nivel: Para todos los usuarios.","og_url":"https:\/\/teammutantecuador.com\/?product=masterbolic-masteron-100mg-10-ampollas-cooper-pharma","og_site_name":"Team Mutan Ecuador","article_modified_time":"2026-01-20T16:14:17+00:00","og_image":[{"width":800,"height":800,"url":"https:\/\/teammutantecuador.com\/wp-content\/uploads\/2026\/01\/Diseno-sin-titulo-2026-01-17T003157.806.jpg","type":"image\/jpeg"}],"twitter_card":"summary_large_image","twitter_misc":{"Tiempo de lectura":"4 minutos"},"schema":{"@context":"https:\/\/schema.org","@graph":[{"@type":"WebPage","@id":"https:\/\/teammutantecuador.com\/?product=masterbolic-masteron-100mg-10-ampollas-cooper-pharma","url":"https:\/\/teammutantecuador.com\/?product=masterbolic-masteron-100mg-10-ampollas-cooper-pharma","name":"Masterbolic Masteron 100mg 10 ampollas Cooper Pharma - Team Mutan Ecuador","isPartOf":{"@id":"https:\/\/teammutantecuador.com\/#website"},"primaryImageOfPage":{"@id":"https:\/\/teammutantecuador.com\/?product=masterbolic-masteron-100mg-10-ampollas-cooper-pharma#primaryimage"},"image":{"@id":"https:\/\/teammutantecuador.com\/?product=masterbolic-masteron-100mg-10-ampollas-cooper-pharma#primaryimage"},"thumbnailUrl":"https:\/\/teammutantecuador.com\/wp-content\/uploads\/2026\/01\/Diseno-sin-titulo-2026-01-17T003157.806.jpg","datePublished":"2026-01-17T16:04:02+00:00","dateModified":"2026-01-20T16:14:17+00:00","description":"Masterbolic Masteron 100mg 10 ampollas Cooper Pharma Forma de administraci\u00f3n: Inyecci\u00f3n.Compuesto activo: Propionato de drostanolona.Dosis recomendada: Entre 200 y 500 mg a la semana.Tipo: Ciclo de masa magra \/ definici\u00f3n \/ acabado.Nivel: Para todos los usuarios.","breadcrumb":{"@id":"https:\/\/teammutantecuador.com\/?product=masterbolic-masteron-100mg-10-ampollas-cooper-pharma#breadcrumb"},"inLanguage":"es","potentialAction":[{"@type":"ReadAction","target":["https:\/\/teammutantecuador.com\/?product=masterbolic-masteron-100mg-10-ampollas-cooper-pharma"]}]},{"@type":"ImageObject","inLanguage":"es","@id":"https:\/\/teammutantecuador.com\/?product=masterbolic-masteron-100mg-10-ampollas-cooper-pharma#primaryimage","url":"https:\/\/teammutantecuador.com\/wp-content\/uploads\/2026\/01\/Diseno-sin-titulo-2026-01-17T003157.806.jpg","contentUrl":"https:\/\/teammutantecuador.com\/wp-content\/uploads\/2026\/01\/Diseno-sin-titulo-2026-01-17T003157.806.jpg","width":800,"height":800,"caption":"Masterbolic Masteron 100mg 10 ampollas Cooper Pharma"},{"@type":"BreadcrumbList","@id":"https:\/\/teammutantecuador.com\/?product=masterbolic-masteron-100mg-10-ampollas-cooper-pharma#breadcrumb","itemListElement":[{"@type":"ListItem","position":1,"name":"Portada","item":"https:\/\/teammutantecuador.com\/"},{"@type":"ListItem","position":2,"name":"Shop","item":"https:\/\/teammutantecuador.com\/?page_id=6"},{"@type":"ListItem","position":3,"name":"Masterbolic Masteron 100mg 10 ampollas Cooper Pharma"}]},{"@type":"WebSite","@id":"https:\/\/teammutantecuador.com\/#website","url":"https:\/\/teammutantecuador.com\/","name":"Team Mutan Ecuador","description":"Just another WordPress site","publisher":{"@id":"https:\/\/teammutantecuador.com\/#organization"},"potentialAction":[{"@type":"SearchAction","target":{"@type":"EntryPoint","urlTemplate":"https:\/\/teammutantecuador.com\/?s={search_term_string}"},"query-input":{"@type":"PropertyValueSpecification","valueRequired":true,"valueName":"search_term_string"}}],"inLanguage":"es"},{"@type":"Organization","@id":"https:\/\/teammutantecuador.com\/#organization","name":"Team Mutan Ecuador","url":"https:\/\/teammutantecuador.com\/","logo":{"@type":"ImageObject","inLanguage":"es","@id":"https:\/\/teammutantecuador.com\/#\/schema\/logo\/image\/","url":"https:\/\/teammutantecuador.com\/wp-content\/uploads\/2026\/01\/Diseno-sin-titulo-97.png","contentUrl":"https:\/\/teammutantecuador.com\/wp-content\/uploads\/2026\/01\/Diseno-sin-titulo-97.png","width":500,"height":300,"caption":"Team Mutan Ecuador"},"image":{"@id":"https:\/\/teammutantecuador.com\/#\/schema\/logo\/image\/"}}]}},"_links":{"self":[{"href":"https:\/\/teammutantecuador.com\/index.php?rest_route=\/wp\/v2\/product\/1453","targetHints":{"allow":["GET"]}}],"collection":[{"href":"https:\/\/teammutantecuador.com\/index.php?rest_route=\/wp\/v2\/product"}],"about":[{"href":"https:\/\/teammutantecuador.com\/index.php?rest_route=\/wp\/v2\/types\/product"}],"replies":[{"embeddable":true,"href":"https:\/\/teammutantecuador.com\/index.php?rest_route=%2Fwp%2Fv2%2Fcomments&post=1453"}],"wp:featuredmedia":[{"embeddable":true,"href":"https:\/\/teammutantecuador.com\/index.php?rest_route=\/wp\/v2\/media\/1780"}],"wp:attachment":[{"href":"https:\/\/teammutantecuador.com\/index.php?rest_route=%2Fwp%2Fv2%2Fmedia&parent=1453"}],"wp:term":[{"taxonomy":"product_brand","embeddable":true,"href":"https:\/\/teammutantecuador.com\/index.php?rest_route=%2Fwp%2Fv2%2Fproduct_brand&post=1453"},{"taxonomy":"product_cat","embeddable":true,"href":"https:\/\/teammutantecuador.com\/index.php?rest_route=%2Fwp%2Fv2%2Fproduct_cat&post=1453"},{"taxonomy":"product_tag","embeddable":true,"href":"https:\/\/teammutantecuador.com\/index.php?rest_route=%2Fwp%2Fv2%2Fproduct_tag&post=1453"}],"curies":[{"name":"wp","href":"https:\/\/api.w.org\/{rel}","templated":true}]}}