{"id":1450,"date":"2026-01-17T16:03:58","date_gmt":"2026-01-17T16:03:58","guid":{"rendered":"https:\/\/teammutantecuador.com\/?post_type=product&#038;p=1450"},"modified":"2026-01-19T12:01:07","modified_gmt":"2026-01-19T12:01:07","slug":"bolbolic-boldenona-250mg-10ml-cooper-pharma","status":"publish","type":"product","link":"https:\/\/teammutantecuador.com\/?product=bolbolic-boldenona-250mg-10ml-cooper-pharma","title":{"rendered":"Bolbolic Boldenona 250mg 10ml Cooper Pharma"},"content":{"rendered":"<p>Los puntos positivos de Boldenona Cooper Pharma<\/p>\n<p><strong>Undecilenato de Boldenona<\/strong>\u00a0es un esteroide inyectable veterinario derivado de la testosterona que exhibe fuertes propiedades\u00a0<strong>anabolizantes<\/strong>\u00a0y moderadamente androg\u00e9nicas. El \u00e9ster undecilinato extiende la actividad de la droga en gran medida (el \u00e9ster undecilinato es s\u00f3lo un \u00e1tomo de carbono m\u00e1s largo que el decanoato), de modo que las inyecciones deben repetirse s\u00f3lo una vez cada 3 \u00f3 4 semanas. El buen equilibrio androg\u00e9nico y las propiedades de esta droga son muy apreciadas por los atletas, que en general consideran que es mas fuerte y un poco m\u00e1s androg\u00e9nico al\u00a0<strong>DecaDurabolin<\/strong>\u00a0\u00ae. Ademas la Boldenona es generalmente m\u00e1s barata y podr\u00eda sustituir al Deca en la mayor\u00eda de los ciclos, sin muchos cambios en el resultado final.<\/p>\n<h2><strong>Uso Cl\u00ednico del boldenona<\/strong><\/h2>\n<p>En los a\u00f1os 60-70 ten\u00eda el nombre de Parenabol. Este se usaba principalmente como un agente anab\u00f3lico para mantener el tejido magro en el caso de perdida, y para la conservaci\u00f3n de la masa \u00f3sea con la osteoporosis. Sin embargo, se suspendi\u00f3 en todo el mundo a finales de la d\u00e9cada de los 70. En \u00faltima instancia, se introduce este agente en el mercado veterinario, y se vende bajo su nombre comercial m\u00e1s famoso de ahora, \u201cEquipoise\u201d.<\/p>\n<p>En el mercado veterinario el\u00a0<strong>undecilinato de boldenona<\/strong>\u00a0se aplica com\u00fanmente a los caballos, aunque en muchas regiones est\u00e1 indicado para uso en otros animales tambi\u00e9n. Por lo general exhibe un pronunciado efecto sobre el peso corporal magro, el apetito, y la disposici\u00f3n general del animal.<\/p>\n<p>Crecimiento r\u00e1pido y un aumento significativo de la fuerza<br \/>\nSe puede utilizar para definici\u00f3n o aumento de masa muscular.<br \/>\nSin aumento de peso excesivo<br \/>\nSin retenci\u00f3n de l\u00edquidos<br \/>\nMusculatura firme, con apariencia dura, seca y marcada.<br \/>\nLaboratorio: Cooper Pharma<br \/>\nAdministraci\u00f3n: Inyecci\u00f3n<br \/>\nIngredientes: Boldenona Undecelenato<br \/>\nConcentraci\u00f3n: 250mg \/ ml<br \/>\nPresentaci\u00f3n: 10ml<br \/>\nDosis: Entre 200 a 800mg \/ semana<br \/>\nTipo: Aumento masa muscular magra<br \/>\nProtecci\u00f3n durante el tratamiento: No es t\u00f3xico de igual manera se deben utilizar Protectores hep\u00e1ticos<br \/>\nTerapia pct post ciclo: Se debe utilizar Post Ciclo<br \/>\nNivel: Nivel Basico \u2013 Medio<br \/>\nLos puntos positivos de Boldenona Cooper Pharma<br \/>\nCrecimiento r\u00e1pido y un aumento significativo de la fuerza<br \/>\nSe puede utilizar para definici\u00f3n o aumento de masa muscular.<br \/>\nSin aumento de peso excesivo<br \/>\nSin retenci\u00f3n de l\u00edquidos<br \/>\nMusculatura firme, con apariencia dura, seca y marcada.<\/p>\n<h2><strong>Uso en el Culturismo<\/strong><\/h2>\n<p>El\u00a0<strong>Equipoise<\/strong>\u00a0no es un constructor de masa muscular r\u00e1pido, pero proporcionar\u00e1 un aumento lento pero constante de fuerza y masa muscular de calidad. Los efectos m\u00e1s positivos de esta droga se ven cuando se utiliza para\u00a0<strong>ciclos m\u00e1s largos<\/strong>,\u00a0de 8 a\u00a010 semanas.<\/p>\n<p>Con el fin de mantener niveles estables en sangre, el\u00a0<strong>Equipoise<\/strong>\u00a0se debe inyectar al menos una vez por semana. Es com\u00fanmente utilizado en una dosis de 400-600mg por semana para los hombres, 50-150 mg por semana para las mujeres.<\/p>\n<p>El m\u00fasculo ganado no debe ser un volumen exagerado como el que se ve con los andr\u00f3genos, pero en su lugar un aspecto muy definido y s\u00f3lido. El tama\u00f1o muscular ganado en un ciclo de\u00a0<em>Equipoise<\/em>\u00a0puede ser retenido despu\u00e9s de que la droga se ha interrumpido.<\/p>\n<p>Se puede crear una serie de combinaciones de f\u00e1rmacos con \u00e9l dependiendo del resultado deseado. Para volumen muscular, se puede juntar con el\u00a0<strong>Anadrol<\/strong>\u00a0o una\u00a0<strong>testosterona inyectable<\/strong>. El resultado deber\u00eda ser una ganancia incre\u00edble de\u00a0<strong>tama\u00f1o muscular y fuerza<\/strong>, sin la misma intensidad de efectos secundarios si se usa el andr\u00f3geno (a una dosis m\u00e1s alta) por s\u00ed sola. Cuando se utiliza en un ciclo de definici\u00f3n muscular, la dureza del m\u00fasculo y la densidad puede ser mejorado en gran medida al combinar Equipoise con un esteroide no aromatizable tales como el acetato de trembolona, Halotestin, o Winstrol. Sin embargo, este compuesto esta pensando mas para los ciclos de volumen.<\/p>\n<h3><strong>Efectos Secundarios del Equipoise (boldenona)<\/strong><\/h3>\n<ul>\n<li>Existe la posibilidad de efectos androg\u00e9nicos, como piel grasa, acn\u00e9, aumento del cremiento del vello corporal.<\/li>\n<li>Todos los esteroides anab\u00f3licos\/androg\u00e9nicos cuando se toman en dosis suficientes para promover el aumento muscular suprimen la producci\u00f3n end\u00f3gena de testosterona. Sin la intervenci\u00f3n de sustancias que estimulan la testosterona, los niveles de testosterona deber\u00edan volver a la normalidad dentro de 1-4 meses de la secesi\u00f3n de drogas.\u00a0 Tenga en cuenta que se puede desarrollar hipogonadismo hipogonadotr\u00f3fico por el abuso de los esteroides, lo que exige la intervenci\u00f3n m\u00e9dica.<\/li>\n<li>Aumento del colesterol(LDL)<\/li>\n<li>La\u00a0<strong>Boldenona<\/strong>\u00a0se aromatiza en el cuerpo al estradiol (estr\u00f3geno). Los niveles elevados de estr\u00f3genos puede causar efectos secundarios tales como aumento de la retenci\u00f3n de agua, aumento de grasa corporal, y la ginecomastia.\u00a0<strong>Boldenona<\/strong>\u00a0es considerado como un leve esteroide estrog\u00e9nico.<\/li>\n<\/ul>\n","protected":false},"excerpt":{"rendered":"<p>Laboratorio: Cooper Pharma<br \/>\nAdministraci\u00f3n: Inyecci\u00f3n<br \/>\nIngredientes: Boldenona Undecelenato<br \/>\nConcentraci\u00f3n: 250mg \/ ml<br \/>\nPresentaci\u00f3n: 10ml<br \/>\nDosis: Entre 200 a 800mg \/ semana<br \/>\nTipo: Aumento masa muscular magra<br \/>\nProtecci\u00f3n durante el tratamiento: No es t\u00f3xico de igual manera se deben utilizar Protectores hep\u00e1ticos<br \/>\nTerapia pct post ciclo: Se debe utilizar Post Ciclo<br \/>\nNivel: Nivel Basico \u2013 Medio<\/p>\n","protected":false},"featured_media":1764,"comment_status":"open","ping_status":"closed","template":"","meta":[],"product_brand":[112],"product_cat":[392],"product_tag":[105,113,114,106,107,115],"class_list":{"0":"post-1450","1":"product","2":"type-product","3":"status-publish","4":"has-post-thumbnail","6":"product_brand-cooper-pharma","7":"product_cat-anabolicos","8":"product_tag-anabolico","9":"product_tag-bolbolic","10":"product_tag-boldenona","11":"product_tag-cooper","12":"product_tag-cooper-pharma","13":"product_tag-undecilenato","15":"first","16":"instock","17":"sale","18":"shipping-taxable","19":"purchasable","20":"product-type-simple"},"yoast_head":"<!-- This site is optimized with the Yoast SEO plugin v26.8 - https:\/\/yoast.com\/product\/yoast-seo-wordpress\/ -->\n<title>Bolbolic Boldenona 250mg 10ml Cooper Pharma - Team Mutan Ecuador<\/title>\n<meta name=\"description\" content=\"Undecilenato de Boldenona\u00a0es un esteroide inyectable veterinario derivado de la testosterona que exhibe fuertes propiedades\u00a0anabolizantes\u00a0y moderadamente androg\u00e9nicas.\" \/>\n<meta name=\"robots\" content=\"index, follow, max-snippet:-1, max-image-preview:large, max-video-preview:-1\" \/>\n<link rel=\"canonical\" href=\"https:\/\/teammutantecuador.com\/?product=bolbolic-boldenona-250mg-10ml-cooper-pharma\" \/>\n<meta property=\"og:locale\" content=\"es_ES\" \/>\n<meta property=\"og:type\" content=\"article\" \/>\n<meta property=\"og:title\" content=\"Bolbolic Boldenona 250mg 10ml Cooper Pharma - Team Mutan Ecuador\" \/>\n<meta property=\"og:description\" content=\"Undecilenato de Boldenona\u00a0es un esteroide inyectable veterinario derivado de la testosterona que exhibe fuertes propiedades\u00a0anabolizantes\u00a0y moderadamente androg\u00e9nicas.\" \/>\n<meta property=\"og:url\" content=\"https:\/\/teammutantecuador.com\/?product=bolbolic-boldenona-250mg-10ml-cooper-pharma\" \/>\n<meta property=\"og:site_name\" content=\"Team Mutan Ecuador\" \/>\n<meta property=\"article:modified_time\" content=\"2026-01-19T12:01:07+00:00\" \/>\n<meta property=\"og:image\" content=\"https:\/\/teammutantecuador.com\/wp-content\/uploads\/2026\/01\/Diseno-sin-titulo-2026-01-16T234934.853.jpg\" \/>\n\t<meta property=\"og:image:width\" content=\"800\" \/>\n\t<meta property=\"og:image:height\" content=\"800\" \/>\n\t<meta property=\"og:image:type\" content=\"image\/jpeg\" \/>\n<meta name=\"twitter:card\" content=\"summary_large_image\" \/>\n<meta name=\"twitter:label1\" content=\"Tiempo de lectura\" \/>\n\t<meta name=\"twitter:data1\" content=\"4 minutos\" \/>\n<script type=\"application\/ld+json\" class=\"yoast-schema-graph\">{\"@context\":\"https:\/\/schema.org\",\"@graph\":[{\"@type\":\"WebPage\",\"@id\":\"https:\/\/teammutantecuador.com\/?product=bolbolic-boldenona-250mg-10ml-cooper-pharma\",\"url\":\"https:\/\/teammutantecuador.com\/?product=bolbolic-boldenona-250mg-10ml-cooper-pharma\",\"name\":\"Bolbolic Boldenona 250mg 10ml Cooper Pharma - Team Mutan Ecuador\",\"isPartOf\":{\"@id\":\"https:\/\/teammutantecuador.com\/#website\"},\"primaryImageOfPage\":{\"@id\":\"https:\/\/teammutantecuador.com\/?product=bolbolic-boldenona-250mg-10ml-cooper-pharma#primaryimage\"},\"image\":{\"@id\":\"https:\/\/teammutantecuador.com\/?product=bolbolic-boldenona-250mg-10ml-cooper-pharma#primaryimage\"},\"thumbnailUrl\":\"https:\/\/teammutantecuador.com\/wp-content\/uploads\/2026\/01\/Diseno-sin-titulo-2026-01-16T234934.853.jpg\",\"datePublished\":\"2026-01-17T16:03:58+00:00\",\"dateModified\":\"2026-01-19T12:01:07+00:00\",\"description\":\"Undecilenato de Boldenona\u00a0es un esteroide inyectable veterinario derivado de la testosterona que exhibe fuertes propiedades\u00a0anabolizantes\u00a0y moderadamente androg\u00e9nicas.\",\"breadcrumb\":{\"@id\":\"https:\/\/teammutantecuador.com\/?product=bolbolic-boldenona-250mg-10ml-cooper-pharma#breadcrumb\"},\"inLanguage\":\"es\",\"potentialAction\":[{\"@type\":\"ReadAction\",\"target\":[\"https:\/\/teammutantecuador.com\/?product=bolbolic-boldenona-250mg-10ml-cooper-pharma\"]}]},{\"@type\":\"ImageObject\",\"inLanguage\":\"es\",\"@id\":\"https:\/\/teammutantecuador.com\/?product=bolbolic-boldenona-250mg-10ml-cooper-pharma#primaryimage\",\"url\":\"https:\/\/teammutantecuador.com\/wp-content\/uploads\/2026\/01\/Diseno-sin-titulo-2026-01-16T234934.853.jpg\",\"contentUrl\":\"https:\/\/teammutantecuador.com\/wp-content\/uploads\/2026\/01\/Diseno-sin-titulo-2026-01-16T234934.853.jpg\",\"width\":800,\"height\":800,\"caption\":\"Bolbolic cooper\"},{\"@type\":\"BreadcrumbList\",\"@id\":\"https:\/\/teammutantecuador.com\/?product=bolbolic-boldenona-250mg-10ml-cooper-pharma#breadcrumb\",\"itemListElement\":[{\"@type\":\"ListItem\",\"position\":1,\"name\":\"Portada\",\"item\":\"https:\/\/teammutantecuador.com\/\"},{\"@type\":\"ListItem\",\"position\":2,\"name\":\"Shop\",\"item\":\"https:\/\/teammutantecuador.com\/?page_id=6\"},{\"@type\":\"ListItem\",\"position\":3,\"name\":\"Bolbolic Boldenona 250mg 10ml Cooper Pharma\"}]},{\"@type\":\"WebSite\",\"@id\":\"https:\/\/teammutantecuador.com\/#website\",\"url\":\"https:\/\/teammutantecuador.com\/\",\"name\":\"Team Mutan Ecuador\",\"description\":\"Just another WordPress site\",\"publisher\":{\"@id\":\"https:\/\/teammutantecuador.com\/#organization\"},\"potentialAction\":[{\"@type\":\"SearchAction\",\"target\":{\"@type\":\"EntryPoint\",\"urlTemplate\":\"https:\/\/teammutantecuador.com\/?s={search_term_string}\"},\"query-input\":{\"@type\":\"PropertyValueSpecification\",\"valueRequired\":true,\"valueName\":\"search_term_string\"}}],\"inLanguage\":\"es\"},{\"@type\":\"Organization\",\"@id\":\"https:\/\/teammutantecuador.com\/#organization\",\"name\":\"Team Mutan Ecuador\",\"url\":\"https:\/\/teammutantecuador.com\/\",\"logo\":{\"@type\":\"ImageObject\",\"inLanguage\":\"es\",\"@id\":\"https:\/\/teammutantecuador.com\/#\/schema\/logo\/image\/\",\"url\":\"https:\/\/teammutantecuador.com\/wp-content\/uploads\/2026\/01\/Diseno-sin-titulo-97.png\",\"contentUrl\":\"https:\/\/teammutantecuador.com\/wp-content\/uploads\/2026\/01\/Diseno-sin-titulo-97.png\",\"width\":500,\"height\":300,\"caption\":\"Team Mutan Ecuador\"},\"image\":{\"@id\":\"https:\/\/teammutantecuador.com\/#\/schema\/logo\/image\/\"}}]}<\/script>\n<!-- \/ Yoast SEO plugin. -->","yoast_head_json":{"title":"Bolbolic Boldenona 250mg 10ml Cooper Pharma - Team Mutan Ecuador","description":"Undecilenato de Boldenona\u00a0es un esteroide inyectable veterinario derivado de la testosterona que exhibe fuertes propiedades\u00a0anabolizantes\u00a0y moderadamente androg\u00e9nicas.","robots":{"index":"index","follow":"follow","max-snippet":"max-snippet:-1","max-image-preview":"max-image-preview:large","max-video-preview":"max-video-preview:-1"},"canonical":"https:\/\/teammutantecuador.com\/?product=bolbolic-boldenona-250mg-10ml-cooper-pharma","og_locale":"es_ES","og_type":"article","og_title":"Bolbolic Boldenona 250mg 10ml Cooper Pharma - Team Mutan Ecuador","og_description":"Undecilenato de Boldenona\u00a0es un esteroide inyectable veterinario derivado de la testosterona que exhibe fuertes propiedades\u00a0anabolizantes\u00a0y moderadamente androg\u00e9nicas.","og_url":"https:\/\/teammutantecuador.com\/?product=bolbolic-boldenona-250mg-10ml-cooper-pharma","og_site_name":"Team Mutan Ecuador","article_modified_time":"2026-01-19T12:01:07+00:00","og_image":[{"width":800,"height":800,"url":"https:\/\/teammutantecuador.com\/wp-content\/uploads\/2026\/01\/Diseno-sin-titulo-2026-01-16T234934.853.jpg","type":"image\/jpeg"}],"twitter_card":"summary_large_image","twitter_misc":{"Tiempo de lectura":"4 minutos"},"schema":{"@context":"https:\/\/schema.org","@graph":[{"@type":"WebPage","@id":"https:\/\/teammutantecuador.com\/?product=bolbolic-boldenona-250mg-10ml-cooper-pharma","url":"https:\/\/teammutantecuador.com\/?product=bolbolic-boldenona-250mg-10ml-cooper-pharma","name":"Bolbolic Boldenona 250mg 10ml Cooper Pharma - Team Mutan Ecuador","isPartOf":{"@id":"https:\/\/teammutantecuador.com\/#website"},"primaryImageOfPage":{"@id":"https:\/\/teammutantecuador.com\/?product=bolbolic-boldenona-250mg-10ml-cooper-pharma#primaryimage"},"image":{"@id":"https:\/\/teammutantecuador.com\/?product=bolbolic-boldenona-250mg-10ml-cooper-pharma#primaryimage"},"thumbnailUrl":"https:\/\/teammutantecuador.com\/wp-content\/uploads\/2026\/01\/Diseno-sin-titulo-2026-01-16T234934.853.jpg","datePublished":"2026-01-17T16:03:58+00:00","dateModified":"2026-01-19T12:01:07+00:00","description":"Undecilenato de Boldenona\u00a0es un esteroide inyectable veterinario derivado de la testosterona que exhibe fuertes propiedades\u00a0anabolizantes\u00a0y moderadamente androg\u00e9nicas.","breadcrumb":{"@id":"https:\/\/teammutantecuador.com\/?product=bolbolic-boldenona-250mg-10ml-cooper-pharma#breadcrumb"},"inLanguage":"es","potentialAction":[{"@type":"ReadAction","target":["https:\/\/teammutantecuador.com\/?product=bolbolic-boldenona-250mg-10ml-cooper-pharma"]}]},{"@type":"ImageObject","inLanguage":"es","@id":"https:\/\/teammutantecuador.com\/?product=bolbolic-boldenona-250mg-10ml-cooper-pharma#primaryimage","url":"https:\/\/teammutantecuador.com\/wp-content\/uploads\/2026\/01\/Diseno-sin-titulo-2026-01-16T234934.853.jpg","contentUrl":"https:\/\/teammutantecuador.com\/wp-content\/uploads\/2026\/01\/Diseno-sin-titulo-2026-01-16T234934.853.jpg","width":800,"height":800,"caption":"Bolbolic cooper"},{"@type":"BreadcrumbList","@id":"https:\/\/teammutantecuador.com\/?product=bolbolic-boldenona-250mg-10ml-cooper-pharma#breadcrumb","itemListElement":[{"@type":"ListItem","position":1,"name":"Portada","item":"https:\/\/teammutantecuador.com\/"},{"@type":"ListItem","position":2,"name":"Shop","item":"https:\/\/teammutantecuador.com\/?page_id=6"},{"@type":"ListItem","position":3,"name":"Bolbolic Boldenona 250mg 10ml Cooper Pharma"}]},{"@type":"WebSite","@id":"https:\/\/teammutantecuador.com\/#website","url":"https:\/\/teammutantecuador.com\/","name":"Team Mutan Ecuador","description":"Just another WordPress site","publisher":{"@id":"https:\/\/teammutantecuador.com\/#organization"},"potentialAction":[{"@type":"SearchAction","target":{"@type":"EntryPoint","urlTemplate":"https:\/\/teammutantecuador.com\/?s={search_term_string}"},"query-input":{"@type":"PropertyValueSpecification","valueRequired":true,"valueName":"search_term_string"}}],"inLanguage":"es"},{"@type":"Organization","@id":"https:\/\/teammutantecuador.com\/#organization","name":"Team Mutan Ecuador","url":"https:\/\/teammutantecuador.com\/","logo":{"@type":"ImageObject","inLanguage":"es","@id":"https:\/\/teammutantecuador.com\/#\/schema\/logo\/image\/","url":"https:\/\/teammutantecuador.com\/wp-content\/uploads\/2026\/01\/Diseno-sin-titulo-97.png","contentUrl":"https:\/\/teammutantecuador.com\/wp-content\/uploads\/2026\/01\/Diseno-sin-titulo-97.png","width":500,"height":300,"caption":"Team Mutan Ecuador"},"image":{"@id":"https:\/\/teammutantecuador.com\/#\/schema\/logo\/image\/"}}]}},"_links":{"self":[{"href":"https:\/\/teammutantecuador.com\/index.php?rest_route=\/wp\/v2\/product\/1450","targetHints":{"allow":["GET"]}}],"collection":[{"href":"https:\/\/teammutantecuador.com\/index.php?rest_route=\/wp\/v2\/product"}],"about":[{"href":"https:\/\/teammutantecuador.com\/index.php?rest_route=\/wp\/v2\/types\/product"}],"replies":[{"embeddable":true,"href":"https:\/\/teammutantecuador.com\/index.php?rest_route=%2Fwp%2Fv2%2Fcomments&post=1450"}],"wp:featuredmedia":[{"embeddable":true,"href":"https:\/\/teammutantecuador.com\/index.php?rest_route=\/wp\/v2\/media\/1764"}],"wp:attachment":[{"href":"https:\/\/teammutantecuador.com\/index.php?rest_route=%2Fwp%2Fv2%2Fmedia&parent=1450"}],"wp:term":[{"taxonomy":"product_brand","embeddable":true,"href":"https:\/\/teammutantecuador.com\/index.php?rest_route=%2Fwp%2Fv2%2Fproduct_brand&post=1450"},{"taxonomy":"product_cat","embeddable":true,"href":"https:\/\/teammutantecuador.com\/index.php?rest_route=%2Fwp%2Fv2%2Fproduct_cat&post=1450"},{"taxonomy":"product_tag","embeddable":true,"href":"https:\/\/teammutantecuador.com\/index.php?rest_route=%2Fwp%2Fv2%2Fproduct_tag&post=1450"}],"curies":[{"name":"wp","href":"https:\/\/api.w.org\/{rel}","templated":true}]}}