{"id":1449,"date":"2026-01-17T16:03:58","date_gmt":"2026-01-17T16:03:58","guid":{"rendered":"https:\/\/teammutantecuador.com\/?post_type=product&#038;p=1449"},"modified":"2026-01-21T11:30:40","modified_gmt":"2026-01-21T11:30:40","slug":"decabolic-nandrolone-decanoate-250mg","status":"publish","type":"product","link":"https:\/\/teammutantecuador.com\/?product=decabolic-nandrolone-decanoate-250mg","title":{"rendered":"Decabolic nandrolone-decanoate 250mg"},"content":{"rendered":"<p>Decabolic Decanoato de Nandrolona Cooper Pharma<\/p>\n<p>Decabolic 250mg (nandrolone decanoate) Cooper Pharma. Cooper Pharma, farmaceutica altamente calificada existente desde hace 30 a\u00f1os, con certificaciones y acreditaciones internacional; ISO, GMP, WHO-GMP, TGA-Australia, FDA. \u00a0Cooper Pharma Limited es un fabricante l\u00edder de medicamentos gen\u00e9ricos y \u00e9ticos con sede en Delhi, la capital de la India<br \/>\nForma de administraci\u00f3n: Inyecci\u00f3n.<br \/>\nCompuesto activo: Decanoato de Nandrolona.<br \/>\nDosis tentativa: Entre 250 y 750 mg semanal<br \/>\nTipo:Ciclo de incremento de masa muscular \/ Incremento de fuerza \/ Definici\u00f3n<br \/>\nProtecci\u00f3n durante el tratamiento: Es necesario el uso de protectores<br \/>\nNivel:Para todos los usuarios.<br \/>\nEfectos positivos de Decabolic<br \/>\nEsteroide altamente anab\u00f3lico.<br \/>\nBaja potencia androg\u00e9nica.<br \/>\nEfecto duradero.<br \/>\nAumento de manera significativa de masa muscular.<br \/>\nIncremento de la fuerza.<br \/>\nPromueve la p\u00e9rdida de grasa.<br \/>\nDisminuye los dolores articulares ocasionados por el entrenamiento.<br \/>\nEfectos negativos<br \/>\nDosis excesivas de Deca producen un incremento de masa, pero de mala calidad, ya que se debe a la retenci\u00f3n de l\u00edquidos.<br \/>\nComo su efecto es duradero, se puede detectar durante un chequeo hasta un a\u00f1o despu\u00e9s de su uso.<br \/>\nPuede afectar los niveles de producci\u00f3n natural de la testosterona.<br \/>\nInformaci\u00f3n sobre Decabolic Decanoato de nandrolona<br \/>\nMuy conocido a nivel mundial, es uno de los esteroides anab\u00f3licos inyectables m\u00e1s populares. Sus efectos desencadenan un incremento importante de masa muscular y fuerza, aunado a una p\u00e9rdida de grasa corporal, el cual proporciona la figura definida buscada por los culturistas. No es com\u00fan que un esteroide anab\u00f3lico combine el aumento de masa, p\u00e9rdida de peso, y pocos efectos secundarios como es el caso de Deca, que proporciona los efectos deseados de la hormona testosterona, sin desencadenar los efectos secundarios que todo culturista desea evitar. Es por esta raz\u00f3n, que es uno de los esteroides m\u00e1s utilizados por los atletas.<\/p>\n<p>La acci\u00f3n de Decanoato de nandrolona aumenta los niveles de nitr\u00f3geno, siendo este un importante compuesto de la prote\u00edna, lo que provoca un aumento en la s\u00edntesis de prote\u00edna, y este a su vez ocasiona un aumento significativo de la masa muscular. Es importante recordar que, si se abusa de la dosis, el aumento de masa se puede ver acompa\u00f1ado con una fuerte retenci\u00f3n de l\u00edquidos, lo que significa que la masa muscular adquirida tendr\u00e1 un aspecto relativamente suave y blanda, y no ser\u00e1 musculatura densa y seca que es lo que se busca durante un ciclo de esteroides.<\/p>\n<p>Deca no es recomendable para la preparaci\u00f3n de competencias, ya que, aunque promueve la p\u00e9rdida de grasa, el atleta deber\u00e1 perder toda la cantidad de l\u00edquido retenido si quiere obtener un aspecto s\u00faper estriado. A pesar de esto, en dosis bajas, se puede conservar la p\u00e9rdida de grasa y el aumento de masa de calidad, pero sin la excesiva retenci\u00f3n de l\u00edquido. Entonces es recomendable, usar dosis bajas si se quiere conseguir un f\u00edsico delgado y denso.<\/p>\n<p>Otro de los puntos a favor de Deca, es que los efectos secundarios andr\u00f3genos son m\u00ednimos, a diferencia de la testosterona. Si se administra dentro de la dosis recomendada no se aromatiza en estr\u00f3geno, lo que significa que no hay riesgo de sufrir ginecomastia. De igual manera no resulta t\u00f3xico para el h\u00edgado, o tiene efectos negativos en los tendones, la presi\u00f3n arterial y el colesterol.<\/p>\n<p>Sin embargo, se debe tener cuidado con la ca\u00edda normal de los niveles naturales de testosterona, ya que un nivel muy bajo en los niveles de la testosterona luego de finalizar un ciclo puede causar una p\u00e9rdida significante de peso y un desequilibrio importante en el metabolismo. Para evitar esto, los usuarios deben utilizar un estimulante hormonal una vez que haya finalizado el ciclo durante 2 semanas. A parte de esto, la \u00fanica desventaja relevante de Deca es que es muy arriesgado utilizarla para la preparaci\u00f3n de una competencia, ya que puede ser detectada durante un chequeo aun y cuando haya pasado m\u00e1s de un a\u00f1o despu\u00e9s de su uso.<\/p>\n<p>Decanoato de nandrolona es un f\u00e1rmaco que ayuda a disminuir el dolor de las articulaciones y tendones. Por el aumento de los niveles de nitr\u00f3geno el tiempo de recuperaci\u00f3n de los entrenamientos es muy r\u00e1pido.<\/p>\n<p>Es importante destacar, que el Deca se utiliza en el tratamiento para el VIH, ya que aumenta el peso de los pacientes de forma segura, al tiempo que tiene beneficios para el sistema inmune.<\/p>\n<p>\u00bfQu\u00e9 es el Deca Durabolin y para qu\u00e9 sirve?<\/p>\n<p>Indicaciones: Tratamiento de la osteoporosis en mujeres post-menop\u00e1usicas. Como adyuvante de terapias espec\u00edficas y medidas dietarias en condiciones patol\u00f3gicas caracterizadas por un balance negativo o nitr\u00f3geno, tambi\u00e9n se emplea en Tratamiento de Sarcopenia causado por distintos tipo de Canceres y otras enfermedades. Se aplica para ganancia de Fuerza, hipertrofia muscular, anemias, disfunci\u00f3n renal cronica, terapia citotoxica en casos de c\u00e1ncer, enfermedades cr\u00f3nicas debilitantes, quemaduras, recuperaci\u00f3n Post-traumaticas.<\/p>\n<p>Decanoato es un esteroide androg\u00e9nico bajo con altos efectos anab\u00f3licos. La Nandrolona Decanoato se aromatizar\u00e1 en dosis altas, pero no se acercar\u00e1 a las tasas de la testosterona o de otros compuestos altamente androg\u00e9nicos. Indice Anabolico:Androgenico \u2013 125:37,\u00a0 Es obligatorio el uso de\u00a0LivoPlus.<br \/>\nLos principales puntos de mecanismos de acci\u00f3n y los efectos ergog\u00e9nicos de Decanoato en el atleta son:<\/p>\n<p>1. Nandrolona desplaza el equilibrio de nitr\u00f3geno al lado positivo para una mejor utilizaci\u00f3n de prote\u00edna ingerida y el aumento de la retenci\u00f3n de nitr\u00f3geno. Aunque temporal y que necesitan una dieta complementaria de alto valor proteico, este efecto ayuda al cuerpo a \u201cconstruir\u201d los m\u00fasculos.<\/p>\n<p>2. La mol\u00e9cula de nandrolona, como todos los esteroides anab\u00f3licos, se dirige a un receptor de esteroide en el musculo esquel\u00e9tico que estimula el sistema ARN-polimerasa que, a su vez, aumenta la s\u00edntesis de prote\u00ednas en la c\u00e9lula. Nandrolona muestra una afinidad muy alta para el receptor de andr\u00f3genos, alrededor de 3 veces m\u00e1s alta que la testosterona, que se manifiesta en un muy fuerte efecto anab\u00f3lico.<\/p>\n<p>3. La administraci\u00f3n de nandrolona incrementa la tasa de reposici\u00f3n de gluc\u00f3geno muscular despu\u00e9s del ejercicio, un aumento que puede ser explicado por el aumento de la producci\u00f3n de glucosa por el h\u00edgado, una mayor concentraci\u00f3n de insulina en plasma, y el aumento de transporte de glucosa independiente de insulina.<\/p>\n<p>4. Nandrolona se ha demostrado que mejora la capacidad de transporte de ox\u00edgeno de la sangre. Este efecto se explica principalmente por la capacidad de la nandrolona para estimular la producci\u00f3n de eritropoyetina. Esta mejora la resistencia y mejora el proceso de recuperaci\u00f3n despu\u00e9s del ejercicio vigoroso. La estimulaci\u00f3n de la producci\u00f3n de eritropoyetina se crea mediante la mejora de la producci\u00f3n de factores estimulantes de la eritropoyesis y el aumento de la sensibilidad de las c\u00e9lulas progenitoras eritroides en la m\u00e9dula \u00f3sea a la circulaci\u00f3n de eritropoyetina.<\/p>\n<p>5. La Nandrolona Decanoato mejora la s\u00edntesis de col\u00e1geno y aumenta el contenido mineral \u00f3seo y el equilibrio del calcio. Estas caracter\u00edsticas mejoran la recuperaci\u00f3n y el proceso de regeneraci\u00f3n de los huesos lesionados o da\u00f1ados, los tendones y los ligamentos y el alivio del dolor caracter\u00edstico de estas condiciones. Si tiene problemas con los hombros o las rodillas, o si tiene lesiones deportivas, Decanoato le ayudar\u00e1. La nandrolona puede ayudar a reducir el dolor en las articulaciones y los tendones. Los atletas informan de que durante el ciclo con Decanoato desaparece el dolor en hombros, rodillas y codos. Se demuestra que reduce la cantidad de cortisol, al penetrar en el tejido muscular durante el ciclo puede corroborar esto. Funciona mediante la promoci\u00f3n de un equilibrio positivo de nitr\u00f3geno en el cuerpo, que ocasiona que los m\u00fasculos puedan utilizar m\u00e1s prote\u00ednas, de manera m\u00e1s eficiente de lo normal. Para ello, hace que las c\u00e9lulas musculares almacenen m\u00e1s nitr\u00f3geno del que est\u00e1n liberando. Adem\u00e1s de estas valiosas propiedades Decabolic posee caracter\u00edsticas de proteger, ligamentos y articulaciones que se exponen a trabajo y rendimiento bajo carga, el estr\u00e9s y la tensi\u00f3n. Ayuda a prevenir las lesiones asociadas en tales condiciones.<\/p>\n<p>Los atletas combinan Decabolic con gran cantidad de f\u00e1rmacos y han conseguido resultados positivos. Es una buena sustancia base en cualquier ciclo ya sea de corte o definici\u00f3n o masa y desarrollo muscular.<\/p>\n<p>La mayor\u00eda de los atletas masculinos experimentan buenos resultados tomando 400 mg\/sem. Los novatos en el uso de esteroides, normalmente, necesitan s\u00f3lo 200 mg\/sem. El Decanoato de Nandrolona o Decabolic trabaja muy bien para el aumento de la masa muscular cuando es combinado con Dianabol (DIABOLIC) y Sustanon. El famoso combo Dianabol (Diabolic)\/\u201dDeca\u201d origina una r\u00e1pida y fuerte ganancia de masa muscular. La mayor\u00eda de los atletas normalmente toman 15-40 mg Dianabol (Diabolic)\/d\u00eda y 250-500 mg Deca\/semana. Pueden lograrse los resultados a\u00fan m\u00e1s r\u00e1pidos con 500 mg Deca\/sem y 500 mg Polysteron\/sem. Los atletas reportan una ganancia enorme en fuerza y masa muscular al tomar 500 mg Deca\/sem, 500 mg Polysteron\/sem y 30 mg Dianabol (Diabolic)\/d\u00eda. El \u201cNanbolic\u201d es un buen esteroide b\u00e1sico, el cual, para el aumento de masa muscular, puede combinarse con muchos otros esteroides.<\/p>\n<p>USO: La nandrolona se puede utilizar tanto para el corte en ciclos con Stanozolol o Oxandrolona (Oxanbolic) o para ciclos de Masa \u2013 Fuerza con Testosterona cypionato o Sustanon (Susubolic) para el volumen es una combinaci\u00f3n muy usado por culturistas de competici\u00f3n apilar nandrolona y testosteronas compuestas.<\/p>\n<p>DOSIS: de 250mg a 1000 mg semanales divididos en varias aplicaciones, la dosis es personalizada depende el nivel y las necesidades del atleta y su programa de desarrollo o definici\u00f3n.<\/p>\n<p>INDICACIONES:<br \/>\n\u2022 Estimulante del apetito y vigor. Mejora la condici\u00f3n f\u00edsica del atleta.<br \/>\n\u2022 Terapias de aumento de peso y masa corporal.<br \/>\n\u2022 ciclos de volumen o definici\u00f3n de fisiculturistas en preparaci\u00f3n.<br \/>\n\u2022 Terapia hormonal ergog\u00e9nica en planes de hipertrofia muscular y s\u00edntesis proteica.<br \/>\n\u2022 Programas de desarrollo de la fuerza y potencia de atletas, levantadores de pesas.<br \/>\n\u2022 Terapias Rehabilitaci\u00f3n, Fortalecimiento muscular, regeneraci\u00f3n.<br \/>\n\u2022 Eficaz en recuperaci\u00f3n de Lesiones Musculoesquel\u00e9ticas.<\/p>\n<p>V\u00cdA DE ADMINISTRACI\u00d3N: Intramuscular Profunda.<\/p>\n<p>FORMA FARMACEUTICA: Soluci\u00f3n inyectable. Veh\u00edculo oleoso transl\u00facido de color amarillo claro.<\/p>\n<p>PRESENTACI\u00d3N: 10 Ampolla de 1 ml\/ 250 mg<\/p>\n<p>FORMULA CADA ML CONTIENE:<br \/>\n\u2022 Nandrolona Decanoato\u2026\u2026\u2026\u2026\u2026\u2026\u2026\u2026\u2026\u2026\u2026\u2026250 mg\/ml<\/p>\n<p>https:\/\/www.cooperpharma.com<\/p>\n","protected":false},"excerpt":{"rendered":"<p>Decabolic Decanoato de Nandrolona Cooper Pharma<br \/>\nForma de administraci\u00f3n: Inyecci\u00f3n.<br \/>\nCompuesto activo: Decanoato de Nandrolona.<br \/>\nDosis tentativa: Entre 250 y 750 mg semanal<br \/>\nTipo:Ciclo de incremento de masa muscular \/ Incremento de fuerza \/ Definici\u00f3n<br \/>\nProtecci\u00f3n durante el tratamiento: Es necesario el uso de protectores<br \/>\nNivel:Para todos los usuarios.<\/p>\n","protected":false},"featured_media":1771,"comment_status":"open","ping_status":"closed","template":"","meta":[],"product_brand":[112],"product_cat":[392],"product_tag":[105,106,107,108,109,110,111],"class_list":{"0":"post-1449","1":"product","2":"type-product","3":"status-publish","4":"has-post-thumbnail","6":"product_brand-cooper-pharma","7":"product_cat-anabolicos","8":"product_tag-anabolico","9":"product_tag-cooper","10":"product_tag-cooper-pharma","11":"product_tag-decabolic","12":"product_tag-decanoato","13":"product_tag-nandrolona","14":"product_tag-nandrolone","16":"first","17":"instock","18":"sale","19":"shipping-taxable","20":"purchasable","21":"product-type-simple"},"yoast_head":"<!-- This site is optimized with the Yoast SEO plugin v26.8 - https:\/\/yoast.com\/product\/yoast-seo-wordpress\/ -->\n<title>Decabolic nandrolone-decanoate 250mg - Team Mutan Ecuador<\/title>\n<meta name=\"description\" content=\"Decabolic 250mg (nandrolone decanoate) Cooper Pharma. Cooper Pharma, farmaceutica altamente calificada existente desde hace 30 a\u00f1os, con certificaciones y acreditaciones internacional; ISO, GMP, WHO-GMP, TGA-Australia, FDA. \u00a0Cooper Pharma Limited es un fabricante l\u00edder de medicamentos gen\u00e9ricos y \u00e9ticos con sede en Delhi, la capital de la India\" \/>\n<meta name=\"robots\" content=\"index, follow, max-snippet:-1, max-image-preview:large, max-video-preview:-1\" \/>\n<link rel=\"canonical\" href=\"https:\/\/teammutantecuador.com\/?product=decabolic-nandrolone-decanoate-250mg\" \/>\n<meta property=\"og:locale\" content=\"es_ES\" \/>\n<meta property=\"og:type\" content=\"article\" \/>\n<meta property=\"og:title\" content=\"Decabolic nandrolone-decanoate 250mg - Team Mutan Ecuador\" \/>\n<meta property=\"og:description\" content=\"Decabolic 250mg (nandrolone decanoate) Cooper Pharma. Cooper Pharma, farmaceutica altamente calificada existente desde hace 30 a\u00f1os, con certificaciones y acreditaciones internacional; ISO, GMP, WHO-GMP, TGA-Australia, FDA. \u00a0Cooper Pharma Limited es un fabricante l\u00edder de medicamentos gen\u00e9ricos y \u00e9ticos con sede en Delhi, la capital de la India\" \/>\n<meta property=\"og:url\" content=\"https:\/\/teammutantecuador.com\/?product=decabolic-nandrolone-decanoate-250mg\" \/>\n<meta property=\"og:site_name\" content=\"Team Mutan Ecuador\" \/>\n<meta property=\"article:modified_time\" content=\"2026-01-21T11:30:40+00:00\" \/>\n<meta property=\"og:image\" content=\"https:\/\/teammutantecuador.com\/wp-content\/uploads\/2026\/01\/Diseno-sin-titulo-2026-01-17T000517.660.jpg\" \/>\n\t<meta property=\"og:image:width\" content=\"800\" \/>\n\t<meta property=\"og:image:height\" content=\"800\" \/>\n\t<meta property=\"og:image:type\" content=\"image\/jpeg\" \/>\n<meta name=\"twitter:card\" content=\"summary_large_image\" \/>\n<meta name=\"twitter:label1\" content=\"Tiempo de lectura\" \/>\n\t<meta name=\"twitter:data1\" content=\"8 minutos\" \/>\n<script type=\"application\/ld+json\" class=\"yoast-schema-graph\">{\"@context\":\"https:\/\/schema.org\",\"@graph\":[{\"@type\":\"WebPage\",\"@id\":\"https:\/\/teammutantecuador.com\/?product=decabolic-nandrolone-decanoate-250mg\",\"url\":\"https:\/\/teammutantecuador.com\/?product=decabolic-nandrolone-decanoate-250mg\",\"name\":\"Decabolic nandrolone-decanoate 250mg - Team Mutan Ecuador\",\"isPartOf\":{\"@id\":\"https:\/\/teammutantecuador.com\/#website\"},\"primaryImageOfPage\":{\"@id\":\"https:\/\/teammutantecuador.com\/?product=decabolic-nandrolone-decanoate-250mg#primaryimage\"},\"image\":{\"@id\":\"https:\/\/teammutantecuador.com\/?product=decabolic-nandrolone-decanoate-250mg#primaryimage\"},\"thumbnailUrl\":\"https:\/\/teammutantecuador.com\/wp-content\/uploads\/2026\/01\/Diseno-sin-titulo-2026-01-17T000517.660.jpg\",\"datePublished\":\"2026-01-17T16:03:58+00:00\",\"dateModified\":\"2026-01-21T11:30:40+00:00\",\"description\":\"Decabolic 250mg (nandrolone decanoate) Cooper Pharma. Cooper Pharma, farmaceutica altamente calificada existente desde hace 30 a\u00f1os, con certificaciones y acreditaciones internacional; ISO, GMP, WHO-GMP, TGA-Australia, FDA. \u00a0Cooper Pharma Limited es un fabricante l\u00edder de medicamentos gen\u00e9ricos y \u00e9ticos con sede en Delhi, la capital de la India\",\"breadcrumb\":{\"@id\":\"https:\/\/teammutantecuador.com\/?product=decabolic-nandrolone-decanoate-250mg#breadcrumb\"},\"inLanguage\":\"es\",\"potentialAction\":[{\"@type\":\"ReadAction\",\"target\":[\"https:\/\/teammutantecuador.com\/?product=decabolic-nandrolone-decanoate-250mg\"]}]},{\"@type\":\"ImageObject\",\"inLanguage\":\"es\",\"@id\":\"https:\/\/teammutantecuador.com\/?product=decabolic-nandrolone-decanoate-250mg#primaryimage\",\"url\":\"https:\/\/teammutantecuador.com\/wp-content\/uploads\/2026\/01\/Diseno-sin-titulo-2026-01-17T000517.660.jpg\",\"contentUrl\":\"https:\/\/teammutantecuador.com\/wp-content\/uploads\/2026\/01\/Diseno-sin-titulo-2026-01-17T000517.660.jpg\",\"width\":800,\"height\":800,\"caption\":\"Decabolic nandrolone-decanoate 250mg\"},{\"@type\":\"BreadcrumbList\",\"@id\":\"https:\/\/teammutantecuador.com\/?product=decabolic-nandrolone-decanoate-250mg#breadcrumb\",\"itemListElement\":[{\"@type\":\"ListItem\",\"position\":1,\"name\":\"Portada\",\"item\":\"https:\/\/teammutantecuador.com\/\"},{\"@type\":\"ListItem\",\"position\":2,\"name\":\"Shop\",\"item\":\"https:\/\/teammutantecuador.com\/?page_id=6\"},{\"@type\":\"ListItem\",\"position\":3,\"name\":\"Decabolic nandrolone-decanoate 250mg\"}]},{\"@type\":\"WebSite\",\"@id\":\"https:\/\/teammutantecuador.com\/#website\",\"url\":\"https:\/\/teammutantecuador.com\/\",\"name\":\"Team Mutan Ecuador\",\"description\":\"Just another WordPress site\",\"publisher\":{\"@id\":\"https:\/\/teammutantecuador.com\/#organization\"},\"potentialAction\":[{\"@type\":\"SearchAction\",\"target\":{\"@type\":\"EntryPoint\",\"urlTemplate\":\"https:\/\/teammutantecuador.com\/?s={search_term_string}\"},\"query-input\":{\"@type\":\"PropertyValueSpecification\",\"valueRequired\":true,\"valueName\":\"search_term_string\"}}],\"inLanguage\":\"es\"},{\"@type\":\"Organization\",\"@id\":\"https:\/\/teammutantecuador.com\/#organization\",\"name\":\"Team Mutan Ecuador\",\"url\":\"https:\/\/teammutantecuador.com\/\",\"logo\":{\"@type\":\"ImageObject\",\"inLanguage\":\"es\",\"@id\":\"https:\/\/teammutantecuador.com\/#\/schema\/logo\/image\/\",\"url\":\"https:\/\/teammutantecuador.com\/wp-content\/uploads\/2026\/01\/Diseno-sin-titulo-97.png\",\"contentUrl\":\"https:\/\/teammutantecuador.com\/wp-content\/uploads\/2026\/01\/Diseno-sin-titulo-97.png\",\"width\":500,\"height\":300,\"caption\":\"Team Mutan Ecuador\"},\"image\":{\"@id\":\"https:\/\/teammutantecuador.com\/#\/schema\/logo\/image\/\"}}]}<\/script>\n<!-- \/ Yoast SEO plugin. -->","yoast_head_json":{"title":"Decabolic nandrolone-decanoate 250mg - Team Mutan Ecuador","description":"Decabolic 250mg (nandrolone decanoate) Cooper Pharma. Cooper Pharma, farmaceutica altamente calificada existente desde hace 30 a\u00f1os, con certificaciones y acreditaciones internacional; ISO, GMP, WHO-GMP, TGA-Australia, FDA. \u00a0Cooper Pharma Limited es un fabricante l\u00edder de medicamentos gen\u00e9ricos y \u00e9ticos con sede en Delhi, la capital de la India","robots":{"index":"index","follow":"follow","max-snippet":"max-snippet:-1","max-image-preview":"max-image-preview:large","max-video-preview":"max-video-preview:-1"},"canonical":"https:\/\/teammutantecuador.com\/?product=decabolic-nandrolone-decanoate-250mg","og_locale":"es_ES","og_type":"article","og_title":"Decabolic nandrolone-decanoate 250mg - Team Mutan Ecuador","og_description":"Decabolic 250mg (nandrolone decanoate) Cooper Pharma. Cooper Pharma, farmaceutica altamente calificada existente desde hace 30 a\u00f1os, con certificaciones y acreditaciones internacional; ISO, GMP, WHO-GMP, TGA-Australia, FDA. \u00a0Cooper Pharma Limited es un fabricante l\u00edder de medicamentos gen\u00e9ricos y \u00e9ticos con sede en Delhi, la capital de la India","og_url":"https:\/\/teammutantecuador.com\/?product=decabolic-nandrolone-decanoate-250mg","og_site_name":"Team Mutan Ecuador","article_modified_time":"2026-01-21T11:30:40+00:00","og_image":[{"width":800,"height":800,"url":"https:\/\/teammutantecuador.com\/wp-content\/uploads\/2026\/01\/Diseno-sin-titulo-2026-01-17T000517.660.jpg","type":"image\/jpeg"}],"twitter_card":"summary_large_image","twitter_misc":{"Tiempo de lectura":"8 minutos"},"schema":{"@context":"https:\/\/schema.org","@graph":[{"@type":"WebPage","@id":"https:\/\/teammutantecuador.com\/?product=decabolic-nandrolone-decanoate-250mg","url":"https:\/\/teammutantecuador.com\/?product=decabolic-nandrolone-decanoate-250mg","name":"Decabolic nandrolone-decanoate 250mg - Team Mutan Ecuador","isPartOf":{"@id":"https:\/\/teammutantecuador.com\/#website"},"primaryImageOfPage":{"@id":"https:\/\/teammutantecuador.com\/?product=decabolic-nandrolone-decanoate-250mg#primaryimage"},"image":{"@id":"https:\/\/teammutantecuador.com\/?product=decabolic-nandrolone-decanoate-250mg#primaryimage"},"thumbnailUrl":"https:\/\/teammutantecuador.com\/wp-content\/uploads\/2026\/01\/Diseno-sin-titulo-2026-01-17T000517.660.jpg","datePublished":"2026-01-17T16:03:58+00:00","dateModified":"2026-01-21T11:30:40+00:00","description":"Decabolic 250mg (nandrolone decanoate) Cooper Pharma. Cooper Pharma, farmaceutica altamente calificada existente desde hace 30 a\u00f1os, con certificaciones y acreditaciones internacional; ISO, GMP, WHO-GMP, TGA-Australia, FDA. \u00a0Cooper Pharma Limited es un fabricante l\u00edder de medicamentos gen\u00e9ricos y \u00e9ticos con sede en Delhi, la capital de la India","breadcrumb":{"@id":"https:\/\/teammutantecuador.com\/?product=decabolic-nandrolone-decanoate-250mg#breadcrumb"},"inLanguage":"es","potentialAction":[{"@type":"ReadAction","target":["https:\/\/teammutantecuador.com\/?product=decabolic-nandrolone-decanoate-250mg"]}]},{"@type":"ImageObject","inLanguage":"es","@id":"https:\/\/teammutantecuador.com\/?product=decabolic-nandrolone-decanoate-250mg#primaryimage","url":"https:\/\/teammutantecuador.com\/wp-content\/uploads\/2026\/01\/Diseno-sin-titulo-2026-01-17T000517.660.jpg","contentUrl":"https:\/\/teammutantecuador.com\/wp-content\/uploads\/2026\/01\/Diseno-sin-titulo-2026-01-17T000517.660.jpg","width":800,"height":800,"caption":"Decabolic nandrolone-decanoate 250mg"},{"@type":"BreadcrumbList","@id":"https:\/\/teammutantecuador.com\/?product=decabolic-nandrolone-decanoate-250mg#breadcrumb","itemListElement":[{"@type":"ListItem","position":1,"name":"Portada","item":"https:\/\/teammutantecuador.com\/"},{"@type":"ListItem","position":2,"name":"Shop","item":"https:\/\/teammutantecuador.com\/?page_id=6"},{"@type":"ListItem","position":3,"name":"Decabolic nandrolone-decanoate 250mg"}]},{"@type":"WebSite","@id":"https:\/\/teammutantecuador.com\/#website","url":"https:\/\/teammutantecuador.com\/","name":"Team Mutan Ecuador","description":"Just another WordPress site","publisher":{"@id":"https:\/\/teammutantecuador.com\/#organization"},"potentialAction":[{"@type":"SearchAction","target":{"@type":"EntryPoint","urlTemplate":"https:\/\/teammutantecuador.com\/?s={search_term_string}"},"query-input":{"@type":"PropertyValueSpecification","valueRequired":true,"valueName":"search_term_string"}}],"inLanguage":"es"},{"@type":"Organization","@id":"https:\/\/teammutantecuador.com\/#organization","name":"Team Mutan Ecuador","url":"https:\/\/teammutantecuador.com\/","logo":{"@type":"ImageObject","inLanguage":"es","@id":"https:\/\/teammutantecuador.com\/#\/schema\/logo\/image\/","url":"https:\/\/teammutantecuador.com\/wp-content\/uploads\/2026\/01\/Diseno-sin-titulo-97.png","contentUrl":"https:\/\/teammutantecuador.com\/wp-content\/uploads\/2026\/01\/Diseno-sin-titulo-97.png","width":500,"height":300,"caption":"Team Mutan Ecuador"},"image":{"@id":"https:\/\/teammutantecuador.com\/#\/schema\/logo\/image\/"}}]}},"_links":{"self":[{"href":"https:\/\/teammutantecuador.com\/index.php?rest_route=\/wp\/v2\/product\/1449","targetHints":{"allow":["GET"]}}],"collection":[{"href":"https:\/\/teammutantecuador.com\/index.php?rest_route=\/wp\/v2\/product"}],"about":[{"href":"https:\/\/teammutantecuador.com\/index.php?rest_route=\/wp\/v2\/types\/product"}],"replies":[{"embeddable":true,"href":"https:\/\/teammutantecuador.com\/index.php?rest_route=%2Fwp%2Fv2%2Fcomments&post=1449"}],"wp:featuredmedia":[{"embeddable":true,"href":"https:\/\/teammutantecuador.com\/index.php?rest_route=\/wp\/v2\/media\/1771"}],"wp:attachment":[{"href":"https:\/\/teammutantecuador.com\/index.php?rest_route=%2Fwp%2Fv2%2Fmedia&parent=1449"}],"wp:term":[{"taxonomy":"product_brand","embeddable":true,"href":"https:\/\/teammutantecuador.com\/index.php?rest_route=%2Fwp%2Fv2%2Fproduct_brand&post=1449"},{"taxonomy":"product_cat","embeddable":true,"href":"https:\/\/teammutantecuador.com\/index.php?rest_route=%2Fwp%2Fv2%2Fproduct_cat&post=1449"},{"taxonomy":"product_tag","embeddable":true,"href":"https:\/\/teammutantecuador.com\/index.php?rest_route=%2Fwp%2Fv2%2Fproduct_tag&post=1449"}],"curies":[{"name":"wp","href":"https:\/\/api.w.org\/{rel}","templated":true}]}}