{"id":1448,"date":"2026-01-17T16:03:58","date_gmt":"2026-01-17T16:03:58","guid":{"rendered":"https:\/\/teammutantecuador.com\/?post_type=product&#038;p=1448"},"modified":"2026-01-17T16:04:02","modified_gmt":"2026-01-17T16:04:02","slug":"pre-entreno-pre-xs-90-servicios-ronnie-coleman","status":"publish","type":"product","link":"https:\/\/teammutantecuador.com\/?product=pre-entreno-pre-xs-90-servicios-ronnie-coleman","title":{"rendered":"Pre entreno pre XS 90 servicios Ronnie Coleman"},"content":{"rendered":"<p>\u00a1Pre XS<sup>&#x2122;<\/sup>\u00a0es un pre entreno en polvo con enfoque y energ\u00eda extrema, con ingredientes cl\u00ednicamente estudiados y dise\u00f1ados para ayudarte a aplastar tu entrenamiento pero NO tu cuenta bancaria! Adem\u00e1s, sus sabores son francamente rid\u00edculos.<\/p>\n<p>Contiene TeaCrine, que ha sido estudiado cl\u00ednicamente para aumentar tu energ\u00eda f\u00edsica y mental sin los temblores o bajones mientras te mantiene en un estado de \u00e1nimo y motivaci\u00f3n positivos. Se combina perfectamente y mejora los efectos de la cafe\u00edna.<\/p>\n<p>Carnosyn beta alanina es otro ingrediente estudiado cl\u00ednicamente que ha mostrado combate la fatiga muscular al tiempo que aumenta el rendimiento m\u00e1ximo atl\u00e9tico y apoya en la recuperaci\u00f3n muscular.<\/p>\n<p>BioPerine un potenciador de absorci\u00f3n cl\u00ednicamente estudiado que aumenta la biodisponibilidad de nutrientes para que asi puedas estar seguro de que est\u00e1s absorbiendo todo y aprovechando al m\u00e1ximo de tu pre entreno.<\/p>\n<ul>\n<li>200mg de Cafe\u00edna<\/li>\n<li>25mg de TeaCrine<\/li>\n<li>550mg de Colina<\/li>\n<li>1,600mg de Beta-Alanina<\/li>\n<li>Fabricado en los Estados Unidos<\/li>\n<li>Certificaciones cGMP<\/li>\n<\/ul>\n","protected":false},"excerpt":{"rendered":"<ul>\n<li>200mg de Cafe\u00edna<\/li>\n<li>25mg de TeaCrine<\/li>\n<li>550mg de Colina<\/li>\n<li>1,600mg de Beta-Alanina<\/li>\n<li>Fabricado en los Estados Unidos<\/li>\n<li>Certificaciones cGMP<\/li>\n<\/ul>\n","protected":false},"featured_media":0,"comment_status":"open","ping_status":"closed","template":"","meta":[],"product_brand":[],"product_cat":[365],"product_tag":[70,71,65],"class_list":{"0":"post-1448","1":"product","2":"type-product","3":"status-publish","5":"product_cat-pre-entreno","6":"product_tag-pre-entreno","7":"product_tag-pre-workour","8":"product_tag-ronnie-coleman","10":"first","11":"instock","12":"sale","13":"shipping-taxable","14":"purchasable","15":"product-type-simple"},"yoast_head":"<!-- This site is optimized with the Yoast SEO plugin v26.8 - https:\/\/yoast.com\/product\/yoast-seo-wordpress\/ -->\n<title>Pre entreno pre XS 90 servicios Ronnie Coleman - Team Mutan Ecuador<\/title>\n<meta name=\"description\" content=\"\u00a1Pre XS\u2122\u00a0es un pre entreno en polvo con enfoque y energ\u00eda extrema, con ingredientes cl\u00ednicamente estudiados y dise\u00f1ados para ayudarte a aplastar tu entrenamiento pero NO tu cuenta bancaria! Adem\u00e1s, sus sabores son francamente rid\u00edculos.\" \/>\n<meta name=\"robots\" content=\"index, follow, max-snippet:-1, max-image-preview:large, max-video-preview:-1\" \/>\n<link rel=\"canonical\" href=\"https:\/\/teammutantecuador.com\/?product=pre-entreno-pre-xs-90-servicios-ronnie-coleman\" \/>\n<meta property=\"og:locale\" content=\"es_ES\" \/>\n<meta property=\"og:type\" content=\"article\" \/>\n<meta property=\"og:title\" content=\"Pre entreno pre XS 90 servicios Ronnie Coleman - Team Mutan Ecuador\" \/>\n<meta property=\"og:description\" content=\"\u00a1Pre XS\u2122\u00a0es un pre entreno en polvo con enfoque y energ\u00eda extrema, con ingredientes cl\u00ednicamente estudiados y dise\u00f1ados para ayudarte a aplastar tu entrenamiento pero NO tu cuenta bancaria! Adem\u00e1s, sus sabores son francamente rid\u00edculos.\" \/>\n<meta property=\"og:url\" content=\"https:\/\/teammutantecuador.com\/?product=pre-entreno-pre-xs-90-servicios-ronnie-coleman\" \/>\n<meta property=\"og:site_name\" content=\"Team Mutan Ecuador\" \/>\n<meta property=\"article:modified_time\" content=\"2026-01-17T16:04:02+00:00\" \/>\n<meta name=\"twitter:card\" content=\"summary_large_image\" \/>\n<meta name=\"twitter:label1\" content=\"Tiempo de lectura\" \/>\n\t<meta name=\"twitter:data1\" content=\"1 minuto\" \/>\n<script type=\"application\/ld+json\" class=\"yoast-schema-graph\">{\"@context\":\"https:\/\/schema.org\",\"@graph\":[{\"@type\":\"WebPage\",\"@id\":\"https:\/\/teammutantecuador.com\/?product=pre-entreno-pre-xs-90-servicios-ronnie-coleman\",\"url\":\"https:\/\/teammutantecuador.com\/?product=pre-entreno-pre-xs-90-servicios-ronnie-coleman\",\"name\":\"Pre entreno pre XS 90 servicios Ronnie Coleman - Team Mutan Ecuador\",\"isPartOf\":{\"@id\":\"https:\/\/teammutantecuador.com\/#website\"},\"datePublished\":\"2026-01-17T16:03:58+00:00\",\"dateModified\":\"2026-01-17T16:04:02+00:00\",\"description\":\"\u00a1Pre XS\u2122\u00a0es un pre entreno en polvo con enfoque y energ\u00eda extrema, con ingredientes cl\u00ednicamente estudiados y dise\u00f1ados para ayudarte a aplastar tu entrenamiento pero NO tu cuenta bancaria! Adem\u00e1s, sus sabores son francamente rid\u00edculos.\",\"breadcrumb\":{\"@id\":\"https:\/\/teammutantecuador.com\/?product=pre-entreno-pre-xs-90-servicios-ronnie-coleman#breadcrumb\"},\"inLanguage\":\"es\",\"potentialAction\":[{\"@type\":\"ReadAction\",\"target\":[\"https:\/\/teammutantecuador.com\/?product=pre-entreno-pre-xs-90-servicios-ronnie-coleman\"]}]},{\"@type\":\"BreadcrumbList\",\"@id\":\"https:\/\/teammutantecuador.com\/?product=pre-entreno-pre-xs-90-servicios-ronnie-coleman#breadcrumb\",\"itemListElement\":[{\"@type\":\"ListItem\",\"position\":1,\"name\":\"Portada\",\"item\":\"https:\/\/teammutantecuador.com\/\"},{\"@type\":\"ListItem\",\"position\":2,\"name\":\"Shop\",\"item\":\"https:\/\/teammutantecuador.com\/?page_id=6\"},{\"@type\":\"ListItem\",\"position\":3,\"name\":\"Pre entreno pre XS 90 servicios Ronnie Coleman\"}]},{\"@type\":\"WebSite\",\"@id\":\"https:\/\/teammutantecuador.com\/#website\",\"url\":\"https:\/\/teammutantecuador.com\/\",\"name\":\"Team Mutan Ecuador\",\"description\":\"Just another WordPress site\",\"publisher\":{\"@id\":\"https:\/\/teammutantecuador.com\/#organization\"},\"potentialAction\":[{\"@type\":\"SearchAction\",\"target\":{\"@type\":\"EntryPoint\",\"urlTemplate\":\"https:\/\/teammutantecuador.com\/?s={search_term_string}\"},\"query-input\":{\"@type\":\"PropertyValueSpecification\",\"valueRequired\":true,\"valueName\":\"search_term_string\"}}],\"inLanguage\":\"es\"},{\"@type\":\"Organization\",\"@id\":\"https:\/\/teammutantecuador.com\/#organization\",\"name\":\"Team Mutan Ecuador\",\"url\":\"https:\/\/teammutantecuador.com\/\",\"logo\":{\"@type\":\"ImageObject\",\"inLanguage\":\"es\",\"@id\":\"https:\/\/teammutantecuador.com\/#\/schema\/logo\/image\/\",\"url\":\"https:\/\/teammutantecuador.com\/wp-content\/uploads\/2026\/01\/Diseno-sin-titulo-97.png\",\"contentUrl\":\"https:\/\/teammutantecuador.com\/wp-content\/uploads\/2026\/01\/Diseno-sin-titulo-97.png\",\"width\":500,\"height\":300,\"caption\":\"Team Mutan Ecuador\"},\"image\":{\"@id\":\"https:\/\/teammutantecuador.com\/#\/schema\/logo\/image\/\"}}]}<\/script>\n<!-- \/ Yoast SEO plugin. -->","yoast_head_json":{"title":"Pre entreno pre XS 90 servicios Ronnie Coleman - Team Mutan Ecuador","description":"\u00a1Pre XS\u2122\u00a0es un pre entreno en polvo con enfoque y energ\u00eda extrema, con ingredientes cl\u00ednicamente estudiados y dise\u00f1ados para ayudarte a aplastar tu entrenamiento pero NO tu cuenta bancaria! Adem\u00e1s, sus sabores son francamente rid\u00edculos.","robots":{"index":"index","follow":"follow","max-snippet":"max-snippet:-1","max-image-preview":"max-image-preview:large","max-video-preview":"max-video-preview:-1"},"canonical":"https:\/\/teammutantecuador.com\/?product=pre-entreno-pre-xs-90-servicios-ronnie-coleman","og_locale":"es_ES","og_type":"article","og_title":"Pre entreno pre XS 90 servicios Ronnie Coleman - Team Mutan Ecuador","og_description":"\u00a1Pre XS\u2122\u00a0es un pre entreno en polvo con enfoque y energ\u00eda extrema, con ingredientes cl\u00ednicamente estudiados y dise\u00f1ados para ayudarte a aplastar tu entrenamiento pero NO tu cuenta bancaria! Adem\u00e1s, sus sabores son francamente rid\u00edculos.","og_url":"https:\/\/teammutantecuador.com\/?product=pre-entreno-pre-xs-90-servicios-ronnie-coleman","og_site_name":"Team Mutan Ecuador","article_modified_time":"2026-01-17T16:04:02+00:00","twitter_card":"summary_large_image","twitter_misc":{"Tiempo de lectura":"1 minuto"},"schema":{"@context":"https:\/\/schema.org","@graph":[{"@type":"WebPage","@id":"https:\/\/teammutantecuador.com\/?product=pre-entreno-pre-xs-90-servicios-ronnie-coleman","url":"https:\/\/teammutantecuador.com\/?product=pre-entreno-pre-xs-90-servicios-ronnie-coleman","name":"Pre entreno pre XS 90 servicios Ronnie Coleman - Team Mutan Ecuador","isPartOf":{"@id":"https:\/\/teammutantecuador.com\/#website"},"datePublished":"2026-01-17T16:03:58+00:00","dateModified":"2026-01-17T16:04:02+00:00","description":"\u00a1Pre XS\u2122\u00a0es un pre entreno en polvo con enfoque y energ\u00eda extrema, con ingredientes cl\u00ednicamente estudiados y dise\u00f1ados para ayudarte a aplastar tu entrenamiento pero NO tu cuenta bancaria! Adem\u00e1s, sus sabores son francamente rid\u00edculos.","breadcrumb":{"@id":"https:\/\/teammutantecuador.com\/?product=pre-entreno-pre-xs-90-servicios-ronnie-coleman#breadcrumb"},"inLanguage":"es","potentialAction":[{"@type":"ReadAction","target":["https:\/\/teammutantecuador.com\/?product=pre-entreno-pre-xs-90-servicios-ronnie-coleman"]}]},{"@type":"BreadcrumbList","@id":"https:\/\/teammutantecuador.com\/?product=pre-entreno-pre-xs-90-servicios-ronnie-coleman#breadcrumb","itemListElement":[{"@type":"ListItem","position":1,"name":"Portada","item":"https:\/\/teammutantecuador.com\/"},{"@type":"ListItem","position":2,"name":"Shop","item":"https:\/\/teammutantecuador.com\/?page_id=6"},{"@type":"ListItem","position":3,"name":"Pre entreno pre XS 90 servicios Ronnie Coleman"}]},{"@type":"WebSite","@id":"https:\/\/teammutantecuador.com\/#website","url":"https:\/\/teammutantecuador.com\/","name":"Team Mutan Ecuador","description":"Just another WordPress site","publisher":{"@id":"https:\/\/teammutantecuador.com\/#organization"},"potentialAction":[{"@type":"SearchAction","target":{"@type":"EntryPoint","urlTemplate":"https:\/\/teammutantecuador.com\/?s={search_term_string}"},"query-input":{"@type":"PropertyValueSpecification","valueRequired":true,"valueName":"search_term_string"}}],"inLanguage":"es"},{"@type":"Organization","@id":"https:\/\/teammutantecuador.com\/#organization","name":"Team Mutan Ecuador","url":"https:\/\/teammutantecuador.com\/","logo":{"@type":"ImageObject","inLanguage":"es","@id":"https:\/\/teammutantecuador.com\/#\/schema\/logo\/image\/","url":"https:\/\/teammutantecuador.com\/wp-content\/uploads\/2026\/01\/Diseno-sin-titulo-97.png","contentUrl":"https:\/\/teammutantecuador.com\/wp-content\/uploads\/2026\/01\/Diseno-sin-titulo-97.png","width":500,"height":300,"caption":"Team Mutan Ecuador"},"image":{"@id":"https:\/\/teammutantecuador.com\/#\/schema\/logo\/image\/"}}]}},"_links":{"self":[{"href":"https:\/\/teammutantecuador.com\/index.php?rest_route=\/wp\/v2\/product\/1448","targetHints":{"allow":["GET"]}}],"collection":[{"href":"https:\/\/teammutantecuador.com\/index.php?rest_route=\/wp\/v2\/product"}],"about":[{"href":"https:\/\/teammutantecuador.com\/index.php?rest_route=\/wp\/v2\/types\/product"}],"replies":[{"embeddable":true,"href":"https:\/\/teammutantecuador.com\/index.php?rest_route=%2Fwp%2Fv2%2Fcomments&post=1448"}],"wp:attachment":[{"href":"https:\/\/teammutantecuador.com\/index.php?rest_route=%2Fwp%2Fv2%2Fmedia&parent=1448"}],"wp:term":[{"taxonomy":"product_brand","embeddable":true,"href":"https:\/\/teammutantecuador.com\/index.php?rest_route=%2Fwp%2Fv2%2Fproduct_brand&post=1448"},{"taxonomy":"product_cat","embeddable":true,"href":"https:\/\/teammutantecuador.com\/index.php?rest_route=%2Fwp%2Fv2%2Fproduct_cat&post=1448"},{"taxonomy":"product_tag","embeddable":true,"href":"https:\/\/teammutantecuador.com\/index.php?rest_route=%2Fwp%2Fv2%2Fproduct_tag&post=1448"}],"curies":[{"name":"wp","href":"https:\/\/api.w.org\/{rel}","templated":true}]}}