{"id":1446,"date":"2026-01-17T16:03:58","date_gmt":"2026-01-17T16:03:58","guid":{"rendered":"https:\/\/teammutantecuador.com\/?post_type=product&#038;p=1446"},"modified":"2026-01-17T16:04:01","modified_gmt":"2026-01-17T16:04:01","slug":"mutant-mass-gold-edition","status":"publish","type":"product","link":"https:\/\/teammutantecuador.com\/?product=mutant-mass-gold-edition","title":{"rendered":"Mutant Mass Gold Edition"},"content":{"rendered":"<p>Mutant Mass Gold es la f\u00f3rmula definitiva que hab\u00edas estado esperando para incrementar tu masa muscular. Mutant Mass es una f\u00f3rmula seria, desarrollada teniendo en cuenta s\u00f3lo los atletas que trabajan m\u00e1s duramente, que exigen potencia, gran tama\u00f1o y toda la fuerza posible. Si desea aumentar la masa muscular de verdad y m\u00e1s r\u00e1pido que nunca, Mutant Mass Gold es la soluci\u00f3n.<\/p>\n<p>La modelaci\u00f3n muscular requiere una mezcla justa de prote\u00ednas para poder expandir el tejido muscular y repararlo lo antes posible. Las prote\u00ednas, adem\u00e1s, deben recargarse cuando se agotan para cubrir las necesidades de energ\u00eda del cuerpo. Por \u00faltimo, el m\u00fasculo precisa ingerir calor\u00edas limpias de forma masiva para reemplazar el gluc\u00f3geno gastado durante el entrenamiento. Mutant Mass Gold posee todas las caracter\u00edsticas para mejorar la digesti\u00f3n, la absorci\u00f3n y el consumo cal\u00f3rico.<\/p>\n<p>Su f\u00f3rmula \u00fanica aporta 1100 calor\u00edas limpias por servicio.<\/p>\n<p>Diez prote\u00ednas mezcladas \u00f3ptimamente<\/p>\n<p>Incluye 52.000 mg de amino\u00e1cidos.<\/p>\n<p>Posee una alta concentraci\u00f3n de fibra y muy poca az\u00facar.<\/p>\n<p>F\u00e1cil digesti\u00f3n y absorci\u00f3n.<\/p>\n","protected":false},"excerpt":{"rendered":"<p>Mutant Mass Gold es la f\u00f3rmula definitiva que hab\u00edas estado esperando para incrementar tu masa muscular. Mutant Mass es una f\u00f3rmula seria, desarrollada teniendo en cuenta s\u00f3lo los atletas que trabajan m\u00e1s duramente, que exigen potencia, gran tama\u00f1o y toda la fuerza posible. Si desea aumentar la masa muscular de verdad y m\u00e1s r\u00e1pido que nunca, Mutant Mass Gold es la soluci\u00f3n.<\/p>\n","protected":false},"featured_media":0,"comment_status":"open","ping_status":"closed","template":"","meta":[],"product_brand":[],"product_cat":[354],"product_tag":[391,61,371],"class_list":{"0":"post-1446","1":"product","2":"type-product","3":"status-publish","5":"product_cat-ganadores-de-peso","6":"product_tag-ganador","7":"product_tag-ganador-de-peso","8":"product_tag-mutant","10":"first","11":"outofstock","12":"shipping-taxable","13":"purchasable","14":"product-type-simple"},"yoast_head":"<!-- This site is optimized with the Yoast SEO plugin v26.8 - https:\/\/yoast.com\/product\/yoast-seo-wordpress\/ -->\n<title>Mutant Mass Gold Edition - Team Mutan Ecuador<\/title>\n<meta name=\"description\" content=\"Mutant Mass Gold es la f\u00f3rmula definitiva que hab\u00edas estado esperando para incrementar tu masa muscular. Mutant Mass es una f\u00f3rmula seria, desarrollada teniendo en cuenta s\u00f3lo los atletas que trabajan m\u00e1s duramente, que exigen potencia, gran tama\u00f1o y toda la fuerza posible. Si desea aumentar la masa muscular de verdad y m\u00e1s r\u00e1pido que nunca, Mutant Mass Gold es la soluci\u00f3n.\" \/>\n<meta name=\"robots\" content=\"index, follow, max-snippet:-1, max-image-preview:large, max-video-preview:-1\" \/>\n<link rel=\"canonical\" href=\"https:\/\/teammutantecuador.com\/?product=mutant-mass-gold-edition\" \/>\n<meta property=\"og:locale\" content=\"es_ES\" \/>\n<meta property=\"og:type\" content=\"article\" \/>\n<meta property=\"og:title\" content=\"Mutant Mass Gold Edition - Team Mutan Ecuador\" \/>\n<meta property=\"og:description\" content=\"Mutant Mass Gold es la f\u00f3rmula definitiva que hab\u00edas estado esperando para incrementar tu masa muscular. Mutant Mass es una f\u00f3rmula seria, desarrollada teniendo en cuenta s\u00f3lo los atletas que trabajan m\u00e1s duramente, que exigen potencia, gran tama\u00f1o y toda la fuerza posible. Si desea aumentar la masa muscular de verdad y m\u00e1s r\u00e1pido que nunca, Mutant Mass Gold es la soluci\u00f3n.\" \/>\n<meta property=\"og:url\" content=\"https:\/\/teammutantecuador.com\/?product=mutant-mass-gold-edition\" \/>\n<meta property=\"og:site_name\" content=\"Team Mutan Ecuador\" \/>\n<meta property=\"article:modified_time\" content=\"2026-01-17T16:04:01+00:00\" \/>\n<meta name=\"twitter:card\" content=\"summary_large_image\" \/>\n<meta name=\"twitter:label1\" content=\"Tiempo de lectura\" \/>\n\t<meta name=\"twitter:data1\" content=\"1 minuto\" \/>\n<script type=\"application\/ld+json\" class=\"yoast-schema-graph\">{\"@context\":\"https:\/\/schema.org\",\"@graph\":[{\"@type\":\"WebPage\",\"@id\":\"https:\/\/teammutantecuador.com\/?product=mutant-mass-gold-edition\",\"url\":\"https:\/\/teammutantecuador.com\/?product=mutant-mass-gold-edition\",\"name\":\"Mutant Mass Gold Edition - Team Mutan Ecuador\",\"isPartOf\":{\"@id\":\"https:\/\/teammutantecuador.com\/#website\"},\"datePublished\":\"2026-01-17T16:03:58+00:00\",\"dateModified\":\"2026-01-17T16:04:01+00:00\",\"description\":\"Mutant Mass Gold es la f\u00f3rmula definitiva que hab\u00edas estado esperando para incrementar tu masa muscular. Mutant Mass es una f\u00f3rmula seria, desarrollada teniendo en cuenta s\u00f3lo los atletas que trabajan m\u00e1s duramente, que exigen potencia, gran tama\u00f1o y toda la fuerza posible. Si desea aumentar la masa muscular de verdad y m\u00e1s r\u00e1pido que nunca, Mutant Mass Gold es la soluci\u00f3n.\",\"breadcrumb\":{\"@id\":\"https:\/\/teammutantecuador.com\/?product=mutant-mass-gold-edition#breadcrumb\"},\"inLanguage\":\"es\",\"potentialAction\":[{\"@type\":\"ReadAction\",\"target\":[\"https:\/\/teammutantecuador.com\/?product=mutant-mass-gold-edition\"]}]},{\"@type\":\"BreadcrumbList\",\"@id\":\"https:\/\/teammutantecuador.com\/?product=mutant-mass-gold-edition#breadcrumb\",\"itemListElement\":[{\"@type\":\"ListItem\",\"position\":1,\"name\":\"Portada\",\"item\":\"https:\/\/teammutantecuador.com\/\"},{\"@type\":\"ListItem\",\"position\":2,\"name\":\"Shop\",\"item\":\"https:\/\/teammutantecuador.com\/?page_id=6\"},{\"@type\":\"ListItem\",\"position\":3,\"name\":\"Mutant Mass Gold Edition\"}]},{\"@type\":\"WebSite\",\"@id\":\"https:\/\/teammutantecuador.com\/#website\",\"url\":\"https:\/\/teammutantecuador.com\/\",\"name\":\"Team Mutan Ecuador\",\"description\":\"Just another WordPress site\",\"publisher\":{\"@id\":\"https:\/\/teammutantecuador.com\/#organization\"},\"potentialAction\":[{\"@type\":\"SearchAction\",\"target\":{\"@type\":\"EntryPoint\",\"urlTemplate\":\"https:\/\/teammutantecuador.com\/?s={search_term_string}\"},\"query-input\":{\"@type\":\"PropertyValueSpecification\",\"valueRequired\":true,\"valueName\":\"search_term_string\"}}],\"inLanguage\":\"es\"},{\"@type\":\"Organization\",\"@id\":\"https:\/\/teammutantecuador.com\/#organization\",\"name\":\"Team Mutan Ecuador\",\"url\":\"https:\/\/teammutantecuador.com\/\",\"logo\":{\"@type\":\"ImageObject\",\"inLanguage\":\"es\",\"@id\":\"https:\/\/teammutantecuador.com\/#\/schema\/logo\/image\/\",\"url\":\"https:\/\/teammutantecuador.com\/wp-content\/uploads\/2026\/01\/Diseno-sin-titulo-97.png\",\"contentUrl\":\"https:\/\/teammutantecuador.com\/wp-content\/uploads\/2026\/01\/Diseno-sin-titulo-97.png\",\"width\":500,\"height\":300,\"caption\":\"Team Mutan Ecuador\"},\"image\":{\"@id\":\"https:\/\/teammutantecuador.com\/#\/schema\/logo\/image\/\"}}]}<\/script>\n<!-- \/ Yoast SEO plugin. -->","yoast_head_json":{"title":"Mutant Mass Gold Edition - Team Mutan Ecuador","description":"Mutant Mass Gold es la f\u00f3rmula definitiva que hab\u00edas estado esperando para incrementar tu masa muscular. Mutant Mass es una f\u00f3rmula seria, desarrollada teniendo en cuenta s\u00f3lo los atletas que trabajan m\u00e1s duramente, que exigen potencia, gran tama\u00f1o y toda la fuerza posible. Si desea aumentar la masa muscular de verdad y m\u00e1s r\u00e1pido que nunca, Mutant Mass Gold es la soluci\u00f3n.","robots":{"index":"index","follow":"follow","max-snippet":"max-snippet:-1","max-image-preview":"max-image-preview:large","max-video-preview":"max-video-preview:-1"},"canonical":"https:\/\/teammutantecuador.com\/?product=mutant-mass-gold-edition","og_locale":"es_ES","og_type":"article","og_title":"Mutant Mass Gold Edition - Team Mutan Ecuador","og_description":"Mutant Mass Gold es la f\u00f3rmula definitiva que hab\u00edas estado esperando para incrementar tu masa muscular. Mutant Mass es una f\u00f3rmula seria, desarrollada teniendo en cuenta s\u00f3lo los atletas que trabajan m\u00e1s duramente, que exigen potencia, gran tama\u00f1o y toda la fuerza posible. Si desea aumentar la masa muscular de verdad y m\u00e1s r\u00e1pido que nunca, Mutant Mass Gold es la soluci\u00f3n.","og_url":"https:\/\/teammutantecuador.com\/?product=mutant-mass-gold-edition","og_site_name":"Team Mutan Ecuador","article_modified_time":"2026-01-17T16:04:01+00:00","twitter_card":"summary_large_image","twitter_misc":{"Tiempo de lectura":"1 minuto"},"schema":{"@context":"https:\/\/schema.org","@graph":[{"@type":"WebPage","@id":"https:\/\/teammutantecuador.com\/?product=mutant-mass-gold-edition","url":"https:\/\/teammutantecuador.com\/?product=mutant-mass-gold-edition","name":"Mutant Mass Gold Edition - Team Mutan Ecuador","isPartOf":{"@id":"https:\/\/teammutantecuador.com\/#website"},"datePublished":"2026-01-17T16:03:58+00:00","dateModified":"2026-01-17T16:04:01+00:00","description":"Mutant Mass Gold es la f\u00f3rmula definitiva que hab\u00edas estado esperando para incrementar tu masa muscular. Mutant Mass es una f\u00f3rmula seria, desarrollada teniendo en cuenta s\u00f3lo los atletas que trabajan m\u00e1s duramente, que exigen potencia, gran tama\u00f1o y toda la fuerza posible. Si desea aumentar la masa muscular de verdad y m\u00e1s r\u00e1pido que nunca, Mutant Mass Gold es la soluci\u00f3n.","breadcrumb":{"@id":"https:\/\/teammutantecuador.com\/?product=mutant-mass-gold-edition#breadcrumb"},"inLanguage":"es","potentialAction":[{"@type":"ReadAction","target":["https:\/\/teammutantecuador.com\/?product=mutant-mass-gold-edition"]}]},{"@type":"BreadcrumbList","@id":"https:\/\/teammutantecuador.com\/?product=mutant-mass-gold-edition#breadcrumb","itemListElement":[{"@type":"ListItem","position":1,"name":"Portada","item":"https:\/\/teammutantecuador.com\/"},{"@type":"ListItem","position":2,"name":"Shop","item":"https:\/\/teammutantecuador.com\/?page_id=6"},{"@type":"ListItem","position":3,"name":"Mutant Mass Gold Edition"}]},{"@type":"WebSite","@id":"https:\/\/teammutantecuador.com\/#website","url":"https:\/\/teammutantecuador.com\/","name":"Team Mutan Ecuador","description":"Just another WordPress site","publisher":{"@id":"https:\/\/teammutantecuador.com\/#organization"},"potentialAction":[{"@type":"SearchAction","target":{"@type":"EntryPoint","urlTemplate":"https:\/\/teammutantecuador.com\/?s={search_term_string}"},"query-input":{"@type":"PropertyValueSpecification","valueRequired":true,"valueName":"search_term_string"}}],"inLanguage":"es"},{"@type":"Organization","@id":"https:\/\/teammutantecuador.com\/#organization","name":"Team Mutan Ecuador","url":"https:\/\/teammutantecuador.com\/","logo":{"@type":"ImageObject","inLanguage":"es","@id":"https:\/\/teammutantecuador.com\/#\/schema\/logo\/image\/","url":"https:\/\/teammutantecuador.com\/wp-content\/uploads\/2026\/01\/Diseno-sin-titulo-97.png","contentUrl":"https:\/\/teammutantecuador.com\/wp-content\/uploads\/2026\/01\/Diseno-sin-titulo-97.png","width":500,"height":300,"caption":"Team Mutan Ecuador"},"image":{"@id":"https:\/\/teammutantecuador.com\/#\/schema\/logo\/image\/"}}]}},"_links":{"self":[{"href":"https:\/\/teammutantecuador.com\/index.php?rest_route=\/wp\/v2\/product\/1446","targetHints":{"allow":["GET"]}}],"collection":[{"href":"https:\/\/teammutantecuador.com\/index.php?rest_route=\/wp\/v2\/product"}],"about":[{"href":"https:\/\/teammutantecuador.com\/index.php?rest_route=\/wp\/v2\/types\/product"}],"replies":[{"embeddable":true,"href":"https:\/\/teammutantecuador.com\/index.php?rest_route=%2Fwp%2Fv2%2Fcomments&post=1446"}],"wp:attachment":[{"href":"https:\/\/teammutantecuador.com\/index.php?rest_route=%2Fwp%2Fv2%2Fmedia&parent=1446"}],"wp:term":[{"taxonomy":"product_brand","embeddable":true,"href":"https:\/\/teammutantecuador.com\/index.php?rest_route=%2Fwp%2Fv2%2Fproduct_brand&post=1446"},{"taxonomy":"product_cat","embeddable":true,"href":"https:\/\/teammutantecuador.com\/index.php?rest_route=%2Fwp%2Fv2%2Fproduct_cat&post=1446"},{"taxonomy":"product_tag","embeddable":true,"href":"https:\/\/teammutantecuador.com\/index.php?rest_route=%2Fwp%2Fv2%2Fproduct_tag&post=1446"}],"curies":[{"name":"wp","href":"https:\/\/api.w.org\/{rel}","templated":true}]}}