{"id":1444,"date":"2026-01-17T16:03:58","date_gmt":"2026-01-17T16:03:58","guid":{"rendered":"https:\/\/teammutantecuador.com\/?post_type=product&#038;p=1444"},"modified":"2026-01-17T16:04:01","modified_gmt":"2026-01-17T16:04:01","slug":"l-carnitina-platinum","status":"publish","type":"product","link":"https:\/\/teammutantecuador.com\/?product=l-carnitina-platinum","title":{"rendered":"L Carnitina Platinum"},"content":{"rendered":"<p>Platinum 100% Carnitine de Muscletech en L-Carnitina de MASmusculo.com<\/p>\n<p>Platinum L-Carnitine 500mg de Muscletech es definitivamente la f\u00f3rmula m\u00e1s avanzada de L-carnitina del mercado, ya que ofrece una forma de mejor biodisponibilidad y sin estimulantes, lo que la hace ideal para obtener la figura que esperas de una manera m\u00e1s efectiva y saludable, ayudando a eliminar grasa y convirti\u00e9ndola en energ\u00eda, colaborando con el logro de tus objetivos eficientemente.<\/p>\n<p>Platinum 100% Carnitine de Muscletech en L-Carnitina de MASmusculo.com<\/p>\n<h2>Mantente activo durante la fuerte rutina de entrenamiento gracias a Platinum L-Carnitine de Muscletech, un producto que te ayudar\u00e1 a eliminar esa grasa extra, contribuyendo con la obtenci\u00f3n de musculatura de calidad.<\/h2>\n<p>Platinum L-Carnitine\u00a0 de Muscletech es una especial f\u00f3rmula que proporciona importantes beneficios que ayudar\u00e1n a que tus m\u00fasculos se vean m\u00e1s voluminosos y detallados, ya que favorece el transporte de \u00e1cidos grasos hasta las mitocondrias celulares, por lo que se produce una correcta conversi\u00f3n de grasa en energ\u00eda, proporcionando un rendimiento superior a la hora de entrenar, eliminando a su vez esa grasa extra que no te permite el alcance de tus objetivos, ayud\u00e1ndote entonces a conseguir la figura ideal que tanto esperas de una forma completamente natural y saludable; te mantiene en\u00e9rgico y activo para enfrentar tus entrenamientos f\u00edsicos de la mejor manera, contribuyendo tambi\u00e9n con la obtenci\u00f3n de m\u00fasculos saludables y bien formados.<\/p>\n<div id=\"caracteristicas\">\n<h3>Principales caracter\u00edsticas del\u00a0<strong>Platinum L-Carnitine de\u00a0Muscletech<\/strong><\/h3>\n<ul>\n<li>Es un producto que ayuda a eliminar grasa convirti\u00e9ndola en energ\u00eda<\/li>\n<li>Proporciona el peso y la musculatura ideal, libre de grasa<\/li>\n<li>Perfecto para dietas de adelgazamiento<\/li>\n<li>Proporciona una mejor biodisponibilidad y absorci\u00f3n<\/li>\n<li>Ayuda a obtener un mejor rendimiento f\u00edsico<\/li>\n<li>Ayuda a minimizar el da\u00f1o muscular<\/li>\n<li>No posee estimulantes<\/li>\n<li>Elaborada con L-carnitina 100% pura y natural<\/li>\n<li>Ideal para deportistas y\/o atletas<\/li>\n<\/ul>\n<\/div>\n<div id=\"ingredientes\">\n<h3>\u00bfQu\u00e9 hay en cada toma del\u00a0<strong>Platinum L-Carnitine de Muscletech<\/strong>?<\/h3>\n<p>Este fant\u00e1stico suplemento viene en una pr\u00e1ctica presentaci\u00f3n en c\u00e1psulas de f\u00e1cil ingesta, que se absorben de manera m\u00e1s r\u00e1pida al entrar al organismo, proporcionando sus beneficios con una efectividad superior, adem\u00e1s nos presenta la forma de L-carnitina m\u00e1s investigada, de mejor absorci\u00f3n y biodisponibilidad, garantizando su alta calidad comprobada, que lo hace un suplemento m\u00e1s confiable y seguro a la hora de consumir.<\/p>\n<p>Contenido por dosis (1 c\u00e1psula):<\/p>\n<ul>\n<li>Contiene 500 mg de L-carnitina (como L-carnitina L-tartrato)<\/li>\n<\/ul>\n<\/div>\n<div id=\"beneficios\">\n<h3>\u00bfPor qu\u00e9 tomar el\u00a0<strong>Platinum L-Carnitine de Muscletech<\/strong>?<\/h3>\n<p>Platinum L-Carnitine de Muscletech es realmente un suplemento con propiedades \u00fanicas, que no encontrar\u00e1s en ning\u00fan otro, ya que est\u00e1 hecho con la f\u00f3rmula m\u00e1s avanzada de\u00a0L-carnitina pura\u00a0y 100% natural que traer\u00e1 importantes beneficios a tu rendimiento f\u00edsico, ayud\u00e1ndote as\u00ed a obtener resultados incre\u00edbles en poco tiempo. Este fant\u00e1stico producto te proporciona energ\u00eda a trav\u00e9s del metabolismo de las grasas, lo que te permitir\u00e1 obtener una musculatura libre de grasa de una forma totalmente efectiva y m\u00e1s natural, aportando a su vez una importante fuente de energ\u00eda que te ayudar\u00e1 a mantenerte activo en tu rutina de entrenamiento, convirti\u00e9ndolo as\u00ed en un aliado esencial para conseguir el alcance de tus metas deportivas de manera garantizada.<\/p>\n<p>Es un suplemento dise\u00f1ado para todos, desde hombres y mujeres activos y entusiastas del fitness hasta atletas de alto rendimiento, levantadores de pesas, culturistas, atletas de resistencia y cualquier persona que busque impulsar la energ\u00eda durante el entrenamiento y adem\u00e1s colabore con la obtenci\u00f3n de m\u00fasculos fuertes y definidos.<\/p>\n<\/div>\n<div id=\"comotomar\">\n<h3>\u00bfC\u00f3mo se toma del Platinum L-Carnitine?<\/h3>\n<ul>\n<li>Tomar 1 c\u00e1psula con un vaso de agua<\/li>\n<li>Consumir 30 min antes del entrenamiento<\/li>\n<\/ul>\n<\/div>\n<p>&nbsp;<\/p>\n","protected":false},"excerpt":{"rendered":"<p>Platinum 100% Carnitine de Muscletech en L-Carnitina de MASmusculo.com<\/p>\n<p>Platinum L-Carnitine 500mg de Muscletech es definitivamente la f\u00f3rmula m\u00e1s avanzada de L-carnitina del mercado, ya que ofrece una forma de mejor biodisponibilidad y sin estimulantes, lo que la hace ideal para obtener la figura que esperas de una manera m\u00e1s efectiva y saludable, ayudando a eliminar grasa y convirti\u00e9ndola en energ\u00eda, colaborando con el logro de tus objetivos eficientemente.<\/p>\n","protected":false},"featured_media":0,"comment_status":"open","ping_status":"closed","template":"","meta":[],"product_brand":[],"product_cat":[63],"product_tag":[367,83,141],"class_list":{"0":"post-1444","1":"product","2":"type-product","3":"status-publish","5":"product_cat-quemadores-de-grasa","6":"product_tag-lcarnitina","7":"product_tag-muscletech","8":"product_tag-quemador-de-grasa","10":"first","11":"outofstock","12":"shipping-taxable","13":"purchasable","14":"product-type-simple"},"yoast_head":"<!-- This site is optimized with the Yoast SEO plugin v26.8 - https:\/\/yoast.com\/product\/yoast-seo-wordpress\/ -->\n<title>L Carnitina Platinum - Team Mutan Ecuador<\/title>\n<meta name=\"description\" content=\"Platinum 100% Carnitine de Muscletech en L-Carnitina de MASmusculo.comPlatinum L-Carnitine 500mg de Muscletech es definitivamente la f\u00f3rmula m\u00e1s avanzada de L-carnitina del mercado, ya que ofrece una forma de mejor biodisponibilidad y sin estimulantes, lo que la hace ideal para obtener la figura que esperas de una manera m\u00e1s efectiva y saludable, ayudando a eliminar grasa y convirti\u00e9ndola en energ\u00eda, colaborando con el logro de tus objetivos eficientemente.\" \/>\n<meta name=\"robots\" content=\"index, follow, max-snippet:-1, max-image-preview:large, max-video-preview:-1\" \/>\n<link rel=\"canonical\" href=\"https:\/\/teammutantecuador.com\/?product=l-carnitina-platinum\" \/>\n<meta property=\"og:locale\" content=\"es_ES\" \/>\n<meta property=\"og:type\" content=\"article\" \/>\n<meta property=\"og:title\" content=\"L Carnitina Platinum - Team Mutan Ecuador\" \/>\n<meta property=\"og:description\" content=\"Platinum 100% Carnitine de Muscletech en L-Carnitina de MASmusculo.comPlatinum L-Carnitine 500mg de Muscletech es definitivamente la f\u00f3rmula m\u00e1s avanzada de L-carnitina del mercado, ya que ofrece una forma de mejor biodisponibilidad y sin estimulantes, lo que la hace ideal para obtener la figura que esperas de una manera m\u00e1s efectiva y saludable, ayudando a eliminar grasa y convirti\u00e9ndola en energ\u00eda, colaborando con el logro de tus objetivos eficientemente.\" \/>\n<meta property=\"og:url\" content=\"https:\/\/teammutantecuador.com\/?product=l-carnitina-platinum\" \/>\n<meta property=\"og:site_name\" content=\"Team Mutan Ecuador\" \/>\n<meta property=\"article:modified_time\" content=\"2026-01-17T16:04:01+00:00\" \/>\n<meta name=\"twitter:card\" content=\"summary_large_image\" \/>\n<meta name=\"twitter:label1\" content=\"Tiempo de lectura\" \/>\n\t<meta name=\"twitter:data1\" content=\"3 minutos\" \/>\n<script type=\"application\/ld+json\" class=\"yoast-schema-graph\">{\"@context\":\"https:\/\/schema.org\",\"@graph\":[{\"@type\":\"WebPage\",\"@id\":\"https:\/\/teammutantecuador.com\/?product=l-carnitina-platinum\",\"url\":\"https:\/\/teammutantecuador.com\/?product=l-carnitina-platinum\",\"name\":\"L Carnitina Platinum - Team Mutan Ecuador\",\"isPartOf\":{\"@id\":\"https:\/\/teammutantecuador.com\/#website\"},\"datePublished\":\"2026-01-17T16:03:58+00:00\",\"dateModified\":\"2026-01-17T16:04:01+00:00\",\"description\":\"Platinum 100% Carnitine de Muscletech en L-Carnitina de MASmusculo.comPlatinum L-Carnitine 500mg de Muscletech es definitivamente la f\u00f3rmula m\u00e1s avanzada de L-carnitina del mercado, ya que ofrece una forma de mejor biodisponibilidad y sin estimulantes, lo que la hace ideal para obtener la figura que esperas de una manera m\u00e1s efectiva y saludable, ayudando a eliminar grasa y convirti\u00e9ndola en energ\u00eda, colaborando con el logro de tus objetivos eficientemente.\",\"breadcrumb\":{\"@id\":\"https:\/\/teammutantecuador.com\/?product=l-carnitina-platinum#breadcrumb\"},\"inLanguage\":\"es\",\"potentialAction\":[{\"@type\":\"ReadAction\",\"target\":[\"https:\/\/teammutantecuador.com\/?product=l-carnitina-platinum\"]}]},{\"@type\":\"BreadcrumbList\",\"@id\":\"https:\/\/teammutantecuador.com\/?product=l-carnitina-platinum#breadcrumb\",\"itemListElement\":[{\"@type\":\"ListItem\",\"position\":1,\"name\":\"Portada\",\"item\":\"https:\/\/teammutantecuador.com\/\"},{\"@type\":\"ListItem\",\"position\":2,\"name\":\"Shop\",\"item\":\"https:\/\/teammutantecuador.com\/?page_id=6\"},{\"@type\":\"ListItem\",\"position\":3,\"name\":\"L Carnitina Platinum\"}]},{\"@type\":\"WebSite\",\"@id\":\"https:\/\/teammutantecuador.com\/#website\",\"url\":\"https:\/\/teammutantecuador.com\/\",\"name\":\"Team Mutan Ecuador\",\"description\":\"Just another WordPress site\",\"publisher\":{\"@id\":\"https:\/\/teammutantecuador.com\/#organization\"},\"potentialAction\":[{\"@type\":\"SearchAction\",\"target\":{\"@type\":\"EntryPoint\",\"urlTemplate\":\"https:\/\/teammutantecuador.com\/?s={search_term_string}\"},\"query-input\":{\"@type\":\"PropertyValueSpecification\",\"valueRequired\":true,\"valueName\":\"search_term_string\"}}],\"inLanguage\":\"es\"},{\"@type\":\"Organization\",\"@id\":\"https:\/\/teammutantecuador.com\/#organization\",\"name\":\"Team Mutan Ecuador\",\"url\":\"https:\/\/teammutantecuador.com\/\",\"logo\":{\"@type\":\"ImageObject\",\"inLanguage\":\"es\",\"@id\":\"https:\/\/teammutantecuador.com\/#\/schema\/logo\/image\/\",\"url\":\"https:\/\/teammutantecuador.com\/wp-content\/uploads\/2026\/01\/Diseno-sin-titulo-97.png\",\"contentUrl\":\"https:\/\/teammutantecuador.com\/wp-content\/uploads\/2026\/01\/Diseno-sin-titulo-97.png\",\"width\":500,\"height\":300,\"caption\":\"Team Mutan Ecuador\"},\"image\":{\"@id\":\"https:\/\/teammutantecuador.com\/#\/schema\/logo\/image\/\"}}]}<\/script>\n<!-- \/ Yoast SEO plugin. -->","yoast_head_json":{"title":"L Carnitina Platinum - Team Mutan Ecuador","description":"Platinum 100% Carnitine de Muscletech en L-Carnitina de MASmusculo.comPlatinum L-Carnitine 500mg de Muscletech es definitivamente la f\u00f3rmula m\u00e1s avanzada de L-carnitina del mercado, ya que ofrece una forma de mejor biodisponibilidad y sin estimulantes, lo que la hace ideal para obtener la figura que esperas de una manera m\u00e1s efectiva y saludable, ayudando a eliminar grasa y convirti\u00e9ndola en energ\u00eda, colaborando con el logro de tus objetivos eficientemente.","robots":{"index":"index","follow":"follow","max-snippet":"max-snippet:-1","max-image-preview":"max-image-preview:large","max-video-preview":"max-video-preview:-1"},"canonical":"https:\/\/teammutantecuador.com\/?product=l-carnitina-platinum","og_locale":"es_ES","og_type":"article","og_title":"L Carnitina Platinum - Team Mutan Ecuador","og_description":"Platinum 100% Carnitine de Muscletech en L-Carnitina de MASmusculo.comPlatinum L-Carnitine 500mg de Muscletech es definitivamente la f\u00f3rmula m\u00e1s avanzada de L-carnitina del mercado, ya que ofrece una forma de mejor biodisponibilidad y sin estimulantes, lo que la hace ideal para obtener la figura que esperas de una manera m\u00e1s efectiva y saludable, ayudando a eliminar grasa y convirti\u00e9ndola en energ\u00eda, colaborando con el logro de tus objetivos eficientemente.","og_url":"https:\/\/teammutantecuador.com\/?product=l-carnitina-platinum","og_site_name":"Team Mutan Ecuador","article_modified_time":"2026-01-17T16:04:01+00:00","twitter_card":"summary_large_image","twitter_misc":{"Tiempo de lectura":"3 minutos"},"schema":{"@context":"https:\/\/schema.org","@graph":[{"@type":"WebPage","@id":"https:\/\/teammutantecuador.com\/?product=l-carnitina-platinum","url":"https:\/\/teammutantecuador.com\/?product=l-carnitina-platinum","name":"L Carnitina Platinum - Team Mutan Ecuador","isPartOf":{"@id":"https:\/\/teammutantecuador.com\/#website"},"datePublished":"2026-01-17T16:03:58+00:00","dateModified":"2026-01-17T16:04:01+00:00","description":"Platinum 100% Carnitine de Muscletech en L-Carnitina de MASmusculo.comPlatinum L-Carnitine 500mg de Muscletech es definitivamente la f\u00f3rmula m\u00e1s avanzada de L-carnitina del mercado, ya que ofrece una forma de mejor biodisponibilidad y sin estimulantes, lo que la hace ideal para obtener la figura que esperas de una manera m\u00e1s efectiva y saludable, ayudando a eliminar grasa y convirti\u00e9ndola en energ\u00eda, colaborando con el logro de tus objetivos eficientemente.","breadcrumb":{"@id":"https:\/\/teammutantecuador.com\/?product=l-carnitina-platinum#breadcrumb"},"inLanguage":"es","potentialAction":[{"@type":"ReadAction","target":["https:\/\/teammutantecuador.com\/?product=l-carnitina-platinum"]}]},{"@type":"BreadcrumbList","@id":"https:\/\/teammutantecuador.com\/?product=l-carnitina-platinum#breadcrumb","itemListElement":[{"@type":"ListItem","position":1,"name":"Portada","item":"https:\/\/teammutantecuador.com\/"},{"@type":"ListItem","position":2,"name":"Shop","item":"https:\/\/teammutantecuador.com\/?page_id=6"},{"@type":"ListItem","position":3,"name":"L Carnitina Platinum"}]},{"@type":"WebSite","@id":"https:\/\/teammutantecuador.com\/#website","url":"https:\/\/teammutantecuador.com\/","name":"Team Mutan Ecuador","description":"Just another WordPress site","publisher":{"@id":"https:\/\/teammutantecuador.com\/#organization"},"potentialAction":[{"@type":"SearchAction","target":{"@type":"EntryPoint","urlTemplate":"https:\/\/teammutantecuador.com\/?s={search_term_string}"},"query-input":{"@type":"PropertyValueSpecification","valueRequired":true,"valueName":"search_term_string"}}],"inLanguage":"es"},{"@type":"Organization","@id":"https:\/\/teammutantecuador.com\/#organization","name":"Team Mutan Ecuador","url":"https:\/\/teammutantecuador.com\/","logo":{"@type":"ImageObject","inLanguage":"es","@id":"https:\/\/teammutantecuador.com\/#\/schema\/logo\/image\/","url":"https:\/\/teammutantecuador.com\/wp-content\/uploads\/2026\/01\/Diseno-sin-titulo-97.png","contentUrl":"https:\/\/teammutantecuador.com\/wp-content\/uploads\/2026\/01\/Diseno-sin-titulo-97.png","width":500,"height":300,"caption":"Team Mutan Ecuador"},"image":{"@id":"https:\/\/teammutantecuador.com\/#\/schema\/logo\/image\/"}}]}},"_links":{"self":[{"href":"https:\/\/teammutantecuador.com\/index.php?rest_route=\/wp\/v2\/product\/1444","targetHints":{"allow":["GET"]}}],"collection":[{"href":"https:\/\/teammutantecuador.com\/index.php?rest_route=\/wp\/v2\/product"}],"about":[{"href":"https:\/\/teammutantecuador.com\/index.php?rest_route=\/wp\/v2\/types\/product"}],"replies":[{"embeddable":true,"href":"https:\/\/teammutantecuador.com\/index.php?rest_route=%2Fwp%2Fv2%2Fcomments&post=1444"}],"wp:attachment":[{"href":"https:\/\/teammutantecuador.com\/index.php?rest_route=%2Fwp%2Fv2%2Fmedia&parent=1444"}],"wp:term":[{"taxonomy":"product_brand","embeddable":true,"href":"https:\/\/teammutantecuador.com\/index.php?rest_route=%2Fwp%2Fv2%2Fproduct_brand&post=1444"},{"taxonomy":"product_cat","embeddable":true,"href":"https:\/\/teammutantecuador.com\/index.php?rest_route=%2Fwp%2Fv2%2Fproduct_cat&post=1444"},{"taxonomy":"product_tag","embeddable":true,"href":"https:\/\/teammutantecuador.com\/index.php?rest_route=%2Fwp%2Fv2%2Fproduct_tag&post=1444"}],"curies":[{"name":"wp","href":"https:\/\/api.w.org\/{rel}","templated":true}]}}