{"id":1443,"date":"2026-01-17T16:03:57","date_gmt":"2026-01-17T16:03:57","guid":{"rendered":"https:\/\/teammutantecuador.com\/?post_type=product&#038;p=1443"},"modified":"2026-01-17T16:04:01","modified_gmt":"2026-01-17T16:04:01","slug":"mass-tech-7-libras","status":"publish","type":"product","link":"https:\/\/teammutantecuador.com\/?product=mass-tech-7-libras","title":{"rendered":"Mass Tech 7 Libras"},"content":{"rendered":"<p>Contiene hasta 80g de prote\u00ednas, 1170 calor\u00edas, 7g leucina, 13g BCAA, 10g de creatina y 5g de Omega-9.<\/p>\n<p>MASS-TECH\u00ae es un gainer avanzado de masa muscular dise\u00f1ado para cualquier individuo que tiene dificultades para agregar tama\u00f1o, est\u00e1 en su fase de carga y\/o quiere romper sus altibajos de fuerza.<\/p>\n<p>Cuenta con un sistema de 80 gramos de m\u00faltiples prote\u00ednas, suministra prote\u00ednas de alta, media y lenta digesti\u00f3n. El sistema de la prote\u00edna de m\u00faltiples fases proporciona los amino\u00e1cidos esenciales para el cuerpo a velocidades variables para una entrega prolongada de amino\u00e1cidos en la sangre. Adem\u00e1s, proporciona m\u00e1s BCAA y L-leucina por porci\u00f3n que ayudan a alimentar los m\u00fasculos esquel\u00e9ticos, a preservar las reservas de gluc\u00f3geno muscular y ayudan a reducir la cantidad de degradaci\u00f3n de las prote\u00ednas.<\/p>\n<p>Suministra ingredientes adicionales, tales como L-alanina amino\u00e1cido m\u00e1s utilizado, despu\u00e9s de L-leucina en la s\u00edntesis de prote\u00ednas. Tambi\u00e9n contiene una dosis de 3 gramos de glicina, un amino\u00e1cido que puede ayudar en la formaci\u00f3n de muchos otros compuestos biol\u00f3gicos en el cuerpo, tales como prote\u00ednas y creatina.<\/p>\n<p>Tambi\u00e9n contiene taurina la cual ayuda al incremento del volumen celular. Contiene 168 gramos de hidratos de carbono a trav\u00e9s de un complejo de carbohidratos multi-fase que ayudan a promover la reposici\u00f3n del gluc\u00f3geno muscular, que ayuda a poner el cuerpo en un estado de construcci\u00f3n muscular.<\/p>\n<h3>Presentaci\u00f3n:<\/h3>\n<p>7.05 libras. Rinde 13 servidas. Sabor Vainilla.<\/p>\n<h3>Indicaciones:<\/h3>\n<p>V\u00eda oral, como suplemento nutricional mezclar una servida (5 copas) con 16 0z de agua o leche y consuma en la ma\u00f1ana, entre comidas o despu\u00e9s de entrenar. Ingredientes: calor\u00edas, calor\u00edas de la grasa, grasa, grasa saturada, grasa mono insaturada, colesterol, carbohidrato, fibra diet\u00e9tica, az\u00facares, prote\u00edna, calcio, hierro, sodio, creatina, L-Leucina, L-Alanina, glicina, taurina, papa\u00edna, amilasa. Otros ingredientes: multifase complejos carbohidratos (pol\u00edmeros de glucosa, isomaltulosa, salvado de avena, amaranto, quinoa, trigo sarraceno, mijo, chia), sistema multi-faseproteina (prote\u00edna de suero concentrado, calcio caseinato, alb\u00famina de huevo, prote\u00edna de suero aislado, ailado de prote\u00edna de suero hidrolizada), mezcla omega ([aceite de girasol, s\u00f3lidos de jarabe de ma\u00edz, caseinato de sodio, mono y diglic\u00e9ridos, fosfato dipot\u00e1sico, fosfato tric\u00e1lcico, lecitina de soja, tocoferoles (como conservante)],triglic\u00e9ridos de cadena media), sabores naturales y artificiales, goma de celulosa, lecitina de soja, acesulfamo de potasio, sal, sucralosa, L-Glutamina, L-Isoleucina, L-Valina.<\/p>\n<p>Advertencia: Contiene leche, huevo, trigo y soja. Procesado en una instalaci\u00f3n que tambi\u00e9n procesa los\u00a0componentes de man\u00ed. Mantenga fuera del alcance de los ni\u00f1os. Almacenar en lugar fresco y seco. Este producto no debe usarse para diagn\u00f3stico, tratamiento, cura o prevenci\u00f3n de alguna enfermedad. Si los s\u00edntomas persisten consulte a su m\u00e9dico o farmac\u00e9utico cuando corresponda. No use en mujeres embarazadas ni en periodo de lactancia. Descontin\u00fae su uso dos semanas antes de cualquier intervenci\u00f3n quir\u00fargica, el Ministerio de Salud no avala otros usos diferentes a los aprobados en esta etiqueta. Pa\u00eds de origen: Estados Unidos de Am\u00e9rica. Distribuye para C.R LONIDEBE S.A. de Plaza Freses de Curridabat 500m norte y 75m oeste, tel\u00e9fono 2253-4249. C\u00f3digo 801950. #De Registro SD-CA-14-03262. Fecha de vencimiento y n\u00famero de lote ver envase.<\/p>\n","protected":false},"excerpt":{"rendered":"<p>Contiene 80g de prote\u00ednas, 1170 calor\u00edas, 7g leucina, 13g BCAA, 10g de creatina y 5g de Omega-9.<\/p>\n<p>MASS-TECH\u00ae es un gainer avanzado de masa muscular dise\u00f1ado para cualquier individuo que tiene dificultades para agregar tama\u00f1o, est\u00e1 en su fase de carga y\/o quiere romper sus altibajos de fuerza.<\/p>\n","protected":false},"featured_media":0,"comment_status":"open","ping_status":"closed","template":"","meta":[],"product_brand":[],"product_cat":[354],"product_tag":[61,102,83],"class_list":{"0":"post-1443","1":"product","2":"type-product","3":"status-publish","5":"product_cat-ganadores-de-peso","6":"product_tag-ganador-de-peso","7":"product_tag-mass-tech","8":"product_tag-muscletech","10":"first","11":"outofstock","12":"shipping-taxable","13":"purchasable","14":"product-type-simple"},"yoast_head":"<!-- This site is optimized with the Yoast SEO plugin v26.8 - https:\/\/yoast.com\/product\/yoast-seo-wordpress\/ -->\n<title>Mass Tech 7 Libras - Team Mutan Ecuador<\/title>\n<meta name=\"description\" content=\"Contiene 80g de prote\u00ednas, 1170 calor\u00edas, 7g leucina, 13g BCAA, 10g de creatina y 5g de Omega-9.MASS-TECH\u00ae es un gainer avanzado de masa muscular dise\u00f1ado para cualquier individuo que tiene dificultades para agregar tama\u00f1o, est\u00e1 en su fase de carga y\/o quiere romper sus altibajos de fuerza.\" \/>\n<meta name=\"robots\" content=\"index, follow, max-snippet:-1, max-image-preview:large, max-video-preview:-1\" \/>\n<link rel=\"canonical\" href=\"https:\/\/teammutantecuador.com\/?product=mass-tech-7-libras\" \/>\n<meta property=\"og:locale\" content=\"es_ES\" \/>\n<meta property=\"og:type\" content=\"article\" \/>\n<meta property=\"og:title\" content=\"Mass Tech 7 Libras - Team Mutan Ecuador\" \/>\n<meta property=\"og:description\" content=\"Contiene 80g de prote\u00ednas, 1170 calor\u00edas, 7g leucina, 13g BCAA, 10g de creatina y 5g de Omega-9.MASS-TECH\u00ae es un gainer avanzado de masa muscular dise\u00f1ado para cualquier individuo que tiene dificultades para agregar tama\u00f1o, est\u00e1 en su fase de carga y\/o quiere romper sus altibajos de fuerza.\" \/>\n<meta property=\"og:url\" content=\"https:\/\/teammutantecuador.com\/?product=mass-tech-7-libras\" \/>\n<meta property=\"og:site_name\" content=\"Team Mutan Ecuador\" \/>\n<meta property=\"article:modified_time\" content=\"2026-01-17T16:04:01+00:00\" \/>\n<meta name=\"twitter:card\" content=\"summary_large_image\" \/>\n<meta name=\"twitter:label1\" content=\"Tiempo de lectura\" \/>\n\t<meta name=\"twitter:data1\" content=\"3 minutos\" \/>\n<script type=\"application\/ld+json\" class=\"yoast-schema-graph\">{\"@context\":\"https:\/\/schema.org\",\"@graph\":[{\"@type\":\"WebPage\",\"@id\":\"https:\/\/teammutantecuador.com\/?product=mass-tech-7-libras\",\"url\":\"https:\/\/teammutantecuador.com\/?product=mass-tech-7-libras\",\"name\":\"Mass Tech 7 Libras - Team Mutan Ecuador\",\"isPartOf\":{\"@id\":\"https:\/\/teammutantecuador.com\/#website\"},\"datePublished\":\"2026-01-17T16:03:57+00:00\",\"dateModified\":\"2026-01-17T16:04:01+00:00\",\"description\":\"Contiene 80g de prote\u00ednas, 1170 calor\u00edas, 7g leucina, 13g BCAA, 10g de creatina y 5g de Omega-9.MASS-TECH\u00ae es un gainer avanzado de masa muscular dise\u00f1ado para cualquier individuo que tiene dificultades para agregar tama\u00f1o, est\u00e1 en su fase de carga y\/o quiere romper sus altibajos de fuerza.\",\"breadcrumb\":{\"@id\":\"https:\/\/teammutantecuador.com\/?product=mass-tech-7-libras#breadcrumb\"},\"inLanguage\":\"es\",\"potentialAction\":[{\"@type\":\"ReadAction\",\"target\":[\"https:\/\/teammutantecuador.com\/?product=mass-tech-7-libras\"]}]},{\"@type\":\"BreadcrumbList\",\"@id\":\"https:\/\/teammutantecuador.com\/?product=mass-tech-7-libras#breadcrumb\",\"itemListElement\":[{\"@type\":\"ListItem\",\"position\":1,\"name\":\"Portada\",\"item\":\"https:\/\/teammutantecuador.com\/\"},{\"@type\":\"ListItem\",\"position\":2,\"name\":\"Shop\",\"item\":\"https:\/\/teammutantecuador.com\/?page_id=6\"},{\"@type\":\"ListItem\",\"position\":3,\"name\":\"Mass Tech 7 Libras\"}]},{\"@type\":\"WebSite\",\"@id\":\"https:\/\/teammutantecuador.com\/#website\",\"url\":\"https:\/\/teammutantecuador.com\/\",\"name\":\"Team Mutan Ecuador\",\"description\":\"Just another WordPress site\",\"publisher\":{\"@id\":\"https:\/\/teammutantecuador.com\/#organization\"},\"potentialAction\":[{\"@type\":\"SearchAction\",\"target\":{\"@type\":\"EntryPoint\",\"urlTemplate\":\"https:\/\/teammutantecuador.com\/?s={search_term_string}\"},\"query-input\":{\"@type\":\"PropertyValueSpecification\",\"valueRequired\":true,\"valueName\":\"search_term_string\"}}],\"inLanguage\":\"es\"},{\"@type\":\"Organization\",\"@id\":\"https:\/\/teammutantecuador.com\/#organization\",\"name\":\"Team Mutan Ecuador\",\"url\":\"https:\/\/teammutantecuador.com\/\",\"logo\":{\"@type\":\"ImageObject\",\"inLanguage\":\"es\",\"@id\":\"https:\/\/teammutantecuador.com\/#\/schema\/logo\/image\/\",\"url\":\"https:\/\/teammutantecuador.com\/wp-content\/uploads\/2026\/01\/Diseno-sin-titulo-97.png\",\"contentUrl\":\"https:\/\/teammutantecuador.com\/wp-content\/uploads\/2026\/01\/Diseno-sin-titulo-97.png\",\"width\":500,\"height\":300,\"caption\":\"Team Mutan Ecuador\"},\"image\":{\"@id\":\"https:\/\/teammutantecuador.com\/#\/schema\/logo\/image\/\"}}]}<\/script>\n<!-- \/ Yoast SEO plugin. -->","yoast_head_json":{"title":"Mass Tech 7 Libras - Team Mutan Ecuador","description":"Contiene 80g de prote\u00ednas, 1170 calor\u00edas, 7g leucina, 13g BCAA, 10g de creatina y 5g de Omega-9.MASS-TECH\u00ae es un gainer avanzado de masa muscular dise\u00f1ado para cualquier individuo que tiene dificultades para agregar tama\u00f1o, est\u00e1 en su fase de carga y\/o quiere romper sus altibajos de fuerza.","robots":{"index":"index","follow":"follow","max-snippet":"max-snippet:-1","max-image-preview":"max-image-preview:large","max-video-preview":"max-video-preview:-1"},"canonical":"https:\/\/teammutantecuador.com\/?product=mass-tech-7-libras","og_locale":"es_ES","og_type":"article","og_title":"Mass Tech 7 Libras - Team Mutan Ecuador","og_description":"Contiene 80g de prote\u00ednas, 1170 calor\u00edas, 7g leucina, 13g BCAA, 10g de creatina y 5g de Omega-9.MASS-TECH\u00ae es un gainer avanzado de masa muscular dise\u00f1ado para cualquier individuo que tiene dificultades para agregar tama\u00f1o, est\u00e1 en su fase de carga y\/o quiere romper sus altibajos de fuerza.","og_url":"https:\/\/teammutantecuador.com\/?product=mass-tech-7-libras","og_site_name":"Team Mutan Ecuador","article_modified_time":"2026-01-17T16:04:01+00:00","twitter_card":"summary_large_image","twitter_misc":{"Tiempo de lectura":"3 minutos"},"schema":{"@context":"https:\/\/schema.org","@graph":[{"@type":"WebPage","@id":"https:\/\/teammutantecuador.com\/?product=mass-tech-7-libras","url":"https:\/\/teammutantecuador.com\/?product=mass-tech-7-libras","name":"Mass Tech 7 Libras - Team Mutan Ecuador","isPartOf":{"@id":"https:\/\/teammutantecuador.com\/#website"},"datePublished":"2026-01-17T16:03:57+00:00","dateModified":"2026-01-17T16:04:01+00:00","description":"Contiene 80g de prote\u00ednas, 1170 calor\u00edas, 7g leucina, 13g BCAA, 10g de creatina y 5g de Omega-9.MASS-TECH\u00ae es un gainer avanzado de masa muscular dise\u00f1ado para cualquier individuo que tiene dificultades para agregar tama\u00f1o, est\u00e1 en su fase de carga y\/o quiere romper sus altibajos de fuerza.","breadcrumb":{"@id":"https:\/\/teammutantecuador.com\/?product=mass-tech-7-libras#breadcrumb"},"inLanguage":"es","potentialAction":[{"@type":"ReadAction","target":["https:\/\/teammutantecuador.com\/?product=mass-tech-7-libras"]}]},{"@type":"BreadcrumbList","@id":"https:\/\/teammutantecuador.com\/?product=mass-tech-7-libras#breadcrumb","itemListElement":[{"@type":"ListItem","position":1,"name":"Portada","item":"https:\/\/teammutantecuador.com\/"},{"@type":"ListItem","position":2,"name":"Shop","item":"https:\/\/teammutantecuador.com\/?page_id=6"},{"@type":"ListItem","position":3,"name":"Mass Tech 7 Libras"}]},{"@type":"WebSite","@id":"https:\/\/teammutantecuador.com\/#website","url":"https:\/\/teammutantecuador.com\/","name":"Team Mutan Ecuador","description":"Just another WordPress site","publisher":{"@id":"https:\/\/teammutantecuador.com\/#organization"},"potentialAction":[{"@type":"SearchAction","target":{"@type":"EntryPoint","urlTemplate":"https:\/\/teammutantecuador.com\/?s={search_term_string}"},"query-input":{"@type":"PropertyValueSpecification","valueRequired":true,"valueName":"search_term_string"}}],"inLanguage":"es"},{"@type":"Organization","@id":"https:\/\/teammutantecuador.com\/#organization","name":"Team Mutan Ecuador","url":"https:\/\/teammutantecuador.com\/","logo":{"@type":"ImageObject","inLanguage":"es","@id":"https:\/\/teammutantecuador.com\/#\/schema\/logo\/image\/","url":"https:\/\/teammutantecuador.com\/wp-content\/uploads\/2026\/01\/Diseno-sin-titulo-97.png","contentUrl":"https:\/\/teammutantecuador.com\/wp-content\/uploads\/2026\/01\/Diseno-sin-titulo-97.png","width":500,"height":300,"caption":"Team Mutan Ecuador"},"image":{"@id":"https:\/\/teammutantecuador.com\/#\/schema\/logo\/image\/"}}]}},"_links":{"self":[{"href":"https:\/\/teammutantecuador.com\/index.php?rest_route=\/wp\/v2\/product\/1443","targetHints":{"allow":["GET"]}}],"collection":[{"href":"https:\/\/teammutantecuador.com\/index.php?rest_route=\/wp\/v2\/product"}],"about":[{"href":"https:\/\/teammutantecuador.com\/index.php?rest_route=\/wp\/v2\/types\/product"}],"replies":[{"embeddable":true,"href":"https:\/\/teammutantecuador.com\/index.php?rest_route=%2Fwp%2Fv2%2Fcomments&post=1443"}],"wp:attachment":[{"href":"https:\/\/teammutantecuador.com\/index.php?rest_route=%2Fwp%2Fv2%2Fmedia&parent=1443"}],"wp:term":[{"taxonomy":"product_brand","embeddable":true,"href":"https:\/\/teammutantecuador.com\/index.php?rest_route=%2Fwp%2Fv2%2Fproduct_brand&post=1443"},{"taxonomy":"product_cat","embeddable":true,"href":"https:\/\/teammutantecuador.com\/index.php?rest_route=%2Fwp%2Fv2%2Fproduct_cat&post=1443"},{"taxonomy":"product_tag","embeddable":true,"href":"https:\/\/teammutantecuador.com\/index.php?rest_route=%2Fwp%2Fv2%2Fproduct_tag&post=1443"}],"curies":[{"name":"wp","href":"https:\/\/api.w.org\/{rel}","templated":true}]}}