{"id":1442,"date":"2026-01-17T16:03:57","date_gmt":"2026-01-17T16:03:57","guid":{"rendered":"https:\/\/teammutantecuador.com\/?post_type=product&#038;p=1442"},"modified":"2026-01-17T16:04:01","modified_gmt":"2026-01-17T16:04:01","slug":"mp-combat-de-4-libras","status":"publish","type":"product","link":"https:\/\/teammutantecuador.com\/?product=mp-combat-de-4-libras","title":{"rendered":"MP Combat de 4 libras"},"content":{"rendered":"<div class=\"titles\">\n<h2>COMBAT PROTEIN POWDER<\/h2>\n<h3>\u00a1Con 5 fuentes de prote\u00ednas!<\/h3>\n<\/div>\n<div class=\"introduction\">\n<p><strong>Combat Protein Powder<\/strong>\u00a0de\u00a0<strong>Muscle Pharm<\/strong>\u00a0combina 5 fuentes diferentes de prote\u00ednas con el objetivo de ayudarnos a mantener y construir masa muscular, aport\u00e1ndo \u00a125g de prote\u00edna por dosis!<\/p>\n<p><strong>Combat Protein Powder<\/strong>\u00a0ha sido elaborada con 3 tipos de prote\u00ednas de suero (concentrado, hidrolizado y aislado) junto a case\u00edna micelar y alb\u00famina de huevo, cada uno con una velocidad de absorci\u00f3n diferente para aportar amino\u00e1cidos de forma constante al torrente sangu\u00edneo. \u00a1Para tomar en cualquier momento del d\u00eda!<\/p>\n<p>Asimismo,\u00a0<strong>Combat Protein Powder<\/strong>\u00a0presenta un alto contenido en BCAA&#8217;s, y est\u00e1 enriquecido con glutamina para potenciar la recuperaci\u00f3n tras el entrenamiento.<\/p>\n<\/div>\n<div class=\"main-characteristics\">\n<h4>Caracter\u00edsticas principales de Combat Protein Powder:<\/h4>\n<ul>\n<li>Fuente de 5 prote\u00ednas.<\/li>\n<li>131 kcal por dosis (33,6g).<\/li>\n<li>25g de prote\u00edna por dosis.<\/li>\n<li>2,40g de carbohidratos por dosis.<\/li>\n<li>Bajo contenido en grasas.<\/li>\n<li>Con BCAAs y Glutamina.<\/li>\n<li>1814g por envase.<\/li>\n<li>La informaci\u00f3n nutricional puede variar dependiendo del sabor.<\/li>\n<\/ul>\n<\/div>\n","protected":false},"excerpt":{"rendered":"<ul>\n<li>Fuente de 5 prote\u00ednas.<\/li>\n<li>131 kcal por dosis (33,6g).<\/li>\n<li>25g de prote\u00edna por dosis.<\/li>\n<li>2,40g de carbohidratos por dosis.<\/li>\n<li>Bajo contenido en grasas.<\/li>\n<li>Con BCAAs y Glutamina.<\/li>\n<li>1814g por envase.<\/li>\n<li>La informaci\u00f3n nutricional puede variar dependiendo del sabor.<\/li>\n<\/ul>\n","protected":false},"featured_media":0,"comment_status":"open","ping_status":"closed","template":"","meta":[],"product_brand":[],"product_cat":[357],"product_tag":[389,390,56],"class_list":{"0":"post-1442","1":"product","2":"type-product","3":"status-publish","5":"product_cat-proteinas-2","6":"product_tag-combat","7":"product_tag-muscle-pharma","8":"product_tag-proteinas","10":"first","11":"instock","12":"shipping-taxable","13":"purchasable","14":"product-type-simple"},"yoast_head":"<!-- This site is optimized with the Yoast SEO plugin v26.8 - https:\/\/yoast.com\/product\/yoast-seo-wordpress\/ -->\n<title>MP Combat de 4 libras - Team Mutan Ecuador<\/title>\n<meta name=\"description\" content=\"Fuente de 5 prote\u00ednas.131 kcal por dosis (33,6g).25g de prote\u00edna por dosis.2,40g de carbohidratos por dosis.Bajo contenido en grasas.Con BCAAs y Glutamina.1814g por envase.La informaci\u00f3n nutricional puede variar dependiendo del sabor.\" \/>\n<meta name=\"robots\" content=\"index, follow, max-snippet:-1, max-image-preview:large, max-video-preview:-1\" \/>\n<link rel=\"canonical\" href=\"https:\/\/teammutantecuador.com\/?product=mp-combat-de-4-libras\" \/>\n<meta property=\"og:locale\" content=\"es_ES\" \/>\n<meta property=\"og:type\" content=\"article\" \/>\n<meta property=\"og:title\" content=\"MP Combat de 4 libras - Team Mutan Ecuador\" \/>\n<meta property=\"og:description\" content=\"Fuente de 5 prote\u00ednas.131 kcal por dosis (33,6g).25g de prote\u00edna por dosis.2,40g de carbohidratos por dosis.Bajo contenido en grasas.Con BCAAs y Glutamina.1814g por envase.La informaci\u00f3n nutricional puede variar dependiendo del sabor.\" \/>\n<meta property=\"og:url\" content=\"https:\/\/teammutantecuador.com\/?product=mp-combat-de-4-libras\" \/>\n<meta property=\"og:site_name\" content=\"Team Mutan Ecuador\" \/>\n<meta property=\"article:modified_time\" content=\"2026-01-17T16:04:01+00:00\" \/>\n<meta name=\"twitter:card\" content=\"summary_large_image\" \/>\n<meta name=\"twitter:label1\" content=\"Tiempo de lectura\" \/>\n\t<meta name=\"twitter:data1\" content=\"1 minuto\" \/>\n<script type=\"application\/ld+json\" class=\"yoast-schema-graph\">{\"@context\":\"https:\/\/schema.org\",\"@graph\":[{\"@type\":\"WebPage\",\"@id\":\"https:\/\/teammutantecuador.com\/?product=mp-combat-de-4-libras\",\"url\":\"https:\/\/teammutantecuador.com\/?product=mp-combat-de-4-libras\",\"name\":\"MP Combat de 4 libras - Team Mutan Ecuador\",\"isPartOf\":{\"@id\":\"https:\/\/teammutantecuador.com\/#website\"},\"datePublished\":\"2026-01-17T16:03:57+00:00\",\"dateModified\":\"2026-01-17T16:04:01+00:00\",\"description\":\"Fuente de 5 prote\u00ednas.131 kcal por dosis (33,6g).25g de prote\u00edna por dosis.2,40g de carbohidratos por dosis.Bajo contenido en grasas.Con BCAAs y Glutamina.1814g por envase.La informaci\u00f3n nutricional puede variar dependiendo del sabor.\",\"breadcrumb\":{\"@id\":\"https:\/\/teammutantecuador.com\/?product=mp-combat-de-4-libras#breadcrumb\"},\"inLanguage\":\"es\",\"potentialAction\":[{\"@type\":\"ReadAction\",\"target\":[\"https:\/\/teammutantecuador.com\/?product=mp-combat-de-4-libras\"]}]},{\"@type\":\"BreadcrumbList\",\"@id\":\"https:\/\/teammutantecuador.com\/?product=mp-combat-de-4-libras#breadcrumb\",\"itemListElement\":[{\"@type\":\"ListItem\",\"position\":1,\"name\":\"Portada\",\"item\":\"https:\/\/teammutantecuador.com\/\"},{\"@type\":\"ListItem\",\"position\":2,\"name\":\"Shop\",\"item\":\"https:\/\/teammutantecuador.com\/?page_id=6\"},{\"@type\":\"ListItem\",\"position\":3,\"name\":\"MP Combat de 4 libras\"}]},{\"@type\":\"WebSite\",\"@id\":\"https:\/\/teammutantecuador.com\/#website\",\"url\":\"https:\/\/teammutantecuador.com\/\",\"name\":\"Team Mutan Ecuador\",\"description\":\"Just another WordPress site\",\"publisher\":{\"@id\":\"https:\/\/teammutantecuador.com\/#organization\"},\"potentialAction\":[{\"@type\":\"SearchAction\",\"target\":{\"@type\":\"EntryPoint\",\"urlTemplate\":\"https:\/\/teammutantecuador.com\/?s={search_term_string}\"},\"query-input\":{\"@type\":\"PropertyValueSpecification\",\"valueRequired\":true,\"valueName\":\"search_term_string\"}}],\"inLanguage\":\"es\"},{\"@type\":\"Organization\",\"@id\":\"https:\/\/teammutantecuador.com\/#organization\",\"name\":\"Team Mutan Ecuador\",\"url\":\"https:\/\/teammutantecuador.com\/\",\"logo\":{\"@type\":\"ImageObject\",\"inLanguage\":\"es\",\"@id\":\"https:\/\/teammutantecuador.com\/#\/schema\/logo\/image\/\",\"url\":\"https:\/\/teammutantecuador.com\/wp-content\/uploads\/2026\/01\/Diseno-sin-titulo-97.png\",\"contentUrl\":\"https:\/\/teammutantecuador.com\/wp-content\/uploads\/2026\/01\/Diseno-sin-titulo-97.png\",\"width\":500,\"height\":300,\"caption\":\"Team Mutan Ecuador\"},\"image\":{\"@id\":\"https:\/\/teammutantecuador.com\/#\/schema\/logo\/image\/\"}}]}<\/script>\n<!-- \/ Yoast SEO plugin. -->","yoast_head_json":{"title":"MP Combat de 4 libras - Team Mutan Ecuador","description":"Fuente de 5 prote\u00ednas.131 kcal por dosis (33,6g).25g de prote\u00edna por dosis.2,40g de carbohidratos por dosis.Bajo contenido en grasas.Con BCAAs y Glutamina.1814g por envase.La informaci\u00f3n nutricional puede variar dependiendo del sabor.","robots":{"index":"index","follow":"follow","max-snippet":"max-snippet:-1","max-image-preview":"max-image-preview:large","max-video-preview":"max-video-preview:-1"},"canonical":"https:\/\/teammutantecuador.com\/?product=mp-combat-de-4-libras","og_locale":"es_ES","og_type":"article","og_title":"MP Combat de 4 libras - Team Mutan Ecuador","og_description":"Fuente de 5 prote\u00ednas.131 kcal por dosis (33,6g).25g de prote\u00edna por dosis.2,40g de carbohidratos por dosis.Bajo contenido en grasas.Con BCAAs y Glutamina.1814g por envase.La informaci\u00f3n nutricional puede variar dependiendo del sabor.","og_url":"https:\/\/teammutantecuador.com\/?product=mp-combat-de-4-libras","og_site_name":"Team Mutan Ecuador","article_modified_time":"2026-01-17T16:04:01+00:00","twitter_card":"summary_large_image","twitter_misc":{"Tiempo de lectura":"1 minuto"},"schema":{"@context":"https:\/\/schema.org","@graph":[{"@type":"WebPage","@id":"https:\/\/teammutantecuador.com\/?product=mp-combat-de-4-libras","url":"https:\/\/teammutantecuador.com\/?product=mp-combat-de-4-libras","name":"MP Combat de 4 libras - Team Mutan Ecuador","isPartOf":{"@id":"https:\/\/teammutantecuador.com\/#website"},"datePublished":"2026-01-17T16:03:57+00:00","dateModified":"2026-01-17T16:04:01+00:00","description":"Fuente de 5 prote\u00ednas.131 kcal por dosis (33,6g).25g de prote\u00edna por dosis.2,40g de carbohidratos por dosis.Bajo contenido en grasas.Con BCAAs y Glutamina.1814g por envase.La informaci\u00f3n nutricional puede variar dependiendo del sabor.","breadcrumb":{"@id":"https:\/\/teammutantecuador.com\/?product=mp-combat-de-4-libras#breadcrumb"},"inLanguage":"es","potentialAction":[{"@type":"ReadAction","target":["https:\/\/teammutantecuador.com\/?product=mp-combat-de-4-libras"]}]},{"@type":"BreadcrumbList","@id":"https:\/\/teammutantecuador.com\/?product=mp-combat-de-4-libras#breadcrumb","itemListElement":[{"@type":"ListItem","position":1,"name":"Portada","item":"https:\/\/teammutantecuador.com\/"},{"@type":"ListItem","position":2,"name":"Shop","item":"https:\/\/teammutantecuador.com\/?page_id=6"},{"@type":"ListItem","position":3,"name":"MP Combat de 4 libras"}]},{"@type":"WebSite","@id":"https:\/\/teammutantecuador.com\/#website","url":"https:\/\/teammutantecuador.com\/","name":"Team Mutan Ecuador","description":"Just another WordPress site","publisher":{"@id":"https:\/\/teammutantecuador.com\/#organization"},"potentialAction":[{"@type":"SearchAction","target":{"@type":"EntryPoint","urlTemplate":"https:\/\/teammutantecuador.com\/?s={search_term_string}"},"query-input":{"@type":"PropertyValueSpecification","valueRequired":true,"valueName":"search_term_string"}}],"inLanguage":"es"},{"@type":"Organization","@id":"https:\/\/teammutantecuador.com\/#organization","name":"Team Mutan Ecuador","url":"https:\/\/teammutantecuador.com\/","logo":{"@type":"ImageObject","inLanguage":"es","@id":"https:\/\/teammutantecuador.com\/#\/schema\/logo\/image\/","url":"https:\/\/teammutantecuador.com\/wp-content\/uploads\/2026\/01\/Diseno-sin-titulo-97.png","contentUrl":"https:\/\/teammutantecuador.com\/wp-content\/uploads\/2026\/01\/Diseno-sin-titulo-97.png","width":500,"height":300,"caption":"Team Mutan Ecuador"},"image":{"@id":"https:\/\/teammutantecuador.com\/#\/schema\/logo\/image\/"}}]}},"_links":{"self":[{"href":"https:\/\/teammutantecuador.com\/index.php?rest_route=\/wp\/v2\/product\/1442","targetHints":{"allow":["GET"]}}],"collection":[{"href":"https:\/\/teammutantecuador.com\/index.php?rest_route=\/wp\/v2\/product"}],"about":[{"href":"https:\/\/teammutantecuador.com\/index.php?rest_route=\/wp\/v2\/types\/product"}],"replies":[{"embeddable":true,"href":"https:\/\/teammutantecuador.com\/index.php?rest_route=%2Fwp%2Fv2%2Fcomments&post=1442"}],"wp:attachment":[{"href":"https:\/\/teammutantecuador.com\/index.php?rest_route=%2Fwp%2Fv2%2Fmedia&parent=1442"}],"wp:term":[{"taxonomy":"product_brand","embeddable":true,"href":"https:\/\/teammutantecuador.com\/index.php?rest_route=%2Fwp%2Fv2%2Fproduct_brand&post=1442"},{"taxonomy":"product_cat","embeddable":true,"href":"https:\/\/teammutantecuador.com\/index.php?rest_route=%2Fwp%2Fv2%2Fproduct_cat&post=1442"},{"taxonomy":"product_tag","embeddable":true,"href":"https:\/\/teammutantecuador.com\/index.php?rest_route=%2Fwp%2Fv2%2Fproduct_tag&post=1442"}],"curies":[{"name":"wp","href":"https:\/\/api.w.org\/{rel}","templated":true}]}}