{"id":1441,"date":"2026-01-17T16:03:57","date_gmt":"2026-01-17T16:03:57","guid":{"rendered":"https:\/\/teammutantecuador.com\/?post_type=product&#038;p=1441"},"modified":"2026-01-17T16:04:01","modified_gmt":"2026-01-17T16:04:01","slug":"creatina-gat-300-gr","status":"publish","type":"product","link":"https:\/\/teammutantecuador.com\/?product=creatina-gat-300-gr","title":{"rendered":"Creatina GAT 300 Gr"},"content":{"rendered":"<h6>Beneficios de GAT CREATINE<\/h6>\n<ul>\n<li>CREATINE es 99.9% pura, comprobado por cromatograf\u00eda l\u00edquida de alto rendimiento (HPLC).<\/li>\n<li>Se ha demostrado cl\u00ednicamente que en conjunto al ejercicio la suplementaci\u00f3n de creatina monohidratada mejora el rendimiento de alta intensidad y adem\u00e1s ofrece incrementos en masa, fuerza y resistencia por el entrenamiento. De hecho, los estudios muestran que 5.0g por d\u00eda aumenta los resultados de rendimiento del ejercicio.<\/li>\n<li>Value Sized \u2013 200 servicios<\/li>\n<li>Cada servicio aporta 5.0g de Monohidrato de Creatina de alta calidad sin saborizantes.<\/li>\n<\/ul>\n","protected":false},"excerpt":{"rendered":"<ul>\n<li>CREATINE es 99.9% pura, comprobado por cromatograf\u00eda l\u00edquida de alto rendimiento (HPLC).<\/li>\n<li><span style=\"vertical-align: inherit\"><span style=\"vertical-align: inherit\">Se ha demostrado cl\u00ednicamente que en conjunto al ejercicio la suplementaci\u00f3n de creatina monohidratada mejora el rendimiento de alta intensidad y adem\u00e1s ofrece incrementos en masa, fuerza y resistencia por el entrenamiento. De hecho, los estudios muestran que 5.0g por d\u00eda aumenta los resultados de rendimiento del ejercicio.<\/span><\/span><\/li>\n<li><span style=\"vertical-align: inherit\"><span style=\"vertical-align: inherit\">Value Sized \u2013 200 servicios<\/span><\/span><\/li>\n<li><span style=\"vertical-align: inherit\"><span style=\"vertical-align: inherit\">Cada servicio aporta 5.0g de Monohidrato de Creatina de alta calidad sin saborizantes.<\/span><\/span><\/li>\n<\/ul>\n","protected":false},"featured_media":0,"comment_status":"open","ping_status":"closed","template":"","meta":[],"product_brand":[],"product_cat":[77],"product_tag":[78,98,85],"class_list":{"0":"post-1441","1":"product","2":"type-product","3":"status-publish","5":"product_cat-creatinas","6":"product_tag-creatina","7":"product_tag-gat","8":"product_tag-gatsport","10":"first","11":"outofstock","12":"sale","13":"shipping-taxable","14":"purchasable","15":"product-type-simple"},"yoast_head":"<!-- This site is optimized with the Yoast SEO plugin v26.8 - https:\/\/yoast.com\/product\/yoast-seo-wordpress\/ -->\n<title>Creatina GAT 300 Gr - Team Mutan Ecuador<\/title>\n<meta name=\"description\" content=\"CREATINE es 99.9% pura, comprobado por cromatograf\u00eda l\u00edquida de alto rendimiento (HPLC).Se ha demostrado cl\u00ednicamente que en conjunto al ejercicio la suplementaci\u00f3n de creatina monohidratada mejora el rendimiento de alta intensidad y adem\u00e1s ofrece incrementos en masa, fuerza y resistencia por el entrenamiento. De hecho, los estudios muestran que 5.0g por d\u00eda aumenta los resultados de rendimiento del ejercicio.Value Sized \u2013 200 serviciosCada servicio aporta 5.0g de Monohidrato de Creatina de alta calidad sin saborizantes.\" \/>\n<meta name=\"robots\" content=\"index, follow, max-snippet:-1, max-image-preview:large, max-video-preview:-1\" \/>\n<link rel=\"canonical\" href=\"https:\/\/teammutantecuador.com\/?product=creatina-gat-300-gr\" \/>\n<meta property=\"og:locale\" content=\"es_ES\" \/>\n<meta property=\"og:type\" content=\"article\" \/>\n<meta property=\"og:title\" content=\"Creatina GAT 300 Gr - Team Mutan Ecuador\" \/>\n<meta property=\"og:description\" content=\"CREATINE es 99.9% pura, comprobado por cromatograf\u00eda l\u00edquida de alto rendimiento (HPLC).Se ha demostrado cl\u00ednicamente que en conjunto al ejercicio la suplementaci\u00f3n de creatina monohidratada mejora el rendimiento de alta intensidad y adem\u00e1s ofrece incrementos en masa, fuerza y resistencia por el entrenamiento. De hecho, los estudios muestran que 5.0g por d\u00eda aumenta los resultados de rendimiento del ejercicio.Value Sized \u2013 200 serviciosCada servicio aporta 5.0g de Monohidrato de Creatina de alta calidad sin saborizantes.\" \/>\n<meta property=\"og:url\" content=\"https:\/\/teammutantecuador.com\/?product=creatina-gat-300-gr\" \/>\n<meta property=\"og:site_name\" content=\"Team Mutan Ecuador\" \/>\n<meta property=\"article:modified_time\" content=\"2026-01-17T16:04:01+00:00\" \/>\n<meta name=\"twitter:card\" content=\"summary_large_image\" \/>\n<script type=\"application\/ld+json\" class=\"yoast-schema-graph\">{\"@context\":\"https:\/\/schema.org\",\"@graph\":[{\"@type\":\"WebPage\",\"@id\":\"https:\/\/teammutantecuador.com\/?product=creatina-gat-300-gr\",\"url\":\"https:\/\/teammutantecuador.com\/?product=creatina-gat-300-gr\",\"name\":\"Creatina GAT 300 Gr - Team Mutan Ecuador\",\"isPartOf\":{\"@id\":\"https:\/\/teammutantecuador.com\/#website\"},\"datePublished\":\"2026-01-17T16:03:57+00:00\",\"dateModified\":\"2026-01-17T16:04:01+00:00\",\"description\":\"CREATINE es 99.9% pura, comprobado por cromatograf\u00eda l\u00edquida de alto rendimiento (HPLC).Se ha demostrado cl\u00ednicamente que en conjunto al ejercicio la suplementaci\u00f3n de creatina monohidratada mejora el rendimiento de alta intensidad y adem\u00e1s ofrece incrementos en masa, fuerza y resistencia por el entrenamiento. De hecho, los estudios muestran que 5.0g por d\u00eda aumenta los resultados de rendimiento del ejercicio.Value Sized \u2013 200 serviciosCada servicio aporta 5.0g de Monohidrato de Creatina de alta calidad sin saborizantes.\",\"breadcrumb\":{\"@id\":\"https:\/\/teammutantecuador.com\/?product=creatina-gat-300-gr#breadcrumb\"},\"inLanguage\":\"es\",\"potentialAction\":[{\"@type\":\"ReadAction\",\"target\":[\"https:\/\/teammutantecuador.com\/?product=creatina-gat-300-gr\"]}]},{\"@type\":\"BreadcrumbList\",\"@id\":\"https:\/\/teammutantecuador.com\/?product=creatina-gat-300-gr#breadcrumb\",\"itemListElement\":[{\"@type\":\"ListItem\",\"position\":1,\"name\":\"Portada\",\"item\":\"https:\/\/teammutantecuador.com\/\"},{\"@type\":\"ListItem\",\"position\":2,\"name\":\"Shop\",\"item\":\"https:\/\/teammutantecuador.com\/?page_id=6\"},{\"@type\":\"ListItem\",\"position\":3,\"name\":\"Creatina GAT 300 Gr\"}]},{\"@type\":\"WebSite\",\"@id\":\"https:\/\/teammutantecuador.com\/#website\",\"url\":\"https:\/\/teammutantecuador.com\/\",\"name\":\"Team Mutan Ecuador\",\"description\":\"Just another WordPress site\",\"publisher\":{\"@id\":\"https:\/\/teammutantecuador.com\/#organization\"},\"potentialAction\":[{\"@type\":\"SearchAction\",\"target\":{\"@type\":\"EntryPoint\",\"urlTemplate\":\"https:\/\/teammutantecuador.com\/?s={search_term_string}\"},\"query-input\":{\"@type\":\"PropertyValueSpecification\",\"valueRequired\":true,\"valueName\":\"search_term_string\"}}],\"inLanguage\":\"es\"},{\"@type\":\"Organization\",\"@id\":\"https:\/\/teammutantecuador.com\/#organization\",\"name\":\"Team Mutan Ecuador\",\"url\":\"https:\/\/teammutantecuador.com\/\",\"logo\":{\"@type\":\"ImageObject\",\"inLanguage\":\"es\",\"@id\":\"https:\/\/teammutantecuador.com\/#\/schema\/logo\/image\/\",\"url\":\"https:\/\/teammutantecuador.com\/wp-content\/uploads\/2026\/01\/Diseno-sin-titulo-97.png\",\"contentUrl\":\"https:\/\/teammutantecuador.com\/wp-content\/uploads\/2026\/01\/Diseno-sin-titulo-97.png\",\"width\":500,\"height\":300,\"caption\":\"Team Mutan Ecuador\"},\"image\":{\"@id\":\"https:\/\/teammutantecuador.com\/#\/schema\/logo\/image\/\"}}]}<\/script>\n<!-- \/ Yoast SEO plugin. -->","yoast_head_json":{"title":"Creatina GAT 300 Gr - Team Mutan Ecuador","description":"CREATINE es 99.9% pura, comprobado por cromatograf\u00eda l\u00edquida de alto rendimiento (HPLC).Se ha demostrado cl\u00ednicamente que en conjunto al ejercicio la suplementaci\u00f3n de creatina monohidratada mejora el rendimiento de alta intensidad y adem\u00e1s ofrece incrementos en masa, fuerza y resistencia por el entrenamiento. De hecho, los estudios muestran que 5.0g por d\u00eda aumenta los resultados de rendimiento del ejercicio.Value Sized \u2013 200 serviciosCada servicio aporta 5.0g de Monohidrato de Creatina de alta calidad sin saborizantes.","robots":{"index":"index","follow":"follow","max-snippet":"max-snippet:-1","max-image-preview":"max-image-preview:large","max-video-preview":"max-video-preview:-1"},"canonical":"https:\/\/teammutantecuador.com\/?product=creatina-gat-300-gr","og_locale":"es_ES","og_type":"article","og_title":"Creatina GAT 300 Gr - Team Mutan Ecuador","og_description":"CREATINE es 99.9% pura, comprobado por cromatograf\u00eda l\u00edquida de alto rendimiento (HPLC).Se ha demostrado cl\u00ednicamente que en conjunto al ejercicio la suplementaci\u00f3n de creatina monohidratada mejora el rendimiento de alta intensidad y adem\u00e1s ofrece incrementos en masa, fuerza y resistencia por el entrenamiento. De hecho, los estudios muestran que 5.0g por d\u00eda aumenta los resultados de rendimiento del ejercicio.Value Sized \u2013 200 serviciosCada servicio aporta 5.0g de Monohidrato de Creatina de alta calidad sin saborizantes.","og_url":"https:\/\/teammutantecuador.com\/?product=creatina-gat-300-gr","og_site_name":"Team Mutan Ecuador","article_modified_time":"2026-01-17T16:04:01+00:00","twitter_card":"summary_large_image","schema":{"@context":"https:\/\/schema.org","@graph":[{"@type":"WebPage","@id":"https:\/\/teammutantecuador.com\/?product=creatina-gat-300-gr","url":"https:\/\/teammutantecuador.com\/?product=creatina-gat-300-gr","name":"Creatina GAT 300 Gr - Team Mutan Ecuador","isPartOf":{"@id":"https:\/\/teammutantecuador.com\/#website"},"datePublished":"2026-01-17T16:03:57+00:00","dateModified":"2026-01-17T16:04:01+00:00","description":"CREATINE es 99.9% pura, comprobado por cromatograf\u00eda l\u00edquida de alto rendimiento (HPLC).Se ha demostrado cl\u00ednicamente que en conjunto al ejercicio la suplementaci\u00f3n de creatina monohidratada mejora el rendimiento de alta intensidad y adem\u00e1s ofrece incrementos en masa, fuerza y resistencia por el entrenamiento. De hecho, los estudios muestran que 5.0g por d\u00eda aumenta los resultados de rendimiento del ejercicio.Value Sized \u2013 200 serviciosCada servicio aporta 5.0g de Monohidrato de Creatina de alta calidad sin saborizantes.","breadcrumb":{"@id":"https:\/\/teammutantecuador.com\/?product=creatina-gat-300-gr#breadcrumb"},"inLanguage":"es","potentialAction":[{"@type":"ReadAction","target":["https:\/\/teammutantecuador.com\/?product=creatina-gat-300-gr"]}]},{"@type":"BreadcrumbList","@id":"https:\/\/teammutantecuador.com\/?product=creatina-gat-300-gr#breadcrumb","itemListElement":[{"@type":"ListItem","position":1,"name":"Portada","item":"https:\/\/teammutantecuador.com\/"},{"@type":"ListItem","position":2,"name":"Shop","item":"https:\/\/teammutantecuador.com\/?page_id=6"},{"@type":"ListItem","position":3,"name":"Creatina GAT 300 Gr"}]},{"@type":"WebSite","@id":"https:\/\/teammutantecuador.com\/#website","url":"https:\/\/teammutantecuador.com\/","name":"Team Mutan Ecuador","description":"Just another WordPress site","publisher":{"@id":"https:\/\/teammutantecuador.com\/#organization"},"potentialAction":[{"@type":"SearchAction","target":{"@type":"EntryPoint","urlTemplate":"https:\/\/teammutantecuador.com\/?s={search_term_string}"},"query-input":{"@type":"PropertyValueSpecification","valueRequired":true,"valueName":"search_term_string"}}],"inLanguage":"es"},{"@type":"Organization","@id":"https:\/\/teammutantecuador.com\/#organization","name":"Team Mutan Ecuador","url":"https:\/\/teammutantecuador.com\/","logo":{"@type":"ImageObject","inLanguage":"es","@id":"https:\/\/teammutantecuador.com\/#\/schema\/logo\/image\/","url":"https:\/\/teammutantecuador.com\/wp-content\/uploads\/2026\/01\/Diseno-sin-titulo-97.png","contentUrl":"https:\/\/teammutantecuador.com\/wp-content\/uploads\/2026\/01\/Diseno-sin-titulo-97.png","width":500,"height":300,"caption":"Team Mutan Ecuador"},"image":{"@id":"https:\/\/teammutantecuador.com\/#\/schema\/logo\/image\/"}}]}},"_links":{"self":[{"href":"https:\/\/teammutantecuador.com\/index.php?rest_route=\/wp\/v2\/product\/1441","targetHints":{"allow":["GET"]}}],"collection":[{"href":"https:\/\/teammutantecuador.com\/index.php?rest_route=\/wp\/v2\/product"}],"about":[{"href":"https:\/\/teammutantecuador.com\/index.php?rest_route=\/wp\/v2\/types\/product"}],"replies":[{"embeddable":true,"href":"https:\/\/teammutantecuador.com\/index.php?rest_route=%2Fwp%2Fv2%2Fcomments&post=1441"}],"wp:attachment":[{"href":"https:\/\/teammutantecuador.com\/index.php?rest_route=%2Fwp%2Fv2%2Fmedia&parent=1441"}],"wp:term":[{"taxonomy":"product_brand","embeddable":true,"href":"https:\/\/teammutantecuador.com\/index.php?rest_route=%2Fwp%2Fv2%2Fproduct_brand&post=1441"},{"taxonomy":"product_cat","embeddable":true,"href":"https:\/\/teammutantecuador.com\/index.php?rest_route=%2Fwp%2Fv2%2Fproduct_cat&post=1441"},{"taxonomy":"product_tag","embeddable":true,"href":"https:\/\/teammutantecuador.com\/index.php?rest_route=%2Fwp%2Fv2%2Fproduct_tag&post=1441"}],"curies":[{"name":"wp","href":"https:\/\/api.w.org\/{rel}","templated":true}]}}