{"id":1440,"date":"2026-01-17T16:03:57","date_gmt":"2026-01-17T16:03:57","guid":{"rendered":"https:\/\/teammutantecuador.com\/?post_type=product&#038;p=1440"},"modified":"2026-01-17T16:04:00","modified_gmt":"2026-01-17T16:04:00","slug":"serious-mass-de-12-libras","status":"publish","type":"product","link":"https:\/\/teammutantecuador.com\/?product=serious-mass-de-12-libras","title":{"rendered":"Serious Mass de 12 Libras"},"content":{"rendered":"<p><strong>Serious Mass\u00a0<\/strong>es un excelente suplemento cal\u00f3rico que aporta un exceso de calor\u00edas basadas en una combinaci\u00f3n de carbohidratos y prote\u00ednas con el m\u00ednimo de grasa que junto con una dieta y un entrenamiento adecuado le brindar\u00e1n un perfecto material de construcci\u00f3n muscular dando la posibilidad de suprimir una o dos comidas al d\u00eda.<\/p>\n<p><strong>Serious Mass<\/strong>\u00a0de Optimum Nutrition es el \u00fanico ganador de peso que te aportar\u00e1 252 gr. de cabohidratos por servicio adem\u00e1s de 50 gr. de prote\u00edna, vitaminas y minerales, adem\u00e1s de creatina y glutamina.<\/p>\n<p>Su formulaci\u00f3n est\u00e1 especialmente pensada y dise\u00f1ada para personas que deseen tener un rendimiento deportivo de alto nivel y GANAR PESO, y en especial para aquellas personas que tienen problemas a la hora de subir de peso. Seas hombre o mujer, sin duda,\u00a0<strong>Serious Mass<\/strong>\u00a0es lo que estaban buscando!<\/p>\n<ul>\n<li><strong>Serious Mass\u00a0<\/strong>de Optimum Nutrition posee mezclas de las mejores prote\u00ednas (suero de leche, caseinato, alb\u00famina de huevo entre otras) lo que te garantiza la dosis justa de prote\u00ednas que tu cuerpo necesita .<\/li>\n<li>Posee una mezcla de carbohidratos simples y complejos (de r\u00e1pida y lenta absorci\u00f3n) de manera que te entrega un aporte de energ\u00eda constante y que no es acumulado como grasa.<\/li>\n<li><strong>Serious Mass<\/strong>\u00a0contiene glutamina y creatina lo cual lo hace a\u00fan m\u00e1s efectivo ya que te entregar\u00e1 un alt\u00edsimo nivel de fuerza y favorecer\u00e1 a una mejor recuperaci\u00f3n.<\/li>\n<li><strong>Serious Mass<\/strong>: lo \u00faltimo en f\u00f3rmulas para ganar peso, te ofrece las herramientas para conseguir el tama\u00f1o y el f\u00edsico que siempre has so\u00f1ado!<\/li>\n<\/ul>\n","protected":false},"excerpt":{"rendered":"<ul>\n<li><strong>Serious Mass\u00a0<\/strong>de Optimum Nutrition posee mezclas de las mejores prote\u00ednas (suero de leche, caseinato, alb\u00famina de huevo entre otras) lo que te garantiza la dosis justa de prote\u00ednas que tu cuerpo necesita .<\/li>\n<li>Posee una mezcla de carbohidratos simples y complejos (de r\u00e1pida y lenta absorci\u00f3n) de manera que te entrega un aporte de energ\u00eda constante y que no es acumulado como grasa.<\/li>\n<li><strong>Serious Mass<\/strong>\u00a0contiene glutamina y creatina lo cual lo hace a\u00fan m\u00e1s efectivo ya que te entregar\u00e1 un alt\u00edsimo nivel de fuerza y favorecer\u00e1 a una mejor recuperaci\u00f3n.<\/li>\n<li><strong>Serious Mass<\/strong>: lo \u00faltimo en f\u00f3rmulas para ganar peso, te ofrece las herramientas para conseguir el tama\u00f1o y el f\u00edsico que siempre has so\u00f1ado!<\/li>\n<\/ul>\n","protected":false},"featured_media":0,"comment_status":"open","ping_status":"closed","template":"","meta":[],"product_brand":[],"product_cat":[354],"product_tag":[61,47,101],"class_list":{"0":"post-1440","1":"product","2":"type-product","3":"status-publish","5":"product_cat-ganadores-de-peso","6":"product_tag-ganador-de-peso","7":"product_tag-optimum-nutrition","8":"product_tag-serious-mass","10":"first","11":"instock","12":"sale","13":"shipping-taxable","14":"purchasable","15":"product-type-simple"},"yoast_head":"<!-- This site is optimized with the Yoast SEO plugin v26.8 - https:\/\/yoast.com\/product\/yoast-seo-wordpress\/ -->\n<title>Serious Mass de 12 Libras - Team Mutan Ecuador<\/title>\n<meta name=\"description\" content=\"Serious Mass\u00a0es un excelente suplemento cal\u00f3rico que aporta un exceso de calor\u00edas basadas en una combinaci\u00f3n de carbohidratos y prote\u00ednas con el m\u00ednimo de grasa que junto con una dieta y un entrenamiento adecuado le brindar\u00e1n un perfecto material de construcci\u00f3n muscular dando la posibilidad de suprimir una o dos comidas al d\u00eda.\" \/>\n<meta name=\"robots\" content=\"index, follow, max-snippet:-1, max-image-preview:large, max-video-preview:-1\" \/>\n<link rel=\"canonical\" href=\"https:\/\/teammutantecuador.com\/?product=serious-mass-de-12-libras\" \/>\n<meta property=\"og:locale\" content=\"es_ES\" \/>\n<meta property=\"og:type\" content=\"article\" \/>\n<meta property=\"og:title\" content=\"Serious Mass de 12 Libras - Team Mutan Ecuador\" \/>\n<meta property=\"og:description\" content=\"Serious Mass\u00a0es un excelente suplemento cal\u00f3rico que aporta un exceso de calor\u00edas basadas en una combinaci\u00f3n de carbohidratos y prote\u00ednas con el m\u00ednimo de grasa que junto con una dieta y un entrenamiento adecuado le brindar\u00e1n un perfecto material de construcci\u00f3n muscular dando la posibilidad de suprimir una o dos comidas al d\u00eda.\" \/>\n<meta property=\"og:url\" content=\"https:\/\/teammutantecuador.com\/?product=serious-mass-de-12-libras\" \/>\n<meta property=\"og:site_name\" content=\"Team Mutan Ecuador\" \/>\n<meta property=\"article:modified_time\" content=\"2026-01-17T16:04:00+00:00\" \/>\n<meta name=\"twitter:card\" content=\"summary_large_image\" \/>\n<meta name=\"twitter:label1\" content=\"Tiempo de lectura\" \/>\n\t<meta name=\"twitter:data1\" content=\"1 minuto\" \/>\n<script type=\"application\/ld+json\" class=\"yoast-schema-graph\">{\"@context\":\"https:\/\/schema.org\",\"@graph\":[{\"@type\":\"WebPage\",\"@id\":\"https:\/\/teammutantecuador.com\/?product=serious-mass-de-12-libras\",\"url\":\"https:\/\/teammutantecuador.com\/?product=serious-mass-de-12-libras\",\"name\":\"Serious Mass de 12 Libras - Team Mutan Ecuador\",\"isPartOf\":{\"@id\":\"https:\/\/teammutantecuador.com\/#website\"},\"datePublished\":\"2026-01-17T16:03:57+00:00\",\"dateModified\":\"2026-01-17T16:04:00+00:00\",\"description\":\"Serious Mass\u00a0es un excelente suplemento cal\u00f3rico que aporta un exceso de calor\u00edas basadas en una combinaci\u00f3n de carbohidratos y prote\u00ednas con el m\u00ednimo de grasa que junto con una dieta y un entrenamiento adecuado le brindar\u00e1n un perfecto material de construcci\u00f3n muscular dando la posibilidad de suprimir una o dos comidas al d\u00eda.\",\"breadcrumb\":{\"@id\":\"https:\/\/teammutantecuador.com\/?product=serious-mass-de-12-libras#breadcrumb\"},\"inLanguage\":\"es\",\"potentialAction\":[{\"@type\":\"ReadAction\",\"target\":[\"https:\/\/teammutantecuador.com\/?product=serious-mass-de-12-libras\"]}]},{\"@type\":\"BreadcrumbList\",\"@id\":\"https:\/\/teammutantecuador.com\/?product=serious-mass-de-12-libras#breadcrumb\",\"itemListElement\":[{\"@type\":\"ListItem\",\"position\":1,\"name\":\"Portada\",\"item\":\"https:\/\/teammutantecuador.com\/\"},{\"@type\":\"ListItem\",\"position\":2,\"name\":\"Shop\",\"item\":\"https:\/\/teammutantecuador.com\/?page_id=6\"},{\"@type\":\"ListItem\",\"position\":3,\"name\":\"Serious Mass de 12 Libras\"}]},{\"@type\":\"WebSite\",\"@id\":\"https:\/\/teammutantecuador.com\/#website\",\"url\":\"https:\/\/teammutantecuador.com\/\",\"name\":\"Team Mutan Ecuador\",\"description\":\"Just another WordPress site\",\"publisher\":{\"@id\":\"https:\/\/teammutantecuador.com\/#organization\"},\"potentialAction\":[{\"@type\":\"SearchAction\",\"target\":{\"@type\":\"EntryPoint\",\"urlTemplate\":\"https:\/\/teammutantecuador.com\/?s={search_term_string}\"},\"query-input\":{\"@type\":\"PropertyValueSpecification\",\"valueRequired\":true,\"valueName\":\"search_term_string\"}}],\"inLanguage\":\"es\"},{\"@type\":\"Organization\",\"@id\":\"https:\/\/teammutantecuador.com\/#organization\",\"name\":\"Team Mutan Ecuador\",\"url\":\"https:\/\/teammutantecuador.com\/\",\"logo\":{\"@type\":\"ImageObject\",\"inLanguage\":\"es\",\"@id\":\"https:\/\/teammutantecuador.com\/#\/schema\/logo\/image\/\",\"url\":\"https:\/\/teammutantecuador.com\/wp-content\/uploads\/2026\/01\/Diseno-sin-titulo-97.png\",\"contentUrl\":\"https:\/\/teammutantecuador.com\/wp-content\/uploads\/2026\/01\/Diseno-sin-titulo-97.png\",\"width\":500,\"height\":300,\"caption\":\"Team Mutan Ecuador\"},\"image\":{\"@id\":\"https:\/\/teammutantecuador.com\/#\/schema\/logo\/image\/\"}}]}<\/script>\n<!-- \/ Yoast SEO plugin. -->","yoast_head_json":{"title":"Serious Mass de 12 Libras - Team Mutan Ecuador","description":"Serious Mass\u00a0es un excelente suplemento cal\u00f3rico que aporta un exceso de calor\u00edas basadas en una combinaci\u00f3n de carbohidratos y prote\u00ednas con el m\u00ednimo de grasa que junto con una dieta y un entrenamiento adecuado le brindar\u00e1n un perfecto material de construcci\u00f3n muscular dando la posibilidad de suprimir una o dos comidas al d\u00eda.","robots":{"index":"index","follow":"follow","max-snippet":"max-snippet:-1","max-image-preview":"max-image-preview:large","max-video-preview":"max-video-preview:-1"},"canonical":"https:\/\/teammutantecuador.com\/?product=serious-mass-de-12-libras","og_locale":"es_ES","og_type":"article","og_title":"Serious Mass de 12 Libras - Team Mutan Ecuador","og_description":"Serious Mass\u00a0es un excelente suplemento cal\u00f3rico que aporta un exceso de calor\u00edas basadas en una combinaci\u00f3n de carbohidratos y prote\u00ednas con el m\u00ednimo de grasa que junto con una dieta y un entrenamiento adecuado le brindar\u00e1n un perfecto material de construcci\u00f3n muscular dando la posibilidad de suprimir una o dos comidas al d\u00eda.","og_url":"https:\/\/teammutantecuador.com\/?product=serious-mass-de-12-libras","og_site_name":"Team Mutan Ecuador","article_modified_time":"2026-01-17T16:04:00+00:00","twitter_card":"summary_large_image","twitter_misc":{"Tiempo de lectura":"1 minuto"},"schema":{"@context":"https:\/\/schema.org","@graph":[{"@type":"WebPage","@id":"https:\/\/teammutantecuador.com\/?product=serious-mass-de-12-libras","url":"https:\/\/teammutantecuador.com\/?product=serious-mass-de-12-libras","name":"Serious Mass de 12 Libras - Team Mutan Ecuador","isPartOf":{"@id":"https:\/\/teammutantecuador.com\/#website"},"datePublished":"2026-01-17T16:03:57+00:00","dateModified":"2026-01-17T16:04:00+00:00","description":"Serious Mass\u00a0es un excelente suplemento cal\u00f3rico que aporta un exceso de calor\u00edas basadas en una combinaci\u00f3n de carbohidratos y prote\u00ednas con el m\u00ednimo de grasa que junto con una dieta y un entrenamiento adecuado le brindar\u00e1n un perfecto material de construcci\u00f3n muscular dando la posibilidad de suprimir una o dos comidas al d\u00eda.","breadcrumb":{"@id":"https:\/\/teammutantecuador.com\/?product=serious-mass-de-12-libras#breadcrumb"},"inLanguage":"es","potentialAction":[{"@type":"ReadAction","target":["https:\/\/teammutantecuador.com\/?product=serious-mass-de-12-libras"]}]},{"@type":"BreadcrumbList","@id":"https:\/\/teammutantecuador.com\/?product=serious-mass-de-12-libras#breadcrumb","itemListElement":[{"@type":"ListItem","position":1,"name":"Portada","item":"https:\/\/teammutantecuador.com\/"},{"@type":"ListItem","position":2,"name":"Shop","item":"https:\/\/teammutantecuador.com\/?page_id=6"},{"@type":"ListItem","position":3,"name":"Serious Mass de 12 Libras"}]},{"@type":"WebSite","@id":"https:\/\/teammutantecuador.com\/#website","url":"https:\/\/teammutantecuador.com\/","name":"Team Mutan Ecuador","description":"Just another WordPress site","publisher":{"@id":"https:\/\/teammutantecuador.com\/#organization"},"potentialAction":[{"@type":"SearchAction","target":{"@type":"EntryPoint","urlTemplate":"https:\/\/teammutantecuador.com\/?s={search_term_string}"},"query-input":{"@type":"PropertyValueSpecification","valueRequired":true,"valueName":"search_term_string"}}],"inLanguage":"es"},{"@type":"Organization","@id":"https:\/\/teammutantecuador.com\/#organization","name":"Team Mutan Ecuador","url":"https:\/\/teammutantecuador.com\/","logo":{"@type":"ImageObject","inLanguage":"es","@id":"https:\/\/teammutantecuador.com\/#\/schema\/logo\/image\/","url":"https:\/\/teammutantecuador.com\/wp-content\/uploads\/2026\/01\/Diseno-sin-titulo-97.png","contentUrl":"https:\/\/teammutantecuador.com\/wp-content\/uploads\/2026\/01\/Diseno-sin-titulo-97.png","width":500,"height":300,"caption":"Team Mutan Ecuador"},"image":{"@id":"https:\/\/teammutantecuador.com\/#\/schema\/logo\/image\/"}}]}},"_links":{"self":[{"href":"https:\/\/teammutantecuador.com\/index.php?rest_route=\/wp\/v2\/product\/1440","targetHints":{"allow":["GET"]}}],"collection":[{"href":"https:\/\/teammutantecuador.com\/index.php?rest_route=\/wp\/v2\/product"}],"about":[{"href":"https:\/\/teammutantecuador.com\/index.php?rest_route=\/wp\/v2\/types\/product"}],"replies":[{"embeddable":true,"href":"https:\/\/teammutantecuador.com\/index.php?rest_route=%2Fwp%2Fv2%2Fcomments&post=1440"}],"wp:attachment":[{"href":"https:\/\/teammutantecuador.com\/index.php?rest_route=%2Fwp%2Fv2%2Fmedia&parent=1440"}],"wp:term":[{"taxonomy":"product_brand","embeddable":true,"href":"https:\/\/teammutantecuador.com\/index.php?rest_route=%2Fwp%2Fv2%2Fproduct_brand&post=1440"},{"taxonomy":"product_cat","embeddable":true,"href":"https:\/\/teammutantecuador.com\/index.php?rest_route=%2Fwp%2Fv2%2Fproduct_cat&post=1440"},{"taxonomy":"product_tag","embeddable":true,"href":"https:\/\/teammutantecuador.com\/index.php?rest_route=%2Fwp%2Fv2%2Fproduct_tag&post=1440"}],"curies":[{"name":"wp","href":"https:\/\/api.w.org\/{rel}","templated":true}]}}