{"id":1438,"date":"2026-01-17T16:03:57","date_gmt":"2026-01-17T16:03:57","guid":{"rendered":"https:\/\/teammutantecuador.com\/?post_type=product&#038;p=1438"},"modified":"2026-01-17T16:04:00","modified_gmt":"2026-01-17T16:04:00","slug":"king-whey-bar-12-unidades","status":"publish","type":"product","link":"https:\/\/teammutantecuador.com\/?product=king-whey-bar-12-unidades","title":{"rendered":"King Whey Bar 12 Unidades"},"content":{"rendered":"<ul>\n<li>20G de prote\u00edna de suero<\/li>\n<li>Az\u00facar 6G<\/li>\n<li>Al horno<\/li>\n<li>Sin gluten<\/li>\n<\/ul>\n<p>\u00bfSu barra de prote\u00ednas actual es tan resistente que le est\u00e1 ejercitando la mand\u00edbula?<\/p>\n<p>KING WHEY Protein Crunch Bar &#x2122; utiliza un proceso \u00fanico de horneado suave que crea una galleta como centro cubierta con crujientes y una llovizna de sabor a barra de caramelo.<\/p>\n<p>Solo 6G de az\u00facar, centro horneado suave, 20G de prote\u00edna de suero puro \u2026 No es de extra\u00f1ar que sea el REY.<\/p>\n","protected":false},"excerpt":{"rendered":"<ul>\n<li>20G de prote\u00edna de suero<\/li>\n<li>Az\u00facar 6G<\/li>\n<li>Al horno<\/li>\n<li>Sin gluten<\/li>\n<\/ul>\n","protected":false},"featured_media":0,"comment_status":"open","ping_status":"closed","template":"","meta":[],"product_brand":[],"product_cat":[387],"product_tag":[388,59,65],"class_list":{"0":"post-1438","1":"product","2":"type-product","3":"status-publish","5":"product_cat-barra-de-proteina","6":"product_tag-barra-de-proteina","7":"product_tag-proteina","8":"product_tag-ronnie-coleman","10":"first","11":"outofstock","12":"shipping-taxable","13":"purchasable","14":"product-type-simple"},"yoast_head":"<!-- This site is optimized with the Yoast SEO plugin v26.8 - https:\/\/yoast.com\/product\/yoast-seo-wordpress\/ -->\n<title>King Whey Bar 12 Unidades - Team Mutan Ecuador<\/title>\n<meta name=\"description\" content=\"20G de prote\u00edna de sueroAz\u00facar 6GAl hornoSin gluten\" \/>\n<meta name=\"robots\" content=\"index, follow, max-snippet:-1, max-image-preview:large, max-video-preview:-1\" \/>\n<link rel=\"canonical\" href=\"https:\/\/teammutantecuador.com\/?product=king-whey-bar-12-unidades\" \/>\n<meta property=\"og:locale\" content=\"es_ES\" \/>\n<meta property=\"og:type\" content=\"article\" \/>\n<meta property=\"og:title\" content=\"King Whey Bar 12 Unidades - Team Mutan Ecuador\" \/>\n<meta property=\"og:description\" content=\"20G de prote\u00edna de sueroAz\u00facar 6GAl hornoSin gluten\" \/>\n<meta property=\"og:url\" content=\"https:\/\/teammutantecuador.com\/?product=king-whey-bar-12-unidades\" \/>\n<meta property=\"og:site_name\" content=\"Team Mutan Ecuador\" \/>\n<meta property=\"article:modified_time\" content=\"2026-01-17T16:04:00+00:00\" \/>\n<meta name=\"twitter:card\" content=\"summary_large_image\" \/>\n<script type=\"application\/ld+json\" class=\"yoast-schema-graph\">{\"@context\":\"https:\/\/schema.org\",\"@graph\":[{\"@type\":\"WebPage\",\"@id\":\"https:\/\/teammutantecuador.com\/?product=king-whey-bar-12-unidades\",\"url\":\"https:\/\/teammutantecuador.com\/?product=king-whey-bar-12-unidades\",\"name\":\"King Whey Bar 12 Unidades - Team Mutan Ecuador\",\"isPartOf\":{\"@id\":\"https:\/\/teammutantecuador.com\/#website\"},\"datePublished\":\"2026-01-17T16:03:57+00:00\",\"dateModified\":\"2026-01-17T16:04:00+00:00\",\"description\":\"20G de prote\u00edna de sueroAz\u00facar 6GAl hornoSin gluten\",\"breadcrumb\":{\"@id\":\"https:\/\/teammutantecuador.com\/?product=king-whey-bar-12-unidades#breadcrumb\"},\"inLanguage\":\"es\",\"potentialAction\":[{\"@type\":\"ReadAction\",\"target\":[\"https:\/\/teammutantecuador.com\/?product=king-whey-bar-12-unidades\"]}]},{\"@type\":\"BreadcrumbList\",\"@id\":\"https:\/\/teammutantecuador.com\/?product=king-whey-bar-12-unidades#breadcrumb\",\"itemListElement\":[{\"@type\":\"ListItem\",\"position\":1,\"name\":\"Portada\",\"item\":\"https:\/\/teammutantecuador.com\/\"},{\"@type\":\"ListItem\",\"position\":2,\"name\":\"Shop\",\"item\":\"https:\/\/teammutantecuador.com\/?page_id=6\"},{\"@type\":\"ListItem\",\"position\":3,\"name\":\"King Whey Bar 12 Unidades\"}]},{\"@type\":\"WebSite\",\"@id\":\"https:\/\/teammutantecuador.com\/#website\",\"url\":\"https:\/\/teammutantecuador.com\/\",\"name\":\"Team Mutan Ecuador\",\"description\":\"Just another WordPress site\",\"publisher\":{\"@id\":\"https:\/\/teammutantecuador.com\/#organization\"},\"potentialAction\":[{\"@type\":\"SearchAction\",\"target\":{\"@type\":\"EntryPoint\",\"urlTemplate\":\"https:\/\/teammutantecuador.com\/?s={search_term_string}\"},\"query-input\":{\"@type\":\"PropertyValueSpecification\",\"valueRequired\":true,\"valueName\":\"search_term_string\"}}],\"inLanguage\":\"es\"},{\"@type\":\"Organization\",\"@id\":\"https:\/\/teammutantecuador.com\/#organization\",\"name\":\"Team Mutan Ecuador\",\"url\":\"https:\/\/teammutantecuador.com\/\",\"logo\":{\"@type\":\"ImageObject\",\"inLanguage\":\"es\",\"@id\":\"https:\/\/teammutantecuador.com\/#\/schema\/logo\/image\/\",\"url\":\"https:\/\/teammutantecuador.com\/wp-content\/uploads\/2026\/01\/Diseno-sin-titulo-97.png\",\"contentUrl\":\"https:\/\/teammutantecuador.com\/wp-content\/uploads\/2026\/01\/Diseno-sin-titulo-97.png\",\"width\":500,\"height\":300,\"caption\":\"Team Mutan Ecuador\"},\"image\":{\"@id\":\"https:\/\/teammutantecuador.com\/#\/schema\/logo\/image\/\"}}]}<\/script>\n<!-- \/ Yoast SEO plugin. -->","yoast_head_json":{"title":"King Whey Bar 12 Unidades - Team Mutan Ecuador","description":"20G de prote\u00edna de sueroAz\u00facar 6GAl hornoSin gluten","robots":{"index":"index","follow":"follow","max-snippet":"max-snippet:-1","max-image-preview":"max-image-preview:large","max-video-preview":"max-video-preview:-1"},"canonical":"https:\/\/teammutantecuador.com\/?product=king-whey-bar-12-unidades","og_locale":"es_ES","og_type":"article","og_title":"King Whey Bar 12 Unidades - Team Mutan Ecuador","og_description":"20G de prote\u00edna de sueroAz\u00facar 6GAl hornoSin gluten","og_url":"https:\/\/teammutantecuador.com\/?product=king-whey-bar-12-unidades","og_site_name":"Team Mutan Ecuador","article_modified_time":"2026-01-17T16:04:00+00:00","twitter_card":"summary_large_image","schema":{"@context":"https:\/\/schema.org","@graph":[{"@type":"WebPage","@id":"https:\/\/teammutantecuador.com\/?product=king-whey-bar-12-unidades","url":"https:\/\/teammutantecuador.com\/?product=king-whey-bar-12-unidades","name":"King Whey Bar 12 Unidades - Team Mutan Ecuador","isPartOf":{"@id":"https:\/\/teammutantecuador.com\/#website"},"datePublished":"2026-01-17T16:03:57+00:00","dateModified":"2026-01-17T16:04:00+00:00","description":"20G de prote\u00edna de sueroAz\u00facar 6GAl hornoSin gluten","breadcrumb":{"@id":"https:\/\/teammutantecuador.com\/?product=king-whey-bar-12-unidades#breadcrumb"},"inLanguage":"es","potentialAction":[{"@type":"ReadAction","target":["https:\/\/teammutantecuador.com\/?product=king-whey-bar-12-unidades"]}]},{"@type":"BreadcrumbList","@id":"https:\/\/teammutantecuador.com\/?product=king-whey-bar-12-unidades#breadcrumb","itemListElement":[{"@type":"ListItem","position":1,"name":"Portada","item":"https:\/\/teammutantecuador.com\/"},{"@type":"ListItem","position":2,"name":"Shop","item":"https:\/\/teammutantecuador.com\/?page_id=6"},{"@type":"ListItem","position":3,"name":"King Whey Bar 12 Unidades"}]},{"@type":"WebSite","@id":"https:\/\/teammutantecuador.com\/#website","url":"https:\/\/teammutantecuador.com\/","name":"Team Mutan Ecuador","description":"Just another WordPress site","publisher":{"@id":"https:\/\/teammutantecuador.com\/#organization"},"potentialAction":[{"@type":"SearchAction","target":{"@type":"EntryPoint","urlTemplate":"https:\/\/teammutantecuador.com\/?s={search_term_string}"},"query-input":{"@type":"PropertyValueSpecification","valueRequired":true,"valueName":"search_term_string"}}],"inLanguage":"es"},{"@type":"Organization","@id":"https:\/\/teammutantecuador.com\/#organization","name":"Team Mutan Ecuador","url":"https:\/\/teammutantecuador.com\/","logo":{"@type":"ImageObject","inLanguage":"es","@id":"https:\/\/teammutantecuador.com\/#\/schema\/logo\/image\/","url":"https:\/\/teammutantecuador.com\/wp-content\/uploads\/2026\/01\/Diseno-sin-titulo-97.png","contentUrl":"https:\/\/teammutantecuador.com\/wp-content\/uploads\/2026\/01\/Diseno-sin-titulo-97.png","width":500,"height":300,"caption":"Team Mutan Ecuador"},"image":{"@id":"https:\/\/teammutantecuador.com\/#\/schema\/logo\/image\/"}}]}},"_links":{"self":[{"href":"https:\/\/teammutantecuador.com\/index.php?rest_route=\/wp\/v2\/product\/1438","targetHints":{"allow":["GET"]}}],"collection":[{"href":"https:\/\/teammutantecuador.com\/index.php?rest_route=\/wp\/v2\/product"}],"about":[{"href":"https:\/\/teammutantecuador.com\/index.php?rest_route=\/wp\/v2\/types\/product"}],"replies":[{"embeddable":true,"href":"https:\/\/teammutantecuador.com\/index.php?rest_route=%2Fwp%2Fv2%2Fcomments&post=1438"}],"wp:attachment":[{"href":"https:\/\/teammutantecuador.com\/index.php?rest_route=%2Fwp%2Fv2%2Fmedia&parent=1438"}],"wp:term":[{"taxonomy":"product_brand","embeddable":true,"href":"https:\/\/teammutantecuador.com\/index.php?rest_route=%2Fwp%2Fv2%2Fproduct_brand&post=1438"},{"taxonomy":"product_cat","embeddable":true,"href":"https:\/\/teammutantecuador.com\/index.php?rest_route=%2Fwp%2Fv2%2Fproduct_cat&post=1438"},{"taxonomy":"product_tag","embeddable":true,"href":"https:\/\/teammutantecuador.com\/index.php?rest_route=%2Fwp%2Fv2%2Fproduct_tag&post=1438"}],"curies":[{"name":"wp","href":"https:\/\/api.w.org\/{rel}","templated":true}]}}