{"id":1437,"date":"2026-01-17T16:03:57","date_gmt":"2026-01-17T16:03:57","guid":{"rendered":"https:\/\/teammutantecuador.com\/?post_type=product&#038;p=1437"},"modified":"2026-01-17T16:04:00","modified_gmt":"2026-01-17T16:04:00","slug":"king-whey-10lbs","status":"publish","type":"product","link":"https:\/\/teammutantecuador.com\/?product=king-whey-10lbs","title":{"rendered":"KING WHEY 10LBS"},"content":{"rendered":"<h2>DESCRIPCI\u00d3N<\/h2>\n<p>Ronnie Coleman Signature Series presenta con el nuevo\u00a0<strong>KING WHEY<\/strong>, una nueva prote\u00edna de alta calidad!, King Whey proporciona 25 gramos de prote\u00edna aislada de suero con coentrado de suero de leche de r\u00e1pida acci\u00f3n para la recuperaci\u00f3n maxima. Esta prote\u00edna de alta calidad combina deliciosos sabores f\u00e1ciles de diluir, estableciendo un nuevo est\u00e1ndar para los polvos de prote\u00edna de suero de leche!, Reduce al m\u00ednimo el tiempo de recuperaci\u00f3n y aumenta la construcci\u00f3n de m\u00fasculo r\u00e1pido todo gracias al King Whey de Ronnie Coleman.<\/p>\n<h2>MODO DE USO: COMO USAR KING WHEY DE RONNIE COLEMAN<\/h2>\n<p>Mezclar 1 scoop con 200 \u2013 300 ml de agua fr\u00eda o su bebida favorita. Variar la cantidad de l\u00edquido de su elecci\u00f3n para adquirir el sabor y consistencia deseada. Beber, seg\u00fan sea necesario, incluso despu\u00e9s de su entrenamiento para alcanzar sus objetivos de culturismo y fitness. Para aumentar a\u00fan m\u00e1s la ingesta de prote\u00ednas y para crear una consistencia de malteada, trate de a\u00f1adir leche descremada o baja en grasa en lugar de agua. Se recomienda el uso de combinaci\u00f3n con un r\u00e9gimen de dieta y ejercicio adecuado para maximizar los resultados.<\/p>\n","protected":false},"excerpt":{"rendered":"<p>25 gramos de whey isolate en conbiacion con whey concentrate<br \/>\nR\u00e1pida Recuperaci\u00f3n y construcci\u00f3n muscular<br \/>\nTan solo 1 gramo de az\u00facar dependiendo del sabor<br \/>\nEntre 69\/73 scoops dependiendo del sabor<br \/>\nF\u00e1cil disoluci\u00f3n<\/p>\n","protected":false},"featured_media":0,"comment_status":"open","ping_status":"closed","template":"","meta":[],"product_brand":[],"product_cat":[357],"product_tag":[59,65,103,92],"class_list":{"0":"post-1437","1":"product","2":"type-product","3":"status-publish","5":"product_cat-proteinas-2","6":"product_tag-proteina","7":"product_tag-ronnie-coleman","8":"product_tag-whey","9":"product_tag-whey-protein","11":"first","12":"instock","13":"shipping-taxable","14":"purchasable","15":"product-type-simple"},"yoast_head":"<!-- This site is optimized with the Yoast SEO plugin v26.8 - https:\/\/yoast.com\/product\/yoast-seo-wordpress\/ -->\n<title>KING WHEY 10LBS - Team Mutan Ecuador<\/title>\n<meta name=\"description\" content=\"25 gramos de whey isolate en conbiacion con whey concentrateR\u00e1pida Recuperaci\u00f3n y construcci\u00f3n muscularTan solo 1 gramo de az\u00facar dependiendo del saborEntre 69\/73 scoops dependiendo del saborF\u00e1cil disoluci\u00f3n\" \/>\n<meta name=\"robots\" content=\"index, follow, max-snippet:-1, max-image-preview:large, max-video-preview:-1\" \/>\n<link rel=\"canonical\" href=\"https:\/\/teammutantecuador.com\/?product=king-whey-10lbs\" \/>\n<meta property=\"og:locale\" content=\"es_ES\" \/>\n<meta property=\"og:type\" content=\"article\" \/>\n<meta property=\"og:title\" content=\"KING WHEY 10LBS - Team Mutan Ecuador\" \/>\n<meta property=\"og:description\" content=\"25 gramos de whey isolate en conbiacion con whey concentrateR\u00e1pida Recuperaci\u00f3n y construcci\u00f3n muscularTan solo 1 gramo de az\u00facar dependiendo del saborEntre 69\/73 scoops dependiendo del saborF\u00e1cil disoluci\u00f3n\" \/>\n<meta property=\"og:url\" content=\"https:\/\/teammutantecuador.com\/?product=king-whey-10lbs\" \/>\n<meta property=\"og:site_name\" content=\"Team Mutan Ecuador\" \/>\n<meta property=\"article:modified_time\" content=\"2026-01-17T16:04:00+00:00\" \/>\n<meta name=\"twitter:card\" content=\"summary_large_image\" \/>\n<meta name=\"twitter:label1\" content=\"Tiempo de lectura\" \/>\n\t<meta name=\"twitter:data1\" content=\"1 minuto\" \/>\n<script type=\"application\/ld+json\" class=\"yoast-schema-graph\">{\"@context\":\"https:\/\/schema.org\",\"@graph\":[{\"@type\":\"WebPage\",\"@id\":\"https:\/\/teammutantecuador.com\/?product=king-whey-10lbs\",\"url\":\"https:\/\/teammutantecuador.com\/?product=king-whey-10lbs\",\"name\":\"KING WHEY 10LBS - Team Mutan Ecuador\",\"isPartOf\":{\"@id\":\"https:\/\/teammutantecuador.com\/#website\"},\"datePublished\":\"2026-01-17T16:03:57+00:00\",\"dateModified\":\"2026-01-17T16:04:00+00:00\",\"description\":\"25 gramos de whey isolate en conbiacion con whey concentrateR\u00e1pida Recuperaci\u00f3n y construcci\u00f3n muscularTan solo 1 gramo de az\u00facar dependiendo del saborEntre 69\/73 scoops dependiendo del saborF\u00e1cil disoluci\u00f3n\",\"breadcrumb\":{\"@id\":\"https:\/\/teammutantecuador.com\/?product=king-whey-10lbs#breadcrumb\"},\"inLanguage\":\"es\",\"potentialAction\":[{\"@type\":\"ReadAction\",\"target\":[\"https:\/\/teammutantecuador.com\/?product=king-whey-10lbs\"]}]},{\"@type\":\"BreadcrumbList\",\"@id\":\"https:\/\/teammutantecuador.com\/?product=king-whey-10lbs#breadcrumb\",\"itemListElement\":[{\"@type\":\"ListItem\",\"position\":1,\"name\":\"Portada\",\"item\":\"https:\/\/teammutantecuador.com\/\"},{\"@type\":\"ListItem\",\"position\":2,\"name\":\"Shop\",\"item\":\"https:\/\/teammutantecuador.com\/?page_id=6\"},{\"@type\":\"ListItem\",\"position\":3,\"name\":\"KING WHEY 10LBS\"}]},{\"@type\":\"WebSite\",\"@id\":\"https:\/\/teammutantecuador.com\/#website\",\"url\":\"https:\/\/teammutantecuador.com\/\",\"name\":\"Team Mutan Ecuador\",\"description\":\"Just another WordPress site\",\"publisher\":{\"@id\":\"https:\/\/teammutantecuador.com\/#organization\"},\"potentialAction\":[{\"@type\":\"SearchAction\",\"target\":{\"@type\":\"EntryPoint\",\"urlTemplate\":\"https:\/\/teammutantecuador.com\/?s={search_term_string}\"},\"query-input\":{\"@type\":\"PropertyValueSpecification\",\"valueRequired\":true,\"valueName\":\"search_term_string\"}}],\"inLanguage\":\"es\"},{\"@type\":\"Organization\",\"@id\":\"https:\/\/teammutantecuador.com\/#organization\",\"name\":\"Team Mutan Ecuador\",\"url\":\"https:\/\/teammutantecuador.com\/\",\"logo\":{\"@type\":\"ImageObject\",\"inLanguage\":\"es\",\"@id\":\"https:\/\/teammutantecuador.com\/#\/schema\/logo\/image\/\",\"url\":\"https:\/\/teammutantecuador.com\/wp-content\/uploads\/2026\/01\/Diseno-sin-titulo-97.png\",\"contentUrl\":\"https:\/\/teammutantecuador.com\/wp-content\/uploads\/2026\/01\/Diseno-sin-titulo-97.png\",\"width\":500,\"height\":300,\"caption\":\"Team Mutan Ecuador\"},\"image\":{\"@id\":\"https:\/\/teammutantecuador.com\/#\/schema\/logo\/image\/\"}}]}<\/script>\n<!-- \/ Yoast SEO plugin. -->","yoast_head_json":{"title":"KING WHEY 10LBS - Team Mutan Ecuador","description":"25 gramos de whey isolate en conbiacion con whey concentrateR\u00e1pida Recuperaci\u00f3n y construcci\u00f3n muscularTan solo 1 gramo de az\u00facar dependiendo del saborEntre 69\/73 scoops dependiendo del saborF\u00e1cil disoluci\u00f3n","robots":{"index":"index","follow":"follow","max-snippet":"max-snippet:-1","max-image-preview":"max-image-preview:large","max-video-preview":"max-video-preview:-1"},"canonical":"https:\/\/teammutantecuador.com\/?product=king-whey-10lbs","og_locale":"es_ES","og_type":"article","og_title":"KING WHEY 10LBS - Team Mutan Ecuador","og_description":"25 gramos de whey isolate en conbiacion con whey concentrateR\u00e1pida Recuperaci\u00f3n y construcci\u00f3n muscularTan solo 1 gramo de az\u00facar dependiendo del saborEntre 69\/73 scoops dependiendo del saborF\u00e1cil disoluci\u00f3n","og_url":"https:\/\/teammutantecuador.com\/?product=king-whey-10lbs","og_site_name":"Team Mutan Ecuador","article_modified_time":"2026-01-17T16:04:00+00:00","twitter_card":"summary_large_image","twitter_misc":{"Tiempo de lectura":"1 minuto"},"schema":{"@context":"https:\/\/schema.org","@graph":[{"@type":"WebPage","@id":"https:\/\/teammutantecuador.com\/?product=king-whey-10lbs","url":"https:\/\/teammutantecuador.com\/?product=king-whey-10lbs","name":"KING WHEY 10LBS - Team Mutan Ecuador","isPartOf":{"@id":"https:\/\/teammutantecuador.com\/#website"},"datePublished":"2026-01-17T16:03:57+00:00","dateModified":"2026-01-17T16:04:00+00:00","description":"25 gramos de whey isolate en conbiacion con whey concentrateR\u00e1pida Recuperaci\u00f3n y construcci\u00f3n muscularTan solo 1 gramo de az\u00facar dependiendo del saborEntre 69\/73 scoops dependiendo del saborF\u00e1cil disoluci\u00f3n","breadcrumb":{"@id":"https:\/\/teammutantecuador.com\/?product=king-whey-10lbs#breadcrumb"},"inLanguage":"es","potentialAction":[{"@type":"ReadAction","target":["https:\/\/teammutantecuador.com\/?product=king-whey-10lbs"]}]},{"@type":"BreadcrumbList","@id":"https:\/\/teammutantecuador.com\/?product=king-whey-10lbs#breadcrumb","itemListElement":[{"@type":"ListItem","position":1,"name":"Portada","item":"https:\/\/teammutantecuador.com\/"},{"@type":"ListItem","position":2,"name":"Shop","item":"https:\/\/teammutantecuador.com\/?page_id=6"},{"@type":"ListItem","position":3,"name":"KING WHEY 10LBS"}]},{"@type":"WebSite","@id":"https:\/\/teammutantecuador.com\/#website","url":"https:\/\/teammutantecuador.com\/","name":"Team Mutan Ecuador","description":"Just another WordPress site","publisher":{"@id":"https:\/\/teammutantecuador.com\/#organization"},"potentialAction":[{"@type":"SearchAction","target":{"@type":"EntryPoint","urlTemplate":"https:\/\/teammutantecuador.com\/?s={search_term_string}"},"query-input":{"@type":"PropertyValueSpecification","valueRequired":true,"valueName":"search_term_string"}}],"inLanguage":"es"},{"@type":"Organization","@id":"https:\/\/teammutantecuador.com\/#organization","name":"Team Mutan Ecuador","url":"https:\/\/teammutantecuador.com\/","logo":{"@type":"ImageObject","inLanguage":"es","@id":"https:\/\/teammutantecuador.com\/#\/schema\/logo\/image\/","url":"https:\/\/teammutantecuador.com\/wp-content\/uploads\/2026\/01\/Diseno-sin-titulo-97.png","contentUrl":"https:\/\/teammutantecuador.com\/wp-content\/uploads\/2026\/01\/Diseno-sin-titulo-97.png","width":500,"height":300,"caption":"Team Mutan Ecuador"},"image":{"@id":"https:\/\/teammutantecuador.com\/#\/schema\/logo\/image\/"}}]}},"_links":{"self":[{"href":"https:\/\/teammutantecuador.com\/index.php?rest_route=\/wp\/v2\/product\/1437","targetHints":{"allow":["GET"]}}],"collection":[{"href":"https:\/\/teammutantecuador.com\/index.php?rest_route=\/wp\/v2\/product"}],"about":[{"href":"https:\/\/teammutantecuador.com\/index.php?rest_route=\/wp\/v2\/types\/product"}],"replies":[{"embeddable":true,"href":"https:\/\/teammutantecuador.com\/index.php?rest_route=%2Fwp%2Fv2%2Fcomments&post=1437"}],"wp:attachment":[{"href":"https:\/\/teammutantecuador.com\/index.php?rest_route=%2Fwp%2Fv2%2Fmedia&parent=1437"}],"wp:term":[{"taxonomy":"product_brand","embeddable":true,"href":"https:\/\/teammutantecuador.com\/index.php?rest_route=%2Fwp%2Fv2%2Fproduct_brand&post=1437"},{"taxonomy":"product_cat","embeddable":true,"href":"https:\/\/teammutantecuador.com\/index.php?rest_route=%2Fwp%2Fv2%2Fproduct_cat&post=1437"},{"taxonomy":"product_tag","embeddable":true,"href":"https:\/\/teammutantecuador.com\/index.php?rest_route=%2Fwp%2Fv2%2Fproduct_tag&post=1437"}],"curies":[{"name":"wp","href":"https:\/\/api.w.org\/{rel}","templated":true}]}}