{"id":1436,"date":"2026-01-17T16:03:57","date_gmt":"2026-01-17T16:03:57","guid":{"rendered":"https:\/\/teammutantecuador.com\/?post_type=product&#038;p=1436"},"modified":"2026-01-17T16:04:00","modified_gmt":"2026-01-17T16:04:00","slug":"niox-120-caps-de-nutrex","status":"publish","type":"product","link":"https:\/\/teammutantecuador.com\/?product=niox-120-caps-de-nutrex","title":{"rendered":"NIOX 120 CAPS de Nutrex"},"content":{"rendered":"<h2>NIOX<\/h2>\n<h2><em>\u00a1Vasodilataci\u00f3n y congesti\u00f3n muscular m\u00e1xima durante los entrenamientos!<\/em><\/h2>\n<p><strong><em>Nutrex<\/em><\/strong>\u00a0es una de las marcas m\u00e1s solicitadas de nutrici\u00f3n deportiva y sus productos son \u00e9xito en ventas desde hace a\u00f1os.\u00a0<strong>Niox<\/strong>\u00a0de\u00a0<strong><em>Nutrex<\/em><\/strong>\u00a0es un producto cuya f\u00f3rmula avanzada que suministra ingredientes s\u00faper potentes que promueven la producci\u00f3n de \u00f3xido n\u00edtrico en tus vasos sangu\u00edneos. De esta forma consigues que tus m\u00fasculos se llenen de sangre en cada entrenamiento, ayud\u00e1ndote a maximizar la congesti\u00f3n y el crecimiento de tus m\u00fasculos.<\/p>\n<p>M\u00e1s sangre en tus m\u00fasculos significa m\u00e1s nutrientes, m\u00e1s energ\u00eda y m\u00e1s ox\u00edgeno para poder rendir m\u00e1s y mejor en cada entrenamiento.<\/p>\n<h3><em>Niox. Caracter\u00edsticas principales:<\/em><\/h3>\n<ul class=\"product-list-unordened\">\n<li>3000 mg de ingredientes activos por dosis (3 c\u00e1psulas).<\/li>\n<li>Con Arginina Etil \u00c9ster.<\/li>\n<li>Con Glicerina.<\/li>\n<li>Con AgmaPure (Agmatine).<\/li>\n<li>Con Carnosyn (Beta-alanine).<\/li>\n<li>C\u00e1psulas l\u00edquidas de acci\u00f3n r\u00e1pida.<\/li>\n<li>120 c\u00e1psulas por envase.<\/li>\n<\/ul>\n<h3><em>Niox. Efectos principales:<\/em><\/h3>\n<ul class=\"product-list-unordened\">\n<li>Promueve la formaci\u00f3n de \u00f3xido n\u00edtrico para aumentar la congesti\u00f3n muscular.<\/li>\n<li>Favorece la llegada de nutrientes y ox\u00edgeno a los m\u00fasculos.<\/li>\n<li>Ayuda a incrementar la resistencia muscular.<\/li>\n<li>Ayuda a incrementar el volumen y tama\u00f1o muscular.<\/li>\n<\/ul>\n<h3><em>Niox. La ciencia detr\u00e1s:<\/em><\/h3>\n<p><strong>Niox<\/strong>\u00a0es un producto potenciador de la vasodilataci\u00f3n de m\u00e1xima absorci\u00f3n elaborado con ingredientes de \u00faltima generaci\u00f3n como la Arginina etil \u00e9ster, AgmaPure y Carnosyn.<\/p>\n<div>\n<p><em><u>Arginina etil \u00e9ster:<\/u><\/em>\u00a0forma de arginina cuya f\u00f3rmula qu\u00edmica su efectividad y absorci\u00f3n, permitiendo utilizar dosis menores. El grupo \u00e9ster parece mejorar la absorci\u00f3n de la arginina atravesando las c\u00e9lulas del intestino con mayor eficacia y pasando al torrente sangu\u00edneo donde la arginina dar\u00e1 lugar al \u00f3xido n\u00edtrico.<\/p>\n<p><em><u>AgmaPure:<\/u><\/em>\u00a0forma patentada de agmantina sulfato una forma de arginina descaboxilada que ayuda a aumentar la producci\u00f3n de \u00f3xido n\u00edtrico, activando la vasodilataci\u00f3n.<\/p>\n<p><em><u>Glicerina:<\/u><\/em>\u00a0tambi\u00e9n conocido como glicerol. Incrementa el volumen y al hidrataci\u00f3n celular, ayudando a incrementar el tama\u00f1o muscular.<\/p>\n<p><em><u>CarnoSyn:<\/u><\/em>\u00a0forma patentada de beta-alanina. La beta-alanina reduce la acidez muscular gracias al incremento en la s\u00edntesis de carnosina. La acidez muscular es uno de los desencadenantes de la aparici\u00f3n de fatiga muscular y es limitante del rendimiento deportivo.<\/p>\n<\/div>\n<p><strong>Niox<\/strong>\u00a0utiliza c\u00e1psulas l\u00edquidas de r\u00e1pida absorci\u00f3n que permiten que los ingredientes act\u00faen m\u00e1s r\u00e1pidamente, adem\u00e1s\u00a0<strong>Nutrex<\/strong>\u00a0emplea celulosa vegetal para que pueda ser utilizado por las personas que no desean consumir gelatina de origen animal.<\/p>\n<h3><em>Niox. Objetivos principales:<\/em><\/h3>\n<ol class=\"product-list-ordened\">\n<li>Desarrollo muscular.<\/li>\n<li>Mejora del entrenamiento.\n<ul>\n<li>Entrenamientos m\u00e1s intensos.<\/li>\n<li>Combatir la fatiga.<\/li>\n<\/ul>\n<\/li>\n<\/ol>\n<h3><em>\u00bfQui\u00e9n puede beneficiarse de Niox?<\/em><\/h3>\n<ul class=\"product-list-unordened\">\n<li>Todo tipo de deportistas, especialmente deportistas que deseen incrementar el riego sangu\u00edneo a sus m\u00fasculos, ya sea para incrementar su masa muscular o su resistencia muscular.<\/li>\n<li>Cualquier deportista que realice actividades de alta intensidad como artes marciales, CrossFit\u00ae, levantamientos de pesas, etc.<\/li>\n<li>Deportistas de resistencia que realicen entrenamientos intensos, distancias cortas o medias, con cambios de ritmo, o para el sprint final antes de llegar a la meta.<\/li>\n<\/ul>\n<h3><em>Niox. C\u00f3mo combinar:<\/em><\/h3>\n<p><strong>Niox<\/strong>\u00a0se puede combinar con otros productos de nutrici\u00f3n deportiva dependiendo de su objetivo. Por ejemplo puede combinarse con estimulantes como la cafe\u00edna para conseguir un pre-entrenamiento completo. Durante la actividad pueden utilizarse amino\u00e1cidos o carbohidratos de f\u00e1cil digesti\u00f3n, y al finalizar ser\u00eda recomendable consumir un recuperador con prote\u00ednas y carbohidratos para recuperar el da\u00f1o muscular y reponer los dep\u00f3sitos de gluc\u00f3geno.<\/p>\n","protected":false},"excerpt":{"rendered":"<ul class=\"claims\">\n<li>F\u00f3rmula avanzada de \u00f3xido n\u00edtrico.<\/li>\n<li>Con ingredientes de \u00faltima generaci\u00f3n.<\/li>\n<li>C\u00e1psulas l\u00edquidas de r\u00e1pida acci\u00f3n.<\/li>\n<\/ul>\n","protected":false},"featured_media":0,"comment_status":"open","ping_status":"closed","template":"","meta":[],"product_brand":[],"product_cat":[385],"product_tag":[50,386],"class_list":{"0":"post-1436","1":"product","2":"type-product","3":"status-publish","5":"product_cat-oxido-nitroso","6":"product_tag-nutrex","7":"product_tag-oxido-nitroso","9":"first","10":"instock","11":"shipping-taxable","12":"purchasable","13":"product-type-simple"},"yoast_head":"<!-- This site is optimized with the Yoast SEO plugin v26.8 - https:\/\/yoast.com\/product\/yoast-seo-wordpress\/ -->\n<title>NIOX 120 CAPS de Nutrex - Team Mutan Ecuador<\/title>\n<meta name=\"description\" content=\"F\u00f3rmula avanzada de \u00f3xido n\u00edtrico.Con ingredientes de \u00faltima generaci\u00f3n.C\u00e1psulas l\u00edquidas de r\u00e1pida acci\u00f3n.\" \/>\n<meta name=\"robots\" content=\"index, follow, max-snippet:-1, max-image-preview:large, max-video-preview:-1\" \/>\n<link rel=\"canonical\" href=\"https:\/\/teammutantecuador.com\/?product=niox-120-caps-de-nutrex\" \/>\n<meta property=\"og:locale\" content=\"es_ES\" \/>\n<meta property=\"og:type\" content=\"article\" \/>\n<meta property=\"og:title\" content=\"NIOX 120 CAPS de Nutrex - Team Mutan Ecuador\" \/>\n<meta property=\"og:description\" content=\"F\u00f3rmula avanzada de \u00f3xido n\u00edtrico.Con ingredientes de \u00faltima generaci\u00f3n.C\u00e1psulas l\u00edquidas de r\u00e1pida acci\u00f3n.\" \/>\n<meta property=\"og:url\" content=\"https:\/\/teammutantecuador.com\/?product=niox-120-caps-de-nutrex\" \/>\n<meta property=\"og:site_name\" content=\"Team Mutan Ecuador\" \/>\n<meta property=\"article:modified_time\" content=\"2026-01-17T16:04:00+00:00\" \/>\n<meta name=\"twitter:card\" content=\"summary_large_image\" \/>\n<meta name=\"twitter:label1\" content=\"Tiempo de lectura\" \/>\n\t<meta name=\"twitter:data1\" content=\"3 minutos\" \/>\n<script type=\"application\/ld+json\" class=\"yoast-schema-graph\">{\"@context\":\"https:\/\/schema.org\",\"@graph\":[{\"@type\":\"WebPage\",\"@id\":\"https:\/\/teammutantecuador.com\/?product=niox-120-caps-de-nutrex\",\"url\":\"https:\/\/teammutantecuador.com\/?product=niox-120-caps-de-nutrex\",\"name\":\"NIOX 120 CAPS de Nutrex - Team Mutan Ecuador\",\"isPartOf\":{\"@id\":\"https:\/\/teammutantecuador.com\/#website\"},\"datePublished\":\"2026-01-17T16:03:57+00:00\",\"dateModified\":\"2026-01-17T16:04:00+00:00\",\"description\":\"F\u00f3rmula avanzada de \u00f3xido n\u00edtrico.Con ingredientes de \u00faltima generaci\u00f3n.C\u00e1psulas l\u00edquidas de r\u00e1pida acci\u00f3n.\",\"breadcrumb\":{\"@id\":\"https:\/\/teammutantecuador.com\/?product=niox-120-caps-de-nutrex#breadcrumb\"},\"inLanguage\":\"es\",\"potentialAction\":[{\"@type\":\"ReadAction\",\"target\":[\"https:\/\/teammutantecuador.com\/?product=niox-120-caps-de-nutrex\"]}]},{\"@type\":\"BreadcrumbList\",\"@id\":\"https:\/\/teammutantecuador.com\/?product=niox-120-caps-de-nutrex#breadcrumb\",\"itemListElement\":[{\"@type\":\"ListItem\",\"position\":1,\"name\":\"Portada\",\"item\":\"https:\/\/teammutantecuador.com\/\"},{\"@type\":\"ListItem\",\"position\":2,\"name\":\"Shop\",\"item\":\"https:\/\/teammutantecuador.com\/?page_id=6\"},{\"@type\":\"ListItem\",\"position\":3,\"name\":\"NIOX 120 CAPS de Nutrex\"}]},{\"@type\":\"WebSite\",\"@id\":\"https:\/\/teammutantecuador.com\/#website\",\"url\":\"https:\/\/teammutantecuador.com\/\",\"name\":\"Team Mutan Ecuador\",\"description\":\"Just another WordPress site\",\"publisher\":{\"@id\":\"https:\/\/teammutantecuador.com\/#organization\"},\"potentialAction\":[{\"@type\":\"SearchAction\",\"target\":{\"@type\":\"EntryPoint\",\"urlTemplate\":\"https:\/\/teammutantecuador.com\/?s={search_term_string}\"},\"query-input\":{\"@type\":\"PropertyValueSpecification\",\"valueRequired\":true,\"valueName\":\"search_term_string\"}}],\"inLanguage\":\"es\"},{\"@type\":\"Organization\",\"@id\":\"https:\/\/teammutantecuador.com\/#organization\",\"name\":\"Team Mutan Ecuador\",\"url\":\"https:\/\/teammutantecuador.com\/\",\"logo\":{\"@type\":\"ImageObject\",\"inLanguage\":\"es\",\"@id\":\"https:\/\/teammutantecuador.com\/#\/schema\/logo\/image\/\",\"url\":\"https:\/\/teammutantecuador.com\/wp-content\/uploads\/2026\/01\/Diseno-sin-titulo-97.png\",\"contentUrl\":\"https:\/\/teammutantecuador.com\/wp-content\/uploads\/2026\/01\/Diseno-sin-titulo-97.png\",\"width\":500,\"height\":300,\"caption\":\"Team Mutan Ecuador\"},\"image\":{\"@id\":\"https:\/\/teammutantecuador.com\/#\/schema\/logo\/image\/\"}}]}<\/script>\n<!-- \/ Yoast SEO plugin. -->","yoast_head_json":{"title":"NIOX 120 CAPS de Nutrex - Team Mutan Ecuador","description":"F\u00f3rmula avanzada de \u00f3xido n\u00edtrico.Con ingredientes de \u00faltima generaci\u00f3n.C\u00e1psulas l\u00edquidas de r\u00e1pida acci\u00f3n.","robots":{"index":"index","follow":"follow","max-snippet":"max-snippet:-1","max-image-preview":"max-image-preview:large","max-video-preview":"max-video-preview:-1"},"canonical":"https:\/\/teammutantecuador.com\/?product=niox-120-caps-de-nutrex","og_locale":"es_ES","og_type":"article","og_title":"NIOX 120 CAPS de Nutrex - Team Mutan Ecuador","og_description":"F\u00f3rmula avanzada de \u00f3xido n\u00edtrico.Con ingredientes de \u00faltima generaci\u00f3n.C\u00e1psulas l\u00edquidas de r\u00e1pida acci\u00f3n.","og_url":"https:\/\/teammutantecuador.com\/?product=niox-120-caps-de-nutrex","og_site_name":"Team Mutan Ecuador","article_modified_time":"2026-01-17T16:04:00+00:00","twitter_card":"summary_large_image","twitter_misc":{"Tiempo de lectura":"3 minutos"},"schema":{"@context":"https:\/\/schema.org","@graph":[{"@type":"WebPage","@id":"https:\/\/teammutantecuador.com\/?product=niox-120-caps-de-nutrex","url":"https:\/\/teammutantecuador.com\/?product=niox-120-caps-de-nutrex","name":"NIOX 120 CAPS de Nutrex - Team Mutan Ecuador","isPartOf":{"@id":"https:\/\/teammutantecuador.com\/#website"},"datePublished":"2026-01-17T16:03:57+00:00","dateModified":"2026-01-17T16:04:00+00:00","description":"F\u00f3rmula avanzada de \u00f3xido n\u00edtrico.Con ingredientes de \u00faltima generaci\u00f3n.C\u00e1psulas l\u00edquidas de r\u00e1pida acci\u00f3n.","breadcrumb":{"@id":"https:\/\/teammutantecuador.com\/?product=niox-120-caps-de-nutrex#breadcrumb"},"inLanguage":"es","potentialAction":[{"@type":"ReadAction","target":["https:\/\/teammutantecuador.com\/?product=niox-120-caps-de-nutrex"]}]},{"@type":"BreadcrumbList","@id":"https:\/\/teammutantecuador.com\/?product=niox-120-caps-de-nutrex#breadcrumb","itemListElement":[{"@type":"ListItem","position":1,"name":"Portada","item":"https:\/\/teammutantecuador.com\/"},{"@type":"ListItem","position":2,"name":"Shop","item":"https:\/\/teammutantecuador.com\/?page_id=6"},{"@type":"ListItem","position":3,"name":"NIOX 120 CAPS de Nutrex"}]},{"@type":"WebSite","@id":"https:\/\/teammutantecuador.com\/#website","url":"https:\/\/teammutantecuador.com\/","name":"Team Mutan Ecuador","description":"Just another WordPress site","publisher":{"@id":"https:\/\/teammutantecuador.com\/#organization"},"potentialAction":[{"@type":"SearchAction","target":{"@type":"EntryPoint","urlTemplate":"https:\/\/teammutantecuador.com\/?s={search_term_string}"},"query-input":{"@type":"PropertyValueSpecification","valueRequired":true,"valueName":"search_term_string"}}],"inLanguage":"es"},{"@type":"Organization","@id":"https:\/\/teammutantecuador.com\/#organization","name":"Team Mutan Ecuador","url":"https:\/\/teammutantecuador.com\/","logo":{"@type":"ImageObject","inLanguage":"es","@id":"https:\/\/teammutantecuador.com\/#\/schema\/logo\/image\/","url":"https:\/\/teammutantecuador.com\/wp-content\/uploads\/2026\/01\/Diseno-sin-titulo-97.png","contentUrl":"https:\/\/teammutantecuador.com\/wp-content\/uploads\/2026\/01\/Diseno-sin-titulo-97.png","width":500,"height":300,"caption":"Team Mutan Ecuador"},"image":{"@id":"https:\/\/teammutantecuador.com\/#\/schema\/logo\/image\/"}}]}},"_links":{"self":[{"href":"https:\/\/teammutantecuador.com\/index.php?rest_route=\/wp\/v2\/product\/1436","targetHints":{"allow":["GET"]}}],"collection":[{"href":"https:\/\/teammutantecuador.com\/index.php?rest_route=\/wp\/v2\/product"}],"about":[{"href":"https:\/\/teammutantecuador.com\/index.php?rest_route=\/wp\/v2\/types\/product"}],"replies":[{"embeddable":true,"href":"https:\/\/teammutantecuador.com\/index.php?rest_route=%2Fwp%2Fv2%2Fcomments&post=1436"}],"wp:attachment":[{"href":"https:\/\/teammutantecuador.com\/index.php?rest_route=%2Fwp%2Fv2%2Fmedia&parent=1436"}],"wp:term":[{"taxonomy":"product_brand","embeddable":true,"href":"https:\/\/teammutantecuador.com\/index.php?rest_route=%2Fwp%2Fv2%2Fproduct_brand&post=1436"},{"taxonomy":"product_cat","embeddable":true,"href":"https:\/\/teammutantecuador.com\/index.php?rest_route=%2Fwp%2Fv2%2Fproduct_cat&post=1436"},{"taxonomy":"product_tag","embeddable":true,"href":"https:\/\/teammutantecuador.com\/index.php?rest_route=%2Fwp%2Fv2%2Fproduct_tag&post=1436"}],"curies":[{"name":"wp","href":"https:\/\/api.w.org\/{rel}","templated":true}]}}