{"id":1435,"date":"2026-01-17T16:03:57","date_gmt":"2026-01-17T16:03:57","guid":{"rendered":"https:\/\/teammutantecuador.com\/?post_type=product&#038;p=1435"},"modified":"2026-01-21T11:35:26","modified_gmt":"2026-01-21T11:35:26","slug":"vitrix-90-caps-de-nutrex","status":"publish","type":"product","link":"https:\/\/teammutantecuador.com\/?product=vitrix-90-caps-de-nutrex","title":{"rendered":"VITRIX 90 CAPS de Nutrex"},"content":{"rendered":"<h2>VITRIX\u00a0NUTREX<\/h2>\n<h2><em>Ayuda a optimizar la producci\u00f3n de testosterona y aumenta la libido.<\/em><\/h2>\n<p><strong>Vitrix<\/strong>\u00a0es la nueva propuesta de\u00a0<strong><em>Nutrex<\/em><\/strong>, un complemento dise\u00f1ado para estimular y favorecer la producci\u00f3n hormonal de forma natural. Adem\u00e1s, su combinaci\u00f3n de ingredientes favorece y promueve la salud sexual, ayudando a mejorar la libido.<\/p>\n<h3><em>Vitrix. Caracter\u00edsticas principales:<\/em><\/h3>\n<ul class=\"product-list-unordened\">\n<li>500 mg de L-Arginina en cada dosis*.<\/li>\n<li>350 mg de Fenogreco en cada dosis.<\/li>\n<li>67 % Daily Value (DV) de Zinc por dosis.<\/li>\n<li>5 mg de extracto de Pimienta Negra (Bioperine\u00ae) en cada dosis.<\/li>\n<\/ul>\n<p><em>*Dosis: 2 c\u00e1psulas.<\/em><\/p>\n<h3><em>Vitrix. Efectos principales:<\/em><\/h3>\n<ul class=\"product-list-unordened\">\n<li>Contribuye a la producci\u00f3n normal de hormonas.<\/li>\n<li>Promueve el deseo y la salud sexual.<\/li>\n<\/ul>\n<h3><em>Vitrix. La ciencia detr\u00e1s:<\/em><\/h3>\n<p><strong>Vitrix<\/strong>\u00a0de\u00a0<strong><em>Nutrex<\/em><\/strong>\u00a0es un producto elaborado mediante una combinaci\u00f3n de ingredientes pensada para incrementar y optimizar los niveles de producci\u00f3n hormonal, as\u00ed como mejorar la libido y promover la salud sexual.<\/p>\n<div>\n<p><em><u>L-Arginina:<\/u><\/em>\u00a0el \u00f3xido n\u00edtrico es una mol\u00e9cula que act\u00faa como vasodilatador mejorando el flujo sangu\u00edneo y la llegada de ox\u00edgeno y nutrientes a los diferentes tejidos. Su aporte puede mejorar la tolerancia al ejercicio, reducir la fatiga muscular adem\u00e1s de mejorar la capacidad sexual masculina.<\/p>\n<p><em><u>Fenogreco:<\/u><\/em>\u00a0con un 50 % de saponinas y un 20 % de protodioscina, principios activos que se han relacionado con el incremento de la secreci\u00f3n de testosterona, aumento de la libido e incrementos de la masa muscular.<\/p>\n<p><em><u>Bioperine:<\/u><\/em>\u00a0extracto de pimienta negra. Mejora la biodisponibilidad de los ingredientes.<\/p>\n<\/div>\n<p>Adem\u00e1s,\u00a0<strong>Vitrix<\/strong>\u00a0contribuye a cubrir los requerimientos diarios de zinc, un mineral muy importante para el correcto funcionamiento del organismo, que interviene en el proceso de s\u00edntesis proteica y contribuye al mantenimiento de los niveles saludables de testosterona.<\/p>\n<h3><em>Vitrix. Objetivos principales:<\/em><\/h3>\n<ol class=\"product-list-ordened\">\n<li>Desarrollo muscular.<\/li>\n<li>Promoci\u00f3n de la salud\n<ul>\n<li>Cuidado de la salud sexual.<\/li>\n<\/ul>\n<\/li>\n<\/ol>\n<h3><em>\u00bfQui\u00e9n puede beneficiarse de Vitrix?<\/em><\/h3>\n<ul class=\"product-list-unordened\">\n<li>Usuarios de gimnasio, deportistas fit-ness o cualquier otro deportista en el que la fuerza y la potencia muscular tenga un papel importante en su rendimiento como por ejemplo practicantes de artes marcia-les, velocistas, lanzadores, halter\u00f3filos, practicantes de CrossFit\u00ae, etc.<\/li>\n<li>Deportistas que deseen optimizar sus niveles de testosterona.<\/li>\n<li>Cualquier persona que desee mejorar la libido y promover la salud sexual.<\/li>\n<\/ul>\n<h3><em>Vitrix. C\u00f3mo combinar:<\/em><\/h3>\n<p><strong><em>Vitrix<\/em><\/strong>\u00a0puede combinarse con una amplia variedad de pro-ductos e ingredientes en funci\u00f3n de las necesidades de cada individuo. Para favorecer el desarrollo muscular puede ser adecuado combinarlo con un post-entrenamiento que aporte una cantidad adecuada de prote\u00ednas y carbohidratos. Tambi\u00e9n puede ser aconsejable combinarlo con BCAAs, HMB, L-glutamina y as\u00ed una amplia variedad de productos e ingredientes.<\/p>\n","protected":false},"excerpt":{"rendered":"<ul class=\"claims\">\n<li>Ayuda a optimizar la producci\u00f3n hormonal.<\/li>\n<li>Con L-arginina que mejora la vasodilataci\u00f3n.<\/li>\n<li>Favorece la salud sexual.<\/li>\n<\/ul>\n","protected":false},"featured_media":0,"comment_status":"open","ping_status":"closed","template":"","meta":[],"product_brand":[],"product_cat":[375],"product_tag":[50,87],"class_list":{"0":"post-1435","1":"product","2":"type-product","3":"status-publish","5":"product_cat-testosterona","6":"product_tag-nutrex","7":"product_tag-tetosterona","9":"first","10":"instock","11":"shipping-taxable","12":"purchasable","13":"product-type-simple"},"yoast_head":"<!-- This site is optimized with the Yoast SEO plugin v26.8 - https:\/\/yoast.com\/product\/yoast-seo-wordpress\/ -->\n<title>VITRIX 90 CAPS de Nutrex - Team Mutan Ecuador<\/title>\n<meta name=\"description\" content=\"Ayuda a optimizar la producci\u00f3n hormonal.Con L-arginina que mejora la vasodilataci\u00f3n.Favorece la salud sexual.\" \/>\n<meta name=\"robots\" content=\"index, follow, max-snippet:-1, max-image-preview:large, max-video-preview:-1\" \/>\n<link rel=\"canonical\" href=\"https:\/\/teammutantecuador.com\/?product=vitrix-90-caps-de-nutrex\" \/>\n<meta property=\"og:locale\" content=\"es_ES\" \/>\n<meta property=\"og:type\" content=\"article\" \/>\n<meta property=\"og:title\" content=\"VITRIX 90 CAPS de Nutrex - Team Mutan Ecuador\" \/>\n<meta property=\"og:description\" content=\"Ayuda a optimizar la producci\u00f3n hormonal.Con L-arginina que mejora la vasodilataci\u00f3n.Favorece la salud sexual.\" \/>\n<meta property=\"og:url\" content=\"https:\/\/teammutantecuador.com\/?product=vitrix-90-caps-de-nutrex\" \/>\n<meta property=\"og:site_name\" content=\"Team Mutan Ecuador\" \/>\n<meta property=\"article:modified_time\" content=\"2026-01-21T11:35:26+00:00\" \/>\n<meta name=\"twitter:card\" content=\"summary_large_image\" \/>\n<meta name=\"twitter:label1\" content=\"Tiempo de lectura\" \/>\n\t<meta name=\"twitter:data1\" content=\"2 minutos\" \/>\n<script type=\"application\/ld+json\" class=\"yoast-schema-graph\">{\"@context\":\"https:\/\/schema.org\",\"@graph\":[{\"@type\":\"WebPage\",\"@id\":\"https:\/\/teammutantecuador.com\/?product=vitrix-90-caps-de-nutrex\",\"url\":\"https:\/\/teammutantecuador.com\/?product=vitrix-90-caps-de-nutrex\",\"name\":\"VITRIX 90 CAPS de Nutrex - Team Mutan Ecuador\",\"isPartOf\":{\"@id\":\"https:\/\/teammutantecuador.com\/#website\"},\"datePublished\":\"2026-01-17T16:03:57+00:00\",\"dateModified\":\"2026-01-21T11:35:26+00:00\",\"description\":\"Ayuda a optimizar la producci\u00f3n hormonal.Con L-arginina que mejora la vasodilataci\u00f3n.Favorece la salud sexual.\",\"breadcrumb\":{\"@id\":\"https:\/\/teammutantecuador.com\/?product=vitrix-90-caps-de-nutrex#breadcrumb\"},\"inLanguage\":\"es\",\"potentialAction\":[{\"@type\":\"ReadAction\",\"target\":[\"https:\/\/teammutantecuador.com\/?product=vitrix-90-caps-de-nutrex\"]}]},{\"@type\":\"BreadcrumbList\",\"@id\":\"https:\/\/teammutantecuador.com\/?product=vitrix-90-caps-de-nutrex#breadcrumb\",\"itemListElement\":[{\"@type\":\"ListItem\",\"position\":1,\"name\":\"Portada\",\"item\":\"https:\/\/teammutantecuador.com\/\"},{\"@type\":\"ListItem\",\"position\":2,\"name\":\"Shop\",\"item\":\"https:\/\/teammutantecuador.com\/?page_id=6\"},{\"@type\":\"ListItem\",\"position\":3,\"name\":\"VITRIX 90 CAPS de Nutrex\"}]},{\"@type\":\"WebSite\",\"@id\":\"https:\/\/teammutantecuador.com\/#website\",\"url\":\"https:\/\/teammutantecuador.com\/\",\"name\":\"Team Mutan Ecuador\",\"description\":\"Just another WordPress site\",\"publisher\":{\"@id\":\"https:\/\/teammutantecuador.com\/#organization\"},\"potentialAction\":[{\"@type\":\"SearchAction\",\"target\":{\"@type\":\"EntryPoint\",\"urlTemplate\":\"https:\/\/teammutantecuador.com\/?s={search_term_string}\"},\"query-input\":{\"@type\":\"PropertyValueSpecification\",\"valueRequired\":true,\"valueName\":\"search_term_string\"}}],\"inLanguage\":\"es\"},{\"@type\":\"Organization\",\"@id\":\"https:\/\/teammutantecuador.com\/#organization\",\"name\":\"Team Mutan Ecuador\",\"url\":\"https:\/\/teammutantecuador.com\/\",\"logo\":{\"@type\":\"ImageObject\",\"inLanguage\":\"es\",\"@id\":\"https:\/\/teammutantecuador.com\/#\/schema\/logo\/image\/\",\"url\":\"https:\/\/teammutantecuador.com\/wp-content\/uploads\/2026\/01\/Diseno-sin-titulo-97.png\",\"contentUrl\":\"https:\/\/teammutantecuador.com\/wp-content\/uploads\/2026\/01\/Diseno-sin-titulo-97.png\",\"width\":500,\"height\":300,\"caption\":\"Team Mutan Ecuador\"},\"image\":{\"@id\":\"https:\/\/teammutantecuador.com\/#\/schema\/logo\/image\/\"}}]}<\/script>\n<!-- \/ Yoast SEO plugin. -->","yoast_head_json":{"title":"VITRIX 90 CAPS de Nutrex - Team Mutan Ecuador","description":"Ayuda a optimizar la producci\u00f3n hormonal.Con L-arginina que mejora la vasodilataci\u00f3n.Favorece la salud sexual.","robots":{"index":"index","follow":"follow","max-snippet":"max-snippet:-1","max-image-preview":"max-image-preview:large","max-video-preview":"max-video-preview:-1"},"canonical":"https:\/\/teammutantecuador.com\/?product=vitrix-90-caps-de-nutrex","og_locale":"es_ES","og_type":"article","og_title":"VITRIX 90 CAPS de Nutrex - Team Mutan Ecuador","og_description":"Ayuda a optimizar la producci\u00f3n hormonal.Con L-arginina que mejora la vasodilataci\u00f3n.Favorece la salud sexual.","og_url":"https:\/\/teammutantecuador.com\/?product=vitrix-90-caps-de-nutrex","og_site_name":"Team Mutan Ecuador","article_modified_time":"2026-01-21T11:35:26+00:00","twitter_card":"summary_large_image","twitter_misc":{"Tiempo de lectura":"2 minutos"},"schema":{"@context":"https:\/\/schema.org","@graph":[{"@type":"WebPage","@id":"https:\/\/teammutantecuador.com\/?product=vitrix-90-caps-de-nutrex","url":"https:\/\/teammutantecuador.com\/?product=vitrix-90-caps-de-nutrex","name":"VITRIX 90 CAPS de Nutrex - Team Mutan Ecuador","isPartOf":{"@id":"https:\/\/teammutantecuador.com\/#website"},"datePublished":"2026-01-17T16:03:57+00:00","dateModified":"2026-01-21T11:35:26+00:00","description":"Ayuda a optimizar la producci\u00f3n hormonal.Con L-arginina que mejora la vasodilataci\u00f3n.Favorece la salud sexual.","breadcrumb":{"@id":"https:\/\/teammutantecuador.com\/?product=vitrix-90-caps-de-nutrex#breadcrumb"},"inLanguage":"es","potentialAction":[{"@type":"ReadAction","target":["https:\/\/teammutantecuador.com\/?product=vitrix-90-caps-de-nutrex"]}]},{"@type":"BreadcrumbList","@id":"https:\/\/teammutantecuador.com\/?product=vitrix-90-caps-de-nutrex#breadcrumb","itemListElement":[{"@type":"ListItem","position":1,"name":"Portada","item":"https:\/\/teammutantecuador.com\/"},{"@type":"ListItem","position":2,"name":"Shop","item":"https:\/\/teammutantecuador.com\/?page_id=6"},{"@type":"ListItem","position":3,"name":"VITRIX 90 CAPS de Nutrex"}]},{"@type":"WebSite","@id":"https:\/\/teammutantecuador.com\/#website","url":"https:\/\/teammutantecuador.com\/","name":"Team Mutan Ecuador","description":"Just another WordPress site","publisher":{"@id":"https:\/\/teammutantecuador.com\/#organization"},"potentialAction":[{"@type":"SearchAction","target":{"@type":"EntryPoint","urlTemplate":"https:\/\/teammutantecuador.com\/?s={search_term_string}"},"query-input":{"@type":"PropertyValueSpecification","valueRequired":true,"valueName":"search_term_string"}}],"inLanguage":"es"},{"@type":"Organization","@id":"https:\/\/teammutantecuador.com\/#organization","name":"Team Mutan Ecuador","url":"https:\/\/teammutantecuador.com\/","logo":{"@type":"ImageObject","inLanguage":"es","@id":"https:\/\/teammutantecuador.com\/#\/schema\/logo\/image\/","url":"https:\/\/teammutantecuador.com\/wp-content\/uploads\/2026\/01\/Diseno-sin-titulo-97.png","contentUrl":"https:\/\/teammutantecuador.com\/wp-content\/uploads\/2026\/01\/Diseno-sin-titulo-97.png","width":500,"height":300,"caption":"Team Mutan Ecuador"},"image":{"@id":"https:\/\/teammutantecuador.com\/#\/schema\/logo\/image\/"}}]}},"_links":{"self":[{"href":"https:\/\/teammutantecuador.com\/index.php?rest_route=\/wp\/v2\/product\/1435","targetHints":{"allow":["GET"]}}],"collection":[{"href":"https:\/\/teammutantecuador.com\/index.php?rest_route=\/wp\/v2\/product"}],"about":[{"href":"https:\/\/teammutantecuador.com\/index.php?rest_route=\/wp\/v2\/types\/product"}],"replies":[{"embeddable":true,"href":"https:\/\/teammutantecuador.com\/index.php?rest_route=%2Fwp%2Fv2%2Fcomments&post=1435"}],"wp:attachment":[{"href":"https:\/\/teammutantecuador.com\/index.php?rest_route=%2Fwp%2Fv2%2Fmedia&parent=1435"}],"wp:term":[{"taxonomy":"product_brand","embeddable":true,"href":"https:\/\/teammutantecuador.com\/index.php?rest_route=%2Fwp%2Fv2%2Fproduct_brand&post=1435"},{"taxonomy":"product_cat","embeddable":true,"href":"https:\/\/teammutantecuador.com\/index.php?rest_route=%2Fwp%2Fv2%2Fproduct_cat&post=1435"},{"taxonomy":"product_tag","embeddable":true,"href":"https:\/\/teammutantecuador.com\/index.php?rest_route=%2Fwp%2Fv2%2Fproduct_tag&post=1435"}],"curies":[{"name":"wp","href":"https:\/\/api.w.org\/{rel}","templated":true}]}}