{"id":1433,"date":"2026-01-17T16:03:57","date_gmt":"2026-01-17T16:03:57","guid":{"rendered":"https:\/\/teammutantecuador.com\/?post_type=product&#038;p=1433"},"modified":"2026-01-17T16:03:59","modified_gmt":"2026-01-17T16:03:59","slug":"super-hd-de-cellucor","status":"publish","type":"product","link":"https:\/\/teammutantecuador.com\/?product=super-hd-de-cellucor","title":{"rendered":"Super HD de Cellucor"},"content":{"rendered":"<h2>SUPER HD<\/h2>\n<h2><em>Termog\u00e9nico s\u00faper concentrado de acci\u00f3n intensa.<\/em><\/h2>\n<p><strong>Super HD<\/strong>\u00a0es la nueva propuesta de\u00a0<strong><em>Cellucor<\/em><\/strong>\u00a0para ayudarte a perder peso y grasa. Su f\u00f3rmula s\u00faper concentrada no solo proporciona cafe\u00edna, sino que gracias a la exclusiva combinaci\u00f3n de sus extractos herbales, incinerar\u00e1 la grasa y esculpir\u00e1 tu cuerpo como ning\u00fan otro producto que hayas probado hasta ahora. A diferencia de otros termog\u00e9nicos,\u00a0<strong>Super HD<\/strong>\u00a0incrementa tus niveles de energ\u00eda y concentraci\u00f3n incrementando tu sensaci\u00f3n de bienestar.<\/p>\n<h3><em>Super HD. Caracter\u00edsticas principales:<\/em><\/h3>\n<ul class=\"product-list-unordened\">\n<li>160 mg de cafe\u00edna anhidra por dosis*.<\/li>\n<li>150 mg de N-Acetil-L-tirosina por dosis*.<\/li>\n<li>2.5 mg de licopodio chino por dosis*.<\/li>\n<li>100 mg de extracto de ar\u00e1ndano por dosis*.<\/li>\n<li>62.5 mg de la f\u00f3rmula patentada iFAS50&#x2122; por dosis*.<\/li>\n<li>37.5 mg de extracto de Amla por dosis*.<\/li>\n<li>33.33 mg de\u00a0<em>Citrus aurantium<\/em>\u00a0por dosis*.<\/li>\n<li>15 mg del extracto de cayena roja por dosis*.<\/li>\n<li>Enriquecido con niacina, vitamina B6 y B12.<\/li>\n<li>60\/120 c\u00e1psulas por envase (60\/120 dosis).<\/li>\n<\/ul>\n<p><em>* Dosis: 1 c\u00e1psula.<\/em><\/p>\n<h3><em>Super HD. Efectos principales:<\/em><\/h3>\n<ul class=\"product-list-unordened\">\n<li>Contribuye a la movilizaci\u00f3n y combusti\u00f3n de las grasas.<\/li>\n<li>Favorece la p\u00e9rdida de peso, incrementa el metabolismo basal y favorece un metabolismo energ\u00e9tico saludable.<\/li>\n<li>Mejora el rendimiento f\u00edsico y la claridad mental, reduciendo la fatiga.<\/li>\n<\/ul>\n<h3><em>Super HD. La ciencia detr\u00e1s:<\/em><\/h3>\n<p><strong>Super HD<\/strong>\u00a0es un producto con altas cantidades de cafe\u00edna y compuestos termog\u00e9nicos, pero la clave de su f\u00f3rmula est\u00e1 en la selecci\u00f3n de los distintos extractos herbales que mejoran la capacidad energ\u00e9tica e incrementan la vitalidad y la sensaci\u00f3n de bienestar a la vez que se movilizan las grasas y se incrementa el gasto metab\u00f3lico.<\/p>\n<p><strong>Super HD<\/strong>\u00a0proporciona 160 mg de cafe\u00edna anhidra, la cafe\u00edna en su forma anhidra es muy potente y de acci\u00f3n r\u00e1pida. La cafe\u00edna act\u00faa movilizando la grasa, incrementando el gasto metab\u00f3lico para favorecer su eliminaci\u00f3n y la p\u00e9rdida de peso. Adem\u00e1s, la cafe\u00edna es un estimulante del sistema nervioso central que reduce la sensaci\u00f3n de cansancio y fatiga, mejorando el rendimiento mental y la capacidad de concentraci\u00f3n.<\/p>\n<p>La f\u00f3rmula de\u00a0<strong>Super HD<\/strong>\u00a0tambi\u00e9n suministra 150 mg de N-acetil-tirosina, amino\u00e1cido que act\u00faa como precursor de la adrenalina y la dopamina que regulan el estado de \u00e1nimo. La adrenalina es necesaria para estimular el metabolismo, ayuda a controlar el apetito y ayuda a reducir la grasa corporal. Adem\u00e1s, cada dosis de\u00a0<strong>Super HD<\/strong>\u00a0aporta 2.5 mg de licopodio chino, cuyo nombre cient\u00edfico es\u00a0<em>Huperzia serrata<\/em>. Esta planta es ampliamente utilizada en la medicina china, gracias a su principio activo la huperzina A, al que se le atribuyen propiedades neuroprotectoras y con capacidad para elevar la concentraci\u00f3n del neurotransmisor acetilcolina, actuando como un estimulante cerebral, potenciando la capacidad mental y de memoria del cerebro.<\/p>\n<p><strong>Super HD<\/strong>\u00a0tambi\u00e9n proporciona la matriz exclusiva\u00a0<em>ThermoSculping Super HD<\/em>, compuesta por:<\/p>\n<ul>\n<li>100 mg de extracto de ar\u00e1ndanos ricos en compuestos fen\u00f3licos.<\/li>\n<li>iFAS503, f\u00f3rmula patentada que act\u00faa inhibiendo la enzima \u00e1cido graso sintasa, lo que reduce la s\u00edntesis de nuevos \u00e1cidos grasos impidiendo la acumulaci\u00f3n de grasa.<\/li>\n<li>37.5 mg de extracto de amla, fruta con gran capacidad antioxidante y utilizada para mejorar la capacidad de adaptaci\u00f3n al estr\u00e9s del cuerpo.<\/li>\n<li>33 mg de extracto de\u00a0<em>Citrus aurantium<\/em>\u00a0que proporciona un 30% de sinefrina natural (Advantra\u00ae).<\/li>\n<li>Cayena (Capsimax&#x2122;), proporciona termog\u00e9nicos naturales actuando como lipol\u00edtico a la vez que ayuda a controlar el apetito.<\/li>\n<\/ul>\n<p>Adem\u00e1s, se ha enriquecido la f\u00f3rmula de\u00a0<strong>Super HD<\/strong>\u00a0con nutrientes implicados en el metabolismo de los carbohidratos, grasas y prote\u00ednas como son la niacina, la vitamina B6 y la vitamina B12 que contribuye a combatir el cansancio y la fatiga.<\/p>\n<p><em><strong>Cellucor<\/strong><\/em>\u00a0es una marca que se caracteriza por elaborar productos innovadores de alta calidad y seguridad. Sus productos se renuevan constantemente para hacerte llegar las nuevas tendencias e investigaciones.<\/p>\n<h3><em>Super HD. Objetivos principales:<\/em><\/h3>\n<ol class=\"product-list-ordened\">\n<li>Definici\u00f3n muscular.<\/li>\n<li>P\u00e9rdida de peso.\n<ul>\n<li>Quema de grasas.<\/li>\n<\/ul>\n<\/li>\n<\/ol>\n<h3><em>\u00bfQui\u00e9n puede beneficiarse de Super HD?<\/em><\/h3>\n<ul class=\"product-list-unordened\">\n<li>Personas que deseen reducir su grasa corporal sin que su estado de \u00e1nimo se vea afectado y potenciando su capacidad de concentraci\u00f3n y energ\u00eda.<\/li>\n<li>Deportistas fitness en periodo de definici\u00f3n.<\/li>\n<\/ul>\n<h3><em>Super HD. C\u00f3mo combinar:<\/em><\/h3>\n<p>Durante los periodos de p\u00e9rdida de peso y definici\u00f3n, es recomendable acompa\u00f1ar cualquier producto termog\u00e9nico con un aporte adecuado de prote\u00ednas y amino\u00e1cidos esenciales y ramificados. Puede optarse por un producto con prote\u00ednas completas como un concentrado o un aislado de suero. Tambi\u00e9n puede ser interesante consumir amino\u00e1cidos ramificados o HMB antes del entrenamiento y\/o antes de dormir. Puede combinarse perfectamente con producto sin estimulantes como CLA, L-carnitina o bloqueadores de grasas o carbohidratos.<\/p>\n<p>Durante los procesos de p\u00e9rdida de peso tambi\u00e9n es aconsejable consumir un producto multivitam\u00ednico, ya que la restricci\u00f3n cal\u00f3rica puede favorecer la aparici\u00f3n de carencias nutricionales.<\/p>\n","protected":false},"excerpt":{"rendered":"<h3><em>Super HD. Caracter\u00edsticas principales:<\/em><\/h3>\n<ul class=\"product-list-unordened\">\n<li>160 mg de cafe\u00edna anhidra por dosis*.<\/li>\n<li>150 mg de N-Acetil-L-tirosina por dosis*.<\/li>\n<li>2.5 mg de licopodio chino por dosis*.<\/li>\n<li>100 mg de extracto de ar\u00e1ndano por dosis*.<\/li>\n<li>62.5 mg de la f\u00f3rmula patentada iFAS50&#x2122; por dosis*.<\/li>\n<li>37.5 mg de extracto de Amla por dosis*.<\/li>\n<li>33.33 mg de\u00a0<em>Citrus aurantium<\/em>\u00a0por dosis*.<\/li>\n<li>15 mg del extracto de cayena roja por dosis*.<\/li>\n<li>Enriquecido con niacina, vitamina B6 y B12.<\/li>\n<li>60\/120 c\u00e1psulas por envase (60\/120 dosis).<\/li>\n<\/ul>\n","protected":false},"featured_media":0,"comment_status":"open","ping_status":"closed","template":"","meta":[],"product_brand":[],"product_cat":[63],"product_tag":[69,64],"class_list":{"0":"post-1433","1":"product","2":"type-product","3":"status-publish","5":"product_cat-quemadores-de-grasa","6":"product_tag-cellucor","7":"product_tag-quemador-de-garsa","9":"first","10":"instock","11":"shipping-taxable","12":"purchasable","13":"product-type-simple"},"yoast_head":"<!-- This site is optimized with the Yoast SEO plugin v26.8 - https:\/\/yoast.com\/product\/yoast-seo-wordpress\/ -->\n<title>Super HD de Cellucor - Team Mutan Ecuador<\/title>\n<meta name=\"description\" content=\"Termog\u00e9nico s\u00faper concentrado de acci\u00f3n intensa.Super HD\u00a0es la nueva propuesta de\u00a0Cellucor\u00a0para ayudarte a perder peso y grasa.\" \/>\n<meta name=\"robots\" content=\"index, follow, max-snippet:-1, max-image-preview:large, max-video-preview:-1\" \/>\n<link rel=\"canonical\" href=\"https:\/\/teammutantecuador.com\/?product=super-hd-de-cellucor\" \/>\n<meta property=\"og:locale\" content=\"es_ES\" \/>\n<meta property=\"og:type\" content=\"article\" \/>\n<meta property=\"og:title\" content=\"Super HD de Cellucor - Team Mutan Ecuador\" \/>\n<meta property=\"og:description\" content=\"Termog\u00e9nico s\u00faper concentrado de acci\u00f3n intensa.Super HD\u00a0es la nueva propuesta de\u00a0Cellucor\u00a0para ayudarte a perder peso y grasa.\" \/>\n<meta property=\"og:url\" content=\"https:\/\/teammutantecuador.com\/?product=super-hd-de-cellucor\" \/>\n<meta property=\"og:site_name\" content=\"Team Mutan Ecuador\" \/>\n<meta property=\"article:modified_time\" content=\"2026-01-17T16:03:59+00:00\" \/>\n<meta name=\"twitter:card\" content=\"summary_large_image\" \/>\n<meta name=\"twitter:label1\" content=\"Tiempo de lectura\" \/>\n\t<meta name=\"twitter:data1\" content=\"4 minutos\" \/>\n<script type=\"application\/ld+json\" class=\"yoast-schema-graph\">{\"@context\":\"https:\/\/schema.org\",\"@graph\":[{\"@type\":\"WebPage\",\"@id\":\"https:\/\/teammutantecuador.com\/?product=super-hd-de-cellucor\",\"url\":\"https:\/\/teammutantecuador.com\/?product=super-hd-de-cellucor\",\"name\":\"Super HD de Cellucor - Team Mutan Ecuador\",\"isPartOf\":{\"@id\":\"https:\/\/teammutantecuador.com\/#website\"},\"datePublished\":\"2026-01-17T16:03:57+00:00\",\"dateModified\":\"2026-01-17T16:03:59+00:00\",\"description\":\"Termog\u00e9nico s\u00faper concentrado de acci\u00f3n intensa.Super HD\u00a0es la nueva propuesta de\u00a0Cellucor\u00a0para ayudarte a perder peso y grasa.\",\"breadcrumb\":{\"@id\":\"https:\/\/teammutantecuador.com\/?product=super-hd-de-cellucor#breadcrumb\"},\"inLanguage\":\"es\",\"potentialAction\":[{\"@type\":\"ReadAction\",\"target\":[\"https:\/\/teammutantecuador.com\/?product=super-hd-de-cellucor\"]}]},{\"@type\":\"BreadcrumbList\",\"@id\":\"https:\/\/teammutantecuador.com\/?product=super-hd-de-cellucor#breadcrumb\",\"itemListElement\":[{\"@type\":\"ListItem\",\"position\":1,\"name\":\"Portada\",\"item\":\"https:\/\/teammutantecuador.com\/\"},{\"@type\":\"ListItem\",\"position\":2,\"name\":\"Shop\",\"item\":\"https:\/\/teammutantecuador.com\/?page_id=6\"},{\"@type\":\"ListItem\",\"position\":3,\"name\":\"Super HD de Cellucor\"}]},{\"@type\":\"WebSite\",\"@id\":\"https:\/\/teammutantecuador.com\/#website\",\"url\":\"https:\/\/teammutantecuador.com\/\",\"name\":\"Team Mutan Ecuador\",\"description\":\"Just another WordPress site\",\"publisher\":{\"@id\":\"https:\/\/teammutantecuador.com\/#organization\"},\"potentialAction\":[{\"@type\":\"SearchAction\",\"target\":{\"@type\":\"EntryPoint\",\"urlTemplate\":\"https:\/\/teammutantecuador.com\/?s={search_term_string}\"},\"query-input\":{\"@type\":\"PropertyValueSpecification\",\"valueRequired\":true,\"valueName\":\"search_term_string\"}}],\"inLanguage\":\"es\"},{\"@type\":\"Organization\",\"@id\":\"https:\/\/teammutantecuador.com\/#organization\",\"name\":\"Team Mutan Ecuador\",\"url\":\"https:\/\/teammutantecuador.com\/\",\"logo\":{\"@type\":\"ImageObject\",\"inLanguage\":\"es\",\"@id\":\"https:\/\/teammutantecuador.com\/#\/schema\/logo\/image\/\",\"url\":\"https:\/\/teammutantecuador.com\/wp-content\/uploads\/2026\/01\/Diseno-sin-titulo-97.png\",\"contentUrl\":\"https:\/\/teammutantecuador.com\/wp-content\/uploads\/2026\/01\/Diseno-sin-titulo-97.png\",\"width\":500,\"height\":300,\"caption\":\"Team Mutan Ecuador\"},\"image\":{\"@id\":\"https:\/\/teammutantecuador.com\/#\/schema\/logo\/image\/\"}}]}<\/script>\n<!-- \/ Yoast SEO plugin. -->","yoast_head_json":{"title":"Super HD de Cellucor - Team Mutan Ecuador","description":"Termog\u00e9nico s\u00faper concentrado de acci\u00f3n intensa.Super HD\u00a0es la nueva propuesta de\u00a0Cellucor\u00a0para ayudarte a perder peso y grasa.","robots":{"index":"index","follow":"follow","max-snippet":"max-snippet:-1","max-image-preview":"max-image-preview:large","max-video-preview":"max-video-preview:-1"},"canonical":"https:\/\/teammutantecuador.com\/?product=super-hd-de-cellucor","og_locale":"es_ES","og_type":"article","og_title":"Super HD de Cellucor - Team Mutan Ecuador","og_description":"Termog\u00e9nico s\u00faper concentrado de acci\u00f3n intensa.Super HD\u00a0es la nueva propuesta de\u00a0Cellucor\u00a0para ayudarte a perder peso y grasa.","og_url":"https:\/\/teammutantecuador.com\/?product=super-hd-de-cellucor","og_site_name":"Team Mutan Ecuador","article_modified_time":"2026-01-17T16:03:59+00:00","twitter_card":"summary_large_image","twitter_misc":{"Tiempo de lectura":"4 minutos"},"schema":{"@context":"https:\/\/schema.org","@graph":[{"@type":"WebPage","@id":"https:\/\/teammutantecuador.com\/?product=super-hd-de-cellucor","url":"https:\/\/teammutantecuador.com\/?product=super-hd-de-cellucor","name":"Super HD de Cellucor - Team Mutan Ecuador","isPartOf":{"@id":"https:\/\/teammutantecuador.com\/#website"},"datePublished":"2026-01-17T16:03:57+00:00","dateModified":"2026-01-17T16:03:59+00:00","description":"Termog\u00e9nico s\u00faper concentrado de acci\u00f3n intensa.Super HD\u00a0es la nueva propuesta de\u00a0Cellucor\u00a0para ayudarte a perder peso y grasa.","breadcrumb":{"@id":"https:\/\/teammutantecuador.com\/?product=super-hd-de-cellucor#breadcrumb"},"inLanguage":"es","potentialAction":[{"@type":"ReadAction","target":["https:\/\/teammutantecuador.com\/?product=super-hd-de-cellucor"]}]},{"@type":"BreadcrumbList","@id":"https:\/\/teammutantecuador.com\/?product=super-hd-de-cellucor#breadcrumb","itemListElement":[{"@type":"ListItem","position":1,"name":"Portada","item":"https:\/\/teammutantecuador.com\/"},{"@type":"ListItem","position":2,"name":"Shop","item":"https:\/\/teammutantecuador.com\/?page_id=6"},{"@type":"ListItem","position":3,"name":"Super HD de Cellucor"}]},{"@type":"WebSite","@id":"https:\/\/teammutantecuador.com\/#website","url":"https:\/\/teammutantecuador.com\/","name":"Team Mutan Ecuador","description":"Just another WordPress site","publisher":{"@id":"https:\/\/teammutantecuador.com\/#organization"},"potentialAction":[{"@type":"SearchAction","target":{"@type":"EntryPoint","urlTemplate":"https:\/\/teammutantecuador.com\/?s={search_term_string}"},"query-input":{"@type":"PropertyValueSpecification","valueRequired":true,"valueName":"search_term_string"}}],"inLanguage":"es"},{"@type":"Organization","@id":"https:\/\/teammutantecuador.com\/#organization","name":"Team Mutan Ecuador","url":"https:\/\/teammutantecuador.com\/","logo":{"@type":"ImageObject","inLanguage":"es","@id":"https:\/\/teammutantecuador.com\/#\/schema\/logo\/image\/","url":"https:\/\/teammutantecuador.com\/wp-content\/uploads\/2026\/01\/Diseno-sin-titulo-97.png","contentUrl":"https:\/\/teammutantecuador.com\/wp-content\/uploads\/2026\/01\/Diseno-sin-titulo-97.png","width":500,"height":300,"caption":"Team Mutan Ecuador"},"image":{"@id":"https:\/\/teammutantecuador.com\/#\/schema\/logo\/image\/"}}]}},"_links":{"self":[{"href":"https:\/\/teammutantecuador.com\/index.php?rest_route=\/wp\/v2\/product\/1433","targetHints":{"allow":["GET"]}}],"collection":[{"href":"https:\/\/teammutantecuador.com\/index.php?rest_route=\/wp\/v2\/product"}],"about":[{"href":"https:\/\/teammutantecuador.com\/index.php?rest_route=\/wp\/v2\/types\/product"}],"replies":[{"embeddable":true,"href":"https:\/\/teammutantecuador.com\/index.php?rest_route=%2Fwp%2Fv2%2Fcomments&post=1433"}],"wp:attachment":[{"href":"https:\/\/teammutantecuador.com\/index.php?rest_route=%2Fwp%2Fv2%2Fmedia&parent=1433"}],"wp:term":[{"taxonomy":"product_brand","embeddable":true,"href":"https:\/\/teammutantecuador.com\/index.php?rest_route=%2Fwp%2Fv2%2Fproduct_brand&post=1433"},{"taxonomy":"product_cat","embeddable":true,"href":"https:\/\/teammutantecuador.com\/index.php?rest_route=%2Fwp%2Fv2%2Fproduct_cat&post=1433"},{"taxonomy":"product_tag","embeddable":true,"href":"https:\/\/teammutantecuador.com\/index.php?rest_route=%2Fwp%2Fv2%2Fproduct_tag&post=1433"}],"curies":[{"name":"wp","href":"https:\/\/api.w.org\/{rel}","templated":true}]}}