{"id":1424,"date":"2026-01-17T16:03:57","date_gmt":"2026-01-17T16:03:57","guid":{"rendered":"https:\/\/teammutantecuador.com\/?post_type=product&#038;p=1424"},"modified":"2026-01-17T16:03:58","modified_gmt":"2026-01-17T16:03:58","slug":"mutant-iso-surge-5lbs","status":"publish","type":"product","link":"https:\/\/teammutantecuador.com\/?product=mutant-iso-surge-5lbs","title":{"rendered":"Mutant Iso Surge 5lbs"},"content":{"rendered":"<ul>\n<li>Aislado de prote\u00edna de suero puro<\/li>\n<li>Sabor 100% gourmet.<\/li>\n<li>25 g de prote\u00edna<\/li>\n<li>Bajo en carbohidratos y bajo en grasas<\/li>\n<li>Sin amino\u00e1cidos<\/li>\n<li>Sin ingredientes ocultos<\/li>\n<li>Probado en laboratorio<\/li>\n<li>Enzima digestiva potenciada<\/li>\n<\/ul>\n<h2 class=\"h3\">Aislado de suero gourmet<\/h2>\n<div class=\"rte featured-row__subtext\">\n<p>Desea un aislado de suero de leche de alta calidad que brinde exactamente lo que dice la etiqueta, con un gran \u00e9xito de sabor gourmet.\u00a0Quieres lo mejor para saborear lo mejor.\u00a0Puro y simple.\u00a0\u00a1Es por eso que MUTANT se enorgullece de ofrecer MUTANT ISO SURGE!<\/p>\n<p>Obtiene un aislado de suero premium que ingresa a su sistema lo m\u00e1s r\u00e1pido posible para ayudar a impulsar el proceso de recuperaci\u00f3n. * Sabemos que no se puede sacrificar la calidad.<\/p>\n<\/div>\n","protected":false},"excerpt":{"rendered":"<ul>\n<li>Aislado de prote\u00edna de suero puro<\/li>\n<li>Sabor 100% gourmet.<\/li>\n<li>25 g de prote\u00edna<\/li>\n<li>Bajo en carbohidratos y bajo en grasas<\/li>\n<li>Sin amino\u00e1cidos<\/li>\n<li>Sin ingredientes ocultos<\/li>\n<li>Probado en laboratorio<\/li>\n<li>Enzima digestiva potenciada<\/li>\n<\/ul>\n","protected":false},"featured_media":0,"comment_status":"open","ping_status":"closed","template":"","meta":[],"product_brand":[],"product_cat":[363,357],"product_tag":[216,371,59],"class_list":{"0":"post-1424","1":"product","2":"type-product","3":"status-publish","5":"product_cat-premiun","6":"product_cat-proteinas-2","7":"product_tag-isolate","8":"product_tag-mutant","9":"product_tag-proteina","11":"first","12":"instock","13":"sale","14":"shipping-taxable","15":"purchasable","16":"product-type-simple"},"yoast_head":"<!-- This site is optimized with the Yoast SEO plugin v26.8 - https:\/\/yoast.com\/product\/yoast-seo-wordpress\/ -->\n<title>Mutant Iso Surge 5lbs - Team Mutan Ecuador<\/title>\n<meta name=\"description\" content=\"Aislado de prote\u00edna de suero puroSabor 100% gourmet.25 g de prote\u00ednaBajo en carbohidratos y bajo en grasasSin amino\u00e1cidosSin ingredientes ocultosProbado en laboratorioEnzima digestiva potenciada\" \/>\n<meta name=\"robots\" content=\"index, follow, max-snippet:-1, max-image-preview:large, max-video-preview:-1\" \/>\n<link rel=\"canonical\" href=\"https:\/\/teammutantecuador.com\/?product=mutant-iso-surge-5lbs\" \/>\n<meta property=\"og:locale\" content=\"es_ES\" \/>\n<meta property=\"og:type\" content=\"article\" \/>\n<meta property=\"og:title\" content=\"Mutant Iso Surge 5lbs - Team Mutan Ecuador\" \/>\n<meta property=\"og:description\" content=\"Aislado de prote\u00edna de suero puroSabor 100% gourmet.25 g de prote\u00ednaBajo en carbohidratos y bajo en grasasSin amino\u00e1cidosSin ingredientes ocultosProbado en laboratorioEnzima digestiva potenciada\" \/>\n<meta property=\"og:url\" content=\"https:\/\/teammutantecuador.com\/?product=mutant-iso-surge-5lbs\" \/>\n<meta property=\"og:site_name\" content=\"Team Mutan Ecuador\" \/>\n<meta property=\"article:modified_time\" content=\"2026-01-17T16:03:58+00:00\" \/>\n<meta name=\"twitter:card\" content=\"summary_large_image\" \/>\n<meta name=\"twitter:label1\" content=\"Tiempo de lectura\" \/>\n\t<meta name=\"twitter:data1\" content=\"1 minuto\" \/>\n<script type=\"application\/ld+json\" class=\"yoast-schema-graph\">{\"@context\":\"https:\/\/schema.org\",\"@graph\":[{\"@type\":\"WebPage\",\"@id\":\"https:\/\/teammutantecuador.com\/?product=mutant-iso-surge-5lbs\",\"url\":\"https:\/\/teammutantecuador.com\/?product=mutant-iso-surge-5lbs\",\"name\":\"Mutant Iso Surge 5lbs - Team Mutan Ecuador\",\"isPartOf\":{\"@id\":\"https:\/\/teammutantecuador.com\/#website\"},\"datePublished\":\"2026-01-17T16:03:57+00:00\",\"dateModified\":\"2026-01-17T16:03:58+00:00\",\"description\":\"Aislado de prote\u00edna de suero puroSabor 100% gourmet.25 g de prote\u00ednaBajo en carbohidratos y bajo en grasasSin amino\u00e1cidosSin ingredientes ocultosProbado en laboratorioEnzima digestiva potenciada\",\"breadcrumb\":{\"@id\":\"https:\/\/teammutantecuador.com\/?product=mutant-iso-surge-5lbs#breadcrumb\"},\"inLanguage\":\"es\",\"potentialAction\":[{\"@type\":\"ReadAction\",\"target\":[\"https:\/\/teammutantecuador.com\/?product=mutant-iso-surge-5lbs\"]}]},{\"@type\":\"BreadcrumbList\",\"@id\":\"https:\/\/teammutantecuador.com\/?product=mutant-iso-surge-5lbs#breadcrumb\",\"itemListElement\":[{\"@type\":\"ListItem\",\"position\":1,\"name\":\"Portada\",\"item\":\"https:\/\/teammutantecuador.com\/\"},{\"@type\":\"ListItem\",\"position\":2,\"name\":\"Shop\",\"item\":\"https:\/\/teammutantecuador.com\/?page_id=6\"},{\"@type\":\"ListItem\",\"position\":3,\"name\":\"Mutant Iso Surge 5lbs\"}]},{\"@type\":\"WebSite\",\"@id\":\"https:\/\/teammutantecuador.com\/#website\",\"url\":\"https:\/\/teammutantecuador.com\/\",\"name\":\"Team Mutan Ecuador\",\"description\":\"Just another WordPress site\",\"publisher\":{\"@id\":\"https:\/\/teammutantecuador.com\/#organization\"},\"potentialAction\":[{\"@type\":\"SearchAction\",\"target\":{\"@type\":\"EntryPoint\",\"urlTemplate\":\"https:\/\/teammutantecuador.com\/?s={search_term_string}\"},\"query-input\":{\"@type\":\"PropertyValueSpecification\",\"valueRequired\":true,\"valueName\":\"search_term_string\"}}],\"inLanguage\":\"es\"},{\"@type\":\"Organization\",\"@id\":\"https:\/\/teammutantecuador.com\/#organization\",\"name\":\"Team Mutan Ecuador\",\"url\":\"https:\/\/teammutantecuador.com\/\",\"logo\":{\"@type\":\"ImageObject\",\"inLanguage\":\"es\",\"@id\":\"https:\/\/teammutantecuador.com\/#\/schema\/logo\/image\/\",\"url\":\"https:\/\/teammutantecuador.com\/wp-content\/uploads\/2026\/01\/Diseno-sin-titulo-97.png\",\"contentUrl\":\"https:\/\/teammutantecuador.com\/wp-content\/uploads\/2026\/01\/Diseno-sin-titulo-97.png\",\"width\":500,\"height\":300,\"caption\":\"Team Mutan Ecuador\"},\"image\":{\"@id\":\"https:\/\/teammutantecuador.com\/#\/schema\/logo\/image\/\"}}]}<\/script>\n<!-- \/ Yoast SEO plugin. -->","yoast_head_json":{"title":"Mutant Iso Surge 5lbs - Team Mutan Ecuador","description":"Aislado de prote\u00edna de suero puroSabor 100% gourmet.25 g de prote\u00ednaBajo en carbohidratos y bajo en grasasSin amino\u00e1cidosSin ingredientes ocultosProbado en laboratorioEnzima digestiva potenciada","robots":{"index":"index","follow":"follow","max-snippet":"max-snippet:-1","max-image-preview":"max-image-preview:large","max-video-preview":"max-video-preview:-1"},"canonical":"https:\/\/teammutantecuador.com\/?product=mutant-iso-surge-5lbs","og_locale":"es_ES","og_type":"article","og_title":"Mutant Iso Surge 5lbs - Team Mutan Ecuador","og_description":"Aislado de prote\u00edna de suero puroSabor 100% gourmet.25 g de prote\u00ednaBajo en carbohidratos y bajo en grasasSin amino\u00e1cidosSin ingredientes ocultosProbado en laboratorioEnzima digestiva potenciada","og_url":"https:\/\/teammutantecuador.com\/?product=mutant-iso-surge-5lbs","og_site_name":"Team Mutan Ecuador","article_modified_time":"2026-01-17T16:03:58+00:00","twitter_card":"summary_large_image","twitter_misc":{"Tiempo de lectura":"1 minuto"},"schema":{"@context":"https:\/\/schema.org","@graph":[{"@type":"WebPage","@id":"https:\/\/teammutantecuador.com\/?product=mutant-iso-surge-5lbs","url":"https:\/\/teammutantecuador.com\/?product=mutant-iso-surge-5lbs","name":"Mutant Iso Surge 5lbs - Team Mutan Ecuador","isPartOf":{"@id":"https:\/\/teammutantecuador.com\/#website"},"datePublished":"2026-01-17T16:03:57+00:00","dateModified":"2026-01-17T16:03:58+00:00","description":"Aislado de prote\u00edna de suero puroSabor 100% gourmet.25 g de prote\u00ednaBajo en carbohidratos y bajo en grasasSin amino\u00e1cidosSin ingredientes ocultosProbado en laboratorioEnzima digestiva potenciada","breadcrumb":{"@id":"https:\/\/teammutantecuador.com\/?product=mutant-iso-surge-5lbs#breadcrumb"},"inLanguage":"es","potentialAction":[{"@type":"ReadAction","target":["https:\/\/teammutantecuador.com\/?product=mutant-iso-surge-5lbs"]}]},{"@type":"BreadcrumbList","@id":"https:\/\/teammutantecuador.com\/?product=mutant-iso-surge-5lbs#breadcrumb","itemListElement":[{"@type":"ListItem","position":1,"name":"Portada","item":"https:\/\/teammutantecuador.com\/"},{"@type":"ListItem","position":2,"name":"Shop","item":"https:\/\/teammutantecuador.com\/?page_id=6"},{"@type":"ListItem","position":3,"name":"Mutant Iso Surge 5lbs"}]},{"@type":"WebSite","@id":"https:\/\/teammutantecuador.com\/#website","url":"https:\/\/teammutantecuador.com\/","name":"Team Mutan Ecuador","description":"Just another WordPress site","publisher":{"@id":"https:\/\/teammutantecuador.com\/#organization"},"potentialAction":[{"@type":"SearchAction","target":{"@type":"EntryPoint","urlTemplate":"https:\/\/teammutantecuador.com\/?s={search_term_string}"},"query-input":{"@type":"PropertyValueSpecification","valueRequired":true,"valueName":"search_term_string"}}],"inLanguage":"es"},{"@type":"Organization","@id":"https:\/\/teammutantecuador.com\/#organization","name":"Team Mutan Ecuador","url":"https:\/\/teammutantecuador.com\/","logo":{"@type":"ImageObject","inLanguage":"es","@id":"https:\/\/teammutantecuador.com\/#\/schema\/logo\/image\/","url":"https:\/\/teammutantecuador.com\/wp-content\/uploads\/2026\/01\/Diseno-sin-titulo-97.png","contentUrl":"https:\/\/teammutantecuador.com\/wp-content\/uploads\/2026\/01\/Diseno-sin-titulo-97.png","width":500,"height":300,"caption":"Team Mutan Ecuador"},"image":{"@id":"https:\/\/teammutantecuador.com\/#\/schema\/logo\/image\/"}}]}},"_links":{"self":[{"href":"https:\/\/teammutantecuador.com\/index.php?rest_route=\/wp\/v2\/product\/1424","targetHints":{"allow":["GET"]}}],"collection":[{"href":"https:\/\/teammutantecuador.com\/index.php?rest_route=\/wp\/v2\/product"}],"about":[{"href":"https:\/\/teammutantecuador.com\/index.php?rest_route=\/wp\/v2\/types\/product"}],"replies":[{"embeddable":true,"href":"https:\/\/teammutantecuador.com\/index.php?rest_route=%2Fwp%2Fv2%2Fcomments&post=1424"}],"wp:attachment":[{"href":"https:\/\/teammutantecuador.com\/index.php?rest_route=%2Fwp%2Fv2%2Fmedia&parent=1424"}],"wp:term":[{"taxonomy":"product_brand","embeddable":true,"href":"https:\/\/teammutantecuador.com\/index.php?rest_route=%2Fwp%2Fv2%2Fproduct_brand&post=1424"},{"taxonomy":"product_cat","embeddable":true,"href":"https:\/\/teammutantecuador.com\/index.php?rest_route=%2Fwp%2Fv2%2Fproduct_cat&post=1424"},{"taxonomy":"product_tag","embeddable":true,"href":"https:\/\/teammutantecuador.com\/index.php?rest_route=%2Fwp%2Fv2%2Fproduct_tag&post=1424"}],"curies":[{"name":"wp","href":"https:\/\/api.w.org\/{rel}","templated":true}]}}