{"id":1423,"date":"2026-01-17T16:03:57","date_gmt":"2026-01-17T16:03:57","guid":{"rendered":"https:\/\/teammutantecuador.com\/?post_type=product&#038;p=1423"},"modified":"2026-01-17T16:03:58","modified_gmt":"2026-01-17T16:03:58","slug":"gat-glutamine-300-gr","status":"publish","type":"product","link":"https:\/\/teammutantecuador.com\/?product=gat-glutamine-300-gr","title":{"rendered":"GAT Glutamine 300 gr"},"content":{"rendered":"<p>GAT L-Glutamine 300 gramos. GAT L-Glutamina es un amino\u00e1cido puro y lo suficientemente potente como para ser utilizado por algunos de los mejores atletas de f\u00edsico y rendimiento del mundo. Cada porci\u00f3n proporciona 5,0 g de L-Glutamina de alta calidad.<br \/>\nC\u00d3MO UTILIZAR:<\/p>\n<p>ENTRENAMIENTO DEPORTIVO Y DEPORTIVO: tomar 1 porci\u00f3n mezclada con 200ml de agua u otra bebida, dos veces al d\u00eda (2 porciones en total).<br \/>\nDIETA: cuando haga dieta (especialmente dietas bajas en carbohidratos) para perder peso o competencias f\u00edsicas, tome 2 porciones mezcladas con 270ml de agua, dos veces al d\u00eda (4 porciones en total).<\/p>\n<p>CONTENIDO NETO: 300 gramos<br \/>\nALMACENAMIENTO: almacenar en un lugar fresco y seco.<\/p>\n","protected":false},"excerpt":{"rendered":"<p>GAT L-Glutamine 300 gramos. GAT L-Glutamina es un amino\u00e1cido puro y lo suficientemente potente como para ser utilizado por algunos de los mejores atletas de f\u00edsico y rendimiento del mundo. Cada porci\u00f3n proporciona 5,0 g de L-Glutamina de alta calidad.<\/p>\n","protected":false},"featured_media":0,"comment_status":"open","ping_status":"closed","template":"","meta":[],"product_brand":[],"product_cat":[364,363],"product_tag":[98,80,82],"class_list":{"0":"post-1423","1":"product","2":"type-product","3":"status-publish","5":"product_cat-glutamine","6":"product_cat-premiun","7":"product_tag-gat","8":"product_tag-glutamina","9":"product_tag-glutamine","11":"first","12":"instock","13":"shipping-taxable","14":"purchasable","15":"product-type-simple"},"yoast_head":"<!-- This site is optimized with the Yoast SEO plugin v26.8 - https:\/\/yoast.com\/product\/yoast-seo-wordpress\/ -->\n<title>GAT Glutamine 300 gr - Team Mutan Ecuador<\/title>\n<meta name=\"description\" content=\"GAT L-Glutamine 300 gramos. GAT L-Glutamina es un amino\u00e1cido puro y lo suficientemente potente como para ser utilizado por algunos de los mejores atletas de f\u00edsico y rendimiento del mundo. Cada porci\u00f3n proporciona 5,0 g de L-Glutamina de alta calidad.\" \/>\n<meta name=\"robots\" content=\"index, follow, max-snippet:-1, max-image-preview:large, max-video-preview:-1\" \/>\n<link rel=\"canonical\" href=\"https:\/\/teammutantecuador.com\/?product=gat-glutamine-300-gr\" \/>\n<meta property=\"og:locale\" content=\"es_ES\" \/>\n<meta property=\"og:type\" content=\"article\" \/>\n<meta property=\"og:title\" content=\"GAT Glutamine 300 gr - Team Mutan Ecuador\" \/>\n<meta property=\"og:description\" content=\"GAT L-Glutamine 300 gramos. GAT L-Glutamina es un amino\u00e1cido puro y lo suficientemente potente como para ser utilizado por algunos de los mejores atletas de f\u00edsico y rendimiento del mundo. Cada porci\u00f3n proporciona 5,0 g de L-Glutamina de alta calidad.\" \/>\n<meta property=\"og:url\" content=\"https:\/\/teammutantecuador.com\/?product=gat-glutamine-300-gr\" \/>\n<meta property=\"og:site_name\" content=\"Team Mutan Ecuador\" \/>\n<meta property=\"article:modified_time\" content=\"2026-01-17T16:03:58+00:00\" \/>\n<meta name=\"twitter:card\" content=\"summary_large_image\" \/>\n<meta name=\"twitter:label1\" content=\"Tiempo de lectura\" \/>\n\t<meta name=\"twitter:data1\" content=\"1 minuto\" \/>\n<script type=\"application\/ld+json\" class=\"yoast-schema-graph\">{\"@context\":\"https:\/\/schema.org\",\"@graph\":[{\"@type\":\"WebPage\",\"@id\":\"https:\/\/teammutantecuador.com\/?product=gat-glutamine-300-gr\",\"url\":\"https:\/\/teammutantecuador.com\/?product=gat-glutamine-300-gr\",\"name\":\"GAT Glutamine 300 gr - Team Mutan Ecuador\",\"isPartOf\":{\"@id\":\"https:\/\/teammutantecuador.com\/#website\"},\"datePublished\":\"2026-01-17T16:03:57+00:00\",\"dateModified\":\"2026-01-17T16:03:58+00:00\",\"description\":\"GAT L-Glutamine 300 gramos. GAT L-Glutamina es un amino\u00e1cido puro y lo suficientemente potente como para ser utilizado por algunos de los mejores atletas de f\u00edsico y rendimiento del mundo. Cada porci\u00f3n proporciona 5,0 g de L-Glutamina de alta calidad.\",\"breadcrumb\":{\"@id\":\"https:\/\/teammutantecuador.com\/?product=gat-glutamine-300-gr#breadcrumb\"},\"inLanguage\":\"es\",\"potentialAction\":[{\"@type\":\"ReadAction\",\"target\":[\"https:\/\/teammutantecuador.com\/?product=gat-glutamine-300-gr\"]}]},{\"@type\":\"BreadcrumbList\",\"@id\":\"https:\/\/teammutantecuador.com\/?product=gat-glutamine-300-gr#breadcrumb\",\"itemListElement\":[{\"@type\":\"ListItem\",\"position\":1,\"name\":\"Portada\",\"item\":\"https:\/\/teammutantecuador.com\/\"},{\"@type\":\"ListItem\",\"position\":2,\"name\":\"Shop\",\"item\":\"https:\/\/teammutantecuador.com\/?page_id=6\"},{\"@type\":\"ListItem\",\"position\":3,\"name\":\"GAT Glutamine 300 gr\"}]},{\"@type\":\"WebSite\",\"@id\":\"https:\/\/teammutantecuador.com\/#website\",\"url\":\"https:\/\/teammutantecuador.com\/\",\"name\":\"Team Mutan Ecuador\",\"description\":\"Just another WordPress site\",\"publisher\":{\"@id\":\"https:\/\/teammutantecuador.com\/#organization\"},\"potentialAction\":[{\"@type\":\"SearchAction\",\"target\":{\"@type\":\"EntryPoint\",\"urlTemplate\":\"https:\/\/teammutantecuador.com\/?s={search_term_string}\"},\"query-input\":{\"@type\":\"PropertyValueSpecification\",\"valueRequired\":true,\"valueName\":\"search_term_string\"}}],\"inLanguage\":\"es\"},{\"@type\":\"Organization\",\"@id\":\"https:\/\/teammutantecuador.com\/#organization\",\"name\":\"Team Mutan Ecuador\",\"url\":\"https:\/\/teammutantecuador.com\/\",\"logo\":{\"@type\":\"ImageObject\",\"inLanguage\":\"es\",\"@id\":\"https:\/\/teammutantecuador.com\/#\/schema\/logo\/image\/\",\"url\":\"https:\/\/teammutantecuador.com\/wp-content\/uploads\/2026\/01\/Diseno-sin-titulo-97.png\",\"contentUrl\":\"https:\/\/teammutantecuador.com\/wp-content\/uploads\/2026\/01\/Diseno-sin-titulo-97.png\",\"width\":500,\"height\":300,\"caption\":\"Team Mutan Ecuador\"},\"image\":{\"@id\":\"https:\/\/teammutantecuador.com\/#\/schema\/logo\/image\/\"}}]}<\/script>\n<!-- \/ Yoast SEO plugin. -->","yoast_head_json":{"title":"GAT Glutamine 300 gr - Team Mutan Ecuador","description":"GAT L-Glutamine 300 gramos. GAT L-Glutamina es un amino\u00e1cido puro y lo suficientemente potente como para ser utilizado por algunos de los mejores atletas de f\u00edsico y rendimiento del mundo. Cada porci\u00f3n proporciona 5,0 g de L-Glutamina de alta calidad.","robots":{"index":"index","follow":"follow","max-snippet":"max-snippet:-1","max-image-preview":"max-image-preview:large","max-video-preview":"max-video-preview:-1"},"canonical":"https:\/\/teammutantecuador.com\/?product=gat-glutamine-300-gr","og_locale":"es_ES","og_type":"article","og_title":"GAT Glutamine 300 gr - Team Mutan Ecuador","og_description":"GAT L-Glutamine 300 gramos. GAT L-Glutamina es un amino\u00e1cido puro y lo suficientemente potente como para ser utilizado por algunos de los mejores atletas de f\u00edsico y rendimiento del mundo. Cada porci\u00f3n proporciona 5,0 g de L-Glutamina de alta calidad.","og_url":"https:\/\/teammutantecuador.com\/?product=gat-glutamine-300-gr","og_site_name":"Team Mutan Ecuador","article_modified_time":"2026-01-17T16:03:58+00:00","twitter_card":"summary_large_image","twitter_misc":{"Tiempo de lectura":"1 minuto"},"schema":{"@context":"https:\/\/schema.org","@graph":[{"@type":"WebPage","@id":"https:\/\/teammutantecuador.com\/?product=gat-glutamine-300-gr","url":"https:\/\/teammutantecuador.com\/?product=gat-glutamine-300-gr","name":"GAT Glutamine 300 gr - Team Mutan Ecuador","isPartOf":{"@id":"https:\/\/teammutantecuador.com\/#website"},"datePublished":"2026-01-17T16:03:57+00:00","dateModified":"2026-01-17T16:03:58+00:00","description":"GAT L-Glutamine 300 gramos. GAT L-Glutamina es un amino\u00e1cido puro y lo suficientemente potente como para ser utilizado por algunos de los mejores atletas de f\u00edsico y rendimiento del mundo. Cada porci\u00f3n proporciona 5,0 g de L-Glutamina de alta calidad.","breadcrumb":{"@id":"https:\/\/teammutantecuador.com\/?product=gat-glutamine-300-gr#breadcrumb"},"inLanguage":"es","potentialAction":[{"@type":"ReadAction","target":["https:\/\/teammutantecuador.com\/?product=gat-glutamine-300-gr"]}]},{"@type":"BreadcrumbList","@id":"https:\/\/teammutantecuador.com\/?product=gat-glutamine-300-gr#breadcrumb","itemListElement":[{"@type":"ListItem","position":1,"name":"Portada","item":"https:\/\/teammutantecuador.com\/"},{"@type":"ListItem","position":2,"name":"Shop","item":"https:\/\/teammutantecuador.com\/?page_id=6"},{"@type":"ListItem","position":3,"name":"GAT Glutamine 300 gr"}]},{"@type":"WebSite","@id":"https:\/\/teammutantecuador.com\/#website","url":"https:\/\/teammutantecuador.com\/","name":"Team Mutan Ecuador","description":"Just another WordPress site","publisher":{"@id":"https:\/\/teammutantecuador.com\/#organization"},"potentialAction":[{"@type":"SearchAction","target":{"@type":"EntryPoint","urlTemplate":"https:\/\/teammutantecuador.com\/?s={search_term_string}"},"query-input":{"@type":"PropertyValueSpecification","valueRequired":true,"valueName":"search_term_string"}}],"inLanguage":"es"},{"@type":"Organization","@id":"https:\/\/teammutantecuador.com\/#organization","name":"Team Mutan Ecuador","url":"https:\/\/teammutantecuador.com\/","logo":{"@type":"ImageObject","inLanguage":"es","@id":"https:\/\/teammutantecuador.com\/#\/schema\/logo\/image\/","url":"https:\/\/teammutantecuador.com\/wp-content\/uploads\/2026\/01\/Diseno-sin-titulo-97.png","contentUrl":"https:\/\/teammutantecuador.com\/wp-content\/uploads\/2026\/01\/Diseno-sin-titulo-97.png","width":500,"height":300,"caption":"Team Mutan Ecuador"},"image":{"@id":"https:\/\/teammutantecuador.com\/#\/schema\/logo\/image\/"}}]}},"_links":{"self":[{"href":"https:\/\/teammutantecuador.com\/index.php?rest_route=\/wp\/v2\/product\/1423","targetHints":{"allow":["GET"]}}],"collection":[{"href":"https:\/\/teammutantecuador.com\/index.php?rest_route=\/wp\/v2\/product"}],"about":[{"href":"https:\/\/teammutantecuador.com\/index.php?rest_route=\/wp\/v2\/types\/product"}],"replies":[{"embeddable":true,"href":"https:\/\/teammutantecuador.com\/index.php?rest_route=%2Fwp%2Fv2%2Fcomments&post=1423"}],"wp:attachment":[{"href":"https:\/\/teammutantecuador.com\/index.php?rest_route=%2Fwp%2Fv2%2Fmedia&parent=1423"}],"wp:term":[{"taxonomy":"product_brand","embeddable":true,"href":"https:\/\/teammutantecuador.com\/index.php?rest_route=%2Fwp%2Fv2%2Fproduct_brand&post=1423"},{"taxonomy":"product_cat","embeddable":true,"href":"https:\/\/teammutantecuador.com\/index.php?rest_route=%2Fwp%2Fv2%2Fproduct_cat&post=1423"},{"taxonomy":"product_tag","embeddable":true,"href":"https:\/\/teammutantecuador.com\/index.php?rest_route=%2Fwp%2Fv2%2Fproduct_tag&post=1423"}],"curies":[{"name":"wp","href":"https:\/\/api.w.org\/{rel}","templated":true}]}}