{"id":1418,"date":"2026-01-17T16:03:51","date_gmt":"2026-01-17T16:03:51","guid":{"rendered":"https:\/\/teammutantecuador.com\/?post_type=product&#038;p=1418"},"modified":"2026-01-17T16:03:55","modified_gmt":"2026-01-17T16:03:55","slug":"bcaa-sascha-fitness","status":"publish","type":"product","link":"https:\/\/teammutantecuador.com\/?product=bcaa-sascha-fitness","title":{"rendered":"BCAA Sascha Fitness"},"content":{"rendered":"<p>Como suplemento diet\u00e9tico, mezcle una cucharada con 10-14 onzas de agua y t\u00f3mela antes, durante o despu\u00e9s del entrenamiento o seg\u00fan lo indique su asesor de salud calificado : Sascha Fitness BCAA tiene un sabor dulce pero refrescante, est\u00e1n dise\u00f1ados para ser tomados tan pronto como lo prepare, dejando el producto mucho tiempo preparado puede cambiar ligeramente su sabor pero no cambia su calidad.<br \/>\n<strong>INGREDIENTS<\/strong>\u00a0: \u00e1cido c\u00edtrico, sabor natural, color natural, extracto de Stevia y amp; Lecitina de girasol sin OGM.<br \/>\n<strong>DESCRIPCI\u00d3N DEL PRODUCTO<\/strong>:\u00a0Sascha Fitness BCAA es lo \u00faltimo en suplementos de capacitaci\u00f3n. Esta combinaci\u00f3n de amino\u00e1cidos \u00fanica y poderosa mejora el rendimiento y la recuperaci\u00f3n como ninguna otra.Tambi\u00e9n te proporcionar\u00e1 energ\u00eda limpia y duradera para que puedas superar incluso los ejercicios m\u00e1s agotadores. Se ha formulado con 4:11 BCAA&#8217;s, Glutamine, HMB, HICA y L-Carnitina. \u00bfPor qu\u00e9 lo nuestro es mejor? Debido a la calidad que ofrecemos y la combinaci\u00f3n que dise\u00f1amos. Es normal que la coloraci\u00f3n del producto entre un lote y otro var\u00ede. El polvo puede tener una coloraci\u00f3n que va de blanco a rosa claro. Tambi\u00e9n es normal que el color natural se oscurezca cuando pasa un tiempo mezclado con agua. En algunas ocasiones pueden aparecer peque\u00f1os puntos en el polvo, estos son pigmentos del color natural.<br \/>\n<strong>BCAA:<\/strong>\u00a0(amino\u00e1cidos de cadena ramificada; leucina, valina, isoleucina) se metabolizan de manera diferente a otros amino\u00e1cidos, se oxidan directamente en los m\u00fasculos durante el ejercicio para obtener energ\u00eda. Los BCAA pueden aumentar la disponibilidad de carbohidratos y ayudar a proteger los m\u00fasculos de la descomposici\u00f3n de prote\u00ednas inducida por el ejercicio. Tener BCAA en su dieta puede ayudar a mantener el tama\u00f1o muscular, la fuerza y el rendimiento \u00f3ptimos. Evitan el da\u00f1o muscular y el dolor muscular. Tambi\u00e9n pueden ayudar a disminuir los niveles de cortisol.<br \/>\nDurante el entrenamiento intenso, los niveles de glutamina se agotan considerablemente en su cuerpo, lo que disminuye la fuerza, la resistencia y la recuperaci\u00f3n. Los niveles de glutamina pueden tardar<span class=\"moreellipses\">\u00a0<\/span><span class=\"morecontent\">\u00a0hasta 6 d\u00edas en volver a la normalidad, y la glutamina desempe\u00f1a un papel clave en la s\u00edntesis de prote\u00ednas. Los estudios han demostrado que la suplementaci\u00f3n con L-glutamina puede minimizar la degradaci\u00f3n de los m\u00fasculos, ayudar en la recuperaci\u00f3n, mejorar el metabolismo de las prote\u00ednas y, adem\u00e1s, tambi\u00e9n puede ayudar a reducir los antojos de az\u00facar.<br \/>\n<strong>HMB:<\/strong>\u00a0(\u00e1cido beta-hidroxi beta-metilbut\u00edrico) es un metabolito activo del amino\u00e1cido leucina, tiene muchos beneficios; mejora la recuperaci\u00f3n, aumenta el desarrollo muscular y tambi\u00e9n inhibe la degradaci\u00f3n muscular, mejora su rendimiento, VO2max y puede ayudar con la p\u00e9rdida de grasa.<br \/>\n<strong>HICA:<\/strong>\u00a0tambi\u00e9n es un metabolito de la leucina. Tiene propiedades anti catab\u00f3licas. Ayuda a mantener las c\u00e9lulas musculares en un estado funcional al neutralizar los productos de desecho creados durante el ejercicio de alta intensidad.<br \/>\n<strong>L- Carnitina:\u00a0<\/strong>El papel m\u00e1s cr\u00edtico que desempe\u00f1a la L-carnitina en el cuerpo es ayudar a transportar la grasa, especialmente los \u00e1cidos grasos de cadena larga, hacia las mitocondrias de las c\u00e9lulas. Una vez all\u00ed, se pueden oxidar, usar como combustible, para generar trifosfato de adenosina, o ATP = energ\u00eda. La L-carnitina puede aumentar tu entrenamiento y la composici\u00f3n corporal. Si quieres llevar tu entrenamiento y tus resultados a otro nivel, este suplemento ser\u00e1 tu aliado. Puede tomarlo antes, durante o despu\u00e9s de sus entrenamientos. Sascha Fitness BCAA tiene un sabor dulce pero refrescante, est\u00e1n dise\u00f1ados para tomarse tan pronto como lo prepare, dejando el producto mucho tiempo preparado puede cambiar su sabor ligeramente pero no cambia su calidad.<br \/>\n<strong>INDICACI\u00d3N<\/strong>\u00a0Las personas con ciertas condiciones de intolerancia alimentaria y de salud necesitan observar los ingredientes de Sascha Fitness BCAA para detectar posibles contraindicaciones.<br \/>\n<strong>ADVERTENCIA:\u00a0<\/strong>Solo para uso de adultos. Consulte a un profesional de la salud o un m\u00e9dico antes de usarlo, si est\u00e1 embarazada o dando de lactar (amamantando), si tiene una enfermedad hep\u00e1tica o de kindey, o si le han indicado que siga una dieta baja en prote\u00ednas. Este producto se produce en una instalaci\u00f3n con ingredientes de soja, l\u00e1cteos, huevo y trigo, man\u00ed y nueces de \u00e1rbol. Todos nuestros productos tienen doble protecci\u00f3n, externamente tienen una banda de seguridad clara con nuestro logotipo para asegurarnos de que los clientes sepan que el producto es nuevo, en perfectas condiciones y que la tapa est\u00e1 asegurada. Una vez que se retira esa banda, tiene otro sello de seguridad adjunto a la abertura, esto ayuda a proteger su contenido. Si por alguna raz\u00f3n se retira la banda exterior, el producto permanece aislado y protegido. No lo use si el sello debajo de la tapa est\u00e1 roto, abierto o falta. Almacene lejos del calor y la humedad. No exceda la dosis recomendada. Estas declaraciones no han sido evaluadas por la Administraci\u00f3n de Drogas y Alimentos. Este producto no est\u00e1 destinado a diagnosticar, tratar, curar o prevenir ninguna enfermedad.\u00a0<\/span><\/p>\n","protected":false},"excerpt":{"rendered":"<p>Sascha Fitness BCAA es lo \u00faltimo en suplementos de capacitaci\u00f3n. Esta combinaci\u00f3n de amino\u00e1cidos \u00fanica y poderosa mejora el rendimiento y la recuperaci\u00f3n como ninguna otra<\/p>\n","protected":false},"featured_media":0,"comment_status":"open","ping_status":"closed","template":"","meta":[],"product_brand":[],"product_cat":[352],"product_tag":[46,95],"class_list":{"0":"post-1418","1":"product","2":"type-product","3":"status-publish","5":"product_cat-bcaas","6":"product_tag-bcaas","7":"product_tag-sascha-fitness","9":"first","10":"instock","11":"sale","12":"shipping-taxable","13":"purchasable","14":"product-type-simple"},"yoast_head":"<!-- This site is optimized with the Yoast SEO plugin v26.8 - https:\/\/yoast.com\/product\/yoast-seo-wordpress\/ -->\n<title>BCAA Sascha Fitness - Team Mutan Ecuador<\/title>\n<meta name=\"description\" content=\"Sascha Fitness BCAA es lo \u00faltimo en suplementos de capacitaci\u00f3n. Esta combinaci\u00f3n de amino\u00e1cidos \u00fanica y poderosa mejora el rendimiento y la recuperaci\u00f3n como ninguna otra\" \/>\n<meta name=\"robots\" content=\"index, follow, max-snippet:-1, max-image-preview:large, max-video-preview:-1\" \/>\n<link rel=\"canonical\" href=\"https:\/\/teammutantecuador.com\/?product=bcaa-sascha-fitness\" \/>\n<meta property=\"og:locale\" content=\"es_ES\" \/>\n<meta property=\"og:type\" content=\"article\" \/>\n<meta property=\"og:title\" content=\"BCAA Sascha Fitness - Team Mutan Ecuador\" \/>\n<meta property=\"og:description\" content=\"Sascha Fitness BCAA es lo \u00faltimo en suplementos de capacitaci\u00f3n. Esta combinaci\u00f3n de amino\u00e1cidos \u00fanica y poderosa mejora el rendimiento y la recuperaci\u00f3n como ninguna otra\" \/>\n<meta property=\"og:url\" content=\"https:\/\/teammutantecuador.com\/?product=bcaa-sascha-fitness\" \/>\n<meta property=\"og:site_name\" content=\"Team Mutan Ecuador\" \/>\n<meta property=\"article:modified_time\" content=\"2026-01-17T16:03:55+00:00\" \/>\n<meta name=\"twitter:card\" content=\"summary_large_image\" \/>\n<meta name=\"twitter:label1\" content=\"Tiempo de lectura\" \/>\n\t<meta name=\"twitter:data1\" content=\"4 minutos\" \/>\n<script type=\"application\/ld+json\" class=\"yoast-schema-graph\">{\"@context\":\"https:\/\/schema.org\",\"@graph\":[{\"@type\":\"WebPage\",\"@id\":\"https:\/\/teammutantecuador.com\/?product=bcaa-sascha-fitness\",\"url\":\"https:\/\/teammutantecuador.com\/?product=bcaa-sascha-fitness\",\"name\":\"BCAA Sascha Fitness - Team Mutan Ecuador\",\"isPartOf\":{\"@id\":\"https:\/\/teammutantecuador.com\/#website\"},\"datePublished\":\"2026-01-17T16:03:51+00:00\",\"dateModified\":\"2026-01-17T16:03:55+00:00\",\"description\":\"Sascha Fitness BCAA es lo \u00faltimo en suplementos de capacitaci\u00f3n. Esta combinaci\u00f3n de amino\u00e1cidos \u00fanica y poderosa mejora el rendimiento y la recuperaci\u00f3n como ninguna otra\",\"breadcrumb\":{\"@id\":\"https:\/\/teammutantecuador.com\/?product=bcaa-sascha-fitness#breadcrumb\"},\"inLanguage\":\"es\",\"potentialAction\":[{\"@type\":\"ReadAction\",\"target\":[\"https:\/\/teammutantecuador.com\/?product=bcaa-sascha-fitness\"]}]},{\"@type\":\"BreadcrumbList\",\"@id\":\"https:\/\/teammutantecuador.com\/?product=bcaa-sascha-fitness#breadcrumb\",\"itemListElement\":[{\"@type\":\"ListItem\",\"position\":1,\"name\":\"Portada\",\"item\":\"https:\/\/teammutantecuador.com\/\"},{\"@type\":\"ListItem\",\"position\":2,\"name\":\"Shop\",\"item\":\"https:\/\/teammutantecuador.com\/?page_id=6\"},{\"@type\":\"ListItem\",\"position\":3,\"name\":\"BCAA Sascha Fitness\"}]},{\"@type\":\"WebSite\",\"@id\":\"https:\/\/teammutantecuador.com\/#website\",\"url\":\"https:\/\/teammutantecuador.com\/\",\"name\":\"Team Mutan Ecuador\",\"description\":\"Just another WordPress site\",\"publisher\":{\"@id\":\"https:\/\/teammutantecuador.com\/#organization\"},\"potentialAction\":[{\"@type\":\"SearchAction\",\"target\":{\"@type\":\"EntryPoint\",\"urlTemplate\":\"https:\/\/teammutantecuador.com\/?s={search_term_string}\"},\"query-input\":{\"@type\":\"PropertyValueSpecification\",\"valueRequired\":true,\"valueName\":\"search_term_string\"}}],\"inLanguage\":\"es\"},{\"@type\":\"Organization\",\"@id\":\"https:\/\/teammutantecuador.com\/#organization\",\"name\":\"Team Mutan Ecuador\",\"url\":\"https:\/\/teammutantecuador.com\/\",\"logo\":{\"@type\":\"ImageObject\",\"inLanguage\":\"es\",\"@id\":\"https:\/\/teammutantecuador.com\/#\/schema\/logo\/image\/\",\"url\":\"https:\/\/teammutantecuador.com\/wp-content\/uploads\/2026\/01\/Diseno-sin-titulo-97.png\",\"contentUrl\":\"https:\/\/teammutantecuador.com\/wp-content\/uploads\/2026\/01\/Diseno-sin-titulo-97.png\",\"width\":500,\"height\":300,\"caption\":\"Team Mutan Ecuador\"},\"image\":{\"@id\":\"https:\/\/teammutantecuador.com\/#\/schema\/logo\/image\/\"}}]}<\/script>\n<!-- \/ Yoast SEO plugin. -->","yoast_head_json":{"title":"BCAA Sascha Fitness - Team Mutan Ecuador","description":"Sascha Fitness BCAA es lo \u00faltimo en suplementos de capacitaci\u00f3n. Esta combinaci\u00f3n de amino\u00e1cidos \u00fanica y poderosa mejora el rendimiento y la recuperaci\u00f3n como ninguna otra","robots":{"index":"index","follow":"follow","max-snippet":"max-snippet:-1","max-image-preview":"max-image-preview:large","max-video-preview":"max-video-preview:-1"},"canonical":"https:\/\/teammutantecuador.com\/?product=bcaa-sascha-fitness","og_locale":"es_ES","og_type":"article","og_title":"BCAA Sascha Fitness - Team Mutan Ecuador","og_description":"Sascha Fitness BCAA es lo \u00faltimo en suplementos de capacitaci\u00f3n. Esta combinaci\u00f3n de amino\u00e1cidos \u00fanica y poderosa mejora el rendimiento y la recuperaci\u00f3n como ninguna otra","og_url":"https:\/\/teammutantecuador.com\/?product=bcaa-sascha-fitness","og_site_name":"Team Mutan Ecuador","article_modified_time":"2026-01-17T16:03:55+00:00","twitter_card":"summary_large_image","twitter_misc":{"Tiempo de lectura":"4 minutos"},"schema":{"@context":"https:\/\/schema.org","@graph":[{"@type":"WebPage","@id":"https:\/\/teammutantecuador.com\/?product=bcaa-sascha-fitness","url":"https:\/\/teammutantecuador.com\/?product=bcaa-sascha-fitness","name":"BCAA Sascha Fitness - Team Mutan Ecuador","isPartOf":{"@id":"https:\/\/teammutantecuador.com\/#website"},"datePublished":"2026-01-17T16:03:51+00:00","dateModified":"2026-01-17T16:03:55+00:00","description":"Sascha Fitness BCAA es lo \u00faltimo en suplementos de capacitaci\u00f3n. Esta combinaci\u00f3n de amino\u00e1cidos \u00fanica y poderosa mejora el rendimiento y la recuperaci\u00f3n como ninguna otra","breadcrumb":{"@id":"https:\/\/teammutantecuador.com\/?product=bcaa-sascha-fitness#breadcrumb"},"inLanguage":"es","potentialAction":[{"@type":"ReadAction","target":["https:\/\/teammutantecuador.com\/?product=bcaa-sascha-fitness"]}]},{"@type":"BreadcrumbList","@id":"https:\/\/teammutantecuador.com\/?product=bcaa-sascha-fitness#breadcrumb","itemListElement":[{"@type":"ListItem","position":1,"name":"Portada","item":"https:\/\/teammutantecuador.com\/"},{"@type":"ListItem","position":2,"name":"Shop","item":"https:\/\/teammutantecuador.com\/?page_id=6"},{"@type":"ListItem","position":3,"name":"BCAA Sascha Fitness"}]},{"@type":"WebSite","@id":"https:\/\/teammutantecuador.com\/#website","url":"https:\/\/teammutantecuador.com\/","name":"Team Mutan Ecuador","description":"Just another WordPress site","publisher":{"@id":"https:\/\/teammutantecuador.com\/#organization"},"potentialAction":[{"@type":"SearchAction","target":{"@type":"EntryPoint","urlTemplate":"https:\/\/teammutantecuador.com\/?s={search_term_string}"},"query-input":{"@type":"PropertyValueSpecification","valueRequired":true,"valueName":"search_term_string"}}],"inLanguage":"es"},{"@type":"Organization","@id":"https:\/\/teammutantecuador.com\/#organization","name":"Team Mutan Ecuador","url":"https:\/\/teammutantecuador.com\/","logo":{"@type":"ImageObject","inLanguage":"es","@id":"https:\/\/teammutantecuador.com\/#\/schema\/logo\/image\/","url":"https:\/\/teammutantecuador.com\/wp-content\/uploads\/2026\/01\/Diseno-sin-titulo-97.png","contentUrl":"https:\/\/teammutantecuador.com\/wp-content\/uploads\/2026\/01\/Diseno-sin-titulo-97.png","width":500,"height":300,"caption":"Team Mutan Ecuador"},"image":{"@id":"https:\/\/teammutantecuador.com\/#\/schema\/logo\/image\/"}}]}},"_links":{"self":[{"href":"https:\/\/teammutantecuador.com\/index.php?rest_route=\/wp\/v2\/product\/1418","targetHints":{"allow":["GET"]}}],"collection":[{"href":"https:\/\/teammutantecuador.com\/index.php?rest_route=\/wp\/v2\/product"}],"about":[{"href":"https:\/\/teammutantecuador.com\/index.php?rest_route=\/wp\/v2\/types\/product"}],"replies":[{"embeddable":true,"href":"https:\/\/teammutantecuador.com\/index.php?rest_route=%2Fwp%2Fv2%2Fcomments&post=1418"}],"wp:attachment":[{"href":"https:\/\/teammutantecuador.com\/index.php?rest_route=%2Fwp%2Fv2%2Fmedia&parent=1418"}],"wp:term":[{"taxonomy":"product_brand","embeddable":true,"href":"https:\/\/teammutantecuador.com\/index.php?rest_route=%2Fwp%2Fv2%2Fproduct_brand&post=1418"},{"taxonomy":"product_cat","embeddable":true,"href":"https:\/\/teammutantecuador.com\/index.php?rest_route=%2Fwp%2Fv2%2Fproduct_cat&post=1418"},{"taxonomy":"product_tag","embeddable":true,"href":"https:\/\/teammutantecuador.com\/index.php?rest_route=%2Fwp%2Fv2%2Fproduct_tag&post=1418"}],"curies":[{"name":"wp","href":"https:\/\/api.w.org\/{rel}","templated":true}]}}