{"id":1416,"date":"2026-01-17T16:03:51","date_gmt":"2026-01-17T16:03:51","guid":{"rendered":"https:\/\/teammutantecuador.com\/?post_type=product&#038;p=1416"},"modified":"2026-01-17T16:03:55","modified_gmt":"2026-01-17T16:03:55","slug":"trx","status":"publish","type":"product","link":"https:\/\/teammutantecuador.com\/?product=trx","title":{"rendered":"TRX"},"content":{"rendered":"<p>El TRX es un sistema de entrenamiento basado en la realizaci\u00f3n de ejercicios en suspensi\u00f3n, donde en las actividades que desempe\u00f1a el deportista, las manos o los pies se encuentran sostenidos en un punto de anclaje mientras que la otra parte del cuerpo est\u00e1 apoyada en el suelo.<\/p>\n<p>En esta disciplina\u00a0<strong>aprovechando el peso del propio cuerpo se consigue ejercitar toda la musculatura corporal<\/strong>. Para entrenar se utiliza una cinta de nylon resistente y regulable que, por un lado, tiene un punto de anclaje en un extremo y soportes para los pies y empu\u00f1aduras, por el otro. Esos sistemas de anclaje se pueden sujetar en casi cualquier punto, lo que favorece que el TRX se pueda realizar en cualquier lugar.<\/p>\n","protected":false},"excerpt":{"rendered":"<p>El TRX es un sistema de entrenamiento basado en la realizaci\u00f3n de ejercicios en suspensi\u00f3n, donde en las actividades que desempe\u00f1a el deportista, las manos o los pies se encuentran sostenidos en un punto de anclaje mientras que la otra parte del cuerpo est\u00e1 apoyada en el suelo<\/p>\n","protected":false},"featured_media":0,"comment_status":"open","ping_status":"closed","template":"","meta":[],"product_brand":[],"product_cat":[378],"product_tag":[285],"class_list":{"0":"post-1416","1":"product","2":"type-product","3":"status-publish","5":"product_cat-equipos-funcionales","6":"product_tag-trx","8":"first","9":"outofstock","10":"shipping-taxable","11":"purchasable","12":"product-type-simple"},"yoast_head":"<!-- This site is optimized with the Yoast SEO plugin v26.8 - https:\/\/yoast.com\/product\/yoast-seo-wordpress\/ -->\n<title>TRX - Team Mutan Ecuador<\/title>\n<meta name=\"description\" content=\"El TRX es un sistema de entrenamiento basado en la realizaci\u00f3n de ejercicios en suspensi\u00f3n, donde en las actividades que desempe\u00f1a el deportista, las manos o los pies se encuentran sostenidos en un punto de anclaje mientras que la otra parte del cuerpo est\u00e1 apoyada en el suelo.\" \/>\n<meta name=\"robots\" content=\"index, follow, max-snippet:-1, max-image-preview:large, max-video-preview:-1\" \/>\n<link rel=\"canonical\" href=\"https:\/\/teammutantecuador.com\/?product=trx\" \/>\n<meta property=\"og:locale\" content=\"es_ES\" \/>\n<meta property=\"og:type\" content=\"article\" \/>\n<meta property=\"og:title\" content=\"TRX - Team Mutan Ecuador\" \/>\n<meta property=\"og:description\" content=\"El TRX es un sistema de entrenamiento basado en la realizaci\u00f3n de ejercicios en suspensi\u00f3n, donde en las actividades que desempe\u00f1a el deportista, las manos o los pies se encuentran sostenidos en un punto de anclaje mientras que la otra parte del cuerpo est\u00e1 apoyada en el suelo.\" \/>\n<meta property=\"og:url\" content=\"https:\/\/teammutantecuador.com\/?product=trx\" \/>\n<meta property=\"og:site_name\" content=\"Team Mutan Ecuador\" \/>\n<meta property=\"article:modified_time\" content=\"2026-01-17T16:03:55+00:00\" \/>\n<meta name=\"twitter:card\" content=\"summary_large_image\" \/>\n<meta name=\"twitter:label1\" content=\"Tiempo de lectura\" \/>\n\t<meta name=\"twitter:data1\" content=\"1 minuto\" \/>\n<script type=\"application\/ld+json\" class=\"yoast-schema-graph\">{\"@context\":\"https:\/\/schema.org\",\"@graph\":[{\"@type\":\"WebPage\",\"@id\":\"https:\/\/teammutantecuador.com\/?product=trx\",\"url\":\"https:\/\/teammutantecuador.com\/?product=trx\",\"name\":\"TRX - Team Mutan Ecuador\",\"isPartOf\":{\"@id\":\"https:\/\/teammutantecuador.com\/#website\"},\"datePublished\":\"2026-01-17T16:03:51+00:00\",\"dateModified\":\"2026-01-17T16:03:55+00:00\",\"description\":\"El TRX es un sistema de entrenamiento basado en la realizaci\u00f3n de ejercicios en suspensi\u00f3n, donde en las actividades que desempe\u00f1a el deportista, las manos o los pies se encuentran sostenidos en un punto de anclaje mientras que la otra parte del cuerpo est\u00e1 apoyada en el suelo.\",\"breadcrumb\":{\"@id\":\"https:\/\/teammutantecuador.com\/?product=trx#breadcrumb\"},\"inLanguage\":\"es\",\"potentialAction\":[{\"@type\":\"ReadAction\",\"target\":[\"https:\/\/teammutantecuador.com\/?product=trx\"]}]},{\"@type\":\"BreadcrumbList\",\"@id\":\"https:\/\/teammutantecuador.com\/?product=trx#breadcrumb\",\"itemListElement\":[{\"@type\":\"ListItem\",\"position\":1,\"name\":\"Portada\",\"item\":\"https:\/\/teammutantecuador.com\/\"},{\"@type\":\"ListItem\",\"position\":2,\"name\":\"Shop\",\"item\":\"https:\/\/teammutantecuador.com\/?page_id=6\"},{\"@type\":\"ListItem\",\"position\":3,\"name\":\"TRX\"}]},{\"@type\":\"WebSite\",\"@id\":\"https:\/\/teammutantecuador.com\/#website\",\"url\":\"https:\/\/teammutantecuador.com\/\",\"name\":\"Team Mutan Ecuador\",\"description\":\"Just another WordPress site\",\"publisher\":{\"@id\":\"https:\/\/teammutantecuador.com\/#organization\"},\"potentialAction\":[{\"@type\":\"SearchAction\",\"target\":{\"@type\":\"EntryPoint\",\"urlTemplate\":\"https:\/\/teammutantecuador.com\/?s={search_term_string}\"},\"query-input\":{\"@type\":\"PropertyValueSpecification\",\"valueRequired\":true,\"valueName\":\"search_term_string\"}}],\"inLanguage\":\"es\"},{\"@type\":\"Organization\",\"@id\":\"https:\/\/teammutantecuador.com\/#organization\",\"name\":\"Team Mutan Ecuador\",\"url\":\"https:\/\/teammutantecuador.com\/\",\"logo\":{\"@type\":\"ImageObject\",\"inLanguage\":\"es\",\"@id\":\"https:\/\/teammutantecuador.com\/#\/schema\/logo\/image\/\",\"url\":\"https:\/\/teammutantecuador.com\/wp-content\/uploads\/2026\/01\/Diseno-sin-titulo-97.png\",\"contentUrl\":\"https:\/\/teammutantecuador.com\/wp-content\/uploads\/2026\/01\/Diseno-sin-titulo-97.png\",\"width\":500,\"height\":300,\"caption\":\"Team Mutan Ecuador\"},\"image\":{\"@id\":\"https:\/\/teammutantecuador.com\/#\/schema\/logo\/image\/\"}}]}<\/script>\n<!-- \/ Yoast SEO plugin. -->","yoast_head_json":{"title":"TRX - Team Mutan Ecuador","description":"El TRX es un sistema de entrenamiento basado en la realizaci\u00f3n de ejercicios en suspensi\u00f3n, donde en las actividades que desempe\u00f1a el deportista, las manos o los pies se encuentran sostenidos en un punto de anclaje mientras que la otra parte del cuerpo est\u00e1 apoyada en el suelo.","robots":{"index":"index","follow":"follow","max-snippet":"max-snippet:-1","max-image-preview":"max-image-preview:large","max-video-preview":"max-video-preview:-1"},"canonical":"https:\/\/teammutantecuador.com\/?product=trx","og_locale":"es_ES","og_type":"article","og_title":"TRX - Team Mutan Ecuador","og_description":"El TRX es un sistema de entrenamiento basado en la realizaci\u00f3n de ejercicios en suspensi\u00f3n, donde en las actividades que desempe\u00f1a el deportista, las manos o los pies se encuentran sostenidos en un punto de anclaje mientras que la otra parte del cuerpo est\u00e1 apoyada en el suelo.","og_url":"https:\/\/teammutantecuador.com\/?product=trx","og_site_name":"Team Mutan Ecuador","article_modified_time":"2026-01-17T16:03:55+00:00","twitter_card":"summary_large_image","twitter_misc":{"Tiempo de lectura":"1 minuto"},"schema":{"@context":"https:\/\/schema.org","@graph":[{"@type":"WebPage","@id":"https:\/\/teammutantecuador.com\/?product=trx","url":"https:\/\/teammutantecuador.com\/?product=trx","name":"TRX - Team Mutan Ecuador","isPartOf":{"@id":"https:\/\/teammutantecuador.com\/#website"},"datePublished":"2026-01-17T16:03:51+00:00","dateModified":"2026-01-17T16:03:55+00:00","description":"El TRX es un sistema de entrenamiento basado en la realizaci\u00f3n de ejercicios en suspensi\u00f3n, donde en las actividades que desempe\u00f1a el deportista, las manos o los pies se encuentran sostenidos en un punto de anclaje mientras que la otra parte del cuerpo est\u00e1 apoyada en el suelo.","breadcrumb":{"@id":"https:\/\/teammutantecuador.com\/?product=trx#breadcrumb"},"inLanguage":"es","potentialAction":[{"@type":"ReadAction","target":["https:\/\/teammutantecuador.com\/?product=trx"]}]},{"@type":"BreadcrumbList","@id":"https:\/\/teammutantecuador.com\/?product=trx#breadcrumb","itemListElement":[{"@type":"ListItem","position":1,"name":"Portada","item":"https:\/\/teammutantecuador.com\/"},{"@type":"ListItem","position":2,"name":"Shop","item":"https:\/\/teammutantecuador.com\/?page_id=6"},{"@type":"ListItem","position":3,"name":"TRX"}]},{"@type":"WebSite","@id":"https:\/\/teammutantecuador.com\/#website","url":"https:\/\/teammutantecuador.com\/","name":"Team Mutan Ecuador","description":"Just another WordPress site","publisher":{"@id":"https:\/\/teammutantecuador.com\/#organization"},"potentialAction":[{"@type":"SearchAction","target":{"@type":"EntryPoint","urlTemplate":"https:\/\/teammutantecuador.com\/?s={search_term_string}"},"query-input":{"@type":"PropertyValueSpecification","valueRequired":true,"valueName":"search_term_string"}}],"inLanguage":"es"},{"@type":"Organization","@id":"https:\/\/teammutantecuador.com\/#organization","name":"Team Mutan Ecuador","url":"https:\/\/teammutantecuador.com\/","logo":{"@type":"ImageObject","inLanguage":"es","@id":"https:\/\/teammutantecuador.com\/#\/schema\/logo\/image\/","url":"https:\/\/teammutantecuador.com\/wp-content\/uploads\/2026\/01\/Diseno-sin-titulo-97.png","contentUrl":"https:\/\/teammutantecuador.com\/wp-content\/uploads\/2026\/01\/Diseno-sin-titulo-97.png","width":500,"height":300,"caption":"Team Mutan Ecuador"},"image":{"@id":"https:\/\/teammutantecuador.com\/#\/schema\/logo\/image\/"}}]}},"_links":{"self":[{"href":"https:\/\/teammutantecuador.com\/index.php?rest_route=\/wp\/v2\/product\/1416","targetHints":{"allow":["GET"]}}],"collection":[{"href":"https:\/\/teammutantecuador.com\/index.php?rest_route=\/wp\/v2\/product"}],"about":[{"href":"https:\/\/teammutantecuador.com\/index.php?rest_route=\/wp\/v2\/types\/product"}],"replies":[{"embeddable":true,"href":"https:\/\/teammutantecuador.com\/index.php?rest_route=%2Fwp%2Fv2%2Fcomments&post=1416"}],"wp:attachment":[{"href":"https:\/\/teammutantecuador.com\/index.php?rest_route=%2Fwp%2Fv2%2Fmedia&parent=1416"}],"wp:term":[{"taxonomy":"product_brand","embeddable":true,"href":"https:\/\/teammutantecuador.com\/index.php?rest_route=%2Fwp%2Fv2%2Fproduct_brand&post=1416"},{"taxonomy":"product_cat","embeddable":true,"href":"https:\/\/teammutantecuador.com\/index.php?rest_route=%2Fwp%2Fv2%2Fproduct_cat&post=1416"},{"taxonomy":"product_tag","embeddable":true,"href":"https:\/\/teammutantecuador.com\/index.php?rest_route=%2Fwp%2Fv2%2Fproduct_tag&post=1416"}],"curies":[{"name":"wp","href":"https:\/\/api.w.org\/{rel}","templated":true}]}}