{"id":1405,"date":"2026-01-17T16:03:51","date_gmt":"2026-01-17T16:03:51","guid":{"rendered":"https:\/\/teammutantecuador.com\/?post_type=product&#038;p=1405"},"modified":"2026-01-17T16:03:53","modified_gmt":"2026-01-17T16:03:53","slug":"saco-bulgaro-de-5kg","status":"publish","type":"product","link":"https:\/\/teammutantecuador.com\/?product=saco-bulgaro-de-5kg","title":{"rendered":"SACO BULGARO DE 5KG"},"content":{"rendered":"<p>El\u00a0<strong>Saco B\u00falgaro<\/strong>\u00a0de<strong>\u00a0Easy Training<\/strong>\u00a0es un complemento perfecto para realizar entrenamientos de fuerza, especialmente centrados en explosividad. Con \u00e9l, tambi\u00e9n podremos realizar ejercicos de pliom\u00e9tricos, aer\u00f3bicos o de trabajo abdominal.<\/p>\n<p>El\u00a0<strong>Saco B\u00falgaro<\/strong>\u00a0es un complemento dise\u00f1ado para poder reproducir la gran mayor\u00eda de los elementos b\u00e1sicos para cualquier deportista, como s\u00f3n el empuje, balanceo, giros, tiros, rotaciones, lanzamientos o sentadillas, con un elemento pesado y ergon\u00f3mico, que implicar\u00e0 un trabajo muscular global, y por consiguiente, una gran activaci\u00f3n de las fibras musculares.<\/p>\n<p>Con el<strong>\u00a0Saco B\u00falgaro<\/strong>\u00a0podremos realizar una gran cantidad de ejercicios con diferentes puntos de agarres para ampliar la gama de movimientos. Es ideal para realizar entrenamientos de HITT, funcionales o centrados en la mejora de la lucha y las artes marciales. Adem\u00e1s, est\u00e1 disponible en diferentes pesos para poderlo adaptar a las capacidades f\u00edsicas de cada uno y al tipo de entrenamiento que deseamos realizar.<\/p>\n","protected":false},"excerpt":{"rendered":"<p>El\u00a0<strong>Saco B\u00falgaro<\/strong>\u00a0de<strong>\u00a0Easy Training<\/strong>\u00a0es un complemento perfecto para realizar entrenamientos de fuerza, especialmente centrados en explosividad. Con \u00e9l, tambi\u00e9n podremos realizar ejercicos de pliom\u00e9tricos, aer\u00f3bicos o de trabajo abdominal.<\/p>\n","protected":false},"featured_media":0,"comment_status":"open","ping_status":"closed","template":"","meta":[],"product_brand":[],"product_cat":[378],"product_tag":[],"class_list":{"0":"post-1405","1":"product","2":"type-product","3":"status-publish","5":"product_cat-equipos-funcionales","7":"first","8":"instock","9":"shipping-taxable","10":"purchasable","11":"product-type-simple"},"yoast_head":"<!-- This site is optimized with the Yoast SEO plugin v26.8 - https:\/\/yoast.com\/product\/yoast-seo-wordpress\/ -->\n<title>SACO BULGARO DE 5KG - Team Mutan Ecuador<\/title>\n<meta name=\"description\" content=\"El\u00a0Saco B\u00falgaro\u00a0de\u00a0Easy Training\u00a0es un complemento perfecto para realizar entrenamientos de fuerza, especialmente centrados en explosividad. Con \u00e9l, tambi\u00e9n podremos realizar ejercicos de pliom\u00e9tricos, aer\u00f3bicos o de trabajo abdominal.\" \/>\n<meta name=\"robots\" content=\"index, follow, max-snippet:-1, max-image-preview:large, max-video-preview:-1\" \/>\n<link rel=\"canonical\" href=\"https:\/\/teammutantecuador.com\/?product=saco-bulgaro-de-5kg\" \/>\n<meta property=\"og:locale\" content=\"es_ES\" \/>\n<meta property=\"og:type\" content=\"article\" \/>\n<meta property=\"og:title\" content=\"SACO BULGARO DE 5KG - Team Mutan Ecuador\" \/>\n<meta property=\"og:description\" content=\"El\u00a0Saco B\u00falgaro\u00a0de\u00a0Easy Training\u00a0es un complemento perfecto para realizar entrenamientos de fuerza, especialmente centrados en explosividad. Con \u00e9l, tambi\u00e9n podremos realizar ejercicos de pliom\u00e9tricos, aer\u00f3bicos o de trabajo abdominal.\" \/>\n<meta property=\"og:url\" content=\"https:\/\/teammutantecuador.com\/?product=saco-bulgaro-de-5kg\" \/>\n<meta property=\"og:site_name\" content=\"Team Mutan Ecuador\" \/>\n<meta property=\"article:modified_time\" content=\"2026-01-17T16:03:53+00:00\" \/>\n<meta name=\"twitter:card\" content=\"summary_large_image\" \/>\n<meta name=\"twitter:label1\" content=\"Tiempo de lectura\" \/>\n\t<meta name=\"twitter:data1\" content=\"1 minuto\" \/>\n<script type=\"application\/ld+json\" class=\"yoast-schema-graph\">{\"@context\":\"https:\/\/schema.org\",\"@graph\":[{\"@type\":\"WebPage\",\"@id\":\"https:\/\/teammutantecuador.com\/?product=saco-bulgaro-de-5kg\",\"url\":\"https:\/\/teammutantecuador.com\/?product=saco-bulgaro-de-5kg\",\"name\":\"SACO BULGARO DE 5KG - Team Mutan Ecuador\",\"isPartOf\":{\"@id\":\"https:\/\/teammutantecuador.com\/#website\"},\"datePublished\":\"2026-01-17T16:03:51+00:00\",\"dateModified\":\"2026-01-17T16:03:53+00:00\",\"description\":\"El\u00a0Saco B\u00falgaro\u00a0de\u00a0Easy Training\u00a0es un complemento perfecto para realizar entrenamientos de fuerza, especialmente centrados en explosividad. Con \u00e9l, tambi\u00e9n podremos realizar ejercicos de pliom\u00e9tricos, aer\u00f3bicos o de trabajo abdominal.\",\"breadcrumb\":{\"@id\":\"https:\/\/teammutantecuador.com\/?product=saco-bulgaro-de-5kg#breadcrumb\"},\"inLanguage\":\"es\",\"potentialAction\":[{\"@type\":\"ReadAction\",\"target\":[\"https:\/\/teammutantecuador.com\/?product=saco-bulgaro-de-5kg\"]}]},{\"@type\":\"BreadcrumbList\",\"@id\":\"https:\/\/teammutantecuador.com\/?product=saco-bulgaro-de-5kg#breadcrumb\",\"itemListElement\":[{\"@type\":\"ListItem\",\"position\":1,\"name\":\"Portada\",\"item\":\"https:\/\/teammutantecuador.com\/\"},{\"@type\":\"ListItem\",\"position\":2,\"name\":\"Shop\",\"item\":\"https:\/\/teammutantecuador.com\/?page_id=6\"},{\"@type\":\"ListItem\",\"position\":3,\"name\":\"SACO BULGARO DE 5KG\"}]},{\"@type\":\"WebSite\",\"@id\":\"https:\/\/teammutantecuador.com\/#website\",\"url\":\"https:\/\/teammutantecuador.com\/\",\"name\":\"Team Mutan Ecuador\",\"description\":\"Just another WordPress site\",\"publisher\":{\"@id\":\"https:\/\/teammutantecuador.com\/#organization\"},\"potentialAction\":[{\"@type\":\"SearchAction\",\"target\":{\"@type\":\"EntryPoint\",\"urlTemplate\":\"https:\/\/teammutantecuador.com\/?s={search_term_string}\"},\"query-input\":{\"@type\":\"PropertyValueSpecification\",\"valueRequired\":true,\"valueName\":\"search_term_string\"}}],\"inLanguage\":\"es\"},{\"@type\":\"Organization\",\"@id\":\"https:\/\/teammutantecuador.com\/#organization\",\"name\":\"Team Mutan Ecuador\",\"url\":\"https:\/\/teammutantecuador.com\/\",\"logo\":{\"@type\":\"ImageObject\",\"inLanguage\":\"es\",\"@id\":\"https:\/\/teammutantecuador.com\/#\/schema\/logo\/image\/\",\"url\":\"https:\/\/teammutantecuador.com\/wp-content\/uploads\/2026\/01\/Diseno-sin-titulo-97.png\",\"contentUrl\":\"https:\/\/teammutantecuador.com\/wp-content\/uploads\/2026\/01\/Diseno-sin-titulo-97.png\",\"width\":500,\"height\":300,\"caption\":\"Team Mutan Ecuador\"},\"image\":{\"@id\":\"https:\/\/teammutantecuador.com\/#\/schema\/logo\/image\/\"}}]}<\/script>\n<!-- \/ Yoast SEO plugin. -->","yoast_head_json":{"title":"SACO BULGARO DE 5KG - Team Mutan Ecuador","description":"El\u00a0Saco B\u00falgaro\u00a0de\u00a0Easy Training\u00a0es un complemento perfecto para realizar entrenamientos de fuerza, especialmente centrados en explosividad. Con \u00e9l, tambi\u00e9n podremos realizar ejercicos de pliom\u00e9tricos, aer\u00f3bicos o de trabajo abdominal.","robots":{"index":"index","follow":"follow","max-snippet":"max-snippet:-1","max-image-preview":"max-image-preview:large","max-video-preview":"max-video-preview:-1"},"canonical":"https:\/\/teammutantecuador.com\/?product=saco-bulgaro-de-5kg","og_locale":"es_ES","og_type":"article","og_title":"SACO BULGARO DE 5KG - Team Mutan Ecuador","og_description":"El\u00a0Saco B\u00falgaro\u00a0de\u00a0Easy Training\u00a0es un complemento perfecto para realizar entrenamientos de fuerza, especialmente centrados en explosividad. Con \u00e9l, tambi\u00e9n podremos realizar ejercicos de pliom\u00e9tricos, aer\u00f3bicos o de trabajo abdominal.","og_url":"https:\/\/teammutantecuador.com\/?product=saco-bulgaro-de-5kg","og_site_name":"Team Mutan Ecuador","article_modified_time":"2026-01-17T16:03:53+00:00","twitter_card":"summary_large_image","twitter_misc":{"Tiempo de lectura":"1 minuto"},"schema":{"@context":"https:\/\/schema.org","@graph":[{"@type":"WebPage","@id":"https:\/\/teammutantecuador.com\/?product=saco-bulgaro-de-5kg","url":"https:\/\/teammutantecuador.com\/?product=saco-bulgaro-de-5kg","name":"SACO BULGARO DE 5KG - Team Mutan Ecuador","isPartOf":{"@id":"https:\/\/teammutantecuador.com\/#website"},"datePublished":"2026-01-17T16:03:51+00:00","dateModified":"2026-01-17T16:03:53+00:00","description":"El\u00a0Saco B\u00falgaro\u00a0de\u00a0Easy Training\u00a0es un complemento perfecto para realizar entrenamientos de fuerza, especialmente centrados en explosividad. Con \u00e9l, tambi\u00e9n podremos realizar ejercicos de pliom\u00e9tricos, aer\u00f3bicos o de trabajo abdominal.","breadcrumb":{"@id":"https:\/\/teammutantecuador.com\/?product=saco-bulgaro-de-5kg#breadcrumb"},"inLanguage":"es","potentialAction":[{"@type":"ReadAction","target":["https:\/\/teammutantecuador.com\/?product=saco-bulgaro-de-5kg"]}]},{"@type":"BreadcrumbList","@id":"https:\/\/teammutantecuador.com\/?product=saco-bulgaro-de-5kg#breadcrumb","itemListElement":[{"@type":"ListItem","position":1,"name":"Portada","item":"https:\/\/teammutantecuador.com\/"},{"@type":"ListItem","position":2,"name":"Shop","item":"https:\/\/teammutantecuador.com\/?page_id=6"},{"@type":"ListItem","position":3,"name":"SACO BULGARO DE 5KG"}]},{"@type":"WebSite","@id":"https:\/\/teammutantecuador.com\/#website","url":"https:\/\/teammutantecuador.com\/","name":"Team Mutan Ecuador","description":"Just another WordPress site","publisher":{"@id":"https:\/\/teammutantecuador.com\/#organization"},"potentialAction":[{"@type":"SearchAction","target":{"@type":"EntryPoint","urlTemplate":"https:\/\/teammutantecuador.com\/?s={search_term_string}"},"query-input":{"@type":"PropertyValueSpecification","valueRequired":true,"valueName":"search_term_string"}}],"inLanguage":"es"},{"@type":"Organization","@id":"https:\/\/teammutantecuador.com\/#organization","name":"Team Mutan Ecuador","url":"https:\/\/teammutantecuador.com\/","logo":{"@type":"ImageObject","inLanguage":"es","@id":"https:\/\/teammutantecuador.com\/#\/schema\/logo\/image\/","url":"https:\/\/teammutantecuador.com\/wp-content\/uploads\/2026\/01\/Diseno-sin-titulo-97.png","contentUrl":"https:\/\/teammutantecuador.com\/wp-content\/uploads\/2026\/01\/Diseno-sin-titulo-97.png","width":500,"height":300,"caption":"Team Mutan Ecuador"},"image":{"@id":"https:\/\/teammutantecuador.com\/#\/schema\/logo\/image\/"}}]}},"_links":{"self":[{"href":"https:\/\/teammutantecuador.com\/index.php?rest_route=\/wp\/v2\/product\/1405","targetHints":{"allow":["GET"]}}],"collection":[{"href":"https:\/\/teammutantecuador.com\/index.php?rest_route=\/wp\/v2\/product"}],"about":[{"href":"https:\/\/teammutantecuador.com\/index.php?rest_route=\/wp\/v2\/types\/product"}],"replies":[{"embeddable":true,"href":"https:\/\/teammutantecuador.com\/index.php?rest_route=%2Fwp%2Fv2%2Fcomments&post=1405"}],"wp:attachment":[{"href":"https:\/\/teammutantecuador.com\/index.php?rest_route=%2Fwp%2Fv2%2Fmedia&parent=1405"}],"wp:term":[{"taxonomy":"product_brand","embeddable":true,"href":"https:\/\/teammutantecuador.com\/index.php?rest_route=%2Fwp%2Fv2%2Fproduct_brand&post=1405"},{"taxonomy":"product_cat","embeddable":true,"href":"https:\/\/teammutantecuador.com\/index.php?rest_route=%2Fwp%2Fv2%2Fproduct_cat&post=1405"},{"taxonomy":"product_tag","embeddable":true,"href":"https:\/\/teammutantecuador.com\/index.php?rest_route=%2Fwp%2Fv2%2Fproduct_tag&post=1405"}],"curies":[{"name":"wp","href":"https:\/\/api.w.org\/{rel}","templated":true}]}}